{"id":396,"date":"2018-07-25T16:32:55","date_gmt":"2018-07-25T15:32:55","guid":{"rendered":"https:\/\/southbournese.wpengine.com\/?page_id=396"},"modified":"2024-08-07T15:58:24","modified_gmt":"2024-08-07T14:58:24","slug":"pruvodce-urovnemi","status":"publish","type":"page","link":"https:\/\/southbourneschool.co.uk\/cs\/english-courses\/guide-to-levels\/","title":{"rendered":"Pr\u016fvodce \u00farovn\u011bmi"},"content":{"rendered":"<section data-vc-full-width=\"true\" data-vc-full-width-init=\"false\" data-vc-stretch-content=\"true\" class=\"vc_section vc_custom_1723042702261 vc_section-has-fill\"><\/section><div class=\"vc_row-full-width vc_clearfix\"><\/div><div class=\"vc_row wpb_row vc_row-fluid vc_custom_1532527723492\"><div class=\"wpb_column vc_column_container vc_col-sm-8\"><div class=\"vc_column-inner vc_custom_1540196148802\"><div class=\"wpb_wrapper\"><h1 style=\"text-align: left\" class=\"vc_custom_heading vc_custom_1532533383509\" >Pr\u016fvodce \u00farovn\u011bmi<\/h1><h4 style=\"text-align: left\" class=\"vc_custom_heading vc_custom_1540196137317\" >Zde na Southbourne School of English v Bournemouthu hodnot\u00edme \u00farove\u0148 angli\u010dtiny na\u0161ich student\u016f pomoc\u00ed mezin\u00e1rodn\u011b uzn\u00e1van\u00fdch deskriptor\u016f Common European Framework (CEF). Tyto \u00farovn\u011b jsou:<\/h4>\n\t<div class=\"wpb_text_column wpb_content_element  vc_custom_1562236801807\" >\n\t\t<div class=\"wpb_wrapper\">\n\t\t\t<h5>Za\u010d\u00e1te\u010dn\u00edk (A0)<\/h5>\n<ul>\n<li>Dok\u00e1\u017ee sd\u011blit z\u00e1kladn\u00ed pot\u0159eby a rozum\u00ed velmi jednoduch\u00e9mu konverza\u010dn\u00edmu jazyku.<\/li>\n<li>M\u00e1 omezenou slovn\u00ed z\u00e1sobu pro ka\u017edodenn\u00ed situace.<\/li>\n<li>Um\u00ed \u010d\u00edst a ps\u00e1t kr\u00e1tk\u00e9, jednoduch\u00e9 texty.<\/li>\n<\/ul>\n<h5>Z\u00e1kladn\u00ed \u00farove\u0148 (A1)<\/h5>\n<ul>\n<li>Dok\u00e1\u017ee sd\u011blit z\u00e1kladn\u00ed pot\u0159eby a hovo\u0159it o osobn\u00edch t\u00e9matech.<\/li>\n<li>M\u00e1 dostate\u010dnou slovn\u00ed z\u00e1sobu pro ka\u017edodenn\u00ed \u010dinnosti.<\/li>\n<li>Dok\u00e1\u017ee rozpoznat hlavn\u00ed gramatick\u00e9 struktury.<\/li>\n<li>Um\u00ed ps\u00e1t kr\u00e1tk\u00e9 osobn\u00ed texty a pozn\u00e1mky.<\/li>\n<\/ul>\n<h5 class=\"p1\">M\u00edrn\u011b pokro\u010dil\u00fd (A2)<\/h5>\n<ul>\n<li>Dok\u00e1\u017ee komunikovat v b\u011b\u017en\u00fdch situac\u00edch a v\u00e9st kr\u00e1tk\u00e9 rozhovory.<\/li>\n<li>Um\u00ed pou\u017e\u00edvat hlavn\u00ed gramatick\u00e9 struktury.<\/li>\n<li>Um\u00ed ps\u00e1t texty s ur\u010dit\u00fdm detailem.<\/li>\n<\/ul>\n<h5 class=\"p1\">St\u0159edn\u011b pokro\u010dil\u00fd (B1)<\/h5>\n<ul>\n<li>Dok\u00e1\u017ee komunikovat s ur\u010ditou jistotou v rozumn\u00e9m po\u010dtu situac\u00ed.<\/li>\n<li>Dob\u0159e ovl\u00e1d\u00e1 hlavn\u00ed gramatick\u00e9 struktury.<\/li>\n<li>Dok\u00e1\u017ee ps\u00e1t del\u0161\u00ed texty s pou\u017eit\u00edm odstavc\u016f s p\u0159im\u011b\u0159enou p\u0159esnost\u00ed.<\/li>\n<\/ul>\n<h5 class=\"p1\">Vy\u0161\u0161\u00ed st\u0159edn\u011b pokro\u010dil\u00fd (B2)<\/h5>\n<ul>\n<li>Dok\u00e1\u017ee efektivn\u011b komunikovat a vyjad\u0159ovat my\u0161lenky\/n\u00e1zory ve v\u011bt\u0161in\u011b situac\u00ed.<\/li>\n<li>Dok\u00e1\u017ee diskutovat o \u0159ad\u011b aktu\u00e1ln\u00edch t\u00e9mat.<\/li>\n<li>Lze pou\u017e\u00edt \u0161irokou \u0161k\u00e1lu struktur s rozumnou p\u0159esnost\u00ed.<\/li>\n<li>Dok\u00e1\u017ee vytvo\u0159it \u0159adu p\u00edsemn\u00fdch text\u016f s pou\u017eit\u00edm spr\u00e1vn\u00e9ho rejst\u0159\u00edku.<\/li>\n<\/ul>\n<h5 class=\"p1\">Pokro\u010dil\u00fd (C1)<\/h5>\n<ul>\n<li>Dok\u00e1\u017ee p\u0159esn\u011b a precizn\u011b vyjad\u0159ovat pocity, n\u00e1zory a my\u0161lenky s vyu\u017eit\u00edm \u0161irok\u00e9 \u0161k\u00e1ly slovn\u00ed z\u00e1soby.<\/li>\n<li>Dok\u00e1\u017ee vytvo\u0159it celou \u0161k\u00e1lu text\u016f s p\u0159irozenou soudr\u017enost\u00ed.<\/li>\n<li>Dok\u00e1\u017ee rozum\u011bt autentick\u00fdm text\u016fm s mal\u00fdmi obt\u00ed\u017eemi.<\/li>\n<li>M\u00e1 velmi dobrou \u00farove\u0148 gramatick\u00e9 kontroly.<\/li>\n<\/ul>\n\n\t\t<\/div>\n\t<\/div>\n<\/div><\/div><\/div><div class=\"wpb_column vc_column_container vc_col-sm-4 vc_hidden-xs\"><div class=\"vc_column-inner\"><div class=\"wpb_wrapper\"><div  class=\"vc_wp_custommenu wpb_content_element child-page-menu\"><div class=\"widget widget_nav_menu\"><div class=\"menu-language-course-child-menu-container\"><ul id=\"menu-language-course-child-menu\" class=\"menu\"><li id=\"menu-item-794\" class=\"menu-item menu-item-type-post_type menu-item-object-page menu-item-has-children menu-item-794 msm-top-level-item\"><a href=\"https:\/\/southbourneschool.co.uk\/cs\/english-courses\/\">Kurzy angli\u010dtiny<\/a>\n<ul class=\"sub-menu\">\n\t<li id=\"menu-item-3297\" class=\"menu-item menu-item-type-post_type menu-item-object-page menu-item-3297\"><a href=\"https:\/\/southbourneschool.co.uk\/cs\/request-a-quote\/\">\u017d\u00e1dost o cenovou nab\u00eddku<\/a><\/li>\n\t<li id=\"menu-item-646\" class=\"menu-item menu-item-type-post_type menu-item-object-page menu-item-646\"><a href=\"https:\/\/southbourneschool.co.uk\/cs\/english-courses\/how-to-book-your-english-course\/\">Jak si rezervovat kurz angli\u010dtiny<\/a><\/li>\n\t<li id=\"menu-item-384\" class=\"menu-item menu-item-type-post_type menu-item-object-page menu-item-has-children menu-item-384\"><a href=\"https:\/\/southbourneschool.co.uk\/cs\/english-courses\/adult-language-courses\/\">Kurzy angli\u010dtiny pro dosp\u011bl\u00e9<\/a>\n\t<ul class=\"sub-menu\">\n\t\t<li id=\"menu-item-383\" class=\"menu-item menu-item-type-post_type menu-item-object-page menu-item-383\"><a href=\"https:\/\/southbourneschool.co.uk\/cs\/english-courses\/adult-language-courses\/general-intensive\/\">V\u0161eobecn\u00e9 a intenzivn\u00ed kurzy angli\u010dtiny<\/a><\/li>\n\t\t<li id=\"menu-item-394\" class=\"menu-item menu-item-type-post_type menu-item-object-page menu-item-394\"><a href=\"https:\/\/southbourneschool.co.uk\/cs\/english-courses\/adult-language-courses\/one-to-one-english\/\">Individu\u00e1ln\u00ed kurzy angli\u010dtiny<\/a><\/li>\n\t\t<li id=\"menu-item-1039\" class=\"menu-item menu-item-type-post_type menu-item-object-page menu-item-1039\"><a href=\"https:\/\/southbourneschool.co.uk\/cs\/english-courses\/adult-language-courses\/summer-vacation-courses\/\">Letn\u00ed kurzy angli\u010dtiny pro dosp\u011bl\u00e9 (nad 16 let)<\/a><\/li>\n\t\t<li id=\"menu-item-1038\" class=\"menu-item menu-item-type-post_type menu-item-object-page menu-item-1038\"><a href=\"https:\/\/southbourneschool.co.uk\/cs\/english-courses\/adult-language-courses\/examination-courses\/\">Kurzy cambridgesk\u00fdch zkou\u0161ek z angli\u010dtiny<\/a><\/li>\n\t<\/ul>\n<\/li>\n\t<li id=\"menu-item-618\" class=\"menu-item menu-item-type-post_type menu-item-object-page menu-item-has-children menu-item-618\"><a href=\"https:\/\/southbourneschool.co.uk\/cs\/english-courses\/junior-language-courses\/\">Kurzy angli\u010dtiny pro juniory<\/a>\n\t<ul class=\"sub-menu\">\n\t\t<li id=\"menu-item-633\" class=\"menu-item menu-item-type-post_type menu-item-object-page menu-item-633\"><a href=\"https:\/\/southbourneschool.co.uk\/cs\/english-courses\/junior-language-courses\/summer-courses\/\">Letn\u00ed kurzy angli\u010dtiny pro juniory (9-15 let)<\/a><\/li>\n\t\t<li id=\"menu-item-1055\" class=\"menu-item menu-item-type-post_type menu-item-object-page menu-item-1055\"><a href=\"https:\/\/southbourneschool.co.uk\/cs\/english-courses\/junior-language-courses\/year-round-group-courses\/\">Skupinov\u00e9 kurzy angli\u010dtiny (celoro\u010dn\u011b)<\/a><\/li>\n\t<\/ul>\n<\/li>\n\t<li id=\"menu-item-647\" class=\"menu-item menu-item-type-post_type menu-item-object-page menu-item-647\"><a href=\"https:\/\/southbourneschool.co.uk\/cs\/english-courses\/guide-to-levels\/\">Pr\u016fvodce \u00farovn\u011bmi<\/a><\/li>\n<\/ul>\n<\/li>\n<\/ul><\/div><\/div><\/div><\/div><\/div><\/div><\/div>","protected":false},"excerpt":{"rendered":"Guide To LevelsHere at Southbourne School of English, Bournemouth, we grade our student\u2019s level of English using the internationally recognised Common European Framework (CEF) descriptors. These levels are: Beginner (A0) Can communicate very basic needs and understand very simple conversational language. Has a limited vocabulary&nbsp;<a href=\"https:\/\/southbourneschool.co.uk\/cs\/english-courses\/guide-to-levels\/\">...<\/a>","protected":false},"author":12312401,"featured_media":0,"parent":791,"menu_order":0,"comment_status":"closed","ping_status":"closed","template":"","meta":{"footnotes":""},"class_list":["post-396","page","type-page","status-publish","hentry","odd"],"yoast_head":"<!-- This site is optimized with the Yoast SEO plugin v27.4 - https:\/\/yoast.com\/product\/yoast-seo-wordpress\/ -->\n<title>Guide to the Levels of English - Southbourne School of English<\/title>\n<meta name=\"description\" content=\"Here at Southbourne School of English we grade our student\u2019s level of English using the internationally recognised Common European Framework. The levels are...\" \/>\n<meta name=\"robots\" content=\"index, follow, max-snippet:-1, max-image-preview:large, max-video-preview:-1\" \/>\n<link rel=\"canonical\" href=\"https:\/\/southbourneschool.co.uk\/cs\/kurzy-anglictiny\/pruvodce-urovnemi\/\" \/>\n<meta property=\"og:locale\" content=\"cs_CZ\" \/>\n<meta property=\"og:type\" content=\"article\" \/>\n<meta property=\"og:title\" content=\"Guide to the Levels of English - Southbourne School of English\" \/>\n<meta property=\"og:description\" content=\"Here at Southbourne School of English we grade our student\u2019s level of English using the internationally recognised Common European Framework. The levels are...\" \/>\n<meta property=\"og:url\" content=\"https:\/\/southbourneschool.co.uk\/cs\/kurzy-anglictiny\/pruvodce-urovnemi\/\" \/>\n<meta property=\"og:site_name\" content=\"Southbourne School of English\" \/>\n<meta property=\"article:publisher\" content=\"https:\/\/www.facebook.com\/SouthbourneSchool\/\" \/>\n<meta property=\"article:modified_time\" content=\"2024-08-07T14:58:24+00:00\" \/>\n<meta name=\"twitter:card\" content=\"summary_large_image\" \/>\n<meta name=\"twitter:site\" content=\"@SouthbourneSofE\" \/>\n<meta name=\"twitter:label1\" content=\"Odhadovan\u00e1 doba \u010dten\u00ed\" \/>\n\t<meta name=\"twitter:data1\" content=\"2 minuty\" \/>\n<script type=\"application\/ld+json\" class=\"yoast-schema-graph\">{\"@context\":\"https:\\\/\\\/schema.org\",\"@graph\":[{\"@type\":\"WebPage\",\"@id\":\"https:\\\/\\\/southbourneschool.co.uk\\\/english-courses\\\/guide-to-levels\\\/\",\"url\":\"https:\\\/\\\/southbourneschool.co.uk\\\/english-courses\\\/guide-to-levels\\\/\",\"name\":\"Guide to the Levels of English - Southbourne School of English\",\"isPartOf\":{\"@id\":\"https:\\\/\\\/southbourneschool.co.uk\\\/#website\"},\"datePublished\":\"2018-07-25T15:32:55+00:00\",\"dateModified\":\"2024-08-07T14:58:24+00:00\",\"description\":\"Here at Southbourne School of English we grade our student\u2019s level of English using the internationally recognised Common European Framework. The levels are...\",\"breadcrumb\":{\"@id\":\"https:\\\/\\\/southbourneschool.co.uk\\\/english-courses\\\/guide-to-levels\\\/#breadcrumb\"},\"inLanguage\":\"cs\",\"potentialAction\":[{\"@type\":\"ReadAction\",\"target\":[\"https:\\\/\\\/southbourneschool.co.uk\\\/english-courses\\\/guide-to-levels\\\/\"]}]},{\"@type\":\"BreadcrumbList\",\"@id\":\"https:\\\/\\\/southbourneschool.co.uk\\\/english-courses\\\/guide-to-levels\\\/#breadcrumb\",\"itemListElement\":[{\"@type\":\"ListItem\",\"position\":1,\"name\":\"Home\",\"item\":\"https:\\\/\\\/southbourneschool.co.uk\\\/\"},{\"@type\":\"ListItem\",\"position\":2,\"name\":\"English Courses\",\"item\":\"https:\\\/\\\/southbourneschool.co.uk\\\/english-courses\\\/\"},{\"@type\":\"ListItem\",\"position\":3,\"name\":\"Guide To Levels\"}]},{\"@type\":\"WebSite\",\"@id\":\"https:\\\/\\\/southbourneschool.co.uk\\\/#website\",\"url\":\"https:\\\/\\\/southbourneschool.co.uk\\\/\",\"name\":\"Southbourne School of English\",\"description\":\"We make learning English fun. A language school in Bournemouth, ideally located by the sea in a suburb of Bournemouth called Southbourne, one of the UK\u2019s most popular locations for international students.\",\"publisher\":{\"@id\":\"https:\\\/\\\/southbourneschool.co.uk\\\/#organization\"},\"potentialAction\":[{\"@type\":\"SearchAction\",\"target\":{\"@type\":\"EntryPoint\",\"urlTemplate\":\"https:\\\/\\\/southbourneschool.co.uk\\\/?s={search_term_string}\"},\"query-input\":{\"@type\":\"PropertyValueSpecification\",\"valueRequired\":true,\"valueName\":\"search_term_string\"}}],\"inLanguage\":\"cs\"},{\"@type\":\"Organization\",\"@id\":\"https:\\\/\\\/southbourneschool.co.uk\\\/#organization\",\"name\":\"Southbourne School of English\",\"alternateName\":\"SSE\",\"url\":\"https:\\\/\\\/southbourneschool.co.uk\\\/\",\"logo\":{\"@type\":\"ImageObject\",\"inLanguage\":\"cs\",\"@id\":\"https:\\\/\\\/southbourneschool.co.uk\\\/#\\\/schema\\\/logo\\\/image\\\/\",\"url\":\"https:\\\/\\\/southbourneschool.co.uk\\\/wp-content\\\/uploads\\\/2026\\\/01\\\/SSE-60-Year-Anniversary-Logo.png\",\"contentUrl\":\"https:\\\/\\\/southbourneschool.co.uk\\\/wp-content\\\/uploads\\\/2026\\\/01\\\/SSE-60-Year-Anniversary-Logo.png\",\"width\":1964,\"height\":1965,\"caption\":\"Southbourne School of English\"},\"image\":{\"@id\":\"https:\\\/\\\/southbourneschool.co.uk\\\/#\\\/schema\\\/logo\\\/image\\\/\"},\"sameAs\":[\"https:\\\/\\\/www.facebook.com\\\/SouthbourneSchool\\\/\",\"https:\\\/\\\/x.com\\\/SouthbourneSofE\",\"https:\\\/\\\/www.instagram.com\\\/southbourneschoolofenglish\\\/\",\"https:\\\/\\\/www.tiktok.com\\\/@southbourne\",\"https:\\\/\\\/www.youtube.com\\\/@southbourneschoolofenglish4522\"]}]}<\/script>\n<!-- \/ Yoast SEO plugin. -->","yoast_head_json":{"title":"Pr\u016fvodce \u00farovn\u011bmi angli\u010dtiny - Southbourne School of English","description":"Zde na Southbourne School of English hodnot\u00edme \u00farove\u0148 angli\u010dtiny na\u0161ich student\u016f pomoc\u00ed mezin\u00e1rodn\u011b uzn\u00e1van\u00e9ho Common European Framework. \u00darovn\u011b jsou...","robots":{"index":"index","follow":"follow","max-snippet":"max-snippet:-1","max-image-preview":"max-image-preview:large","max-video-preview":"max-video-preview:-1"},"canonical":"https:\/\/southbourneschool.co.uk\/cs\/kurzy-anglictiny\/pruvodce-urovnemi\/","og_locale":"cs_CZ","og_type":"article","og_title":"Guide to the Levels of English - Southbourne School of English","og_description":"Here at Southbourne School of English we grade our student\u2019s level of English using the internationally recognised Common European Framework. The levels are...","og_url":"https:\/\/southbourneschool.co.uk\/cs\/kurzy-anglictiny\/pruvodce-urovnemi\/","og_site_name":"Southbourne School of English","article_publisher":"https:\/\/www.facebook.com\/SouthbourneSchool\/","article_modified_time":"2024-08-07T14:58:24+00:00","twitter_card":"summary_large_image","twitter_site":"@SouthbourneSofE","twitter_misc":{"Odhadovan\u00e1 doba \u010dten\u00ed":"2 minuty"},"schema":{"@context":"https:\/\/schema.org","@graph":[{"@type":"WebPage","@id":"https:\/\/southbourneschool.co.uk\/english-courses\/guide-to-levels\/","url":"https:\/\/southbourneschool.co.uk\/english-courses\/guide-to-levels\/","name":"Pr\u016fvodce \u00farovn\u011bmi angli\u010dtiny - Southbourne School of English","isPartOf":{"@id":"https:\/\/southbourneschool.co.uk\/#website"},"datePublished":"2018-07-25T15:32:55+00:00","dateModified":"2024-08-07T14:58:24+00:00","description":"Zde na Southbourne School of English hodnot\u00edme \u00farove\u0148 angli\u010dtiny na\u0161ich student\u016f pomoc\u00ed mezin\u00e1rodn\u011b uzn\u00e1van\u00e9ho Common European Framework. \u00darovn\u011b jsou...","breadcrumb":{"@id":"https:\/\/southbourneschool.co.uk\/english-courses\/guide-to-levels\/#breadcrumb"},"inLanguage":"cs","potentialAction":[{"@type":"ReadAction","target":["https:\/\/southbourneschool.co.uk\/english-courses\/guide-to-levels\/"]}]},{"@type":"BreadcrumbList","@id":"https:\/\/southbourneschool.co.uk\/english-courses\/guide-to-levels\/#breadcrumb","itemListElement":[{"@type":"ListItem","position":1,"name":"Home","item":"https:\/\/southbourneschool.co.uk\/"},{"@type":"ListItem","position":2,"name":"English Courses","item":"https:\/\/southbourneschool.co.uk\/english-courses\/"},{"@type":"ListItem","position":3,"name":"Guide To Levels"}]},{"@type":"WebSite","@id":"https:\/\/southbourneschool.co.uk\/#website","url":"https:\/\/southbourneschool.co.uk\/","name":"Southbourne School of English","description":"V\u00fduka angli\u010dtiny je u n\u00e1s z\u00e1bavn\u00e1. Jazykov\u00e1 \u0161kola v Bournemouthu, kter\u00e1 m\u00e1 ide\u00e1ln\u00ed polohu u mo\u0159e na p\u0159edm\u011bst\u00ed Bournemouthu zvan\u00e9m Southbourne, jedn\u00e9 z nejobl\u00edben\u011bj\u0161\u00edch lokalit ve Velk\u00e9 Brit\u00e1nii pro zahrani\u010dn\u00ed studenty.","publisher":{"@id":"https:\/\/southbourneschool.co.uk\/#organization"},"potentialAction":[{"@type":"SearchAction","target":{"@type":"EntryPoint","urlTemplate":"https:\/\/southbourneschool.co.uk\/?s={search_term_string}"},"query-input":{"@type":"PropertyValueSpecification","valueRequired":true,"valueName":"search_term_string"}}],"inLanguage":"cs"},{"@type":"Organization","@id":"https:\/\/southbourneschool.co.uk\/#organization","name":"Southbourne School of English","alternateName":"SSE","url":"https:\/\/southbourneschool.co.uk\/","logo":{"@type":"ImageObject","inLanguage":"cs","@id":"https:\/\/southbourneschool.co.uk\/#\/schema\/logo\/image\/","url":"https:\/\/southbourneschool.co.uk\/wp-content\/uploads\/2026\/01\/SSE-60-Year-Anniversary-Logo.png","contentUrl":"https:\/\/southbourneschool.co.uk\/wp-content\/uploads\/2026\/01\/SSE-60-Year-Anniversary-Logo.png","width":1964,"height":1965,"caption":"Southbourne School of English"},"image":{"@id":"https:\/\/southbourneschool.co.uk\/#\/schema\/logo\/image\/"},"sameAs":["https:\/\/www.facebook.com\/SouthbourneSchool\/","https:\/\/x.com\/SouthbourneSofE","https:\/\/www.instagram.com\/southbourneschoolofenglish\/","https:\/\/www.tiktok.com\/@southbourne","https:\/\/www.youtube.com\/@southbourneschoolofenglish4522"]}]}},"featured_image_src":null,"featured_image_src_square":null,"_links":{"self":[{"href":"https:\/\/southbourneschool.co.uk\/cs\/wp-json\/wp\/v2\/pages\/396","targetHints":{"allow":["GET"]}}],"collection":[{"href":"https:\/\/southbourneschool.co.uk\/cs\/wp-json\/wp\/v2\/pages"}],"about":[{"href":"https:\/\/southbourneschool.co.uk\/cs\/wp-json\/wp\/v2\/types\/page"}],"author":[{"embeddable":true,"href":"https:\/\/southbourneschool.co.uk\/cs\/wp-json\/wp\/v2\/users\/12312401"}],"replies":[{"embeddable":true,"href":"https:\/\/southbourneschool.co.uk\/cs\/wp-json\/wp\/v2\/comments?post=396"}],"version-history":[{"count":0,"href":"https:\/\/southbourneschool.co.uk\/cs\/wp-json\/wp\/v2\/pages\/396\/revisions"}],"up":[{"embeddable":true,"href":"https:\/\/southbourneschool.co.uk\/cs\/wp-json\/wp\/v2\/pages\/791"}],"wp:attachment":[{"href":"https:\/\/southbourneschool.co.uk\/cs\/wp-json\/wp\/v2\/media?parent=396"}],"curies":[{"name":"wp","href":"https:\/\/api.w.org\/{rel}","templated":true}]}}