{"id":611,"date":"2018-08-16T13:03:22","date_gmt":"2018-08-16T12:03:22","guid":{"rendered":"https:\/\/southbournese.wpengine.com\/?page_id=611"},"modified":"2026-03-03T10:18:16","modified_gmt":"2026-03-03T10:18:16","slug":"jazykove-kurzy-pro-juniory","status":"publish","type":"page","link":"https:\/\/southbourneschool.co.uk\/cs\/english-courses\/junior-language-courses\/","title":{"rendered":"Kurzy angli\u010dtiny pro juniory"},"content":{"rendered":"<section data-vc-full-width=\"true\" data-vc-full-width-init=\"false\" class=\"vc_section vc_custom_1723043349579 vc_section-has-fill\"><\/section><div class=\"vc_row-full-width vc_clearfix\"><\/div><div class=\"vc_row wpb_row vc_row-fluid vc_custom_1532605005893\"><div class=\"wpb_column vc_column_container vc_col-sm-7\"><div class=\"vc_column-inner vc_custom_1532527698189\"><div class=\"wpb_wrapper\"><h1 style=\"color: #7bbb58;text-align: left\" class=\"vc_custom_heading vc_custom_1743678623603\" >Kurzy angli\u010dtiny pro juniory<br \/>\n(V\u011bk 9\u201315 let)<\/h1><h4 style=\"text-align: left\" class=\"vc_custom_heading\" >Po\u0159\u00e1d\u00e1me vysoce kvalitn\u00ed kurzy angli\u010dtiny pro juniory ve v\u011bku 9+ (10+, pokud je vy\u017eadov\u00e1no ubytov\u00e1n\u00ed v rodin\u011b) v doprovodu vlastn\u00edho vedouc\u00edho skupiny. Junio\u0159i mohou studovat v na\u0161\u00ed \u0161kole a b\u011bhem letn\u00edch pr\u00e1zdnin bydlet s hostitelem.<\/h4><section class=\"vc_cta3-container\"><div class=\"vc_general vc_cta3 vc_cta3-style-classic vc_cta3-shape-rounded vc_cta3-align-center vc_cta3-color-classic vc_cta3-icon-size-md vc_cta3-actions-bottom\"><div class=\"vc_cta3_content-container\"><div class=\"vc_cta3-content\"><header class=\"vc_cta3-content-header\"><h2>Jste p\u0159ipraveni se p\u0159ihl\u00e1sit na kurz angli\u010dtiny?<\/h2><\/header><p>Pokud jste p\u0159ipraveni se zaregistrovat, vypl\u0148te n\u00e1\u0161 online registra\u010dn\u00ed formul\u00e1\u0159 a n\u011bkdo z na\u0161eho t\u00fdmu se v\u00e1m brzy ozve!<\/p>\n<\/div><div class=\"vc_cta3-actions\"><div class=\"vc_btn3-container vc_btn3-center\" ><a class=\"vc_general vc_btn3 vc_btn3-size-lg vc_btn3-shape-rounded vc_btn3-style-modern vc_btn3-block vc_btn3-color-primary\" href=\"https:\/\/forms.office.com\/e\/70XEEbmTWM\" title=\"Online registra\u010dn\u00ed formul\u00e1\u0159\" target=\"_blank\">Online registra\u010dn\u00ed formul\u00e1\u0159<\/a><\/div><\/div><\/div><\/div><\/section>\n\t<div class=\"wpb_video_widget wpb_content_element vc_clearfix   vc_video-aspect-ratio-169 vc_video-el-width-100 vc_video-align-left\" >\n\t\t<div class=\"wpb_wrapper\">\n\t\t\t\n\t\t\t<div class=\"wpb_video_wrapper\"><iframe loading=\"lazy\" title=\"Juniorsk\u00fd program - Southbourne School of English\" width=\"1200\" height=\"675\" src=\"https:\/\/www.youtube.com\/embed\/SaqugXhdl10?feature=oembed\" frameborder=\"0\" allow=\"accelerometer; autoplay; clipboard-write; encrypted-media; gyroscope; picture-in-picture; web-share\" allowfullscreen><\/iframe><\/div>\n\t\t<\/div>\n\t<\/div>\n\n\t<div class=\"wpb_text_column wpb_content_element  vc_custom_1743676882108\" >\n\t\t<div class=\"wpb_wrapper\">\n\t\t\t<p>Jednotliv\u00ed studenti se mohou zapojit do na\u0161ich letn\u00edch anglick\u00fdch program\u016f, kter\u00e9 zahrnuj\u00ed z\u00e1bavn\u00fd a pestr\u00fd program aktivit s celodenn\u00edm v\u00fdletem ka\u017edou sobotu. Celoro\u010dn\u011b p\u0159ij\u00edm\u00e1me tak\u00e9 juniorsk\u00e9 skupiny od 9 let.<\/p>\n<h4>Letn\u00ed kurzy angli\u010dtiny pro juniory<\/h4>\n<ul>\n<li>V\u011bk \u2013 9 a\u017e 15 let<\/li>\n<li>Ubytov\u00e1n\u00ed v soukrom\u00ed*<\/li>\n<li>15 hodin v\u00fduky<\/li>\n<li>Dostupnost \u2013 data a ceny viz v\u00fd\u0161e<\/li>\n<\/ul>\n<h4>Celoro\u010dn\u00ed kurzy pro juniory ve skupin\u00e1ch<\/h4>\n<ul>\n<li>V\u011bk \u2013 9 a\u017e 15 let<\/li>\n<li>Ubytov\u00e1n\u00ed v soukrom\u00ed*<\/li>\n<li>15 hodin v\u00fduky t\u00fddn\u011b<\/li>\n<li>Celoro\u010dn\u00ed dostupnost<\/li>\n<\/ul>\n<p>*Ubytov\u00e1n\u00ed v rodin\u011b je k dispozici pouze pro studenty star\u0161\u00ed 10 let.<\/p>\n\n\t\t<\/div>\n\t<\/div>\n\n<div class=\"vc_grid-container-wrapper vc_clearfix\">\n\t<div class=\"vc_grid-container vc_clearfix wpb_content_element vc_masonry_media_grid\" data-initial-loading-animation=\"zoomIn\" data-vc-grid-settings=\"{&quot;page_id&quot;:611,&quot;style&quot;:&quot;all-masonry&quot;,&quot;action&quot;:&quot;vc_get_vc_grid_data&quot;,&quot;shortcode_id&quot;:&quot;1772532845482-a61c8f57-304c-5&quot;,&quot;tag&quot;:&quot;vc_masonry_media_grid&quot;}\" data-vc-request=\"https:\/\/southbourneschool.co.uk\/wp-admin\/admin-ajax.php\" data-vc-post-id=\"611\" data-vc-public-nonce=\"4619d571b2\">\n\t\t\n\t<\/div>\n<\/div>\n\t<div class=\"wpb_text_column wpb_content_element\" >\n\t\t<div class=\"wpb_wrapper\">\n\t\t\t<p><img loading=\"lazy\" decoding=\"async\" class=\"alignnone size-full wp-image-3689\" src=\"https:\/\/southbourneschool.co.uk\/wp-content\/uploads\/2025\/10\/Junior-summer-timetable-2026.png\" alt=\"Letn\u00ed rozvrh pro juniory 2026\" width=\"1512\" height=\"722\" srcset=\"https:\/\/southbourneschool.co.uk\/wp-content\/uploads\/2025\/10\/Junior-summer-timetable-2026.png 1512w, https:\/\/southbourneschool.co.uk\/wp-content\/uploads\/2025\/10\/Junior-summer-timetable-2026-300x143.png 300w, https:\/\/southbourneschool.co.uk\/wp-content\/uploads\/2025\/10\/Junior-summer-timetable-2026-1024x489.png 1024w, https:\/\/southbourneschool.co.uk\/wp-content\/uploads\/2025\/10\/Junior-summer-timetable-2026-18x9.png 18w\" sizes=\"auto, (max-width: 1512px) 100vw, 1512px\" \/><\/p>\n\n\t\t<\/div>\n\t<\/div>\n<a href=\"\/wp-content\/uploads\/2025\/12\/Junior-Summer-Programme-2026-8-weeks.pdf\" class=\"wh-button vc_custom_1768900798358  scp_theme_button-9798e73c3134cf9cb90892718320fca7\" target=\"_blank\">Letn\u00ed program pro juniory 2026<\/a><section class=\"vc_cta3-container\"><div class=\"vc_general vc_cta3 vc_cta3-style-classic vc_cta3-shape-rounded vc_cta3-align-left vc_cta3-color-classic vc_cta3-icon-size-md vc_cta3-actions-bottom\"><div class=\"vc_cta3_content-container\"><div class=\"vc_cta3-content\"><header class=\"vc_cta3-content-header\"><h2>Z\u00edskejte cenovou nab\u00eddku na kurz do 24 hodin!<\/h2><\/header><p>Vypl\u0148te n\u00e1\u0161 formul\u00e1\u0159 \u017e\u00e1dosti o cenovou nab\u00eddku a my se v\u00e1m do 24 hodin ozveme e-mailem nebo p\u0159es WhatsApp s nab\u00eddkou na m\u00edru.<\/p>\n<\/div><div class=\"vc_cta3-actions\"><div class=\"vc_btn3-container vc_btn3-inline\" ><a class=\"vc_general vc_btn3 vc_btn3-size-md vc_btn3-shape-rounded vc_btn3-style-modern vc_btn3-color-success\" href=\"https:\/\/southbourneschool.co.uk\/cs\/vyzadat-si-cenovou-nabidku\/\" title=\"\u017d\u00e1dost o cenovou nab\u00eddku\">Vy\u017e\u00e1dejte si cenovou nab\u00eddku<\/a><\/div><\/div><\/div><\/div><\/section><\/div><\/div><\/div><div class=\"wpb_column vc_column_container vc_col-sm-4 vc_col-sm-offset-1 vc_hidden-xs\"><div class=\"vc_column-inner\"><div class=\"wpb_wrapper\"><div  class=\"vc_wp_custommenu wpb_content_element child-page-menu\"><div class=\"widget widget_nav_menu\"><div class=\"menu-language-course-child-menu-container\"><ul id=\"menu-language-course-child-menu\" class=\"menu\"><li id=\"menu-item-794\" class=\"menu-item menu-item-type-post_type menu-item-object-page menu-item-has-children menu-item-794 msm-top-level-item\"><a href=\"https:\/\/southbourneschool.co.uk\/cs\/english-courses\/\">Kurzy angli\u010dtiny<\/a>\n<ul class=\"sub-menu\">\n\t<li id=\"menu-item-3297\" class=\"menu-item menu-item-type-post_type menu-item-object-page menu-item-3297\"><a href=\"https:\/\/southbourneschool.co.uk\/cs\/request-a-quote\/\">\u017d\u00e1dost o cenovou nab\u00eddku<\/a><\/li>\n\t<li id=\"menu-item-646\" class=\"menu-item menu-item-type-post_type menu-item-object-page menu-item-646\"><a href=\"https:\/\/southbourneschool.co.uk\/cs\/english-courses\/how-to-book-your-english-course\/\">Jak si rezervovat kurz angli\u010dtiny<\/a><\/li>\n\t<li id=\"menu-item-384\" class=\"menu-item menu-item-type-post_type menu-item-object-page menu-item-has-children menu-item-384\"><a href=\"https:\/\/southbourneschool.co.uk\/cs\/english-courses\/adult-language-courses\/\">Kurzy angli\u010dtiny pro dosp\u011bl\u00e9<\/a>\n\t<ul class=\"sub-menu\">\n\t\t<li id=\"menu-item-383\" class=\"menu-item menu-item-type-post_type menu-item-object-page menu-item-383\"><a href=\"https:\/\/southbourneschool.co.uk\/cs\/english-courses\/adult-language-courses\/general-intensive\/\">V\u0161eobecn\u00e9 a intenzivn\u00ed kurzy angli\u010dtiny<\/a><\/li>\n\t\t<li id=\"menu-item-394\" class=\"menu-item menu-item-type-post_type menu-item-object-page menu-item-394\"><a href=\"https:\/\/southbourneschool.co.uk\/cs\/english-courses\/adult-language-courses\/one-to-one-english\/\">Individu\u00e1ln\u00ed kurzy angli\u010dtiny<\/a><\/li>\n\t\t<li id=\"menu-item-1039\" class=\"menu-item menu-item-type-post_type menu-item-object-page menu-item-1039\"><a href=\"https:\/\/southbourneschool.co.uk\/cs\/english-courses\/adult-language-courses\/summer-vacation-courses\/\">Letn\u00ed kurzy angli\u010dtiny pro dosp\u011bl\u00e9 (nad 16 let)<\/a><\/li>\n\t\t<li id=\"menu-item-1038\" class=\"menu-item menu-item-type-post_type menu-item-object-page menu-item-1038\"><a href=\"https:\/\/southbourneschool.co.uk\/cs\/english-courses\/adult-language-courses\/examination-courses\/\">Kurzy cambridgesk\u00fdch zkou\u0161ek z angli\u010dtiny<\/a><\/li>\n\t<\/ul>\n<\/li>\n\t<li id=\"menu-item-618\" class=\"menu-item menu-item-type-post_type menu-item-object-page menu-item-has-children menu-item-618\"><a href=\"https:\/\/southbourneschool.co.uk\/cs\/english-courses\/junior-language-courses\/\">Kurzy angli\u010dtiny pro juniory<\/a>\n\t<ul class=\"sub-menu\">\n\t\t<li id=\"menu-item-633\" class=\"menu-item menu-item-type-post_type menu-item-object-page menu-item-633\"><a href=\"https:\/\/southbourneschool.co.uk\/cs\/english-courses\/junior-language-courses\/summer-courses\/\">Letn\u00ed kurzy angli\u010dtiny pro juniory (9-15 let)<\/a><\/li>\n\t\t<li id=\"menu-item-1055\" class=\"menu-item menu-item-type-post_type menu-item-object-page menu-item-1055\"><a href=\"https:\/\/southbourneschool.co.uk\/cs\/english-courses\/junior-language-courses\/year-round-group-courses\/\">Skupinov\u00e9 kurzy angli\u010dtiny (celoro\u010dn\u011b)<\/a><\/li>\n\t<\/ul>\n<\/li>\n\t<li id=\"menu-item-647\" class=\"menu-item menu-item-type-post_type menu-item-object-page menu-item-647\"><a href=\"https:\/\/southbourneschool.co.uk\/cs\/english-courses\/guide-to-levels\/\">Pr\u016fvodce \u00farovn\u011bmi<\/a><\/li>\n<\/ul>\n<\/li>\n<\/ul><\/div><\/div><\/div><\/div><\/div><\/div><\/div>","protected":false},"excerpt":{"rendered":"Kurzy angli\u010dtiny pro juniory (9-15 let) Po\u0159\u00e1d\u00e1me vysoce kvalitn\u00ed kurzy angli\u010dtiny pro juniory od 9 let (od 10 let, pokud je vy\u017eadov\u00e1no ubytov\u00e1n\u00ed v rodin\u011b) v doprovodu vlastn\u00edho vedouc\u00edho skupiny. Junio\u0159i mohou studovat v na\u0161\u00ed \u0161kole a b\u011bhem letn\u00edch pr\u00e1zdnin bydlet s hostitelem. P\u0159ipraveni&nbsp;<a href=\"https:\/\/southbourneschool.co.uk\/cs\/english-courses\/junior-language-courses\/\">...<\/a>","protected":false},"author":12312401,"featured_media":0,"parent":791,"menu_order":0,"comment_status":"closed","ping_status":"closed","template":"","meta":{"footnotes":""},"class_list":["post-611","page","type-page","status-publish","hentry","odd"],"yoast_head":"<!-- This site is optimized with the Yoast SEO plugin v27.3 - https:\/\/yoast.com\/product\/yoast-seo-wordpress\/ -->\n<title>Junior English Courses in Bournemouth - Southbourne School of English<\/title>\n<meta name=\"description\" content=\"Our Junior English courses in Bournemouth are for students aged between 9 and 16 during the summer season and includes a fun activity programme!\" \/>\n<meta name=\"robots\" content=\"index, follow, max-snippet:-1, max-image-preview:large, max-video-preview:-1\" \/>\n<link rel=\"canonical\" href=\"https:\/\/southbourneschool.co.uk\/cs\/kurzy-anglictiny\/jazykove-kurzy-pro-juniory\/\" \/>\n<meta property=\"og:locale\" content=\"cs_CZ\" \/>\n<meta property=\"og:type\" content=\"article\" \/>\n<meta property=\"og:title\" content=\"Junior English Courses in Bournemouth - Southbourne School of English\" \/>\n<meta property=\"og:description\" content=\"Our Junior English courses in Bournemouth are for students aged between 9 and 16 during the summer season and includes a fun activity programme!\" \/>\n<meta property=\"og:url\" content=\"https:\/\/southbourneschool.co.uk\/cs\/kurzy-anglictiny\/jazykove-kurzy-pro-juniory\/\" \/>\n<meta property=\"og:site_name\" content=\"Southbourne School of English\" \/>\n<meta property=\"article:publisher\" content=\"https:\/\/www.facebook.com\/SouthbourneSchool\/\" \/>\n<meta property=\"article:modified_time\" content=\"2026-03-03T10:18:16+00:00\" \/>\n<meta property=\"og:image\" content=\"https:\/\/southbourneschool.co.uk\/wp-content\/uploads\/2025\/10\/Junior-summer-timetable-2026.png\" \/>\n\t<meta property=\"og:image:width\" content=\"1512\" \/>\n\t<meta property=\"og:image:height\" content=\"722\" \/>\n\t<meta property=\"og:image:type\" content=\"image\/png\" \/>\n<meta name=\"twitter:card\" content=\"summary_large_image\" \/>\n<meta name=\"twitter:site\" content=\"@SouthbourneSofE\" \/>\n<meta name=\"twitter:label1\" content=\"Odhadovan\u00e1 doba \u010dten\u00ed\" \/>\n\t<meta name=\"twitter:data1\" content=\"2 minuty\" \/>\n<script type=\"application\/ld+json\" class=\"yoast-schema-graph\">{\"@context\":\"https:\\\/\\\/schema.org\",\"@graph\":[{\"@type\":\"WebPage\",\"@id\":\"https:\\\/\\\/southbourneschool.co.uk\\\/english-courses\\\/junior-language-courses\\\/\",\"url\":\"https:\\\/\\\/southbourneschool.co.uk\\\/english-courses\\\/junior-language-courses\\\/\",\"name\":\"Junior English Courses in Bournemouth - Southbourne School of English\",\"isPartOf\":{\"@id\":\"https:\\\/\\\/southbourneschool.co.uk\\\/#website\"},\"primaryImageOfPage\":{\"@id\":\"https:\\\/\\\/southbourneschool.co.uk\\\/english-courses\\\/junior-language-courses\\\/#primaryimage\"},\"image\":{\"@id\":\"https:\\\/\\\/southbourneschool.co.uk\\\/english-courses\\\/junior-language-courses\\\/#primaryimage\"},\"thumbnailUrl\":\"https:\\\/\\\/southbourneschool.co.uk\\\/wp-content\\\/uploads\\\/2025\\\/10\\\/Junior-summer-timetable-2026.png\",\"datePublished\":\"2018-08-16T12:03:22+00:00\",\"dateModified\":\"2026-03-03T10:18:16+00:00\",\"description\":\"Our Junior English courses in Bournemouth are for students aged between 9 and 16 during the summer season and includes a fun activity programme!\",\"breadcrumb\":{\"@id\":\"https:\\\/\\\/southbourneschool.co.uk\\\/english-courses\\\/junior-language-courses\\\/#breadcrumb\"},\"inLanguage\":\"cs\",\"potentialAction\":[{\"@type\":\"ReadAction\",\"target\":[\"https:\\\/\\\/southbourneschool.co.uk\\\/english-courses\\\/junior-language-courses\\\/\"]}]},{\"@type\":\"ImageObject\",\"inLanguage\":\"cs\",\"@id\":\"https:\\\/\\\/southbourneschool.co.uk\\\/english-courses\\\/junior-language-courses\\\/#primaryimage\",\"url\":\"https:\\\/\\\/southbourneschool.co.uk\\\/wp-content\\\/uploads\\\/2025\\\/10\\\/Junior-summer-timetable-2026.png\",\"contentUrl\":\"https:\\\/\\\/southbourneschool.co.uk\\\/wp-content\\\/uploads\\\/2025\\\/10\\\/Junior-summer-timetable-2026.png\"},{\"@type\":\"BreadcrumbList\",\"@id\":\"https:\\\/\\\/southbourneschool.co.uk\\\/english-courses\\\/junior-language-courses\\\/#breadcrumb\",\"itemListElement\":[{\"@type\":\"ListItem\",\"position\":1,\"name\":\"Home\",\"item\":\"https:\\\/\\\/southbourneschool.co.uk\\\/\"},{\"@type\":\"ListItem\",\"position\":2,\"name\":\"English Courses\",\"item\":\"https:\\\/\\\/southbourneschool.co.uk\\\/english-courses\\\/\"},{\"@type\":\"ListItem\",\"position\":3,\"name\":\"Junior English Courses\"}]},{\"@type\":\"WebSite\",\"@id\":\"https:\\\/\\\/southbourneschool.co.uk\\\/#website\",\"url\":\"https:\\\/\\\/southbourneschool.co.uk\\\/\",\"name\":\"Southbourne School of English\",\"description\":\"We make learning English fun. A language school in Bournemouth, ideally located by the sea in a suburb of Bournemouth called Southbourne, one of the UK\u2019s most popular locations for international students.\",\"publisher\":{\"@id\":\"https:\\\/\\\/southbourneschool.co.uk\\\/#organization\"},\"potentialAction\":[{\"@type\":\"SearchAction\",\"target\":{\"@type\":\"EntryPoint\",\"urlTemplate\":\"https:\\\/\\\/southbourneschool.co.uk\\\/?s={search_term_string}\"},\"query-input\":{\"@type\":\"PropertyValueSpecification\",\"valueRequired\":true,\"valueName\":\"search_term_string\"}}],\"inLanguage\":\"cs\"},{\"@type\":\"Organization\",\"@id\":\"https:\\\/\\\/southbourneschool.co.uk\\\/#organization\",\"name\":\"Southbourne School of English\",\"alternateName\":\"SSE\",\"url\":\"https:\\\/\\\/southbourneschool.co.uk\\\/\",\"logo\":{\"@type\":\"ImageObject\",\"inLanguage\":\"cs\",\"@id\":\"https:\\\/\\\/southbourneschool.co.uk\\\/#\\\/schema\\\/logo\\\/image\\\/\",\"url\":\"https:\\\/\\\/southbourneschool.co.uk\\\/wp-content\\\/uploads\\\/2026\\\/01\\\/SSE-60-Year-Anniversary-Logo.png\",\"contentUrl\":\"https:\\\/\\\/southbourneschool.co.uk\\\/wp-content\\\/uploads\\\/2026\\\/01\\\/SSE-60-Year-Anniversary-Logo.png\",\"width\":1964,\"height\":1965,\"caption\":\"Southbourne School of English\"},\"image\":{\"@id\":\"https:\\\/\\\/southbourneschool.co.uk\\\/#\\\/schema\\\/logo\\\/image\\\/\"},\"sameAs\":[\"https:\\\/\\\/www.facebook.com\\\/SouthbourneSchool\\\/\",\"https:\\\/\\\/x.com\\\/SouthbourneSofE\",\"https:\\\/\\\/www.instagram.com\\\/southbourneschoolofenglish\\\/\",\"https:\\\/\\\/www.tiktok.com\\\/@southbourne\",\"https:\\\/\\\/www.youtube.com\\\/@southbourneschoolofenglish4522\"]}]}<\/script>\n<!-- \/ Yoast SEO plugin. -->","yoast_head_json":{"title":"Kurzy angli\u010dtiny pro juniory v Bournemouthu - Southbourne School of English","description":"Na\u0161e kurzy angli\u010dtiny pro juniory v Bournemouthu jsou ur\u010deny pro studenty ve v\u011bku od 9 do 16 let b\u011bhem letn\u00ed sez\u00f3ny a zahrnuj\u00ed z\u00e1bavn\u00fd program aktivit!","robots":{"index":"index","follow":"follow","max-snippet":"max-snippet:-1","max-image-preview":"max-image-preview:large","max-video-preview":"max-video-preview:-1"},"canonical":"https:\/\/southbourneschool.co.uk\/cs\/kurzy-anglictiny\/jazykove-kurzy-pro-juniory\/","og_locale":"cs_CZ","og_type":"article","og_title":"Junior English Courses in Bournemouth - Southbourne School of English","og_description":"Our Junior English courses in Bournemouth are for students aged between 9 and 16 during the summer season and includes a fun activity programme!","og_url":"https:\/\/southbourneschool.co.uk\/cs\/kurzy-anglictiny\/jazykove-kurzy-pro-juniory\/","og_site_name":"Southbourne School of English","article_publisher":"https:\/\/www.facebook.com\/SouthbourneSchool\/","article_modified_time":"2026-03-03T10:18:16+00:00","og_image":[{"width":1512,"height":722,"url":"https:\/\/southbourneschool.co.uk\/wp-content\/uploads\/2025\/10\/Junior-summer-timetable-2026.png","type":"image\/png"}],"twitter_card":"summary_large_image","twitter_site":"@SouthbourneSofE","twitter_misc":{"Odhadovan\u00e1 doba \u010dten\u00ed":"2 minuty"},"schema":{"@context":"https:\/\/schema.org","@graph":[{"@type":"WebPage","@id":"https:\/\/southbourneschool.co.uk\/english-courses\/junior-language-courses\/","url":"https:\/\/southbourneschool.co.uk\/english-courses\/junior-language-courses\/","name":"Kurzy angli\u010dtiny pro juniory v Bournemouthu - Southbourne School of English","isPartOf":{"@id":"https:\/\/southbourneschool.co.uk\/#website"},"primaryImageOfPage":{"@id":"https:\/\/southbourneschool.co.uk\/english-courses\/junior-language-courses\/#primaryimage"},"image":{"@id":"https:\/\/southbourneschool.co.uk\/english-courses\/junior-language-courses\/#primaryimage"},"thumbnailUrl":"https:\/\/southbourneschool.co.uk\/wp-content\/uploads\/2025\/10\/Junior-summer-timetable-2026.png","datePublished":"2018-08-16T12:03:22+00:00","dateModified":"2026-03-03T10:18:16+00:00","description":"Na\u0161e kurzy angli\u010dtiny pro juniory v Bournemouthu jsou ur\u010deny pro studenty ve v\u011bku od 9 do 16 let b\u011bhem letn\u00ed sez\u00f3ny a zahrnuj\u00ed z\u00e1bavn\u00fd program aktivit!","breadcrumb":{"@id":"https:\/\/southbourneschool.co.uk\/english-courses\/junior-language-courses\/#breadcrumb"},"inLanguage":"cs","potentialAction":[{"@type":"ReadAction","target":["https:\/\/southbourneschool.co.uk\/english-courses\/junior-language-courses\/"]}]},{"@type":"ImageObject","inLanguage":"cs","@id":"https:\/\/southbourneschool.co.uk\/english-courses\/junior-language-courses\/#primaryimage","url":"https:\/\/southbourneschool.co.uk\/wp-content\/uploads\/2025\/10\/Junior-summer-timetable-2026.png","contentUrl":"https:\/\/southbourneschool.co.uk\/wp-content\/uploads\/2025\/10\/Junior-summer-timetable-2026.png"},{"@type":"BreadcrumbList","@id":"https:\/\/southbourneschool.co.uk\/english-courses\/junior-language-courses\/#breadcrumb","itemListElement":[{"@type":"ListItem","position":1,"name":"Home","item":"https:\/\/southbourneschool.co.uk\/"},{"@type":"ListItem","position":2,"name":"English Courses","item":"https:\/\/southbourneschool.co.uk\/english-courses\/"},{"@type":"ListItem","position":3,"name":"Junior English Courses"}]},{"@type":"WebSite","@id":"https:\/\/southbourneschool.co.uk\/#website","url":"https:\/\/southbourneschool.co.uk\/","name":"Southbourne School of English","description":"V\u00fduka angli\u010dtiny je u n\u00e1s z\u00e1bavn\u00e1. Jazykov\u00e1 \u0161kola v Bournemouthu, kter\u00e1 m\u00e1 ide\u00e1ln\u00ed polohu u mo\u0159e na p\u0159edm\u011bst\u00ed Bournemouthu zvan\u00e9m Southbourne, jedn\u00e9 z nejobl\u00edben\u011bj\u0161\u00edch lokalit ve Velk\u00e9 Brit\u00e1nii pro zahrani\u010dn\u00ed studenty.","publisher":{"@id":"https:\/\/southbourneschool.co.uk\/#organization"},"potentialAction":[{"@type":"SearchAction","target":{"@type":"EntryPoint","urlTemplate":"https:\/\/southbourneschool.co.uk\/?s={search_term_string}"},"query-input":{"@type":"PropertyValueSpecification","valueRequired":true,"valueName":"search_term_string"}}],"inLanguage":"cs"},{"@type":"Organization","@id":"https:\/\/southbourneschool.co.uk\/#organization","name":"Southbourne School of English","alternateName":"SSE","url":"https:\/\/southbourneschool.co.uk\/","logo":{"@type":"ImageObject","inLanguage":"cs","@id":"https:\/\/southbourneschool.co.uk\/#\/schema\/logo\/image\/","url":"https:\/\/southbourneschool.co.uk\/wp-content\/uploads\/2026\/01\/SSE-60-Year-Anniversary-Logo.png","contentUrl":"https:\/\/southbourneschool.co.uk\/wp-content\/uploads\/2026\/01\/SSE-60-Year-Anniversary-Logo.png","width":1964,"height":1965,"caption":"Southbourne School of English"},"image":{"@id":"https:\/\/southbourneschool.co.uk\/#\/schema\/logo\/image\/"},"sameAs":["https:\/\/www.facebook.com\/SouthbourneSchool\/","https:\/\/x.com\/SouthbourneSofE","https:\/\/www.instagram.com\/southbourneschoolofenglish\/","https:\/\/www.tiktok.com\/@southbourne","https:\/\/www.youtube.com\/@southbourneschoolofenglish4522"]}]}},"featured_image_src":null,"featured_image_src_square":null,"_links":{"self":[{"href":"https:\/\/southbourneschool.co.uk\/cs\/wp-json\/wp\/v2\/pages\/611","targetHints":{"allow":["GET"]}}],"collection":[{"href":"https:\/\/southbourneschool.co.uk\/cs\/wp-json\/wp\/v2\/pages"}],"about":[{"href":"https:\/\/southbourneschool.co.uk\/cs\/wp-json\/wp\/v2\/types\/page"}],"author":[{"embeddable":true,"href":"https:\/\/southbourneschool.co.uk\/cs\/wp-json\/wp\/v2\/users\/12312401"}],"replies":[{"embeddable":true,"href":"https:\/\/southbourneschool.co.uk\/cs\/wp-json\/wp\/v2\/comments?post=611"}],"version-history":[{"count":0,"href":"https:\/\/southbourneschool.co.uk\/cs\/wp-json\/wp\/v2\/pages\/611\/revisions"}],"up":[{"embeddable":true,"href":"https:\/\/southbourneschool.co.uk\/cs\/wp-json\/wp\/v2\/pages\/791"}],"wp:attachment":[{"href":"https:\/\/southbourneschool.co.uk\/cs\/wp-json\/wp\/v2\/media?parent=611"}],"curies":[{"name":"wp","href":"https:\/\/api.w.org\/{rel}","templated":true}]}}