{"id":1051,"date":"2018-10-26T15:14:34","date_gmt":"2018-10-26T14:14:34","guid":{"rendered":"https:\/\/southbournese.wpengine.com\/?page_id=1051"},"modified":"2026-02-06T14:07:31","modified_gmt":"2026-02-06T14:07:31","slug":"ganzjahrige-gruppenkurse","status":"publish","type":"page","link":"https:\/\/southbourneschool.co.uk\/de\/english-courses\/junior-language-courses\/year-round-group-courses\/","title":{"rendered":"Gruppenkurse (ganzj\u00e4hrig)"},"content":{"rendered":"<section data-vc-full-width=\"true\" data-vc-full-width-init=\"false\" class=\"vc_section vc_custom_1723044181369 vc_section-has-fill\"><\/section><div class=\"vc_row-full-width vc_clearfix\"><\/div><div class=\"vc_row wpb_row vc_row-fluid vc_custom_1532605752662\"><div class=\"wpb_column vc_column_container vc_col-sm-7\"><div class=\"vc_column-inner vc_custom_1540563254526\"><div class=\"wpb_wrapper\"><h1 style=\"color: #7bbb58;text-align: left\" class=\"vc_custom_heading vc_custom_1723205287129\" >Gruppenkurse (ganzj\u00e4hrig)<\/h1><h4 style=\"text-align: left\" class=\"vc_custom_heading\" >Wir bieten das ganze Jahr \u00fcber geschlossene Gruppenkurse an der Southbourne School an. Die Kurse dauern mindestens eine Woche. Unsere Hauptschule nimmt Sch\u00fcler ab 9 Jahren auf.<\/h4>\n\t<div class=\"wpb_text_column wpb_content_element  vc_custom_1712063888289\" >\n\t\t<div class=\"wpb_wrapper\">\n\t\t\t<p><strong>Unsere Junior-Gruppenkurse umfassen:<\/strong><\/p>\n<ul>\n<li>15\/21 Stunden Unterricht pro Woche.<\/li>\n<li>Die Unterbringung erfolgt bei polizeilich \u00fcberpr\u00fcften Gastgebern vor Ort, alle in fu\u00dfl\u00e4ufiger Entfernung zur Schule.<\/li>\n<li>Auswahl zwischen warmem oder kaltem Mittagessen in der Schule.<\/li>\n<li>Wochenendausfl\u00fcge.<\/li>\n<li>Ein abwechslungsreiches Rahmenprogramm mit viel Spa\u00df und interessanten t\u00e4glichen Aktivit\u00e4ten.<\/li>\n<li>Optionale Abendaktivit\u00e4ten.<\/li>\n<li>Ein Zertifikat mit Leistungsnachweis.<\/li>\n<li>Frisch zubereitetes Fr\u00fchst\u00fcck, Mittag- und Abendessen die ganze Woche \u00fcber.<\/li>\n<li>Klassenzimmer mit interaktiven Smartboards und Klimaanlagen ausgestattet.<\/li>\n<li>Moderne, helle Unterrichtsr\u00e4ume mit komfortabler M\u00f6blierung.<\/li>\n<\/ul>\n<p>Wir bieten auch <a href=\"https:\/\/southbourneschool.co.uk\/de\/language-courses\/junior-sprachkurse\/sommerkurse\/\"><strong>Junior-Sommerkurse<\/strong><\/a> auch f\u00fcr Privatpersonen!<\/p>\n\n\t\t<\/div>\n\t<\/div>\n\n\t<div  class=\"wpb_single_image wpb_content_element vc_align_left\">\n\t\t\n\t\t<figure class=\"wpb_wrapper vc_figure\">\n\t\t\t<div class=\"vc_single_image-wrapper   vc_box_border_grey\"><img loading=\"lazy\" decoding=\"async\" class=\"vc_single_image-img\" src=\"https:\/\/southbourneschool.co.uk\/wp-content\/uploads\/2019\/01\/LOCATION_SSE_229-e1548693284510.jpg\" width=\"1000\" height=\"701\" alt=\"Sommerkursteilnehmer vor dem Aktivit\u00e4tsb\u00fcro\" title=\"STANDORT_SSE_229\" \/><\/div>\n\t\t<\/figure>\n\t<\/div>\n<section class=\"vc_cta3-container\"><div class=\"vc_general vc_cta3 vc_cta3-style-classic vc_cta3-shape-rounded vc_cta3-align-left vc_cta3-color-classic vc_cta3-icon-size-md vc_cta3-actions-bottom\"><div class=\"vc_cta3_content-container\"><div class=\"vc_cta3-content\"><header class=\"vc_cta3-content-header\"><h2>Erhalten Sie innerhalb von 24 Stunden ein Kursangebot!<\/h2><\/header><p>F\u00fcllen Sie unser Angebotsanfrageformular aus und wir kontaktieren Sie innerhalb von 24 Stunden per E-Mail oder WhatsApp mit einem individuellen Angebot.<\/p>\n<\/div><div class=\"vc_cta3-actions\"><div class=\"vc_btn3-container vc_btn3-inline\" ><a class=\"vc_general vc_btn3 vc_btn3-size-lg vc_btn3-shape-rounded vc_btn3-style-modern vc_btn3-color-success\" href=\"https:\/\/southbourneschool.co.uk\/de\/angebot-anfordern\/\" title=\"Angebot anfordern\">Fordern Sie ein Angebot an<\/a><\/div><\/div><\/div><\/div><\/section><\/div><\/div><\/div><div class=\"wpb_column vc_column_container vc_col-sm-4 vc_col-sm-offset-1 vc_hidden-xs\"><div class=\"vc_column-inner\"><div class=\"wpb_wrapper\"><div  class=\"vc_wp_custommenu wpb_content_element child-page-menu\"><div class=\"widget widget_nav_menu\"><div class=\"menu-language-course-child-menu-container\"><ul id=\"menu-language-course-child-menu\" class=\"menu\"><li id=\"menu-item-794\" class=\"menu-item menu-item-type-post_type menu-item-object-page menu-item-has-children menu-item-794 msm-top-level-item\"><a href=\"https:\/\/southbourneschool.co.uk\/de\/english-courses\/\">Englisch-Kurse<\/a>\n<ul class=\"sub-menu\">\n\t<li id=\"menu-item-3297\" class=\"menu-item menu-item-type-post_type menu-item-object-page menu-item-3297\"><a href=\"https:\/\/southbourneschool.co.uk\/de\/request-a-quote\/\">Angebot anfordern<\/a><\/li>\n\t<li id=\"menu-item-646\" class=\"menu-item menu-item-type-post_type menu-item-object-page menu-item-646\"><a href=\"https:\/\/southbourneschool.co.uk\/de\/english-courses\/how-to-book-your-english-course\/\">Wie Sie Ihren Englischkurs buchen<\/a><\/li>\n\t<li id=\"menu-item-384\" class=\"menu-item menu-item-type-post_type menu-item-object-page menu-item-has-children menu-item-384\"><a href=\"https:\/\/southbourneschool.co.uk\/de\/english-courses\/adult-language-courses\/\">Englischkurse f\u00fcr Erwachsene<\/a>\n\t<ul class=\"sub-menu\">\n\t\t<li id=\"menu-item-383\" class=\"menu-item menu-item-type-post_type menu-item-object-page menu-item-383\"><a href=\"https:\/\/southbourneschool.co.uk\/de\/english-courses\/adult-language-courses\/general-intensive\/\">Allgemeine und intensive Englischkurse<\/a><\/li>\n\t\t<li id=\"menu-item-394\" class=\"menu-item menu-item-type-post_type menu-item-object-page menu-item-394\"><a href=\"https:\/\/southbourneschool.co.uk\/de\/english-courses\/adult-language-courses\/one-to-one-english\/\">Einzelunterricht Englisch<\/a><\/li>\n\t\t<li id=\"menu-item-1039\" class=\"menu-item menu-item-type-post_type menu-item-object-page menu-item-1039\"><a href=\"https:\/\/southbourneschool.co.uk\/de\/english-courses\/adult-language-courses\/summer-vacation-courses\/\">Sommer-Englischkurse f\u00fcr Erwachsene (ab 16 Jahren)<\/a><\/li>\n\t\t<li id=\"menu-item-1038\" class=\"menu-item menu-item-type-post_type menu-item-object-page menu-item-1038\"><a href=\"https:\/\/southbourneschool.co.uk\/de\/english-courses\/adult-language-courses\/examination-courses\/\">Cambridge Englisch Pr\u00fcfungskurse<\/a><\/li>\n\t<\/ul>\n<\/li>\n\t<li id=\"menu-item-618\" class=\"menu-item menu-item-type-post_type menu-item-object-page menu-item-has-children menu-item-618\"><a href=\"https:\/\/southbourneschool.co.uk\/de\/english-courses\/junior-language-courses\/\">Englischkurse f\u00fcr Jugendliche<\/a>\n\t<ul class=\"sub-menu\">\n\t\t<li id=\"menu-item-633\" class=\"menu-item menu-item-type-post_type menu-item-object-page menu-item-633\"><a href=\"https:\/\/southbourneschool.co.uk\/de\/english-courses\/junior-language-courses\/summer-courses\/\">Junior-Sommer-Englischkurse (9-15 Jahre)<\/a><\/li>\n\t\t<li id=\"menu-item-1055\" class=\"menu-item menu-item-type-post_type menu-item-object-page menu-item-1055\"><a href=\"https:\/\/southbourneschool.co.uk\/de\/english-courses\/junior-language-courses\/year-round-group-courses\/\">Gruppenkurse Englisch (ganzj\u00e4hrig)<\/a><\/li>\n\t<\/ul>\n<\/li>\n\t<li id=\"menu-item-647\" class=\"menu-item menu-item-type-post_type menu-item-object-page menu-item-647\"><a href=\"https:\/\/southbourneschool.co.uk\/de\/english-courses\/guide-to-levels\/\">Leitfaden f\u00fcr Levels<\/a><\/li>\n<\/ul>\n<\/li>\n<\/ul><\/div><\/div><\/div><\/div><\/div><\/div><\/div>","protected":false},"excerpt":{"rendered":"Group Courses (Year-Round)We run closed group courses at Southbourne School all year round. The courses can be for a minimum of one week. Our main school takes students aged 9 and above. Our Junior Group Courses include: 15\/21 hours of tuition a week. Accommodation with&nbsp;<a href=\"https:\/\/southbourneschool.co.uk\/de\/english-courses\/junior-language-courses\/year-round-group-courses\/\">...<\/a>","protected":false},"author":12312401,"featured_media":0,"parent":611,"menu_order":1,"comment_status":"closed","ping_status":"closed","template":"","meta":{"footnotes":""},"class_list":["post-1051","page","type-page","status-publish","hentry","odd"],"yoast_head":"<!-- This site is optimized with the Yoast SEO plugin v27.3 - https:\/\/yoast.com\/product\/yoast-seo-wordpress\/ -->\n<title>Group Courses (Year-Round) - Southbourne School of English<\/title>\n<meta name=\"description\" content=\"We run closed group courses at Southbourne School all year round for students age 9+. These courses can be for a minimum of one week.\" \/>\n<meta name=\"robots\" content=\"index, follow, max-snippet:-1, max-image-preview:large, max-video-preview:-1\" \/>\n<link rel=\"canonical\" href=\"https:\/\/southbourneschool.co.uk\/de\/englischkurse\/junior-sprachkurse\/ganzjahrige-gruppenkurse\/\" \/>\n<meta property=\"og:locale\" content=\"de_DE\" \/>\n<meta property=\"og:type\" content=\"article\" \/>\n<meta property=\"og:title\" content=\"Group Courses (Year-Round) - Southbourne School of English\" \/>\n<meta property=\"og:description\" content=\"We run closed group courses at Southbourne School all year round for students age 9+. These courses can be for a minimum of one week.\" \/>\n<meta property=\"og:url\" content=\"https:\/\/southbourneschool.co.uk\/de\/englischkurse\/junior-sprachkurse\/ganzjahrige-gruppenkurse\/\" \/>\n<meta property=\"og:site_name\" content=\"Southbourne School of English\" \/>\n<meta property=\"article:publisher\" content=\"https:\/\/www.facebook.com\/SouthbourneSchool\/\" \/>\n<meta property=\"article:modified_time\" content=\"2026-02-06T14:07:31+00:00\" \/>\n<meta name=\"twitter:card\" content=\"summary_large_image\" \/>\n<meta name=\"twitter:site\" content=\"@SouthbourneSofE\" \/>\n<meta name=\"twitter:label1\" content=\"Gesch\u00e4tzte Lesezeit\" \/>\n\t<meta name=\"twitter:data1\" content=\"2\u00a0Minuten\" \/>\n<script type=\"application\/ld+json\" class=\"yoast-schema-graph\">{\"@context\":\"https:\\\/\\\/schema.org\",\"@graph\":[{\"@type\":\"WebPage\",\"@id\":\"https:\\\/\\\/southbourneschool.co.uk\\\/english-courses\\\/junior-language-courses\\\/year-round-group-courses\\\/\",\"url\":\"https:\\\/\\\/southbourneschool.co.uk\\\/english-courses\\\/junior-language-courses\\\/year-round-group-courses\\\/\",\"name\":\"Group Courses (Year-Round) - Southbourne School of English\",\"isPartOf\":{\"@id\":\"https:\\\/\\\/southbourneschool.co.uk\\\/#website\"},\"datePublished\":\"2018-10-26T14:14:34+00:00\",\"dateModified\":\"2026-02-06T14:07:31+00:00\",\"description\":\"We run closed group courses at Southbourne School all year round for students age 9+. These courses can be for a minimum of one week.\",\"breadcrumb\":{\"@id\":\"https:\\\/\\\/southbourneschool.co.uk\\\/english-courses\\\/junior-language-courses\\\/year-round-group-courses\\\/#breadcrumb\"},\"inLanguage\":\"de-CH\",\"potentialAction\":[{\"@type\":\"ReadAction\",\"target\":[\"https:\\\/\\\/southbourneschool.co.uk\\\/english-courses\\\/junior-language-courses\\\/year-round-group-courses\\\/\"]}]},{\"@type\":\"BreadcrumbList\",\"@id\":\"https:\\\/\\\/southbourneschool.co.uk\\\/english-courses\\\/junior-language-courses\\\/year-round-group-courses\\\/#breadcrumb\",\"itemListElement\":[{\"@type\":\"ListItem\",\"position\":1,\"name\":\"Home\",\"item\":\"https:\\\/\\\/southbourneschool.co.uk\\\/\"},{\"@type\":\"ListItem\",\"position\":2,\"name\":\"English Courses\",\"item\":\"https:\\\/\\\/southbourneschool.co.uk\\\/english-courses\\\/\"},{\"@type\":\"ListItem\",\"position\":3,\"name\":\"Junior English Courses\",\"item\":\"https:\\\/\\\/southbourneschool.co.uk\\\/english-courses\\\/junior-language-courses\\\/\"},{\"@type\":\"ListItem\",\"position\":4,\"name\":\"Group Courses (Year-Round)\"}]},{\"@type\":\"WebSite\",\"@id\":\"https:\\\/\\\/southbourneschool.co.uk\\\/#website\",\"url\":\"https:\\\/\\\/southbourneschool.co.uk\\\/\",\"name\":\"Southbourne School of English\",\"description\":\"We make learning English fun. A language school in Bournemouth, ideally located by the sea in a suburb of Bournemouth called Southbourne, one of the UK\u2019s most popular locations for international students.\",\"publisher\":{\"@id\":\"https:\\\/\\\/southbourneschool.co.uk\\\/#organization\"},\"potentialAction\":[{\"@type\":\"SearchAction\",\"target\":{\"@type\":\"EntryPoint\",\"urlTemplate\":\"https:\\\/\\\/southbourneschool.co.uk\\\/?s={search_term_string}\"},\"query-input\":{\"@type\":\"PropertyValueSpecification\",\"valueRequired\":true,\"valueName\":\"search_term_string\"}}],\"inLanguage\":\"de-CH\"},{\"@type\":\"Organization\",\"@id\":\"https:\\\/\\\/southbourneschool.co.uk\\\/#organization\",\"name\":\"Southbourne School of English\",\"alternateName\":\"SSE\",\"url\":\"https:\\\/\\\/southbourneschool.co.uk\\\/\",\"logo\":{\"@type\":\"ImageObject\",\"inLanguage\":\"de-CH\",\"@id\":\"https:\\\/\\\/southbourneschool.co.uk\\\/#\\\/schema\\\/logo\\\/image\\\/\",\"url\":\"https:\\\/\\\/southbourneschool.co.uk\\\/wp-content\\\/uploads\\\/2026\\\/01\\\/SSE-60-Year-Anniversary-Logo.png\",\"contentUrl\":\"https:\\\/\\\/southbourneschool.co.uk\\\/wp-content\\\/uploads\\\/2026\\\/01\\\/SSE-60-Year-Anniversary-Logo.png\",\"width\":1964,\"height\":1965,\"caption\":\"Southbourne School of English\"},\"image\":{\"@id\":\"https:\\\/\\\/southbourneschool.co.uk\\\/#\\\/schema\\\/logo\\\/image\\\/\"},\"sameAs\":[\"https:\\\/\\\/www.facebook.com\\\/SouthbourneSchool\\\/\",\"https:\\\/\\\/x.com\\\/SouthbourneSofE\",\"https:\\\/\\\/www.instagram.com\\\/southbourneschoolofenglish\\\/\",\"https:\\\/\\\/www.tiktok.com\\\/@southbourne\",\"https:\\\/\\\/www.youtube.com\\\/@southbourneschoolofenglish4522\"]}]}<\/script>\n<!-- \/ Yoast SEO plugin. -->","yoast_head_json":{"title":"Gruppenkurse (ganzj\u00e4hrig) - Southbourne School of English","description":"Wir bieten das ganze Jahr \u00fcber geschlossene Gruppenkurse an der Southbourne School f\u00fcr Sch\u00fcler ab 9 Jahren an. Diese Kurse k\u00f6nnen mindestens eine Woche dauern.","robots":{"index":"index","follow":"follow","max-snippet":"max-snippet:-1","max-image-preview":"max-image-preview:large","max-video-preview":"max-video-preview:-1"},"canonical":"https:\/\/southbourneschool.co.uk\/de\/englischkurse\/junior-sprachkurse\/ganzjahrige-gruppenkurse\/","og_locale":"de_DE","og_type":"article","og_title":"Group Courses (Year-Round) - Southbourne School of English","og_description":"We run closed group courses at Southbourne School all year round for students age 9+. These courses can be for a minimum of one week.","og_url":"https:\/\/southbourneschool.co.uk\/de\/englischkurse\/junior-sprachkurse\/ganzjahrige-gruppenkurse\/","og_site_name":"Southbourne School of English","article_publisher":"https:\/\/www.facebook.com\/SouthbourneSchool\/","article_modified_time":"2026-02-06T14:07:31+00:00","twitter_card":"summary_large_image","twitter_site":"@SouthbourneSofE","twitter_misc":{"Gesch\u00e4tzte Lesezeit":"2\u00a0Minuten"},"schema":{"@context":"https:\/\/schema.org","@graph":[{"@type":"WebPage","@id":"https:\/\/southbourneschool.co.uk\/english-courses\/junior-language-courses\/year-round-group-courses\/","url":"https:\/\/southbourneschool.co.uk\/english-courses\/junior-language-courses\/year-round-group-courses\/","name":"Gruppenkurse (ganzj\u00e4hrig) - Southbourne School of English","isPartOf":{"@id":"https:\/\/southbourneschool.co.uk\/#website"},"datePublished":"2018-10-26T14:14:34+00:00","dateModified":"2026-02-06T14:07:31+00:00","description":"Wir bieten das ganze Jahr \u00fcber geschlossene Gruppenkurse an der Southbourne School f\u00fcr Sch\u00fcler ab 9 Jahren an. Diese Kurse k\u00f6nnen mindestens eine Woche dauern.","breadcrumb":{"@id":"https:\/\/southbourneschool.co.uk\/english-courses\/junior-language-courses\/year-round-group-courses\/#breadcrumb"},"inLanguage":"de-CH","potentialAction":[{"@type":"ReadAction","target":["https:\/\/southbourneschool.co.uk\/english-courses\/junior-language-courses\/year-round-group-courses\/"]}]},{"@type":"BreadcrumbList","@id":"https:\/\/southbourneschool.co.uk\/english-courses\/junior-language-courses\/year-round-group-courses\/#breadcrumb","itemListElement":[{"@type":"ListItem","position":1,"name":"Home","item":"https:\/\/southbourneschool.co.uk\/"},{"@type":"ListItem","position":2,"name":"English Courses","item":"https:\/\/southbourneschool.co.uk\/english-courses\/"},{"@type":"ListItem","position":3,"name":"Junior English Courses","item":"https:\/\/southbourneschool.co.uk\/english-courses\/junior-language-courses\/"},{"@type":"ListItem","position":4,"name":"Group Courses (Year-Round)"}]},{"@type":"WebSite","@id":"https:\/\/southbourneschool.co.uk\/#website","url":"https:\/\/southbourneschool.co.uk\/","name":"Southbourne Schule f\u00fcr Englisch","description":"Bei uns macht Englisch lernen Spa\u00df. Eine Sprachschule in Bournemouth, ideal gelegen am Meer in einem Vorort von Bournemouth namens Southbourne, einem der beliebtesten Orte Gro\u00dfbritanniens f\u00fcr internationale Studenten.","publisher":{"@id":"https:\/\/southbourneschool.co.uk\/#organization"},"potentialAction":[{"@type":"SearchAction","target":{"@type":"EntryPoint","urlTemplate":"https:\/\/southbourneschool.co.uk\/?s={search_term_string}"},"query-input":{"@type":"PropertyValueSpecification","valueRequired":true,"valueName":"search_term_string"}}],"inLanguage":"de-CH"},{"@type":"Organization","@id":"https:\/\/southbourneschool.co.uk\/#organization","name":"Southbourne Schule f\u00fcr Englisch","alternateName":"SSE","url":"https:\/\/southbourneschool.co.uk\/","logo":{"@type":"ImageObject","inLanguage":"de-CH","@id":"https:\/\/southbourneschool.co.uk\/#\/schema\/logo\/image\/","url":"https:\/\/southbourneschool.co.uk\/wp-content\/uploads\/2026\/01\/SSE-60-Year-Anniversary-Logo.png","contentUrl":"https:\/\/southbourneschool.co.uk\/wp-content\/uploads\/2026\/01\/SSE-60-Year-Anniversary-Logo.png","width":1964,"height":1965,"caption":"Southbourne School of English"},"image":{"@id":"https:\/\/southbourneschool.co.uk\/#\/schema\/logo\/image\/"},"sameAs":["https:\/\/www.facebook.com\/SouthbourneSchool\/","https:\/\/x.com\/SouthbourneSofE","https:\/\/www.instagram.com\/southbourneschoolofenglish\/","https:\/\/www.tiktok.com\/@southbourne","https:\/\/www.youtube.com\/@southbourneschoolofenglish4522"]}]}},"featured_image_src":null,"featured_image_src_square":null,"_links":{"self":[{"href":"https:\/\/southbourneschool.co.uk\/de\/wp-json\/wp\/v2\/pages\/1051","targetHints":{"allow":["GET"]}}],"collection":[{"href":"https:\/\/southbourneschool.co.uk\/de\/wp-json\/wp\/v2\/pages"}],"about":[{"href":"https:\/\/southbourneschool.co.uk\/de\/wp-json\/wp\/v2\/types\/page"}],"author":[{"embeddable":true,"href":"https:\/\/southbourneschool.co.uk\/de\/wp-json\/wp\/v2\/users\/12312401"}],"replies":[{"embeddable":true,"href":"https:\/\/southbourneschool.co.uk\/de\/wp-json\/wp\/v2\/comments?post=1051"}],"version-history":[{"count":0,"href":"https:\/\/southbourneschool.co.uk\/de\/wp-json\/wp\/v2\/pages\/1051\/revisions"}],"up":[{"embeddable":true,"href":"https:\/\/southbourneschool.co.uk\/de\/wp-json\/wp\/v2\/pages\/611"}],"wp:attachment":[{"href":"https:\/\/southbourneschool.co.uk\/de\/wp-json\/wp\/v2\/media?parent=1051"}],"curies":[{"name":"wp","href":"https:\/\/api.w.org\/{rel}","templated":true}]}}