{"id":672,"date":"2018-08-16T15:29:39","date_gmt":"2018-08-16T14:29:39","guid":{"rendered":"https:\/\/southbournese.wpengine.com\/?page_id=672"},"modified":"2025-10-08T15:33:31","modified_gmt":"2025-10-08T14:33:31","slug":"reisen-nach-grosbritannien","status":"publish","type":"page","link":"https:\/\/southbourneschool.co.uk\/de\/studying-in-bournemouth\/travelling-to-britain\/","title":{"rendered":"Reisen nach Gro\u00dfbritannien"},"content":{"rendered":"<section data-vc-full-width=\"true\" data-vc-full-width-init=\"false\" data-vc-stretch-content=\"true\" class=\"vc_section vc_custom_1723113757416 vc_section-has-fill\"><\/section><div class=\"vc_row-full-width vc_clearfix\"><\/div><div class=\"vc_row wpb_row vc_row-fluid vc_custom_1532605005893\"><div class=\"wpb_column vc_column_container vc_col-sm-8\"><div class=\"vc_column-inner vc_custom_1534429877191\"><div class=\"wpb_wrapper\"><h1 style=\"text-align: left\" class=\"vc_custom_heading vc_custom_1534429314116\" >Reisen nach Gro\u00dfbritannien<\/h1><h4 style=\"text-align: left\" class=\"vc_custom_heading vc_custom_1539937626444\" >Um Sie auf Ihren Aufenthalt in England vorzubereiten, versuchen wir, Ihnen so viele Informationen wie m\u00f6glich zur Verf\u00fcgung zu stellen.<\/h4>\n\t<div class=\"wpb_text_column wpb_content_element  vc_custom_1723113849209\" >\n\t\t<div class=\"wpb_wrapper\">\n\t\t\t<h2>Was Sie mitbringen sollten<\/h2>\n<p>Wir haben unsere Studenten gefragt, was sie am liebsten mit nach England genommen h\u00e4tten, um ihren Aufenthalt optimal zu nutzen. Wir haben diese Liste zusammengestellt, um Ihnen einige Anregungen zu geben.<\/p>\n<h3>Klima und Kleidung<\/h3>\n<p>Das Wetter in Gro\u00dfbritannien ist bekanntlich wechselhaft! Seien Sie also vorbereitet.<\/p>\n<p>Im Winter (etwa von November bis M\u00e4rz) kann es ziemlich nass und kalt sein. Ein warmer Mantel, eine M\u00fctze, ein Schal, Handschuhe und ein Regenschirm sind daher ratsam. Warme Winterkleidung ist hier wahrscheinlich g\u00fcnstiger und einfacher zu kaufen als in Ihrem Heimatland.<\/p>\n<p>Die Sommer k\u00f6nnen gelegentlich regnerisch und bew\u00f6lkt sein, sind aber meist angenehm und warm. Die Tage sind lang und es bleibt bis sp\u00e4t in den Abend hell.<\/p>\n\n\t\t<\/div>\n\t<\/div>\n<\/div><\/div><\/div><div class=\"wpb_column vc_column_container vc_col-sm-4 vc_hidden-xs\"><div class=\"vc_column-inner\"><div class=\"wpb_wrapper\"><div  class=\"vc_wp_custommenu wpb_content_element child-page-menu\"><div class=\"widget widget_nav_menu\"><div class=\"menu-studying-in-bournemouth-child-container\"><ul id=\"menu-studying-in-bournemouth-child\" class=\"menu\"><li id=\"menu-item-688\" class=\"menu-item menu-item-type-post_type menu-item-object-page menu-item-has-children menu-item-688 msm-top-level-item\"><a href=\"https:\/\/southbourneschool.co.uk\/de\/studying-in-bournemouth\/\">Studieren in Bournemouth<\/a>\n<ul class=\"sub-menu\">\n\t<li id=\"menu-item-687\" class=\"menu-item menu-item-type-post_type menu-item-object-page menu-item-687\"><a href=\"https:\/\/southbourneschool.co.uk\/de\/studying-in-bournemouth\/travelling-to-britain\/\">Reisen nach Gro\u00dfbritannien<\/a><\/li>\n\t<li id=\"menu-item-705\" class=\"menu-item menu-item-type-post_type menu-item-object-page menu-item-705\"><a href=\"https:\/\/southbourneschool.co.uk\/de\/studying-in-bournemouth\/school-activities\/\">Schulische Aktivit\u00e4ten<\/a><\/li>\n\t<li id=\"menu-item-704\" class=\"menu-item menu-item-type-post_type menu-item-object-page menu-item-704\"><a href=\"https:\/\/southbourneschool.co.uk\/de\/studying-in-bournemouth\/our-location\/\">Unser Standort<\/a><\/li>\n\t<li id=\"menu-item-723\" class=\"menu-item menu-item-type-post_type menu-item-object-page menu-item-723\"><a href=\"https:\/\/southbourneschool.co.uk\/de\/studying-in-bournemouth\/accommodation-welfare\/\">Unterkunft und Soziales<\/a><\/li>\n\t<li id=\"menu-item-729\" class=\"menu-item menu-item-type-post_type menu-item-object-page menu-item-729\"><a href=\"https:\/\/southbourneschool.co.uk\/de\/studying-in-bournemouth\/accommodation-welfare\/homestay\/\">Gastfamilie<\/a><\/li>\n\t<li id=\"menu-item-733\" class=\"menu-item menu-item-type-post_type menu-item-object-page menu-item-733\"><a href=\"https:\/\/southbourneschool.co.uk\/de\/studying-in-bournemouth\/accommodation-welfare\/guesthouses-hotels\/\">G\u00e4steh\u00e4user &amp; Hotels<\/a><\/li>\n<\/ul>\n<\/li>\n<\/ul><\/div><\/div><\/div><\/div><\/div><\/div><\/div><div class=\"vc_row wpb_row vc_row-fluid vc_custom_1490099324525 vc_column-gap-10\"><div class=\"wpb_column vc_column_container vc_col-sm-6\"><div class=\"vc_column-inner vc_custom_1534428781206\"><div class=\"wpb_wrapper\">\n\t<div  class=\"wpb_single_image wpb_content_element vc_align_center\">\n\t\t\n\t\t<figure class=\"wpb_wrapper vc_figure\">\n\t\t\t<div class=\"vc_single_image-wrapper   vc_box_border_grey\"><img loading=\"lazy\" decoding=\"async\" class=\"vc_single_image-img\" src=\"https:\/\/southbourneschool.co.uk\/wp-content\/uploads\/2024\/08\/iStock-1386266551-600x600.jpg\" width=\"600\" height=\"600\" alt=\"Frau packt ihren Koffer.\" title=\"Frau packt ihren Koffer.\" \/><\/div>\n\t\t<\/figure>\n\t<\/div>\n\n\t<div class=\"wpb_text_column wpb_content_element  vc_custom_1539937701033\" >\n\t\t<div class=\"wpb_wrapper\">\n\t\t\t<h3>Zubeh\u00f6r und kleine Extras<\/h3>\n<ul>\n<li>Ein g\u00fcltiger Reisepass (ggf. mit Visum). Es empfiehlt sich, auch eine Fotokopie mitzubringen.<\/li>\n<li>Britische W\u00e4hrung. Etwa 250 \u00a3 sollten f\u00fcr den Anfang ausreichen.<\/li>\n<li>Sonnencreme.<\/li>\n<li>Ladeger\u00e4te f\u00fcr elektrische Ger\u00e4te wie Ihr Telefon oder Ihre Kamera. Und ein Adapter f\u00fcr Gro\u00dfbritannien \u2013 dreipolig \u2013 220\u2013240 Volt.<\/li>\n<li>Entsperrtes Mobiltelefon (wir verkaufen SIM-Karten in der Schule).<\/li>\n<li>Laptop\/Smartphone.<\/li>\n<li>Schulrucksack f\u00fcr B\u00fccher und Akten.<\/li>\n<li>Notizbuch.<\/li>\n<li>Stifte\/Bleistifte.<\/li>\n<li>Handt\u00fccher (Wohnkurse)<\/li>\n<\/ul>\n\n\t\t<\/div>\n\t<\/div>\n<\/div><\/div><\/div><div class=\"wpb_column vc_column_container vc_col-sm-6\"><div class=\"vc_column-inner\"><div class=\"wpb_wrapper\">\n\t<div class=\"wpb_text_column wpb_content_element  vc_custom_1723115208639\" >\n\t\t<div class=\"wpb_wrapper\">\n\t\t\t<h3>Kleidungsvorschl\u00e4ge f\u00fcr einen 2-w\u00f6chigen Besuch<\/h3>\n<ul>\n<li>Jeans \u2013 Sie sind praktisch, wenn es kalt ist.<\/li>\n<li>Schickere Oberteile\/Hemden\/Kleider \u2013 Bringen Sie etwas Sch\u00f6nes zum Anziehen f\u00fcr unsere organisierten Abendaktivit\u00e4ten, Diskotheken und gesellschaftlich-kulturellen Themenabende mit.<\/li>\n<li>Keine Jeanshosen \u2013 Jeans sind bei Regen nicht so gut. Nehmen Sie eine andere Option mit, die schneller trocknet.<\/li>\n<li>Badeanzug<\/li>\n<li>Lang\u00e4rmlige T-Shirts \u2013 Halten Sie im Winter warm und im Sommer vor der Sonne gesch\u00fctzt.<\/li>\n<li>Wasserdichte Jacke \u2013 Eine leichte oder faltbare Jacke, die nicht viel Platz einnimmt. Sie k\u00f6nnen sie bei unerwarteten Regenschauern in Ihre Tagestasche packen.<\/li>\n<li>Tr\u00e4gertops \u2013 Im Winter unter den Langarmshirts und im Sommer allein tragbar.<\/li>\n<li>1\u20132 Sportoutfits \u2013 Kapuzenoberteil, Trainingshose, Shorts.<\/li>\n<li>T-Shirts f\u00fcr jeden Tag<\/li>\n<li>Schuhe \u2013 Turnschuhe, Lederschuhe, Flip-Flops.<\/li>\n<li>Fleece\/Pullover\/Cardigan \u2013 Gut f\u00fcr k\u00e4ltere Tage oder Abende.<\/li>\n<li>Shorts \u2013 F\u00fcr die hei\u00dfen Monate Juli und August.<\/li>\n<li>M\u00fctze\/Hut f\u00fcr den Strand<\/li>\n<\/ul>\n\n\t\t<\/div>\n\t<\/div>\n\n\t<div  class=\"wpb_single_image wpb_content_element vc_align_center\">\n\t\t\n\t\t<figure class=\"wpb_wrapper vc_figure\">\n\t\t\t<div class=\"vc_single_image-wrapper   vc_box_border_grey\"><img loading=\"lazy\" decoding=\"async\" width=\"2120\" height=\"1414\" src=\"https:\/\/southbourneschool.co.uk\/wp-content\/uploads\/2024\/08\/iStock-1587648434.jpg\" class=\"vc_single_image-img attachment-full\" alt=\"Frau mit Reisepass, Smartphone und Koffer\" srcset=\"https:\/\/southbourneschool.co.uk\/wp-content\/uploads\/2024\/08\/iStock-1587648434.jpg 2120w, https:\/\/southbourneschool.co.uk\/wp-content\/uploads\/2024\/08\/iStock-1587648434-300x200.jpg 300w, https:\/\/southbourneschool.co.uk\/wp-content\/uploads\/2024\/08\/iStock-1587648434-1024x683.jpg 1024w, https:\/\/southbourneschool.co.uk\/wp-content\/uploads\/2024\/08\/iStock-1587648434-18x12.jpg 18w\" sizes=\"auto, (max-width: 2120px) 100vw, 2120px\" \/><\/div>\n\t\t<\/figure>\n\t<\/div>\n<\/div><\/div><\/div><\/div>","protected":false},"excerpt":{"rendered":"Reise nach Gro\u00dfbritannien: Um Sie bestm\u00f6glich auf Ihren Aufenthalt in England vorzubereiten, stellen wir Ihnen so viele Informationen wie m\u00f6glich zur Verf\u00fcgung. Was Sie mitbringen sollten: Wir haben unsere Studenten gefragt, was sie sich gew\u00fcnscht h\u00e4tten, f\u00fcr ihren Aufenthalt in England dabei gehabt zu haben.&nbsp;<a href=\"https:\/\/southbourneschool.co.uk\/de\/studying-in-bournemouth\/travelling-to-britain\/\">...<\/a>","protected":false},"author":12312401,"featured_media":3358,"parent":666,"menu_order":0,"comment_status":"closed","ping_status":"closed","template":"","meta":{"footnotes":""},"class_list":["post-672","page","type-page","status-publish","has-post-thumbnail","hentry","odd"],"yoast_head":"<!-- This site is optimized with the Yoast SEO plugin v27.5 - https:\/\/yoast.com\/product\/yoast-seo-wordpress\/ -->\n<title>Travelling to Britain - Guide - Southbourne School of English<\/title>\n<meta name=\"description\" content=\"To help prepare you for your stay in England, here is our guide on what to bring when you are planning to travel to Britain!\" \/>\n<meta name=\"robots\" content=\"index, follow, max-snippet:-1, max-image-preview:large, max-video-preview:-1\" \/>\n<link rel=\"canonical\" href=\"https:\/\/southbourneschool.co.uk\/de\/studieren-in-bournemouth\/reisen-nach-grosbritannien\/\" \/>\n<meta property=\"og:locale\" content=\"de_DE\" \/>\n<meta property=\"og:type\" content=\"article\" \/>\n<meta property=\"og:title\" content=\"Travelling to Britain - Guide - Southbourne School of English\" \/>\n<meta property=\"og:description\" content=\"To help prepare you for your stay in England, here is our guide on what to bring when you are planning to travel to Britain!\" \/>\n<meta property=\"og:url\" content=\"https:\/\/southbourneschool.co.uk\/de\/studieren-in-bournemouth\/reisen-nach-grosbritannien\/\" \/>\n<meta property=\"og:site_name\" content=\"Southbourne School of English\" \/>\n<meta property=\"article:publisher\" content=\"https:\/\/www.facebook.com\/SouthbourneSchool\/\" \/>\n<meta property=\"article:modified_time\" content=\"2025-10-08T14:33:31+00:00\" \/>\n<meta property=\"og:image\" content=\"https:\/\/southbourneschool.co.uk\/wp-content\/uploads\/2024\/08\/iStock-1201478111-1024x683.jpg\" \/>\n\t<meta property=\"og:image:width\" content=\"1024\" \/>\n\t<meta property=\"og:image:height\" content=\"683\" \/>\n\t<meta property=\"og:image:type\" content=\"image\/jpeg\" \/>\n<meta name=\"twitter:card\" content=\"summary_large_image\" \/>\n<meta name=\"twitter:site\" content=\"@SouthbourneSofE\" \/>\n<meta name=\"twitter:label1\" content=\"Gesch\u00e4tzte Lesezeit\" \/>\n\t<meta name=\"twitter:data1\" content=\"3\u00a0Minuten\" \/>\n<script type=\"application\/ld+json\" class=\"yoast-schema-graph\">{\"@context\":\"https:\\\/\\\/schema.org\",\"@graph\":[{\"@type\":\"WebPage\",\"@id\":\"https:\\\/\\\/southbourneschool.co.uk\\\/studying-in-bournemouth\\\/travelling-to-britain\\\/\",\"url\":\"https:\\\/\\\/southbourneschool.co.uk\\\/studying-in-bournemouth\\\/travelling-to-britain\\\/\",\"name\":\"Travelling to Britain - Guide - Southbourne School of English\",\"isPartOf\":{\"@id\":\"https:\\\/\\\/southbourneschool.co.uk\\\/#website\"},\"primaryImageOfPage\":{\"@id\":\"https:\\\/\\\/southbourneschool.co.uk\\\/studying-in-bournemouth\\\/travelling-to-britain\\\/#primaryimage\"},\"image\":{\"@id\":\"https:\\\/\\\/southbourneschool.co.uk\\\/studying-in-bournemouth\\\/travelling-to-britain\\\/#primaryimage\"},\"thumbnailUrl\":\"https:\\\/\\\/southbourneschool.co.uk\\\/wp-content\\\/uploads\\\/2024\\\/08\\\/iStock-1201478111.jpg\",\"datePublished\":\"2018-08-16T14:29:39+00:00\",\"dateModified\":\"2025-10-08T14:33:31+00:00\",\"description\":\"To help prepare you for your stay in England, here is our guide on what to bring when you are planning to travel to Britain!\",\"breadcrumb\":{\"@id\":\"https:\\\/\\\/southbourneschool.co.uk\\\/studying-in-bournemouth\\\/travelling-to-britain\\\/#breadcrumb\"},\"inLanguage\":\"de-CH\",\"potentialAction\":[{\"@type\":\"ReadAction\",\"target\":[\"https:\\\/\\\/southbourneschool.co.uk\\\/studying-in-bournemouth\\\/travelling-to-britain\\\/\"]}]},{\"@type\":\"ImageObject\",\"inLanguage\":\"de-CH\",\"@id\":\"https:\\\/\\\/southbourneschool.co.uk\\\/studying-in-bournemouth\\\/travelling-to-britain\\\/#primaryimage\",\"url\":\"https:\\\/\\\/southbourneschool.co.uk\\\/wp-content\\\/uploads\\\/2024\\\/08\\\/iStock-1201478111.jpg\",\"contentUrl\":\"https:\\\/\\\/southbourneschool.co.uk\\\/wp-content\\\/uploads\\\/2024\\\/08\\\/iStock-1201478111.jpg\",\"width\":2121,\"height\":1414,\"caption\":\"A view of London from a commercial flight, with the towers of London's financial centre, the City of London visible below the wingtip, and Tower Bridge at the bottom of the image.\"},{\"@type\":\"BreadcrumbList\",\"@id\":\"https:\\\/\\\/southbourneschool.co.uk\\\/studying-in-bournemouth\\\/travelling-to-britain\\\/#breadcrumb\",\"itemListElement\":[{\"@type\":\"ListItem\",\"position\":1,\"name\":\"Home\",\"item\":\"https:\\\/\\\/southbourneschool.co.uk\\\/\"},{\"@type\":\"ListItem\",\"position\":2,\"name\":\"Studying in Bournemouth\",\"item\":\"https:\\\/\\\/southbourneschool.co.uk\\\/studying-in-bournemouth\\\/\"},{\"@type\":\"ListItem\",\"position\":3,\"name\":\"Travelling to Britain\"}]},{\"@type\":\"WebSite\",\"@id\":\"https:\\\/\\\/southbourneschool.co.uk\\\/#website\",\"url\":\"https:\\\/\\\/southbourneschool.co.uk\\\/\",\"name\":\"Southbourne School of English\",\"description\":\"We make learning English fun. A language school in Bournemouth, ideally located by the sea in a suburb of Bournemouth called Southbourne, one of the UK\u2019s most popular locations for international students.\",\"publisher\":{\"@id\":\"https:\\\/\\\/southbourneschool.co.uk\\\/#organization\"},\"potentialAction\":[{\"@type\":\"SearchAction\",\"target\":{\"@type\":\"EntryPoint\",\"urlTemplate\":\"https:\\\/\\\/southbourneschool.co.uk\\\/?s={search_term_string}\"},\"query-input\":{\"@type\":\"PropertyValueSpecification\",\"valueRequired\":true,\"valueName\":\"search_term_string\"}}],\"inLanguage\":\"de-CH\"},{\"@type\":\"Organization\",\"@id\":\"https:\\\/\\\/southbourneschool.co.uk\\\/#organization\",\"name\":\"Southbourne School of English\",\"alternateName\":\"SSE\",\"url\":\"https:\\\/\\\/southbourneschool.co.uk\\\/\",\"logo\":{\"@type\":\"ImageObject\",\"inLanguage\":\"de-CH\",\"@id\":\"https:\\\/\\\/southbourneschool.co.uk\\\/#\\\/schema\\\/logo\\\/image\\\/\",\"url\":\"https:\\\/\\\/southbourneschool.co.uk\\\/wp-content\\\/uploads\\\/2026\\\/01\\\/SSE-60-Year-Anniversary-Logo.png\",\"contentUrl\":\"https:\\\/\\\/southbourneschool.co.uk\\\/wp-content\\\/uploads\\\/2026\\\/01\\\/SSE-60-Year-Anniversary-Logo.png\",\"width\":1964,\"height\":1965,\"caption\":\"Southbourne School of English\"},\"image\":{\"@id\":\"https:\\\/\\\/southbourneschool.co.uk\\\/#\\\/schema\\\/logo\\\/image\\\/\"},\"sameAs\":[\"https:\\\/\\\/www.facebook.com\\\/SouthbourneSchool\\\/\",\"https:\\\/\\\/x.com\\\/SouthbourneSofE\",\"https:\\\/\\\/www.instagram.com\\\/southbourneschoolofenglish\\\/\",\"https:\\\/\\\/www.tiktok.com\\\/@southbourne\",\"https:\\\/\\\/www.youtube.com\\\/@southbourneschoolofenglish4522\"]}]}<\/script>\n<!-- \/ Yoast SEO plugin. -->","yoast_head_json":{"title":"Reisen nach Gro\u00dfbritannien - Reisef\u00fchrer - Southbourne School of English","description":"Um Sie auf Ihren Aufenthalt in England vorzubereiten, finden Sie hier unseren Leitfaden, was Sie mitbringen sollten, wenn Sie eine Reise nach Gro\u00dfbritannien planen!","robots":{"index":"index","follow":"follow","max-snippet":"max-snippet:-1","max-image-preview":"max-image-preview:large","max-video-preview":"max-video-preview:-1"},"canonical":"https:\/\/southbourneschool.co.uk\/de\/studieren-in-bournemouth\/reisen-nach-grosbritannien\/","og_locale":"de_DE","og_type":"article","og_title":"Travelling to Britain - Guide - Southbourne School of English","og_description":"To help prepare you for your stay in England, here is our guide on what to bring when you are planning to travel to Britain!","og_url":"https:\/\/southbourneschool.co.uk\/de\/studieren-in-bournemouth\/reisen-nach-grosbritannien\/","og_site_name":"Southbourne School of English","article_publisher":"https:\/\/www.facebook.com\/SouthbourneSchool\/","article_modified_time":"2025-10-08T14:33:31+00:00","og_image":[{"width":1024,"height":683,"url":"https:\/\/southbourneschool.co.uk\/wp-content\/uploads\/2024\/08\/iStock-1201478111-1024x683.jpg","type":"image\/jpeg"}],"twitter_card":"summary_large_image","twitter_site":"@SouthbourneSofE","twitter_misc":{"Gesch\u00e4tzte Lesezeit":"3\u00a0Minuten"},"schema":{"@context":"https:\/\/schema.org","@graph":[{"@type":"WebPage","@id":"https:\/\/southbourneschool.co.uk\/studying-in-bournemouth\/travelling-to-britain\/","url":"https:\/\/southbourneschool.co.uk\/studying-in-bournemouth\/travelling-to-britain\/","name":"Reisen nach Gro\u00dfbritannien - Reisef\u00fchrer - Southbourne School of English","isPartOf":{"@id":"https:\/\/southbourneschool.co.uk\/#website"},"primaryImageOfPage":{"@id":"https:\/\/southbourneschool.co.uk\/studying-in-bournemouth\/travelling-to-britain\/#primaryimage"},"image":{"@id":"https:\/\/southbourneschool.co.uk\/studying-in-bournemouth\/travelling-to-britain\/#primaryimage"},"thumbnailUrl":"https:\/\/southbourneschool.co.uk\/wp-content\/uploads\/2024\/08\/iStock-1201478111.jpg","datePublished":"2018-08-16T14:29:39+00:00","dateModified":"2025-10-08T14:33:31+00:00","description":"Um Sie auf Ihren Aufenthalt in England vorzubereiten, finden Sie hier unseren Leitfaden, was Sie mitbringen sollten, wenn Sie eine Reise nach Gro\u00dfbritannien planen!","breadcrumb":{"@id":"https:\/\/southbourneschool.co.uk\/studying-in-bournemouth\/travelling-to-britain\/#breadcrumb"},"inLanguage":"de-CH","potentialAction":[{"@type":"ReadAction","target":["https:\/\/southbourneschool.co.uk\/studying-in-bournemouth\/travelling-to-britain\/"]}]},{"@type":"ImageObject","inLanguage":"de-CH","@id":"https:\/\/southbourneschool.co.uk\/studying-in-bournemouth\/travelling-to-britain\/#primaryimage","url":"https:\/\/southbourneschool.co.uk\/wp-content\/uploads\/2024\/08\/iStock-1201478111.jpg","contentUrl":"https:\/\/southbourneschool.co.uk\/wp-content\/uploads\/2024\/08\/iStock-1201478111.jpg","width":2121,"height":1414,"caption":"A view of London from a commercial flight, with the towers of London's financial centre, the City of London visible below the wingtip, and Tower Bridge at the bottom of the image."},{"@type":"BreadcrumbList","@id":"https:\/\/southbourneschool.co.uk\/studying-in-bournemouth\/travelling-to-britain\/#breadcrumb","itemListElement":[{"@type":"ListItem","position":1,"name":"Home","item":"https:\/\/southbourneschool.co.uk\/"},{"@type":"ListItem","position":2,"name":"Studying in Bournemouth","item":"https:\/\/southbourneschool.co.uk\/studying-in-bournemouth\/"},{"@type":"ListItem","position":3,"name":"Travelling to Britain"}]},{"@type":"WebSite","@id":"https:\/\/southbourneschool.co.uk\/#website","url":"https:\/\/southbourneschool.co.uk\/","name":"Southbourne Schule f\u00fcr Englisch","description":"Bei uns macht Englisch lernen Spa\u00df. Eine Sprachschule in Bournemouth, ideal gelegen am Meer in einem Vorort von Bournemouth namens Southbourne, einem der beliebtesten Orte Gro\u00dfbritanniens f\u00fcr internationale Studenten.","publisher":{"@id":"https:\/\/southbourneschool.co.uk\/#organization"},"potentialAction":[{"@type":"SearchAction","target":{"@type":"EntryPoint","urlTemplate":"https:\/\/southbourneschool.co.uk\/?s={search_term_string}"},"query-input":{"@type":"PropertyValueSpecification","valueRequired":true,"valueName":"search_term_string"}}],"inLanguage":"de-CH"},{"@type":"Organization","@id":"https:\/\/southbourneschool.co.uk\/#organization","name":"Southbourne Schule f\u00fcr Englisch","alternateName":"SSE","url":"https:\/\/southbourneschool.co.uk\/","logo":{"@type":"ImageObject","inLanguage":"de-CH","@id":"https:\/\/southbourneschool.co.uk\/#\/schema\/logo\/image\/","url":"https:\/\/southbourneschool.co.uk\/wp-content\/uploads\/2026\/01\/SSE-60-Year-Anniversary-Logo.png","contentUrl":"https:\/\/southbourneschool.co.uk\/wp-content\/uploads\/2026\/01\/SSE-60-Year-Anniversary-Logo.png","width":1964,"height":1965,"caption":"Southbourne School of English"},"image":{"@id":"https:\/\/southbourneschool.co.uk\/#\/schema\/logo\/image\/"},"sameAs":["https:\/\/www.facebook.com\/SouthbourneSchool\/","https:\/\/x.com\/SouthbourneSofE","https:\/\/www.instagram.com\/southbourneschoolofenglish\/","https:\/\/www.tiktok.com\/@southbourne","https:\/\/www.youtube.com\/@southbourneschoolofenglish4522"]}]}},"featured_image_src":"https:\/\/southbourneschool.co.uk\/wp-content\/uploads\/2024\/08\/iStock-1201478111-600x400.jpg","featured_image_src_square":"https:\/\/southbourneschool.co.uk\/wp-content\/uploads\/2024\/08\/iStock-1201478111-600x600.jpg","_links":{"self":[{"href":"https:\/\/southbourneschool.co.uk\/de\/wp-json\/wp\/v2\/pages\/672","targetHints":{"allow":["GET"]}}],"collection":[{"href":"https:\/\/southbourneschool.co.uk\/de\/wp-json\/wp\/v2\/pages"}],"about":[{"href":"https:\/\/southbourneschool.co.uk\/de\/wp-json\/wp\/v2\/types\/page"}],"author":[{"embeddable":true,"href":"https:\/\/southbourneschool.co.uk\/de\/wp-json\/wp\/v2\/users\/12312401"}],"replies":[{"embeddable":true,"href":"https:\/\/southbourneschool.co.uk\/de\/wp-json\/wp\/v2\/comments?post=672"}],"version-history":[{"count":0,"href":"https:\/\/southbourneschool.co.uk\/de\/wp-json\/wp\/v2\/pages\/672\/revisions"}],"up":[{"embeddable":true,"href":"https:\/\/southbourneschool.co.uk\/de\/wp-json\/wp\/v2\/pages\/666"}],"wp:featuredmedia":[{"embeddable":true,"href":"https:\/\/southbourneschool.co.uk\/de\/wp-json\/wp\/v2\/media\/3358"}],"wp:attachment":[{"href":"https:\/\/southbourneschool.co.uk\/de\/wp-json\/wp\/v2\/media?parent=672"}],"curies":[{"name":"wp","href":"https:\/\/api.w.org\/{rel}","templated":true}]}}