{"id":706,"date":"2018-08-16T16:00:39","date_gmt":"2018-08-16T15:00:39","guid":{"rendered":"https:\/\/southbournese.wpengine.com\/?page_id=706"},"modified":"2024-10-16T15:50:47","modified_gmt":"2024-10-16T14:50:47","slug":"unterkunft-wohlfahrt","status":"publish","type":"page","link":"https:\/\/southbourneschool.co.uk\/de\/studying-in-bournemouth\/accommodation-welfare\/","title":{"rendered":"Unterkunft und Soziales"},"content":{"rendered":"<section data-vc-full-width=\"true\" data-vc-full-width-init=\"false\" data-vc-stretch-content=\"true\" class=\"vc_section vc_custom_1723040277974 vc_section-has-fill\"><\/section><div class=\"vc_row-full-width vc_clearfix\"><\/div><div class=\"vc_row wpb_row vc_row-fluid vc_custom_1532605005893\"><div class=\"wpb_column vc_column_container vc_col-sm-8\"><div class=\"vc_column-inner vc_custom_1534429877191\"><div class=\"wpb_wrapper\"><h1 style=\"text-align: left\" class=\"vc_custom_heading vc_custom_1534431313579\" >Unterkunft und Soziales<\/h1><h4 style=\"text-align: left\" class=\"vc_custom_heading vc_custom_1712919193342\" >Wir m\u00f6chten, dass sich unsere Sch\u00fcler wie in einem \u201ezweiten Zuhause\u201c f\u00fchlen.<\/h4>\n\t<div class=\"wpb_text_column wpb_content_element  vc_custom_1712919557153\" >\n\t\t<div class=\"wpb_wrapper\">\n\t\t\t<p>Wir m\u00f6chten, dass der Aufenthalt unserer Sch\u00fcler an der Southbourne School of English so angenehm und unvergesslich wie m\u00f6glich wird. Nach dem Unterricht haben die Sch\u00fcler die M\u00f6glichkeit, Zeit mit ihren Gastgebern zu verbringen oder an optionalen Abendaktivit\u00e4ten teilzunehmen.<\/p>\n<p>Die Unterbringung in einer Gastfamilie ist bei Studenten sehr beliebt, da sie einen gro\u00dfen Einfluss darauf hat, wie gut sie Englisch lernen und die britische Kultur kennenlernen.<\/p>\n<p>Unser engagierter Unterkunftsbeauftragter vermittelt Sch\u00fclern ab 10 Jahren Unterk\u00fcnfte in Gastfamilien, die entweder zu Fu\u00df oder mit einer kurzen Busfahrt von der Schule aus erreichbar sind.<\/p>\n\n\t\t<\/div>\n\t<\/div>\n<\/div><\/div><\/div><div class=\"wpb_column vc_column_container vc_col-sm-4 vc_hidden-xs\"><div class=\"vc_column-inner\"><div class=\"wpb_wrapper\"><div  class=\"vc_wp_custommenu wpb_content_element child-page-menu\"><div class=\"widget widget_nav_menu\"><div class=\"menu-studying-in-bournemouth-child-container\"><ul id=\"menu-studying-in-bournemouth-child\" class=\"menu\"><li id=\"menu-item-688\" class=\"menu-item menu-item-type-post_type menu-item-object-page menu-item-has-children menu-item-688 msm-top-level-item\"><a href=\"https:\/\/southbourneschool.co.uk\/de\/studying-in-bournemouth\/\">Studieren in Bournemouth<\/a>\n<ul class=\"sub-menu\">\n\t<li id=\"menu-item-687\" class=\"menu-item menu-item-type-post_type menu-item-object-page menu-item-687\"><a href=\"https:\/\/southbourneschool.co.uk\/de\/studying-in-bournemouth\/travelling-to-britain\/\">Reisen nach Gro\u00dfbritannien<\/a><\/li>\n\t<li id=\"menu-item-705\" class=\"menu-item menu-item-type-post_type menu-item-object-page menu-item-705\"><a href=\"https:\/\/southbourneschool.co.uk\/de\/studying-in-bournemouth\/school-activities\/\">Schulische Aktivit\u00e4ten<\/a><\/li>\n\t<li id=\"menu-item-704\" class=\"menu-item menu-item-type-post_type menu-item-object-page menu-item-704\"><a href=\"https:\/\/southbourneschool.co.uk\/de\/studying-in-bournemouth\/our-location\/\">Unser Standort<\/a><\/li>\n\t<li id=\"menu-item-723\" class=\"menu-item menu-item-type-post_type menu-item-object-page menu-item-723\"><a href=\"https:\/\/southbourneschool.co.uk\/de\/studying-in-bournemouth\/accommodation-welfare\/\">Unterkunft und Soziales<\/a><\/li>\n\t<li id=\"menu-item-729\" class=\"menu-item menu-item-type-post_type menu-item-object-page menu-item-729\"><a href=\"https:\/\/southbourneschool.co.uk\/de\/studying-in-bournemouth\/accommodation-welfare\/homestay\/\">Gastfamilie<\/a><\/li>\n\t<li id=\"menu-item-733\" class=\"menu-item menu-item-type-post_type menu-item-object-page menu-item-733\"><a href=\"https:\/\/southbourneschool.co.uk\/de\/studying-in-bournemouth\/accommodation-welfare\/guesthouses-hotels\/\">G\u00e4steh\u00e4user &amp; Hotels<\/a><\/li>\n<\/ul>\n<\/li>\n<\/ul><\/div><\/div><\/div><\/div><\/div><\/div><\/div><div class=\"vc_row wpb_row vc_row-fluid vc_custom_1490099324525 vc_column-gap-10\"><div class=\"wpb_column vc_column_container vc_col-sm-9\"><div class=\"vc_column-inner\"><div class=\"wpb_wrapper\">\n\t<div class=\"wpb_text_column wpb_content_element  vc_custom_1729090244571\" >\n\t\t<div class=\"wpb_wrapper\">\n\t\t\t<h2>Unterkunft und Soziales<\/h2>\n<p>Die Beauftragten f\u00fcr Unterkunft und Soziales sorgen daf\u00fcr, dass unsere Studierenden gl\u00fccklich und gesund sind. Egal, wie gro\u00df oder klein das Problem ist, sie sind da, um zu helfen.<\/p>\n<p>Die meisten Studierenden wenden sich bei medizinischen Fragen an den Arzt oder Zahnarzt ihres Gastes. Wir helfen Ihnen jedoch gerne bei der Terminvereinbarung. Vor Ihrer Reise nach Gro\u00dfbritannien empfehlen wir Ihnen, eine Versicherung abzuschlie\u00dfen. Studierende aus der EU k\u00f6nnen eine britische GHIC-Karte beantragen.<\/p>\n<p>Wir haben au\u00dferdem eine 24-Stunden-Notfall-Hotline f\u00fcr Gastgeber und Studierende. Ein Mitarbeiter hilft Ihnen in Notf\u00e4llen au\u00dferhalb der \u00d6ffnungszeiten.<\/p>\n<p>\u00c4ltere Sch\u00fcler unter 18 Jahren, die alleine reisen, treffen sich einmal w\u00f6chentlich mit unserem Sozialarbeiter. Mit ihm besprechen sie alle Probleme und Schwierigkeiten, die sie bei der Eingew\u00f6hnung in England haben.<\/p>\n<p><em>*Details sind an der Schulrezeption erh\u00e4ltlich.<\/em><\/p>\n<h2>Wohlfahrt<\/h2>\n<p>In Gro\u00dfbritannien gilt jeder unter 18 Jahren als minderj\u00e4hrig. Wir m\u00fcssen uns besonders um Sch\u00fcler unter 18 Jahren k\u00fcmmern. Jede Woche findet ein Treffen mit unserem Sozialarbeiter Charlie f\u00fcr Sch\u00fcler im Alter von 15, 16 oder 17 Jahren statt, die nicht Teil einer Gruppe sind. Sch\u00fcler m\u00fcssen an diesem Treffen teilnehmen. Kathryn wird sich vergewissern, dass mit ihrem Aufenthalt alles in Ordnung ist. Bei Problemen oder Sorgen k\u00f6nnen Sch\u00fcler jederzeit mit Kathryn sprechen. Wenn sie ein privates Gespr\u00e4ch mit ihr w\u00fcnschen, wird sie ein Treffen mit ihnen vereinbaren.<\/p>\n<p>Wenn Sch\u00fcler nicht zur Schule kommen, meldet der Lehrer dies. Daher ist es wichtig, dass die Sch\u00fcler jeden Tag p\u00fcnktlich erscheinen. Bei Krankheit k\u00f6nnen sie mit unserem Sozialarbeiter sprechen, um einen Arzttermin zu vereinbaren.<\/p>\n<p>Wir bitten die Sch\u00fcler, h\u00f6flich zu sein und ihre Gastgeber beim Verlassen des Hauses \u00fcber ihr Ziel zu informieren. Wenn sie beispielsweise den Bus nach Hause verpassen und sich versp\u00e4ten, sollten sie die Gastgeber anrufen und informieren. Sch\u00fcler, die wir nicht erreichen k\u00f6nnen, werden bei der Polizei als vermisst gemeldet.<\/p>\n<p>Es ist wichtig, sich daran zu erinnern, dass im Vereinigten K\u00f6nigreich:<\/p>\n<ul>\n<li>Es ist illegal, Alkohol unter 18 Jahren zu kaufen<\/li>\n<li>Es ist illegal, Zigaretten unter 18 Jahren zu kaufen<\/li>\n<\/ul>\n<p>F\u00fcr Eltern ist es wichtig zu wissen, dass Sch\u00fcler, die einen Erwachsenenkurs besuchen (ab 15 Jahren), in den Pausen, nach der Schule und bei Abendaktivit\u00e4ten nicht beaufsichtigt werden.<\/p>\n<p>Die unbeaufsichtigten Ausgangssperren f\u00fcr unter 18-J\u00e4hrige variieren \u2013 unsere Schulrichtlinien lauten:<\/p>\n<p><strong>12 Jahre und j\u00fcnger<\/strong><br \/>\nNicht unbeaufsichtigt hinausgehen d\u00fcrfen<\/p>\n<p><strong>13-14-J\u00e4hrige<\/strong><br \/>\n21 Uhr<\/p>\n<p><strong>15-J\u00e4hrige<\/strong><br \/>\n22 Uhr<\/p>\n<p><strong>16-17-J\u00e4hrige<\/strong><br \/>\n23 Uhr<\/p>\n<p><strong>18+ Jahre alt<\/strong><br \/>\nKeine Ausgangssperre \u2013 sie erhalten von einem Gastgeber einen Schl\u00fcssel, sodass sie nach Bedarf und im Rahmen des Zumutbaren kommen und gehen k\u00f6nnen.<\/p>\n<p>Dies gilt, sofern der Agent, die Eltern oder der Gruppenleiter nichts anderes angegeben haben.<\/p>\n\n\t\t<\/div>\n\t<\/div>\n<\/div><\/div><\/div><\/div>","protected":false},"excerpt":{"rendered":"Accommodation &amp; WelfareWe want our students to feel like they are at a \u2018home away from home.\u2019 We want a student's stay at Southbourne School of English to be as comfortable and memorable as possible. After school there are opportunities for students to spend time&nbsp;<a href=\"https:\/\/southbourneschool.co.uk\/de\/studying-in-bournemouth\/accommodation-welfare\/\">...<\/a>","protected":false},"author":12312401,"featured_media":0,"parent":666,"menu_order":0,"comment_status":"closed","ping_status":"closed","template":"","meta":{"footnotes":""},"class_list":["post-706","page","type-page","status-publish","hentry","odd"],"yoast_head":"<!-- This site is optimized with the Yoast SEO plugin v27.5 - https:\/\/yoast.com\/product\/yoast-seo-wordpress\/ -->\n<title>Accommodation &amp; Welfare - Southbourne School of English<\/title>\n<meta name=\"description\" content=\"It makes a huge difference to how well you learn if you feel happy and at home in your choice of accommodation. That&#039;s why we want your stay at ...\" \/>\n<meta name=\"robots\" content=\"index, follow, max-snippet:-1, max-image-preview:large, max-video-preview:-1\" \/>\n<link rel=\"canonical\" href=\"https:\/\/southbourneschool.co.uk\/de\/studieren-in-bournemouth\/unterkunft-wohlfahrt\/\" \/>\n<meta property=\"og:locale\" content=\"de_DE\" \/>\n<meta property=\"og:type\" content=\"article\" \/>\n<meta property=\"og:title\" content=\"Accommodation &amp; Welfare - Southbourne School of English\" \/>\n<meta property=\"og:description\" content=\"It makes a huge difference to how well you learn if you feel happy and at home in your choice of accommodation. That&#039;s why we want your stay at ...\" \/>\n<meta property=\"og:url\" content=\"https:\/\/southbourneschool.co.uk\/de\/studieren-in-bournemouth\/unterkunft-wohlfahrt\/\" \/>\n<meta property=\"og:site_name\" content=\"Southbourne School of English\" \/>\n<meta property=\"article:publisher\" content=\"https:\/\/www.facebook.com\/SouthbourneSchool\/\" \/>\n<meta property=\"article:modified_time\" content=\"2024-10-16T14:50:47+00:00\" \/>\n<meta name=\"twitter:card\" content=\"summary_large_image\" \/>\n<meta name=\"twitter:site\" content=\"@SouthbourneSofE\" \/>\n<meta name=\"twitter:label1\" content=\"Gesch\u00e4tzte Lesezeit\" \/>\n\t<meta name=\"twitter:data1\" content=\"3\u00a0Minuten\" \/>\n<script type=\"application\/ld+json\" class=\"yoast-schema-graph\">{\"@context\":\"https:\\\/\\\/schema.org\",\"@graph\":[{\"@type\":\"WebPage\",\"@id\":\"https:\\\/\\\/southbourneschool.co.uk\\\/studying-in-bournemouth\\\/accommodation-welfare\\\/\",\"url\":\"https:\\\/\\\/southbourneschool.co.uk\\\/studying-in-bournemouth\\\/accommodation-welfare\\\/\",\"name\":\"Accommodation & Welfare - Southbourne School of English\",\"isPartOf\":{\"@id\":\"https:\\\/\\\/southbourneschool.co.uk\\\/#website\"},\"datePublished\":\"2018-08-16T15:00:39+00:00\",\"dateModified\":\"2024-10-16T14:50:47+00:00\",\"description\":\"It makes a huge difference to how well you learn if you feel happy and at home in your choice of accommodation. That's why we want your stay at ...\",\"breadcrumb\":{\"@id\":\"https:\\\/\\\/southbourneschool.co.uk\\\/studying-in-bournemouth\\\/accommodation-welfare\\\/#breadcrumb\"},\"inLanguage\":\"de-CH\",\"potentialAction\":[{\"@type\":\"ReadAction\",\"target\":[\"https:\\\/\\\/southbourneschool.co.uk\\\/studying-in-bournemouth\\\/accommodation-welfare\\\/\"]}]},{\"@type\":\"BreadcrumbList\",\"@id\":\"https:\\\/\\\/southbourneschool.co.uk\\\/studying-in-bournemouth\\\/accommodation-welfare\\\/#breadcrumb\",\"itemListElement\":[{\"@type\":\"ListItem\",\"position\":1,\"name\":\"Home\",\"item\":\"https:\\\/\\\/southbourneschool.co.uk\\\/\"},{\"@type\":\"ListItem\",\"position\":2,\"name\":\"Studying in Bournemouth\",\"item\":\"https:\\\/\\\/southbourneschool.co.uk\\\/studying-in-bournemouth\\\/\"},{\"@type\":\"ListItem\",\"position\":3,\"name\":\"Accommodation &#038; Welfare\"}]},{\"@type\":\"WebSite\",\"@id\":\"https:\\\/\\\/southbourneschool.co.uk\\\/#website\",\"url\":\"https:\\\/\\\/southbourneschool.co.uk\\\/\",\"name\":\"Southbourne School of English\",\"description\":\"We make learning English fun. A language school in Bournemouth, ideally located by the sea in a suburb of Bournemouth called Southbourne, one of the UK\u2019s most popular locations for international students.\",\"publisher\":{\"@id\":\"https:\\\/\\\/southbourneschool.co.uk\\\/#organization\"},\"potentialAction\":[{\"@type\":\"SearchAction\",\"target\":{\"@type\":\"EntryPoint\",\"urlTemplate\":\"https:\\\/\\\/southbourneschool.co.uk\\\/?s={search_term_string}\"},\"query-input\":{\"@type\":\"PropertyValueSpecification\",\"valueRequired\":true,\"valueName\":\"search_term_string\"}}],\"inLanguage\":\"de-CH\"},{\"@type\":\"Organization\",\"@id\":\"https:\\\/\\\/southbourneschool.co.uk\\\/#organization\",\"name\":\"Southbourne School of English\",\"alternateName\":\"SSE\",\"url\":\"https:\\\/\\\/southbourneschool.co.uk\\\/\",\"logo\":{\"@type\":\"ImageObject\",\"inLanguage\":\"de-CH\",\"@id\":\"https:\\\/\\\/southbourneschool.co.uk\\\/#\\\/schema\\\/logo\\\/image\\\/\",\"url\":\"https:\\\/\\\/southbourneschool.co.uk\\\/wp-content\\\/uploads\\\/2026\\\/01\\\/SSE-60-Year-Anniversary-Logo.png\",\"contentUrl\":\"https:\\\/\\\/southbourneschool.co.uk\\\/wp-content\\\/uploads\\\/2026\\\/01\\\/SSE-60-Year-Anniversary-Logo.png\",\"width\":1964,\"height\":1965,\"caption\":\"Southbourne School of English\"},\"image\":{\"@id\":\"https:\\\/\\\/southbourneschool.co.uk\\\/#\\\/schema\\\/logo\\\/image\\\/\"},\"sameAs\":[\"https:\\\/\\\/www.facebook.com\\\/SouthbourneSchool\\\/\",\"https:\\\/\\\/x.com\\\/SouthbourneSofE\",\"https:\\\/\\\/www.instagram.com\\\/southbourneschoolofenglish\\\/\",\"https:\\\/\\\/www.tiktok.com\\\/@southbourne\",\"https:\\\/\\\/www.youtube.com\\\/@southbourneschoolofenglish4522\"]}]}<\/script>\n<!-- \/ Yoast SEO plugin. -->","yoast_head_json":{"title":"Unterkunft und Soziales - Southbourne School of English","description":"Es macht einen gro\u00dfen Unterschied f\u00fcr Ihren Lernerfolg, ob Sie sich in Ihrer gew\u00e4hlten Unterkunft wohl und wohl f\u00fchlen. Deshalb m\u00f6chten wir, dass Ihr Aufenthalt bei uns ...","robots":{"index":"index","follow":"follow","max-snippet":"max-snippet:-1","max-image-preview":"max-image-preview:large","max-video-preview":"max-video-preview:-1"},"canonical":"https:\/\/southbourneschool.co.uk\/de\/studieren-in-bournemouth\/unterkunft-wohlfahrt\/","og_locale":"de_DE","og_type":"article","og_title":"Accommodation & Welfare - Southbourne School of English","og_description":"It makes a huge difference to how well you learn if you feel happy and at home in your choice of accommodation. That's why we want your stay at ...","og_url":"https:\/\/southbourneschool.co.uk\/de\/studieren-in-bournemouth\/unterkunft-wohlfahrt\/","og_site_name":"Southbourne School of English","article_publisher":"https:\/\/www.facebook.com\/SouthbourneSchool\/","article_modified_time":"2024-10-16T14:50:47+00:00","twitter_card":"summary_large_image","twitter_site":"@SouthbourneSofE","twitter_misc":{"Gesch\u00e4tzte Lesezeit":"3\u00a0Minuten"},"schema":{"@context":"https:\/\/schema.org","@graph":[{"@type":"WebPage","@id":"https:\/\/southbourneschool.co.uk\/studying-in-bournemouth\/accommodation-welfare\/","url":"https:\/\/southbourneschool.co.uk\/studying-in-bournemouth\/accommodation-welfare\/","name":"Unterkunft und Soziales - Southbourne School of English","isPartOf":{"@id":"https:\/\/southbourneschool.co.uk\/#website"},"datePublished":"2018-08-16T15:00:39+00:00","dateModified":"2024-10-16T14:50:47+00:00","description":"Es macht einen gro\u00dfen Unterschied f\u00fcr Ihren Lernerfolg, ob Sie sich in Ihrer gew\u00e4hlten Unterkunft wohl und wohl f\u00fchlen. Deshalb m\u00f6chten wir, dass Ihr Aufenthalt bei uns ...","breadcrumb":{"@id":"https:\/\/southbourneschool.co.uk\/studying-in-bournemouth\/accommodation-welfare\/#breadcrumb"},"inLanguage":"de-CH","potentialAction":[{"@type":"ReadAction","target":["https:\/\/southbourneschool.co.uk\/studying-in-bournemouth\/accommodation-welfare\/"]}]},{"@type":"BreadcrumbList","@id":"https:\/\/southbourneschool.co.uk\/studying-in-bournemouth\/accommodation-welfare\/#breadcrumb","itemListElement":[{"@type":"ListItem","position":1,"name":"Home","item":"https:\/\/southbourneschool.co.uk\/"},{"@type":"ListItem","position":2,"name":"Studying in Bournemouth","item":"https:\/\/southbourneschool.co.uk\/studying-in-bournemouth\/"},{"@type":"ListItem","position":3,"name":"Accommodation &#038; Welfare"}]},{"@type":"WebSite","@id":"https:\/\/southbourneschool.co.uk\/#website","url":"https:\/\/southbourneschool.co.uk\/","name":"Southbourne Schule f\u00fcr Englisch","description":"Bei uns macht Englisch lernen Spa\u00df. Eine Sprachschule in Bournemouth, ideal gelegen am Meer in einem Vorort von Bournemouth namens Southbourne, einem der beliebtesten Orte Gro\u00dfbritanniens f\u00fcr internationale Studenten.","publisher":{"@id":"https:\/\/southbourneschool.co.uk\/#organization"},"potentialAction":[{"@type":"SearchAction","target":{"@type":"EntryPoint","urlTemplate":"https:\/\/southbourneschool.co.uk\/?s={search_term_string}"},"query-input":{"@type":"PropertyValueSpecification","valueRequired":true,"valueName":"search_term_string"}}],"inLanguage":"de-CH"},{"@type":"Organization","@id":"https:\/\/southbourneschool.co.uk\/#organization","name":"Southbourne Schule f\u00fcr Englisch","alternateName":"SSE","url":"https:\/\/southbourneschool.co.uk\/","logo":{"@type":"ImageObject","inLanguage":"de-CH","@id":"https:\/\/southbourneschool.co.uk\/#\/schema\/logo\/image\/","url":"https:\/\/southbourneschool.co.uk\/wp-content\/uploads\/2026\/01\/SSE-60-Year-Anniversary-Logo.png","contentUrl":"https:\/\/southbourneschool.co.uk\/wp-content\/uploads\/2026\/01\/SSE-60-Year-Anniversary-Logo.png","width":1964,"height":1965,"caption":"Southbourne School of English"},"image":{"@id":"https:\/\/southbourneschool.co.uk\/#\/schema\/logo\/image\/"},"sameAs":["https:\/\/www.facebook.com\/SouthbourneSchool\/","https:\/\/x.com\/SouthbourneSofE","https:\/\/www.instagram.com\/southbourneschoolofenglish\/","https:\/\/www.tiktok.com\/@southbourne","https:\/\/www.youtube.com\/@southbourneschoolofenglish4522"]}]}},"featured_image_src":null,"featured_image_src_square":null,"_links":{"self":[{"href":"https:\/\/southbourneschool.co.uk\/de\/wp-json\/wp\/v2\/pages\/706","targetHints":{"allow":["GET"]}}],"collection":[{"href":"https:\/\/southbourneschool.co.uk\/de\/wp-json\/wp\/v2\/pages"}],"about":[{"href":"https:\/\/southbourneschool.co.uk\/de\/wp-json\/wp\/v2\/types\/page"}],"author":[{"embeddable":true,"href":"https:\/\/southbourneschool.co.uk\/de\/wp-json\/wp\/v2\/users\/12312401"}],"replies":[{"embeddable":true,"href":"https:\/\/southbourneschool.co.uk\/de\/wp-json\/wp\/v2\/comments?post=706"}],"version-history":[{"count":0,"href":"https:\/\/southbourneschool.co.uk\/de\/wp-json\/wp\/v2\/pages\/706\/revisions"}],"up":[{"embeddable":true,"href":"https:\/\/southbourneschool.co.uk\/de\/wp-json\/wp\/v2\/pages\/666"}],"wp:attachment":[{"href":"https:\/\/southbourneschool.co.uk\/de\/wp-json\/wp\/v2\/media?parent=706"}],"curies":[{"name":"wp","href":"https:\/\/api.w.org\/{rel}","templated":true}]}}