{"id":3,"date":"2018-07-19T10:02:50","date_gmt":"2018-07-19T09:02:50","guid":{"rendered":"https:\/\/southbournese.wpengine.com\/?page_id=3"},"modified":"2025-02-26T09:55:15","modified_gmt":"2025-02-26T09:55:15","slug":"datenschutzrichtlinie","status":"publish","type":"page","link":"https:\/\/southbourneschool.co.uk\/de_de\/privacy-policy\/","title":{"rendered":"Datenschutzbestimmungen"},"content":{"rendered":"<div class=\"vc_row wpb_row vc_row-fluid vc_custom_1534426102052\"><div class=\"wpb_column vc_column_container vc_col-sm-8\"><div class=\"vc_column-inner\"><div class=\"wpb_wrapper\">\n\t<div class=\"wpb_text_column wpb_content_element\" >\n\t\t<div class=\"wpb_wrapper\">\n\t\t\t<h1>Datenschutzbestimmungen<\/h1>\n<p>Dies ist die allgemeine Datenschutzrichtlinie der Southbourne School of English<\/p>\n<h2>Wer wir sind und was wir tun<\/h2>\n<p>Wir sind eine privat gef\u00fchrte, familiengef\u00fchrte Englisch-Sprachschule, die Unterricht f\u00fcr internationale Studierende anbietet.<\/p>\n<p>Wir sind ein vom British Council akkreditierter Anbieter von Englischkursen und -aktivit\u00e4ten.<\/p>\n<p>Wir sind Mitglied von English UK, Young Learners English UK, English UK South, Quality English und RALSA.<\/p>\n<p>Wir haben f\u00fcr alle unsere Studierenden drei Hauptziele:<\/p>\n<ol>\n<li>Studium \u2013 wir helfen Studierenden, ihre Sprachziele zu erreichen<\/li>\n<li>Kontakte kn\u00fcpfen \u2013 Freunde aus verschiedenen L\u00e4ndern finden<\/li>\n<li>Genie\u00dfen \u2013 wir unterst\u00fctzen Studenten dabei, das Leben in Gro\u00dfbritannien optimal zu nutzen; bei einer Gastfamilie;<\/li>\n<\/ol>\n<p>im Internat; britische Kultur hautnah erleben und Touristenziele besuchen<\/p>\n<p>Um dies zu erreichen, bieten wir eine sichere und freundliche Umgebung, in der sich die Sch\u00fcler wohlf\u00fchlen. Wir glauben, dass dies die beste Erfahrung f\u00fcr das Erlernen und die Entwicklung einer Sprache bietet.<\/p>\n<p>&nbsp;<\/p>\n<h2>Unsere Datenschutzerkl\u00e4rung<\/h2>\n<ol>\n<li>Der Schutz Ihrer Privatsph\u00e4re und Ihrer pers\u00f6nlichen Daten ist uns wichtig. Wir stellen sicher, dass wir \u00fcber angemessene Sicherheitsma\u00dfnahmen verf\u00fcgen und dass alle anderen Organisationen, mit denen wir zusammenarbeiten, um einen Service bereitzustellen, denselben Standard erf\u00fcllen wie wir.<\/li>\n<li>Wir respektieren Ihre Privatsph\u00e4re. Sie erhalten ausschlie\u00dflich Werbe-\/Marketing-E-Mails von uns. Wir stellen sicher, dass die K\u00e4stchen, die Sie ankreuzen m\u00fcssen, um Marketing-E-Mails zu erhalten, klar und deutlich angezeigt werden.<\/li>\n<li>Wenn wir Ihre Daten anfordern, geben wir deutlich an, wof\u00fcr wir sie erfassen und wie wir sie verwenden werden.<\/li>\n<li>Wir erfassen und verwenden Ihre personenbezogenen Daten, wenn wir Ihre Zustimmung dazu haben oder wenn wir hierf\u00fcr berechtigte gesch\u00e4ftliche Gr\u00fcnde haben, beispielsweise um gen\u00fcgend Informationen zu erfassen, um Ihre Kursanmeldung zu verwalten oder zu verarbeiten.<\/li>\n<li>Wir werden die Menge der von Ihnen erhobenen Informationen auf das beschr\u00e4nken, was wir zur Bereitstellung der von Ihnen ben\u00f6tigten Dienste ben\u00f6tigen.<\/li>\n<li>Wir erkl\u00e4ren Ihnen, welche Informationen wir \u00fcber Sie erfassen und wie wir sie verwenden.<\/li>\n<li>Wir verwenden personenbezogene Daten nur f\u00fcr die Zwecke, f\u00fcr die sie urspr\u00fcnglich erhoben wurden, und stellen sicher, dass wir sie sicher l\u00f6schen.<\/li>\n<li>Unsere Website und unsere aktiven Social-Media-Konten sind \u00fcber das Internet zug\u00e4nglich. Bitte beachten Sie, dass Kommentare oder Links, die Sie auf unseren Websites ver\u00f6ffentlichen, von jedem gelesen und abgerufen werden k\u00f6nnen.<\/li>\n<li>Wenn wir, unsere Dienstleister oder unsere Gesch\u00e4ftspartner Informationen aus dem Europ\u00e4ischen Wirtschaftsraum (EWR) \u00fcbertragen, geschieht dies nur unter Einhaltung der entsprechenden Rechtsinstrumente und Sicherheitsma\u00dfnahmen, die in den jeweiligen Datenschutzrichtlinien angegeben sind.<strong>\u00a0<\/strong><\/li>\n<\/ol>\n<h2>Welche Informationen sammeln wir?<\/h2>\n<p>Wir erfassen die folgenden Informationen von <strong>Studenten <\/strong>und<strong> Gruppenleiter<\/strong><\/p>\n<p>\u2013 Biografische Angaben unserer Studierenden und Gruppenleiter f\u00fcr die Einschreibung: Name, Geburtsdatum, Geschlecht, Staatsangeh\u00f6rigkeit.<\/p>\n<p>\u2013 Passnummer und Ablaufdatum f\u00fcr Visumantragszwecke und UKBA-Anforderungen<\/p>\n<p>\u2013 Informationen zu Allergien, Erkrankungen, medizinischen Behandlungen und Zimmeraufteilungspr\u00e4ferenzen f\u00fcr Unterbringungszwecke.<\/p>\n<p>\u2013 Kontaktdaten, einschlie\u00dflich Postanschriften, E-Mail-Adressen, Telefonnummern und Kontaktdaten der Eltern oder Erziehungsberechtigten zu Einwilligungs- und Schutzzwecken.<\/p>\n<p>&nbsp;<\/p>\n<p>Wir erfassen die folgenden Informationen von <strong>Gastfamilien <\/strong><\/p>\n<p>\u2013 Name, Geburtsdatum, Wohnadresse und Festnetznummer, Mobiltelefonnummer, E-Mail-Adresse, Bankverbindung, Ausstellungsdatum und -nummer des DBS-Zertifikats, pers\u00f6nliche Leumundszeugnisse, unterzeichnete Gastfamilienvereinbarungen, unterzeichnete Risikobewertungen und Haushaltsbeschreibung.<\/p>\n<p>&nbsp;<\/p>\n<p>Wir erfassen die folgenden Informationen von <strong>Lieferanten <\/strong><\/p>\n<p>\u2013 E-Mail-Adressen, Telefonnummern, Bankkontodaten, verarbeitete Rechnungen im Interesse der Bezahlung von Lieferanten und\/oder der Erf\u00fcllung eines Vertrags.<\/p>\n<p>Wir erfassen die folgenden Informationen von <strong>Mitarbeiter <\/strong><\/p>\n<p>\u2013 Name, Geburtsdatum, Wohnadresse, Handynummer, E-Mail-Adresse, Lebenslauf, Bildungsverlauf, Steuer- und Einkommensdaten, Sozialversicherungsnummer, Bankdaten, Ausstellungsdatum und -nummer des DBS-Zertifikats, berufliche Kontaktdaten von Referenzen, Erste-Hilfe-Schulung, Allergien, Kontaktdaten von Angeh\u00f6rigen. Diese Daten werden f\u00fcr die Gehaltsabrechnung und die Einreichung bei HMRC sowie f\u00fcr Besch\u00e4ftigungs- und Sicherheitszwecke im Zusammenhang mit der Besch\u00e4ftigung ben\u00f6tigt.<\/p>\n<p>Bitte beachten Sie, dass wir keine Kredit-\/Debitkartendaten oder \u201esensible\u201c Informationen wie Rasse\/ethnische Herkunft, politische \u00dcberzeugungen, religi\u00f6se\/\u00e4hnliche \u00dcberzeugungen, Gewerkschaftsmitgliedschaft oder sexuelle Orientierung\/Aktivit\u00e4ten erfassen oder speichern.<\/p>\n<h2>Verwendung der Daten Minderj\u00e4hriger<\/h2>\n<p>Wir erheben und speichern personenbezogene Daten von Minderj\u00e4hrigen (Studenten unter 18 Jahren) nur im Rahmen der Bearbeitung ihrer Kursanmeldung, der Unterbringung in Gastfamilien, der Transportvereinbarungen, der Visumantr\u00e4ge und der Reiseversicherung. Dies gilt, wenn wir oder ein Dritter als Datenverantwortlicher die Erlaubnis zur Erhebung dieser Daten direkt von einem Elternteil oder Erziehungsberechtigten einholen.<\/p>\n<p><strong>Wir erheben Informationen \u00fcber Sie, wenn<\/strong><\/p>\n<p>\u2013 Sie kontaktieren uns f\u00fcr Informationen telefonisch oder per E-Mail<\/p>\n<p>\u2013 Sie arbeiten gewerblich mit uns als Agent, Partner oder beauftragter Dritter zusammen<\/p>\n<p>\u2013 Sie \u00fcbermitteln uns die pers\u00f6nlichen Daten der Studierenden zur Kursanmeldung und zur Unterkunftsbuchung<\/p>\n<p>\u2013 Sie akzeptieren, f\u00fcr uns als Mitarbeiter zu arbeiten<\/p>\n<p>\u2013 Sie geben Ihre pers\u00f6nlichen Daten und Wohndetails an, um ein Homestay-Anbieter zu werden<\/p>\n<p>\u2013 Sie nutzen oder interagieren mit uns \u00fcber unsere Website oder unsere Social-Media-Konten<\/p>\n<p><strong>Einsatz von Cookies:<\/strong><\/p>\n<p>Wir k\u00f6nnen Cookies auf unseren Unternehmenswebsites aus zwei Gr\u00fcnden verwenden:<\/p>\n<ol>\n<li>Statistische Zwecke, um zu verfolgen, wie viele Benutzer wir haben und wie oft sie unsere Websites besuchen. Wir sammeln Informationen dar\u00fcber, welche Seiten am h\u00e4ufigsten besucht werden, von welcher Art von Benutzern und aus welchen L\u00e4ndern.<\/li>\n<\/ol>\n<ol start=\"2\">\n<li>Wir k\u00f6nnen andere Organisationen damit beauftragen, anonyme Benutzerinformationen zu sammeln, manchmal \u00fcber Cookies und Web Beacons, damit diese analysieren k\u00f6nnen, wie die Website genutzt wird und wie viele Besucher sie hat.<\/li>\n<\/ol>\n<p>Sie k\u00f6nnen Cookies deaktivieren, allerdings stehen Ihnen dann m\u00f6glicherweise nicht alle Dienste unserer Websites zur Verf\u00fcgung. Denn wir k\u00f6nnen Ihre Anzeige durch Cookies nicht einschr\u00e4nken. Unsere redaktionellen Inhalte bleiben Ihnen jedoch weiterhin erhalten.<\/p>\n<p>Durch die Nutzung unserer Websites stimmen Sie der Verwendung von Cookies wie hier beschrieben zu.<\/p>\n<h2>Auf welchen Rechtsgrundlagen wir Ihre Daten verarbeiten<\/h2>\n<p>Je nachdem, zu welchem Zweck wir Ihre Daten zun\u00e4chst erheben, verwenden wir unterschiedliche Rechtsgrundlagen:<\/p>\n<ul>\n<li>F\u00fcr alle Daten, die f\u00fcr die Anmeldung zu einem Produkt oder einer Dienstleistung erhoben werden, wie beispielsweise unseren j\u00e4hrlichen Homestay-Newsletter, verarbeiten wir die Daten mit <u>Berechtigtes Interesse<\/u>, d. h., Sie erhalten im Austausch f\u00fcr die Bereitstellung Ihrer Daten Zugriff auf umfangreiche Informationen, und wir pflegen eine Gesch\u00e4ftsbeziehung, bei der die Vorteile zu Ihren Gunsten ausfallen. Sie haben bei der Verwaltung Ihrer Daten auf diese Weise stets die Wahl und k\u00f6nnen der Verarbeitung auf dieser Grundlage jederzeit widersprechen.<\/li>\n<li>Wenn Sie uns Daten im Rahmen des Erwerbs einer Dienstleistung (z.B. eines Kurses) oder auf ausdr\u00fccklichen Wunsch zur Verf\u00fcgung stellen, verarbeiten wir Ihre Daten unter <u>Vertrag<\/u>, d. h. Ihre Daten sind f\u00fcr die Erf\u00fcllung der Dienstleistung und der erforderlichen Aufgabe erforderlich. Jeder weitere Kontakt, d. h. die Information \u00fcber einen anderen Service, der eng mit dem von Ihnen gekauften Service verbunden ist, wird unter <u>Berechtigtes Interesse.<\/u><\/li>\n<li>Jede sekund\u00e4re Verarbeitung Ihrer Daten, d. h. die Weitergabe an Dritte, das Senden Ihrer Nachrichten im Auftrag Dritter, die \u00dcbermittlung in Drittl\u00e4nder, erfolgt unter <u>Zustimmung<\/u>.<\/li>\n<\/ul>\n<p>&nbsp;<\/p>\n<p>Im Rahmen der geltenden Datenschutzgesetze werden wir es Ihnen stets so einfach wie m\u00f6glich machen, einer unerw\u00fcnschten Verarbeitung zu widersprechen, sofern dies unsere F\u00e4higkeit, Ihnen den gew\u00fcnschten Service zu bieten, nicht einschr\u00e4nkt.<\/p>\n<h2>Wie lange wir Daten aufbewahren und wie wir sie entsorgen<\/h2>\n<p>Wir erheben Daten f\u00fcr eine Vielzahl von Zwecken. Daher gibt es f\u00fcr uns keine definierte Aufbewahrungsfrist, sofern dies nicht gesetzlich vorgeschrieben ist. F\u00fcr jeden einzelnen Dienst legen wir einen sorgf\u00e4ltig festgelegten Zeitrahmen fest, innerhalb dessen wir Ihre Daten aufbewahren.<\/p>\n<p>Anschlie\u00dfend werden die Daten so verwaltet, dass sie entweder aus unserem System gel\u00f6scht, minimiert und aus rechtlichen Gr\u00fcnden aufbewahrt oder pseudonymisiert und auf einer globalen Sperrliste gespeichert werden, um sicherzustellen, dass Sie keine unerw\u00fcnschten Nachrichten von uns erhalten.<\/p>\n<p><strong>Ihre Rechte<\/strong><\/p>\n<p>Nach geltendem Datenschutzrecht haben Sie das Recht, Ihre Daten unverz\u00fcglich zu berichtigen, zu l\u00f6schen oder deren Verarbeitung einzuschr\u00e4nken. Sie k\u00f6nnen auch Auskunft \u00fcber die von uns \u00fcber Sie gespeicherten Daten verlangen.<\/p>\n<p>Um dies zu tun oder Ihre pers\u00f6nlichen Daten jederzeit zu aktualisieren, kontaktieren Sie bitte die Schule unter 01202 422300 oder per E-Mail <a href=\"mailto:reception@southbourneschool.co.uk\">reception@southbourneschool.co.uk<\/a><\/p>\n<p><strong>Offenlegung oder Weitergabe Ihrer Daten<\/strong><\/p>\n<p>Ihre personenbezogenen Daten k\u00f6nnen innerhalb der f\u00fcr die Southbourne School of English t\u00e4tigen Mitarbeiter und beauftragten Drittunternehmen weitergegeben werden, beispielsweise bei \u00dcberschneidungen zwischen Diensten und Prozessen, f\u00fcr die Ihre Daten erforderlich sind. Auf Ihre Anfrage stellen wir Ihnen m\u00f6glicherweise Dienste anderer Organisationen zur Verf\u00fcgung. Wir verarbeiten alle Informationen, die wir sammeln, wenn Sie auf einen Dienst einer anderen Organisation zugreifen oder diesen gem\u00e4\u00df dieser Datenschutzrichtlinie anfordern. Die von diesen anderen Organisationen gesammelten Informationen unterliegen ihren eigenen Datenschutzrichtlinien. Wir geben Ihre personenbezogenen Daten nicht zu Marketingzwecken an Dritte weiter.<\/p>\n<p>&nbsp;<\/p>\n<h2>Rechtliche Hinweise zur Kontaktaufnahme<\/h2>\n<p>Nach den geltenden Gesetzen m\u00fcssen wir angeben, wer der <em>Verantwortlicher<\/em> ist f\u00fcr die Southbourne School of English bestimmt und wird \u00fcber unsere Websites, Veranstaltungen, E-Mail-Kommunikation usw. bereitgestellt. Der Datenverantwortliche ist die Organisation, die f\u00fcr den Schutz der Informationen verantwortlich ist, und im Fall der personenbezogenen Daten, die sich direkt auf Mitarbeiter, Gastfamilienanbieter, einzelne Sch\u00fcler und beauftragte Drittparteien (z. B. Versicherungen, Visa, Transport) beziehen, ist der Datenverantwortliche die Southbourne School of English.<\/p>\n<p>F\u00fcr personenbezogene Daten im Zusammenhang mit der Einschreibung von Studierendengruppen und der Verarbeitung ihrer Daten zu anderen Zwecken sind die Beauftragten verantwortlich. <em>Datenverantwortliche <\/em>und Southbourne School of English ist die <em>Datenverarbeiter.<\/em><\/p>\n<p>&nbsp;<\/p>\n<p>Wenn Sie Zugriff auf die von uns \u00fcber Sie gespeicherten personenbezogenen Daten oder eine Kopie davon w\u00fcnschen, eine Korrektur anfordern m\u00f6chten oder Fragen dazu haben, wie wir diese verwenden, oder eine Beschwerde einreichen m\u00f6chten, wenden Sie sich bitte an die Schule unter 01202 422300 oder per E-Mail. <a href=\"mailto:reception@southbourneschool.co.uk\">reception@southbourneschool.co.uk<\/a><\/p>\n<p>Anfragen werden innerhalb einer angemessenen Frist, die 30 Tage nicht \u00fcberschreitet, bearbeitet und beantwortet.<\/p>\n<p>Sollten Sie mit der Bearbeitung Ihres Anliegens nicht zufrieden sein, haben Sie das Recht, bei der Aufsichtsbeh\u00f6rde Beschwerde einzulegen:<\/p>\n<p>B\u00fcro des Informationsbeauftragten (ICO): <a href=\"https:\/\/ico.org.uk\/concerns\/\">https:\/\/ico.org.uk\/concerns\/<\/a><\/p>\n<p>Telefon: +44(0)3031231113<\/p>\n<h2>Haftungsausschluss<\/h2>\n<p>Die auf dieser Website enthaltenen Informationen dienen ausschlie\u00dflich allgemeinen Informationszwecken. Die Informationen werden von der Southbourne School of English bereitgestellt. Wir bem\u00fchen uns zwar um Aktualit\u00e4t und Richtigkeit der Informationen, \u00fcbernehmen jedoch keinerlei ausdr\u00fcckliche oder stillschweigende Zusicherungen oder Gew\u00e4hrleistungen hinsichtlich der Vollst\u00e4ndigkeit, Richtigkeit, Zuverl\u00e4ssigkeit, Eignung oder Verf\u00fcgbarkeit der Website oder der auf der Website enthaltenen Informationen, Produkte, Dienstleistungen oder zugeh\u00f6rigen Grafiken f\u00fcr irgendeinen Zweck. Das Vertrauen in diese Informationen erfolgt daher ausschlie\u00dflich auf Ihr eigenes Risiko.<\/p>\n<p>In keinem Fall haften wir f\u00fcr Verluste oder Sch\u00e4den, einschlie\u00dflich, aber nicht beschr\u00e4nkt auf indirekte oder Folgesch\u00e4den oder Verluste oder Sch\u00e4den jeglicher Art, die aus dem Verlust von Daten oder Gewinnen entstehen, die aus der Nutzung dieser Website oder im Zusammenhang mit dieser entstehen.<\/p>\n<p>\u00dcber diese Website k\u00f6nnen Sie auf andere Websites verlinken, die nicht der Kontrolle der Southbourne School of English unterliegen. Wir haben keinen Einfluss auf Art, Inhalt und Verf\u00fcgbarkeit dieser Websites. Die Bereitstellung von Links stellt keine Empfehlung dar und stellt keine Billigung der darin ge\u00e4u\u00dferten Ansichten dar.<\/p>\n<p>Wir bem\u00fchen uns, die Website reibungslos verf\u00fcgbar zu halten. Die Southbourne School of English \u00fcbernimmt jedoch keine Verantwortung und Haftung f\u00fcr die vor\u00fcbergehende Nichtverf\u00fcgbarkeit der Website aufgrund technischer Probleme, die au\u00dferhalb unserer Kontrolle liegen.<\/p>\n\n\t\t<\/div>\n\t<\/div>\n<\/div><\/div><\/div><\/div>","protected":false},"excerpt":{"rendered":"Privacy Policy This is the general privacy policy for Southbourne School of English Who we are and what we do We are a privately owned family-run English Language School that provides teaching for international students. We are a British Council accredited provider of English language&nbsp;<a href=\"https:\/\/southbourneschool.co.uk\/de_de\/privacy-policy\/\">...<\/a>","protected":false},"author":12312401,"featured_media":0,"parent":0,"menu_order":0,"comment_status":"closed","ping_status":"open","template":"","meta":{"footnotes":""},"class_list":["post-3","page","type-page","status-publish","hentry","odd"],"yoast_head":"<!-- This site is optimized with the Yoast SEO plugin v27.3 - https:\/\/yoast.com\/product\/yoast-seo-wordpress\/ -->\n<title>Privacy Policy - What we collect - Southbourne School of English<\/title>\n<meta name=\"description\" content=\"Privacy Policy for Southbourne School of English. This policy, together with our terms of use, provides an explanation as to what happens to personal ...\" \/>\n<meta name=\"robots\" content=\"index, follow, max-snippet:-1, max-image-preview:large, max-video-preview:-1\" \/>\n<link rel=\"canonical\" href=\"https:\/\/southbourneschool.co.uk\/de_de\/datenschutzrichtlinie\/\" \/>\n<meta property=\"og:locale\" content=\"de_DE\" \/>\n<meta property=\"og:type\" content=\"article\" \/>\n<meta property=\"og:title\" content=\"Privacy Policy - What we collect - Southbourne School of English\" \/>\n<meta property=\"og:description\" content=\"Privacy Policy for Southbourne School of English. This policy, together with our terms of use, provides an explanation as to what happens to personal ...\" \/>\n<meta property=\"og:url\" content=\"https:\/\/southbourneschool.co.uk\/de_de\/datenschutzrichtlinie\/\" \/>\n<meta property=\"og:site_name\" content=\"Southbourne School of English\" \/>\n<meta property=\"article:publisher\" content=\"https:\/\/www.facebook.com\/SouthbourneSchool\/\" \/>\n<meta property=\"article:modified_time\" content=\"2025-02-26T09:55:15+00:00\" \/>\n<meta name=\"twitter:card\" content=\"summary_large_image\" \/>\n<meta name=\"twitter:site\" content=\"@SouthbourneSofE\" \/>\n<meta name=\"twitter:label1\" content=\"Gesch\u00e4tzte Lesezeit\" \/>\n\t<meta name=\"twitter:data1\" content=\"9\u00a0Minuten\" \/>\n<script type=\"application\/ld+json\" class=\"yoast-schema-graph\">{\"@context\":\"https:\\\/\\\/schema.org\",\"@graph\":[{\"@type\":\"WebPage\",\"@id\":\"https:\\\/\\\/southbourneschool.co.uk\\\/privacy-policy\\\/\",\"url\":\"https:\\\/\\\/southbourneschool.co.uk\\\/privacy-policy\\\/\",\"name\":\"Privacy Policy - What we collect - Southbourne School of English\",\"isPartOf\":{\"@id\":\"https:\\\/\\\/southbourneschool.co.uk\\\/#website\"},\"datePublished\":\"2018-07-19T09:02:50+00:00\",\"dateModified\":\"2025-02-26T09:55:15+00:00\",\"description\":\"Privacy Policy for Southbourne School of English. This policy, together with our terms of use, provides an explanation as to what happens to personal ...\",\"breadcrumb\":{\"@id\":\"https:\\\/\\\/southbourneschool.co.uk\\\/privacy-policy\\\/#breadcrumb\"},\"inLanguage\":\"de\",\"potentialAction\":[{\"@type\":\"ReadAction\",\"target\":[\"https:\\\/\\\/southbourneschool.co.uk\\\/privacy-policy\\\/\"]}]},{\"@type\":\"BreadcrumbList\",\"@id\":\"https:\\\/\\\/southbourneschool.co.uk\\\/privacy-policy\\\/#breadcrumb\",\"itemListElement\":[{\"@type\":\"ListItem\",\"position\":1,\"name\":\"Home\",\"item\":\"https:\\\/\\\/southbourneschool.co.uk\\\/\"},{\"@type\":\"ListItem\",\"position\":2,\"name\":\"Privacy Policy\"}]},{\"@type\":\"WebSite\",\"@id\":\"https:\\\/\\\/southbourneschool.co.uk\\\/#website\",\"url\":\"https:\\\/\\\/southbourneschool.co.uk\\\/\",\"name\":\"Southbourne School of English\",\"description\":\"We make learning English fun. A language school in Bournemouth, ideally located by the sea in a suburb of Bournemouth called Southbourne, one of the UK\u2019s most popular locations for international students.\",\"publisher\":{\"@id\":\"https:\\\/\\\/southbourneschool.co.uk\\\/#organization\"},\"potentialAction\":[{\"@type\":\"SearchAction\",\"target\":{\"@type\":\"EntryPoint\",\"urlTemplate\":\"https:\\\/\\\/southbourneschool.co.uk\\\/?s={search_term_string}\"},\"query-input\":{\"@type\":\"PropertyValueSpecification\",\"valueRequired\":true,\"valueName\":\"search_term_string\"}}],\"inLanguage\":\"de\"},{\"@type\":\"Organization\",\"@id\":\"https:\\\/\\\/southbourneschool.co.uk\\\/#organization\",\"name\":\"Southbourne School of English\",\"alternateName\":\"SSE\",\"url\":\"https:\\\/\\\/southbourneschool.co.uk\\\/\",\"logo\":{\"@type\":\"ImageObject\",\"inLanguage\":\"de\",\"@id\":\"https:\\\/\\\/southbourneschool.co.uk\\\/#\\\/schema\\\/logo\\\/image\\\/\",\"url\":\"https:\\\/\\\/southbourneschool.co.uk\\\/wp-content\\\/uploads\\\/2026\\\/01\\\/SSE-60-Year-Anniversary-Logo.png\",\"contentUrl\":\"https:\\\/\\\/southbourneschool.co.uk\\\/wp-content\\\/uploads\\\/2026\\\/01\\\/SSE-60-Year-Anniversary-Logo.png\",\"width\":1964,\"height\":1965,\"caption\":\"Southbourne School of English\"},\"image\":{\"@id\":\"https:\\\/\\\/southbourneschool.co.uk\\\/#\\\/schema\\\/logo\\\/image\\\/\"},\"sameAs\":[\"https:\\\/\\\/www.facebook.com\\\/SouthbourneSchool\\\/\",\"https:\\\/\\\/x.com\\\/SouthbourneSofE\",\"https:\\\/\\\/www.instagram.com\\\/southbourneschoolofenglish\\\/\",\"https:\\\/\\\/www.tiktok.com\\\/@southbourne\",\"https:\\\/\\\/www.youtube.com\\\/@southbourneschoolofenglish4522\"]}]}<\/script>\n<!-- \/ Yoast SEO plugin. -->","yoast_head_json":{"title":"Datenschutzrichtlinie \u2013 Was wir sammeln \u2013 Southbourne School of English","description":"Datenschutzrichtlinie der Southbourne School of English. Diese Richtlinie enth\u00e4lt zusammen mit unseren Nutzungsbedingungen eine Erkl\u00e4rung dar\u00fcber, was mit pers\u00f6nlichen Daten geschieht ...","robots":{"index":"index","follow":"follow","max-snippet":"max-snippet:-1","max-image-preview":"max-image-preview:large","max-video-preview":"max-video-preview:-1"},"canonical":"https:\/\/southbourneschool.co.uk\/de_de\/datenschutzrichtlinie\/","og_locale":"de_DE","og_type":"article","og_title":"Privacy Policy - What we collect - Southbourne School of English","og_description":"Privacy Policy for Southbourne School of English. This policy, together with our terms of use, provides an explanation as to what happens to personal ...","og_url":"https:\/\/southbourneschool.co.uk\/de_de\/datenschutzrichtlinie\/","og_site_name":"Southbourne School of English","article_publisher":"https:\/\/www.facebook.com\/SouthbourneSchool\/","article_modified_time":"2025-02-26T09:55:15+00:00","twitter_card":"summary_large_image","twitter_site":"@SouthbourneSofE","twitter_misc":{"Gesch\u00e4tzte Lesezeit":"9\u00a0Minuten"},"schema":{"@context":"https:\/\/schema.org","@graph":[{"@type":"WebPage","@id":"https:\/\/southbourneschool.co.uk\/privacy-policy\/","url":"https:\/\/southbourneschool.co.uk\/privacy-policy\/","name":"Datenschutzrichtlinie \u2013 Was wir sammeln \u2013 Southbourne School of English","isPartOf":{"@id":"https:\/\/southbourneschool.co.uk\/#website"},"datePublished":"2018-07-19T09:02:50+00:00","dateModified":"2025-02-26T09:55:15+00:00","description":"Datenschutzrichtlinie der Southbourne School of English. Diese Richtlinie enth\u00e4lt zusammen mit unseren Nutzungsbedingungen eine Erkl\u00e4rung dar\u00fcber, was mit pers\u00f6nlichen Daten geschieht ...","breadcrumb":{"@id":"https:\/\/southbourneschool.co.uk\/privacy-policy\/#breadcrumb"},"inLanguage":"de","potentialAction":[{"@type":"ReadAction","target":["https:\/\/southbourneschool.co.uk\/privacy-policy\/"]}]},{"@type":"BreadcrumbList","@id":"https:\/\/southbourneschool.co.uk\/privacy-policy\/#breadcrumb","itemListElement":[{"@type":"ListItem","position":1,"name":"Home","item":"https:\/\/southbourneschool.co.uk\/"},{"@type":"ListItem","position":2,"name":"Privacy Policy"}]},{"@type":"WebSite","@id":"https:\/\/southbourneschool.co.uk\/#website","url":"https:\/\/southbourneschool.co.uk\/","name":"Southbourne Schule f\u00fcr Englisch","description":"Bei uns macht Englisch lernen Spa\u00df. Eine Sprachschule in Bournemouth, ideal gelegen am Meer in einem Vorort von Bournemouth namens Southbourne, einem der beliebtesten Orte Gro\u00dfbritanniens f\u00fcr internationale Studenten.","publisher":{"@id":"https:\/\/southbourneschool.co.uk\/#organization"},"potentialAction":[{"@type":"SearchAction","target":{"@type":"EntryPoint","urlTemplate":"https:\/\/southbourneschool.co.uk\/?s={search_term_string}"},"query-input":{"@type":"PropertyValueSpecification","valueRequired":true,"valueName":"search_term_string"}}],"inLanguage":"de"},{"@type":"Organization","@id":"https:\/\/southbourneschool.co.uk\/#organization","name":"Southbourne Schule f\u00fcr Englisch","alternateName":"SSE","url":"https:\/\/southbourneschool.co.uk\/","logo":{"@type":"ImageObject","inLanguage":"de","@id":"https:\/\/southbourneschool.co.uk\/#\/schema\/logo\/image\/","url":"https:\/\/southbourneschool.co.uk\/wp-content\/uploads\/2026\/01\/SSE-60-Year-Anniversary-Logo.png","contentUrl":"https:\/\/southbourneschool.co.uk\/wp-content\/uploads\/2026\/01\/SSE-60-Year-Anniversary-Logo.png","width":1964,"height":1965,"caption":"Southbourne School of English"},"image":{"@id":"https:\/\/southbourneschool.co.uk\/#\/schema\/logo\/image\/"},"sameAs":["https:\/\/www.facebook.com\/SouthbourneSchool\/","https:\/\/x.com\/SouthbourneSofE","https:\/\/www.instagram.com\/southbourneschoolofenglish\/","https:\/\/www.tiktok.com\/@southbourne","https:\/\/www.youtube.com\/@southbourneschoolofenglish4522"]}]}},"featured_image_src":null,"featured_image_src_square":null,"_links":{"self":[{"href":"https:\/\/southbourneschool.co.uk\/de_de\/wp-json\/wp\/v2\/pages\/3","targetHints":{"allow":["GET"]}}],"collection":[{"href":"https:\/\/southbourneschool.co.uk\/de_de\/wp-json\/wp\/v2\/pages"}],"about":[{"href":"https:\/\/southbourneschool.co.uk\/de_de\/wp-json\/wp\/v2\/types\/page"}],"author":[{"embeddable":true,"href":"https:\/\/southbourneschool.co.uk\/de_de\/wp-json\/wp\/v2\/users\/12312401"}],"replies":[{"embeddable":true,"href":"https:\/\/southbourneschool.co.uk\/de_de\/wp-json\/wp\/v2\/comments?post=3"}],"version-history":[{"count":0,"href":"https:\/\/southbourneschool.co.uk\/de_de\/wp-json\/wp\/v2\/pages\/3\/revisions"}],"wp:attachment":[{"href":"https:\/\/southbourneschool.co.uk\/de_de\/wp-json\/wp\/v2\/media?parent=3"}],"curies":[{"name":"wp","href":"https:\/\/api.w.org\/{rel}","templated":true}]}}