{"id":396,"date":"2018-07-25T16:32:55","date_gmt":"2018-07-25T15:32:55","guid":{"rendered":"https:\/\/southbournese.wpengine.com\/?page_id=396"},"modified":"2024-08-07T15:58:24","modified_gmt":"2024-08-07T14:58:24","slug":"leitfaden-zu-den-levels","status":"publish","type":"page","link":"https:\/\/southbourneschool.co.uk\/de_de\/english-courses\/guide-to-levels\/","title":{"rendered":"Leitfaden f\u00fcr Levels"},"content":{"rendered":"<section data-vc-full-width=\"true\" data-vc-full-width-init=\"false\" data-vc-stretch-content=\"true\" class=\"vc_section vc_custom_1723042702261 vc_section-has-fill\"><\/section><div class=\"vc_row-full-width vc_clearfix\"><\/div><div class=\"vc_row wpb_row vc_row-fluid vc_custom_1532527723492\"><div class=\"wpb_column vc_column_container vc_col-sm-8\"><div class=\"vc_column-inner vc_custom_1540196148802\"><div class=\"wpb_wrapper\"><h1 style=\"text-align: left\" class=\"vc_custom_heading vc_custom_1532533383509\" >Leitfaden f\u00fcr Levels<\/h1><h4 style=\"text-align: left\" class=\"vc_custom_heading vc_custom_1540196137317\" >Hier an der Southbourne School of English in Bournemouth bewerten wir das Englischniveau unserer Sch\u00fcler anhand der international anerkannten Beschreibungen des Gemeinsamen Europ\u00e4ischen Referenzrahmens (GER). Diese Niveaustufen sind:<\/h4>\n\t<div class=\"wpb_text_column wpb_content_element  vc_custom_1562236801807\" >\n\t\t<div class=\"wpb_wrapper\">\n\t\t\t<h5>Anf\u00e4nger (A0)<\/h5>\n<ul>\n<li>Kann sehr grundlegende Bed\u00fcrfnisse \u00e4u\u00dfern und versteht sehr einfache Konversationssprache.<\/li>\n<li>Verf\u00fcgt \u00fcber einen begrenzten Wortschatz f\u00fcr Alltagssituationen.<\/li>\n<li>Kann kurze, einfache Texte lesen und verfassen.<\/li>\n<\/ul>\n<h5>Elementarstufe (A1)<\/h5>\n<ul>\n<li>Kann grundlegende Bed\u00fcrfnisse \u00e4u\u00dfern und \u00fcber pers\u00f6nliche Themen sprechen.<\/li>\n<li>Verf\u00fcgt \u00fcber einen ausreichenden Wortschatz f\u00fcr allt\u00e4gliche Ausdr\u00fccke.<\/li>\n<li>Kann die wichtigsten grammatikalischen Strukturen erkennen.<\/li>\n<li>Kann kurze pers\u00f6nliche Texte und Notizen verfassen.<\/li>\n<\/ul>\n<h5 class=\"p1\">Vorstufe (A2)<\/h5>\n<ul>\n<li>Kann in Alltagssituationen kommunizieren und kurze Gespr\u00e4che f\u00fchren.<\/li>\n<li>Kann die wichtigsten grammatikalischen Strukturen verwenden.<\/li>\n<li>Kann Texte mit einigen Details verfassen.<\/li>\n<\/ul>\n<h5 class=\"p1\">Mittelstufe (B1)<\/h5>\n<ul>\n<li>Kann in einer angemessenen Anzahl von Situationen mit einiger Sicherheit kommunizieren.<\/li>\n<li>Verf\u00fcgt \u00fcber gute Kenntnisse der wichtigsten grammatikalischen Strukturen.<\/li>\n<li>Kann l\u00e4ngere Texte in Abs\u00e4tzen mit angemessener Genauigkeit verfassen.<\/li>\n<\/ul>\n<h5 class=\"p1\">Fortgeschrittenes Niveau (B2)<\/h5>\n<ul>\n<li>Kann in den meisten Situationen effektiv kommunizieren und Ideen\/Meinungen \u00e4u\u00dfern.<\/li>\n<li>Kann eine Reihe aktueller Themen besprechen.<\/li>\n<li>Kann eine breite Palette von Strukturen mit angemessener Genauigkeit nutzen.<\/li>\n<li>Kann eine Reihe schriftlicher Texte im korrekten Register verfassen.<\/li>\n<\/ul>\n<h5 class=\"p1\">Fortgeschritten (C1)<\/h5>\n<ul>\n<li>Kann Gef\u00fchle, Meinungen und Ideen pr\u00e4zise und genau mit einem breiten Wortschatz ausdr\u00fccken.<\/li>\n<li>Kann die gesamte Bandbreite an Texten mit nat\u00fcrlichem Zusammenhang erzeugen.<\/li>\n<li>Kann authentische Texte mit geringen Schwierigkeiten verstehen.<\/li>\n<li>Besitzt ein sehr gutes Ma\u00df an Grammatikkenntnissen.<\/li>\n<\/ul>\n\n\t\t<\/div>\n\t<\/div>\n<\/div><\/div><\/div><div class=\"wpb_column vc_column_container vc_col-sm-4 vc_hidden-xs\"><div class=\"vc_column-inner\"><div class=\"wpb_wrapper\"><div  class=\"vc_wp_custommenu wpb_content_element child-page-menu\"><div class=\"widget widget_nav_menu\"><div class=\"menu-language-course-child-menu-container\"><ul id=\"menu-language-course-child-menu\" class=\"menu\"><li id=\"menu-item-794\" class=\"menu-item menu-item-type-post_type menu-item-object-page menu-item-has-children menu-item-794 msm-top-level-item\"><a href=\"https:\/\/southbourneschool.co.uk\/de_de\/english-courses\/\">Englisch-Kurse<\/a>\n<ul class=\"sub-menu\">\n\t<li id=\"menu-item-3297\" class=\"menu-item menu-item-type-post_type menu-item-object-page menu-item-3297\"><a href=\"https:\/\/southbourneschool.co.uk\/de_de\/request-a-quote\/\">Angebot anfordern<\/a><\/li>\n\t<li id=\"menu-item-646\" class=\"menu-item menu-item-type-post_type menu-item-object-page menu-item-646\"><a href=\"https:\/\/southbourneschool.co.uk\/de_de\/english-courses\/how-to-book-your-english-course\/\">Wie Sie Ihren Englischkurs buchen<\/a><\/li>\n\t<li id=\"menu-item-384\" class=\"menu-item menu-item-type-post_type menu-item-object-page menu-item-has-children menu-item-384\"><a href=\"https:\/\/southbourneschool.co.uk\/de_de\/english-courses\/adult-language-courses\/\">Englischkurse f\u00fcr Erwachsene<\/a>\n\t<ul class=\"sub-menu\">\n\t\t<li id=\"menu-item-383\" class=\"menu-item menu-item-type-post_type menu-item-object-page menu-item-383\"><a href=\"https:\/\/southbourneschool.co.uk\/de_de\/english-courses\/adult-language-courses\/general-intensive\/\">Allgemeine und intensive Englischkurse<\/a><\/li>\n\t\t<li id=\"menu-item-394\" class=\"menu-item menu-item-type-post_type menu-item-object-page menu-item-394\"><a href=\"https:\/\/southbourneschool.co.uk\/de_de\/english-courses\/adult-language-courses\/one-to-one-english\/\">Einzelunterricht Englisch<\/a><\/li>\n\t\t<li id=\"menu-item-1039\" class=\"menu-item menu-item-type-post_type menu-item-object-page menu-item-1039\"><a href=\"https:\/\/southbourneschool.co.uk\/de_de\/english-courses\/adult-language-courses\/summer-vacation-courses\/\">Sommer-Englischkurse f\u00fcr Erwachsene (ab 16 Jahren)<\/a><\/li>\n\t\t<li id=\"menu-item-1038\" class=\"menu-item menu-item-type-post_type menu-item-object-page menu-item-1038\"><a href=\"https:\/\/southbourneschool.co.uk\/de_de\/english-courses\/adult-language-courses\/examination-courses\/\">Cambridge Englisch Pr\u00fcfungskurse<\/a><\/li>\n\t<\/ul>\n<\/li>\n\t<li id=\"menu-item-618\" class=\"menu-item menu-item-type-post_type menu-item-object-page menu-item-has-children menu-item-618\"><a href=\"https:\/\/southbourneschool.co.uk\/de_de\/english-courses\/junior-language-courses\/\">Englischkurse f\u00fcr Jugendliche<\/a>\n\t<ul class=\"sub-menu\">\n\t\t<li id=\"menu-item-633\" class=\"menu-item menu-item-type-post_type menu-item-object-page menu-item-633\"><a href=\"https:\/\/southbourneschool.co.uk\/de_de\/english-courses\/junior-language-courses\/summer-courses\/\">Junior-Sommer-Englischkurse (9-15 Jahre)<\/a><\/li>\n\t\t<li id=\"menu-item-1055\" class=\"menu-item menu-item-type-post_type menu-item-object-page menu-item-1055\"><a href=\"https:\/\/southbourneschool.co.uk\/de_de\/english-courses\/junior-language-courses\/year-round-group-courses\/\">Gruppenkurse Englisch (ganzj\u00e4hrig)<\/a><\/li>\n\t<\/ul>\n<\/li>\n\t<li id=\"menu-item-647\" class=\"menu-item menu-item-type-post_type menu-item-object-page menu-item-647\"><a href=\"https:\/\/southbourneschool.co.uk\/de_de\/english-courses\/guide-to-levels\/\">Leitfaden f\u00fcr Levels<\/a><\/li>\n<\/ul>\n<\/li>\n<\/ul><\/div><\/div><\/div><\/div><\/div><\/div><\/div>","protected":false},"excerpt":{"rendered":"Guide To LevelsHere at Southbourne School of English, Bournemouth, we grade our student\u2019s level of English using the internationally recognised Common European Framework (CEF) descriptors. These levels are: Beginner (A0) Can communicate very basic needs and understand very simple conversational language. Has a limited vocabulary&nbsp;<a href=\"https:\/\/southbourneschool.co.uk\/de_de\/english-courses\/guide-to-levels\/\">...<\/a>","protected":false},"author":12312401,"featured_media":0,"parent":791,"menu_order":0,"comment_status":"closed","ping_status":"closed","template":"","meta":{"footnotes":""},"class_list":["post-396","page","type-page","status-publish","hentry","odd"],"yoast_head":"<!-- This site is optimized with the Yoast SEO plugin v27.4 - https:\/\/yoast.com\/product\/yoast-seo-wordpress\/ -->\n<title>Guide to the Levels of English - Southbourne School of English<\/title>\n<meta name=\"description\" content=\"Here at Southbourne School of English we grade our student\u2019s level of English using the internationally recognised Common European Framework. The levels are...\" \/>\n<meta name=\"robots\" content=\"index, follow, max-snippet:-1, max-image-preview:large, max-video-preview:-1\" \/>\n<link rel=\"canonical\" href=\"https:\/\/southbourneschool.co.uk\/de_de\/englischkurse\/leitfaden-zu-den-levels\/\" \/>\n<meta property=\"og:locale\" content=\"de_DE\" \/>\n<meta property=\"og:type\" content=\"article\" \/>\n<meta property=\"og:title\" content=\"Guide to the Levels of English - Southbourne School of English\" \/>\n<meta property=\"og:description\" content=\"Here at Southbourne School of English we grade our student\u2019s level of English using the internationally recognised Common European Framework. The levels are...\" \/>\n<meta property=\"og:url\" content=\"https:\/\/southbourneschool.co.uk\/de_de\/englischkurse\/leitfaden-zu-den-levels\/\" \/>\n<meta property=\"og:site_name\" content=\"Southbourne School of English\" \/>\n<meta property=\"article:publisher\" content=\"https:\/\/www.facebook.com\/SouthbourneSchool\/\" \/>\n<meta property=\"article:modified_time\" content=\"2024-08-07T14:58:24+00:00\" \/>\n<meta name=\"twitter:card\" content=\"summary_large_image\" \/>\n<meta name=\"twitter:site\" content=\"@SouthbourneSofE\" \/>\n<meta name=\"twitter:label1\" content=\"Gesch\u00e4tzte Lesezeit\" \/>\n\t<meta name=\"twitter:data1\" content=\"2\u00a0Minuten\" \/>\n<script type=\"application\/ld+json\" class=\"yoast-schema-graph\">{\"@context\":\"https:\\\/\\\/schema.org\",\"@graph\":[{\"@type\":\"WebPage\",\"@id\":\"https:\\\/\\\/southbourneschool.co.uk\\\/english-courses\\\/guide-to-levels\\\/\",\"url\":\"https:\\\/\\\/southbourneschool.co.uk\\\/english-courses\\\/guide-to-levels\\\/\",\"name\":\"Guide to the Levels of English - Southbourne School of English\",\"isPartOf\":{\"@id\":\"https:\\\/\\\/southbourneschool.co.uk\\\/#website\"},\"datePublished\":\"2018-07-25T15:32:55+00:00\",\"dateModified\":\"2024-08-07T14:58:24+00:00\",\"description\":\"Here at Southbourne School of English we grade our student\u2019s level of English using the internationally recognised Common European Framework. The levels are...\",\"breadcrumb\":{\"@id\":\"https:\\\/\\\/southbourneschool.co.uk\\\/english-courses\\\/guide-to-levels\\\/#breadcrumb\"},\"inLanguage\":\"de\",\"potentialAction\":[{\"@type\":\"ReadAction\",\"target\":[\"https:\\\/\\\/southbourneschool.co.uk\\\/english-courses\\\/guide-to-levels\\\/\"]}]},{\"@type\":\"BreadcrumbList\",\"@id\":\"https:\\\/\\\/southbourneschool.co.uk\\\/english-courses\\\/guide-to-levels\\\/#breadcrumb\",\"itemListElement\":[{\"@type\":\"ListItem\",\"position\":1,\"name\":\"Home\",\"item\":\"https:\\\/\\\/southbourneschool.co.uk\\\/\"},{\"@type\":\"ListItem\",\"position\":2,\"name\":\"English Courses\",\"item\":\"https:\\\/\\\/southbourneschool.co.uk\\\/english-courses\\\/\"},{\"@type\":\"ListItem\",\"position\":3,\"name\":\"Guide To Levels\"}]},{\"@type\":\"WebSite\",\"@id\":\"https:\\\/\\\/southbourneschool.co.uk\\\/#website\",\"url\":\"https:\\\/\\\/southbourneschool.co.uk\\\/\",\"name\":\"Southbourne School of English\",\"description\":\"We make learning English fun. A language school in Bournemouth, ideally located by the sea in a suburb of Bournemouth called Southbourne, one of the UK\u2019s most popular locations for international students.\",\"publisher\":{\"@id\":\"https:\\\/\\\/southbourneschool.co.uk\\\/#organization\"},\"potentialAction\":[{\"@type\":\"SearchAction\",\"target\":{\"@type\":\"EntryPoint\",\"urlTemplate\":\"https:\\\/\\\/southbourneschool.co.uk\\\/?s={search_term_string}\"},\"query-input\":{\"@type\":\"PropertyValueSpecification\",\"valueRequired\":true,\"valueName\":\"search_term_string\"}}],\"inLanguage\":\"de\"},{\"@type\":\"Organization\",\"@id\":\"https:\\\/\\\/southbourneschool.co.uk\\\/#organization\",\"name\":\"Southbourne School of English\",\"alternateName\":\"SSE\",\"url\":\"https:\\\/\\\/southbourneschool.co.uk\\\/\",\"logo\":{\"@type\":\"ImageObject\",\"inLanguage\":\"de\",\"@id\":\"https:\\\/\\\/southbourneschool.co.uk\\\/#\\\/schema\\\/logo\\\/image\\\/\",\"url\":\"https:\\\/\\\/southbourneschool.co.uk\\\/wp-content\\\/uploads\\\/2026\\\/01\\\/SSE-60-Year-Anniversary-Logo.png\",\"contentUrl\":\"https:\\\/\\\/southbourneschool.co.uk\\\/wp-content\\\/uploads\\\/2026\\\/01\\\/SSE-60-Year-Anniversary-Logo.png\",\"width\":1964,\"height\":1965,\"caption\":\"Southbourne School of English\"},\"image\":{\"@id\":\"https:\\\/\\\/southbourneschool.co.uk\\\/#\\\/schema\\\/logo\\\/image\\\/\"},\"sameAs\":[\"https:\\\/\\\/www.facebook.com\\\/SouthbourneSchool\\\/\",\"https:\\\/\\\/x.com\\\/SouthbourneSofE\",\"https:\\\/\\\/www.instagram.com\\\/southbourneschoolofenglish\\\/\",\"https:\\\/\\\/www.tiktok.com\\\/@southbourne\",\"https:\\\/\\\/www.youtube.com\\\/@southbourneschoolofenglish4522\"]}]}<\/script>\n<!-- \/ Yoast SEO plugin. -->","yoast_head_json":{"title":"Leitfaden zu den Englisch-Niveaus \u2013 Southbourne School of English","description":"Hier an der Southbourne School of English bewerten wir das Englischniveau unserer Sch\u00fcler anhand des international anerkannten Gemeinsamen Europ\u00e4ischen Referenzrahmens. Die Niveaustufen sind...","robots":{"index":"index","follow":"follow","max-snippet":"max-snippet:-1","max-image-preview":"max-image-preview:large","max-video-preview":"max-video-preview:-1"},"canonical":"https:\/\/southbourneschool.co.uk\/de_de\/englischkurse\/leitfaden-zu-den-levels\/","og_locale":"de_DE","og_type":"article","og_title":"Guide to the Levels of English - Southbourne School of English","og_description":"Here at Southbourne School of English we grade our student\u2019s level of English using the internationally recognised Common European Framework. The levels are...","og_url":"https:\/\/southbourneschool.co.uk\/de_de\/englischkurse\/leitfaden-zu-den-levels\/","og_site_name":"Southbourne School of English","article_publisher":"https:\/\/www.facebook.com\/SouthbourneSchool\/","article_modified_time":"2024-08-07T14:58:24+00:00","twitter_card":"summary_large_image","twitter_site":"@SouthbourneSofE","twitter_misc":{"Gesch\u00e4tzte Lesezeit":"2\u00a0Minuten"},"schema":{"@context":"https:\/\/schema.org","@graph":[{"@type":"WebPage","@id":"https:\/\/southbourneschool.co.uk\/english-courses\/guide-to-levels\/","url":"https:\/\/southbourneschool.co.uk\/english-courses\/guide-to-levels\/","name":"Leitfaden zu den Englisch-Niveaus \u2013 Southbourne School of English","isPartOf":{"@id":"https:\/\/southbourneschool.co.uk\/#website"},"datePublished":"2018-07-25T15:32:55+00:00","dateModified":"2024-08-07T14:58:24+00:00","description":"Hier an der Southbourne School of English bewerten wir das Englischniveau unserer Sch\u00fcler anhand des international anerkannten Gemeinsamen Europ\u00e4ischen Referenzrahmens. Die Niveaustufen sind...","breadcrumb":{"@id":"https:\/\/southbourneschool.co.uk\/english-courses\/guide-to-levels\/#breadcrumb"},"inLanguage":"de","potentialAction":[{"@type":"ReadAction","target":["https:\/\/southbourneschool.co.uk\/english-courses\/guide-to-levels\/"]}]},{"@type":"BreadcrumbList","@id":"https:\/\/southbourneschool.co.uk\/english-courses\/guide-to-levels\/#breadcrumb","itemListElement":[{"@type":"ListItem","position":1,"name":"Home","item":"https:\/\/southbourneschool.co.uk\/"},{"@type":"ListItem","position":2,"name":"English Courses","item":"https:\/\/southbourneschool.co.uk\/english-courses\/"},{"@type":"ListItem","position":3,"name":"Guide To Levels"}]},{"@type":"WebSite","@id":"https:\/\/southbourneschool.co.uk\/#website","url":"https:\/\/southbourneschool.co.uk\/","name":"Southbourne Schule f\u00fcr Englisch","description":"Bei uns macht Englisch lernen Spa\u00df. Eine Sprachschule in Bournemouth, ideal gelegen am Meer in einem Vorort von Bournemouth namens Southbourne, einem der beliebtesten Orte Gro\u00dfbritanniens f\u00fcr internationale Studenten.","publisher":{"@id":"https:\/\/southbourneschool.co.uk\/#organization"},"potentialAction":[{"@type":"SearchAction","target":{"@type":"EntryPoint","urlTemplate":"https:\/\/southbourneschool.co.uk\/?s={search_term_string}"},"query-input":{"@type":"PropertyValueSpecification","valueRequired":true,"valueName":"search_term_string"}}],"inLanguage":"de"},{"@type":"Organization","@id":"https:\/\/southbourneschool.co.uk\/#organization","name":"Southbourne Schule f\u00fcr Englisch","alternateName":"SSE","url":"https:\/\/southbourneschool.co.uk\/","logo":{"@type":"ImageObject","inLanguage":"de","@id":"https:\/\/southbourneschool.co.uk\/#\/schema\/logo\/image\/","url":"https:\/\/southbourneschool.co.uk\/wp-content\/uploads\/2026\/01\/SSE-60-Year-Anniversary-Logo.png","contentUrl":"https:\/\/southbourneschool.co.uk\/wp-content\/uploads\/2026\/01\/SSE-60-Year-Anniversary-Logo.png","width":1964,"height":1965,"caption":"Southbourne School of English"},"image":{"@id":"https:\/\/southbourneschool.co.uk\/#\/schema\/logo\/image\/"},"sameAs":["https:\/\/www.facebook.com\/SouthbourneSchool\/","https:\/\/x.com\/SouthbourneSofE","https:\/\/www.instagram.com\/southbourneschoolofenglish\/","https:\/\/www.tiktok.com\/@southbourne","https:\/\/www.youtube.com\/@southbourneschoolofenglish4522"]}]}},"featured_image_src":null,"featured_image_src_square":null,"_links":{"self":[{"href":"https:\/\/southbourneschool.co.uk\/de_de\/wp-json\/wp\/v2\/pages\/396","targetHints":{"allow":["GET"]}}],"collection":[{"href":"https:\/\/southbourneschool.co.uk\/de_de\/wp-json\/wp\/v2\/pages"}],"about":[{"href":"https:\/\/southbourneschool.co.uk\/de_de\/wp-json\/wp\/v2\/types\/page"}],"author":[{"embeddable":true,"href":"https:\/\/southbourneschool.co.uk\/de_de\/wp-json\/wp\/v2\/users\/12312401"}],"replies":[{"embeddable":true,"href":"https:\/\/southbourneschool.co.uk\/de_de\/wp-json\/wp\/v2\/comments?post=396"}],"version-history":[{"count":0,"href":"https:\/\/southbourneschool.co.uk\/de_de\/wp-json\/wp\/v2\/pages\/396\/revisions"}],"up":[{"embeddable":true,"href":"https:\/\/southbourneschool.co.uk\/de_de\/wp-json\/wp\/v2\/pages\/791"}],"wp:attachment":[{"href":"https:\/\/southbourneschool.co.uk\/de_de\/wp-json\/wp\/v2\/media?parent=396"}],"curies":[{"name":"wp","href":"https:\/\/api.w.org\/{rel}","templated":true}]}}