{"id":543,"date":"2018-08-16T09:11:09","date_gmt":"2018-08-16T08:11:09","guid":{"rendered":"https:\/\/southbournese.wpengine.com\/?page_id=543"},"modified":"2025-08-29T11:19:23","modified_gmt":"2025-08-29T10:19:23","slug":"werden-sie-teil-unseres-teams","status":"publish","type":"page","link":"https:\/\/southbourneschool.co.uk\/de_de\/about\/join-our-team\/","title":{"rendered":"Unserem Team beitreten"},"content":{"rendered":"<section class=\"vc_section vc_custom_1723204831132 vc_section-has-fill\"><\/section><div class=\"vc_row wpb_row vc_row-fluid vc_custom_1532611618687\"><div class=\"wpb_column vc_column_container vc_col-sm-7\"><div class=\"vc_column-inner\"><div class=\"wpb_wrapper\"><h1 style=\"text-align: left\" class=\"vc_custom_heading\" >Unserem Team beitreten<\/h1>\n\t<div class=\"wpb_text_column wpb_content_element\" >\n\t\t<div class=\"wpb_wrapper\">\n\t\t\t<p>Interessiert, Teil unseres Lehrer- oder Animateurteams zu werden? Wir sind immer auf der Suche nach freundlichen und engagierten Menschen! Wenn Sie \u00fcber die entsprechende Erfahrung und Qualifikation verf\u00fcgen, freuen wir uns auf Ihre Kontaktaufnahme.<\/p>\n\n\t\t<\/div>\n\t<\/div>\n\n\t<div class=\"wpb_text_column wpb_content_element  vc_custom_1743421475817\" >\n\t\t<div class=\"wpb_wrapper\">\n\t\t\t<p>Wir setzen uns f\u00fcr den Schutz unserer Studierenden ein. Die Sicherheit unserer Studierenden hat f\u00fcr uns oberste Priorit\u00e4t. Daher m\u00fcssen alle Mitarbeiter eine erweiterte DBS-Pr\u00fcfung durchlaufen. Wir ben\u00f6tigen zwei Referenzen \u2013 und etwaige L\u00fccken im Lebenslauf m\u00fcssen \u00fcberpr\u00fcft werden.<\/p>\n<p>Bitte geben Sie bei jeder Korrespondenz die Referenz f\u00fcr die Stelle an, auf die Sie sich bewerben. Bei Interesse oder Fragen wenden Sie sich bitte per E-Mail an <a href=\"mailto:dos@southbourneschool.co.uk\">dos@southbourneschool.co.uk<\/a><\/p>\n\n\t\t<\/div>\n\t<\/div>\n\n\t<div class=\"wpb_text_column wpb_content_element\" >\n\t\t<div class=\"wpb_wrapper\">\n\t\t\t<h2>Offene Stellen an der Hauptschule<\/h2>\n\n\t\t<\/div>\n\t<\/div>\n<div class=\"vc_tta-container\" data-vc-action=\"collapseAll\"><div class=\"vc_general vc_tta vc_tta-accordion vc_tta-color-grey vc_tta-style-classic vc_tta-shape-square vc_tta-o-shape-group vc_tta-controls-align-left vc_tta-o-no-fill vc_tta-o-all-clickable vc_custom_1534407088858\"><div class=\"vc_tta-panels-container\"><div class=\"vc_tta-panels\"><div class=\"vc_tta-panel\" id=\"teachers\" data-vc-content=\".vc_tta-panel-body\"><div class=\"vc_tta-panel-heading\"><h4 class=\"vc_tta-panel-title vc_tta-controls-icon-position-left\"><a href=\"#teachers\" data-vc-accordion data-vc-container=\".vc_tta-container\"><span class=\"vc_tta-title-text\">Lehrer<\/span><i class=\"vc_tta-controls-icon vc_tta-controls-icon-plus\"><\/i><\/a><\/h4><\/div><div class=\"vc_tta-panel-body\">\n\t<div class=\"wpb_text_column wpb_content_element\" >\n\t\t<div class=\"wpb_wrapper\">\n\t\t\t<p>Wenn Sie Interesse haben, unserem Team beizutreten, laden Sie bitte hier das Bewerbungsformular herunter und f\u00fcllen Sie es aus: <a href=\"https:\/\/southbourneschool.co.uk\/wp-content\/uploads\/2025\/08\/2025-SSE-job-application-form.docx\">Bewerbungsformular<\/a><\/p>\n<p>Lehrkr\u00e4fte ben\u00f6tigen muttersprachliche Englischkenntnisse, einen Hochschulabschluss und eine Lehrbef\u00e4higung \u2013 wir akzeptieren PGCE Primary, Secondary and Modern Languages und\/oder CELTA oder Trinity TESOL-\u00c4quivalente. Bei Interesse wenden Sie sich bitte an\u00a0<a href=\"mailto:dos@southbourneschool.co.uk\">dos@southbourneschool.co.uk<\/a>.<\/p>\n<p>Lohn: 15,00 \u00a3 \u2013 18,25,00 \u00a3 (je nach Qualifikation)<\/p>\n<p>Wir setzen uns f\u00fcr den Schutz Ihrer Sch\u00fcler ein. Die Sicherheit unserer Studierenden hat f\u00fcr uns oberste Priorit\u00e4t. Daher m\u00fcssen sich alle Mitarbeiter einer erweiterten DBS-Pr\u00fcfung unterziehen, sofern sie nicht bereits \u00fcber den Aktualisierungsdienst verf\u00fcgen. Wir ben\u00f6tigen zwei Referenzen \u2013 und etwaige L\u00fccken im Lebenslauf m\u00fcssen \u00fcberpr\u00fcft werden.<\/p>\n<p><a href=\"https:\/\/southbourneschool.co.uk\/wp-content\/uploads\/2024\/04\/Teacher.docx\">Stellenbeschreibung f\u00fcr Lehrer<\/a><\/p>\n\n\t\t<\/div>\n\t<\/div>\n<\/div><\/div><div class=\"vc_tta-panel\" id=\"activityref2018\" data-vc-content=\".vc_tta-panel-body\"><div class=\"vc_tta-panel-heading\"><h4 class=\"vc_tta-panel-title vc_tta-controls-icon-position-left\"><a href=\"#activityref2018\" data-vc-accordion data-vc-container=\".vc_tta-container\"><span class=\"vc_tta-title-text\">Aktivit\u00e4tspersonal und Aktivit\u00e4tsorganisatoren<\/span><i class=\"vc_tta-controls-icon vc_tta-controls-icon-plus\"><\/i><\/a><\/h4><\/div><div class=\"vc_tta-panel-body\">\n\t<div class=\"wpb_text_column wpb_content_element\" >\n\t\t<div class=\"wpb_wrapper\">\n\t\t\t<p>Wenn Sie Interesse haben, unserem Team beizutreten, laden Sie bitte das Bewerbungsformular herunter und f\u00fcllen Sie es aus: <a href=\"https:\/\/southbourneschool.co.uk\/wp-content\/uploads\/2025\/08\/A-2025-Activity-Leader-JD-applications.docx\">Bewerbungsformular<\/a><\/p>\n<p>Wenn Sie ein kontaktfreudiger Mensch sind und Energie, Lebhaftigkeit und Begeisterung mitbringen, w\u00fcrden wir uns \u00fcber Ihre Bewerbung als Mitglied unseres Aktivit\u00e4tspersonals freuen.<\/p>\n<p>Wir setzen uns f\u00fcr den Schutz unserer Studierenden ein. Die Sicherheit unserer Studierenden hat f\u00fcr uns oberste Priorit\u00e4t. Daher m\u00fcssen alle Mitarbeiter eine erweiterte DBS-Pr\u00fcfung durchlaufen. Wir ben\u00f6tigen zwei Referenzen \u2013 und etwaige L\u00fccken im Lebenslauf m\u00fcssen \u00fcberpr\u00fcft werden.<\/p>\n<p>Um sich zu bewerben, senden Sie bitte eine E-Mail an: <a href=\"mailto:dos@southbourneschool.co.uk\">dos@southbourneschool.co.uk<\/a><\/p>\n\n\t\t<\/div>\n\t<\/div>\n<\/div><\/div><\/div><\/div><\/div><\/div><\/div><\/div><\/div><div class=\"wpb_column vc_column_container vc_col-sm-4 vc_col-sm-offset-1 vc_hidden-xs\"><div class=\"vc_column-inner\"><div class=\"wpb_wrapper\"><div  class=\"vc_wp_custommenu wpb_content_element child-page-menu\"><div class=\"widget widget_nav_menu\"><div class=\"menu-school-facilities-child-menu-container\"><ul id=\"menu-school-facilities-child-menu\" class=\"menu\"><li id=\"menu-item-446\" class=\"menu-item menu-item-type-post_type menu-item-object-page menu-item-has-children menu-item-446 msm-top-level-item\"><a href=\"https:\/\/southbourneschool.co.uk\/de_de\/about\/\">\u00dcber<\/a>\n<ul class=\"sub-menu\">\n\t<li id=\"menu-item-492\" class=\"menu-item menu-item-type-post_type menu-item-object-page menu-item-492\"><a href=\"https:\/\/southbourneschool.co.uk\/de_de\/about\/school-facilities\/\">Schulische Einrichtungen<\/a><\/li>\n\t<li id=\"menu-item-1792\" class=\"menu-item menu-item-type-post_type menu-item-object-page menu-item-1792\"><a href=\"https:\/\/southbourneschool.co.uk\/de_de\/about\/gallery\/\">Galerie<\/a><\/li>\n\t<li id=\"menu-item-3083\" class=\"menu-item menu-item-type-post_type menu-item-object-page menu-item-3083\"><a href=\"https:\/\/southbourneschool.co.uk\/de_de\/hosting-students\/\">Werden Sie eine Gastfamilie f\u00fcr Studenten<\/a><\/li>\n\t<li id=\"menu-item-453\" class=\"menu-item menu-item-type-post_type menu-item-object-page menu-item-453\"><a href=\"https:\/\/southbourneschool.co.uk\/de_de\/about\/our-team\/\">Unser Team<\/a><\/li>\n\t<li id=\"menu-item-549\" class=\"menu-item menu-item-type-post_type menu-item-object-page menu-item-549\"><a href=\"https:\/\/southbourneschool.co.uk\/de_de\/about\/join-our-team\/\">Unserem Team beitreten<\/a><\/li>\n\t<li id=\"menu-item-563\" class=\"menu-item menu-item-type-post_type menu-item-object-page menu-item-563\"><a href=\"https:\/\/southbourneschool.co.uk\/de_de\/about\/testimonials-accreditations\/\">Zeugnisse &amp; Akkreditierungen<\/a><\/li>\n\t<li id=\"menu-item-579\" class=\"menu-item menu-item-type-post_type menu-item-object-page menu-item-579\"><a href=\"https:\/\/southbourneschool.co.uk\/de_de\/about\/school-policies\/\">Schulpolitische Ma\u00dfnahmen<\/a><\/li>\n\t<li id=\"menu-item-3337\" class=\"menu-item menu-item-type-post_type menu-item-object-page menu-item-3337\"><a href=\"https:\/\/southbourneschool.co.uk\/de_de\/about\/visa-information\/\">Visa-Informationen<\/a><\/li>\n\t<li id=\"menu-item-596\" class=\"menu-item menu-item-type-post_type menu-item-object-page menu-item-596\"><a href=\"https:\/\/southbourneschool.co.uk\/de_de\/about\/faqs\/\">H\u00e4ufig gestellte Fragen<\/a><\/li>\n<\/ul>\n<\/li>\n<\/ul><\/div><\/div><\/div><\/div><\/div><\/div><\/div><section class=\"vc_section\"><div class=\"vc_row wpb_row vc_row-fluid\"><div class=\"wpb_column vc_column_container vc_col-sm-7 vc_hidden-lg vc_hidden-md vc_hidden-sm vc_hidden-xs\"><div class=\"vc_column-inner\"><div class=\"wpb_wrapper\">\n\t<div class=\"wpb_text_column wpb_content_element\" >\n\t\t<div class=\"wpb_wrapper\">\n\t\t\t<h2>Wohnzentrum<\/h2>\n\n\t\t<\/div>\n\t<\/div>\n<div class=\"vc_tta-container\" data-vc-action=\"collapseAll\"><div class=\"vc_general vc_tta vc_tta-accordion vc_tta-color-grey vc_tta-style-classic vc_tta-shape-square vc_tta-o-shape-group vc_tta-controls-align-left vc_tta-o-no-fill vc_tta-o-all-clickable vc_custom_1534407097312\"><div class=\"vc_tta-panels-container\"><div class=\"vc_tta-panels\"><div class=\"vc_tta-panel\" id=\"1534406935058-7bad137c-2ca5\" data-vc-content=\".vc_tta-panel-body\"><div class=\"vc_tta-panel-heading\"><h4 class=\"vc_tta-panel-title vc_tta-controls-icon-position-left\"><a href=\"#1534406935058-7bad137c-2ca5\" data-vc-accordion data-vc-container=\".vc_tta-container\"><span class=\"vc_tta-title-text\">Mitarbeiter f\u00fcr Wohnaktivit\u00e4ten (Ref: V2020RABCS)<\/span><i class=\"vc_tta-controls-icon vc_tta-controls-icon-plus\"><\/i><\/a><\/h4><\/div><div class=\"vc_tta-panel-body\">\n\t<div class=\"wpb_text_column wpb_content_element\" >\n\t\t<div class=\"wpb_wrapper\">\n\t\t\t<p>Wenn Sie Interesse haben, unserem Team beizutreten, laden Sie bitte das Bewerbungsformular herunter und f\u00fcllen Sie es aus. Der Sommerkurs mit Unterkunft findet vom 5. Juli bis 2. August 2020 statt.<\/p>\n<p>Wir suchen jemanden, der gerne mit jungen Menschen arbeitet, energisch, lebhaft und verantwortungsbewusst ist und vorzugsweise \u00fcber F\u00e4higkeiten im Sport, in der Kunst und\/oder in der Jugendarbeit verf\u00fcgt.<\/p>\n<p>Wir setzen uns f\u00fcr den Schutz unserer Studierenden ein. Die Sicherheit unserer Studierenden hat f\u00fcr uns oberste Priorit\u00e4t. Daher m\u00fcssen alle Mitarbeiter eine erweiterte DBS-Pr\u00fcfung durchlaufen. Wir ben\u00f6tigen zwei Referenzen \u2013 und etwaige L\u00fccken im Lebenslauf m\u00fcssen \u00fcberpr\u00fcft werden.<\/p>\n<p><strong>Positionen als Aktivit\u00e4tsleiter<\/strong><br \/>\n6 Tage pro Woche, bis zu 48 Stunden.<br \/>\n370 \u00a3 pro Woche (w\u00f6chentliche Zahlung) inklusive Unterkunft und 3 Mahlzeiten pro Tag.<\/p>\n<p><strong>Position als Aktivit\u00e4tsorganisator<\/strong><\/p>\n<p>Bitte beachten Sie: F\u00fcr diese Position ist eine \u00dcbernachtung vor Ort erforderlich.<\/p>\n<p><strong>Stellenbeschreibung<\/strong> \u2013 klicken Sie bitte auf die folgenden Links:<\/p>\n<p><a href=\"\/wp-content\/uploads\/2019\/05\/R-Residential-Activity-Organiser-2019-BCS.doc\" target=\"_blank\" rel=\"noopener noreferrer\">Stellenbeschreibung f\u00fcr Wohnaktivit\u00e4ten-Organisatoren 2019<\/a><\/p>\n<p><a href=\"\/wp-content\/uploads\/2019\/03\/2019-Residential-Activity-Leader-JD.docx\" target=\"_blank\" rel=\"noopener noreferrer\">Stellenbeschreibung f\u00fcr Leiter\/innen von Wohnaktivit\u00e4ten 2019<\/a><\/p>\n<p>Um sich zu bewerben, f\u00fcllen Sie bitte das <a href=\"https:\/\/southbournese.wpengine.com\/wp-content\/uploads\/2020\/02\/2020-SSE-job-application-form.docx\" target=\"_blank\" rel=\"noopener noreferrer\">Bewerbungsformular<\/a> und senden Sie es per E-Mail an <a href=\"mailto:rob@southbourneschool.co.uk\">principal@soutbourneschool.co.uk.<\/a><\/p>\n\n\t\t<\/div>\n\t<\/div>\n<\/div><\/div><div class=\"vc_tta-panel\" id=\"1534406935025-51db22c4-022e\" data-vc-content=\".vc_tta-panel-body\"><div class=\"vc_tta-panel-heading\"><h4 class=\"vc_tta-panel-title vc_tta-controls-icon-position-left\"><a href=\"#1534406935025-51db22c4-022e\" data-vc-accordion data-vc-container=\".vc_tta-container\"><span class=\"vc_tta-title-text\">Lehrpersonal (Ref: V2020RCJ)<\/span><i class=\"vc_tta-controls-icon vc_tta-controls-icon-plus\"><\/i><\/a><\/h4><\/div><div class=\"vc_tta-panel-body\">\n\t<div class=\"wpb_text_column wpb_content_element\" >\n\t\t<div class=\"wpb_wrapper\">\n\t\t\t<p>Wenn Sie Interesse haben, unserem Team beizutreten, laden Sie bitte das Bewerbungsformular herunter und f\u00fcllen Sie es aus.<\/p>\n<p>Bitte beachten Sie: Dies ist eine Stelle ohne Unterkunft, es gibt keine Unterkunft.<\/p>\n<p>Unterricht am Montag-, Dienstag-, Mittwoch-, Freitag- und Samstagvormittag im 15-Stunden-Stundenplan von 09:00 bis 12:30 Uhr. Es besteht die M\u00f6glichkeit, diese Stelle mit einem 15-Stunden-Stundenplan Montag-Freitagnachmittag von 14:00 bis 17:30 Uhr an der Hauptschule zu kombinieren.<\/p>\n<p>Wir setzen uns f\u00fcr den Schutz Ihrer Sch\u00fcler ein. Die Sicherheit unserer Studierenden hat f\u00fcr uns oberste Priorit\u00e4t. Daher m\u00fcssen sich alle Mitarbeiter einer erweiterten DBS-Pr\u00fcfung unterziehen, sofern sie nicht bereits \u00fcber den Aktualisierungsdienst verf\u00fcgen. Wir ben\u00f6tigen zwei Referenzen \u2013 und etwaige L\u00fccken im Lebenslauf m\u00fcssen \u00fcberpr\u00fcft werden.<\/p>\n<p>Lehrkr\u00e4fte ben\u00f6tigen muttersprachliche Englischkenntnisse, einen Hochschulabschluss und eine Lehrbef\u00e4higung \u2013 wir akzeptieren PGCE Primary, Secondary English and Modern Languages und\/oder CELTA oder Trinity TESOL-\u00c4quivalente. Bei Interesse f\u00fcllen Sie bitte das \u00a0<a href=\"https:\/\/southbournese.wpengine.com\/wp-content\/uploads\/2020\/02\/2020-SSE-job-application-form.docx\" target=\"_blank\" rel=\"noopener noreferrer\">Bewerbungsformular<\/a> und senden Sie es per E-Mail an <a href=\"mailto:kathryn@southbourneschool.co.uk\">principal@southbourneschool.co.uk<\/a>.<\/p>\n<p>Stellenbeschreibung \u2013 bitte klicken Sie auf den Link unten:<\/p>\n<p><a href=\"\/wp-content\/uploads\/2019\/03\/2019-Teacher-1-wk-JD.doc\" target=\"_blank\" rel=\"noopener noreferrer\">Stellenbeschreibung Lehrer 2019<\/a><\/p>\n\n\t\t<\/div>\n\t<\/div>\n<\/div><\/div><div class=\"vc_tta-panel\" id=\"1579004717831-f9d393f9-9839\" data-vc-content=\".vc_tta-panel-body\"><div class=\"vc_tta-panel-heading\"><h4 class=\"vc_tta-panel-title vc_tta-controls-icon-position-left\"><a href=\"#1579004717831-f9d393f9-9839\" data-vc-accordion data-vc-container=\".vc_tta-container\"><span class=\"vc_tta-title-text\">Cafeteria-Assistent (Ref: V2021CA)<\/span><i class=\"vc_tta-controls-icon vc_tta-controls-icon-plus\"><\/i><\/a><\/h4><\/div><div class=\"vc_tta-panel-body\"><div class=\"vc_row wpb_row vc_inner vc_row-fluid\"><div class=\"wpb_column vc_column_container vc_col-sm-12\"><div class=\"vc_column-inner\"><div class=\"wpb_wrapper\">\n\t<div class=\"wpb_text_column wpb_content_element\" >\n\t\t<div class=\"wpb_wrapper\">\n\t\t\t<p><strong>Cafeteria-Assistent f\u00fcr Southbourne School of English gesucht<\/strong><\/p>\n<p>08:00 \u2013 14:00 Uhr Dienstag und Donnerstag (Montag \u2013 Freitag Urlaubsvertretung bei Bedarf)<\/p>\n<p>April, Juli und August<\/p>\n<p>Montag \u2013 Freitag 08:00-14:00<\/p>\n<p>Beginn Ende Januar<\/p>\n<p>7,70 \u00a3 \u2013 8,25 \u00a3 je nach Alter<\/p>\n<p>Zertifikat f\u00fcr Lebensmittelhygiene erforderlich \u2013 Schulung wird angeboten, falls nicht vorhanden<\/p>\n<p>Zu den Aufgaben geh\u00f6ren: Bedienung der Kunden, Umgang mit Geld, Zubereitung und Servieren von Speisen, Reinigung, Auff\u00fcllen von Vorr\u00e4ten<\/p>\n<p>Bitte senden Sie uns eine E-Mail mit Ihrem Interesse und wir senden Ihnen ein Bewerbungsformular zu <strong>principal@southbourneschool.co.uk<\/strong><\/p>\n<p>Alle Bewerber m\u00fcssen eine erweiterte DBS-Pr\u00fcfung durchlaufen. Zwei Referenzen werden \u00fcberpr\u00fcft.<\/p>\n\n\t\t<\/div>\n\t<\/div>\n<\/div><\/div><\/div><\/div><\/div><\/div><\/div><\/div><\/div><\/div><\/div><\/div><\/div><div class=\"wpb_column vc_column_container vc_col-sm-4\"><div class=\"vc_column-inner\"><div class=\"wpb_wrapper\"><\/div><\/div><\/div><\/div><\/section>","protected":false},"excerpt":{"rendered":"Werden Sie Teil unseres Teams! Haben Sie Interesse, unser Lehrer- oder Betreuerteam zu verst\u00e4rken? Wir sind stets auf der Suche nach freundlichen und engagierten Mitarbeitern! Wenn Sie \u00fcber die n\u00f6tige Erfahrung und Qualifikation verf\u00fcgen, freuen wir uns auf Ihre Bewerbung. Der Schutz unserer Sch\u00fclerinnen und Sch\u00fcler hat f\u00fcr uns oberste Priorit\u00e4t.&nbsp;<a href=\"https:\/\/southbourneschool.co.uk\/de_de\/about\/join-our-team\/\">...<\/a>","protected":false},"author":12312401,"featured_media":0,"parent":162,"menu_order":0,"comment_status":"closed","ping_status":"closed","template":"","meta":{"footnotes":""},"class_list":["post-543","page","type-page","status-publish","hentry","odd"],"yoast_head":"<!-- This site is optimized with the Yoast SEO plugin v27.3 - https:\/\/yoast.com\/product\/yoast-seo-wordpress\/ -->\n<title>Join Our Team - Job Vacancies - Southbourne School of English<\/title>\n<meta name=\"description\" content=\"Want to join our team? We\u2019re looking for friendly and dedicated people to add to our family in Bournemouth. Click here for all our latest jobs and vacancies\" \/>\n<meta name=\"robots\" content=\"index, follow, max-snippet:-1, max-image-preview:large, max-video-preview:-1\" \/>\n<link rel=\"canonical\" href=\"https:\/\/southbourneschool.co.uk\/de_de\/uber\/werden-sie-teil-unseres-teams\/\" \/>\n<meta property=\"og:locale\" content=\"de_DE\" \/>\n<meta property=\"og:type\" content=\"article\" \/>\n<meta property=\"og:title\" content=\"Join Our Team - Job Vacancies - Southbourne School of English\" \/>\n<meta property=\"og:description\" content=\"Want to join our team? We\u2019re looking for friendly and dedicated people to add to our family in Bournemouth. Click here for all our latest jobs and vacancies\" \/>\n<meta property=\"og:url\" content=\"https:\/\/southbourneschool.co.uk\/de_de\/uber\/werden-sie-teil-unseres-teams\/\" \/>\n<meta property=\"og:site_name\" content=\"Southbourne School of English\" \/>\n<meta property=\"article:publisher\" content=\"https:\/\/www.facebook.com\/SouthbourneSchool\/\" \/>\n<meta property=\"article:modified_time\" content=\"2025-08-29T10:19:23+00:00\" \/>\n<meta name=\"twitter:card\" content=\"summary_large_image\" \/>\n<meta name=\"twitter:site\" content=\"@SouthbourneSofE\" \/>\n<meta name=\"twitter:label1\" content=\"Gesch\u00e4tzte Lesezeit\" \/>\n\t<meta name=\"twitter:data1\" content=\"4\u00a0Minuten\" \/>\n<script type=\"application\/ld+json\" class=\"yoast-schema-graph\">{\"@context\":\"https:\\\/\\\/schema.org\",\"@graph\":[{\"@type\":\"WebPage\",\"@id\":\"https:\\\/\\\/southbourneschool.co.uk\\\/about\\\/join-our-team\\\/\",\"url\":\"https:\\\/\\\/southbourneschool.co.uk\\\/about\\\/join-our-team\\\/\",\"name\":\"Join Our Team - Job Vacancies - Southbourne School of English\",\"isPartOf\":{\"@id\":\"https:\\\/\\\/southbourneschool.co.uk\\\/#website\"},\"datePublished\":\"2018-08-16T08:11:09+00:00\",\"dateModified\":\"2025-08-29T10:19:23+00:00\",\"description\":\"Want to join our team? We\u2019re looking for friendly and dedicated people to add to our family in Bournemouth. Click here for all our latest jobs and vacancies\",\"breadcrumb\":{\"@id\":\"https:\\\/\\\/southbourneschool.co.uk\\\/about\\\/join-our-team\\\/#breadcrumb\"},\"inLanguage\":\"de\",\"potentialAction\":[{\"@type\":\"ReadAction\",\"target\":[\"https:\\\/\\\/southbourneschool.co.uk\\\/about\\\/join-our-team\\\/\"]}]},{\"@type\":\"BreadcrumbList\",\"@id\":\"https:\\\/\\\/southbourneschool.co.uk\\\/about\\\/join-our-team\\\/#breadcrumb\",\"itemListElement\":[{\"@type\":\"ListItem\",\"position\":1,\"name\":\"Home\",\"item\":\"https:\\\/\\\/southbourneschool.co.uk\\\/\"},{\"@type\":\"ListItem\",\"position\":2,\"name\":\"About\",\"item\":\"https:\\\/\\\/southbourneschool.co.uk\\\/about\\\/\"},{\"@type\":\"ListItem\",\"position\":3,\"name\":\"Join Our Team\"}]},{\"@type\":\"WebSite\",\"@id\":\"https:\\\/\\\/southbourneschool.co.uk\\\/#website\",\"url\":\"https:\\\/\\\/southbourneschool.co.uk\\\/\",\"name\":\"Southbourne School of English\",\"description\":\"We make learning English fun. A language school in Bournemouth, ideally located by the sea in a suburb of Bournemouth called Southbourne, one of the UK\u2019s most popular locations for international students.\",\"publisher\":{\"@id\":\"https:\\\/\\\/southbourneschool.co.uk\\\/#organization\"},\"potentialAction\":[{\"@type\":\"SearchAction\",\"target\":{\"@type\":\"EntryPoint\",\"urlTemplate\":\"https:\\\/\\\/southbourneschool.co.uk\\\/?s={search_term_string}\"},\"query-input\":{\"@type\":\"PropertyValueSpecification\",\"valueRequired\":true,\"valueName\":\"search_term_string\"}}],\"inLanguage\":\"de\"},{\"@type\":\"Organization\",\"@id\":\"https:\\\/\\\/southbourneschool.co.uk\\\/#organization\",\"name\":\"Southbourne School of English\",\"alternateName\":\"SSE\",\"url\":\"https:\\\/\\\/southbourneschool.co.uk\\\/\",\"logo\":{\"@type\":\"ImageObject\",\"inLanguage\":\"de\",\"@id\":\"https:\\\/\\\/southbourneschool.co.uk\\\/#\\\/schema\\\/logo\\\/image\\\/\",\"url\":\"https:\\\/\\\/southbourneschool.co.uk\\\/wp-content\\\/uploads\\\/2026\\\/01\\\/SSE-60-Year-Anniversary-Logo.png\",\"contentUrl\":\"https:\\\/\\\/southbourneschool.co.uk\\\/wp-content\\\/uploads\\\/2026\\\/01\\\/SSE-60-Year-Anniversary-Logo.png\",\"width\":1964,\"height\":1965,\"caption\":\"Southbourne School of English\"},\"image\":{\"@id\":\"https:\\\/\\\/southbourneschool.co.uk\\\/#\\\/schema\\\/logo\\\/image\\\/\"},\"sameAs\":[\"https:\\\/\\\/www.facebook.com\\\/SouthbourneSchool\\\/\",\"https:\\\/\\\/x.com\\\/SouthbourneSofE\",\"https:\\\/\\\/www.instagram.com\\\/southbourneschoolofenglish\\\/\",\"https:\\\/\\\/www.tiktok.com\\\/@southbourne\",\"https:\\\/\\\/www.youtube.com\\\/@southbourneschoolofenglish4522\"]}]}<\/script>\n<!-- \/ Yoast SEO plugin. -->","yoast_head_json":{"title":"Werden Sie Teil unseres Teams - Stellenangebote - Southbourne School of English","description":"M\u00f6chten Sie Teil unseres Teams werden? Wir suchen freundliche und engagierte Mitarbeiter f\u00fcr unsere Familie in Bournemouth. Hier finden Sie alle aktuellen Stellenangebote.","robots":{"index":"index","follow":"follow","max-snippet":"max-snippet:-1","max-image-preview":"max-image-preview:large","max-video-preview":"max-video-preview:-1"},"canonical":"https:\/\/southbourneschool.co.uk\/de_de\/uber\/werden-sie-teil-unseres-teams\/","og_locale":"de_DE","og_type":"article","og_title":"Join Our Team - Job Vacancies - Southbourne School of English","og_description":"Want to join our team? We\u2019re looking for friendly and dedicated people to add to our family in Bournemouth. Click here for all our latest jobs and vacancies","og_url":"https:\/\/southbourneschool.co.uk\/de_de\/uber\/werden-sie-teil-unseres-teams\/","og_site_name":"Southbourne School of English","article_publisher":"https:\/\/www.facebook.com\/SouthbourneSchool\/","article_modified_time":"2025-08-29T10:19:23+00:00","twitter_card":"summary_large_image","twitter_site":"@SouthbourneSofE","twitter_misc":{"Gesch\u00e4tzte Lesezeit":"4\u00a0Minuten"},"schema":{"@context":"https:\/\/schema.org","@graph":[{"@type":"WebPage","@id":"https:\/\/southbourneschool.co.uk\/about\/join-our-team\/","url":"https:\/\/southbourneschool.co.uk\/about\/join-our-team\/","name":"Werden Sie Teil unseres Teams - Stellenangebote - Southbourne School of English","isPartOf":{"@id":"https:\/\/southbourneschool.co.uk\/#website"},"datePublished":"2018-08-16T08:11:09+00:00","dateModified":"2025-08-29T10:19:23+00:00","description":"M\u00f6chten Sie Teil unseres Teams werden? Wir suchen freundliche und engagierte Mitarbeiter f\u00fcr unsere Familie in Bournemouth. Hier finden Sie alle aktuellen Stellenangebote.","breadcrumb":{"@id":"https:\/\/southbourneschool.co.uk\/about\/join-our-team\/#breadcrumb"},"inLanguage":"de","potentialAction":[{"@type":"ReadAction","target":["https:\/\/southbourneschool.co.uk\/about\/join-our-team\/"]}]},{"@type":"BreadcrumbList","@id":"https:\/\/southbourneschool.co.uk\/about\/join-our-team\/#breadcrumb","itemListElement":[{"@type":"ListItem","position":1,"name":"Home","item":"https:\/\/southbourneschool.co.uk\/"},{"@type":"ListItem","position":2,"name":"About","item":"https:\/\/southbourneschool.co.uk\/about\/"},{"@type":"ListItem","position":3,"name":"Join Our Team"}]},{"@type":"WebSite","@id":"https:\/\/southbourneschool.co.uk\/#website","url":"https:\/\/southbourneschool.co.uk\/","name":"Southbourne Schule f\u00fcr Englisch","description":"Bei uns macht Englisch lernen Spa\u00df. Eine Sprachschule in Bournemouth, ideal gelegen am Meer in einem Vorort von Bournemouth namens Southbourne, einem der beliebtesten Orte Gro\u00dfbritanniens f\u00fcr internationale Studenten.","publisher":{"@id":"https:\/\/southbourneschool.co.uk\/#organization"},"potentialAction":[{"@type":"SearchAction","target":{"@type":"EntryPoint","urlTemplate":"https:\/\/southbourneschool.co.uk\/?s={search_term_string}"},"query-input":{"@type":"PropertyValueSpecification","valueRequired":true,"valueName":"search_term_string"}}],"inLanguage":"de"},{"@type":"Organization","@id":"https:\/\/southbourneschool.co.uk\/#organization","name":"Southbourne Schule f\u00fcr Englisch","alternateName":"SSE","url":"https:\/\/southbourneschool.co.uk\/","logo":{"@type":"ImageObject","inLanguage":"de","@id":"https:\/\/southbourneschool.co.uk\/#\/schema\/logo\/image\/","url":"https:\/\/southbourneschool.co.uk\/wp-content\/uploads\/2026\/01\/SSE-60-Year-Anniversary-Logo.png","contentUrl":"https:\/\/southbourneschool.co.uk\/wp-content\/uploads\/2026\/01\/SSE-60-Year-Anniversary-Logo.png","width":1964,"height":1965,"caption":"Southbourne School of English"},"image":{"@id":"https:\/\/southbourneschool.co.uk\/#\/schema\/logo\/image\/"},"sameAs":["https:\/\/www.facebook.com\/SouthbourneSchool\/","https:\/\/x.com\/SouthbourneSofE","https:\/\/www.instagram.com\/southbourneschoolofenglish\/","https:\/\/www.tiktok.com\/@southbourne","https:\/\/www.youtube.com\/@southbourneschoolofenglish4522"]}]}},"featured_image_src":null,"featured_image_src_square":null,"_links":{"self":[{"href":"https:\/\/southbourneschool.co.uk\/de_de\/wp-json\/wp\/v2\/pages\/543","targetHints":{"allow":["GET"]}}],"collection":[{"href":"https:\/\/southbourneschool.co.uk\/de_de\/wp-json\/wp\/v2\/pages"}],"about":[{"href":"https:\/\/southbourneschool.co.uk\/de_de\/wp-json\/wp\/v2\/types\/page"}],"author":[{"embeddable":true,"href":"https:\/\/southbourneschool.co.uk\/de_de\/wp-json\/wp\/v2\/users\/12312401"}],"replies":[{"embeddable":true,"href":"https:\/\/southbourneschool.co.uk\/de_de\/wp-json\/wp\/v2\/comments?post=543"}],"version-history":[{"count":0,"href":"https:\/\/southbourneschool.co.uk\/de_de\/wp-json\/wp\/v2\/pages\/543\/revisions"}],"up":[{"embeddable":true,"href":"https:\/\/southbourneschool.co.uk\/de_de\/wp-json\/wp\/v2\/pages\/162"}],"wp:attachment":[{"href":"https:\/\/southbourneschool.co.uk\/de_de\/wp-json\/wp\/v2\/media?parent=543"}],"curies":[{"name":"wp","href":"https:\/\/api.w.org\/{rel}","templated":true}]}}