{"id":611,"date":"2018-08-16T13:03:22","date_gmt":"2018-08-16T12:03:22","guid":{"rendered":"https:\/\/southbournese.wpengine.com\/?page_id=611"},"modified":"2026-03-03T10:18:16","modified_gmt":"2026-03-03T10:18:16","slug":"junior-sprachkurse","status":"publish","type":"page","link":"https:\/\/southbourneschool.co.uk\/de_de\/english-courses\/junior-language-courses\/","title":{"rendered":"Englischkurse f\u00fcr Jugendliche"},"content":{"rendered":"<section data-vc-full-width=\"true\" data-vc-full-width-init=\"false\" class=\"vc_section vc_custom_1723043349579 vc_section-has-fill\"><\/section><div class=\"vc_row-full-width vc_clearfix\"><\/div><div class=\"vc_row wpb_row vc_row-fluid vc_custom_1532605005893\"><div class=\"wpb_column vc_column_container vc_col-sm-7\"><div class=\"vc_column-inner vc_custom_1532527698189\"><div class=\"wpb_wrapper\"><h1 style=\"color: #7bbb58;text-align: left\" class=\"vc_custom_heading vc_custom_1743678623603\" >Englischkurse f\u00fcr Jugendliche<br \/>\n(Alter 9-15)<\/h1><h4 style=\"text-align: left\" class=\"vc_custom_heading\" >Wir bieten hochwertige Englischkurse f\u00fcr Jugendliche ab 9 Jahren (ab 10 Jahren, wenn eine Gastfamilie gew\u00fcnscht wird) in Begleitung eines eigenen Gruppenleiters an. Sch\u00fcler der j\u00fcngeren Generation k\u00f6nnen an unserer Schule lernen und in den Sommerferien bei einer Gastfamilie wohnen.<\/h4><section class=\"vc_cta3-container\"><div class=\"vc_general vc_cta3 vc_cta3-style-classic vc_cta3-shape-rounded vc_cta3-align-center vc_cta3-color-classic vc_cta3-icon-size-md vc_cta3-actions-bottom\"><div class=\"vc_cta3_content-container\"><div class=\"vc_cta3-content\"><header class=\"vc_cta3-content-header\"><h2>Bereit, sich f\u00fcr einen Englischkurs anzumelden?<\/h2><\/header><p>Wenn Sie sich anmelden m\u00f6chten, f\u00fcllen Sie einfach unser Online-Anmeldeformular aus und einer aus unserem Team wird sich in K\u00fcrze mit Ihnen in Verbindung setzen!<\/p>\n<\/div><div class=\"vc_cta3-actions\"><div class=\"vc_btn3-container vc_btn3-center\" ><a class=\"vc_general vc_btn3 vc_btn3-size-lg vc_btn3-shape-rounded vc_btn3-style-modern vc_btn3-block vc_btn3-color-primary\" href=\"https:\/\/forms.office.com\/e\/70XEEbmTWM\" title=\"Online-Anmeldeformular\" target=\"_blank\">Online-Anmeldeformular<\/a><\/div><\/div><\/div><\/div><\/section>\n\t<div class=\"wpb_video_widget wpb_content_element vc_clearfix   vc_video-aspect-ratio-169 vc_video-el-width-100 vc_video-align-left\" >\n\t\t<div class=\"wpb_wrapper\">\n\t\t\t\n\t\t\t<div class=\"wpb_video_wrapper\"><iframe loading=\"lazy\" title=\"Juniorprogramm - Southbourne School of English\" width=\"1200\" height=\"675\" src=\"https:\/\/www.youtube.com\/embed\/SaqugXhdl10?feature=oembed\" frameborder=\"0\" allow=\"accelerometer; autoplay; clipboard-write; encrypted-media; gyroscope; picture-in-picture; web-share\" allowfullscreen><\/iframe><\/div>\n\t\t<\/div>\n\t<\/div>\n\n\t<div class=\"wpb_text_column wpb_content_element  vc_custom_1743676882108\" >\n\t\t<div class=\"wpb_wrapper\">\n\t\t\t<p>Einzelsch\u00fcler k\u00f6nnen an unseren Sommer-Englischprogrammen teilnehmen. Diese beinhalten ein abwechslungsreiches Freizeitprogramm mit einem ganzt\u00e4gigen Ausflug jeden Samstag. Wir akzeptieren das ganze Jahr \u00fcber auch Juniorengruppen ab 9 Jahren.<\/p>\n<h4>Sommer-Englischkurse f\u00fcr Jugendliche<\/h4>\n<ul>\n<li>Alter \u2013 9 bis 15<\/li>\n<li>Unterkunft in einer Gastfamilie*<\/li>\n<li>15 Stunden Unterricht<\/li>\n<li>Verf\u00fcgbarkeit \u2013 siehe oben f\u00fcr Termine und Preise<\/li>\n<\/ul>\n<h4>Ganzj\u00e4hrige Junior-Gruppenkurse<\/h4>\n<ul>\n<li>Alter \u2013 9 bis 15<\/li>\n<li>Unterkunft in einer Gastfamilie*<\/li>\n<li>15 Stunden Unterricht pro Woche<\/li>\n<li>Ganzj\u00e4hrige Verf\u00fcgbarkeit<\/li>\n<\/ul>\n<p>*Unterbringung in einer Gastfamilie ist nur f\u00fcr Sch\u00fcler ab 10 Jahren m\u00f6glich.<\/p>\n\n\t\t<\/div>\n\t<\/div>\n\n<div class=\"vc_grid-container-wrapper vc_clearfix\">\n\t<div class=\"vc_grid-container vc_clearfix wpb_content_element vc_masonry_media_grid\" data-initial-loading-animation=\"zoomIn\" data-vc-grid-settings=\"{&quot;page_id&quot;:611,&quot;style&quot;:&quot;all-masonry&quot;,&quot;action&quot;:&quot;vc_get_vc_grid_data&quot;,&quot;shortcode_id&quot;:&quot;1772532845482-a61c8f57-304c-5&quot;,&quot;tag&quot;:&quot;vc_masonry_media_grid&quot;}\" data-vc-request=\"https:\/\/southbourneschool.co.uk\/wp-admin\/admin-ajax.php\" data-vc-post-id=\"611\" data-vc-public-nonce=\"227857f983\">\n\t\t\n\t<\/div>\n<\/div>\n\t<div class=\"wpb_text_column wpb_content_element\" >\n\t\t<div class=\"wpb_wrapper\">\n\t\t\t<p><img loading=\"lazy\" decoding=\"async\" class=\"alignnone size-full wp-image-3689\" src=\"https:\/\/southbourneschool.co.uk\/wp-content\/uploads\/2025\/10\/Junior-summer-timetable-2026.png\" alt=\"Junior-Sommerstundenplan 2026\" width=\"1512\" height=\"722\" srcset=\"https:\/\/southbourneschool.co.uk\/wp-content\/uploads\/2025\/10\/Junior-summer-timetable-2026.png 1512w, https:\/\/southbourneschool.co.uk\/wp-content\/uploads\/2025\/10\/Junior-summer-timetable-2026-300x143.png 300w, https:\/\/southbourneschool.co.uk\/wp-content\/uploads\/2025\/10\/Junior-summer-timetable-2026-1024x489.png 1024w, https:\/\/southbourneschool.co.uk\/wp-content\/uploads\/2025\/10\/Junior-summer-timetable-2026-18x9.png 18w\" sizes=\"auto, (max-width: 1512px) 100vw, 1512px\" \/><\/p>\n\n\t\t<\/div>\n\t<\/div>\n<a href=\"\/wp-content\/uploads\/2025\/12\/Junior-Summer-Programme-2026-8-weeks.pdf\" class=\"wh-button vc_custom_1768900798358  scp_theme_button-9798e73c3134cf9cb90892718320fca7\" target=\"_blank\">Sommerprogramm f\u00fcr Jugendliche 2026<\/a><section class=\"vc_cta3-container\"><div class=\"vc_general vc_cta3 vc_cta3-style-classic vc_cta3-shape-rounded vc_cta3-align-left vc_cta3-color-classic vc_cta3-icon-size-md vc_cta3-actions-bottom\"><div class=\"vc_cta3_content-container\"><div class=\"vc_cta3-content\"><header class=\"vc_cta3-content-header\"><h2>Erhalten Sie innerhalb von 24 Stunden ein Kursangebot!<\/h2><\/header><p>F\u00fcllen Sie unser Angebotsanfrageformular aus und wir kontaktieren Sie innerhalb von 24 Stunden per E-Mail oder WhatsApp mit einem individuellen Angebot.<\/p>\n<\/div><div class=\"vc_cta3-actions\"><div class=\"vc_btn3-container vc_btn3-inline\" ><a class=\"vc_general vc_btn3 vc_btn3-size-md vc_btn3-shape-rounded vc_btn3-style-modern vc_btn3-color-success\" href=\"https:\/\/southbourneschool.co.uk\/de_de\/angebot-anfordern\/\" title=\"Angebot anfordern\">Fordern Sie ein Angebot an<\/a><\/div><\/div><\/div><\/div><\/section><\/div><\/div><\/div><div class=\"wpb_column vc_column_container vc_col-sm-4 vc_col-sm-offset-1 vc_hidden-xs\"><div class=\"vc_column-inner\"><div class=\"wpb_wrapper\"><div  class=\"vc_wp_custommenu wpb_content_element child-page-menu\"><div class=\"widget widget_nav_menu\"><div class=\"menu-language-course-child-menu-container\"><ul id=\"menu-language-course-child-menu\" class=\"menu\"><li id=\"menu-item-794\" class=\"menu-item menu-item-type-post_type menu-item-object-page menu-item-has-children menu-item-794 msm-top-level-item\"><a href=\"https:\/\/southbourneschool.co.uk\/de_de\/english-courses\/\">Englisch-Kurse<\/a>\n<ul class=\"sub-menu\">\n\t<li id=\"menu-item-3297\" class=\"menu-item menu-item-type-post_type menu-item-object-page menu-item-3297\"><a href=\"https:\/\/southbourneschool.co.uk\/de_de\/request-a-quote\/\">Angebot anfordern<\/a><\/li>\n\t<li id=\"menu-item-646\" class=\"menu-item menu-item-type-post_type menu-item-object-page menu-item-646\"><a href=\"https:\/\/southbourneschool.co.uk\/de_de\/english-courses\/how-to-book-your-english-course\/\">Wie Sie Ihren Englischkurs buchen<\/a><\/li>\n\t<li id=\"menu-item-384\" class=\"menu-item menu-item-type-post_type menu-item-object-page menu-item-has-children menu-item-384\"><a href=\"https:\/\/southbourneschool.co.uk\/de_de\/english-courses\/adult-language-courses\/\">Englischkurse f\u00fcr Erwachsene<\/a>\n\t<ul class=\"sub-menu\">\n\t\t<li id=\"menu-item-383\" class=\"menu-item menu-item-type-post_type menu-item-object-page menu-item-383\"><a href=\"https:\/\/southbourneschool.co.uk\/de_de\/english-courses\/adult-language-courses\/general-intensive\/\">Allgemeine und intensive Englischkurse<\/a><\/li>\n\t\t<li id=\"menu-item-394\" class=\"menu-item menu-item-type-post_type menu-item-object-page menu-item-394\"><a href=\"https:\/\/southbourneschool.co.uk\/de_de\/english-courses\/adult-language-courses\/one-to-one-english\/\">Einzelunterricht Englisch<\/a><\/li>\n\t\t<li id=\"menu-item-1039\" class=\"menu-item menu-item-type-post_type menu-item-object-page menu-item-1039\"><a href=\"https:\/\/southbourneschool.co.uk\/de_de\/english-courses\/adult-language-courses\/summer-vacation-courses\/\">Sommer-Englischkurse f\u00fcr Erwachsene (ab 16 Jahren)<\/a><\/li>\n\t\t<li id=\"menu-item-1038\" class=\"menu-item menu-item-type-post_type menu-item-object-page menu-item-1038\"><a href=\"https:\/\/southbourneschool.co.uk\/de_de\/english-courses\/adult-language-courses\/examination-courses\/\">Cambridge Englisch Pr\u00fcfungskurse<\/a><\/li>\n\t<\/ul>\n<\/li>\n\t<li id=\"menu-item-618\" class=\"menu-item menu-item-type-post_type menu-item-object-page menu-item-has-children menu-item-618\"><a href=\"https:\/\/southbourneschool.co.uk\/de_de\/english-courses\/junior-language-courses\/\">Englischkurse f\u00fcr Jugendliche<\/a>\n\t<ul class=\"sub-menu\">\n\t\t<li id=\"menu-item-633\" class=\"menu-item menu-item-type-post_type menu-item-object-page menu-item-633\"><a href=\"https:\/\/southbourneschool.co.uk\/de_de\/english-courses\/junior-language-courses\/summer-courses\/\">Junior-Sommer-Englischkurse (9-15 Jahre)<\/a><\/li>\n\t\t<li id=\"menu-item-1055\" class=\"menu-item menu-item-type-post_type menu-item-object-page menu-item-1055\"><a href=\"https:\/\/southbourneschool.co.uk\/de_de\/english-courses\/junior-language-courses\/year-round-group-courses\/\">Gruppenkurse Englisch (ganzj\u00e4hrig)<\/a><\/li>\n\t<\/ul>\n<\/li>\n\t<li id=\"menu-item-647\" class=\"menu-item menu-item-type-post_type menu-item-object-page menu-item-647\"><a href=\"https:\/\/southbourneschool.co.uk\/de_de\/english-courses\/guide-to-levels\/\">Leitfaden f\u00fcr Levels<\/a><\/li>\n<\/ul>\n<\/li>\n<\/ul><\/div><\/div><\/div><\/div><\/div><\/div><\/div>","protected":false},"excerpt":{"rendered":"Englischkurse f\u00fcr Kinder und Jugendliche (9\u201315 Jahre) Wir bieten hochwertige Englischkurse f\u00fcr Kinder und Jugendliche ab 9 Jahren (ab 10 Jahren bei Gastfamilienunterbringung) an. Jeder Kurs wird von einem eigenen Gruppenleiter begleitet. Die Kinder und Jugendlichen k\u00f6nnen w\u00e4hrend der Sommerferien an unserer Schule lernen und bei einer Gastfamilie wohnen.&nbsp;<a href=\"https:\/\/southbourneschool.co.uk\/de_de\/english-courses\/junior-language-courses\/\">...<\/a>","protected":false},"author":12312401,"featured_media":0,"parent":791,"menu_order":0,"comment_status":"closed","ping_status":"closed","template":"","meta":{"footnotes":""},"class_list":["post-611","page","type-page","status-publish","hentry","odd"],"yoast_head":"<!-- This site is optimized with the Yoast SEO plugin v27.3 - https:\/\/yoast.com\/product\/yoast-seo-wordpress\/ -->\n<title>Junior English Courses in Bournemouth - Southbourne School of English<\/title>\n<meta name=\"description\" content=\"Our Junior English courses in Bournemouth are for students aged between 9 and 16 during the summer season and includes a fun activity programme!\" \/>\n<meta name=\"robots\" content=\"index, follow, max-snippet:-1, max-image-preview:large, max-video-preview:-1\" \/>\n<link rel=\"canonical\" href=\"https:\/\/southbourneschool.co.uk\/de_de\/englischkurse\/junior-sprachkurse\/\" \/>\n<meta property=\"og:locale\" content=\"de_DE\" \/>\n<meta property=\"og:type\" content=\"article\" \/>\n<meta property=\"og:title\" content=\"Junior English Courses in Bournemouth - Southbourne School of English\" \/>\n<meta property=\"og:description\" content=\"Our Junior English courses in Bournemouth are for students aged between 9 and 16 during the summer season and includes a fun activity programme!\" \/>\n<meta property=\"og:url\" content=\"https:\/\/southbourneschool.co.uk\/de_de\/englischkurse\/junior-sprachkurse\/\" \/>\n<meta property=\"og:site_name\" content=\"Southbourne School of English\" \/>\n<meta property=\"article:publisher\" content=\"https:\/\/www.facebook.com\/SouthbourneSchool\/\" \/>\n<meta property=\"article:modified_time\" content=\"2026-03-03T10:18:16+00:00\" \/>\n<meta property=\"og:image\" content=\"https:\/\/southbourneschool.co.uk\/wp-content\/uploads\/2025\/10\/Junior-summer-timetable-2026.png\" \/>\n\t<meta property=\"og:image:width\" content=\"1512\" \/>\n\t<meta property=\"og:image:height\" content=\"722\" \/>\n\t<meta property=\"og:image:type\" content=\"image\/png\" \/>\n<meta name=\"twitter:card\" content=\"summary_large_image\" \/>\n<meta name=\"twitter:site\" content=\"@SouthbourneSofE\" \/>\n<meta name=\"twitter:label1\" content=\"Gesch\u00e4tzte Lesezeit\" \/>\n\t<meta name=\"twitter:data1\" content=\"2\u00a0Minuten\" \/>\n<script type=\"application\/ld+json\" class=\"yoast-schema-graph\">{\"@context\":\"https:\\\/\\\/schema.org\",\"@graph\":[{\"@type\":\"WebPage\",\"@id\":\"https:\\\/\\\/southbourneschool.co.uk\\\/english-courses\\\/junior-language-courses\\\/\",\"url\":\"https:\\\/\\\/southbourneschool.co.uk\\\/english-courses\\\/junior-language-courses\\\/\",\"name\":\"Junior English Courses in Bournemouth - Southbourne School of English\",\"isPartOf\":{\"@id\":\"https:\\\/\\\/southbourneschool.co.uk\\\/#website\"},\"primaryImageOfPage\":{\"@id\":\"https:\\\/\\\/southbourneschool.co.uk\\\/english-courses\\\/junior-language-courses\\\/#primaryimage\"},\"image\":{\"@id\":\"https:\\\/\\\/southbourneschool.co.uk\\\/english-courses\\\/junior-language-courses\\\/#primaryimage\"},\"thumbnailUrl\":\"https:\\\/\\\/southbourneschool.co.uk\\\/wp-content\\\/uploads\\\/2025\\\/10\\\/Junior-summer-timetable-2026.png\",\"datePublished\":\"2018-08-16T12:03:22+00:00\",\"dateModified\":\"2026-03-03T10:18:16+00:00\",\"description\":\"Our Junior English courses in Bournemouth are for students aged between 9 and 16 during the summer season and includes a fun activity programme!\",\"breadcrumb\":{\"@id\":\"https:\\\/\\\/southbourneschool.co.uk\\\/english-courses\\\/junior-language-courses\\\/#breadcrumb\"},\"inLanguage\":\"de\",\"potentialAction\":[{\"@type\":\"ReadAction\",\"target\":[\"https:\\\/\\\/southbourneschool.co.uk\\\/english-courses\\\/junior-language-courses\\\/\"]}]},{\"@type\":\"ImageObject\",\"inLanguage\":\"de\",\"@id\":\"https:\\\/\\\/southbourneschool.co.uk\\\/english-courses\\\/junior-language-courses\\\/#primaryimage\",\"url\":\"https:\\\/\\\/southbourneschool.co.uk\\\/wp-content\\\/uploads\\\/2025\\\/10\\\/Junior-summer-timetable-2026.png\",\"contentUrl\":\"https:\\\/\\\/southbourneschool.co.uk\\\/wp-content\\\/uploads\\\/2025\\\/10\\\/Junior-summer-timetable-2026.png\"},{\"@type\":\"BreadcrumbList\",\"@id\":\"https:\\\/\\\/southbourneschool.co.uk\\\/english-courses\\\/junior-language-courses\\\/#breadcrumb\",\"itemListElement\":[{\"@type\":\"ListItem\",\"position\":1,\"name\":\"Home\",\"item\":\"https:\\\/\\\/southbourneschool.co.uk\\\/\"},{\"@type\":\"ListItem\",\"position\":2,\"name\":\"English Courses\",\"item\":\"https:\\\/\\\/southbourneschool.co.uk\\\/english-courses\\\/\"},{\"@type\":\"ListItem\",\"position\":3,\"name\":\"Junior English Courses\"}]},{\"@type\":\"WebSite\",\"@id\":\"https:\\\/\\\/southbourneschool.co.uk\\\/#website\",\"url\":\"https:\\\/\\\/southbourneschool.co.uk\\\/\",\"name\":\"Southbourne School of English\",\"description\":\"We make learning English fun. A language school in Bournemouth, ideally located by the sea in a suburb of Bournemouth called Southbourne, one of the UK\u2019s most popular locations for international students.\",\"publisher\":{\"@id\":\"https:\\\/\\\/southbourneschool.co.uk\\\/#organization\"},\"potentialAction\":[{\"@type\":\"SearchAction\",\"target\":{\"@type\":\"EntryPoint\",\"urlTemplate\":\"https:\\\/\\\/southbourneschool.co.uk\\\/?s={search_term_string}\"},\"query-input\":{\"@type\":\"PropertyValueSpecification\",\"valueRequired\":true,\"valueName\":\"search_term_string\"}}],\"inLanguage\":\"de\"},{\"@type\":\"Organization\",\"@id\":\"https:\\\/\\\/southbourneschool.co.uk\\\/#organization\",\"name\":\"Southbourne School of English\",\"alternateName\":\"SSE\",\"url\":\"https:\\\/\\\/southbourneschool.co.uk\\\/\",\"logo\":{\"@type\":\"ImageObject\",\"inLanguage\":\"de\",\"@id\":\"https:\\\/\\\/southbourneschool.co.uk\\\/#\\\/schema\\\/logo\\\/image\\\/\",\"url\":\"https:\\\/\\\/southbourneschool.co.uk\\\/wp-content\\\/uploads\\\/2026\\\/01\\\/SSE-60-Year-Anniversary-Logo.png\",\"contentUrl\":\"https:\\\/\\\/southbourneschool.co.uk\\\/wp-content\\\/uploads\\\/2026\\\/01\\\/SSE-60-Year-Anniversary-Logo.png\",\"width\":1964,\"height\":1965,\"caption\":\"Southbourne School of English\"},\"image\":{\"@id\":\"https:\\\/\\\/southbourneschool.co.uk\\\/#\\\/schema\\\/logo\\\/image\\\/\"},\"sameAs\":[\"https:\\\/\\\/www.facebook.com\\\/SouthbourneSchool\\\/\",\"https:\\\/\\\/x.com\\\/SouthbourneSofE\",\"https:\\\/\\\/www.instagram.com\\\/southbourneschoolofenglish\\\/\",\"https:\\\/\\\/www.tiktok.com\\\/@southbourne\",\"https:\\\/\\\/www.youtube.com\\\/@southbourneschoolofenglish4522\"]}]}<\/script>\n<!-- \/ Yoast SEO plugin. -->","yoast_head_json":{"title":"Englischkurse f\u00fcr Jugendliche in Bournemouth \u2013 Southbourne School of English","description":"Unsere Junior-Englischkurse in Bournemouth richten sich w\u00e4hrend der Sommersaison an Sch\u00fcler im Alter zwischen 9 und 16 Jahren und beinhalten ein unterhaltsames Aktivit\u00e4tsprogramm!","robots":{"index":"index","follow":"follow","max-snippet":"max-snippet:-1","max-image-preview":"max-image-preview:large","max-video-preview":"max-video-preview:-1"},"canonical":"https:\/\/southbourneschool.co.uk\/de_de\/englischkurse\/junior-sprachkurse\/","og_locale":"de_DE","og_type":"article","og_title":"Junior English Courses in Bournemouth - Southbourne School of English","og_description":"Our Junior English courses in Bournemouth are for students aged between 9 and 16 during the summer season and includes a fun activity programme!","og_url":"https:\/\/southbourneschool.co.uk\/de_de\/englischkurse\/junior-sprachkurse\/","og_site_name":"Southbourne School of English","article_publisher":"https:\/\/www.facebook.com\/SouthbourneSchool\/","article_modified_time":"2026-03-03T10:18:16+00:00","og_image":[{"width":1512,"height":722,"url":"https:\/\/southbourneschool.co.uk\/wp-content\/uploads\/2025\/10\/Junior-summer-timetable-2026.png","type":"image\/png"}],"twitter_card":"summary_large_image","twitter_site":"@SouthbourneSofE","twitter_misc":{"Gesch\u00e4tzte Lesezeit":"2\u00a0Minuten"},"schema":{"@context":"https:\/\/schema.org","@graph":[{"@type":"WebPage","@id":"https:\/\/southbourneschool.co.uk\/english-courses\/junior-language-courses\/","url":"https:\/\/southbourneschool.co.uk\/english-courses\/junior-language-courses\/","name":"Englischkurse f\u00fcr Jugendliche in Bournemouth \u2013 Southbourne School of English","isPartOf":{"@id":"https:\/\/southbourneschool.co.uk\/#website"},"primaryImageOfPage":{"@id":"https:\/\/southbourneschool.co.uk\/english-courses\/junior-language-courses\/#primaryimage"},"image":{"@id":"https:\/\/southbourneschool.co.uk\/english-courses\/junior-language-courses\/#primaryimage"},"thumbnailUrl":"https:\/\/southbourneschool.co.uk\/wp-content\/uploads\/2025\/10\/Junior-summer-timetable-2026.png","datePublished":"2018-08-16T12:03:22+00:00","dateModified":"2026-03-03T10:18:16+00:00","description":"Unsere Junior-Englischkurse in Bournemouth richten sich w\u00e4hrend der Sommersaison an Sch\u00fcler im Alter zwischen 9 und 16 Jahren und beinhalten ein unterhaltsames Aktivit\u00e4tsprogramm!","breadcrumb":{"@id":"https:\/\/southbourneschool.co.uk\/english-courses\/junior-language-courses\/#breadcrumb"},"inLanguage":"de","potentialAction":[{"@type":"ReadAction","target":["https:\/\/southbourneschool.co.uk\/english-courses\/junior-language-courses\/"]}]},{"@type":"ImageObject","inLanguage":"de","@id":"https:\/\/southbourneschool.co.uk\/english-courses\/junior-language-courses\/#primaryimage","url":"https:\/\/southbourneschool.co.uk\/wp-content\/uploads\/2025\/10\/Junior-summer-timetable-2026.png","contentUrl":"https:\/\/southbourneschool.co.uk\/wp-content\/uploads\/2025\/10\/Junior-summer-timetable-2026.png"},{"@type":"BreadcrumbList","@id":"https:\/\/southbourneschool.co.uk\/english-courses\/junior-language-courses\/#breadcrumb","itemListElement":[{"@type":"ListItem","position":1,"name":"Home","item":"https:\/\/southbourneschool.co.uk\/"},{"@type":"ListItem","position":2,"name":"English Courses","item":"https:\/\/southbourneschool.co.uk\/english-courses\/"},{"@type":"ListItem","position":3,"name":"Junior English Courses"}]},{"@type":"WebSite","@id":"https:\/\/southbourneschool.co.uk\/#website","url":"https:\/\/southbourneschool.co.uk\/","name":"Southbourne Schule f\u00fcr Englisch","description":"Bei uns macht Englisch lernen Spa\u00df. Eine Sprachschule in Bournemouth, ideal gelegen am Meer in einem Vorort von Bournemouth namens Southbourne, einem der beliebtesten Orte Gro\u00dfbritanniens f\u00fcr internationale Studenten.","publisher":{"@id":"https:\/\/southbourneschool.co.uk\/#organization"},"potentialAction":[{"@type":"SearchAction","target":{"@type":"EntryPoint","urlTemplate":"https:\/\/southbourneschool.co.uk\/?s={search_term_string}"},"query-input":{"@type":"PropertyValueSpecification","valueRequired":true,"valueName":"search_term_string"}}],"inLanguage":"de"},{"@type":"Organization","@id":"https:\/\/southbourneschool.co.uk\/#organization","name":"Southbourne Schule f\u00fcr Englisch","alternateName":"SSE","url":"https:\/\/southbourneschool.co.uk\/","logo":{"@type":"ImageObject","inLanguage":"de","@id":"https:\/\/southbourneschool.co.uk\/#\/schema\/logo\/image\/","url":"https:\/\/southbourneschool.co.uk\/wp-content\/uploads\/2026\/01\/SSE-60-Year-Anniversary-Logo.png","contentUrl":"https:\/\/southbourneschool.co.uk\/wp-content\/uploads\/2026\/01\/SSE-60-Year-Anniversary-Logo.png","width":1964,"height":1965,"caption":"Southbourne School of English"},"image":{"@id":"https:\/\/southbourneschool.co.uk\/#\/schema\/logo\/image\/"},"sameAs":["https:\/\/www.facebook.com\/SouthbourneSchool\/","https:\/\/x.com\/SouthbourneSofE","https:\/\/www.instagram.com\/southbourneschoolofenglish\/","https:\/\/www.tiktok.com\/@southbourne","https:\/\/www.youtube.com\/@southbourneschoolofenglish4522"]}]}},"featured_image_src":null,"featured_image_src_square":null,"_links":{"self":[{"href":"https:\/\/southbourneschool.co.uk\/de_de\/wp-json\/wp\/v2\/pages\/611","targetHints":{"allow":["GET"]}}],"collection":[{"href":"https:\/\/southbourneschool.co.uk\/de_de\/wp-json\/wp\/v2\/pages"}],"about":[{"href":"https:\/\/southbourneschool.co.uk\/de_de\/wp-json\/wp\/v2\/types\/page"}],"author":[{"embeddable":true,"href":"https:\/\/southbourneschool.co.uk\/de_de\/wp-json\/wp\/v2\/users\/12312401"}],"replies":[{"embeddable":true,"href":"https:\/\/southbourneschool.co.uk\/de_de\/wp-json\/wp\/v2\/comments?post=611"}],"version-history":[{"count":0,"href":"https:\/\/southbourneschool.co.uk\/de_de\/wp-json\/wp\/v2\/pages\/611\/revisions"}],"up":[{"embeddable":true,"href":"https:\/\/southbourneschool.co.uk\/de_de\/wp-json\/wp\/v2\/pages\/791"}],"wp:attachment":[{"href":"https:\/\/southbourneschool.co.uk\/de_de\/wp-json\/wp\/v2\/media?parent=611"}],"curies":[{"name":"wp","href":"https:\/\/api.w.org\/{rel}","templated":true}]}}