{"id":725,"date":"2018-08-16T16:18:52","date_gmt":"2018-08-16T15:18:52","guid":{"rendered":"https:\/\/southbournese.wpengine.com\/?page_id=725"},"modified":"2025-01-21T09:55:40","modified_gmt":"2025-01-21T09:55:40","slug":"gastfamilie","status":"publish","type":"page","link":"https:\/\/southbourneschool.co.uk\/de_de\/studying-in-bournemouth\/accommodation-welfare\/homestay\/","title":{"rendered":"Gastfamilie"},"content":{"rendered":"<section data-vc-full-width=\"true\" data-vc-full-width-init=\"false\" data-vc-stretch-content=\"true\" class=\"vc_section vc_custom_1723040392551 vc_section-has-fill\"><\/section><div class=\"vc_row-full-width vc_clearfix\"><\/div><div class=\"vc_row wpb_row vc_row-fluid vc_custom_1532605005893\"><div class=\"wpb_column vc_column_container vc_col-sm-8\"><div class=\"vc_column-inner vc_custom_1534429877191\"><div class=\"wpb_wrapper\"><h1 style=\"text-align: left\" class=\"vc_custom_heading vc_custom_1582643618706\" >Gastfamilie<\/h1><h4 style=\"text-align: left\" class=\"vc_custom_heading vc_custom_1582643611945\" >Wir stellen sicher, dass alle unsere Sch\u00fcler nach der Schule in einer gl\u00fccklichen und sicheren Gastfamilie wohnen k\u00f6nnen.<\/h4>\n\t<div class=\"wpb_text_column wpb_content_element  vc_custom_1712920192094\" >\n\t\t<div class=\"wpb_wrapper\">\n\t\t\t<p>Wir w\u00e4hlen alle unsere Gastgeber sorgf\u00e4ltig aus und arbeiten mit einigen schon seit vielen Jahren zusammen. Eine typische Gastfamilie bietet famili\u00e4re Atmosph\u00e4re und kann von einem oder mehreren Erwachsenen mit oder ohne Kinder bewohnt werden. Wir bieten eine gro\u00dfe Auswahl an Gastfamilien. Alle, die unter 18-J\u00e4hrige beherbergen, werden garantiert polizeilich \u00fcberpr\u00fcft.<\/p>\n<p>Unser Unterkunftsbeauftragter besucht die Unterk\u00fcnfte, um sich von deren gutem Wohnstandard zu \u00fcberzeugen. Bei der ersten Bewerbung unserer Gastfamilien um die Unterbringung unserer Sch\u00fcler bitten wir sie um zwei Referenzen, ein Gassicherheitszertifikat, einen Fluchtplan und ein vollst\u00e4ndig ausgef\u00fclltes Formular zur Risikobewertung der Gastfamilie, bevor wir sie aufnehmen und ihnen Sch\u00fcler anbieten. Wir sind \u00fcberzeugt, dass die Wahl der richtigen Gastfamilie f\u00fcr unsere Sch\u00fcler genauso wichtig ist wie die Qualit\u00e4t unseres Englischunterrichts. Denn sie m\u00fcssen sich wohl, gl\u00fccklich und sicher f\u00fchlen, um ihr Auslandsstudium optimal zu nutzen.<\/p>\n<p>Unsere Gastfamilien sind von der Schule aus zu Fu\u00df oder mit einer kurzen Busfahrt zu erreichen und Erwachsenen ab 18 Jahren stehen das ganze Jahr \u00fcber Einzelzimmer zur Verf\u00fcgung.<\/p>\n\n\t\t<\/div>\n\t<\/div>\n<\/div><\/div><\/div><div class=\"wpb_column vc_column_container vc_col-sm-4 vc_hidden-xs\"><div class=\"vc_column-inner\"><div class=\"wpb_wrapper\"><div  class=\"vc_wp_custommenu wpb_content_element child-page-menu\"><div class=\"widget widget_nav_menu\"><div class=\"menu-studying-in-bournemouth-child-container\"><ul id=\"menu-studying-in-bournemouth-child\" class=\"menu\"><li id=\"menu-item-688\" class=\"menu-item menu-item-type-post_type menu-item-object-page menu-item-has-children menu-item-688 msm-top-level-item\"><a href=\"https:\/\/southbourneschool.co.uk\/de_de\/studying-in-bournemouth\/\">Studieren in Bournemouth<\/a>\n<ul class=\"sub-menu\">\n\t<li id=\"menu-item-687\" class=\"menu-item menu-item-type-post_type menu-item-object-page menu-item-687\"><a href=\"https:\/\/southbourneschool.co.uk\/de_de\/studying-in-bournemouth\/travelling-to-britain\/\">Reisen nach Gro\u00dfbritannien<\/a><\/li>\n\t<li id=\"menu-item-705\" class=\"menu-item menu-item-type-post_type menu-item-object-page menu-item-705\"><a href=\"https:\/\/southbourneschool.co.uk\/de_de\/studying-in-bournemouth\/school-activities\/\">Schulische Aktivit\u00e4ten<\/a><\/li>\n\t<li id=\"menu-item-704\" class=\"menu-item menu-item-type-post_type menu-item-object-page menu-item-704\"><a href=\"https:\/\/southbourneschool.co.uk\/de_de\/studying-in-bournemouth\/our-location\/\">Unser Standort<\/a><\/li>\n\t<li id=\"menu-item-723\" class=\"menu-item menu-item-type-post_type menu-item-object-page menu-item-723\"><a href=\"https:\/\/southbourneschool.co.uk\/de_de\/studying-in-bournemouth\/accommodation-welfare\/\">Unterkunft und Soziales<\/a><\/li>\n\t<li id=\"menu-item-729\" class=\"menu-item menu-item-type-post_type menu-item-object-page menu-item-729\"><a href=\"https:\/\/southbourneschool.co.uk\/de_de\/studying-in-bournemouth\/accommodation-welfare\/homestay\/\">Gastfamilie<\/a><\/li>\n\t<li id=\"menu-item-733\" class=\"menu-item menu-item-type-post_type menu-item-object-page menu-item-733\"><a href=\"https:\/\/southbourneschool.co.uk\/de_de\/studying-in-bournemouth\/accommodation-welfare\/guesthouses-hotels\/\">G\u00e4steh\u00e4user &amp; Hotels<\/a><\/li>\n<\/ul>\n<\/li>\n<\/ul><\/div><\/div><\/div><\/div><\/div><\/div><\/div><div class=\"vc_row wpb_row vc_row-fluid vc_custom_1490099324525 vc_column-gap-10\"><div class=\"wpb_column vc_column_container vc_col-sm-6\"><div class=\"vc_column-inner vc_custom_1534428781206\"><div class=\"wpb_wrapper\">\n\t<div  class=\"wpb_single_image wpb_content_element vc_align_center\">\n\t\t\n\t\t<figure class=\"wpb_wrapper vc_figure\">\n\t\t\t<div class=\"vc_single_image-wrapper   vc_box_border_grey\"><img loading=\"lazy\" decoding=\"async\" width=\"1440\" height=\"960\" src=\"https:\/\/southbourneschool.co.uk\/wp-content\/uploads\/2018\/10\/9.jpg\" class=\"vc_single_image-img attachment-full\" alt=\"Au\u00dferhalb der Southbourne School of English\" srcset=\"https:\/\/southbourneschool.co.uk\/wp-content\/uploads\/2018\/10\/9.jpg 1440w, https:\/\/southbourneschool.co.uk\/wp-content\/uploads\/2018\/10\/9-300x200.jpg 300w, https:\/\/southbourneschool.co.uk\/wp-content\/uploads\/2018\/10\/9-1024x683.jpg 1024w, https:\/\/southbourneschool.co.uk\/wp-content\/uploads\/2018\/10\/9-18x12.jpg 18w\" sizes=\"auto, (max-width: 1440px) 100vw, 1440px\" \/><\/div>\n\t\t<\/figure>\n\t<\/div>\n\n\t<div  class=\"wpb_single_image wpb_content_element vc_align_center\">\n\t\t\n\t\t<figure class=\"wpb_wrapper vc_figure\">\n\t\t\t<div class=\"vc_single_image-wrapper   vc_box_border_grey\"><img loading=\"lazy\" decoding=\"async\" width=\"1440\" height=\"960\" src=\"https:\/\/southbourneschool.co.uk\/wp-content\/uploads\/2018\/10\/UD2A2890.jpg\" class=\"vc_single_image-img attachment-full\" alt=\"Studenten Southbourne School of English\" srcset=\"https:\/\/southbourneschool.co.uk\/wp-content\/uploads\/2018\/10\/UD2A2890.jpg 1440w, https:\/\/southbourneschool.co.uk\/wp-content\/uploads\/2018\/10\/UD2A2890-300x200.jpg 300w, https:\/\/southbourneschool.co.uk\/wp-content\/uploads\/2018\/10\/UD2A2890-1024x683.jpg 1024w, https:\/\/southbourneschool.co.uk\/wp-content\/uploads\/2018\/10\/UD2A2890-18x12.jpg 18w\" sizes=\"auto, (max-width: 1440px) 100vw, 1440px\" \/><\/div>\n\t\t<\/figure>\n\t<\/div>\n<section class=\"vc_cta3-container\"><div class=\"vc_general vc_cta3 vc_cta3-style-classic vc_cta3-shape-rounded vc_cta3-align-left vc_cta3-color-classic vc_cta3-icon-size-md vc_cta3-actions-bottom\"><div class=\"vc_cta3_content-container\"><div class=\"vc_cta3-content\"><header class=\"vc_cta3-content-header\"><h2>Sind Sie daran interessiert, internationale Studierende aufzunehmen?<\/h2><\/header><\/div><div class=\"vc_cta3-actions\"><div class=\"vc_btn3-container vc_btn3-inline\" ><a class=\"vc_general vc_btn3 vc_btn3-size-lg vc_btn3-shape-rounded vc_btn3-style-modern vc_btn3-icon-left vc_btn3-color-green\" href=\"https:\/\/southbourneschool.co.uk\/de_de\/aufnahme-von-studierenden\/\" title=\"Werden Sie eine Gastfamilie f\u00fcr Studenten\"><i class=\"vc_btn3-icon fas fa-home\"><\/i> Jetzt bewerben!<\/a><\/div><\/div><\/div><\/div><\/section><\/div><\/div><\/div><div class=\"wpb_column vc_column_container vc_col-sm-6\"><div class=\"vc_column-inner\"><div class=\"wpb_wrapper\">\n\t<div class=\"wpb_text_column wpb_content_element  vc_custom_1712920529155\" >\n\t\t<div class=\"wpb_wrapper\">\n\t\t\t<p>Wenn die Sch\u00fcler bei einem Gastgeber wohnen, genie\u00dfen sie den Komfort eines Zuhauses und lernen viel \u00fcber die englische Lebensart.<\/p>\n<p>Um schneller zu lernen, ist es wichtig, jede Gelegenheit zum \u00dcben des eigenen Englisch zu nutzen. Wir versuchen stets, unsere Sch\u00fcler in einem Zweibettzimmer mit einem Sch\u00fcler gleichen Geschlechts und \u00e4hnlichen Alters unterzubringen. In Spitzenzeiten k\u00f6nnen die Sch\u00fcler jedoch aus demselben Land kommen.<\/p>\n<blockquote><p>\nMeine Gastfamilie ist wirklich nett. Sie sind h\u00f6flich, kommunikativ und helfen mir in allen Situationen, wenn ich Hilfe brauche. Das Essen ist sehr lecker und mein Zimmer ist sehr ordentlich, ich bin also gl\u00fccklich. \u2013 Victoria\n<\/p><\/blockquote>\n<p>In ruhigeren Zeiten k\u00f6nnen Studierende ein eigenes Zimmer beziehen, sofern sie nicht darum bitten, ein Zimmer zu teilen. Da im Sommer mehr los ist, teilen sich Studierende unter 18 Jahren ein Zweibettzimmer, um der Nachfrage gerecht zu werden.<\/p>\n<h2>Was wir von unseren Studierenden wissen m\u00fcssen<\/h2>\n<p>Je mehr wir \u00fcber die Bed\u00fcrfnisse eines Sch\u00fclers wissen, desto besser k\u00f6nnen wir ihm helfen. Ob besondere Unterkunftsw\u00fcnsche, Allergien oder spezielle Ern\u00e4hrungsbed\u00fcrfnisse \u2013 teilen Sie uns dies vor Ihrer Ankunft mit. Wir m\u00f6chten unseren Sch\u00fclern die passende Gastfamilie vermitteln!<\/p>\n<p>Viele Gastgeber in England halten Haustiere. Wenn ein Sch\u00fcler nicht bei einem Gastgeber mit Tieren wohnen m\u00f6chte, informieren Sie uns bitte. Wir helfen Ihnen gerne weiter!<\/p>\n\n\t\t<\/div>\n\t<\/div>\n<\/div><\/div><\/div><\/div>","protected":false},"excerpt":{"rendered":"HomestayWe make sure that all our students have a happy, safe homestay to return to after school. We carefully select all of our hosts and we have been working with some for many years. \u00a0A typical homestay provides a family feel, and could be one&nbsp;<a href=\"https:\/\/southbourneschool.co.uk\/de_de\/studying-in-bournemouth\/accommodation-welfare\/homestay\/\">...<\/a>","protected":false},"author":12312401,"featured_media":0,"parent":706,"menu_order":0,"comment_status":"closed","ping_status":"closed","template":"","meta":{"footnotes":""},"class_list":["post-725","page","type-page","status-publish","hentry","odd"],"yoast_head":"<!-- This site is optimized with the Yoast SEO plugin v27.4 - https:\/\/yoast.com\/product\/yoast-seo-wordpress\/ -->\n<title>Homestay - Living in homestay - Southbourne School of English<\/title>\n<meta name=\"description\" content=\"We carefully select all of our hosts and we have been working with some for many years. \u00a0A typical homestay provides a family feel\" \/>\n<meta name=\"robots\" content=\"index, follow, max-snippet:-1, max-image-preview:large, max-video-preview:-1\" \/>\n<link rel=\"canonical\" href=\"https:\/\/southbourneschool.co.uk\/de_de\/studieren-in-bournemouth\/unterkunft-wohlfahrt\/gastfamilie\/\" \/>\n<meta property=\"og:locale\" content=\"de_DE\" \/>\n<meta property=\"og:type\" content=\"article\" \/>\n<meta property=\"og:title\" content=\"Homestay - Living in homestay - Southbourne School of English\" \/>\n<meta property=\"og:description\" content=\"We carefully select all of our hosts and we have been working with some for many years. \u00a0A typical homestay provides a family feel\" \/>\n<meta property=\"og:url\" content=\"https:\/\/southbourneschool.co.uk\/de_de\/studieren-in-bournemouth\/unterkunft-wohlfahrt\/gastfamilie\/\" \/>\n<meta property=\"og:site_name\" content=\"Southbourne School of English\" \/>\n<meta property=\"article:publisher\" content=\"https:\/\/www.facebook.com\/SouthbourneSchool\/\" \/>\n<meta property=\"article:modified_time\" content=\"2025-01-21T09:55:40+00:00\" \/>\n<meta name=\"twitter:card\" content=\"summary_large_image\" \/>\n<meta name=\"twitter:site\" content=\"@SouthbourneSofE\" \/>\n<meta name=\"twitter:label1\" content=\"Gesch\u00e4tzte Lesezeit\" \/>\n\t<meta name=\"twitter:data1\" content=\"3\u00a0Minuten\" \/>\n<script type=\"application\/ld+json\" class=\"yoast-schema-graph\">{\"@context\":\"https:\\\/\\\/schema.org\",\"@graph\":[{\"@type\":\"WebPage\",\"@id\":\"https:\\\/\\\/southbourneschool.co.uk\\\/studying-in-bournemouth\\\/accommodation-welfare\\\/homestay\\\/\",\"url\":\"https:\\\/\\\/southbourneschool.co.uk\\\/studying-in-bournemouth\\\/accommodation-welfare\\\/homestay\\\/\",\"name\":\"Homestay - Living in homestay - Southbourne School of English\",\"isPartOf\":{\"@id\":\"https:\\\/\\\/southbourneschool.co.uk\\\/#website\"},\"datePublished\":\"2018-08-16T15:18:52+00:00\",\"dateModified\":\"2025-01-21T09:55:40+00:00\",\"description\":\"We carefully select all of our hosts and we have been working with some for many years. \u00a0A typical homestay provides a family feel\",\"breadcrumb\":{\"@id\":\"https:\\\/\\\/southbourneschool.co.uk\\\/studying-in-bournemouth\\\/accommodation-welfare\\\/homestay\\\/#breadcrumb\"},\"inLanguage\":\"de\",\"potentialAction\":[{\"@type\":\"ReadAction\",\"target\":[\"https:\\\/\\\/southbourneschool.co.uk\\\/studying-in-bournemouth\\\/accommodation-welfare\\\/homestay\\\/\"]}]},{\"@type\":\"BreadcrumbList\",\"@id\":\"https:\\\/\\\/southbourneschool.co.uk\\\/studying-in-bournemouth\\\/accommodation-welfare\\\/homestay\\\/#breadcrumb\",\"itemListElement\":[{\"@type\":\"ListItem\",\"position\":1,\"name\":\"Home\",\"item\":\"https:\\\/\\\/southbourneschool.co.uk\\\/\"},{\"@type\":\"ListItem\",\"position\":2,\"name\":\"Studying in Bournemouth\",\"item\":\"https:\\\/\\\/southbourneschool.co.uk\\\/studying-in-bournemouth\\\/\"},{\"@type\":\"ListItem\",\"position\":3,\"name\":\"Accommodation &#038; Welfare\",\"item\":\"https:\\\/\\\/southbourneschool.co.uk\\\/studying-in-bournemouth\\\/accommodation-welfare\\\/\"},{\"@type\":\"ListItem\",\"position\":4,\"name\":\"Homestay\"}]},{\"@type\":\"WebSite\",\"@id\":\"https:\\\/\\\/southbourneschool.co.uk\\\/#website\",\"url\":\"https:\\\/\\\/southbourneschool.co.uk\\\/\",\"name\":\"Southbourne School of English\",\"description\":\"We make learning English fun. A language school in Bournemouth, ideally located by the sea in a suburb of Bournemouth called Southbourne, one of the UK\u2019s most popular locations for international students.\",\"publisher\":{\"@id\":\"https:\\\/\\\/southbourneschool.co.uk\\\/#organization\"},\"potentialAction\":[{\"@type\":\"SearchAction\",\"target\":{\"@type\":\"EntryPoint\",\"urlTemplate\":\"https:\\\/\\\/southbourneschool.co.uk\\\/?s={search_term_string}\"},\"query-input\":{\"@type\":\"PropertyValueSpecification\",\"valueRequired\":true,\"valueName\":\"search_term_string\"}}],\"inLanguage\":\"de\"},{\"@type\":\"Organization\",\"@id\":\"https:\\\/\\\/southbourneschool.co.uk\\\/#organization\",\"name\":\"Southbourne School of English\",\"alternateName\":\"SSE\",\"url\":\"https:\\\/\\\/southbourneschool.co.uk\\\/\",\"logo\":{\"@type\":\"ImageObject\",\"inLanguage\":\"de\",\"@id\":\"https:\\\/\\\/southbourneschool.co.uk\\\/#\\\/schema\\\/logo\\\/image\\\/\",\"url\":\"https:\\\/\\\/southbourneschool.co.uk\\\/wp-content\\\/uploads\\\/2026\\\/01\\\/SSE-60-Year-Anniversary-Logo.png\",\"contentUrl\":\"https:\\\/\\\/southbourneschool.co.uk\\\/wp-content\\\/uploads\\\/2026\\\/01\\\/SSE-60-Year-Anniversary-Logo.png\",\"width\":1964,\"height\":1965,\"caption\":\"Southbourne School of English\"},\"image\":{\"@id\":\"https:\\\/\\\/southbourneschool.co.uk\\\/#\\\/schema\\\/logo\\\/image\\\/\"},\"sameAs\":[\"https:\\\/\\\/www.facebook.com\\\/SouthbourneSchool\\\/\",\"https:\\\/\\\/x.com\\\/SouthbourneSofE\",\"https:\\\/\\\/www.instagram.com\\\/southbourneschoolofenglish\\\/\",\"https:\\\/\\\/www.tiktok.com\\\/@southbourne\",\"https:\\\/\\\/www.youtube.com\\\/@southbourneschoolofenglish4522\"]}]}<\/script>\n<!-- \/ Yoast SEO plugin. -->","yoast_head_json":{"title":"Gastfamilie - Wohnen in einer Gastfamilie - Southbourne School of English","description":"Wir w\u00e4hlen alle unsere Gastgeber sorgf\u00e4ltig aus und arbeiten mit einigen schon seit vielen Jahren zusammen. Eine typische Gastfamilie bietet ein famili\u00e4res Gef\u00fchl","robots":{"index":"index","follow":"follow","max-snippet":"max-snippet:-1","max-image-preview":"max-image-preview:large","max-video-preview":"max-video-preview:-1"},"canonical":"https:\/\/southbourneschool.co.uk\/de_de\/studieren-in-bournemouth\/unterkunft-wohlfahrt\/gastfamilie\/","og_locale":"de_DE","og_type":"article","og_title":"Homestay - Living in homestay - Southbourne School of English","og_description":"We carefully select all of our hosts and we have been working with some for many years. \u00a0A typical homestay provides a family feel","og_url":"https:\/\/southbourneschool.co.uk\/de_de\/studieren-in-bournemouth\/unterkunft-wohlfahrt\/gastfamilie\/","og_site_name":"Southbourne School of English","article_publisher":"https:\/\/www.facebook.com\/SouthbourneSchool\/","article_modified_time":"2025-01-21T09:55:40+00:00","twitter_card":"summary_large_image","twitter_site":"@SouthbourneSofE","twitter_misc":{"Gesch\u00e4tzte Lesezeit":"3\u00a0Minuten"},"schema":{"@context":"https:\/\/schema.org","@graph":[{"@type":"WebPage","@id":"https:\/\/southbourneschool.co.uk\/studying-in-bournemouth\/accommodation-welfare\/homestay\/","url":"https:\/\/southbourneschool.co.uk\/studying-in-bournemouth\/accommodation-welfare\/homestay\/","name":"Gastfamilie - Wohnen in einer Gastfamilie - Southbourne School of English","isPartOf":{"@id":"https:\/\/southbourneschool.co.uk\/#website"},"datePublished":"2018-08-16T15:18:52+00:00","dateModified":"2025-01-21T09:55:40+00:00","description":"Wir w\u00e4hlen alle unsere Gastgeber sorgf\u00e4ltig aus und arbeiten mit einigen schon seit vielen Jahren zusammen. Eine typische Gastfamilie bietet ein famili\u00e4res Gef\u00fchl","breadcrumb":{"@id":"https:\/\/southbourneschool.co.uk\/studying-in-bournemouth\/accommodation-welfare\/homestay\/#breadcrumb"},"inLanguage":"de","potentialAction":[{"@type":"ReadAction","target":["https:\/\/southbourneschool.co.uk\/studying-in-bournemouth\/accommodation-welfare\/homestay\/"]}]},{"@type":"BreadcrumbList","@id":"https:\/\/southbourneschool.co.uk\/studying-in-bournemouth\/accommodation-welfare\/homestay\/#breadcrumb","itemListElement":[{"@type":"ListItem","position":1,"name":"Home","item":"https:\/\/southbourneschool.co.uk\/"},{"@type":"ListItem","position":2,"name":"Studying in Bournemouth","item":"https:\/\/southbourneschool.co.uk\/studying-in-bournemouth\/"},{"@type":"ListItem","position":3,"name":"Accommodation &#038; Welfare","item":"https:\/\/southbourneschool.co.uk\/studying-in-bournemouth\/accommodation-welfare\/"},{"@type":"ListItem","position":4,"name":"Homestay"}]},{"@type":"WebSite","@id":"https:\/\/southbourneschool.co.uk\/#website","url":"https:\/\/southbourneschool.co.uk\/","name":"Southbourne Schule f\u00fcr Englisch","description":"Bei uns macht Englisch lernen Spa\u00df. Eine Sprachschule in Bournemouth, ideal gelegen am Meer in einem Vorort von Bournemouth namens Southbourne, einem der beliebtesten Orte Gro\u00dfbritanniens f\u00fcr internationale Studenten.","publisher":{"@id":"https:\/\/southbourneschool.co.uk\/#organization"},"potentialAction":[{"@type":"SearchAction","target":{"@type":"EntryPoint","urlTemplate":"https:\/\/southbourneschool.co.uk\/?s={search_term_string}"},"query-input":{"@type":"PropertyValueSpecification","valueRequired":true,"valueName":"search_term_string"}}],"inLanguage":"de"},{"@type":"Organization","@id":"https:\/\/southbourneschool.co.uk\/#organization","name":"Southbourne Schule f\u00fcr Englisch","alternateName":"SSE","url":"https:\/\/southbourneschool.co.uk\/","logo":{"@type":"ImageObject","inLanguage":"de","@id":"https:\/\/southbourneschool.co.uk\/#\/schema\/logo\/image\/","url":"https:\/\/southbourneschool.co.uk\/wp-content\/uploads\/2026\/01\/SSE-60-Year-Anniversary-Logo.png","contentUrl":"https:\/\/southbourneschool.co.uk\/wp-content\/uploads\/2026\/01\/SSE-60-Year-Anniversary-Logo.png","width":1964,"height":1965,"caption":"Southbourne School of English"},"image":{"@id":"https:\/\/southbourneschool.co.uk\/#\/schema\/logo\/image\/"},"sameAs":["https:\/\/www.facebook.com\/SouthbourneSchool\/","https:\/\/x.com\/SouthbourneSofE","https:\/\/www.instagram.com\/southbourneschoolofenglish\/","https:\/\/www.tiktok.com\/@southbourne","https:\/\/www.youtube.com\/@southbourneschoolofenglish4522"]}]}},"featured_image_src":null,"featured_image_src_square":null,"_links":{"self":[{"href":"https:\/\/southbourneschool.co.uk\/de_de\/wp-json\/wp\/v2\/pages\/725","targetHints":{"allow":["GET"]}}],"collection":[{"href":"https:\/\/southbourneschool.co.uk\/de_de\/wp-json\/wp\/v2\/pages"}],"about":[{"href":"https:\/\/southbourneschool.co.uk\/de_de\/wp-json\/wp\/v2\/types\/page"}],"author":[{"embeddable":true,"href":"https:\/\/southbourneschool.co.uk\/de_de\/wp-json\/wp\/v2\/users\/12312401"}],"replies":[{"embeddable":true,"href":"https:\/\/southbourneschool.co.uk\/de_de\/wp-json\/wp\/v2\/comments?post=725"}],"version-history":[{"count":0,"href":"https:\/\/southbourneschool.co.uk\/de_de\/wp-json\/wp\/v2\/pages\/725\/revisions"}],"up":[{"embeddable":true,"href":"https:\/\/southbourneschool.co.uk\/de_de\/wp-json\/wp\/v2\/pages\/706"}],"wp:attachment":[{"href":"https:\/\/southbourneschool.co.uk\/de_de\/wp-json\/wp\/v2\/media?parent=725"}],"curies":[{"name":"wp","href":"https:\/\/api.w.org\/{rel}","templated":true}]}}