{"id":839,"date":"2018-10-19T10:40:55","date_gmt":"2018-10-19T09:40:55","guid":{"rendered":"https:\/\/southbournese.wpengine.com\/?page_id=839"},"modified":"2019-01-14T09:12:28","modified_gmt":"2019-01-14T09:12:28","slug":"qualitat-englisch","status":"publish","type":"page","link":"https:\/\/southbourneschool.co.uk\/de_de\/quality-english\/","title":{"rendered":"Qualit\u00e4t Englisch"},"content":{"rendered":"<div class=\"vc_row wpb_row vc_row-fluid vc_custom_1534426275519\"><div class=\"wpb_column vc_column_container vc_col-sm-8\"><div class=\"vc_column-inner\"><div class=\"wpb_wrapper\">\n\t<div class=\"wpb_text_column wpb_content_element\" >\n\t\t<div class=\"wpb_wrapper\">\n\t\t\t<h1>Qualit\u00e4t Englisch<\/h1>\n<p>&nbsp;<\/p>\n<p>Qualitativ hochwertige Englischschulen werden sorgf\u00e4ltig aus den besten unabh\u00e4ngigen Englischschulen in englischsprachigen L\u00e4ndern ausgew\u00e4hlt. Sie sind f\u00fcr ihre Qualit\u00e4t und ihren guten Ruf bekannt und bieten eine Auswahl an allgemeinen und spezialisierten Kursen an attraktiven Standorten weltweit. Alle Schulen sind unabh\u00e4ngig und werden unabh\u00e4ngig gef\u00fchrt. Sie geh\u00f6ren keiner Kette an und jede Schule hat ihren eigenen, einzigartigen Charakter.<\/p>\n<p>Sie nehmen die Qualit\u00e4tskontrolle sehr ernst und \u00fcberwachen regelm\u00e4\u00dfig die Qualit\u00e4t aller ihrer lizenzierten Englisch-Sprachschulen anhand von Sch\u00fclerfeedback, Referenzen von Agenten und Akkreditierungsergebnissen. Diese m\u00fcssen einem exzellenten und gleichbleibenden Standard entsprechen.<\/p>\n<p>Wenn Sie sich f\u00fcr eine Qualit\u00e4ts-Englischschule entscheiden, k\u00f6nnen die Sch\u00fcler ein H\u00f6chstma\u00df an Unterst\u00fctzung, Unterricht und Aktivit\u00e4ten erwarten.<\/p>\n<p>Weitere Informationen zu Quality English finden Sie unter:<a href=\"http:\/\/www.quality-english.com\/\" target=\"_blank\" rel=\"noopener\"> www.quality-english.com<\/a><\/p>\n\n\t\t<\/div>\n\t<\/div>\n<\/div><\/div><\/div><\/div>","protected":false},"excerpt":{"rendered":"Quality English &nbsp; Quality English schools are carefully selected from the best Independent English language schools in English speaking countries. They are renowned for their quality and reputation, and offer a choice of general and specialised courses in desirable locations around the world. All schools&nbsp;<a href=\"https:\/\/southbourneschool.co.uk\/de_de\/quality-english\/\">...<\/a>","protected":false},"author":12312401,"featured_media":0,"parent":0,"menu_order":0,"comment_status":"closed","ping_status":"closed","template":"","meta":{"footnotes":""},"class_list":["post-839","page","type-page","status-publish","hentry","odd"],"yoast_head":"<!-- This site is optimized with the Yoast SEO plugin v27.3 - https:\/\/yoast.com\/product\/yoast-seo-wordpress\/ -->\n<title>Quality English - Accreditiaton - Southbourne School of English<\/title>\n<meta name=\"description\" content=\"Quality English takes quality control very seriously and regularly monitors the quality of all their licenced English language schools through feedback...\" \/>\n<meta name=\"robots\" content=\"index, follow, max-snippet:-1, max-image-preview:large, max-video-preview:-1\" \/>\n<link rel=\"canonical\" href=\"https:\/\/southbourneschool.co.uk\/de_de\/qualitat-englisch\/\" \/>\n<meta property=\"og:locale\" content=\"de_DE\" \/>\n<meta property=\"og:type\" content=\"article\" \/>\n<meta property=\"og:title\" content=\"Quality English - Accreditiaton - Southbourne School of English\" \/>\n<meta property=\"og:description\" content=\"Quality English takes quality control very seriously and regularly monitors the quality of all their licenced English language schools through feedback...\" \/>\n<meta property=\"og:url\" content=\"https:\/\/southbourneschool.co.uk\/de_de\/qualitat-englisch\/\" \/>\n<meta property=\"og:site_name\" content=\"Southbourne School of English\" \/>\n<meta property=\"article:publisher\" content=\"https:\/\/www.facebook.com\/SouthbourneSchool\/\" \/>\n<meta property=\"article:modified_time\" content=\"2019-01-14T09:12:28+00:00\" \/>\n<meta name=\"twitter:card\" content=\"summary_large_image\" \/>\n<meta name=\"twitter:site\" content=\"@SouthbourneSofE\" \/>\n<meta name=\"twitter:label1\" content=\"Gesch\u00e4tzte Lesezeit\" \/>\n\t<meta name=\"twitter:data1\" content=\"1\u00a0Minute\" \/>\n<script type=\"application\/ld+json\" class=\"yoast-schema-graph\">{\"@context\":\"https:\\\/\\\/schema.org\",\"@graph\":[{\"@type\":\"WebPage\",\"@id\":\"https:\\\/\\\/southbourneschool.co.uk\\\/quality-english\\\/\",\"url\":\"https:\\\/\\\/southbourneschool.co.uk\\\/quality-english\\\/\",\"name\":\"Quality English - Accreditiaton - Southbourne School of English\",\"isPartOf\":{\"@id\":\"https:\\\/\\\/southbourneschool.co.uk\\\/#website\"},\"datePublished\":\"2018-10-19T09:40:55+00:00\",\"dateModified\":\"2019-01-14T09:12:28+00:00\",\"description\":\"Quality English takes quality control very seriously and regularly monitors the quality of all their licenced English language schools through feedback...\",\"breadcrumb\":{\"@id\":\"https:\\\/\\\/southbourneschool.co.uk\\\/quality-english\\\/#breadcrumb\"},\"inLanguage\":\"de\",\"potentialAction\":[{\"@type\":\"ReadAction\",\"target\":[\"https:\\\/\\\/southbourneschool.co.uk\\\/quality-english\\\/\"]}]},{\"@type\":\"BreadcrumbList\",\"@id\":\"https:\\\/\\\/southbourneschool.co.uk\\\/quality-english\\\/#breadcrumb\",\"itemListElement\":[{\"@type\":\"ListItem\",\"position\":1,\"name\":\"Home\",\"item\":\"https:\\\/\\\/southbourneschool.co.uk\\\/\"},{\"@type\":\"ListItem\",\"position\":2,\"name\":\"Quality English\"}]},{\"@type\":\"WebSite\",\"@id\":\"https:\\\/\\\/southbourneschool.co.uk\\\/#website\",\"url\":\"https:\\\/\\\/southbourneschool.co.uk\\\/\",\"name\":\"Southbourne School of English\",\"description\":\"We make learning English fun. A language school in Bournemouth, ideally located by the sea in a suburb of Bournemouth called Southbourne, one of the UK\u2019s most popular locations for international students.\",\"publisher\":{\"@id\":\"https:\\\/\\\/southbourneschool.co.uk\\\/#organization\"},\"potentialAction\":[{\"@type\":\"SearchAction\",\"target\":{\"@type\":\"EntryPoint\",\"urlTemplate\":\"https:\\\/\\\/southbourneschool.co.uk\\\/?s={search_term_string}\"},\"query-input\":{\"@type\":\"PropertyValueSpecification\",\"valueRequired\":true,\"valueName\":\"search_term_string\"}}],\"inLanguage\":\"de\"},{\"@type\":\"Organization\",\"@id\":\"https:\\\/\\\/southbourneschool.co.uk\\\/#organization\",\"name\":\"Southbourne School of English\",\"alternateName\":\"SSE\",\"url\":\"https:\\\/\\\/southbourneschool.co.uk\\\/\",\"logo\":{\"@type\":\"ImageObject\",\"inLanguage\":\"de\",\"@id\":\"https:\\\/\\\/southbourneschool.co.uk\\\/#\\\/schema\\\/logo\\\/image\\\/\",\"url\":\"https:\\\/\\\/southbourneschool.co.uk\\\/wp-content\\\/uploads\\\/2026\\\/01\\\/SSE-60-Year-Anniversary-Logo.png\",\"contentUrl\":\"https:\\\/\\\/southbourneschool.co.uk\\\/wp-content\\\/uploads\\\/2026\\\/01\\\/SSE-60-Year-Anniversary-Logo.png\",\"width\":1964,\"height\":1965,\"caption\":\"Southbourne School of English\"},\"image\":{\"@id\":\"https:\\\/\\\/southbourneschool.co.uk\\\/#\\\/schema\\\/logo\\\/image\\\/\"},\"sameAs\":[\"https:\\\/\\\/www.facebook.com\\\/SouthbourneSchool\\\/\",\"https:\\\/\\\/x.com\\\/SouthbourneSofE\",\"https:\\\/\\\/www.instagram.com\\\/southbourneschoolofenglish\\\/\",\"https:\\\/\\\/www.tiktok.com\\\/@southbourne\",\"https:\\\/\\\/www.youtube.com\\\/@southbourneschoolofenglish4522\"]}]}<\/script>\n<!-- \/ Yoast SEO plugin. -->","yoast_head_json":{"title":"Hochwertiges Englisch \u2013 Akkreditierung \u2013 Southbourne School of English","description":"Quality English nimmt die Qualit\u00e4tskontrolle sehr ernst und \u00fcberwacht regelm\u00e4\u00dfig die Qualit\u00e4t aller seiner lizenzierten Englisch-Sprachschulen durch Feedback \u2026","robots":{"index":"index","follow":"follow","max-snippet":"max-snippet:-1","max-image-preview":"max-image-preview:large","max-video-preview":"max-video-preview:-1"},"canonical":"https:\/\/southbourneschool.co.uk\/de_de\/qualitat-englisch\/","og_locale":"de_DE","og_type":"article","og_title":"Quality English - Accreditiaton - Southbourne School of English","og_description":"Quality English takes quality control very seriously and regularly monitors the quality of all their licenced English language schools through feedback...","og_url":"https:\/\/southbourneschool.co.uk\/de_de\/qualitat-englisch\/","og_site_name":"Southbourne School of English","article_publisher":"https:\/\/www.facebook.com\/SouthbourneSchool\/","article_modified_time":"2019-01-14T09:12:28+00:00","twitter_card":"summary_large_image","twitter_site":"@SouthbourneSofE","twitter_misc":{"Gesch\u00e4tzte Lesezeit":"1\u00a0Minute"},"schema":{"@context":"https:\/\/schema.org","@graph":[{"@type":"WebPage","@id":"https:\/\/southbourneschool.co.uk\/quality-english\/","url":"https:\/\/southbourneschool.co.uk\/quality-english\/","name":"Hochwertiges Englisch \u2013 Akkreditierung \u2013 Southbourne School of English","isPartOf":{"@id":"https:\/\/southbourneschool.co.uk\/#website"},"datePublished":"2018-10-19T09:40:55+00:00","dateModified":"2019-01-14T09:12:28+00:00","description":"Quality English nimmt die Qualit\u00e4tskontrolle sehr ernst und \u00fcberwacht regelm\u00e4\u00dfig die Qualit\u00e4t aller seiner lizenzierten Englisch-Sprachschulen durch Feedback \u2026","breadcrumb":{"@id":"https:\/\/southbourneschool.co.uk\/quality-english\/#breadcrumb"},"inLanguage":"de","potentialAction":[{"@type":"ReadAction","target":["https:\/\/southbourneschool.co.uk\/quality-english\/"]}]},{"@type":"BreadcrumbList","@id":"https:\/\/southbourneschool.co.uk\/quality-english\/#breadcrumb","itemListElement":[{"@type":"ListItem","position":1,"name":"Home","item":"https:\/\/southbourneschool.co.uk\/"},{"@type":"ListItem","position":2,"name":"Quality English"}]},{"@type":"WebSite","@id":"https:\/\/southbourneschool.co.uk\/#website","url":"https:\/\/southbourneschool.co.uk\/","name":"Southbourne Schule f\u00fcr Englisch","description":"Bei uns macht Englisch lernen Spa\u00df. Eine Sprachschule in Bournemouth, ideal gelegen am Meer in einem Vorort von Bournemouth namens Southbourne, einem der beliebtesten Orte Gro\u00dfbritanniens f\u00fcr internationale Studenten.","publisher":{"@id":"https:\/\/southbourneschool.co.uk\/#organization"},"potentialAction":[{"@type":"SearchAction","target":{"@type":"EntryPoint","urlTemplate":"https:\/\/southbourneschool.co.uk\/?s={search_term_string}"},"query-input":{"@type":"PropertyValueSpecification","valueRequired":true,"valueName":"search_term_string"}}],"inLanguage":"de"},{"@type":"Organization","@id":"https:\/\/southbourneschool.co.uk\/#organization","name":"Southbourne Schule f\u00fcr Englisch","alternateName":"SSE","url":"https:\/\/southbourneschool.co.uk\/","logo":{"@type":"ImageObject","inLanguage":"de","@id":"https:\/\/southbourneschool.co.uk\/#\/schema\/logo\/image\/","url":"https:\/\/southbourneschool.co.uk\/wp-content\/uploads\/2026\/01\/SSE-60-Year-Anniversary-Logo.png","contentUrl":"https:\/\/southbourneschool.co.uk\/wp-content\/uploads\/2026\/01\/SSE-60-Year-Anniversary-Logo.png","width":1964,"height":1965,"caption":"Southbourne School of English"},"image":{"@id":"https:\/\/southbourneschool.co.uk\/#\/schema\/logo\/image\/"},"sameAs":["https:\/\/www.facebook.com\/SouthbourneSchool\/","https:\/\/x.com\/SouthbourneSofE","https:\/\/www.instagram.com\/southbourneschoolofenglish\/","https:\/\/www.tiktok.com\/@southbourne","https:\/\/www.youtube.com\/@southbourneschoolofenglish4522"]}]}},"featured_image_src":null,"featured_image_src_square":null,"_links":{"self":[{"href":"https:\/\/southbourneschool.co.uk\/de_de\/wp-json\/wp\/v2\/pages\/839","targetHints":{"allow":["GET"]}}],"collection":[{"href":"https:\/\/southbourneschool.co.uk\/de_de\/wp-json\/wp\/v2\/pages"}],"about":[{"href":"https:\/\/southbourneschool.co.uk\/de_de\/wp-json\/wp\/v2\/types\/page"}],"author":[{"embeddable":true,"href":"https:\/\/southbourneschool.co.uk\/de_de\/wp-json\/wp\/v2\/users\/12312401"}],"replies":[{"embeddable":true,"href":"https:\/\/southbourneschool.co.uk\/de_de\/wp-json\/wp\/v2\/comments?post=839"}],"version-history":[{"count":0,"href":"https:\/\/southbourneschool.co.uk\/de_de\/wp-json\/wp\/v2\/pages\/839\/revisions"}],"wp:attachment":[{"href":"https:\/\/southbourneschool.co.uk\/de_de\/wp-json\/wp\/v2\/media?parent=839"}],"curies":[{"name":"wp","href":"https:\/\/api.w.org\/{rel}","templated":true}]}}