{"id":396,"date":"2018-07-25T16:32:55","date_gmt":"2018-07-25T15:32:55","guid":{"rendered":"https:\/\/southbournese.wpengine.com\/?page_id=396"},"modified":"2024-08-07T15:58:24","modified_gmt":"2024-08-07T14:58:24","slug":"guia-de-niveles","status":"publish","type":"page","link":"https:\/\/southbourneschool.co.uk\/es\/english-courses\/guide-to-levels\/","title":{"rendered":"Gu\u00eda de niveles"},"content":{"rendered":"<section data-vc-full-width=\"true\" data-vc-full-width-init=\"false\" data-vc-stretch-content=\"true\" class=\"vc_section vc_custom_1723042702261 vc_section-has-fill\"><\/section><div class=\"vc_row-full-width vc_clearfix\"><\/div><div class=\"vc_row wpb_row vc_row-fluid vc_custom_1532527723492\"><div class=\"wpb_column vc_column_container vc_col-sm-8\"><div class=\"vc_column-inner vc_custom_1540196148802\"><div class=\"wpb_wrapper\"><h1 style=\"text-align: left\" class=\"vc_custom_heading vc_custom_1532533383509\" >Gu\u00eda de niveles<\/h1><h4 style=\"text-align: left\" class=\"vc_custom_heading vc_custom_1540196137317\" >En Southbourne School of English, Bournemouth, evaluamos el nivel de ingl\u00e9s de nuestros alumnos utilizando los descriptores del Marco Com\u00fan Europeo de Referencia (MCER), reconocidos internacionalmente. Estos niveles son:<\/h4>\n\t<div class=\"wpb_text_column wpb_content_element  vc_custom_1562236801807\" >\n\t\t<div class=\"wpb_wrapper\">\n\t\t\t<h5>Principiante (A0)<\/h5>\n<ul>\n<li>Puede comunicar necesidades muy b\u00e1sicas y comprender un lenguaje conversacional muy simple.<\/li>\n<li>Tiene un vocabulario limitado para situaciones cotidianas.<\/li>\n<li>Puede leer y producir textos breves y sencillos.<\/li>\n<\/ul>\n<h5>Elemental (A1)<\/h5>\n<ul>\n<li>Puede comunicar necesidades b\u00e1sicas y hablar sobre temas personales.<\/li>\n<li>Tiene vocabulario suficiente para las rutinas cotidianas.<\/li>\n<li>Puede reconocer las principales estructuras gramaticales.<\/li>\n<li>Puede escribir textos y notas personales breves.<\/li>\n<\/ul>\n<h5 class=\"p1\">Pre-intermedio (A2)<\/h5>\n<ul>\n<li>Puede comunicarse en situaciones cotidianas y mantener conversaciones breves.<\/li>\n<li>Puede utilizar estructuras gramaticales principales.<\/li>\n<li>Puede escribir textos con cierto detalle.<\/li>\n<\/ul>\n<h5 class=\"p1\">Intermedio (B1)<\/h5>\n<ul>\n<li>Puede comunicarse con cierta confianza en un n\u00famero razonable de situaciones.<\/li>\n<li>Tiene un buen control de las principales estructuras gramaticales.<\/li>\n<li>Puede escribir textos m\u00e1s largos utilizando p\u00e1rrafos con una precisi\u00f3n razonable.<\/li>\n<\/ul>\n<h5 class=\"p1\">Intermedio alto (B2)<\/h5>\n<ul>\n<li>Puede comunicarse eficazmente y expresar ideas\/opiniones en la mayor\u00eda de las situaciones.<\/li>\n<li>Puede discutir una variedad de temas de actualidad.<\/li>\n<li>Puede utilizar una amplia gama de estructuras, con una precisi\u00f3n razonable.<\/li>\n<li>Puede producir una variedad de textos escritos utilizando el registro correcto.<\/li>\n<\/ul>\n<h5 class=\"p1\">Avanzado (C1)<\/h5>\n<ul>\n<li>Puede expresar sentimientos, opiniones e ideas con precisi\u00f3n y exactitud utilizando un vocabulario amplio.<\/li>\n<li>Puede producir toda la gama de textos con cohesi\u00f3n natural.<\/li>\n<li>Puede comprender textos aut\u00e9nticos con poca dificultad.<\/li>\n<li>Tiene un muy buen grado de control gramatical.<\/li>\n<\/ul>\n\n\t\t<\/div>\n\t<\/div>\n<\/div><\/div><\/div><div class=\"wpb_column vc_column_container vc_col-sm-4 vc_hidden-xs\"><div class=\"vc_column-inner\"><div class=\"wpb_wrapper\"><div  class=\"vc_wp_custommenu wpb_content_element child-page-menu\"><div class=\"widget widget_nav_menu\"><div class=\"menu-language-course-child-menu-container\"><ul id=\"menu-language-course-child-menu\" class=\"menu\"><li id=\"menu-item-794\" class=\"menu-item menu-item-type-post_type menu-item-object-page menu-item-has-children menu-item-794 msm-top-level-item\"><a href=\"https:\/\/southbourneschool.co.uk\/es\/english-courses\/\">Cursos de ingl\u00e9s<\/a>\n<ul class=\"sub-menu\">\n\t<li id=\"menu-item-3297\" class=\"menu-item menu-item-type-post_type menu-item-object-page menu-item-3297\"><a href=\"https:\/\/southbourneschool.co.uk\/es\/request-a-quote\/\">Solicitar una cotizaci\u00f3n<\/a><\/li>\n\t<li id=\"menu-item-646\" class=\"menu-item menu-item-type-post_type menu-item-object-page menu-item-646\"><a href=\"https:\/\/southbourneschool.co.uk\/es\/english-courses\/how-to-book-your-english-course\/\">C\u00f3mo reservar tu curso de ingl\u00e9s<\/a><\/li>\n\t<li id=\"menu-item-384\" class=\"menu-item menu-item-type-post_type menu-item-object-page menu-item-has-children menu-item-384\"><a href=\"https:\/\/southbourneschool.co.uk\/es\/english-courses\/adult-language-courses\/\">Cursos de ingl\u00e9s para adultos<\/a>\n\t<ul class=\"sub-menu\">\n\t\t<li id=\"menu-item-383\" class=\"menu-item menu-item-type-post_type menu-item-object-page menu-item-383\"><a href=\"https:\/\/southbourneschool.co.uk\/es\/english-courses\/adult-language-courses\/general-intensive\/\">Cursos de ingl\u00e9s general e intensivo<\/a><\/li>\n\t\t<li id=\"menu-item-394\" class=\"menu-item menu-item-type-post_type menu-item-object-page menu-item-394\"><a href=\"https:\/\/southbourneschool.co.uk\/es\/english-courses\/adult-language-courses\/one-to-one-english\/\">Cursos de ingl\u00e9s individuales<\/a><\/li>\n\t\t<li id=\"menu-item-1039\" class=\"menu-item menu-item-type-post_type menu-item-object-page menu-item-1039\"><a href=\"https:\/\/southbourneschool.co.uk\/es\/english-courses\/adult-language-courses\/summer-vacation-courses\/\">Cursos de ingl\u00e9s de verano para adultos (mayores de 16 a\u00f1os)<\/a><\/li>\n\t\t<li id=\"menu-item-1038\" class=\"menu-item menu-item-type-post_type menu-item-object-page menu-item-1038\"><a href=\"https:\/\/southbourneschool.co.uk\/es\/english-courses\/adult-language-courses\/examination-courses\/\">Cursos de preparaci\u00f3n para los ex\u00e1menes de Cambridge English<\/a><\/li>\n\t<\/ul>\n<\/li>\n\t<li id=\"menu-item-618\" class=\"menu-item menu-item-type-post_type menu-item-object-page menu-item-has-children menu-item-618\"><a href=\"https:\/\/southbourneschool.co.uk\/es\/english-courses\/junior-language-courses\/\">Cursos de ingl\u00e9s para j\u00f3venes<\/a>\n\t<ul class=\"sub-menu\">\n\t\t<li id=\"menu-item-633\" class=\"menu-item menu-item-type-post_type menu-item-object-page menu-item-633\"><a href=\"https:\/\/southbourneschool.co.uk\/es\/english-courses\/junior-language-courses\/summer-courses\/\">Cursos de ingl\u00e9s de verano para j\u00f3venes (de 9 a 15 a\u00f1os)<\/a><\/li>\n\t\t<li id=\"menu-item-1055\" class=\"menu-item menu-item-type-post_type menu-item-object-page menu-item-1055\"><a href=\"https:\/\/southbourneschool.co.uk\/es\/english-courses\/junior-language-courses\/year-round-group-courses\/\">Cursos de ingl\u00e9s en grupo (todo el a\u00f1o)<\/a><\/li>\n\t<\/ul>\n<\/li>\n\t<li id=\"menu-item-647\" class=\"menu-item menu-item-type-post_type menu-item-object-page menu-item-647\"><a href=\"https:\/\/southbourneschool.co.uk\/es\/english-courses\/guide-to-levels\/\">Gu\u00eda de niveles<\/a><\/li>\n<\/ul>\n<\/li>\n<\/ul><\/div><\/div><\/div><\/div><\/div><\/div><\/div>","protected":false},"excerpt":{"rendered":"Guide To LevelsHere at Southbourne School of English, Bournemouth, we grade our student\u2019s level of English using the internationally recognised Common European Framework (CEF) descriptors. These levels are: Beginner (A0) Can communicate very basic needs and understand very simple conversational language. Has a limited vocabulary&nbsp;<a href=\"https:\/\/southbourneschool.co.uk\/es\/english-courses\/guide-to-levels\/\">\u2026<\/a>","protected":false},"author":12312401,"featured_media":0,"parent":791,"menu_order":0,"comment_status":"closed","ping_status":"closed","template":"","meta":{"footnotes":""},"class_list":["post-396","page","type-page","status-publish","hentry","odd"],"yoast_head":"<!-- This site is optimized with the Yoast SEO plugin v27.5 - https:\/\/yoast.com\/product\/yoast-seo-wordpress\/ -->\n<title>Guide to the Levels of English - Southbourne School of English<\/title>\n<meta name=\"description\" content=\"Here at Southbourne School of English we grade our student\u2019s level of English using the internationally recognised Common European Framework. The levels are...\" \/>\n<meta name=\"robots\" content=\"index, follow, max-snippet:-1, max-image-preview:large, max-video-preview:-1\" \/>\n<link rel=\"canonical\" href=\"https:\/\/southbourneschool.co.uk\/es\/cursos-de-ingles\/guia-de-niveles\/\" \/>\n<meta property=\"og:locale\" content=\"es_ES\" \/>\n<meta property=\"og:type\" content=\"article\" \/>\n<meta property=\"og:title\" content=\"Guide to the Levels of English - Southbourne School of English\" \/>\n<meta property=\"og:description\" content=\"Here at Southbourne School of English we grade our student\u2019s level of English using the internationally recognised Common European Framework. The levels are...\" \/>\n<meta property=\"og:url\" content=\"https:\/\/southbourneschool.co.uk\/es\/cursos-de-ingles\/guia-de-niveles\/\" \/>\n<meta property=\"og:site_name\" content=\"Southbourne School of English\" \/>\n<meta property=\"article:publisher\" content=\"https:\/\/www.facebook.com\/SouthbourneSchool\/\" \/>\n<meta property=\"article:modified_time\" content=\"2024-08-07T14:58:24+00:00\" \/>\n<meta name=\"twitter:card\" content=\"summary_large_image\" \/>\n<meta name=\"twitter:site\" content=\"@SouthbourneSofE\" \/>\n<meta name=\"twitter:label1\" content=\"Tiempo de lectura\" \/>\n\t<meta name=\"twitter:data1\" content=\"2 minutos\" \/>\n<script type=\"application\/ld+json\" class=\"yoast-schema-graph\">{\"@context\":\"https:\\\/\\\/schema.org\",\"@graph\":[{\"@type\":\"WebPage\",\"@id\":\"https:\\\/\\\/southbourneschool.co.uk\\\/english-courses\\\/guide-to-levels\\\/\",\"url\":\"https:\\\/\\\/southbourneschool.co.uk\\\/english-courses\\\/guide-to-levels\\\/\",\"name\":\"Guide to the Levels of English - Southbourne School of English\",\"isPartOf\":{\"@id\":\"https:\\\/\\\/southbourneschool.co.uk\\\/#website\"},\"datePublished\":\"2018-07-25T15:32:55+00:00\",\"dateModified\":\"2024-08-07T14:58:24+00:00\",\"description\":\"Here at Southbourne School of English we grade our student\u2019s level of English using the internationally recognised Common European Framework. The levels are...\",\"breadcrumb\":{\"@id\":\"https:\\\/\\\/southbourneschool.co.uk\\\/english-courses\\\/guide-to-levels\\\/#breadcrumb\"},\"inLanguage\":\"es\",\"potentialAction\":[{\"@type\":\"ReadAction\",\"target\":[\"https:\\\/\\\/southbourneschool.co.uk\\\/english-courses\\\/guide-to-levels\\\/\"]}]},{\"@type\":\"BreadcrumbList\",\"@id\":\"https:\\\/\\\/southbourneschool.co.uk\\\/english-courses\\\/guide-to-levels\\\/#breadcrumb\",\"itemListElement\":[{\"@type\":\"ListItem\",\"position\":1,\"name\":\"Home\",\"item\":\"https:\\\/\\\/southbourneschool.co.uk\\\/\"},{\"@type\":\"ListItem\",\"position\":2,\"name\":\"English Courses\",\"item\":\"https:\\\/\\\/southbourneschool.co.uk\\\/english-courses\\\/\"},{\"@type\":\"ListItem\",\"position\":3,\"name\":\"Guide To Levels\"}]},{\"@type\":\"WebSite\",\"@id\":\"https:\\\/\\\/southbourneschool.co.uk\\\/#website\",\"url\":\"https:\\\/\\\/southbourneschool.co.uk\\\/\",\"name\":\"Southbourne School of English\",\"description\":\"We make learning English fun. A language school in Bournemouth, ideally located by the sea in a suburb of Bournemouth called Southbourne, one of the UK\u2019s most popular locations for international students.\",\"publisher\":{\"@id\":\"https:\\\/\\\/southbourneschool.co.uk\\\/#organization\"},\"potentialAction\":[{\"@type\":\"SearchAction\",\"target\":{\"@type\":\"EntryPoint\",\"urlTemplate\":\"https:\\\/\\\/southbourneschool.co.uk\\\/?s={search_term_string}\"},\"query-input\":{\"@type\":\"PropertyValueSpecification\",\"valueRequired\":true,\"valueName\":\"search_term_string\"}}],\"inLanguage\":\"es\"},{\"@type\":\"Organization\",\"@id\":\"https:\\\/\\\/southbourneschool.co.uk\\\/#organization\",\"name\":\"Southbourne School of English\",\"alternateName\":\"SSE\",\"url\":\"https:\\\/\\\/southbourneschool.co.uk\\\/\",\"logo\":{\"@type\":\"ImageObject\",\"inLanguage\":\"es\",\"@id\":\"https:\\\/\\\/southbourneschool.co.uk\\\/#\\\/schema\\\/logo\\\/image\\\/\",\"url\":\"https:\\\/\\\/southbourneschool.co.uk\\\/wp-content\\\/uploads\\\/2026\\\/01\\\/SSE-60-Year-Anniversary-Logo.png\",\"contentUrl\":\"https:\\\/\\\/southbourneschool.co.uk\\\/wp-content\\\/uploads\\\/2026\\\/01\\\/SSE-60-Year-Anniversary-Logo.png\",\"width\":1964,\"height\":1965,\"caption\":\"Southbourne School of English\"},\"image\":{\"@id\":\"https:\\\/\\\/southbourneschool.co.uk\\\/#\\\/schema\\\/logo\\\/image\\\/\"},\"sameAs\":[\"https:\\\/\\\/www.facebook.com\\\/SouthbourneSchool\\\/\",\"https:\\\/\\\/x.com\\\/SouthbourneSofE\",\"https:\\\/\\\/www.instagram.com\\\/southbourneschoolofenglish\\\/\",\"https:\\\/\\\/www.tiktok.com\\\/@southbourne\",\"https:\\\/\\\/www.youtube.com\\\/@southbourneschoolofenglish4522\"]}]}<\/script>\n<!-- \/ Yoast SEO plugin. -->","yoast_head_json":{"title":"Gu\u00eda de niveles de ingl\u00e9s - Southbourne School of English","description":"En Southbourne School of English, evaluamos el nivel de ingl\u00e9s de nuestros alumnos seg\u00fan el Marco Com\u00fan Europeo de Referencia, reconocido internacionalmente. Los niveles son...","robots":{"index":"index","follow":"follow","max-snippet":"max-snippet:-1","max-image-preview":"max-image-preview:large","max-video-preview":"max-video-preview:-1"},"canonical":"https:\/\/southbourneschool.co.uk\/es\/cursos-de-ingles\/guia-de-niveles\/","og_locale":"es_ES","og_type":"article","og_title":"Guide to the Levels of English - Southbourne School of English","og_description":"Here at Southbourne School of English we grade our student\u2019s level of English using the internationally recognised Common European Framework. The levels are...","og_url":"https:\/\/southbourneschool.co.uk\/es\/cursos-de-ingles\/guia-de-niveles\/","og_site_name":"Southbourne School of English","article_publisher":"https:\/\/www.facebook.com\/SouthbourneSchool\/","article_modified_time":"2024-08-07T14:58:24+00:00","twitter_card":"summary_large_image","twitter_site":"@SouthbourneSofE","twitter_misc":{"Tiempo de lectura":"2 minutos"},"schema":{"@context":"https:\/\/schema.org","@graph":[{"@type":"WebPage","@id":"https:\/\/southbourneschool.co.uk\/english-courses\/guide-to-levels\/","url":"https:\/\/southbourneschool.co.uk\/english-courses\/guide-to-levels\/","name":"Gu\u00eda de niveles de ingl\u00e9s - Southbourne School of English","isPartOf":{"@id":"https:\/\/southbourneschool.co.uk\/#website"},"datePublished":"2018-07-25T15:32:55+00:00","dateModified":"2024-08-07T14:58:24+00:00","description":"En Southbourne School of English, evaluamos el nivel de ingl\u00e9s de nuestros alumnos seg\u00fan el Marco Com\u00fan Europeo de Referencia, reconocido internacionalmente. Los niveles son...","breadcrumb":{"@id":"https:\/\/southbourneschool.co.uk\/english-courses\/guide-to-levels\/#breadcrumb"},"inLanguage":"es","potentialAction":[{"@type":"ReadAction","target":["https:\/\/southbourneschool.co.uk\/english-courses\/guide-to-levels\/"]}]},{"@type":"BreadcrumbList","@id":"https:\/\/southbourneschool.co.uk\/english-courses\/guide-to-levels\/#breadcrumb","itemListElement":[{"@type":"ListItem","position":1,"name":"Home","item":"https:\/\/southbourneschool.co.uk\/"},{"@type":"ListItem","position":2,"name":"English Courses","item":"https:\/\/southbourneschool.co.uk\/english-courses\/"},{"@type":"ListItem","position":3,"name":"Guide To Levels"}]},{"@type":"WebSite","@id":"https:\/\/southbourneschool.co.uk\/#website","url":"https:\/\/southbourneschool.co.uk\/","name":"Escuela de ingl\u00e9s de Southbourne","description":"Hacemos que aprender ingl\u00e9s sea divertido. Una escuela de idiomas en Bournemouth, idealmente situado junto al mar en un suburbio de Bournemouth llamado Southbourne, uno de los lugares m\u00e1s populares del Reino Unido para los estudiantes internacionales.","publisher":{"@id":"https:\/\/southbourneschool.co.uk\/#organization"},"potentialAction":[{"@type":"SearchAction","target":{"@type":"EntryPoint","urlTemplate":"https:\/\/southbourneschool.co.uk\/?s={search_term_string}"},"query-input":{"@type":"PropertyValueSpecification","valueRequired":true,"valueName":"search_term_string"}}],"inLanguage":"es"},{"@type":"Organization","@id":"https:\/\/southbourneschool.co.uk\/#organization","name":"Escuela de ingl\u00e9s de Southbourne","alternateName":"SSE","url":"https:\/\/southbourneschool.co.uk\/","logo":{"@type":"ImageObject","inLanguage":"es","@id":"https:\/\/southbourneschool.co.uk\/#\/schema\/logo\/image\/","url":"https:\/\/southbourneschool.co.uk\/wp-content\/uploads\/2026\/01\/SSE-60-Year-Anniversary-Logo.png","contentUrl":"https:\/\/southbourneschool.co.uk\/wp-content\/uploads\/2026\/01\/SSE-60-Year-Anniversary-Logo.png","width":1964,"height":1965,"caption":"Southbourne School of English"},"image":{"@id":"https:\/\/southbourneschool.co.uk\/#\/schema\/logo\/image\/"},"sameAs":["https:\/\/www.facebook.com\/SouthbourneSchool\/","https:\/\/x.com\/SouthbourneSofE","https:\/\/www.instagram.com\/southbourneschoolofenglish\/","https:\/\/www.tiktok.com\/@southbourne","https:\/\/www.youtube.com\/@southbourneschoolofenglish4522"]}]}},"featured_image_src":null,"featured_image_src_square":null,"_links":{"self":[{"href":"https:\/\/southbourneschool.co.uk\/es\/wp-json\/wp\/v2\/pages\/396","targetHints":{"allow":["GET"]}}],"collection":[{"href":"https:\/\/southbourneschool.co.uk\/es\/wp-json\/wp\/v2\/pages"}],"about":[{"href":"https:\/\/southbourneschool.co.uk\/es\/wp-json\/wp\/v2\/types\/page"}],"author":[{"embeddable":true,"href":"https:\/\/southbourneschool.co.uk\/es\/wp-json\/wp\/v2\/users\/12312401"}],"replies":[{"embeddable":true,"href":"https:\/\/southbourneschool.co.uk\/es\/wp-json\/wp\/v2\/comments?post=396"}],"version-history":[{"count":0,"href":"https:\/\/southbourneschool.co.uk\/es\/wp-json\/wp\/v2\/pages\/396\/revisions"}],"up":[{"embeddable":true,"href":"https:\/\/southbourneschool.co.uk\/es\/wp-json\/wp\/v2\/pages\/791"}],"wp:attachment":[{"href":"https:\/\/southbourneschool.co.uk\/es\/wp-json\/wp\/v2\/media?parent=396"}],"curies":[{"name":"gracias","href":"https:\/\/api.w.org\/{rel}","templated":true}]}}