{"id":672,"date":"2018-08-16T15:29:39","date_gmt":"2018-08-16T14:29:39","guid":{"rendered":"https:\/\/southbournese.wpengine.com\/?page_id=672"},"modified":"2025-10-08T15:33:31","modified_gmt":"2025-10-08T14:33:31","slug":"viajando-a-gran-bretana","status":"publish","type":"page","link":"https:\/\/southbourneschool.co.uk\/es\/studying-in-bournemouth\/travelling-to-britain\/","title":{"rendered":"Viajando a Gran Breta\u00f1a"},"content":{"rendered":"<section data-vc-full-width=\"true\" data-vc-full-width-init=\"false\" data-vc-stretch-content=\"true\" class=\"vc_section vc_custom_1723113757416 vc_section-has-fill\"><\/section><div class=\"vc_row-full-width vc_clearfix\"><\/div><div class=\"vc_row wpb_row vc_row-fluid vc_custom_1532605005893\"><div class=\"wpb_column vc_column_container vc_col-sm-8\"><div class=\"vc_column-inner vc_custom_1534429877191\"><div class=\"wpb_wrapper\"><h1 style=\"text-align: left\" class=\"vc_custom_heading vc_custom_1534429314116\" >Viajando a Gran Breta\u00f1a<\/h1><h4 style=\"text-align: left\" class=\"vc_custom_heading vc_custom_1539937626444\" >Para ayudarle a prepararse para su estancia en Inglaterra, intentaremos proporcionarle la mayor cantidad de informaci\u00f3n posible.<\/h4>\n\t<div class=\"wpb_text_column wpb_content_element  vc_custom_1723113849209\" >\n\t\t<div class=\"wpb_wrapper\">\n\t\t\t<h2>Qu\u00e9 llevar<\/h2>\n<p>Les preguntamos a nuestros estudiantes qu\u00e9 les hubiera gustado traer a Inglaterra para aprovechar al m\u00e1ximo su estancia. Hemos preparado esta lista para darte algunas ideas.<\/p>\n<h3>Clima y vestimenta<\/h3>\n<p>El clima del Reino Unido es famoso por su variabilidad. \u00a1As\u00ed que prep\u00e1rate!<\/p>\n<p>Puede ser bastante h\u00famedo y fr\u00edo en invierno (aproximadamente de noviembre a marzo). Por eso, es recomendable llevar un abrigo, gorro, bufanda, guantes y un paraguas. Probablemente sea m\u00e1s barato y f\u00e1cil comprar ropa de invierno aqu\u00ed que en tu pa\u00eds de origen.<\/p>\n<p>Los veranos pueden ser ocasionalmente lluviosos y nublados, pero generalmente son agradables y c\u00e1lidos. Los d\u00edas son largos y hay luz hasta bien entrada la noche.<\/p>\n\n\t\t<\/div>\n\t<\/div>\n<\/div><\/div><\/div><div class=\"wpb_column vc_column_container vc_col-sm-4 vc_hidden-xs\"><div class=\"vc_column-inner\"><div class=\"wpb_wrapper\"><div  class=\"vc_wp_custommenu wpb_content_element child-page-menu\"><div class=\"widget widget_nav_menu\"><div class=\"menu-studying-in-bournemouth-child-container\"><ul id=\"menu-studying-in-bournemouth-child\" class=\"menu\"><li id=\"menu-item-688\" class=\"menu-item menu-item-type-post_type menu-item-object-page menu-item-has-children menu-item-688 msm-top-level-item\"><a href=\"https:\/\/southbourneschool.co.uk\/es\/studying-in-bournemouth\/\">Estudiar en Bournemouth<\/a>\n<ul class=\"sub-menu\">\n\t<li id=\"menu-item-687\" class=\"menu-item menu-item-type-post_type menu-item-object-page menu-item-687\"><a href=\"https:\/\/southbourneschool.co.uk\/es\/studying-in-bournemouth\/travelling-to-britain\/\">Viajando a Gran Breta\u00f1a<\/a><\/li>\n\t<li id=\"menu-item-705\" class=\"menu-item menu-item-type-post_type menu-item-object-page menu-item-705\"><a href=\"https:\/\/southbourneschool.co.uk\/es\/studying-in-bournemouth\/school-activities\/\">Actividades escolares<\/a><\/li>\n\t<li id=\"menu-item-704\" class=\"menu-item menu-item-type-post_type menu-item-object-page menu-item-704\"><a href=\"https:\/\/southbourneschool.co.uk\/es\/studying-in-bournemouth\/our-location\/\">Nuestra ubicaci\u00f3n<\/a><\/li>\n\t<li id=\"menu-item-723\" class=\"menu-item menu-item-type-post_type menu-item-object-page menu-item-723\"><a href=\"https:\/\/southbourneschool.co.uk\/es\/studying-in-bournemouth\/accommodation-welfare\/\">Alojamiento y bienestar<\/a><\/li>\n\t<li id=\"menu-item-729\" class=\"menu-item menu-item-type-post_type menu-item-object-page menu-item-729\"><a href=\"https:\/\/southbourneschool.co.uk\/es\/studying-in-bournemouth\/accommodation-welfare\/homestay\/\">Casa de familia<\/a><\/li>\n\t<li id=\"menu-item-733\" class=\"menu-item menu-item-type-post_type menu-item-object-page menu-item-733\"><a href=\"https:\/\/southbourneschool.co.uk\/es\/studying-in-bournemouth\/accommodation-welfare\/guesthouses-hotels\/\">Casas de hu\u00e9spedes y hoteles<\/a><\/li>\n<\/ul>\n<\/li>\n<\/ul><\/div><\/div><\/div><\/div><\/div><\/div><\/div><div class=\"vc_row wpb_row vc_row-fluid vc_custom_1490099324525 vc_column-gap-10\"><div class=\"wpb_column vc_column_container vc_col-sm-6\"><div class=\"vc_column-inner vc_custom_1534428781206\"><div class=\"wpb_wrapper\">\n\t<div  class=\"wpb_single_image wpb_content_element vc_align_center\">\n\t\t\n\t\t<figure class=\"wpb_wrapper vc_figure\">\n\t\t\t<div class=\"vc_single_image-wrapper   vc_box_border_grey\"><img loading=\"lazy\" decoding=\"async\" class=\"vc_single_image-img\" src=\"https:\/\/southbourneschool.co.uk\/wp-content\/uploads\/2024\/08\/iStock-1386266551-600x600.jpg\" width=\"600\" height=\"600\" alt=\"Mujer haciendo su maleta.\" title=\"Mujer haciendo su maleta.\" \/><\/div>\n\t\t<\/figure>\n\t<\/div>\n\n\t<div class=\"wpb_text_column wpb_content_element  vc_custom_1539937701033\" >\n\t\t<div class=\"wpb_wrapper\">\n\t\t\t<h3>Accesorios y peque\u00f1os extras<\/h3>\n<ul>\n<li>Un pasaporte v\u00e1lido (con visa si es necesario). Es recomendable llevar una fotocopia.<\/li>\n<li>Moneda brit\u00e1nica. Unas 250 libras deber\u00edan ser suficientes para empezar.<\/li>\n<li>Crema solar.<\/li>\n<li>Cargadores para aparatos el\u00e9ctricos, como el tel\u00e9fono o la c\u00e1mara. Y un adaptador para el Reino Unido de tres clavijas, de 220 a 240 voltios.<\/li>\n<li>Tel\u00e9fono m\u00f3vil desbloqueado (vendemos tarjetas SIM en la escuela).<\/li>\n<li>Computadora port\u00e1til\/tel\u00e9fono inteligente.<\/li>\n<li>Mochila escolar para libros y archivos.<\/li>\n<li>Computadora port\u00e1til.<\/li>\n<li>Bol\u00edgrafos\/l\u00e1pices.<\/li>\n<li>Toallas (cursos residenciales)<\/li>\n<\/ul>\n\n\t\t<\/div>\n\t<\/div>\n<\/div><\/div><\/div><div class=\"wpb_column vc_column_container vc_col-sm-6\"><div class=\"vc_column-inner\"><div class=\"wpb_wrapper\">\n\t<div class=\"wpb_text_column wpb_content_element  vc_custom_1723115208639\" >\n\t\t<div class=\"wpb_wrapper\">\n\t\t\t<h3>Sugerencias de ropa para una visita de 2 semanas<\/h3>\n<ul>\n<li>Vaqueros: Son \u00fatiles si hace fr\u00edo.<\/li>\n<li>Camisetas, vestidos y blusas elegantes: trae algo bonito para usar en nuestras actividades nocturnas organizadas, discotecas y noches tem\u00e1ticas socioculturales.<\/li>\n<li>Pantalones que no sean de mezclilla: Los jeans no son buenos para la lluvia. Lleva otra opci\u00f3n que se seque m\u00e1s r\u00e1pido.<\/li>\n<li>Traje de ba\u00f1o<\/li>\n<li>Camisetas de manga larga: para abrigarte en invierno y protegerte del sol en verano.<\/li>\n<li>Chaqueta impermeable: ligera o plegable, que no ocupa mucho espacio. Puedes guardarla en tu mochila por si llueve de repente.<\/li>\n<li>Camisetas sin mangas: para usar debajo de las camisetas de manga larga en invierno y solas en verano.<\/li>\n<li>1-2 conjuntos deportivos: sudadera con capucha, pantalones de ch\u00e1ndal y pantalones cortos.<\/li>\n<li>Camisetas de diario<\/li>\n<li>Calzado \u2013 Zapatillas deportivas, zapatos de piel, chanclas.<\/li>\n<li>Polar\/Jersey\/C\u00e1rdigan: ideal para d\u00edas o noches m\u00e1s fr\u00edos.<\/li>\n<li>Pantalones cortos \u2013 Para los meses calurosos de julio y agosto.<\/li>\n<li>Gorra\/Sombrero para la playa<\/li>\n<\/ul>\n\n\t\t<\/div>\n\t<\/div>\n\n\t<div  class=\"wpb_single_image wpb_content_element vc_align_center\">\n\t\t\n\t\t<figure class=\"wpb_wrapper vc_figure\">\n\t\t\t<div class=\"vc_single_image-wrapper   vc_box_border_grey\"><img loading=\"lazy\" decoding=\"async\" width=\"2120\" height=\"1414\" src=\"https:\/\/southbourneschool.co.uk\/wp-content\/uploads\/2024\/08\/iStock-1587648434.jpg\" class=\"vc_single_image-img attachment-full\" alt=\"Mujer con pasaporte, tel\u00e9fono inteligente y maleta\" srcset=\"https:\/\/southbourneschool.co.uk\/wp-content\/uploads\/2024\/08\/iStock-1587648434.jpg 2120w, https:\/\/southbourneschool.co.uk\/wp-content\/uploads\/2024\/08\/iStock-1587648434-300x200.jpg 300w, https:\/\/southbourneschool.co.uk\/wp-content\/uploads\/2024\/08\/iStock-1587648434-1024x683.jpg 1024w, https:\/\/southbourneschool.co.uk\/wp-content\/uploads\/2024\/08\/iStock-1587648434-18x12.jpg 18w\" sizes=\"auto, (max-width: 2120px) 100vw, 2120px\" \/><\/div>\n\t\t<\/figure>\n\t<\/div>\n<\/div><\/div><\/div><\/div>","protected":false},"excerpt":{"rendered":"Travelling to BritainTo help prepare you for your stay in England we try to provide you with as much information as possible. What to Bring We asked our students what they wished they had brought to England to make the most of their stay. We\u2019ve&nbsp;<a href=\"https:\/\/southbourneschool.co.uk\/es\/studying-in-bournemouth\/travelling-to-britain\/\">\u2026<\/a>","protected":false},"author":12312401,"featured_media":3358,"parent":666,"menu_order":0,"comment_status":"closed","ping_status":"closed","template":"","meta":{"footnotes":""},"class_list":["post-672","page","type-page","status-publish","has-post-thumbnail","hentry","odd"],"yoast_head":"<!-- This site is optimized with the Yoast SEO plugin v27.4 - https:\/\/yoast.com\/product\/yoast-seo-wordpress\/ -->\n<title>Travelling to Britain - Guide - Southbourne School of English<\/title>\n<meta name=\"description\" content=\"To help prepare you for your stay in England, here is our guide on what to bring when you are planning to travel to Britain!\" \/>\n<meta name=\"robots\" content=\"index, follow, max-snippet:-1, max-image-preview:large, max-video-preview:-1\" \/>\n<link rel=\"canonical\" href=\"https:\/\/southbourneschool.co.uk\/es\/estudiar-en-bournemouth\/viajando-a-gran-bretana\/\" \/>\n<meta property=\"og:locale\" content=\"es_ES\" \/>\n<meta property=\"og:type\" content=\"article\" \/>\n<meta property=\"og:title\" content=\"Travelling to Britain - Guide - Southbourne School of English\" \/>\n<meta property=\"og:description\" content=\"To help prepare you for your stay in England, here is our guide on what to bring when you are planning to travel to Britain!\" \/>\n<meta property=\"og:url\" content=\"https:\/\/southbourneschool.co.uk\/es\/estudiar-en-bournemouth\/viajando-a-gran-bretana\/\" \/>\n<meta property=\"og:site_name\" content=\"Southbourne School of English\" \/>\n<meta property=\"article:publisher\" content=\"https:\/\/www.facebook.com\/SouthbourneSchool\/\" \/>\n<meta property=\"article:modified_time\" content=\"2025-10-08T14:33:31+00:00\" \/>\n<meta property=\"og:image\" content=\"https:\/\/southbourneschool.co.uk\/wp-content\/uploads\/2024\/08\/iStock-1201478111-1024x683.jpg\" \/>\n\t<meta property=\"og:image:width\" content=\"1024\" \/>\n\t<meta property=\"og:image:height\" content=\"683\" \/>\n\t<meta property=\"og:image:type\" content=\"image\/jpeg\" \/>\n<meta name=\"twitter:card\" content=\"summary_large_image\" \/>\n<meta name=\"twitter:site\" content=\"@SouthbourneSofE\" \/>\n<meta name=\"twitter:label1\" content=\"Tiempo de lectura\" \/>\n\t<meta name=\"twitter:data1\" content=\"3 minutos\" \/>\n<script type=\"application\/ld+json\" class=\"yoast-schema-graph\">{\"@context\":\"https:\\\/\\\/schema.org\",\"@graph\":[{\"@type\":\"WebPage\",\"@id\":\"https:\\\/\\\/southbourneschool.co.uk\\\/studying-in-bournemouth\\\/travelling-to-britain\\\/\",\"url\":\"https:\\\/\\\/southbourneschool.co.uk\\\/studying-in-bournemouth\\\/travelling-to-britain\\\/\",\"name\":\"Travelling to Britain - Guide - Southbourne School of English\",\"isPartOf\":{\"@id\":\"https:\\\/\\\/southbourneschool.co.uk\\\/#website\"},\"primaryImageOfPage\":{\"@id\":\"https:\\\/\\\/southbourneschool.co.uk\\\/studying-in-bournemouth\\\/travelling-to-britain\\\/#primaryimage\"},\"image\":{\"@id\":\"https:\\\/\\\/southbourneschool.co.uk\\\/studying-in-bournemouth\\\/travelling-to-britain\\\/#primaryimage\"},\"thumbnailUrl\":\"https:\\\/\\\/southbourneschool.co.uk\\\/wp-content\\\/uploads\\\/2024\\\/08\\\/iStock-1201478111.jpg\",\"datePublished\":\"2018-08-16T14:29:39+00:00\",\"dateModified\":\"2025-10-08T14:33:31+00:00\",\"description\":\"To help prepare you for your stay in England, here is our guide on what to bring when you are planning to travel to Britain!\",\"breadcrumb\":{\"@id\":\"https:\\\/\\\/southbourneschool.co.uk\\\/studying-in-bournemouth\\\/travelling-to-britain\\\/#breadcrumb\"},\"inLanguage\":\"es\",\"potentialAction\":[{\"@type\":\"ReadAction\",\"target\":[\"https:\\\/\\\/southbourneschool.co.uk\\\/studying-in-bournemouth\\\/travelling-to-britain\\\/\"]}]},{\"@type\":\"ImageObject\",\"inLanguage\":\"es\",\"@id\":\"https:\\\/\\\/southbourneschool.co.uk\\\/studying-in-bournemouth\\\/travelling-to-britain\\\/#primaryimage\",\"url\":\"https:\\\/\\\/southbourneschool.co.uk\\\/wp-content\\\/uploads\\\/2024\\\/08\\\/iStock-1201478111.jpg\",\"contentUrl\":\"https:\\\/\\\/southbourneschool.co.uk\\\/wp-content\\\/uploads\\\/2024\\\/08\\\/iStock-1201478111.jpg\",\"width\":2121,\"height\":1414,\"caption\":\"A view of London from a commercial flight, with the towers of London's financial centre, the City of London visible below the wingtip, and Tower Bridge at the bottom of the image.\"},{\"@type\":\"BreadcrumbList\",\"@id\":\"https:\\\/\\\/southbourneschool.co.uk\\\/studying-in-bournemouth\\\/travelling-to-britain\\\/#breadcrumb\",\"itemListElement\":[{\"@type\":\"ListItem\",\"position\":1,\"name\":\"Home\",\"item\":\"https:\\\/\\\/southbourneschool.co.uk\\\/\"},{\"@type\":\"ListItem\",\"position\":2,\"name\":\"Studying in Bournemouth\",\"item\":\"https:\\\/\\\/southbourneschool.co.uk\\\/studying-in-bournemouth\\\/\"},{\"@type\":\"ListItem\",\"position\":3,\"name\":\"Travelling to Britain\"}]},{\"@type\":\"WebSite\",\"@id\":\"https:\\\/\\\/southbourneschool.co.uk\\\/#website\",\"url\":\"https:\\\/\\\/southbourneschool.co.uk\\\/\",\"name\":\"Southbourne School of English\",\"description\":\"We make learning English fun. A language school in Bournemouth, ideally located by the sea in a suburb of Bournemouth called Southbourne, one of the UK\u2019s most popular locations for international students.\",\"publisher\":{\"@id\":\"https:\\\/\\\/southbourneschool.co.uk\\\/#organization\"},\"potentialAction\":[{\"@type\":\"SearchAction\",\"target\":{\"@type\":\"EntryPoint\",\"urlTemplate\":\"https:\\\/\\\/southbourneschool.co.uk\\\/?s={search_term_string}\"},\"query-input\":{\"@type\":\"PropertyValueSpecification\",\"valueRequired\":true,\"valueName\":\"search_term_string\"}}],\"inLanguage\":\"es\"},{\"@type\":\"Organization\",\"@id\":\"https:\\\/\\\/southbourneschool.co.uk\\\/#organization\",\"name\":\"Southbourne School of English\",\"alternateName\":\"SSE\",\"url\":\"https:\\\/\\\/southbourneschool.co.uk\\\/\",\"logo\":{\"@type\":\"ImageObject\",\"inLanguage\":\"es\",\"@id\":\"https:\\\/\\\/southbourneschool.co.uk\\\/#\\\/schema\\\/logo\\\/image\\\/\",\"url\":\"https:\\\/\\\/southbourneschool.co.uk\\\/wp-content\\\/uploads\\\/2026\\\/01\\\/SSE-60-Year-Anniversary-Logo.png\",\"contentUrl\":\"https:\\\/\\\/southbourneschool.co.uk\\\/wp-content\\\/uploads\\\/2026\\\/01\\\/SSE-60-Year-Anniversary-Logo.png\",\"width\":1964,\"height\":1965,\"caption\":\"Southbourne School of English\"},\"image\":{\"@id\":\"https:\\\/\\\/southbourneschool.co.uk\\\/#\\\/schema\\\/logo\\\/image\\\/\"},\"sameAs\":[\"https:\\\/\\\/www.facebook.com\\\/SouthbourneSchool\\\/\",\"https:\\\/\\\/x.com\\\/SouthbourneSofE\",\"https:\\\/\\\/www.instagram.com\\\/southbourneschoolofenglish\\\/\",\"https:\\\/\\\/www.tiktok.com\\\/@southbourne\",\"https:\\\/\\\/www.youtube.com\\\/@southbourneschoolofenglish4522\"]}]}<\/script>\n<!-- \/ Yoast SEO plugin. -->","yoast_head_json":{"title":"Viajar a Gran Breta\u00f1a - Gu\u00eda - Southbourne School of English","description":"Para ayudarte a preparar tu estad\u00eda en Inglaterra, \u00a1aqu\u00ed tienes nuestra gu\u00eda sobre qu\u00e9 llevar cuando planeas viajar a Gran Breta\u00f1a!","robots":{"index":"index","follow":"follow","max-snippet":"max-snippet:-1","max-image-preview":"max-image-preview:large","max-video-preview":"max-video-preview:-1"},"canonical":"https:\/\/southbourneschool.co.uk\/es\/estudiar-en-bournemouth\/viajando-a-gran-bretana\/","og_locale":"es_ES","og_type":"article","og_title":"Travelling to Britain - Guide - Southbourne School of English","og_description":"To help prepare you for your stay in England, here is our guide on what to bring when you are planning to travel to Britain!","og_url":"https:\/\/southbourneschool.co.uk\/es\/estudiar-en-bournemouth\/viajando-a-gran-bretana\/","og_site_name":"Southbourne School of English","article_publisher":"https:\/\/www.facebook.com\/SouthbourneSchool\/","article_modified_time":"2025-10-08T14:33:31+00:00","og_image":[{"width":1024,"height":683,"url":"https:\/\/southbourneschool.co.uk\/wp-content\/uploads\/2024\/08\/iStock-1201478111-1024x683.jpg","type":"image\/jpeg"}],"twitter_card":"summary_large_image","twitter_site":"@SouthbourneSofE","twitter_misc":{"Tiempo de lectura":"3 minutos"},"schema":{"@context":"https:\/\/schema.org","@graph":[{"@type":"WebPage","@id":"https:\/\/southbourneschool.co.uk\/studying-in-bournemouth\/travelling-to-britain\/","url":"https:\/\/southbourneschool.co.uk\/studying-in-bournemouth\/travelling-to-britain\/","name":"Viajar a Gran Breta\u00f1a - Gu\u00eda - Southbourne School of English","isPartOf":{"@id":"https:\/\/southbourneschool.co.uk\/#website"},"primaryImageOfPage":{"@id":"https:\/\/southbourneschool.co.uk\/studying-in-bournemouth\/travelling-to-britain\/#primaryimage"},"image":{"@id":"https:\/\/southbourneschool.co.uk\/studying-in-bournemouth\/travelling-to-britain\/#primaryimage"},"thumbnailUrl":"https:\/\/southbourneschool.co.uk\/wp-content\/uploads\/2024\/08\/iStock-1201478111.jpg","datePublished":"2018-08-16T14:29:39+00:00","dateModified":"2025-10-08T14:33:31+00:00","description":"Para ayudarte a preparar tu estad\u00eda en Inglaterra, \u00a1aqu\u00ed tienes nuestra gu\u00eda sobre qu\u00e9 llevar cuando planeas viajar a Gran Breta\u00f1a!","breadcrumb":{"@id":"https:\/\/southbourneschool.co.uk\/studying-in-bournemouth\/travelling-to-britain\/#breadcrumb"},"inLanguage":"es","potentialAction":[{"@type":"ReadAction","target":["https:\/\/southbourneschool.co.uk\/studying-in-bournemouth\/travelling-to-britain\/"]}]},{"@type":"ImageObject","inLanguage":"es","@id":"https:\/\/southbourneschool.co.uk\/studying-in-bournemouth\/travelling-to-britain\/#primaryimage","url":"https:\/\/southbourneschool.co.uk\/wp-content\/uploads\/2024\/08\/iStock-1201478111.jpg","contentUrl":"https:\/\/southbourneschool.co.uk\/wp-content\/uploads\/2024\/08\/iStock-1201478111.jpg","width":2121,"height":1414,"caption":"A view of London from a commercial flight, with the towers of London's financial centre, the City of London visible below the wingtip, and Tower Bridge at the bottom of the image."},{"@type":"BreadcrumbList","@id":"https:\/\/southbourneschool.co.uk\/studying-in-bournemouth\/travelling-to-britain\/#breadcrumb","itemListElement":[{"@type":"ListItem","position":1,"name":"Home","item":"https:\/\/southbourneschool.co.uk\/"},{"@type":"ListItem","position":2,"name":"Studying in Bournemouth","item":"https:\/\/southbourneschool.co.uk\/studying-in-bournemouth\/"},{"@type":"ListItem","position":3,"name":"Travelling to Britain"}]},{"@type":"WebSite","@id":"https:\/\/southbourneschool.co.uk\/#website","url":"https:\/\/southbourneschool.co.uk\/","name":"Escuela de ingl\u00e9s de Southbourne","description":"Hacemos que aprender ingl\u00e9s sea divertido. Una escuela de idiomas en Bournemouth, idealmente situado junto al mar en un suburbio de Bournemouth llamado Southbourne, uno de los lugares m\u00e1s populares del Reino Unido para los estudiantes internacionales.","publisher":{"@id":"https:\/\/southbourneschool.co.uk\/#organization"},"potentialAction":[{"@type":"SearchAction","target":{"@type":"EntryPoint","urlTemplate":"https:\/\/southbourneschool.co.uk\/?s={search_term_string}"},"query-input":{"@type":"PropertyValueSpecification","valueRequired":true,"valueName":"search_term_string"}}],"inLanguage":"es"},{"@type":"Organization","@id":"https:\/\/southbourneschool.co.uk\/#organization","name":"Escuela de ingl\u00e9s de Southbourne","alternateName":"SSE","url":"https:\/\/southbourneschool.co.uk\/","logo":{"@type":"ImageObject","inLanguage":"es","@id":"https:\/\/southbourneschool.co.uk\/#\/schema\/logo\/image\/","url":"https:\/\/southbourneschool.co.uk\/wp-content\/uploads\/2026\/01\/SSE-60-Year-Anniversary-Logo.png","contentUrl":"https:\/\/southbourneschool.co.uk\/wp-content\/uploads\/2026\/01\/SSE-60-Year-Anniversary-Logo.png","width":1964,"height":1965,"caption":"Southbourne School of English"},"image":{"@id":"https:\/\/southbourneschool.co.uk\/#\/schema\/logo\/image\/"},"sameAs":["https:\/\/www.facebook.com\/SouthbourneSchool\/","https:\/\/x.com\/SouthbourneSofE","https:\/\/www.instagram.com\/southbourneschoolofenglish\/","https:\/\/www.tiktok.com\/@southbourne","https:\/\/www.youtube.com\/@southbourneschoolofenglish4522"]}]}},"featured_image_src":"https:\/\/southbourneschool.co.uk\/wp-content\/uploads\/2024\/08\/iStock-1201478111-600x400.jpg","featured_image_src_square":"https:\/\/southbourneschool.co.uk\/wp-content\/uploads\/2024\/08\/iStock-1201478111-600x600.jpg","_links":{"self":[{"href":"https:\/\/southbourneschool.co.uk\/es\/wp-json\/wp\/v2\/pages\/672","targetHints":{"allow":["GET"]}}],"collection":[{"href":"https:\/\/southbourneschool.co.uk\/es\/wp-json\/wp\/v2\/pages"}],"about":[{"href":"https:\/\/southbourneschool.co.uk\/es\/wp-json\/wp\/v2\/types\/page"}],"author":[{"embeddable":true,"href":"https:\/\/southbourneschool.co.uk\/es\/wp-json\/wp\/v2\/users\/12312401"}],"replies":[{"embeddable":true,"href":"https:\/\/southbourneschool.co.uk\/es\/wp-json\/wp\/v2\/comments?post=672"}],"version-history":[{"count":0,"href":"https:\/\/southbourneschool.co.uk\/es\/wp-json\/wp\/v2\/pages\/672\/revisions"}],"up":[{"embeddable":true,"href":"https:\/\/southbourneschool.co.uk\/es\/wp-json\/wp\/v2\/pages\/666"}],"wp:featuredmedia":[{"embeddable":true,"href":"https:\/\/southbourneschool.co.uk\/es\/wp-json\/wp\/v2\/media\/3358"}],"wp:attachment":[{"href":"https:\/\/southbourneschool.co.uk\/es\/wp-json\/wp\/v2\/media?parent=672"}],"curies":[{"name":"gracias","href":"https:\/\/api.w.org\/{rel}","templated":true}]}}