{"id":699,"date":"2018-08-16T15:53:16","date_gmt":"2018-08-16T14:53:16","guid":{"rendered":"https:\/\/southbournese.wpengine.com\/?page_id=699"},"modified":"2025-03-05T15:45:58","modified_gmt":"2025-03-05T15:45:58","slug":"nuestra-ubicacion","status":"publish","type":"page","link":"https:\/\/southbourneschool.co.uk\/es\/studying-in-bournemouth\/our-location\/","title":{"rendered":"Nuestra ubicaci\u00f3n"},"content":{"rendered":"<section data-vc-full-width=\"true\" data-vc-full-width-init=\"false\" data-vc-stretch-content=\"true\" class=\"vc_section vc_custom_1723040184766 vc_section-has-fill\"><\/section><div class=\"vc_row-full-width vc_clearfix\"><\/div><div class=\"vc_row wpb_row vc_row-fluid vc_custom_1532605005893\"><div class=\"wpb_column vc_column_container vc_col-sm-7\"><div class=\"vc_column-inner vc_custom_1540293215631\"><div class=\"wpb_wrapper\"><h1 style=\"text-align: left\" class=\"vc_custom_heading vc_custom_1534431092173\" >Nuestra ubicaci\u00f3n<\/h1><h4 style=\"text-align: left\" class=\"vc_custom_heading vc_custom_1708419476109\" >Bournemouth est\u00e1 bien conectado y es f\u00e1cil llegar a nuestra escuela.<\/h4>\n\t<div class=\"wpb_text_column wpb_content_element  vc_custom_1741189552860\" >\n\t\t<div class=\"wpb_wrapper\">\n\t\t\t<h2>En avi\u00f3n<\/h2>\n<p>Nuestros aeropuertos locales, el Internacional de Bournemouth y el Internacional de Southampton, son f\u00e1cilmente accesibles. Un poco m\u00e1s lejos se encuentran todos los aeropuertos de Londres: Gatwick, Heathrow, Stansted y Luton.<\/p>\n<h2>En tren o autob\u00fas<\/h2>\n<p>Hay excelentes conexiones de tren y autob\u00fas entre todos los aeropuertos. El servicio de autob\u00fas National Express ofrece conexiones directas con la estaci\u00f3n de tren y autobuses de Bournemouth. Despu\u00e9s, deber\u00e1 tomar un taxi o autob\u00fas desde la estaci\u00f3n hasta la escuela Southbourne.<\/p>\n<p>Para trenes, visita este enlace: <a href=\"https:\/\/www.thetrainline.com\/\" target=\"_blank\" rel=\"noopener noreferrer\">L\u00ednea de tren<\/a><br \/>\nPara entrenadores, visite este enlace: <a href=\"https:\/\/www.nationalexpress.com\/\" target=\"_blank\" rel=\"noopener noreferrer\">Expreso nacional<\/a><\/p>\n<p>&nbsp;<\/p>\n<h2>Por Transferencia Vacacional Colectiva<\/h2>\n<ul>\n<li>Llegada en domingo, solo aeropuerto de Heathrow, todas las terminales \u00a3150,00 por persona y trayecto<\/li>\n<li>Heathrow \u2013 Escuela (llegadas entre las 10:00 y las 17:00) Consulte las listas de precios de los cursos para conocer las fechas.<\/li>\n<li>Escuela \u2013 Heathrow (salidas entre las 10:00 y las 17:00) Consulte las listas de precios de los cursos para conocer las fechas.<\/li>\n<li>Este tipo de traslado puede implicar una espera SUPERVISADA POR NUESTRO PERSONAL de aproximadamente 2\/3 horas dependiendo de los horarios de vuelo.<\/li>\n<\/ul>\n<h2>En taxi<\/h2>\n<p>Si lo desea podemos organizar un traslado en taxi privado desde cualquiera de los aeropuertos mencionados anteriormente. <a href=\"https:\/\/southbourneschool.co.uk\/wp-content\/uploads\/2024\/02\/Private-Taxi-Transfers.png\" target=\"_blank\" rel=\"noopener noreferrer\">Precios<\/a> Var\u00edan seg\u00fan el aeropuerto elegido. Viajar de esta manera es m\u00e1s caro, pero es la forma m\u00e1s sencilla de llegar a Southbourne.<\/p>\n<h2>Transferencias<\/h2>\n<p>Podemos organizar traslados en taxi desde todos estos aeropuertos. Para reservar un taxi o para obtener m\u00e1s informaci\u00f3n sobre c\u00f3mo llegar a la escuela, cont\u00e1ctenos en <a href=\"mailto:registrar@southbourneschool.co.uk\">registrar@southbourneschool.co.uk<\/a>.<\/p>\n\n\t\t<\/div>\n\t<\/div>\n<\/div><\/div><\/div><div class=\"wpb_column vc_column_container vc_col-sm-4 vc_col-sm-offset-1 vc_hidden-xs\"><div class=\"vc_column-inner\"><div class=\"wpb_wrapper\"><div  class=\"vc_wp_custommenu wpb_content_element child-page-menu\"><div class=\"widget widget_nav_menu\"><div class=\"menu-studying-in-bournemouth-child-container\"><ul id=\"menu-studying-in-bournemouth-child\" class=\"menu\"><li id=\"menu-item-688\" class=\"menu-item menu-item-type-post_type menu-item-object-page menu-item-has-children menu-item-688 msm-top-level-item\"><a href=\"https:\/\/southbourneschool.co.uk\/es\/studying-in-bournemouth\/\">Estudiar en Bournemouth<\/a>\n<ul class=\"sub-menu\">\n\t<li id=\"menu-item-687\" class=\"menu-item menu-item-type-post_type menu-item-object-page menu-item-687\"><a href=\"https:\/\/southbourneschool.co.uk\/es\/studying-in-bournemouth\/travelling-to-britain\/\">Viajando a Gran Breta\u00f1a<\/a><\/li>\n\t<li id=\"menu-item-705\" class=\"menu-item menu-item-type-post_type menu-item-object-page menu-item-705\"><a href=\"https:\/\/southbourneschool.co.uk\/es\/studying-in-bournemouth\/school-activities\/\">Actividades escolares<\/a><\/li>\n\t<li id=\"menu-item-704\" class=\"menu-item menu-item-type-post_type menu-item-object-page menu-item-704\"><a href=\"https:\/\/southbourneschool.co.uk\/es\/studying-in-bournemouth\/our-location\/\">Nuestra ubicaci\u00f3n<\/a><\/li>\n\t<li id=\"menu-item-723\" class=\"menu-item menu-item-type-post_type menu-item-object-page menu-item-723\"><a href=\"https:\/\/southbourneschool.co.uk\/es\/studying-in-bournemouth\/accommodation-welfare\/\">Alojamiento y bienestar<\/a><\/li>\n\t<li id=\"menu-item-729\" class=\"menu-item menu-item-type-post_type menu-item-object-page menu-item-729\"><a href=\"https:\/\/southbourneschool.co.uk\/es\/studying-in-bournemouth\/accommodation-welfare\/homestay\/\">Casa de familia<\/a><\/li>\n\t<li id=\"menu-item-733\" class=\"menu-item menu-item-type-post_type menu-item-object-page menu-item-733\"><a href=\"https:\/\/southbourneschool.co.uk\/es\/studying-in-bournemouth\/accommodation-welfare\/guesthouses-hotels\/\">Casas de hu\u00e9spedes y hoteles<\/a><\/li>\n<\/ul>\n<\/li>\n<\/ul><\/div><\/div><\/div><\/div><\/div><\/div><\/div>","protected":false},"excerpt":{"rendered":"Nuestra ubicaci\u00f3n: Bournemouth est\u00e1 bien comunicada y es f\u00e1cil llegar a nuestra escuela. En avi\u00f3n: Nuestros aeropuertos locales, el Internacional de Bournemouth y el Internacional de Southampton, son f\u00e1cilmente accesibles. Un poco m\u00e1s lejos se encuentran todos los aeropuertos de Londres: Gatwick, Heathrow, Stansted y Luton. En tren o autob\u00fas:&nbsp;<a href=\"https:\/\/southbourneschool.co.uk\/es\/studying-in-bournemouth\/our-location\/\">\u2026<\/a>","protected":false},"author":12312401,"featured_media":0,"parent":666,"menu_order":0,"comment_status":"closed","ping_status":"closed","template":"","meta":{"footnotes":""},"class_list":["post-699","page","type-page","status-publish","hentry","odd"],"yoast_head":"<!-- This site is optimized with the Yoast SEO plugin v27.5 - https:\/\/yoast.com\/product\/yoast-seo-wordpress\/ -->\n<title>Our Location - Southbourne School of English<\/title>\n<meta name=\"description\" content=\"Bournemouth is very well connected. Our location, Southbourne School of English can be reached by air, train, coach, transfer or taxi.\" \/>\n<meta name=\"robots\" content=\"index, follow, max-snippet:-1, max-image-preview:large, max-video-preview:-1\" \/>\n<link rel=\"canonical\" href=\"https:\/\/southbourneschool.co.uk\/es\/estudiar-en-bournemouth\/nuestra-ubicacion\/\" \/>\n<meta property=\"og:locale\" content=\"es_ES\" \/>\n<meta property=\"og:type\" content=\"article\" \/>\n<meta property=\"og:title\" content=\"Our Location - Southbourne School of English\" \/>\n<meta property=\"og:description\" content=\"Bournemouth is very well connected. Our location, Southbourne School of English can be reached by air, train, coach, transfer or taxi.\" \/>\n<meta property=\"og:url\" content=\"https:\/\/southbourneschool.co.uk\/es\/estudiar-en-bournemouth\/nuestra-ubicacion\/\" \/>\n<meta property=\"og:site_name\" content=\"Southbourne School of English\" \/>\n<meta property=\"article:publisher\" content=\"https:\/\/www.facebook.com\/SouthbourneSchool\/\" \/>\n<meta property=\"article:modified_time\" content=\"2025-03-05T15:45:58+00:00\" \/>\n<meta name=\"twitter:card\" content=\"summary_large_image\" \/>\n<meta name=\"twitter:site\" content=\"@SouthbourneSofE\" \/>\n<meta name=\"twitter:label1\" content=\"Tiempo de lectura\" \/>\n\t<meta name=\"twitter:data1\" content=\"2 minutos\" \/>\n<script type=\"application\/ld+json\" class=\"yoast-schema-graph\">{\"@context\":\"https:\\\/\\\/schema.org\",\"@graph\":[{\"@type\":\"WebPage\",\"@id\":\"https:\\\/\\\/southbourneschool.co.uk\\\/studying-in-bournemouth\\\/our-location\\\/\",\"url\":\"https:\\\/\\\/southbourneschool.co.uk\\\/studying-in-bournemouth\\\/our-location\\\/\",\"name\":\"Our Location - Southbourne School of English\",\"isPartOf\":{\"@id\":\"https:\\\/\\\/southbourneschool.co.uk\\\/#website\"},\"datePublished\":\"2018-08-16T14:53:16+00:00\",\"dateModified\":\"2025-03-05T15:45:58+00:00\",\"description\":\"Bournemouth is very well connected. Our location, Southbourne School of English can be reached by air, train, coach, transfer or taxi.\",\"breadcrumb\":{\"@id\":\"https:\\\/\\\/southbourneschool.co.uk\\\/studying-in-bournemouth\\\/our-location\\\/#breadcrumb\"},\"inLanguage\":\"es\",\"potentialAction\":[{\"@type\":\"ReadAction\",\"target\":[\"https:\\\/\\\/southbourneschool.co.uk\\\/studying-in-bournemouth\\\/our-location\\\/\"]}]},{\"@type\":\"BreadcrumbList\",\"@id\":\"https:\\\/\\\/southbourneschool.co.uk\\\/studying-in-bournemouth\\\/our-location\\\/#breadcrumb\",\"itemListElement\":[{\"@type\":\"ListItem\",\"position\":1,\"name\":\"Home\",\"item\":\"https:\\\/\\\/southbourneschool.co.uk\\\/\"},{\"@type\":\"ListItem\",\"position\":2,\"name\":\"Studying in Bournemouth\",\"item\":\"https:\\\/\\\/southbourneschool.co.uk\\\/studying-in-bournemouth\\\/\"},{\"@type\":\"ListItem\",\"position\":3,\"name\":\"Our Location\"}]},{\"@type\":\"WebSite\",\"@id\":\"https:\\\/\\\/southbourneschool.co.uk\\\/#website\",\"url\":\"https:\\\/\\\/southbourneschool.co.uk\\\/\",\"name\":\"Southbourne School of English\",\"description\":\"We make learning English fun. A language school in Bournemouth, ideally located by the sea in a suburb of Bournemouth called Southbourne, one of the UK\u2019s most popular locations for international students.\",\"publisher\":{\"@id\":\"https:\\\/\\\/southbourneschool.co.uk\\\/#organization\"},\"potentialAction\":[{\"@type\":\"SearchAction\",\"target\":{\"@type\":\"EntryPoint\",\"urlTemplate\":\"https:\\\/\\\/southbourneschool.co.uk\\\/?s={search_term_string}\"},\"query-input\":{\"@type\":\"PropertyValueSpecification\",\"valueRequired\":true,\"valueName\":\"search_term_string\"}}],\"inLanguage\":\"es\"},{\"@type\":\"Organization\",\"@id\":\"https:\\\/\\\/southbourneschool.co.uk\\\/#organization\",\"name\":\"Southbourne School of English\",\"alternateName\":\"SSE\",\"url\":\"https:\\\/\\\/southbourneschool.co.uk\\\/\",\"logo\":{\"@type\":\"ImageObject\",\"inLanguage\":\"es\",\"@id\":\"https:\\\/\\\/southbourneschool.co.uk\\\/#\\\/schema\\\/logo\\\/image\\\/\",\"url\":\"https:\\\/\\\/southbourneschool.co.uk\\\/wp-content\\\/uploads\\\/2026\\\/01\\\/SSE-60-Year-Anniversary-Logo.png\",\"contentUrl\":\"https:\\\/\\\/southbourneschool.co.uk\\\/wp-content\\\/uploads\\\/2026\\\/01\\\/SSE-60-Year-Anniversary-Logo.png\",\"width\":1964,\"height\":1965,\"caption\":\"Southbourne School of English\"},\"image\":{\"@id\":\"https:\\\/\\\/southbourneschool.co.uk\\\/#\\\/schema\\\/logo\\\/image\\\/\"},\"sameAs\":[\"https:\\\/\\\/www.facebook.com\\\/SouthbourneSchool\\\/\",\"https:\\\/\\\/x.com\\\/SouthbourneSofE\",\"https:\\\/\\\/www.instagram.com\\\/southbourneschoolofenglish\\\/\",\"https:\\\/\\\/www.tiktok.com\\\/@southbourne\",\"https:\\\/\\\/www.youtube.com\\\/@southbourneschoolofenglish4522\"]}]}<\/script>\n<!-- \/ Yoast SEO plugin. -->","yoast_head_json":{"title":"Nuestra ubicaci\u00f3n - Southbourne School of English","description":"Bournemouth est\u00e1 muy bien comunicada. Se puede llegar a nuestra escuela de ingl\u00e9s, Southbourne School of English, en avi\u00f3n, tren, autob\u00fas, traslado o taxi.","robots":{"index":"index","follow":"follow","max-snippet":"max-snippet:-1","max-image-preview":"max-image-preview:large","max-video-preview":"max-video-preview:-1"},"canonical":"https:\/\/southbourneschool.co.uk\/es\/estudiar-en-bournemouth\/nuestra-ubicacion\/","og_locale":"es_ES","og_type":"article","og_title":"Our Location - Southbourne School of English","og_description":"Bournemouth is very well connected. Our location, Southbourne School of English can be reached by air, train, coach, transfer or taxi.","og_url":"https:\/\/southbourneschool.co.uk\/es\/estudiar-en-bournemouth\/nuestra-ubicacion\/","og_site_name":"Southbourne School of English","article_publisher":"https:\/\/www.facebook.com\/SouthbourneSchool\/","article_modified_time":"2025-03-05T15:45:58+00:00","twitter_card":"summary_large_image","twitter_site":"@SouthbourneSofE","twitter_misc":{"Tiempo de lectura":"2 minutos"},"schema":{"@context":"https:\/\/schema.org","@graph":[{"@type":"WebPage","@id":"https:\/\/southbourneschool.co.uk\/studying-in-bournemouth\/our-location\/","url":"https:\/\/southbourneschool.co.uk\/studying-in-bournemouth\/our-location\/","name":"Nuestra ubicaci\u00f3n - Southbourne School of English","isPartOf":{"@id":"https:\/\/southbourneschool.co.uk\/#website"},"datePublished":"2018-08-16T14:53:16+00:00","dateModified":"2025-03-05T15:45:58+00:00","description":"Bournemouth est\u00e1 muy bien comunicada. Se puede llegar a nuestra escuela de ingl\u00e9s, Southbourne School of English, en avi\u00f3n, tren, autob\u00fas, traslado o taxi.","breadcrumb":{"@id":"https:\/\/southbourneschool.co.uk\/studying-in-bournemouth\/our-location\/#breadcrumb"},"inLanguage":"es","potentialAction":[{"@type":"ReadAction","target":["https:\/\/southbourneschool.co.uk\/studying-in-bournemouth\/our-location\/"]}]},{"@type":"BreadcrumbList","@id":"https:\/\/southbourneschool.co.uk\/studying-in-bournemouth\/our-location\/#breadcrumb","itemListElement":[{"@type":"ListItem","position":1,"name":"Home","item":"https:\/\/southbourneschool.co.uk\/"},{"@type":"ListItem","position":2,"name":"Studying in Bournemouth","item":"https:\/\/southbourneschool.co.uk\/studying-in-bournemouth\/"},{"@type":"ListItem","position":3,"name":"Our Location"}]},{"@type":"WebSite","@id":"https:\/\/southbourneschool.co.uk\/#website","url":"https:\/\/southbourneschool.co.uk\/","name":"Escuela de ingl\u00e9s de Southbourne","description":"Hacemos que aprender ingl\u00e9s sea divertido. Una escuela de idiomas en Bournemouth, idealmente situado junto al mar en un suburbio de Bournemouth llamado Southbourne, uno de los lugares m\u00e1s populares del Reino Unido para los estudiantes internacionales.","publisher":{"@id":"https:\/\/southbourneschool.co.uk\/#organization"},"potentialAction":[{"@type":"SearchAction","target":{"@type":"EntryPoint","urlTemplate":"https:\/\/southbourneschool.co.uk\/?s={search_term_string}"},"query-input":{"@type":"PropertyValueSpecification","valueRequired":true,"valueName":"search_term_string"}}],"inLanguage":"es"},{"@type":"Organization","@id":"https:\/\/southbourneschool.co.uk\/#organization","name":"Escuela de ingl\u00e9s de Southbourne","alternateName":"SSE","url":"https:\/\/southbourneschool.co.uk\/","logo":{"@type":"ImageObject","inLanguage":"es","@id":"https:\/\/southbourneschool.co.uk\/#\/schema\/logo\/image\/","url":"https:\/\/southbourneschool.co.uk\/wp-content\/uploads\/2026\/01\/SSE-60-Year-Anniversary-Logo.png","contentUrl":"https:\/\/southbourneschool.co.uk\/wp-content\/uploads\/2026\/01\/SSE-60-Year-Anniversary-Logo.png","width":1964,"height":1965,"caption":"Southbourne School of English"},"image":{"@id":"https:\/\/southbourneschool.co.uk\/#\/schema\/logo\/image\/"},"sameAs":["https:\/\/www.facebook.com\/SouthbourneSchool\/","https:\/\/x.com\/SouthbourneSofE","https:\/\/www.instagram.com\/southbourneschoolofenglish\/","https:\/\/www.tiktok.com\/@southbourne","https:\/\/www.youtube.com\/@southbourneschoolofenglish4522"]}]}},"featured_image_src":null,"featured_image_src_square":null,"_links":{"self":[{"href":"https:\/\/southbourneschool.co.uk\/es\/wp-json\/wp\/v2\/pages\/699","targetHints":{"allow":["GET"]}}],"collection":[{"href":"https:\/\/southbourneschool.co.uk\/es\/wp-json\/wp\/v2\/pages"}],"about":[{"href":"https:\/\/southbourneschool.co.uk\/es\/wp-json\/wp\/v2\/types\/page"}],"author":[{"embeddable":true,"href":"https:\/\/southbourneschool.co.uk\/es\/wp-json\/wp\/v2\/users\/12312401"}],"replies":[{"embeddable":true,"href":"https:\/\/southbourneschool.co.uk\/es\/wp-json\/wp\/v2\/comments?post=699"}],"version-history":[{"count":0,"href":"https:\/\/southbourneschool.co.uk\/es\/wp-json\/wp\/v2\/pages\/699\/revisions"}],"up":[{"embeddable":true,"href":"https:\/\/southbourneschool.co.uk\/es\/wp-json\/wp\/v2\/pages\/666"}],"wp:attachment":[{"href":"https:\/\/southbourneschool.co.uk\/es\/wp-json\/wp\/v2\/media?parent=699"}],"curies":[{"name":"gracias","href":"https:\/\/api.w.org\/{rel}","templated":true}]}}