{"id":725,"date":"2018-08-16T16:18:52","date_gmt":"2018-08-16T15:18:52","guid":{"rendered":"https:\/\/southbournese.wpengine.com\/?page_id=725"},"modified":"2025-01-21T09:55:40","modified_gmt":"2025-01-21T09:55:40","slug":"casa-de-familia","status":"publish","type":"page","link":"https:\/\/southbourneschool.co.uk\/es\/studying-in-bournemouth\/accommodation-welfare\/homestay\/","title":{"rendered":"Casa de familia"},"content":{"rendered":"<section data-vc-full-width=\"true\" data-vc-full-width-init=\"false\" data-vc-stretch-content=\"true\" class=\"vc_section vc_custom_1723040392551 vc_section-has-fill\"><\/section><div class=\"vc_row-full-width vc_clearfix\"><\/div><div class=\"vc_row wpb_row vc_row-fluid vc_custom_1532605005893\"><div class=\"wpb_column vc_column_container vc_col-sm-8\"><div class=\"vc_column-inner vc_custom_1534429877191\"><div class=\"wpb_wrapper\"><h1 style=\"text-align: left\" class=\"vc_custom_heading vc_custom_1582643618706\" >Casa de familia<\/h1><h4 style=\"text-align: left\" class=\"vc_custom_heading vc_custom_1582643611945\" >Nos aseguramos de que todos nuestros estudiantes tengan una estad\u00eda en casa de familia feliz y segura a la que regresar despu\u00e9s de la escuela.<\/h4>\n\t<div class=\"wpb_text_column wpb_content_element  vc_custom_1712920192094\" >\n\t\t<div class=\"wpb_wrapper\">\n\t\t\t<p>Seleccionamos cuidadosamente a todos nuestros anfitriones y llevamos muchos a\u00f1os trabajando con algunos de ellos. Una estancia t\u00edpica ofrece un ambiente familiar y puede estar compuesta por uno o m\u00e1s adultos, con o sin ni\u00f1os. Disponemos de una amplia selecci\u00f3n de alojamientos, y cualquier alojamiento que aloje a menores de 18 a\u00f1os tiene garantizada su verificaci\u00f3n policial.<\/p>\n<p>Nuestro Responsable de Alojamiento visita las casas para garantizar que tengan un buen nivel de vida. Cuando nuestros anfitriones solicitan alojamiento para nuestros estudiantes, les solicitamos dos referencias, un certificado de seguridad de gas, un plan de escape en caso de incendio y un formulario de evaluaci\u00f3n de riesgos de alojamiento debidamente cumplimentado antes de aceptarlos y comenzar a ofrecerles alojamiento. Creemos que elegir la familia de acogida adecuada para nuestros estudiantes es tan importante como la calidad de nuestras clases de ingl\u00e9s, ya que necesitan sentirse c\u00f3modos, felices y seguros para aprovechar al m\u00e1ximo su experiencia de estudio en el extranjero.<\/p>\n<p>Nuestras casas de familia se encuentran a poca distancia a pie o a un corto viaje en autob\u00fas de la escuela y a los adultos mayores de 18 a\u00f1os se les garantizan habitaciones individuales durante todo el a\u00f1o.<\/p>\n\n\t\t<\/div>\n\t<\/div>\n<\/div><\/div><\/div><div class=\"wpb_column vc_column_container vc_col-sm-4 vc_hidden-xs\"><div class=\"vc_column-inner\"><div class=\"wpb_wrapper\"><div  class=\"vc_wp_custommenu wpb_content_element child-page-menu\"><div class=\"widget widget_nav_menu\"><div class=\"menu-studying-in-bournemouth-child-container\"><ul id=\"menu-studying-in-bournemouth-child\" class=\"menu\"><li id=\"menu-item-688\" class=\"menu-item menu-item-type-post_type menu-item-object-page menu-item-has-children menu-item-688 msm-top-level-item\"><a href=\"https:\/\/southbourneschool.co.uk\/es\/studying-in-bournemouth\/\">Estudiar en Bournemouth<\/a>\n<ul class=\"sub-menu\">\n\t<li id=\"menu-item-687\" class=\"menu-item menu-item-type-post_type menu-item-object-page menu-item-687\"><a href=\"https:\/\/southbourneschool.co.uk\/es\/studying-in-bournemouth\/travelling-to-britain\/\">Viajando a Gran Breta\u00f1a<\/a><\/li>\n\t<li id=\"menu-item-705\" class=\"menu-item menu-item-type-post_type menu-item-object-page menu-item-705\"><a href=\"https:\/\/southbourneschool.co.uk\/es\/studying-in-bournemouth\/school-activities\/\">Actividades escolares<\/a><\/li>\n\t<li id=\"menu-item-704\" class=\"menu-item menu-item-type-post_type menu-item-object-page menu-item-704\"><a href=\"https:\/\/southbourneschool.co.uk\/es\/studying-in-bournemouth\/our-location\/\">Nuestra ubicaci\u00f3n<\/a><\/li>\n\t<li id=\"menu-item-723\" class=\"menu-item menu-item-type-post_type menu-item-object-page menu-item-723\"><a href=\"https:\/\/southbourneschool.co.uk\/es\/studying-in-bournemouth\/accommodation-welfare\/\">Alojamiento y bienestar<\/a><\/li>\n\t<li id=\"menu-item-729\" class=\"menu-item menu-item-type-post_type menu-item-object-page menu-item-729\"><a href=\"https:\/\/southbourneschool.co.uk\/es\/studying-in-bournemouth\/accommodation-welfare\/homestay\/\">Casa de familia<\/a><\/li>\n\t<li id=\"menu-item-733\" class=\"menu-item menu-item-type-post_type menu-item-object-page menu-item-733\"><a href=\"https:\/\/southbourneschool.co.uk\/es\/studying-in-bournemouth\/accommodation-welfare\/guesthouses-hotels\/\">Casas de hu\u00e9spedes y hoteles<\/a><\/li>\n<\/ul>\n<\/li>\n<\/ul><\/div><\/div><\/div><\/div><\/div><\/div><\/div><div class=\"vc_row wpb_row vc_row-fluid vc_custom_1490099324525 vc_column-gap-10\"><div class=\"wpb_column vc_column_container vc_col-sm-6\"><div class=\"vc_column-inner vc_custom_1534428781206\"><div class=\"wpb_wrapper\">\n\t<div  class=\"wpb_single_image wpb_content_element vc_align_center\">\n\t\t\n\t\t<figure class=\"wpb_wrapper vc_figure\">\n\t\t\t<div class=\"vc_single_image-wrapper   vc_box_border_grey\"><img loading=\"lazy\" decoding=\"async\" width=\"1440\" height=\"960\" src=\"https:\/\/southbourneschool.co.uk\/wp-content\/uploads\/2018\/10\/9.jpg\" class=\"vc_single_image-img attachment-full\" alt=\"Afuera de la Escuela de Ingl\u00e9s de Southbourne\" srcset=\"https:\/\/southbourneschool.co.uk\/wp-content\/uploads\/2018\/10\/9.jpg 1440w, https:\/\/southbourneschool.co.uk\/wp-content\/uploads\/2018\/10\/9-300x200.jpg 300w, https:\/\/southbourneschool.co.uk\/wp-content\/uploads\/2018\/10\/9-1024x683.jpg 1024w, https:\/\/southbourneschool.co.uk\/wp-content\/uploads\/2018\/10\/9-18x12.jpg 18w\" sizes=\"auto, (max-width: 1440px) 100vw, 1440px\" \/><\/div>\n\t\t<\/figure>\n\t<\/div>\n\n\t<div  class=\"wpb_single_image wpb_content_element vc_align_center\">\n\t\t\n\t\t<figure class=\"wpb_wrapper vc_figure\">\n\t\t\t<div class=\"vc_single_image-wrapper   vc_box_border_grey\"><img loading=\"lazy\" decoding=\"async\" width=\"1440\" height=\"960\" src=\"https:\/\/southbourneschool.co.uk\/wp-content\/uploads\/2018\/10\/UD2A2890.jpg\" class=\"vc_single_image-img attachment-full\" alt=\"Estudiantes Southbourne School of English\" srcset=\"https:\/\/southbourneschool.co.uk\/wp-content\/uploads\/2018\/10\/UD2A2890.jpg 1440w, https:\/\/southbourneschool.co.uk\/wp-content\/uploads\/2018\/10\/UD2A2890-300x200.jpg 300w, https:\/\/southbourneschool.co.uk\/wp-content\/uploads\/2018\/10\/UD2A2890-1024x683.jpg 1024w, https:\/\/southbourneschool.co.uk\/wp-content\/uploads\/2018\/10\/UD2A2890-18x12.jpg 18w\" sizes=\"auto, (max-width: 1440px) 100vw, 1440px\" \/><\/div>\n\t\t<\/figure>\n\t<\/div>\n<section class=\"vc_cta3-container\"><div class=\"vc_general vc_cta3 vc_cta3-style-classic vc_cta3-shape-rounded vc_cta3-align-left vc_cta3-color-classic vc_cta3-icon-size-md vc_cta3-actions-bottom\"><div class=\"vc_cta3_content-container\"><div class=\"vc_cta3-content\"><header class=\"vc_cta3-content-header\"><h2>\u00bfInteresado en albergar estudiantes internacionales?<\/h2><\/header><\/div><div class=\"vc_cta3-actions\"><div class=\"vc_btn3-container vc_btn3-inline\" ><a class=\"vc_general vc_btn3 vc_btn3-size-lg vc_btn3-shape-rounded vc_btn3-style-modern vc_btn3-icon-left vc_btn3-color-green\" href=\"https:\/\/southbourneschool.co.uk\/es\/estudiantes-anfitriones\/\" title=\"Convi\u00e9rtete en una familia anfitriona para estudiantes\"><i class=\"vc_btn3-icon fas fa-home\"><\/i> \u00a1Aplica ya!<\/a><\/div><\/div><\/div><\/div><\/section><\/div><\/div><\/div><div class=\"wpb_column vc_column_container vc_col-sm-6\"><div class=\"vc_column-inner\"><div class=\"wpb_wrapper\">\n\t<div class=\"wpb_text_column wpb_content_element  vc_custom_1712920529155\" >\n\t\t<div class=\"wpb_wrapper\">\n\t\t\t<p>Al vivir con un anfitri\u00f3n, los estudiantes disfrutar\u00e1n de las comodidades del hogar y aprender\u00e1n mucho sobre el estilo de vida ingl\u00e9s.<\/p>\n<p>Aprovechar cada oportunidad para practicar ingl\u00e9s es importante para aprender m\u00e1s r\u00e1pido. Siempre intentaremos alojar a los estudiantes en una habitaci\u00f3n doble con un estudiante del mismo sexo y edad similar, aunque puedan ser del mismo pa\u00eds durante nuestras temporadas altas.<\/p>\n<blockquote><p>\nMi familia anfitriona es muy buena. Son amables, comunicativos y me ayudan en todo lo que necesito. La comida est\u00e1 riqu\u00edsima y mi habitaci\u00f3n est\u00e1 impecable, as\u00ed que estoy contenta. \u2013 Victoria\n<\/p><\/blockquote>\n<p>Durante nuestras temporadas m\u00e1s tranquilas, los estudiantes pueden tener una habitaci\u00f3n para ellos solos, a menos que pidan compartirla. Como hay m\u00e1s gente en verano, los estudiantes menores de 18 a\u00f1os comparten una habitaci\u00f3n con dos camas individuales para atender la demanda.<\/p>\n<h2>Lo que necesitamos saber de nuestros estudiantes<\/h2>\n<p>Cuanto m\u00e1s sepamos sobre las necesidades de cada estudiante, mejor podremos ayudarle. Ya sean solicitudes de alojamiento especiales, alergias o requisitos diet\u00e9ticos, inf\u00f3rmenos antes de su llegada. \u00a1Queremos encontrar la familia que mejor se adapte a sus necesidades!<\/p>\n<p>Muchos anfitriones en Inglaterra tienen mascotas. Por lo tanto, si un estudiante no desea alojarse con un anfitri\u00f3n que tenga animales, \u00a1inf\u00f3rmenos y haremos todo lo posible por ayudarle!<\/p>\n\n\t\t<\/div>\n\t<\/div>\n<\/div><\/div><\/div><\/div>","protected":false},"excerpt":{"rendered":"HomestayWe make sure that all our students have a happy, safe homestay to return to after school. We carefully select all of our hosts and we have been working with some for many years. \u00a0A typical homestay provides a family feel, and could be one&nbsp;<a href=\"https:\/\/southbourneschool.co.uk\/es\/studying-in-bournemouth\/accommodation-welfare\/homestay\/\">\u2026<\/a>","protected":false},"author":12312401,"featured_media":0,"parent":706,"menu_order":0,"comment_status":"closed","ping_status":"closed","template":"","meta":{"footnotes":""},"class_list":["post-725","page","type-page","status-publish","hentry","odd"],"yoast_head":"<!-- This site is optimized with the Yoast SEO plugin v27.4 - https:\/\/yoast.com\/product\/yoast-seo-wordpress\/ -->\n<title>Homestay - Living in homestay - Southbourne School of English<\/title>\n<meta name=\"description\" content=\"We carefully select all of our hosts and we have been working with some for many years. \u00a0A typical homestay provides a family feel\" \/>\n<meta name=\"robots\" content=\"index, follow, max-snippet:-1, max-image-preview:large, max-video-preview:-1\" \/>\n<link rel=\"canonical\" href=\"https:\/\/southbourneschool.co.uk\/es\/estudiar-en-bournemouth\/alojamiento-bienestar\/casa-de-familia\/\" \/>\n<meta property=\"og:locale\" content=\"es_ES\" \/>\n<meta property=\"og:type\" content=\"article\" \/>\n<meta property=\"og:title\" content=\"Homestay - Living in homestay - Southbourne School of English\" \/>\n<meta property=\"og:description\" content=\"We carefully select all of our hosts and we have been working with some for many years. \u00a0A typical homestay provides a family feel\" \/>\n<meta property=\"og:url\" content=\"https:\/\/southbourneschool.co.uk\/es\/estudiar-en-bournemouth\/alojamiento-bienestar\/casa-de-familia\/\" \/>\n<meta property=\"og:site_name\" content=\"Southbourne School of English\" \/>\n<meta property=\"article:publisher\" content=\"https:\/\/www.facebook.com\/SouthbourneSchool\/\" \/>\n<meta property=\"article:modified_time\" content=\"2025-01-21T09:55:40+00:00\" \/>\n<meta name=\"twitter:card\" content=\"summary_large_image\" \/>\n<meta name=\"twitter:site\" content=\"@SouthbourneSofE\" \/>\n<meta name=\"twitter:label1\" content=\"Tiempo de lectura\" \/>\n\t<meta name=\"twitter:data1\" content=\"3 minutos\" \/>\n<script type=\"application\/ld+json\" class=\"yoast-schema-graph\">{\"@context\":\"https:\\\/\\\/schema.org\",\"@graph\":[{\"@type\":\"WebPage\",\"@id\":\"https:\\\/\\\/southbourneschool.co.uk\\\/studying-in-bournemouth\\\/accommodation-welfare\\\/homestay\\\/\",\"url\":\"https:\\\/\\\/southbourneschool.co.uk\\\/studying-in-bournemouth\\\/accommodation-welfare\\\/homestay\\\/\",\"name\":\"Homestay - Living in homestay - Southbourne School of English\",\"isPartOf\":{\"@id\":\"https:\\\/\\\/southbourneschool.co.uk\\\/#website\"},\"datePublished\":\"2018-08-16T15:18:52+00:00\",\"dateModified\":\"2025-01-21T09:55:40+00:00\",\"description\":\"We carefully select all of our hosts and we have been working with some for many years. \u00a0A typical homestay provides a family feel\",\"breadcrumb\":{\"@id\":\"https:\\\/\\\/southbourneschool.co.uk\\\/studying-in-bournemouth\\\/accommodation-welfare\\\/homestay\\\/#breadcrumb\"},\"inLanguage\":\"es\",\"potentialAction\":[{\"@type\":\"ReadAction\",\"target\":[\"https:\\\/\\\/southbourneschool.co.uk\\\/studying-in-bournemouth\\\/accommodation-welfare\\\/homestay\\\/\"]}]},{\"@type\":\"BreadcrumbList\",\"@id\":\"https:\\\/\\\/southbourneschool.co.uk\\\/studying-in-bournemouth\\\/accommodation-welfare\\\/homestay\\\/#breadcrumb\",\"itemListElement\":[{\"@type\":\"ListItem\",\"position\":1,\"name\":\"Home\",\"item\":\"https:\\\/\\\/southbourneschool.co.uk\\\/\"},{\"@type\":\"ListItem\",\"position\":2,\"name\":\"Studying in Bournemouth\",\"item\":\"https:\\\/\\\/southbourneschool.co.uk\\\/studying-in-bournemouth\\\/\"},{\"@type\":\"ListItem\",\"position\":3,\"name\":\"Accommodation &#038; Welfare\",\"item\":\"https:\\\/\\\/southbourneschool.co.uk\\\/studying-in-bournemouth\\\/accommodation-welfare\\\/\"},{\"@type\":\"ListItem\",\"position\":4,\"name\":\"Homestay\"}]},{\"@type\":\"WebSite\",\"@id\":\"https:\\\/\\\/southbourneschool.co.uk\\\/#website\",\"url\":\"https:\\\/\\\/southbourneschool.co.uk\\\/\",\"name\":\"Southbourne School of English\",\"description\":\"We make learning English fun. A language school in Bournemouth, ideally located by the sea in a suburb of Bournemouth called Southbourne, one of the UK\u2019s most popular locations for international students.\",\"publisher\":{\"@id\":\"https:\\\/\\\/southbourneschool.co.uk\\\/#organization\"},\"potentialAction\":[{\"@type\":\"SearchAction\",\"target\":{\"@type\":\"EntryPoint\",\"urlTemplate\":\"https:\\\/\\\/southbourneschool.co.uk\\\/?s={search_term_string}\"},\"query-input\":{\"@type\":\"PropertyValueSpecification\",\"valueRequired\":true,\"valueName\":\"search_term_string\"}}],\"inLanguage\":\"es\"},{\"@type\":\"Organization\",\"@id\":\"https:\\\/\\\/southbourneschool.co.uk\\\/#organization\",\"name\":\"Southbourne School of English\",\"alternateName\":\"SSE\",\"url\":\"https:\\\/\\\/southbourneschool.co.uk\\\/\",\"logo\":{\"@type\":\"ImageObject\",\"inLanguage\":\"es\",\"@id\":\"https:\\\/\\\/southbourneschool.co.uk\\\/#\\\/schema\\\/logo\\\/image\\\/\",\"url\":\"https:\\\/\\\/southbourneschool.co.uk\\\/wp-content\\\/uploads\\\/2026\\\/01\\\/SSE-60-Year-Anniversary-Logo.png\",\"contentUrl\":\"https:\\\/\\\/southbourneschool.co.uk\\\/wp-content\\\/uploads\\\/2026\\\/01\\\/SSE-60-Year-Anniversary-Logo.png\",\"width\":1964,\"height\":1965,\"caption\":\"Southbourne School of English\"},\"image\":{\"@id\":\"https:\\\/\\\/southbourneschool.co.uk\\\/#\\\/schema\\\/logo\\\/image\\\/\"},\"sameAs\":[\"https:\\\/\\\/www.facebook.com\\\/SouthbourneSchool\\\/\",\"https:\\\/\\\/x.com\\\/SouthbourneSofE\",\"https:\\\/\\\/www.instagram.com\\\/southbourneschoolofenglish\\\/\",\"https:\\\/\\\/www.tiktok.com\\\/@southbourne\",\"https:\\\/\\\/www.youtube.com\\\/@southbourneschoolofenglish4522\"]}]}<\/script>\n<!-- \/ Yoast SEO plugin. -->","yoast_head_json":{"title":"Alojamiento en casa de familia - Vivir en una casa de familia - Southbourne School of English","description":"Seleccionamos cuidadosamente a todos nuestros anfitriones y llevamos muchos a\u00f1os trabajando con algunos de ellos. Una estancia t\u00edpica en casa de familia ofrece un ambiente familiar.","robots":{"index":"index","follow":"follow","max-snippet":"max-snippet:-1","max-image-preview":"max-image-preview:large","max-video-preview":"max-video-preview:-1"},"canonical":"https:\/\/southbourneschool.co.uk\/es\/estudiar-en-bournemouth\/alojamiento-bienestar\/casa-de-familia\/","og_locale":"es_ES","og_type":"article","og_title":"Homestay - Living in homestay - Southbourne School of English","og_description":"We carefully select all of our hosts and we have been working with some for many years. \u00a0A typical homestay provides a family feel","og_url":"https:\/\/southbourneschool.co.uk\/es\/estudiar-en-bournemouth\/alojamiento-bienestar\/casa-de-familia\/","og_site_name":"Southbourne School of English","article_publisher":"https:\/\/www.facebook.com\/SouthbourneSchool\/","article_modified_time":"2025-01-21T09:55:40+00:00","twitter_card":"summary_large_image","twitter_site":"@SouthbourneSofE","twitter_misc":{"Tiempo de lectura":"3 minutos"},"schema":{"@context":"https:\/\/schema.org","@graph":[{"@type":"WebPage","@id":"https:\/\/southbourneschool.co.uk\/studying-in-bournemouth\/accommodation-welfare\/homestay\/","url":"https:\/\/southbourneschool.co.uk\/studying-in-bournemouth\/accommodation-welfare\/homestay\/","name":"Alojamiento en casa de familia - Vivir en una casa de familia - Southbourne School of English","isPartOf":{"@id":"https:\/\/southbourneschool.co.uk\/#website"},"datePublished":"2018-08-16T15:18:52+00:00","dateModified":"2025-01-21T09:55:40+00:00","description":"Seleccionamos cuidadosamente a todos nuestros anfitriones y llevamos muchos a\u00f1os trabajando con algunos de ellos. Una estancia t\u00edpica en casa de familia ofrece un ambiente familiar.","breadcrumb":{"@id":"https:\/\/southbourneschool.co.uk\/studying-in-bournemouth\/accommodation-welfare\/homestay\/#breadcrumb"},"inLanguage":"es","potentialAction":[{"@type":"ReadAction","target":["https:\/\/southbourneschool.co.uk\/studying-in-bournemouth\/accommodation-welfare\/homestay\/"]}]},{"@type":"BreadcrumbList","@id":"https:\/\/southbourneschool.co.uk\/studying-in-bournemouth\/accommodation-welfare\/homestay\/#breadcrumb","itemListElement":[{"@type":"ListItem","position":1,"name":"Home","item":"https:\/\/southbourneschool.co.uk\/"},{"@type":"ListItem","position":2,"name":"Studying in Bournemouth","item":"https:\/\/southbourneschool.co.uk\/studying-in-bournemouth\/"},{"@type":"ListItem","position":3,"name":"Accommodation &#038; Welfare","item":"https:\/\/southbourneschool.co.uk\/studying-in-bournemouth\/accommodation-welfare\/"},{"@type":"ListItem","position":4,"name":"Homestay"}]},{"@type":"WebSite","@id":"https:\/\/southbourneschool.co.uk\/#website","url":"https:\/\/southbourneschool.co.uk\/","name":"Escuela de ingl\u00e9s de Southbourne","description":"Hacemos que aprender ingl\u00e9s sea divertido. Una escuela de idiomas en Bournemouth, idealmente situado junto al mar en un suburbio de Bournemouth llamado Southbourne, uno de los lugares m\u00e1s populares del Reino Unido para los estudiantes internacionales.","publisher":{"@id":"https:\/\/southbourneschool.co.uk\/#organization"},"potentialAction":[{"@type":"SearchAction","target":{"@type":"EntryPoint","urlTemplate":"https:\/\/southbourneschool.co.uk\/?s={search_term_string}"},"query-input":{"@type":"PropertyValueSpecification","valueRequired":true,"valueName":"search_term_string"}}],"inLanguage":"es"},{"@type":"Organization","@id":"https:\/\/southbourneschool.co.uk\/#organization","name":"Escuela de ingl\u00e9s de Southbourne","alternateName":"SSE","url":"https:\/\/southbourneschool.co.uk\/","logo":{"@type":"ImageObject","inLanguage":"es","@id":"https:\/\/southbourneschool.co.uk\/#\/schema\/logo\/image\/","url":"https:\/\/southbourneschool.co.uk\/wp-content\/uploads\/2026\/01\/SSE-60-Year-Anniversary-Logo.png","contentUrl":"https:\/\/southbourneschool.co.uk\/wp-content\/uploads\/2026\/01\/SSE-60-Year-Anniversary-Logo.png","width":1964,"height":1965,"caption":"Southbourne School of English"},"image":{"@id":"https:\/\/southbourneschool.co.uk\/#\/schema\/logo\/image\/"},"sameAs":["https:\/\/www.facebook.com\/SouthbourneSchool\/","https:\/\/x.com\/SouthbourneSofE","https:\/\/www.instagram.com\/southbourneschoolofenglish\/","https:\/\/www.tiktok.com\/@southbourne","https:\/\/www.youtube.com\/@southbourneschoolofenglish4522"]}]}},"featured_image_src":null,"featured_image_src_square":null,"_links":{"self":[{"href":"https:\/\/southbourneschool.co.uk\/es\/wp-json\/wp\/v2\/pages\/725","targetHints":{"allow":["GET"]}}],"collection":[{"href":"https:\/\/southbourneschool.co.uk\/es\/wp-json\/wp\/v2\/pages"}],"about":[{"href":"https:\/\/southbourneschool.co.uk\/es\/wp-json\/wp\/v2\/types\/page"}],"author":[{"embeddable":true,"href":"https:\/\/southbourneschool.co.uk\/es\/wp-json\/wp\/v2\/users\/12312401"}],"replies":[{"embeddable":true,"href":"https:\/\/southbourneschool.co.uk\/es\/wp-json\/wp\/v2\/comments?post=725"}],"version-history":[{"count":0,"href":"https:\/\/southbourneschool.co.uk\/es\/wp-json\/wp\/v2\/pages\/725\/revisions"}],"up":[{"embeddable":true,"href":"https:\/\/southbourneschool.co.uk\/es\/wp-json\/wp\/v2\/pages\/706"}],"wp:attachment":[{"href":"https:\/\/southbourneschool.co.uk\/es\/wp-json\/wp\/v2\/media?parent=725"}],"curies":[{"name":"gracias","href":"https:\/\/api.w.org\/{rel}","templated":true}]}}