{"id":730,"date":"2018-08-16T16:21:38","date_gmt":"2018-08-16T15:21:38","guid":{"rendered":"https:\/\/southbournese.wpengine.com\/?page_id=730"},"modified":"2025-03-05T15:47:42","modified_gmt":"2025-03-05T15:47:42","slug":"casas-de-huespedes-hoteles","status":"publish","type":"page","link":"https:\/\/southbourneschool.co.uk\/es\/studying-in-bournemouth\/accommodation-welfare\/guesthouses-hotels\/","title":{"rendered":"Casas de hu\u00e9spedes y hoteles"},"content":{"rendered":"<section data-vc-full-width=\"true\" data-vc-full-width-init=\"false\" data-vc-stretch-content=\"true\" class=\"vc_section vc_custom_1723040424629 vc_section-has-fill\"><\/section><div class=\"vc_row-full-width vc_clearfix\"><\/div><div class=\"vc_row wpb_row vc_row-fluid vc_custom_1532605005893\"><div class=\"wpb_column vc_column_container vc_col-sm-8\"><div class=\"vc_column-inner vc_custom_1534429877191\"><div class=\"wpb_wrapper\"><h1 style=\"text-align: left\" class=\"vc_custom_heading vc_custom_1548323135359\" >Casas de hu\u00e9spedes y hoteles<\/h1><h4 style=\"text-align: left\" class=\"vc_custom_heading vc_custom_1554895038551\" >Bournemouth cuenta con una amplia gama de peque\u00f1os hoteles y pensiones (las pensiones son como peque\u00f1os hoteles, a menudo de gesti\u00f3n familiar, y ofrecen una excelente relaci\u00f3n calidad-precio). Mantenemos una relaci\u00f3n de confianza con estos hoteles y pensiones, por lo que los recomendamos encarecidamente.<\/h4>\n\t<div class=\"wpb_text_column wpb_content_element  vc_custom_1741189660108\" >\n\t\t<div class=\"wpb_wrapper\">\n\t\t\t<h2>Sin servicio de comidas<\/h2>\n<p>Los estudiantes que cursan cursos m\u00e1s largos pueden preferir vivir en casas y pisos en lugar de en una familia anfitriona. Las casas y pisos que recomendamos se encuentran en la ciudad y est\u00e1n completamente equipados.<\/p>\n<ul>\n<li><a href=\"https:\/\/bournecoast.co.uk\/\">Bournecoast<\/a><\/li>\n<\/ul>\n\n\t\t<\/div>\n\t<\/div>\n<\/div><\/div><\/div><div class=\"wpb_column vc_column_container vc_col-sm-4 vc_hidden-xs\"><div class=\"vc_column-inner\"><div class=\"wpb_wrapper\"><div  class=\"vc_wp_custommenu wpb_content_element child-page-menu\"><div class=\"widget widget_nav_menu\"><div class=\"menu-studying-in-bournemouth-child-container\"><ul id=\"menu-studying-in-bournemouth-child\" class=\"menu\"><li id=\"menu-item-688\" class=\"menu-item menu-item-type-post_type menu-item-object-page menu-item-has-children menu-item-688 msm-top-level-item\"><a href=\"https:\/\/southbourneschool.co.uk\/es\/studying-in-bournemouth\/\">Estudiar en Bournemouth<\/a>\n<ul class=\"sub-menu\">\n\t<li id=\"menu-item-687\" class=\"menu-item menu-item-type-post_type menu-item-object-page menu-item-687\"><a href=\"https:\/\/southbourneschool.co.uk\/es\/studying-in-bournemouth\/travelling-to-britain\/\">Viajando a Gran Breta\u00f1a<\/a><\/li>\n\t<li id=\"menu-item-705\" class=\"menu-item menu-item-type-post_type menu-item-object-page menu-item-705\"><a href=\"https:\/\/southbourneschool.co.uk\/es\/studying-in-bournemouth\/school-activities\/\">Actividades escolares<\/a><\/li>\n\t<li id=\"menu-item-704\" class=\"menu-item menu-item-type-post_type menu-item-object-page menu-item-704\"><a href=\"https:\/\/southbourneschool.co.uk\/es\/studying-in-bournemouth\/our-location\/\">Nuestra ubicaci\u00f3n<\/a><\/li>\n\t<li id=\"menu-item-723\" class=\"menu-item menu-item-type-post_type menu-item-object-page menu-item-723\"><a href=\"https:\/\/southbourneschool.co.uk\/es\/studying-in-bournemouth\/accommodation-welfare\/\">Alojamiento y bienestar<\/a><\/li>\n\t<li id=\"menu-item-729\" class=\"menu-item menu-item-type-post_type menu-item-object-page menu-item-729\"><a href=\"https:\/\/southbourneschool.co.uk\/es\/studying-in-bournemouth\/accommodation-welfare\/homestay\/\">Casa de familia<\/a><\/li>\n\t<li id=\"menu-item-733\" class=\"menu-item menu-item-type-post_type menu-item-object-page menu-item-733\"><a href=\"https:\/\/southbourneschool.co.uk\/es\/studying-in-bournemouth\/accommodation-welfare\/guesthouses-hotels\/\">Casas de hu\u00e9spedes y hoteles<\/a><\/li>\n<\/ul>\n<\/li>\n<\/ul><\/div><\/div><\/div><\/div><\/div><\/div><\/div><div class=\"vc_row wpb_row vc_row-fluid vc_custom_1534432888017 vc_column-gap-10\"><div class=\"wpb_column vc_column_container vc_col-sm-6\"><div class=\"vc_column-inner vc_custom_1534428781206\"><div class=\"wpb_wrapper\">\n\t<div class=\"wpb_text_column wpb_content_element  vc_custom_1642449540828\" >\n\t\t<div class=\"wpb_wrapper\">\n\t\t\t<h2>Casas de hu\u00e9spedes recomendadas<\/h2>\n<p>A continuaci\u00f3n se muestran algunas empresas de pensiones que recomendamos:<\/p>\n<ul>\n<li><a href=\"http:\/\/www.moryhouse.co.uk\/\" target=\"_blank\" rel=\"noopener noreferrer\">Casa Mory<\/a><\/li>\n<li><a href=\"http:\/\/www.beach-lodge.co.uk\/\" target=\"_blank\" rel=\"noopener noreferrer\">Caba\u00f1a de playa<\/a><\/li>\n<li><a href=\"http:\/\/www.shorelinesouthbourne.com\/\" target=\"_blank\" rel=\"noopener noreferrer\">L\u00ednea de costa<\/a><\/li>\n<\/ul>\n\n\t\t<\/div>\n\t<\/div>\n<\/div><\/div><\/div><div class=\"wpb_column vc_column_container vc_col-sm-6\"><div class=\"vc_column-inner\"><div class=\"wpb_wrapper\">\n\t<div  class=\"wpb_single_image wpb_content_element vc_align_center\">\n\t\t\n\t\t<figure class=\"wpb_wrapper vc_figure\">\n\t\t\t<div class=\"vc_single_image-wrapper   vc_box_border_grey\"><img loading=\"lazy\" decoding=\"async\" width=\"1280\" height=\"854\" src=\"https:\/\/southbourneschool.co.uk\/wp-content\/uploads\/2019\/04\/Room-1-Mory-House-8.jpg\" class=\"vc_single_image-img attachment-full\" alt=\"Habitaci\u00f3n en casa de hu\u00e9spedes\" srcset=\"https:\/\/southbourneschool.co.uk\/wp-content\/uploads\/2019\/04\/Room-1-Mory-House-8.jpg 1280w, https:\/\/southbourneschool.co.uk\/wp-content\/uploads\/2019\/04\/Room-1-Mory-House-8-300x200.jpg 300w, https:\/\/southbourneschool.co.uk\/wp-content\/uploads\/2019\/04\/Room-1-Mory-House-8-1024x683.jpg 1024w, https:\/\/southbourneschool.co.uk\/wp-content\/uploads\/2019\/04\/Room-1-Mory-House-8-18x12.jpg 18w\" sizes=\"auto, (max-width: 1280px) 100vw, 1280px\" \/><\/div>\n\t\t<\/figure>\n\t<\/div>\n<\/div><\/div><\/div><\/div><div class=\"vc_row wpb_row vc_row-fluid vc_custom_1534432888017 vc_column-gap-10\"><div class=\"wpb_column vc_column_container vc_col-sm-6\"><div class=\"vc_column-inner vc_custom_1534428781206\"><div class=\"wpb_wrapper\">\n\t<div  class=\"wpb_single_image wpb_content_element vc_align_center\">\n\t\t\n\t\t<figure class=\"wpb_wrapper vc_figure\">\n\t\t\t<div class=\"vc_single_image-wrapper   vc_box_border_grey\"><img loading=\"lazy\" decoding=\"async\" width=\"672\" height=\"510\" src=\"https:\/\/southbourneschool.co.uk\/wp-content\/uploads\/2024\/08\/The-Commodore-Hotel.jpg\" class=\"vc_single_image-img attachment-full\" alt=\"Hotel Commodore, Southbourne\" srcset=\"https:\/\/southbourneschool.co.uk\/wp-content\/uploads\/2024\/08\/The-Commodore-Hotel.jpg 672w, https:\/\/southbourneschool.co.uk\/wp-content\/uploads\/2024\/08\/The-Commodore-Hotel-300x228.jpg 300w, https:\/\/southbourneschool.co.uk\/wp-content\/uploads\/2024\/08\/The-Commodore-Hotel-16x12.jpg 16w\" sizes=\"auto, (max-width: 672px) 100vw, 672px\" \/><\/div>\n\t\t<\/figure>\n\t<\/div>\n<\/div><\/div><\/div><div class=\"wpb_column vc_column_container vc_col-sm-6\"><div class=\"vc_column-inner\"><div class=\"wpb_wrapper\">\n\t<div class=\"wpb_text_column wpb_content_element  vc_custom_1723718739049\" >\n\t\t<div class=\"wpb_wrapper\">\n\t\t\t<h2>Hoteles recomendados<\/h2>\n<p>A continuaci\u00f3n te mostramos algunos hoteles de la zona que te recomendamos:<\/p>\n<ul>\n<li><a href=\"https:\/\/www.greenekinginns.co.uk\/hotels\/dorset\/commodore\">El comodoro<\/a><\/li>\n<li><a href=\"https:\/\/www.hilton.com\/en\/hotels\/bohtmhi-hilton-bournemouth\/rooms\/\">El Hilton, Bournemouth<\/a><\/li>\n<li><a href=\"https:\/\/www.harbourhotels.co.uk\/our-hotels\/dorset\/the-kings-arms\">The Kings Arms, Christchurch<\/a><\/li>\n<\/ul>\n\n\t\t<\/div>\n\t<\/div>\n<\/div><\/div><\/div><\/div>","protected":false},"excerpt":{"rendered":"Guesthouses &amp; HotelsBournemouth has a wide range of small hotels and guesthouses (guesthouses are like small hotels, often family run, and offer great value for money). We have trusted relationships with these guesthouses and hotels, therefore we recommend them highly. Self-catering Students taking longer courses&nbsp;<a href=\"https:\/\/southbourneschool.co.uk\/es\/studying-in-bournemouth\/accommodation-welfare\/guesthouses-hotels\/\">\u2026<\/a>","protected":false},"author":12312401,"featured_media":0,"parent":706,"menu_order":0,"comment_status":"closed","ping_status":"closed","template":"","meta":{"footnotes":""},"class_list":["post-730","page","type-page","status-publish","hentry","odd"],"yoast_head":"<!-- This site is optimized with the Yoast SEO plugin v27.3 - https:\/\/yoast.com\/product\/yoast-seo-wordpress\/ -->\n<title>Guesthouses &amp; Hotels - Southbourne School of English<\/title>\n<meta name=\"description\" content=\"Bournemouth has a wide range of small hotels and guesthouses. We inspect all of the guesthouses and hotels to make sure that they meet our standards...\" \/>\n<meta name=\"robots\" content=\"index, follow, max-snippet:-1, max-image-preview:large, max-video-preview:-1\" \/>\n<link rel=\"canonical\" href=\"https:\/\/southbourneschool.co.uk\/es\/estudiar-en-bournemouth\/alojamiento-bienestar\/casas-de-huespedes-hoteles\/\" \/>\n<meta property=\"og:locale\" content=\"es_ES\" \/>\n<meta property=\"og:type\" content=\"article\" \/>\n<meta property=\"og:title\" content=\"Guesthouses &amp; Hotels - Southbourne School of English\" \/>\n<meta property=\"og:description\" content=\"Bournemouth has a wide range of small hotels and guesthouses. We inspect all of the guesthouses and hotels to make sure that they meet our standards...\" \/>\n<meta property=\"og:url\" content=\"https:\/\/southbourneschool.co.uk\/es\/estudiar-en-bournemouth\/alojamiento-bienestar\/casas-de-huespedes-hoteles\/\" \/>\n<meta property=\"og:site_name\" content=\"Southbourne School of English\" \/>\n<meta property=\"article:publisher\" content=\"https:\/\/www.facebook.com\/SouthbourneSchool\/\" \/>\n<meta property=\"article:modified_time\" content=\"2025-03-05T15:47:42+00:00\" \/>\n<meta name=\"twitter:card\" content=\"summary_large_image\" \/>\n<meta name=\"twitter:site\" content=\"@SouthbourneSofE\" \/>\n<meta name=\"twitter:label1\" content=\"Tiempo de lectura\" \/>\n\t<meta name=\"twitter:data1\" content=\"2 minutos\" \/>\n<script type=\"application\/ld+json\" class=\"yoast-schema-graph\">{\"@context\":\"https:\\\/\\\/schema.org\",\"@graph\":[{\"@type\":\"WebPage\",\"@id\":\"https:\\\/\\\/southbourneschool.co.uk\\\/studying-in-bournemouth\\\/accommodation-welfare\\\/guesthouses-hotels\\\/\",\"url\":\"https:\\\/\\\/southbourneschool.co.uk\\\/studying-in-bournemouth\\\/accommodation-welfare\\\/guesthouses-hotels\\\/\",\"name\":\"Guesthouses & Hotels - Southbourne School of English\",\"isPartOf\":{\"@id\":\"https:\\\/\\\/southbourneschool.co.uk\\\/#website\"},\"datePublished\":\"2018-08-16T15:21:38+00:00\",\"dateModified\":\"2025-03-05T15:47:42+00:00\",\"description\":\"Bournemouth has a wide range of small hotels and guesthouses. We inspect all of the guesthouses and hotels to make sure that they meet our standards...\",\"breadcrumb\":{\"@id\":\"https:\\\/\\\/southbourneschool.co.uk\\\/studying-in-bournemouth\\\/accommodation-welfare\\\/guesthouses-hotels\\\/#breadcrumb\"},\"inLanguage\":\"es\",\"potentialAction\":[{\"@type\":\"ReadAction\",\"target\":[\"https:\\\/\\\/southbourneschool.co.uk\\\/studying-in-bournemouth\\\/accommodation-welfare\\\/guesthouses-hotels\\\/\"]}]},{\"@type\":\"BreadcrumbList\",\"@id\":\"https:\\\/\\\/southbourneschool.co.uk\\\/studying-in-bournemouth\\\/accommodation-welfare\\\/guesthouses-hotels\\\/#breadcrumb\",\"itemListElement\":[{\"@type\":\"ListItem\",\"position\":1,\"name\":\"Home\",\"item\":\"https:\\\/\\\/southbourneschool.co.uk\\\/\"},{\"@type\":\"ListItem\",\"position\":2,\"name\":\"Studying in Bournemouth\",\"item\":\"https:\\\/\\\/southbourneschool.co.uk\\\/studying-in-bournemouth\\\/\"},{\"@type\":\"ListItem\",\"position\":3,\"name\":\"Accommodation &#038; Welfare\",\"item\":\"https:\\\/\\\/southbourneschool.co.uk\\\/studying-in-bournemouth\\\/accommodation-welfare\\\/\"},{\"@type\":\"ListItem\",\"position\":4,\"name\":\"Guesthouses &#038; Hotels\"}]},{\"@type\":\"WebSite\",\"@id\":\"https:\\\/\\\/southbourneschool.co.uk\\\/#website\",\"url\":\"https:\\\/\\\/southbourneschool.co.uk\\\/\",\"name\":\"Southbourne School of English\",\"description\":\"We make learning English fun. A language school in Bournemouth, ideally located by the sea in a suburb of Bournemouth called Southbourne, one of the UK\u2019s most popular locations for international students.\",\"publisher\":{\"@id\":\"https:\\\/\\\/southbourneschool.co.uk\\\/#organization\"},\"potentialAction\":[{\"@type\":\"SearchAction\",\"target\":{\"@type\":\"EntryPoint\",\"urlTemplate\":\"https:\\\/\\\/southbourneschool.co.uk\\\/?s={search_term_string}\"},\"query-input\":{\"@type\":\"PropertyValueSpecification\",\"valueRequired\":true,\"valueName\":\"search_term_string\"}}],\"inLanguage\":\"es\"},{\"@type\":\"Organization\",\"@id\":\"https:\\\/\\\/southbourneschool.co.uk\\\/#organization\",\"name\":\"Southbourne School of English\",\"alternateName\":\"SSE\",\"url\":\"https:\\\/\\\/southbourneschool.co.uk\\\/\",\"logo\":{\"@type\":\"ImageObject\",\"inLanguage\":\"es\",\"@id\":\"https:\\\/\\\/southbourneschool.co.uk\\\/#\\\/schema\\\/logo\\\/image\\\/\",\"url\":\"https:\\\/\\\/southbourneschool.co.uk\\\/wp-content\\\/uploads\\\/2026\\\/01\\\/SSE-60-Year-Anniversary-Logo.png\",\"contentUrl\":\"https:\\\/\\\/southbourneschool.co.uk\\\/wp-content\\\/uploads\\\/2026\\\/01\\\/SSE-60-Year-Anniversary-Logo.png\",\"width\":1964,\"height\":1965,\"caption\":\"Southbourne School of English\"},\"image\":{\"@id\":\"https:\\\/\\\/southbourneschool.co.uk\\\/#\\\/schema\\\/logo\\\/image\\\/\"},\"sameAs\":[\"https:\\\/\\\/www.facebook.com\\\/SouthbourneSchool\\\/\",\"https:\\\/\\\/x.com\\\/SouthbourneSofE\",\"https:\\\/\\\/www.instagram.com\\\/southbourneschoolofenglish\\\/\",\"https:\\\/\\\/www.tiktok.com\\\/@southbourne\",\"https:\\\/\\\/www.youtube.com\\\/@southbourneschoolofenglish4522\"]}]}<\/script>\n<!-- \/ Yoast SEO plugin. -->","yoast_head_json":{"title":"Pensiones y hoteles - Southbourne School of English","description":"Bournemouth cuenta con una amplia gama de peque\u00f1os hoteles y pensiones. Inspeccionamos todas las pensiones y hoteles para asegurarnos de que cumplen nuestros est\u00e1ndares....","robots":{"index":"index","follow":"follow","max-snippet":"max-snippet:-1","max-image-preview":"max-image-preview:large","max-video-preview":"max-video-preview:-1"},"canonical":"https:\/\/southbourneschool.co.uk\/es\/estudiar-en-bournemouth\/alojamiento-bienestar\/casas-de-huespedes-hoteles\/","og_locale":"es_ES","og_type":"article","og_title":"Guesthouses & Hotels - Southbourne School of English","og_description":"Bournemouth has a wide range of small hotels and guesthouses. We inspect all of the guesthouses and hotels to make sure that they meet our standards...","og_url":"https:\/\/southbourneschool.co.uk\/es\/estudiar-en-bournemouth\/alojamiento-bienestar\/casas-de-huespedes-hoteles\/","og_site_name":"Southbourne School of English","article_publisher":"https:\/\/www.facebook.com\/SouthbourneSchool\/","article_modified_time":"2025-03-05T15:47:42+00:00","twitter_card":"summary_large_image","twitter_site":"@SouthbourneSofE","twitter_misc":{"Tiempo de lectura":"2 minutos"},"schema":{"@context":"https:\/\/schema.org","@graph":[{"@type":"WebPage","@id":"https:\/\/southbourneschool.co.uk\/studying-in-bournemouth\/accommodation-welfare\/guesthouses-hotels\/","url":"https:\/\/southbourneschool.co.uk\/studying-in-bournemouth\/accommodation-welfare\/guesthouses-hotels\/","name":"Pensiones y hoteles - Southbourne School of English","isPartOf":{"@id":"https:\/\/southbourneschool.co.uk\/#website"},"datePublished":"2018-08-16T15:21:38+00:00","dateModified":"2025-03-05T15:47:42+00:00","description":"Bournemouth cuenta con una amplia gama de peque\u00f1os hoteles y pensiones. Inspeccionamos todas las pensiones y hoteles para asegurarnos de que cumplen nuestros est\u00e1ndares....","breadcrumb":{"@id":"https:\/\/southbourneschool.co.uk\/studying-in-bournemouth\/accommodation-welfare\/guesthouses-hotels\/#breadcrumb"},"inLanguage":"es","potentialAction":[{"@type":"ReadAction","target":["https:\/\/southbourneschool.co.uk\/studying-in-bournemouth\/accommodation-welfare\/guesthouses-hotels\/"]}]},{"@type":"BreadcrumbList","@id":"https:\/\/southbourneschool.co.uk\/studying-in-bournemouth\/accommodation-welfare\/guesthouses-hotels\/#breadcrumb","itemListElement":[{"@type":"ListItem","position":1,"name":"Home","item":"https:\/\/southbourneschool.co.uk\/"},{"@type":"ListItem","position":2,"name":"Studying in Bournemouth","item":"https:\/\/southbourneschool.co.uk\/studying-in-bournemouth\/"},{"@type":"ListItem","position":3,"name":"Accommodation &#038; Welfare","item":"https:\/\/southbourneschool.co.uk\/studying-in-bournemouth\/accommodation-welfare\/"},{"@type":"ListItem","position":4,"name":"Guesthouses &#038; Hotels"}]},{"@type":"WebSite","@id":"https:\/\/southbourneschool.co.uk\/#website","url":"https:\/\/southbourneschool.co.uk\/","name":"Escuela de ingl\u00e9s de Southbourne","description":"Hacemos que aprender ingl\u00e9s sea divertido. Una escuela de idiomas en Bournemouth, idealmente situado junto al mar en un suburbio de Bournemouth llamado Southbourne, uno de los lugares m\u00e1s populares del Reino Unido para los estudiantes internacionales.","publisher":{"@id":"https:\/\/southbourneschool.co.uk\/#organization"},"potentialAction":[{"@type":"SearchAction","target":{"@type":"EntryPoint","urlTemplate":"https:\/\/southbourneschool.co.uk\/?s={search_term_string}"},"query-input":{"@type":"PropertyValueSpecification","valueRequired":true,"valueName":"search_term_string"}}],"inLanguage":"es"},{"@type":"Organization","@id":"https:\/\/southbourneschool.co.uk\/#organization","name":"Escuela de ingl\u00e9s de Southbourne","alternateName":"SSE","url":"https:\/\/southbourneschool.co.uk\/","logo":{"@type":"ImageObject","inLanguage":"es","@id":"https:\/\/southbourneschool.co.uk\/#\/schema\/logo\/image\/","url":"https:\/\/southbourneschool.co.uk\/wp-content\/uploads\/2026\/01\/SSE-60-Year-Anniversary-Logo.png","contentUrl":"https:\/\/southbourneschool.co.uk\/wp-content\/uploads\/2026\/01\/SSE-60-Year-Anniversary-Logo.png","width":1964,"height":1965,"caption":"Southbourne School of English"},"image":{"@id":"https:\/\/southbourneschool.co.uk\/#\/schema\/logo\/image\/"},"sameAs":["https:\/\/www.facebook.com\/SouthbourneSchool\/","https:\/\/x.com\/SouthbourneSofE","https:\/\/www.instagram.com\/southbourneschoolofenglish\/","https:\/\/www.tiktok.com\/@southbourne","https:\/\/www.youtube.com\/@southbourneschoolofenglish4522"]}]}},"featured_image_src":null,"featured_image_src_square":null,"_links":{"self":[{"href":"https:\/\/southbourneschool.co.uk\/es\/wp-json\/wp\/v2\/pages\/730","targetHints":{"allow":["GET"]}}],"collection":[{"href":"https:\/\/southbourneschool.co.uk\/es\/wp-json\/wp\/v2\/pages"}],"about":[{"href":"https:\/\/southbourneschool.co.uk\/es\/wp-json\/wp\/v2\/types\/page"}],"author":[{"embeddable":true,"href":"https:\/\/southbourneschool.co.uk\/es\/wp-json\/wp\/v2\/users\/12312401"}],"replies":[{"embeddable":true,"href":"https:\/\/southbourneschool.co.uk\/es\/wp-json\/wp\/v2\/comments?post=730"}],"version-history":[{"count":0,"href":"https:\/\/southbourneschool.co.uk\/es\/wp-json\/wp\/v2\/pages\/730\/revisions"}],"up":[{"embeddable":true,"href":"https:\/\/southbourneschool.co.uk\/es\/wp-json\/wp\/v2\/pages\/706"}],"wp:attachment":[{"href":"https:\/\/southbourneschool.co.uk\/es\/wp-json\/wp\/v2\/media?parent=730"}],"curies":[{"name":"gracias","href":"https:\/\/api.w.org\/{rel}","templated":true}]}}