{"id":1051,"date":"2018-10-26T15:14:34","date_gmt":"2018-10-26T14:14:34","guid":{"rendered":"https:\/\/southbournese.wpengine.com\/?page_id=1051"},"modified":"2026-02-06T14:07:31","modified_gmt":"2026-02-06T14:07:31","slug":"cours-de-groupe-a-lannee","status":"publish","type":"page","link":"https:\/\/southbourneschool.co.uk\/fr\/english-courses\/junior-language-courses\/year-round-group-courses\/","title":{"rendered":"Cours de groupe (toute l&#039;ann\u00e9e)"},"content":{"rendered":"<section data-vc-full-width=\"true\" data-vc-full-width-init=\"false\" class=\"vc_section vc_custom_1723044181369 vc_section-has-fill\"><\/section><div class=\"vc_row-full-width vc_clearfix\"><\/div><div class=\"vc_row wpb_row vc_row-fluid vc_custom_1532605752662\"><div class=\"wpb_column vc_column_container vc_col-sm-7\"><div class=\"vc_column-inner vc_custom_1540563254526\"><div class=\"wpb_wrapper\"><h1 style=\"color: #7bbb58;text-align: left\" class=\"vc_custom_heading vc_custom_1723205287129\" >Cours de groupe (toute l&#039;ann\u00e9e)<\/h1><h4 style=\"text-align: left\" class=\"vc_custom_heading\" >Nous proposons des cours en groupe ferm\u00e9 \u00e0 l&#039;\u00e9cole Southbourne toute l&#039;ann\u00e9e. Les cours peuvent durer au moins une semaine. Notre \u00e9cole principale accueille les \u00e9l\u00e8ves \u00e0 partir de 9 ans.<\/h4>\n\t<div class=\"wpb_text_column wpb_content_element  vc_custom_1712063888289\" >\n\t\t<div class=\"wpb_wrapper\">\n\t\t\t<p><strong>Nos cours de groupe junior comprennent :<\/strong><\/p>\n<ul>\n<li>15\/21 heures de cours par semaine.<\/li>\n<li>H\u00e9bergement chez des h\u00f4tes locaux contr\u00f4l\u00e9s par la police, tous situ\u00e9s \u00e0 distance de marche de l&#039;\u00e9cole.<\/li>\n<li>Choix de repas chaud ou froid \u00e0 l&#039;\u00e9cole.<\/li>\n<li>Excursions de week-end.<\/li>\n<li>Un programme social vari\u00e9 avec beaucoup d&#039;activit\u00e9s quotidiennes amusantes et int\u00e9ressantes.<\/li>\n<li>Activit\u00e9s facultatives en soir\u00e9e.<\/li>\n<li>Un certificat avec un niveau de r\u00e9ussite.<\/li>\n<li>Petit-d\u00e9jeuner, d\u00e9jeuner et d\u00eener fra\u00eechement pr\u00e9par\u00e9s tout au long de la semaine.<\/li>\n<li>Salles de classe \u00e9quip\u00e9es de tableaux blancs interactifs et de climatiseurs.<\/li>\n<li>Des salles de classe modernes et lumineuses avec un mobilier confortable.<\/li>\n<\/ul>\n<p>Nous proposons \u00e9galement <a href=\"https:\/\/southbourneschool.co.uk\/fr\/language-courses\/cours-de-langues-juniors\/cours-dete\/\"><strong>Cours d&#039;\u00e9t\u00e9 juniors<\/strong><\/a> pour les particuliers aussi !<\/p>\n\n\t\t<\/div>\n\t<\/div>\n\n\t<div  class=\"wpb_single_image wpb_content_element vc_align_left\">\n\t\t\n\t\t<figure class=\"wpb_wrapper vc_figure\">\n\t\t\t<div class=\"vc_single_image-wrapper   vc_box_border_grey\"><img loading=\"lazy\" decoding=\"async\" class=\"vc_single_image-img\" src=\"https:\/\/southbourneschool.co.uk\/wp-content\/uploads\/2019\/01\/LOCATION_SSE_229-e1548693284510.jpg\" width=\"1000\" height=\"701\" alt=\"\u00c9tudiants du cours d&#039;\u00e9t\u00e9 \u00e0 l&#039;ext\u00e9rieur du bureau des activit\u00e9s\" title=\"EMPLACEMENT_SSE_229\" \/><\/div>\n\t\t<\/figure>\n\t<\/div>\n<section class=\"vc_cta3-container\"><div class=\"vc_general vc_cta3 vc_cta3-style-classic vc_cta3-shape-rounded vc_cta3-align-left vc_cta3-color-classic vc_cta3-icon-size-md vc_cta3-actions-bottom\"><div class=\"vc_cta3_content-container\"><div class=\"vc_cta3-content\"><header class=\"vc_cta3-content-header\"><h2>Obtenez un devis de formation sous 24 heures !<\/h2><\/header><p>Remplissez notre formulaire de demande de devis et nous vous contacterons par e-mail ou WhatsApp dans les 24 heures pour vous fournir un devis personnalis\u00e9.<\/p>\n<\/div><div class=\"vc_cta3-actions\"><div class=\"vc_btn3-container vc_btn3-inline\" ><a class=\"vc_general vc_btn3 vc_btn3-size-lg vc_btn3-shape-rounded vc_btn3-style-modern vc_btn3-color-success\" href=\"https:\/\/southbourneschool.co.uk\/fr\/demander-un-devis\/\" title=\"Demande de devis\">Demander un devis<\/a><\/div><\/div><\/div><\/div><\/section><\/div><\/div><\/div><div class=\"wpb_column vc_column_container vc_col-sm-4 vc_col-sm-offset-1 vc_hidden-xs\"><div class=\"vc_column-inner\"><div class=\"wpb_wrapper\"><div  class=\"vc_wp_custommenu wpb_content_element child-page-menu\"><div class=\"widget widget_nav_menu\"><div class=\"menu-language-course-child-menu-container\"><ul id=\"menu-language-course-child-menu\" class=\"menu\"><li id=\"menu-item-794\" class=\"menu-item menu-item-type-post_type menu-item-object-page menu-item-has-children menu-item-794 msm-top-level-item\"><a href=\"https:\/\/southbourneschool.co.uk\/fr\/english-courses\/\">Cours d'anglais<\/a>\n<ul class=\"sub-menu\">\n\t<li id=\"menu-item-3297\" class=\"menu-item menu-item-type-post_type menu-item-object-page menu-item-3297\"><a href=\"https:\/\/southbourneschool.co.uk\/fr\/request-a-quote\/\">Demande de devis<\/a><\/li>\n\t<li id=\"menu-item-646\" class=\"menu-item menu-item-type-post_type menu-item-object-page menu-item-646\"><a href=\"https:\/\/southbourneschool.co.uk\/fr\/english-courses\/how-to-book-your-english-course\/\">Comment r\u00e9server votre cours d'anglais<\/a><\/li>\n\t<li id=\"menu-item-384\" class=\"menu-item menu-item-type-post_type menu-item-object-page menu-item-has-children menu-item-384\"><a href=\"https:\/\/southbourneschool.co.uk\/fr\/english-courses\/adult-language-courses\/\">Cours d'anglais pour adultes<\/a>\n\t<ul class=\"sub-menu\">\n\t\t<li id=\"menu-item-383\" class=\"menu-item menu-item-type-post_type menu-item-object-page menu-item-383\"><a href=\"https:\/\/southbourneschool.co.uk\/fr\/english-courses\/adult-language-courses\/general-intensive\/\">Cours d&#039;anglais g\u00e9n\u00e9ral et intensif<\/a><\/li>\n\t\t<li id=\"menu-item-394\" class=\"menu-item menu-item-type-post_type menu-item-object-page menu-item-394\"><a href=\"https:\/\/southbourneschool.co.uk\/fr\/english-courses\/adult-language-courses\/one-to-one-english\/\">Cours d&#039;anglais individuels<\/a><\/li>\n\t\t<li id=\"menu-item-1039\" class=\"menu-item menu-item-type-post_type menu-item-object-page menu-item-1039\"><a href=\"https:\/\/southbourneschool.co.uk\/fr\/english-courses\/adult-language-courses\/summer-vacation-courses\/\">Cours d'anglais d'\u00e9t\u00e9 pour adultes (16 ans et plus)<\/a><\/li>\n\t\t<li id=\"menu-item-1038\" class=\"menu-item menu-item-type-post_type menu-item-object-page menu-item-1038\"><a href=\"https:\/\/southbourneschool.co.uk\/fr\/english-courses\/adult-language-courses\/examination-courses\/\">Cours pour l'examen d'anglais de Cambridge<\/a><\/li>\n\t<\/ul>\n<\/li>\n\t<li id=\"menu-item-618\" class=\"menu-item menu-item-type-post_type menu-item-object-page menu-item-has-children menu-item-618\"><a href=\"https:\/\/southbourneschool.co.uk\/fr\/english-courses\/junior-language-courses\/\">Cours d'anglais pour juniors<\/a>\n\t<ul class=\"sub-menu\">\n\t\t<li id=\"menu-item-633\" class=\"menu-item menu-item-type-post_type menu-item-object-page menu-item-633\"><a href=\"https:\/\/southbourneschool.co.uk\/fr\/english-courses\/junior-language-courses\/summer-courses\/\">Cours d'anglais d'\u00e9t\u00e9 pour juniors (9-15 ans)<\/a><\/li>\n\t\t<li id=\"menu-item-1055\" class=\"menu-item menu-item-type-post_type menu-item-object-page menu-item-1055\"><a href=\"https:\/\/southbourneschool.co.uk\/fr\/english-courses\/junior-language-courses\/year-round-group-courses\/\">Cours d'anglais en groupe (toute l'ann\u00e9e)<\/a><\/li>\n\t<\/ul>\n<\/li>\n\t<li id=\"menu-item-647\" class=\"menu-item menu-item-type-post_type menu-item-object-page menu-item-647\"><a href=\"https:\/\/southbourneschool.co.uk\/fr\/english-courses\/guide-to-levels\/\">Guide des niveaux<\/a><\/li>\n<\/ul>\n<\/li>\n<\/ul><\/div><\/div><\/div><\/div><\/div><\/div><\/div>","protected":false},"excerpt":{"rendered":"Group Courses (Year-Round)We run closed group courses at Southbourne School all year round. The courses can be for a minimum of one week. Our main school takes students aged 9 and above. Our Junior Group Courses include: 15\/21 hours of tuition a week. Accommodation with&nbsp;<a href=\"https:\/\/southbourneschool.co.uk\/fr\/english-courses\/junior-language-courses\/year-round-group-courses\/\">...<\/a>","protected":false},"author":12312401,"featured_media":0,"parent":611,"menu_order":1,"comment_status":"closed","ping_status":"closed","template":"","meta":{"footnotes":""},"class_list":["post-1051","page","type-page","status-publish","hentry","odd"],"yoast_head":"<!-- This site is optimized with the Yoast SEO plugin v27.3 - https:\/\/yoast.com\/product\/yoast-seo-wordpress\/ -->\n<title>Group Courses (Year-Round) - Southbourne School of English<\/title>\n<meta name=\"description\" content=\"We run closed group courses at Southbourne School all year round for students age 9+. These courses can be for a minimum of one week.\" \/>\n<meta name=\"robots\" content=\"index, follow, max-snippet:-1, max-image-preview:large, max-video-preview:-1\" \/>\n<link rel=\"canonical\" href=\"https:\/\/southbourneschool.co.uk\/fr\/cours-danglais\/cours-de-langues-juniors\/cours-de-groupe-a-lannee\/\" \/>\n<meta property=\"og:locale\" content=\"fr_FR\" \/>\n<meta property=\"og:type\" content=\"article\" \/>\n<meta property=\"og:title\" content=\"Group Courses (Year-Round) - Southbourne School of English\" \/>\n<meta property=\"og:description\" content=\"We run closed group courses at Southbourne School all year round for students age 9+. These courses can be for a minimum of one week.\" \/>\n<meta property=\"og:url\" content=\"https:\/\/southbourneschool.co.uk\/fr\/cours-danglais\/cours-de-langues-juniors\/cours-de-groupe-a-lannee\/\" \/>\n<meta property=\"og:site_name\" content=\"Southbourne School of English\" \/>\n<meta property=\"article:publisher\" content=\"https:\/\/www.facebook.com\/SouthbourneSchool\/\" \/>\n<meta property=\"article:modified_time\" content=\"2026-02-06T14:07:31+00:00\" \/>\n<meta name=\"twitter:card\" content=\"summary_large_image\" \/>\n<meta name=\"twitter:site\" content=\"@SouthbourneSofE\" \/>\n<meta name=\"twitter:label1\" content=\"Dur\u00e9e de lecture estim\u00e9e\" \/>\n\t<meta name=\"twitter:data1\" content=\"2 minutes\" \/>\n<script type=\"application\/ld+json\" class=\"yoast-schema-graph\">{\"@context\":\"https:\\\/\\\/schema.org\",\"@graph\":[{\"@type\":\"WebPage\",\"@id\":\"https:\\\/\\\/southbourneschool.co.uk\\\/english-courses\\\/junior-language-courses\\\/year-round-group-courses\\\/\",\"url\":\"https:\\\/\\\/southbourneschool.co.uk\\\/english-courses\\\/junior-language-courses\\\/year-round-group-courses\\\/\",\"name\":\"Group Courses (Year-Round) - Southbourne School of English\",\"isPartOf\":{\"@id\":\"https:\\\/\\\/southbourneschool.co.uk\\\/#website\"},\"datePublished\":\"2018-10-26T14:14:34+00:00\",\"dateModified\":\"2026-02-06T14:07:31+00:00\",\"description\":\"We run closed group courses at Southbourne School all year round for students age 9+. These courses can be for a minimum of one week.\",\"breadcrumb\":{\"@id\":\"https:\\\/\\\/southbourneschool.co.uk\\\/english-courses\\\/junior-language-courses\\\/year-round-group-courses\\\/#breadcrumb\"},\"inLanguage\":\"fr-FR\",\"potentialAction\":[{\"@type\":\"ReadAction\",\"target\":[\"https:\\\/\\\/southbourneschool.co.uk\\\/english-courses\\\/junior-language-courses\\\/year-round-group-courses\\\/\"]}]},{\"@type\":\"BreadcrumbList\",\"@id\":\"https:\\\/\\\/southbourneschool.co.uk\\\/english-courses\\\/junior-language-courses\\\/year-round-group-courses\\\/#breadcrumb\",\"itemListElement\":[{\"@type\":\"ListItem\",\"position\":1,\"name\":\"Home\",\"item\":\"https:\\\/\\\/southbourneschool.co.uk\\\/\"},{\"@type\":\"ListItem\",\"position\":2,\"name\":\"English Courses\",\"item\":\"https:\\\/\\\/southbourneschool.co.uk\\\/english-courses\\\/\"},{\"@type\":\"ListItem\",\"position\":3,\"name\":\"Junior English Courses\",\"item\":\"https:\\\/\\\/southbourneschool.co.uk\\\/english-courses\\\/junior-language-courses\\\/\"},{\"@type\":\"ListItem\",\"position\":4,\"name\":\"Group Courses (Year-Round)\"}]},{\"@type\":\"WebSite\",\"@id\":\"https:\\\/\\\/southbourneschool.co.uk\\\/#website\",\"url\":\"https:\\\/\\\/southbourneschool.co.uk\\\/\",\"name\":\"Southbourne School of English\",\"description\":\"We make learning English fun. A language school in Bournemouth, ideally located by the sea in a suburb of Bournemouth called Southbourne, one of the UK\u2019s most popular locations for international students.\",\"publisher\":{\"@id\":\"https:\\\/\\\/southbourneschool.co.uk\\\/#organization\"},\"potentialAction\":[{\"@type\":\"SearchAction\",\"target\":{\"@type\":\"EntryPoint\",\"urlTemplate\":\"https:\\\/\\\/southbourneschool.co.uk\\\/?s={search_term_string}\"},\"query-input\":{\"@type\":\"PropertyValueSpecification\",\"valueRequired\":true,\"valueName\":\"search_term_string\"}}],\"inLanguage\":\"fr-FR\"},{\"@type\":\"Organization\",\"@id\":\"https:\\\/\\\/southbourneschool.co.uk\\\/#organization\",\"name\":\"Southbourne School of English\",\"alternateName\":\"SSE\",\"url\":\"https:\\\/\\\/southbourneschool.co.uk\\\/\",\"logo\":{\"@type\":\"ImageObject\",\"inLanguage\":\"fr-FR\",\"@id\":\"https:\\\/\\\/southbourneschool.co.uk\\\/#\\\/schema\\\/logo\\\/image\\\/\",\"url\":\"https:\\\/\\\/southbourneschool.co.uk\\\/wp-content\\\/uploads\\\/2026\\\/01\\\/SSE-60-Year-Anniversary-Logo.png\",\"contentUrl\":\"https:\\\/\\\/southbourneschool.co.uk\\\/wp-content\\\/uploads\\\/2026\\\/01\\\/SSE-60-Year-Anniversary-Logo.png\",\"width\":1964,\"height\":1965,\"caption\":\"Southbourne School of English\"},\"image\":{\"@id\":\"https:\\\/\\\/southbourneschool.co.uk\\\/#\\\/schema\\\/logo\\\/image\\\/\"},\"sameAs\":[\"https:\\\/\\\/www.facebook.com\\\/SouthbourneSchool\\\/\",\"https:\\\/\\\/x.com\\\/SouthbourneSofE\",\"https:\\\/\\\/www.instagram.com\\\/southbourneschoolofenglish\\\/\",\"https:\\\/\\\/www.tiktok.com\\\/@southbourne\",\"https:\\\/\\\/www.youtube.com\\\/@southbourneschoolofenglish4522\"]}]}<\/script>\n<!-- \/ Yoast SEO plugin. -->","yoast_head_json":{"title":"Cours collectifs (toute l&#039;ann\u00e9e) - Southbourne School of English","description":"\u00c0 l&#039;\u00e9cole Southbourne, nous proposons des cours en groupe ferm\u00e9 toute l&#039;ann\u00e9e pour les \u00e9l\u00e8ves de 9 ans et plus. Ces cours peuvent durer au moins une semaine.","robots":{"index":"index","follow":"follow","max-snippet":"max-snippet:-1","max-image-preview":"max-image-preview:large","max-video-preview":"max-video-preview:-1"},"canonical":"https:\/\/southbourneschool.co.uk\/fr\/cours-danglais\/cours-de-langues-juniors\/cours-de-groupe-a-lannee\/","og_locale":"fr_FR","og_type":"article","og_title":"Group Courses (Year-Round) - Southbourne School of English","og_description":"We run closed group courses at Southbourne School all year round for students age 9+. These courses can be for a minimum of one week.","og_url":"https:\/\/southbourneschool.co.uk\/fr\/cours-danglais\/cours-de-langues-juniors\/cours-de-groupe-a-lannee\/","og_site_name":"Southbourne School of English","article_publisher":"https:\/\/www.facebook.com\/SouthbourneSchool\/","article_modified_time":"2026-02-06T14:07:31+00:00","twitter_card":"summary_large_image","twitter_site":"@SouthbourneSofE","twitter_misc":{"Dur\u00e9e de lecture estim\u00e9e":"2 minutes"},"schema":{"@context":"https:\/\/schema.org","@graph":[{"@type":"WebPage","@id":"https:\/\/southbourneschool.co.uk\/english-courses\/junior-language-courses\/year-round-group-courses\/","url":"https:\/\/southbourneschool.co.uk\/english-courses\/junior-language-courses\/year-round-group-courses\/","name":"Cours collectifs (toute l&#039;ann\u00e9e) - Southbourne School of English","isPartOf":{"@id":"https:\/\/southbourneschool.co.uk\/#website"},"datePublished":"2018-10-26T14:14:34+00:00","dateModified":"2026-02-06T14:07:31+00:00","description":"\u00c0 l&#039;\u00e9cole Southbourne, nous proposons des cours en groupe ferm\u00e9 toute l&#039;ann\u00e9e pour les \u00e9l\u00e8ves de 9 ans et plus. Ces cours peuvent durer au moins une semaine.","breadcrumb":{"@id":"https:\/\/southbourneschool.co.uk\/english-courses\/junior-language-courses\/year-round-group-courses\/#breadcrumb"},"inLanguage":"fr-FR","potentialAction":[{"@type":"ReadAction","target":["https:\/\/southbourneschool.co.uk\/english-courses\/junior-language-courses\/year-round-group-courses\/"]}]},{"@type":"BreadcrumbList","@id":"https:\/\/southbourneschool.co.uk\/english-courses\/junior-language-courses\/year-round-group-courses\/#breadcrumb","itemListElement":[{"@type":"ListItem","position":1,"name":"Home","item":"https:\/\/southbourneschool.co.uk\/"},{"@type":"ListItem","position":2,"name":"English Courses","item":"https:\/\/southbourneschool.co.uk\/english-courses\/"},{"@type":"ListItem","position":3,"name":"Junior English Courses","item":"https:\/\/southbourneschool.co.uk\/english-courses\/junior-language-courses\/"},{"@type":"ListItem","position":4,"name":"Group Courses (Year-Round)"}]},{"@type":"WebSite","@id":"https:\/\/southbourneschool.co.uk\/#website","url":"https:\/\/southbourneschool.co.uk\/","name":"\u00c9cole d'anglais de Southbourne","description":"Nous rendons l'apprentissage de l'anglais amusant. Une \u00e9cole de langue \u00e0 Bournemouth, id\u00e9alement situ\u00e9e en bord de mer dans la banlieue de Bournemouth appel\u00e9e Southbourne, l'un des endroits les plus populaires du Royaume-Uni pour les \u00e9tudiants internationaux.","publisher":{"@id":"https:\/\/southbourneschool.co.uk\/#organization"},"potentialAction":[{"@type":"SearchAction","target":{"@type":"EntryPoint","urlTemplate":"https:\/\/southbourneschool.co.uk\/?s={search_term_string}"},"query-input":{"@type":"PropertyValueSpecification","valueRequired":true,"valueName":"search_term_string"}}],"inLanguage":"fr-FR"},{"@type":"Organization","@id":"https:\/\/southbourneschool.co.uk\/#organization","name":"\u00c9cole d'anglais de Southbourne","alternateName":"SSE","url":"https:\/\/southbourneschool.co.uk\/","logo":{"@type":"ImageObject","inLanguage":"fr-FR","@id":"https:\/\/southbourneschool.co.uk\/#\/schema\/logo\/image\/","url":"https:\/\/southbourneschool.co.uk\/wp-content\/uploads\/2026\/01\/SSE-60-Year-Anniversary-Logo.png","contentUrl":"https:\/\/southbourneschool.co.uk\/wp-content\/uploads\/2026\/01\/SSE-60-Year-Anniversary-Logo.png","width":1964,"height":1965,"caption":"Southbourne School of English"},"image":{"@id":"https:\/\/southbourneschool.co.uk\/#\/schema\/logo\/image\/"},"sameAs":["https:\/\/www.facebook.com\/SouthbourneSchool\/","https:\/\/x.com\/SouthbourneSofE","https:\/\/www.instagram.com\/southbourneschoolofenglish\/","https:\/\/www.tiktok.com\/@southbourne","https:\/\/www.youtube.com\/@southbourneschoolofenglish4522"]}]}},"featured_image_src":null,"featured_image_src_square":null,"_links":{"self":[{"href":"https:\/\/southbourneschool.co.uk\/fr\/wp-json\/wp\/v2\/pages\/1051","targetHints":{"allow":["GET"]}}],"collection":[{"href":"https:\/\/southbourneschool.co.uk\/fr\/wp-json\/wp\/v2\/pages"}],"about":[{"href":"https:\/\/southbourneschool.co.uk\/fr\/wp-json\/wp\/v2\/types\/page"}],"author":[{"embeddable":true,"href":"https:\/\/southbourneschool.co.uk\/fr\/wp-json\/wp\/v2\/users\/12312401"}],"replies":[{"embeddable":true,"href":"https:\/\/southbourneschool.co.uk\/fr\/wp-json\/wp\/v2\/comments?post=1051"}],"version-history":[{"count":0,"href":"https:\/\/southbourneschool.co.uk\/fr\/wp-json\/wp\/v2\/pages\/1051\/revisions"}],"up":[{"embeddable":true,"href":"https:\/\/southbourneschool.co.uk\/fr\/wp-json\/wp\/v2\/pages\/611"}],"wp:attachment":[{"href":"https:\/\/southbourneschool.co.uk\/fr\/wp-json\/wp\/v2\/media?parent=1051"}],"curies":[{"name":"wp","href":"https:\/\/api.w.org\/{rel}","templated":true}]}}