{"id":396,"date":"2018-07-25T16:32:55","date_gmt":"2018-07-25T15:32:55","guid":{"rendered":"https:\/\/southbournese.wpengine.com\/?page_id=396"},"modified":"2024-08-07T15:58:24","modified_gmt":"2024-08-07T14:58:24","slug":"guide-des-niveaux","status":"publish","type":"page","link":"https:\/\/southbourneschool.co.uk\/fr\/english-courses\/guide-to-levels\/","title":{"rendered":"Guide des niveaux"},"content":{"rendered":"<section data-vc-full-width=\"true\" data-vc-full-width-init=\"false\" data-vc-stretch-content=\"true\" class=\"vc_section vc_custom_1723042702261 vc_section-has-fill\"><\/section><div class=\"vc_row-full-width vc_clearfix\"><\/div><div class=\"vc_row wpb_row vc_row-fluid vc_custom_1532527723492\"><div class=\"wpb_column vc_column_container vc_col-sm-8\"><div class=\"vc_column-inner vc_custom_1540196148802\"><div class=\"wpb_wrapper\"><h1 style=\"text-align: left\" class=\"vc_custom_heading vc_custom_1532533383509\" >Guide des niveaux<\/h1><h4 style=\"text-align: left\" class=\"vc_custom_heading vc_custom_1540196137317\" >\u00c0 la Southbourne School of English de Bournemouth, nous \u00e9valuons le niveau d&#039;anglais de nos \u00e9l\u00e8ves \u00e0 l&#039;aide des descripteurs du Cadre europ\u00e9en commun de r\u00e9f\u00e9rence (CECR), reconnus internationalement. Ces niveaux sont\u00a0:<\/h4>\n\t<div class=\"wpb_text_column wpb_content_element  vc_custom_1562236801807\" >\n\t\t<div class=\"wpb_wrapper\">\n\t\t\t<h5>D\u00e9butant (A0)<\/h5>\n<ul>\n<li>Peut communiquer des besoins tr\u00e8s basiques et comprendre un langage conversationnel tr\u00e8s simple.<\/li>\n<li>Poss\u00e8de un vocabulaire limit\u00e9 pour les situations quotidiennes.<\/li>\n<li>Peut lire et produire des textes courts et simples.<\/li>\n<\/ul>\n<h5>\u00c9l\u00e9mentaire (A1)<\/h5>\n<ul>\n<li>Peut communiquer des besoins de base et parler de sujets personnels.<\/li>\n<li>Poss\u00e8de un vocabulaire suffisant pour les t\u00e2ches quotidiennes.<\/li>\n<li>Peut reconna\u00eetre les principales structures grammaticales.<\/li>\n<li>Peut \u00e9crire de courts textes personnels et des notes.<\/li>\n<\/ul>\n<h5 class=\"p1\">Pr\u00e9-interm\u00e9diaire (A2)<\/h5>\n<ul>\n<li>Peut communiquer dans des situations quotidiennes et tenir de courtes conversations.<\/li>\n<li>Peut utiliser les principales structures grammaticales.<\/li>\n<li>Peut \u00e9crire des textes avec quelques d\u00e9tails.<\/li>\n<\/ul>\n<h5 class=\"p1\">Interm\u00e9diaire (B1)<\/h5>\n<ul>\n<li>Peut communiquer avec une certaine confiance dans un nombre raisonnable de situations.<\/li>\n<li>A une bonne ma\u00eetrise des principales structures grammaticales.<\/li>\n<li>Peut \u00e9crire des textes plus longs en utilisant des paragraphes avec une pr\u00e9cision raisonnable.<\/li>\n<\/ul>\n<h5 class=\"p1\">Interm\u00e9diaire sup\u00e9rieur (B2)<\/h5>\n<ul>\n<li>Peut communiquer efficacement et exprimer des id\u00e9es\/opinions dans la plupart des situations.<\/li>\n<li>Peut discuter d\u2019une gamme de sujets d\u2019actualit\u00e9.<\/li>\n<li>Peut utiliser une large gamme de structures, avec une pr\u00e9cision raisonnable.<\/li>\n<li>Peut produire une gamme de textes \u00e9crits en utilisant le registre correct.<\/li>\n<\/ul>\n<h5 class=\"p1\">Avanc\u00e9 (C1)<\/h5>\n<ul>\n<li>Peut exprimer des sentiments, des opinions et des id\u00e9es avec pr\u00e9cision et exactitude en utilisant un large \u00e9ventail de vocabulaire.<\/li>\n<li>Peut produire toute la gamme de textes avec une coh\u00e9sion naturelle.<\/li>\n<li>Peut comprendre des textes authentiques avec peu de difficult\u00e9.<\/li>\n<li>A un tr\u00e8s bon degr\u00e9 de contr\u00f4le grammatical.<\/li>\n<\/ul>\n\n\t\t<\/div>\n\t<\/div>\n<\/div><\/div><\/div><div class=\"wpb_column vc_column_container vc_col-sm-4 vc_hidden-xs\"><div class=\"vc_column-inner\"><div class=\"wpb_wrapper\"><div  class=\"vc_wp_custommenu wpb_content_element child-page-menu\"><div class=\"widget widget_nav_menu\"><div class=\"menu-language-course-child-menu-container\"><ul id=\"menu-language-course-child-menu\" class=\"menu\"><li id=\"menu-item-794\" class=\"menu-item menu-item-type-post_type menu-item-object-page menu-item-has-children menu-item-794 msm-top-level-item\"><a href=\"https:\/\/southbourneschool.co.uk\/fr\/english-courses\/\">Cours d'anglais<\/a>\n<ul class=\"sub-menu\">\n\t<li id=\"menu-item-3297\" class=\"menu-item menu-item-type-post_type menu-item-object-page menu-item-3297\"><a href=\"https:\/\/southbourneschool.co.uk\/fr\/request-a-quote\/\">Demande de devis<\/a><\/li>\n\t<li id=\"menu-item-646\" class=\"menu-item menu-item-type-post_type menu-item-object-page menu-item-646\"><a href=\"https:\/\/southbourneschool.co.uk\/fr\/english-courses\/how-to-book-your-english-course\/\">Comment r\u00e9server votre cours d'anglais<\/a><\/li>\n\t<li id=\"menu-item-384\" class=\"menu-item menu-item-type-post_type menu-item-object-page menu-item-has-children menu-item-384\"><a href=\"https:\/\/southbourneschool.co.uk\/fr\/english-courses\/adult-language-courses\/\">Cours d'anglais pour adultes<\/a>\n\t<ul class=\"sub-menu\">\n\t\t<li id=\"menu-item-383\" class=\"menu-item menu-item-type-post_type menu-item-object-page menu-item-383\"><a href=\"https:\/\/southbourneschool.co.uk\/fr\/english-courses\/adult-language-courses\/general-intensive\/\">Cours d&#039;anglais g\u00e9n\u00e9ral et intensif<\/a><\/li>\n\t\t<li id=\"menu-item-394\" class=\"menu-item menu-item-type-post_type menu-item-object-page menu-item-394\"><a href=\"https:\/\/southbourneschool.co.uk\/fr\/english-courses\/adult-language-courses\/one-to-one-english\/\">Cours d&#039;anglais individuels<\/a><\/li>\n\t\t<li id=\"menu-item-1039\" class=\"menu-item menu-item-type-post_type menu-item-object-page menu-item-1039\"><a href=\"https:\/\/southbourneschool.co.uk\/fr\/english-courses\/adult-language-courses\/summer-vacation-courses\/\">Cours d'anglais d'\u00e9t\u00e9 pour adultes (16 ans et plus)<\/a><\/li>\n\t\t<li id=\"menu-item-1038\" class=\"menu-item menu-item-type-post_type menu-item-object-page menu-item-1038\"><a href=\"https:\/\/southbourneschool.co.uk\/fr\/english-courses\/adult-language-courses\/examination-courses\/\">Cours pour l'examen d'anglais de Cambridge<\/a><\/li>\n\t<\/ul>\n<\/li>\n\t<li id=\"menu-item-618\" class=\"menu-item menu-item-type-post_type menu-item-object-page menu-item-has-children menu-item-618\"><a href=\"https:\/\/southbourneschool.co.uk\/fr\/english-courses\/junior-language-courses\/\">Cours d'anglais pour juniors<\/a>\n\t<ul class=\"sub-menu\">\n\t\t<li id=\"menu-item-633\" class=\"menu-item menu-item-type-post_type menu-item-object-page menu-item-633\"><a href=\"https:\/\/southbourneschool.co.uk\/fr\/english-courses\/junior-language-courses\/summer-courses\/\">Cours d'anglais d'\u00e9t\u00e9 pour juniors (9-15 ans)<\/a><\/li>\n\t\t<li id=\"menu-item-1055\" class=\"menu-item menu-item-type-post_type menu-item-object-page menu-item-1055\"><a href=\"https:\/\/southbourneschool.co.uk\/fr\/english-courses\/junior-language-courses\/year-round-group-courses\/\">Cours d'anglais en groupe (toute l'ann\u00e9e)<\/a><\/li>\n\t<\/ul>\n<\/li>\n\t<li id=\"menu-item-647\" class=\"menu-item menu-item-type-post_type menu-item-object-page menu-item-647\"><a href=\"https:\/\/southbourneschool.co.uk\/fr\/english-courses\/guide-to-levels\/\">Guide des niveaux<\/a><\/li>\n<\/ul>\n<\/li>\n<\/ul><\/div><\/div><\/div><\/div><\/div><\/div><\/div>","protected":false},"excerpt":{"rendered":"Guide des niveaux. \u00c0 la Southbourne School of English de Bournemouth, nous \u00e9valuons le niveau d&#039;anglais de nos \u00e9l\u00e8ves selon les descripteurs du Cadre europ\u00e9en commun de r\u00e9f\u00e9rence (CECR), reconnus internationalement. Ces niveaux sont les suivants\u00a0: D\u00e9butant (A0)\u00a0: Capacit\u00e9 \u00e0 communiquer des besoins tr\u00e8s \u00e9l\u00e9mentaires et \u00e0 comprendre un langage conversationnel tr\u00e8s simple. Vocabulaire limit\u00e9.&nbsp;<a href=\"https:\/\/southbourneschool.co.uk\/fr\/english-courses\/guide-to-levels\/\">...<\/a>","protected":false},"author":12312401,"featured_media":0,"parent":791,"menu_order":0,"comment_status":"closed","ping_status":"closed","template":"","meta":{"footnotes":""},"class_list":["post-396","page","type-page","status-publish","hentry","odd"],"yoast_head":"<!-- This site is optimized with the Yoast SEO plugin v27.4 - https:\/\/yoast.com\/product\/yoast-seo-wordpress\/ -->\n<title>Guide to the Levels of English - Southbourne School of English<\/title>\n<meta name=\"description\" content=\"Here at Southbourne School of English we grade our student\u2019s level of English using the internationally recognised Common European Framework. The levels are...\" \/>\n<meta name=\"robots\" content=\"index, follow, max-snippet:-1, max-image-preview:large, max-video-preview:-1\" \/>\n<link rel=\"canonical\" href=\"https:\/\/southbourneschool.co.uk\/fr\/cours-danglais\/guide-des-niveaux\/\" \/>\n<meta property=\"og:locale\" content=\"fr_FR\" \/>\n<meta property=\"og:type\" content=\"article\" \/>\n<meta property=\"og:title\" content=\"Guide to the Levels of English - Southbourne School of English\" \/>\n<meta property=\"og:description\" content=\"Here at Southbourne School of English we grade our student\u2019s level of English using the internationally recognised Common European Framework. The levels are...\" \/>\n<meta property=\"og:url\" content=\"https:\/\/southbourneschool.co.uk\/fr\/cours-danglais\/guide-des-niveaux\/\" \/>\n<meta property=\"og:site_name\" content=\"Southbourne School of English\" \/>\n<meta property=\"article:publisher\" content=\"https:\/\/www.facebook.com\/SouthbourneSchool\/\" \/>\n<meta property=\"article:modified_time\" content=\"2024-08-07T14:58:24+00:00\" \/>\n<meta name=\"twitter:card\" content=\"summary_large_image\" \/>\n<meta name=\"twitter:site\" content=\"@SouthbourneSofE\" \/>\n<meta name=\"twitter:label1\" content=\"Dur\u00e9e de lecture estim\u00e9e\" \/>\n\t<meta name=\"twitter:data1\" content=\"2 minutes\" \/>\n<script type=\"application\/ld+json\" class=\"yoast-schema-graph\">{\"@context\":\"https:\\\/\\\/schema.org\",\"@graph\":[{\"@type\":\"WebPage\",\"@id\":\"https:\\\/\\\/southbourneschool.co.uk\\\/english-courses\\\/guide-to-levels\\\/\",\"url\":\"https:\\\/\\\/southbourneschool.co.uk\\\/english-courses\\\/guide-to-levels\\\/\",\"name\":\"Guide to the Levels of English - Southbourne School of English\",\"isPartOf\":{\"@id\":\"https:\\\/\\\/southbourneschool.co.uk\\\/#website\"},\"datePublished\":\"2018-07-25T15:32:55+00:00\",\"dateModified\":\"2024-08-07T14:58:24+00:00\",\"description\":\"Here at Southbourne School of English we grade our student\u2019s level of English using the internationally recognised Common European Framework. The levels are...\",\"breadcrumb\":{\"@id\":\"https:\\\/\\\/southbourneschool.co.uk\\\/english-courses\\\/guide-to-levels\\\/#breadcrumb\"},\"inLanguage\":\"fr-FR\",\"potentialAction\":[{\"@type\":\"ReadAction\",\"target\":[\"https:\\\/\\\/southbourneschool.co.uk\\\/english-courses\\\/guide-to-levels\\\/\"]}]},{\"@type\":\"BreadcrumbList\",\"@id\":\"https:\\\/\\\/southbourneschool.co.uk\\\/english-courses\\\/guide-to-levels\\\/#breadcrumb\",\"itemListElement\":[{\"@type\":\"ListItem\",\"position\":1,\"name\":\"Home\",\"item\":\"https:\\\/\\\/southbourneschool.co.uk\\\/\"},{\"@type\":\"ListItem\",\"position\":2,\"name\":\"English Courses\",\"item\":\"https:\\\/\\\/southbourneschool.co.uk\\\/english-courses\\\/\"},{\"@type\":\"ListItem\",\"position\":3,\"name\":\"Guide To Levels\"}]},{\"@type\":\"WebSite\",\"@id\":\"https:\\\/\\\/southbourneschool.co.uk\\\/#website\",\"url\":\"https:\\\/\\\/southbourneschool.co.uk\\\/\",\"name\":\"Southbourne School of English\",\"description\":\"We make learning English fun. A language school in Bournemouth, ideally located by the sea in a suburb of Bournemouth called Southbourne, one of the UK\u2019s most popular locations for international students.\",\"publisher\":{\"@id\":\"https:\\\/\\\/southbourneschool.co.uk\\\/#organization\"},\"potentialAction\":[{\"@type\":\"SearchAction\",\"target\":{\"@type\":\"EntryPoint\",\"urlTemplate\":\"https:\\\/\\\/southbourneschool.co.uk\\\/?s={search_term_string}\"},\"query-input\":{\"@type\":\"PropertyValueSpecification\",\"valueRequired\":true,\"valueName\":\"search_term_string\"}}],\"inLanguage\":\"fr-FR\"},{\"@type\":\"Organization\",\"@id\":\"https:\\\/\\\/southbourneschool.co.uk\\\/#organization\",\"name\":\"Southbourne School of English\",\"alternateName\":\"SSE\",\"url\":\"https:\\\/\\\/southbourneschool.co.uk\\\/\",\"logo\":{\"@type\":\"ImageObject\",\"inLanguage\":\"fr-FR\",\"@id\":\"https:\\\/\\\/southbourneschool.co.uk\\\/#\\\/schema\\\/logo\\\/image\\\/\",\"url\":\"https:\\\/\\\/southbourneschool.co.uk\\\/wp-content\\\/uploads\\\/2026\\\/01\\\/SSE-60-Year-Anniversary-Logo.png\",\"contentUrl\":\"https:\\\/\\\/southbourneschool.co.uk\\\/wp-content\\\/uploads\\\/2026\\\/01\\\/SSE-60-Year-Anniversary-Logo.png\",\"width\":1964,\"height\":1965,\"caption\":\"Southbourne School of English\"},\"image\":{\"@id\":\"https:\\\/\\\/southbourneschool.co.uk\\\/#\\\/schema\\\/logo\\\/image\\\/\"},\"sameAs\":[\"https:\\\/\\\/www.facebook.com\\\/SouthbourneSchool\\\/\",\"https:\\\/\\\/x.com\\\/SouthbourneSofE\",\"https:\\\/\\\/www.instagram.com\\\/southbourneschoolofenglish\\\/\",\"https:\\\/\\\/www.tiktok.com\\\/@southbourne\",\"https:\\\/\\\/www.youtube.com\\\/@southbourneschoolofenglish4522\"]}]}<\/script>\n<!-- \/ Yoast SEO plugin. -->","yoast_head_json":{"title":"Guide des niveaux d&#039;anglais - Southbourne School of English","description":"\u00c0 la Southbourne School of English, nous \u00e9valuons le niveau d&#039;anglais de nos \u00e9l\u00e8ves selon le Cadre europ\u00e9en commun de r\u00e9f\u00e9rence (CECR), reconnu internationalement. Les niveaux sont\u2026","robots":{"index":"index","follow":"follow","max-snippet":"max-snippet:-1","max-image-preview":"max-image-preview:large","max-video-preview":"max-video-preview:-1"},"canonical":"https:\/\/southbourneschool.co.uk\/fr\/cours-danglais\/guide-des-niveaux\/","og_locale":"fr_FR","og_type":"article","og_title":"Guide to the Levels of English - Southbourne School of English","og_description":"Here at Southbourne School of English we grade our student\u2019s level of English using the internationally recognised Common European Framework. The levels are...","og_url":"https:\/\/southbourneschool.co.uk\/fr\/cours-danglais\/guide-des-niveaux\/","og_site_name":"Southbourne School of English","article_publisher":"https:\/\/www.facebook.com\/SouthbourneSchool\/","article_modified_time":"2024-08-07T14:58:24+00:00","twitter_card":"summary_large_image","twitter_site":"@SouthbourneSofE","twitter_misc":{"Dur\u00e9e de lecture estim\u00e9e":"2 minutes"},"schema":{"@context":"https:\/\/schema.org","@graph":[{"@type":"WebPage","@id":"https:\/\/southbourneschool.co.uk\/english-courses\/guide-to-levels\/","url":"https:\/\/southbourneschool.co.uk\/english-courses\/guide-to-levels\/","name":"Guide des niveaux d&#039;anglais - Southbourne School of English","isPartOf":{"@id":"https:\/\/southbourneschool.co.uk\/#website"},"datePublished":"2018-07-25T15:32:55+00:00","dateModified":"2024-08-07T14:58:24+00:00","description":"\u00c0 la Southbourne School of English, nous \u00e9valuons le niveau d&#039;anglais de nos \u00e9l\u00e8ves selon le Cadre europ\u00e9en commun de r\u00e9f\u00e9rence (CECR), reconnu internationalement. Les niveaux sont\u2026","breadcrumb":{"@id":"https:\/\/southbourneschool.co.uk\/english-courses\/guide-to-levels\/#breadcrumb"},"inLanguage":"fr-FR","potentialAction":[{"@type":"ReadAction","target":["https:\/\/southbourneschool.co.uk\/english-courses\/guide-to-levels\/"]}]},{"@type":"BreadcrumbList","@id":"https:\/\/southbourneschool.co.uk\/english-courses\/guide-to-levels\/#breadcrumb","itemListElement":[{"@type":"ListItem","position":1,"name":"Home","item":"https:\/\/southbourneschool.co.uk\/"},{"@type":"ListItem","position":2,"name":"English Courses","item":"https:\/\/southbourneschool.co.uk\/english-courses\/"},{"@type":"ListItem","position":3,"name":"Guide To Levels"}]},{"@type":"WebSite","@id":"https:\/\/southbourneschool.co.uk\/#website","url":"https:\/\/southbourneschool.co.uk\/","name":"\u00c9cole d'anglais de Southbourne","description":"Nous rendons l'apprentissage de l'anglais amusant. Une \u00e9cole de langue \u00e0 Bournemouth, id\u00e9alement situ\u00e9e en bord de mer dans la banlieue de Bournemouth appel\u00e9e Southbourne, l'un des endroits les plus populaires du Royaume-Uni pour les \u00e9tudiants internationaux.","publisher":{"@id":"https:\/\/southbourneschool.co.uk\/#organization"},"potentialAction":[{"@type":"SearchAction","target":{"@type":"EntryPoint","urlTemplate":"https:\/\/southbourneschool.co.uk\/?s={search_term_string}"},"query-input":{"@type":"PropertyValueSpecification","valueRequired":true,"valueName":"search_term_string"}}],"inLanguage":"fr-FR"},{"@type":"Organization","@id":"https:\/\/southbourneschool.co.uk\/#organization","name":"\u00c9cole d'anglais de Southbourne","alternateName":"SSE","url":"https:\/\/southbourneschool.co.uk\/","logo":{"@type":"ImageObject","inLanguage":"fr-FR","@id":"https:\/\/southbourneschool.co.uk\/#\/schema\/logo\/image\/","url":"https:\/\/southbourneschool.co.uk\/wp-content\/uploads\/2026\/01\/SSE-60-Year-Anniversary-Logo.png","contentUrl":"https:\/\/southbourneschool.co.uk\/wp-content\/uploads\/2026\/01\/SSE-60-Year-Anniversary-Logo.png","width":1964,"height":1965,"caption":"Southbourne School of English"},"image":{"@id":"https:\/\/southbourneschool.co.uk\/#\/schema\/logo\/image\/"},"sameAs":["https:\/\/www.facebook.com\/SouthbourneSchool\/","https:\/\/x.com\/SouthbourneSofE","https:\/\/www.instagram.com\/southbourneschoolofenglish\/","https:\/\/www.tiktok.com\/@southbourne","https:\/\/www.youtube.com\/@southbourneschoolofenglish4522"]}]}},"featured_image_src":null,"featured_image_src_square":null,"_links":{"self":[{"href":"https:\/\/southbourneschool.co.uk\/fr\/wp-json\/wp\/v2\/pages\/396","targetHints":{"allow":["GET"]}}],"collection":[{"href":"https:\/\/southbourneschool.co.uk\/fr\/wp-json\/wp\/v2\/pages"}],"about":[{"href":"https:\/\/southbourneschool.co.uk\/fr\/wp-json\/wp\/v2\/types\/page"}],"author":[{"embeddable":true,"href":"https:\/\/southbourneschool.co.uk\/fr\/wp-json\/wp\/v2\/users\/12312401"}],"replies":[{"embeddable":true,"href":"https:\/\/southbourneschool.co.uk\/fr\/wp-json\/wp\/v2\/comments?post=396"}],"version-history":[{"count":0,"href":"https:\/\/southbourneschool.co.uk\/fr\/wp-json\/wp\/v2\/pages\/396\/revisions"}],"up":[{"embeddable":true,"href":"https:\/\/southbourneschool.co.uk\/fr\/wp-json\/wp\/v2\/pages\/791"}],"wp:attachment":[{"href":"https:\/\/southbourneschool.co.uk\/fr\/wp-json\/wp\/v2\/media?parent=396"}],"curies":[{"name":"wp","href":"https:\/\/api.w.org\/{rel}","templated":true}]}}