{"id":672,"date":"2018-08-16T15:29:39","date_gmt":"2018-08-16T14:29:39","guid":{"rendered":"https:\/\/southbournese.wpengine.com\/?page_id=672"},"modified":"2025-10-08T15:33:31","modified_gmt":"2025-10-08T14:33:31","slug":"voyager-en-grande-bretagne","status":"publish","type":"page","link":"https:\/\/southbourneschool.co.uk\/fr\/studying-in-bournemouth\/travelling-to-britain\/","title":{"rendered":"Voyager en Grande-Bretagne"},"content":{"rendered":"<section data-vc-full-width=\"true\" data-vc-full-width-init=\"false\" data-vc-stretch-content=\"true\" class=\"vc_section vc_custom_1723113757416 vc_section-has-fill\"><\/section><div class=\"vc_row-full-width vc_clearfix\"><\/div><div class=\"vc_row wpb_row vc_row-fluid vc_custom_1532605005893\"><div class=\"wpb_column vc_column_container vc_col-sm-8\"><div class=\"vc_column-inner vc_custom_1534429877191\"><div class=\"wpb_wrapper\"><h1 style=\"text-align: left\" class=\"vc_custom_heading vc_custom_1534429314116\" >Voyager en Grande-Bretagne<\/h1><h4 style=\"text-align: left\" class=\"vc_custom_heading vc_custom_1539937626444\" >Pour vous aider \u00e0 pr\u00e9parer votre s\u00e9jour en Angleterre, nous essayons de vous fournir autant d&#039;informations que possible.<\/h4>\n\t<div class=\"wpb_text_column wpb_content_element  vc_custom_1723113849209\" >\n\t\t<div class=\"wpb_wrapper\">\n\t\t\t<h2>Quoi apporter<\/h2>\n<p>Nous avons demand\u00e9 \u00e0 nos \u00e9tudiants ce qu&#039;ils auraient aim\u00e9 emporter en Angleterre pour profiter au maximum de leur s\u00e9jour. Nous avons compil\u00e9 cette liste pour vous donner quelques id\u00e9es.<\/p>\n<h3>Climat et v\u00eatements<\/h3>\n<p>Le climat britannique est r\u00e9put\u00e9 pour \u00eatre changeant\u00a0! Alors, soyez pr\u00eats.<\/p>\n<p>L&#039;hiver peut \u00eatre assez humide et froid (de novembre \u00e0 mars environ). Un manteau chaud, un bonnet, une \u00e9charpe, des gants et un parapluie sont donc une bonne id\u00e9e. Il est probablement plus facile et moins cher d&#039;acheter des v\u00eatements d&#039;hiver chauds ici que dans votre pays d&#039;origine.<\/p>\n<p>Les \u00e9t\u00e9s peuvent \u00eatre parfois pluvieux et nuageux, mais le temps est g\u00e9n\u00e9ralement agr\u00e9able et chaud. Les journ\u00e9es sont longues et la lumi\u00e8re reste jusque tard dans la soir\u00e9e.<\/p>\n\n\t\t<\/div>\n\t<\/div>\n<\/div><\/div><\/div><div class=\"wpb_column vc_column_container vc_col-sm-4 vc_hidden-xs\"><div class=\"vc_column-inner\"><div class=\"wpb_wrapper\"><div  class=\"vc_wp_custommenu wpb_content_element child-page-menu\"><div class=\"widget widget_nav_menu\"><div class=\"menu-studying-in-bournemouth-child-container\"><ul id=\"menu-studying-in-bournemouth-child\" class=\"menu\"><li id=\"menu-item-688\" class=\"menu-item menu-item-type-post_type menu-item-object-page menu-item-has-children menu-item-688 msm-top-level-item\"><a href=\"https:\/\/southbourneschool.co.uk\/fr\/studying-in-bournemouth\/\">\u00c9tudier \u00e0 Bournemouth<\/a>\n<ul class=\"sub-menu\">\n\t<li id=\"menu-item-687\" class=\"menu-item menu-item-type-post_type menu-item-object-page menu-item-687\"><a href=\"https:\/\/southbourneschool.co.uk\/fr\/studying-in-bournemouth\/travelling-to-britain\/\">Voyager en Grande-Bretagne<\/a><\/li>\n\t<li id=\"menu-item-705\" class=\"menu-item menu-item-type-post_type menu-item-object-page menu-item-705\"><a href=\"https:\/\/southbourneschool.co.uk\/fr\/studying-in-bournemouth\/school-activities\/\">Activit\u00e9s scolaires<\/a><\/li>\n\t<li id=\"menu-item-704\" class=\"menu-item menu-item-type-post_type menu-item-object-page menu-item-704\"><a href=\"https:\/\/southbourneschool.co.uk\/fr\/studying-in-bournemouth\/our-location\/\">Notre emplacement<\/a><\/li>\n\t<li id=\"menu-item-723\" class=\"menu-item menu-item-type-post_type menu-item-object-page menu-item-723\"><a href=\"https:\/\/southbourneschool.co.uk\/fr\/studying-in-bournemouth\/accommodation-welfare\/\">H\u00e9bergement et bien-\u00eatre<\/a><\/li>\n\t<li id=\"menu-item-729\" class=\"menu-item menu-item-type-post_type menu-item-object-page menu-item-729\"><a href=\"https:\/\/southbourneschool.co.uk\/fr\/studying-in-bournemouth\/accommodation-welfare\/homestay\/\">Famille d'accueil<\/a><\/li>\n\t<li id=\"menu-item-733\" class=\"menu-item menu-item-type-post_type menu-item-object-page menu-item-733\"><a href=\"https:\/\/southbourneschool.co.uk\/fr\/studying-in-bournemouth\/accommodation-welfare\/guesthouses-hotels\/\">Maisons d'h\u00f4tes et h\u00f4tels<\/a><\/li>\n<\/ul>\n<\/li>\n<\/ul><\/div><\/div><\/div><\/div><\/div><\/div><\/div><div class=\"vc_row wpb_row vc_row-fluid vc_custom_1490099324525 vc_column-gap-10\"><div class=\"wpb_column vc_column_container vc_col-sm-6\"><div class=\"vc_column-inner vc_custom_1534428781206\"><div class=\"wpb_wrapper\">\n\t<div  class=\"wpb_single_image wpb_content_element vc_align_center\">\n\t\t\n\t\t<figure class=\"wpb_wrapper vc_figure\">\n\t\t\t<div class=\"vc_single_image-wrapper   vc_box_border_grey\"><img loading=\"lazy\" decoding=\"async\" class=\"vc_single_image-img\" src=\"https:\/\/southbourneschool.co.uk\/wp-content\/uploads\/2024\/08\/iStock-1386266551-600x600.jpg\" width=\"600\" height=\"600\" alt=\"Une femme fait sa valise.\" title=\"Une femme fait sa valise.\" \/><\/div>\n\t\t<\/figure>\n\t<\/div>\n\n\t<div class=\"wpb_text_column wpb_content_element  vc_custom_1539937701033\" >\n\t\t<div class=\"wpb_wrapper\">\n\t\t\t<h3>Accessoires et petits plus<\/h3>\n<ul>\n<li>Un passeport valide (avec visa si n\u00e9cessaire). Il est conseill\u00e9 d&#039;en apporter une photocopie.<\/li>\n<li>Monnaie britannique. Environ 250 \u00a3 devraient suffire pour commencer.<\/li>\n<li>Cr\u00e8me solaire.<\/li>\n<li>Chargeurs pour appareils \u00e9lectriques, comme votre t\u00e9l\u00e9phone ou votre appareil photo. Et un adaptateur britannique \u00e0 trois broches (220-240 volts).<\/li>\n<li>T\u00e9l\u00e9phone portable d\u00e9bloqu\u00e9 (nous vendons des cartes SIM \u00e0 l&#039;\u00e9cole).<\/li>\n<li>Ordinateur portable\/smartphone.<\/li>\n<li>Sac \u00e0 dos d&#039;\u00e9cole pour livres et dossiers.<\/li>\n<li>Carnet de notes.<\/li>\n<li>Stylos\/crayons.<\/li>\n<li>Serviettes (cours r\u00e9sidentiels)<\/li>\n<\/ul>\n\n\t\t<\/div>\n\t<\/div>\n<\/div><\/div><\/div><div class=\"wpb_column vc_column_container vc_col-sm-6\"><div class=\"vc_column-inner\"><div class=\"wpb_wrapper\">\n\t<div class=\"wpb_text_column wpb_content_element  vc_custom_1723115208639\" >\n\t\t<div class=\"wpb_wrapper\">\n\t\t\t<h3>Suggestions de v\u00eatements pour un s\u00e9jour de 2 semaines<\/h3>\n<ul>\n<li>Les jeans \u2013 Ils sont utiles quand il fait froid.<\/li>\n<li>Hauts\/chemises\/robes plus \u00e9l\u00e9gants \u2013 Apportez quelque chose de joli \u00e0 porter pour nos activit\u00e9s de soir\u00e9e organis\u00e9es, nos discoth\u00e8ques et nos soir\u00e9es \u00e0 th\u00e8me socioculturelles.<\/li>\n<li>Pantalons autres que des jeans \u2013 Les jeans ne sont pas adapt\u00e9s \u00e0 la pluie. Pr\u00e9voyez un autre mod\u00e8le qui s\u00e8che plus vite.<\/li>\n<li>Maillot de bain<\/li>\n<li>T-shirts \u00e0 manches longues \u2013 Pour vous garder au chaud en hiver et vous prot\u00e9ger du soleil en \u00e9t\u00e9.<\/li>\n<li>Veste imperm\u00e9able \u2013 Une veste l\u00e9g\u00e8re ou pliable qui ne prend pas beaucoup de place. Vous pouvez la glisser dans votre sac en cas d&#039;averse impr\u00e9vue.<\/li>\n<li>D\u00e9bardeurs \u2013 \u00c0 superposer sous les hauts \u00e0 manches longues en hiver et \u00e0 porter seuls en \u00e9t\u00e9.<\/li>\n<li>1 \u00e0 2 tenues de sport \u2013 Haut \u00e0 capuche, pantalon de surv\u00eatement, short.<\/li>\n<li>T-shirts de tous les jours<\/li>\n<li>Chaussures \u2013 Baskets, Chaussures en cuir, Tongs.<\/li>\n<li>Polaire\/Pull\/Cardigan \u2013 Id\u00e9al pour les journ\u00e9es ou les soir\u00e9es plus froides.<\/li>\n<li>Short \u2013 Pour les mois chauds de juillet et ao\u00fbt.<\/li>\n<li>Casquette\/Chapeau pour la plage<\/li>\n<\/ul>\n\n\t\t<\/div>\n\t<\/div>\n\n\t<div  class=\"wpb_single_image wpb_content_element vc_align_center\">\n\t\t\n\t\t<figure class=\"wpb_wrapper vc_figure\">\n\t\t\t<div class=\"vc_single_image-wrapper   vc_box_border_grey\"><img loading=\"lazy\" decoding=\"async\" width=\"2120\" height=\"1414\" src=\"https:\/\/southbourneschool.co.uk\/wp-content\/uploads\/2024\/08\/iStock-1587648434.jpg\" class=\"vc_single_image-img attachment-full\" alt=\"Femme avec passeport, smartphone et valise\" srcset=\"https:\/\/southbourneschool.co.uk\/wp-content\/uploads\/2024\/08\/iStock-1587648434.jpg 2120w, https:\/\/southbourneschool.co.uk\/wp-content\/uploads\/2024\/08\/iStock-1587648434-300x200.jpg 300w, https:\/\/southbourneschool.co.uk\/wp-content\/uploads\/2024\/08\/iStock-1587648434-1024x683.jpg 1024w, https:\/\/southbourneschool.co.uk\/wp-content\/uploads\/2024\/08\/iStock-1587648434-18x12.jpg 18w\" sizes=\"auto, (max-width: 2120px) 100vw, 2120px\" \/><\/div>\n\t\t<\/figure>\n\t<\/div>\n<\/div><\/div><\/div><\/div>","protected":false},"excerpt":{"rendered":"Voyager en Grande-Bretagne : Pour vous aider \u00e0 pr\u00e9parer votre s\u00e9jour en Angleterre, nous essayons de vous fournir un maximum d&#039;informations. Que faut-il emporter ? Nous avons demand\u00e9 \u00e0 nos \u00e9tudiants ce qu&#039;ils auraient aim\u00e9 emporter en Angleterre pour profiter pleinement de leur s\u00e9jour.&nbsp;<a href=\"https:\/\/southbourneschool.co.uk\/fr\/studying-in-bournemouth\/travelling-to-britain\/\">...<\/a>","protected":false},"author":12312401,"featured_media":3358,"parent":666,"menu_order":0,"comment_status":"closed","ping_status":"closed","template":"","meta":{"footnotes":""},"class_list":["post-672","page","type-page","status-publish","has-post-thumbnail","hentry","odd"],"yoast_head":"<!-- This site is optimized with the Yoast SEO plugin v27.4 - https:\/\/yoast.com\/product\/yoast-seo-wordpress\/ -->\n<title>Travelling to Britain - Guide - Southbourne School of English<\/title>\n<meta name=\"description\" content=\"To help prepare you for your stay in England, here is our guide on what to bring when you are planning to travel to Britain!\" \/>\n<meta name=\"robots\" content=\"index, follow, max-snippet:-1, max-image-preview:large, max-video-preview:-1\" \/>\n<link rel=\"canonical\" href=\"https:\/\/southbourneschool.co.uk\/fr\/etudier-a-bournemouth\/voyager-en-grande-bretagne\/\" \/>\n<meta property=\"og:locale\" content=\"fr_FR\" \/>\n<meta property=\"og:type\" content=\"article\" \/>\n<meta property=\"og:title\" content=\"Travelling to Britain - Guide - Southbourne School of English\" \/>\n<meta property=\"og:description\" content=\"To help prepare you for your stay in England, here is our guide on what to bring when you are planning to travel to Britain!\" \/>\n<meta property=\"og:url\" content=\"https:\/\/southbourneschool.co.uk\/fr\/etudier-a-bournemouth\/voyager-en-grande-bretagne\/\" \/>\n<meta property=\"og:site_name\" content=\"Southbourne School of English\" \/>\n<meta property=\"article:publisher\" content=\"https:\/\/www.facebook.com\/SouthbourneSchool\/\" \/>\n<meta property=\"article:modified_time\" content=\"2025-10-08T14:33:31+00:00\" \/>\n<meta property=\"og:image\" content=\"https:\/\/southbourneschool.co.uk\/wp-content\/uploads\/2024\/08\/iStock-1201478111-1024x683.jpg\" \/>\n\t<meta property=\"og:image:width\" content=\"1024\" \/>\n\t<meta property=\"og:image:height\" content=\"683\" \/>\n\t<meta property=\"og:image:type\" content=\"image\/jpeg\" \/>\n<meta name=\"twitter:card\" content=\"summary_large_image\" \/>\n<meta name=\"twitter:site\" content=\"@SouthbourneSofE\" \/>\n<meta name=\"twitter:label1\" content=\"Dur\u00e9e de lecture estim\u00e9e\" \/>\n\t<meta name=\"twitter:data1\" content=\"3 minutes\" \/>\n<script type=\"application\/ld+json\" class=\"yoast-schema-graph\">{\"@context\":\"https:\\\/\\\/schema.org\",\"@graph\":[{\"@type\":\"WebPage\",\"@id\":\"https:\\\/\\\/southbourneschool.co.uk\\\/studying-in-bournemouth\\\/travelling-to-britain\\\/\",\"url\":\"https:\\\/\\\/southbourneschool.co.uk\\\/studying-in-bournemouth\\\/travelling-to-britain\\\/\",\"name\":\"Travelling to Britain - Guide - Southbourne School of English\",\"isPartOf\":{\"@id\":\"https:\\\/\\\/southbourneschool.co.uk\\\/#website\"},\"primaryImageOfPage\":{\"@id\":\"https:\\\/\\\/southbourneschool.co.uk\\\/studying-in-bournemouth\\\/travelling-to-britain\\\/#primaryimage\"},\"image\":{\"@id\":\"https:\\\/\\\/southbourneschool.co.uk\\\/studying-in-bournemouth\\\/travelling-to-britain\\\/#primaryimage\"},\"thumbnailUrl\":\"https:\\\/\\\/southbourneschool.co.uk\\\/wp-content\\\/uploads\\\/2024\\\/08\\\/iStock-1201478111.jpg\",\"datePublished\":\"2018-08-16T14:29:39+00:00\",\"dateModified\":\"2025-10-08T14:33:31+00:00\",\"description\":\"To help prepare you for your stay in England, here is our guide on what to bring when you are planning to travel to Britain!\",\"breadcrumb\":{\"@id\":\"https:\\\/\\\/southbourneschool.co.uk\\\/studying-in-bournemouth\\\/travelling-to-britain\\\/#breadcrumb\"},\"inLanguage\":\"fr-FR\",\"potentialAction\":[{\"@type\":\"ReadAction\",\"target\":[\"https:\\\/\\\/southbourneschool.co.uk\\\/studying-in-bournemouth\\\/travelling-to-britain\\\/\"]}]},{\"@type\":\"ImageObject\",\"inLanguage\":\"fr-FR\",\"@id\":\"https:\\\/\\\/southbourneschool.co.uk\\\/studying-in-bournemouth\\\/travelling-to-britain\\\/#primaryimage\",\"url\":\"https:\\\/\\\/southbourneschool.co.uk\\\/wp-content\\\/uploads\\\/2024\\\/08\\\/iStock-1201478111.jpg\",\"contentUrl\":\"https:\\\/\\\/southbourneschool.co.uk\\\/wp-content\\\/uploads\\\/2024\\\/08\\\/iStock-1201478111.jpg\",\"width\":2121,\"height\":1414,\"caption\":\"A view of London from a commercial flight, with the towers of London's financial centre, the City of London visible below the wingtip, and Tower Bridge at the bottom of the image.\"},{\"@type\":\"BreadcrumbList\",\"@id\":\"https:\\\/\\\/southbourneschool.co.uk\\\/studying-in-bournemouth\\\/travelling-to-britain\\\/#breadcrumb\",\"itemListElement\":[{\"@type\":\"ListItem\",\"position\":1,\"name\":\"Home\",\"item\":\"https:\\\/\\\/southbourneschool.co.uk\\\/\"},{\"@type\":\"ListItem\",\"position\":2,\"name\":\"Studying in Bournemouth\",\"item\":\"https:\\\/\\\/southbourneschool.co.uk\\\/studying-in-bournemouth\\\/\"},{\"@type\":\"ListItem\",\"position\":3,\"name\":\"Travelling to Britain\"}]},{\"@type\":\"WebSite\",\"@id\":\"https:\\\/\\\/southbourneschool.co.uk\\\/#website\",\"url\":\"https:\\\/\\\/southbourneschool.co.uk\\\/\",\"name\":\"Southbourne School of English\",\"description\":\"We make learning English fun. A language school in Bournemouth, ideally located by the sea in a suburb of Bournemouth called Southbourne, one of the UK\u2019s most popular locations for international students.\",\"publisher\":{\"@id\":\"https:\\\/\\\/southbourneschool.co.uk\\\/#organization\"},\"potentialAction\":[{\"@type\":\"SearchAction\",\"target\":{\"@type\":\"EntryPoint\",\"urlTemplate\":\"https:\\\/\\\/southbourneschool.co.uk\\\/?s={search_term_string}\"},\"query-input\":{\"@type\":\"PropertyValueSpecification\",\"valueRequired\":true,\"valueName\":\"search_term_string\"}}],\"inLanguage\":\"fr-FR\"},{\"@type\":\"Organization\",\"@id\":\"https:\\\/\\\/southbourneschool.co.uk\\\/#organization\",\"name\":\"Southbourne School of English\",\"alternateName\":\"SSE\",\"url\":\"https:\\\/\\\/southbourneschool.co.uk\\\/\",\"logo\":{\"@type\":\"ImageObject\",\"inLanguage\":\"fr-FR\",\"@id\":\"https:\\\/\\\/southbourneschool.co.uk\\\/#\\\/schema\\\/logo\\\/image\\\/\",\"url\":\"https:\\\/\\\/southbourneschool.co.uk\\\/wp-content\\\/uploads\\\/2026\\\/01\\\/SSE-60-Year-Anniversary-Logo.png\",\"contentUrl\":\"https:\\\/\\\/southbourneschool.co.uk\\\/wp-content\\\/uploads\\\/2026\\\/01\\\/SSE-60-Year-Anniversary-Logo.png\",\"width\":1964,\"height\":1965,\"caption\":\"Southbourne School of English\"},\"image\":{\"@id\":\"https:\\\/\\\/southbourneschool.co.uk\\\/#\\\/schema\\\/logo\\\/image\\\/\"},\"sameAs\":[\"https:\\\/\\\/www.facebook.com\\\/SouthbourneSchool\\\/\",\"https:\\\/\\\/x.com\\\/SouthbourneSofE\",\"https:\\\/\\\/www.instagram.com\\\/southbourneschoolofenglish\\\/\",\"https:\\\/\\\/www.tiktok.com\\\/@southbourne\",\"https:\\\/\\\/www.youtube.com\\\/@southbourneschoolofenglish4522\"]}]}<\/script>\n<!-- \/ Yoast SEO plugin. -->","yoast_head_json":{"title":"Voyager en Grande-Bretagne - Guide - Southbourne School of English","description":"Pour vous aider \u00e0 pr\u00e9parer votre s\u00e9jour en Angleterre, voici notre guide sur ce qu&#039;il faut apporter lorsque vous pr\u00e9voyez de voyager en Grande-Bretagne !","robots":{"index":"index","follow":"follow","max-snippet":"max-snippet:-1","max-image-preview":"max-image-preview:large","max-video-preview":"max-video-preview:-1"},"canonical":"https:\/\/southbourneschool.co.uk\/fr\/etudier-a-bournemouth\/voyager-en-grande-bretagne\/","og_locale":"fr_FR","og_type":"article","og_title":"Travelling to Britain - Guide - Southbourne School of English","og_description":"To help prepare you for your stay in England, here is our guide on what to bring when you are planning to travel to Britain!","og_url":"https:\/\/southbourneschool.co.uk\/fr\/etudier-a-bournemouth\/voyager-en-grande-bretagne\/","og_site_name":"Southbourne School of English","article_publisher":"https:\/\/www.facebook.com\/SouthbourneSchool\/","article_modified_time":"2025-10-08T14:33:31+00:00","og_image":[{"width":1024,"height":683,"url":"https:\/\/southbourneschool.co.uk\/wp-content\/uploads\/2024\/08\/iStock-1201478111-1024x683.jpg","type":"image\/jpeg"}],"twitter_card":"summary_large_image","twitter_site":"@SouthbourneSofE","twitter_misc":{"Dur\u00e9e de lecture estim\u00e9e":"3 minutes"},"schema":{"@context":"https:\/\/schema.org","@graph":[{"@type":"WebPage","@id":"https:\/\/southbourneschool.co.uk\/studying-in-bournemouth\/travelling-to-britain\/","url":"https:\/\/southbourneschool.co.uk\/studying-in-bournemouth\/travelling-to-britain\/","name":"Voyager en Grande-Bretagne - Guide - Southbourne School of English","isPartOf":{"@id":"https:\/\/southbourneschool.co.uk\/#website"},"primaryImageOfPage":{"@id":"https:\/\/southbourneschool.co.uk\/studying-in-bournemouth\/travelling-to-britain\/#primaryimage"},"image":{"@id":"https:\/\/southbourneschool.co.uk\/studying-in-bournemouth\/travelling-to-britain\/#primaryimage"},"thumbnailUrl":"https:\/\/southbourneschool.co.uk\/wp-content\/uploads\/2024\/08\/iStock-1201478111.jpg","datePublished":"2018-08-16T14:29:39+00:00","dateModified":"2025-10-08T14:33:31+00:00","description":"Pour vous aider \u00e0 pr\u00e9parer votre s\u00e9jour en Angleterre, voici notre guide sur ce qu&#039;il faut apporter lorsque vous pr\u00e9voyez de voyager en Grande-Bretagne !","breadcrumb":{"@id":"https:\/\/southbourneschool.co.uk\/studying-in-bournemouth\/travelling-to-britain\/#breadcrumb"},"inLanguage":"fr-FR","potentialAction":[{"@type":"ReadAction","target":["https:\/\/southbourneschool.co.uk\/studying-in-bournemouth\/travelling-to-britain\/"]}]},{"@type":"ImageObject","inLanguage":"fr-FR","@id":"https:\/\/southbourneschool.co.uk\/studying-in-bournemouth\/travelling-to-britain\/#primaryimage","url":"https:\/\/southbourneschool.co.uk\/wp-content\/uploads\/2024\/08\/iStock-1201478111.jpg","contentUrl":"https:\/\/southbourneschool.co.uk\/wp-content\/uploads\/2024\/08\/iStock-1201478111.jpg","width":2121,"height":1414,"caption":"A view of London from a commercial flight, with the towers of London's financial centre, the City of London visible below the wingtip, and Tower Bridge at the bottom of the image."},{"@type":"BreadcrumbList","@id":"https:\/\/southbourneschool.co.uk\/studying-in-bournemouth\/travelling-to-britain\/#breadcrumb","itemListElement":[{"@type":"ListItem","position":1,"name":"Home","item":"https:\/\/southbourneschool.co.uk\/"},{"@type":"ListItem","position":2,"name":"Studying in Bournemouth","item":"https:\/\/southbourneschool.co.uk\/studying-in-bournemouth\/"},{"@type":"ListItem","position":3,"name":"Travelling to Britain"}]},{"@type":"WebSite","@id":"https:\/\/southbourneschool.co.uk\/#website","url":"https:\/\/southbourneschool.co.uk\/","name":"\u00c9cole d'anglais de Southbourne","description":"Nous rendons l'apprentissage de l'anglais amusant. Une \u00e9cole de langue \u00e0 Bournemouth, id\u00e9alement situ\u00e9e en bord de mer dans la banlieue de Bournemouth appel\u00e9e Southbourne, l'un des endroits les plus populaires du Royaume-Uni pour les \u00e9tudiants internationaux.","publisher":{"@id":"https:\/\/southbourneschool.co.uk\/#organization"},"potentialAction":[{"@type":"SearchAction","target":{"@type":"EntryPoint","urlTemplate":"https:\/\/southbourneschool.co.uk\/?s={search_term_string}"},"query-input":{"@type":"PropertyValueSpecification","valueRequired":true,"valueName":"search_term_string"}}],"inLanguage":"fr-FR"},{"@type":"Organization","@id":"https:\/\/southbourneschool.co.uk\/#organization","name":"\u00c9cole d'anglais de Southbourne","alternateName":"SSE","url":"https:\/\/southbourneschool.co.uk\/","logo":{"@type":"ImageObject","inLanguage":"fr-FR","@id":"https:\/\/southbourneschool.co.uk\/#\/schema\/logo\/image\/","url":"https:\/\/southbourneschool.co.uk\/wp-content\/uploads\/2026\/01\/SSE-60-Year-Anniversary-Logo.png","contentUrl":"https:\/\/southbourneschool.co.uk\/wp-content\/uploads\/2026\/01\/SSE-60-Year-Anniversary-Logo.png","width":1964,"height":1965,"caption":"Southbourne School of English"},"image":{"@id":"https:\/\/southbourneschool.co.uk\/#\/schema\/logo\/image\/"},"sameAs":["https:\/\/www.facebook.com\/SouthbourneSchool\/","https:\/\/x.com\/SouthbourneSofE","https:\/\/www.instagram.com\/southbourneschoolofenglish\/","https:\/\/www.tiktok.com\/@southbourne","https:\/\/www.youtube.com\/@southbourneschoolofenglish4522"]}]}},"featured_image_src":"https:\/\/southbourneschool.co.uk\/wp-content\/uploads\/2024\/08\/iStock-1201478111-600x400.jpg","featured_image_src_square":"https:\/\/southbourneschool.co.uk\/wp-content\/uploads\/2024\/08\/iStock-1201478111-600x600.jpg","_links":{"self":[{"href":"https:\/\/southbourneschool.co.uk\/fr\/wp-json\/wp\/v2\/pages\/672","targetHints":{"allow":["GET"]}}],"collection":[{"href":"https:\/\/southbourneschool.co.uk\/fr\/wp-json\/wp\/v2\/pages"}],"about":[{"href":"https:\/\/southbourneschool.co.uk\/fr\/wp-json\/wp\/v2\/types\/page"}],"author":[{"embeddable":true,"href":"https:\/\/southbourneschool.co.uk\/fr\/wp-json\/wp\/v2\/users\/12312401"}],"replies":[{"embeddable":true,"href":"https:\/\/southbourneschool.co.uk\/fr\/wp-json\/wp\/v2\/comments?post=672"}],"version-history":[{"count":0,"href":"https:\/\/southbourneschool.co.uk\/fr\/wp-json\/wp\/v2\/pages\/672\/revisions"}],"up":[{"embeddable":true,"href":"https:\/\/southbourneschool.co.uk\/fr\/wp-json\/wp\/v2\/pages\/666"}],"wp:featuredmedia":[{"embeddable":true,"href":"https:\/\/southbourneschool.co.uk\/fr\/wp-json\/wp\/v2\/media\/3358"}],"wp:attachment":[{"href":"https:\/\/southbourneschool.co.uk\/fr\/wp-json\/wp\/v2\/media?parent=672"}],"curies":[{"name":"wp","href":"https:\/\/api.w.org\/{rel}","templated":true}]}}