{"id":699,"date":"2018-08-16T15:53:16","date_gmt":"2018-08-16T14:53:16","guid":{"rendered":"https:\/\/southbournese.wpengine.com\/?page_id=699"},"modified":"2025-03-05T15:45:58","modified_gmt":"2025-03-05T15:45:58","slug":"notre-emplacement","status":"publish","type":"page","link":"https:\/\/southbourneschool.co.uk\/fr\/studying-in-bournemouth\/our-location\/","title":{"rendered":"Notre emplacement"},"content":{"rendered":"<section data-vc-full-width=\"true\" data-vc-full-width-init=\"false\" data-vc-stretch-content=\"true\" class=\"vc_section vc_custom_1723040184766 vc_section-has-fill\"><\/section><div class=\"vc_row-full-width vc_clearfix\"><\/div><div class=\"vc_row wpb_row vc_row-fluid vc_custom_1532605005893\"><div class=\"wpb_column vc_column_container vc_col-sm-7\"><div class=\"vc_column-inner vc_custom_1540293215631\"><div class=\"wpb_wrapper\"><h1 style=\"text-align: left\" class=\"vc_custom_heading vc_custom_1534431092173\" >Notre emplacement<\/h1><h4 style=\"text-align: left\" class=\"vc_custom_heading vc_custom_1708419476109\" >Bournemouth est bien desservi et il est facile de se rendre \u00e0 notre \u00e9cole.<\/h4>\n\t<div class=\"wpb_text_column wpb_content_element  vc_custom_1741189552860\" >\n\t\t<div class=\"wpb_wrapper\">\n\t\t\t<h2>Par avion<\/h2>\n<p>Nos a\u00e9roports locaux, Bournemouth International et Southampton International, sont facilement accessibles. Un peu plus loin se trouvent tous les a\u00e9roports londoniens\u00a0: Gatwick, Heathrow, Stansted et Luton.<\/p>\n<h2>En train ou en autocar<\/h2>\n<p>Tous les a\u00e9roports sont parfaitement desservis par train et par autocar. Le service de bus National Express dessert directement la gare routi\u00e8re et ferroviaire de Bournemouth. Vous devrez ensuite prendre un taxi ou un bus depuis la gare jusqu&#039;\u00e0 l&#039;\u00e9cole de Southbourne.<\/p>\n<p>Pour les trains, visitez ce lien : <a href=\"https:\/\/www.thetrainline.com\/\" target=\"_blank\" rel=\"noopener noreferrer\">Ligne de train<\/a><br \/>\nPour les coachs, visitez ce lien : <a href=\"https:\/\/www.nationalexpress.com\/\" target=\"_blank\" rel=\"noopener noreferrer\">National Express<\/a><\/p>\n<p>&nbsp;<\/p>\n<h2>Par transfert de vacances collectif<\/h2>\n<ul>\n<li>Arriv\u00e9e le dimanche, a\u00e9roport d&#039;Heathrow uniquement, tous les terminaux 150,00 \u00a3 par personne et par trajet<\/li>\n<li>Heathrow \u2013 \u00c9cole (arriv\u00e9es entre 10h00 et 17h00) Voir les tarifs des cours pour les dates<\/li>\n<li>\u00c9cole \u2013 Heathrow (d\u00e9parts entre 10h00 et 17h00) Voir les tarifs des cours pour les dates<\/li>\n<li>Ce type de transfert peut impliquer une attente SURVEILL\u00c9E PAR NOTRE PERSONNEL d&#039;environ 2\/3 heures selon les horaires de vol.<\/li>\n<\/ul>\n<h2>En taxi<\/h2>\n<p>Si vous le souhaitez, nous pouvons organiser un transfert en taxi priv\u00e9 depuis l&#039;un des a\u00e9roports mentionn\u00e9s ci-dessus. <a href=\"https:\/\/southbourneschool.co.uk\/wp-content\/uploads\/2024\/02\/Private-Taxi-Transfers.png\" target=\"_blank\" rel=\"noopener noreferrer\">Tarifs<\/a> Le trajet varie selon l&#039;a\u00e9roport choisi. Ce moyen de transport est plus co\u00fbteux, mais c&#039;est le plus simple pour se rendre \u00e0 Southbourne.<\/p>\n<h2>Transferts<\/h2>\n<p>Nous pouvons organiser des transferts en taxi depuis tous ces a\u00e9roports. Pour r\u00e9server un taxi ou obtenir des informations sur l&#039;acc\u00e8s \u00e0 l&#039;\u00e9cole, contactez-nous \u00e0 l&#039;adresse suivante\u00a0: <a href=\"mailto:registrar@southbourneschool.co.uk\">registrar@southbourneschool.co.uk<\/a>.<\/p>\n\n\t\t<\/div>\n\t<\/div>\n<\/div><\/div><\/div><div class=\"wpb_column vc_column_container vc_col-sm-4 vc_col-sm-offset-1 vc_hidden-xs\"><div class=\"vc_column-inner\"><div class=\"wpb_wrapper\"><div  class=\"vc_wp_custommenu wpb_content_element child-page-menu\"><div class=\"widget widget_nav_menu\"><div class=\"menu-studying-in-bournemouth-child-container\"><ul id=\"menu-studying-in-bournemouth-child\" class=\"menu\"><li id=\"menu-item-688\" class=\"menu-item menu-item-type-post_type menu-item-object-page menu-item-has-children menu-item-688 msm-top-level-item\"><a href=\"https:\/\/southbourneschool.co.uk\/fr\/studying-in-bournemouth\/\">\u00c9tudier \u00e0 Bournemouth<\/a>\n<ul class=\"sub-menu\">\n\t<li id=\"menu-item-687\" class=\"menu-item menu-item-type-post_type menu-item-object-page menu-item-687\"><a href=\"https:\/\/southbourneschool.co.uk\/fr\/studying-in-bournemouth\/travelling-to-britain\/\">Voyager en Grande-Bretagne<\/a><\/li>\n\t<li id=\"menu-item-705\" class=\"menu-item menu-item-type-post_type menu-item-object-page menu-item-705\"><a href=\"https:\/\/southbourneschool.co.uk\/fr\/studying-in-bournemouth\/school-activities\/\">Activit\u00e9s scolaires<\/a><\/li>\n\t<li id=\"menu-item-704\" class=\"menu-item menu-item-type-post_type menu-item-object-page menu-item-704\"><a href=\"https:\/\/southbourneschool.co.uk\/fr\/studying-in-bournemouth\/our-location\/\">Notre emplacement<\/a><\/li>\n\t<li id=\"menu-item-723\" class=\"menu-item menu-item-type-post_type menu-item-object-page menu-item-723\"><a href=\"https:\/\/southbourneschool.co.uk\/fr\/studying-in-bournemouth\/accommodation-welfare\/\">H\u00e9bergement et bien-\u00eatre<\/a><\/li>\n\t<li id=\"menu-item-729\" class=\"menu-item menu-item-type-post_type menu-item-object-page menu-item-729\"><a href=\"https:\/\/southbourneschool.co.uk\/fr\/studying-in-bournemouth\/accommodation-welfare\/homestay\/\">Famille d'accueil<\/a><\/li>\n\t<li id=\"menu-item-733\" class=\"menu-item menu-item-type-post_type menu-item-object-page menu-item-733\"><a href=\"https:\/\/southbourneschool.co.uk\/fr\/studying-in-bournemouth\/accommodation-welfare\/guesthouses-hotels\/\">Maisons d'h\u00f4tes et h\u00f4tels<\/a><\/li>\n<\/ul>\n<\/li>\n<\/ul><\/div><\/div><\/div><\/div><\/div><\/div><\/div>","protected":false},"excerpt":{"rendered":"Our LocationBournemouth is well connected, and it's easy to get to our school. By Air Our local airports, Bournemouth International and Southampton International, are within easy reach. Slightly further away are all the London Airports: Gatwick, Heathrow, Stansted and Luton. By Train or Coach There&nbsp;<a href=\"https:\/\/southbourneschool.co.uk\/fr\/studying-in-bournemouth\/our-location\/\">...<\/a>","protected":false},"author":12312401,"featured_media":0,"parent":666,"menu_order":0,"comment_status":"closed","ping_status":"closed","template":"","meta":{"footnotes":""},"class_list":["post-699","page","type-page","status-publish","hentry","odd"],"yoast_head":"<!-- This site is optimized with the Yoast SEO plugin v27.3 - https:\/\/yoast.com\/product\/yoast-seo-wordpress\/ -->\n<title>Our Location - Southbourne School of English<\/title>\n<meta name=\"description\" content=\"Bournemouth is very well connected. Our location, Southbourne School of English can be reached by air, train, coach, transfer or taxi.\" \/>\n<meta name=\"robots\" content=\"index, follow, max-snippet:-1, max-image-preview:large, max-video-preview:-1\" \/>\n<link rel=\"canonical\" href=\"https:\/\/southbourneschool.co.uk\/fr\/etudier-a-bournemouth\/notre-emplacement\/\" \/>\n<meta property=\"og:locale\" content=\"fr_FR\" \/>\n<meta property=\"og:type\" content=\"article\" \/>\n<meta property=\"og:title\" content=\"Our Location - Southbourne School of English\" \/>\n<meta property=\"og:description\" content=\"Bournemouth is very well connected. Our location, Southbourne School of English can be reached by air, train, coach, transfer or taxi.\" \/>\n<meta property=\"og:url\" content=\"https:\/\/southbourneschool.co.uk\/fr\/etudier-a-bournemouth\/notre-emplacement\/\" \/>\n<meta property=\"og:site_name\" content=\"Southbourne School of English\" \/>\n<meta property=\"article:publisher\" content=\"https:\/\/www.facebook.com\/SouthbourneSchool\/\" \/>\n<meta property=\"article:modified_time\" content=\"2025-03-05T15:45:58+00:00\" \/>\n<meta name=\"twitter:card\" content=\"summary_large_image\" \/>\n<meta name=\"twitter:site\" content=\"@SouthbourneSofE\" \/>\n<meta name=\"twitter:label1\" content=\"Dur\u00e9e de lecture estim\u00e9e\" \/>\n\t<meta name=\"twitter:data1\" content=\"2 minutes\" \/>\n<script type=\"application\/ld+json\" class=\"yoast-schema-graph\">{\"@context\":\"https:\\\/\\\/schema.org\",\"@graph\":[{\"@type\":\"WebPage\",\"@id\":\"https:\\\/\\\/southbourneschool.co.uk\\\/studying-in-bournemouth\\\/our-location\\\/\",\"url\":\"https:\\\/\\\/southbourneschool.co.uk\\\/studying-in-bournemouth\\\/our-location\\\/\",\"name\":\"Our Location - Southbourne School of English\",\"isPartOf\":{\"@id\":\"https:\\\/\\\/southbourneschool.co.uk\\\/#website\"},\"datePublished\":\"2018-08-16T14:53:16+00:00\",\"dateModified\":\"2025-03-05T15:45:58+00:00\",\"description\":\"Bournemouth is very well connected. Our location, Southbourne School of English can be reached by air, train, coach, transfer or taxi.\",\"breadcrumb\":{\"@id\":\"https:\\\/\\\/southbourneschool.co.uk\\\/studying-in-bournemouth\\\/our-location\\\/#breadcrumb\"},\"inLanguage\":\"fr-FR\",\"potentialAction\":[{\"@type\":\"ReadAction\",\"target\":[\"https:\\\/\\\/southbourneschool.co.uk\\\/studying-in-bournemouth\\\/our-location\\\/\"]}]},{\"@type\":\"BreadcrumbList\",\"@id\":\"https:\\\/\\\/southbourneschool.co.uk\\\/studying-in-bournemouth\\\/our-location\\\/#breadcrumb\",\"itemListElement\":[{\"@type\":\"ListItem\",\"position\":1,\"name\":\"Home\",\"item\":\"https:\\\/\\\/southbourneschool.co.uk\\\/\"},{\"@type\":\"ListItem\",\"position\":2,\"name\":\"Studying in Bournemouth\",\"item\":\"https:\\\/\\\/southbourneschool.co.uk\\\/studying-in-bournemouth\\\/\"},{\"@type\":\"ListItem\",\"position\":3,\"name\":\"Our Location\"}]},{\"@type\":\"WebSite\",\"@id\":\"https:\\\/\\\/southbourneschool.co.uk\\\/#website\",\"url\":\"https:\\\/\\\/southbourneschool.co.uk\\\/\",\"name\":\"Southbourne School of English\",\"description\":\"We make learning English fun. A language school in Bournemouth, ideally located by the sea in a suburb of Bournemouth called Southbourne, one of the UK\u2019s most popular locations for international students.\",\"publisher\":{\"@id\":\"https:\\\/\\\/southbourneschool.co.uk\\\/#organization\"},\"potentialAction\":[{\"@type\":\"SearchAction\",\"target\":{\"@type\":\"EntryPoint\",\"urlTemplate\":\"https:\\\/\\\/southbourneschool.co.uk\\\/?s={search_term_string}\"},\"query-input\":{\"@type\":\"PropertyValueSpecification\",\"valueRequired\":true,\"valueName\":\"search_term_string\"}}],\"inLanguage\":\"fr-FR\"},{\"@type\":\"Organization\",\"@id\":\"https:\\\/\\\/southbourneschool.co.uk\\\/#organization\",\"name\":\"Southbourne School of English\",\"alternateName\":\"SSE\",\"url\":\"https:\\\/\\\/southbourneschool.co.uk\\\/\",\"logo\":{\"@type\":\"ImageObject\",\"inLanguage\":\"fr-FR\",\"@id\":\"https:\\\/\\\/southbourneschool.co.uk\\\/#\\\/schema\\\/logo\\\/image\\\/\",\"url\":\"https:\\\/\\\/southbourneschool.co.uk\\\/wp-content\\\/uploads\\\/2026\\\/01\\\/SSE-60-Year-Anniversary-Logo.png\",\"contentUrl\":\"https:\\\/\\\/southbourneschool.co.uk\\\/wp-content\\\/uploads\\\/2026\\\/01\\\/SSE-60-Year-Anniversary-Logo.png\",\"width\":1964,\"height\":1965,\"caption\":\"Southbourne School of English\"},\"image\":{\"@id\":\"https:\\\/\\\/southbourneschool.co.uk\\\/#\\\/schema\\\/logo\\\/image\\\/\"},\"sameAs\":[\"https:\\\/\\\/www.facebook.com\\\/SouthbourneSchool\\\/\",\"https:\\\/\\\/x.com\\\/SouthbourneSofE\",\"https:\\\/\\\/www.instagram.com\\\/southbourneschoolofenglish\\\/\",\"https:\\\/\\\/www.tiktok.com\\\/@southbourne\",\"https:\\\/\\\/www.youtube.com\\\/@southbourneschoolofenglish4522\"]}]}<\/script>\n<!-- \/ Yoast SEO plugin. -->","yoast_head_json":{"title":"Notre emplacement - Southbourne School of English","description":"Bournemouth est tr\u00e8s bien desservie. Notre \u00e9cole d&#039;anglais de Southbourne est accessible par avion, train, autocar, transfert ou taxi.","robots":{"index":"index","follow":"follow","max-snippet":"max-snippet:-1","max-image-preview":"max-image-preview:large","max-video-preview":"max-video-preview:-1"},"canonical":"https:\/\/southbourneschool.co.uk\/fr\/etudier-a-bournemouth\/notre-emplacement\/","og_locale":"fr_FR","og_type":"article","og_title":"Our Location - Southbourne School of English","og_description":"Bournemouth is very well connected. Our location, Southbourne School of English can be reached by air, train, coach, transfer or taxi.","og_url":"https:\/\/southbourneschool.co.uk\/fr\/etudier-a-bournemouth\/notre-emplacement\/","og_site_name":"Southbourne School of English","article_publisher":"https:\/\/www.facebook.com\/SouthbourneSchool\/","article_modified_time":"2025-03-05T15:45:58+00:00","twitter_card":"summary_large_image","twitter_site":"@SouthbourneSofE","twitter_misc":{"Dur\u00e9e de lecture estim\u00e9e":"2 minutes"},"schema":{"@context":"https:\/\/schema.org","@graph":[{"@type":"WebPage","@id":"https:\/\/southbourneschool.co.uk\/studying-in-bournemouth\/our-location\/","url":"https:\/\/southbourneschool.co.uk\/studying-in-bournemouth\/our-location\/","name":"Notre emplacement - Southbourne School of English","isPartOf":{"@id":"https:\/\/southbourneschool.co.uk\/#website"},"datePublished":"2018-08-16T14:53:16+00:00","dateModified":"2025-03-05T15:45:58+00:00","description":"Bournemouth est tr\u00e8s bien desservie. Notre \u00e9cole d&#039;anglais de Southbourne est accessible par avion, train, autocar, transfert ou taxi.","breadcrumb":{"@id":"https:\/\/southbourneschool.co.uk\/studying-in-bournemouth\/our-location\/#breadcrumb"},"inLanguage":"fr-FR","potentialAction":[{"@type":"ReadAction","target":["https:\/\/southbourneschool.co.uk\/studying-in-bournemouth\/our-location\/"]}]},{"@type":"BreadcrumbList","@id":"https:\/\/southbourneschool.co.uk\/studying-in-bournemouth\/our-location\/#breadcrumb","itemListElement":[{"@type":"ListItem","position":1,"name":"Home","item":"https:\/\/southbourneschool.co.uk\/"},{"@type":"ListItem","position":2,"name":"Studying in Bournemouth","item":"https:\/\/southbourneschool.co.uk\/studying-in-bournemouth\/"},{"@type":"ListItem","position":3,"name":"Our Location"}]},{"@type":"WebSite","@id":"https:\/\/southbourneschool.co.uk\/#website","url":"https:\/\/southbourneschool.co.uk\/","name":"\u00c9cole d'anglais de Southbourne","description":"Nous rendons l'apprentissage de l'anglais amusant. Une \u00e9cole de langue \u00e0 Bournemouth, id\u00e9alement situ\u00e9e en bord de mer dans la banlieue de Bournemouth appel\u00e9e Southbourne, l'un des endroits les plus populaires du Royaume-Uni pour les \u00e9tudiants internationaux.","publisher":{"@id":"https:\/\/southbourneschool.co.uk\/#organization"},"potentialAction":[{"@type":"SearchAction","target":{"@type":"EntryPoint","urlTemplate":"https:\/\/southbourneschool.co.uk\/?s={search_term_string}"},"query-input":{"@type":"PropertyValueSpecification","valueRequired":true,"valueName":"search_term_string"}}],"inLanguage":"fr-FR"},{"@type":"Organization","@id":"https:\/\/southbourneschool.co.uk\/#organization","name":"\u00c9cole d'anglais de Southbourne","alternateName":"SSE","url":"https:\/\/southbourneschool.co.uk\/","logo":{"@type":"ImageObject","inLanguage":"fr-FR","@id":"https:\/\/southbourneschool.co.uk\/#\/schema\/logo\/image\/","url":"https:\/\/southbourneschool.co.uk\/wp-content\/uploads\/2026\/01\/SSE-60-Year-Anniversary-Logo.png","contentUrl":"https:\/\/southbourneschool.co.uk\/wp-content\/uploads\/2026\/01\/SSE-60-Year-Anniversary-Logo.png","width":1964,"height":1965,"caption":"Southbourne School of English"},"image":{"@id":"https:\/\/southbourneschool.co.uk\/#\/schema\/logo\/image\/"},"sameAs":["https:\/\/www.facebook.com\/SouthbourneSchool\/","https:\/\/x.com\/SouthbourneSofE","https:\/\/www.instagram.com\/southbourneschoolofenglish\/","https:\/\/www.tiktok.com\/@southbourne","https:\/\/www.youtube.com\/@southbourneschoolofenglish4522"]}]}},"featured_image_src":null,"featured_image_src_square":null,"_links":{"self":[{"href":"https:\/\/southbourneschool.co.uk\/fr\/wp-json\/wp\/v2\/pages\/699","targetHints":{"allow":["GET"]}}],"collection":[{"href":"https:\/\/southbourneschool.co.uk\/fr\/wp-json\/wp\/v2\/pages"}],"about":[{"href":"https:\/\/southbourneschool.co.uk\/fr\/wp-json\/wp\/v2\/types\/page"}],"author":[{"embeddable":true,"href":"https:\/\/southbourneschool.co.uk\/fr\/wp-json\/wp\/v2\/users\/12312401"}],"replies":[{"embeddable":true,"href":"https:\/\/southbourneschool.co.uk\/fr\/wp-json\/wp\/v2\/comments?post=699"}],"version-history":[{"count":0,"href":"https:\/\/southbourneschool.co.uk\/fr\/wp-json\/wp\/v2\/pages\/699\/revisions"}],"up":[{"embeddable":true,"href":"https:\/\/southbourneschool.co.uk\/fr\/wp-json\/wp\/v2\/pages\/666"}],"wp:attachment":[{"href":"https:\/\/southbourneschool.co.uk\/fr\/wp-json\/wp\/v2\/media?parent=699"}],"curies":[{"name":"wp","href":"https:\/\/api.w.org\/{rel}","templated":true}]}}