{"id":706,"date":"2018-08-16T16:00:39","date_gmt":"2018-08-16T15:00:39","guid":{"rendered":"https:\/\/southbournese.wpengine.com\/?page_id=706"},"modified":"2024-10-16T15:50:47","modified_gmt":"2024-10-16T14:50:47","slug":"logement-bien-etre","status":"publish","type":"page","link":"https:\/\/southbourneschool.co.uk\/fr\/studying-in-bournemouth\/accommodation-welfare\/","title":{"rendered":"H\u00e9bergement et bien-\u00eatre"},"content":{"rendered":"<section data-vc-full-width=\"true\" data-vc-full-width-init=\"false\" data-vc-stretch-content=\"true\" class=\"vc_section vc_custom_1723040277974 vc_section-has-fill\"><\/section><div class=\"vc_row-full-width vc_clearfix\"><\/div><div class=\"vc_row wpb_row vc_row-fluid vc_custom_1532605005893\"><div class=\"wpb_column vc_column_container vc_col-sm-8\"><div class=\"vc_column-inner vc_custom_1534429877191\"><div class=\"wpb_wrapper\"><h1 style=\"text-align: left\" class=\"vc_custom_heading vc_custom_1534431313579\" >H\u00e9bergement et bien-\u00eatre<\/h1><h4 style=\"text-align: left\" class=\"vc_custom_heading vc_custom_1712919193342\" >Nous voulons que nos \u00e9tudiants se sentent comme chez eux.<\/h4>\n\t<div class=\"wpb_text_column wpb_content_element  vc_custom_1712919557153\" >\n\t\t<div class=\"wpb_wrapper\">\n\t\t\t<p>Nous souhaitons que le s\u00e9jour des \u00e9l\u00e8ves \u00e0 la Southbourne School of English soit aussi confortable et m\u00e9morable que possible. Apr\u00e8s les cours, les \u00e9l\u00e8ves ont la possibilit\u00e9 de passer du temps avec leurs h\u00f4tes ou de participer \u00e0 des activit\u00e9s facultatives en soir\u00e9e.<\/p>\n<p>L&#039;h\u00e9bergement chez l&#039;habitant est un choix tr\u00e8s populaire pour les \u00e9tudiants, car cela fait une \u00e9norme diff\u00e9rence dans la fa\u00e7on dont ils apprennent l&#039;anglais et la culture britannique.<\/p>\n<p>Notre responsable de l&#039;h\u00e9bergement d\u00e9di\u00e9 place les \u00e9tudiants \u00e2g\u00e9s de 10 ans et plus dans des logements en famille d&#039;accueil, soit \u00e0 distance de marche, soit \u00e0 quelques minutes en bus de l&#039;\u00e9cole.<\/p>\n\n\t\t<\/div>\n\t<\/div>\n<\/div><\/div><\/div><div class=\"wpb_column vc_column_container vc_col-sm-4 vc_hidden-xs\"><div class=\"vc_column-inner\"><div class=\"wpb_wrapper\"><div  class=\"vc_wp_custommenu wpb_content_element child-page-menu\"><div class=\"widget widget_nav_menu\"><div class=\"menu-studying-in-bournemouth-child-container\"><ul id=\"menu-studying-in-bournemouth-child\" class=\"menu\"><li id=\"menu-item-688\" class=\"menu-item menu-item-type-post_type menu-item-object-page menu-item-has-children menu-item-688 msm-top-level-item\"><a href=\"https:\/\/southbourneschool.co.uk\/fr\/studying-in-bournemouth\/\">\u00c9tudier \u00e0 Bournemouth<\/a>\n<ul class=\"sub-menu\">\n\t<li id=\"menu-item-687\" class=\"menu-item menu-item-type-post_type menu-item-object-page menu-item-687\"><a href=\"https:\/\/southbourneschool.co.uk\/fr\/studying-in-bournemouth\/travelling-to-britain\/\">Voyager en Grande-Bretagne<\/a><\/li>\n\t<li id=\"menu-item-705\" class=\"menu-item menu-item-type-post_type menu-item-object-page menu-item-705\"><a href=\"https:\/\/southbourneschool.co.uk\/fr\/studying-in-bournemouth\/school-activities\/\">Activit\u00e9s scolaires<\/a><\/li>\n\t<li id=\"menu-item-704\" class=\"menu-item menu-item-type-post_type menu-item-object-page menu-item-704\"><a href=\"https:\/\/southbourneschool.co.uk\/fr\/studying-in-bournemouth\/our-location\/\">Notre emplacement<\/a><\/li>\n\t<li id=\"menu-item-723\" class=\"menu-item menu-item-type-post_type menu-item-object-page menu-item-723\"><a href=\"https:\/\/southbourneschool.co.uk\/fr\/studying-in-bournemouth\/accommodation-welfare\/\">H\u00e9bergement et bien-\u00eatre<\/a><\/li>\n\t<li id=\"menu-item-729\" class=\"menu-item menu-item-type-post_type menu-item-object-page menu-item-729\"><a href=\"https:\/\/southbourneschool.co.uk\/fr\/studying-in-bournemouth\/accommodation-welfare\/homestay\/\">Famille d'accueil<\/a><\/li>\n\t<li id=\"menu-item-733\" class=\"menu-item menu-item-type-post_type menu-item-object-page menu-item-733\"><a href=\"https:\/\/southbourneschool.co.uk\/fr\/studying-in-bournemouth\/accommodation-welfare\/guesthouses-hotels\/\">Maisons d'h\u00f4tes et h\u00f4tels<\/a><\/li>\n<\/ul>\n<\/li>\n<\/ul><\/div><\/div><\/div><\/div><\/div><\/div><\/div><div class=\"vc_row wpb_row vc_row-fluid vc_custom_1490099324525 vc_column-gap-10\"><div class=\"wpb_column vc_column_container vc_col-sm-9\"><div class=\"vc_column-inner\"><div class=\"wpb_wrapper\">\n\t<div class=\"wpb_text_column wpb_content_element  vc_custom_1729090244571\" >\n\t\t<div class=\"wpb_wrapper\">\n\t\t\t<h2>H\u00e9bergement et bien-\u00eatre<\/h2>\n<p>Les responsables du logement et du bien-\u00eatre veillent au bien-\u00eatre et au bien-\u00eatre de nos \u00e9l\u00e8ves. Quelle que soit l&#039;ampleur du probl\u00e8me, ils sont l\u00e0 pour vous aider.<\/p>\n<p>Pour obtenir des conseils m\u00e9dicaux, la plupart des \u00e9tudiants consultent le m\u00e9decin ou le dentiste de leur pays d&#039;accueil, mais nous pouvons vous aider \u00e0 organiser des rendez-vous. Avant de vous rendre en Grande-Bretagne, nous vous recommandons de souscrire une assurance. Les \u00e9tudiants de l&#039;UE peuvent demander une carte GHIC britannique.<\/p>\n<p>Nous disposons \u00e9galement d&#039;une ligne d&#039;assistance t\u00e9l\u00e9phonique d&#039;urgence 24h\/24 pour les h\u00f4tes et les \u00e9tudiants. Un membre du personnel vous assistera en cas d&#039;urgence en dehors des heures d&#039;ouverture.<\/p>\n<p>Les \u00e9l\u00e8ves de terminale de moins de 18 ans voyageant seuls rencontreront notre agent d&#039;aide sociale une fois par semaine. Ils lui feront part de leurs difficult\u00e9s d&#039;int\u00e9gration en Angleterre.<\/p>\n<p><em>*D\u00e9tails disponibles aupr\u00e8s de la r\u00e9ception de l&#039;\u00e9cole<\/em><\/p>\n<h2>Bien-\u00eatre<\/h2>\n<p>Au Royaume-Uni, toute personne de moins de 18 ans est consid\u00e9r\u00e9e comme mineure. Nous devons accorder une attention particuli\u00e8re aux \u00e9l\u00e8ves de moins de 18 ans. Chaque semaine, une r\u00e9union avec Charlie, notre agente de protection sociale, est organis\u00e9e pour les \u00e9l\u00e8ves de 15, 16 ou 17 ans qui ne font pas partie d&#039;un groupe. Les \u00e9l\u00e8ves doivent y assister. Kathryn v\u00e9rifiera que tout se passe bien pendant leur s\u00e9jour. En cas de probl\u00e8me ou d&#039;inqui\u00e9tude, les \u00e9l\u00e8ves peuvent s&#039;adresser \u00e0 Kathryn \u00e0 tout moment. S&#039;ils souhaitent lui parler en priv\u00e9, elle organisera un entretien.<\/p>\n<p>Si un \u00e9l\u00e8ve est absent \u00e0 l&#039;\u00e9cole, l&#039;enseignant le signalera\u00a0; il est donc important qu&#039;il arrive \u00e0 l&#039;heure chaque jour. En cas de maladie, un \u00e9l\u00e8ve peut contacter notre assistante sociale pour prendre rendez-vous avec un m\u00e9decin.<\/p>\n<p>Nous demandons aux \u00e9tudiants d&#039;\u00eatre courtois et d&#039;informer leurs h\u00f4tes de leur destination en quittant la maison. Par exemple, s&#039;ils ratent le bus et sont en retard, ils doivent appeler leur h\u00f4te pour le pr\u00e9venir. Les \u00e9tudiants que nous ne parvenons pas \u00e0 joindre seront signal\u00e9s \u00e0 la police.<\/p>\n<p>Il est important de se rappeler qu\u2019au Royaume-Uni :<\/p>\n<ul>\n<li>Il est ill\u00e9gal d&#039;acheter de l&#039;alcool avant l&#039;\u00e2ge de 18 ans<\/li>\n<li>Il est ill\u00e9gal d&#039;acheter des cigarettes avant l&#039;\u00e2ge de 18 ans<\/li>\n<\/ul>\n<p>Il est important que les parents sachent que les \u00e9l\u00e8ves qui suivent un cours pour adultes (15 ans et plus) ne seront pas surveill\u00e9s pendant les pauses, apr\u00e8s l&#039;\u00e9cole et lors des activit\u00e9s en soir\u00e9e.<\/p>\n<p>Les couvre-feux non surveill\u00e9s pour les moins de 18 ans varient \u2013 notre politique scolaire est la suivante\u00a0:<\/p>\n<p><strong>12 ans et moins<\/strong><br \/>\nInterdit de sortir sans surveillance<\/p>\n<p><strong>13-14 ans<\/strong><br \/>\n21h<\/p>\n<p><strong>15 ans<\/strong><br \/>\n22h<\/p>\n<p><strong>16-17 ans<\/strong><br \/>\n23h<\/p>\n<p><strong>18 ans et plus<\/strong><br \/>\nPas de couvre-feu \u2013 une cl\u00e9 leur sera remise par un h\u00f4te afin qu\u2019ils puissent aller et venir selon leurs besoins, dans la limite du raisonnable.<\/p>\n<p>Ceci est valable \u00e0 moins que l&#039;agent, le parent ou le chef de groupe n&#039;ait sp\u00e9cifi\u00e9 quelque chose de diff\u00e9rent.<\/p>\n\n\t\t<\/div>\n\t<\/div>\n<\/div><\/div><\/div><\/div>","protected":false},"excerpt":{"rendered":"Accommodation &amp; WelfareWe want our students to feel like they are at a \u2018home away from home.\u2019 We want a student's stay at Southbourne School of English to be as comfortable and memorable as possible. After school there are opportunities for students to spend time&nbsp;<a href=\"https:\/\/southbourneschool.co.uk\/fr\/studying-in-bournemouth\/accommodation-welfare\/\">...<\/a>","protected":false},"author":12312401,"featured_media":0,"parent":666,"menu_order":0,"comment_status":"closed","ping_status":"closed","template":"","meta":{"footnotes":""},"class_list":["post-706","page","type-page","status-publish","hentry","odd"],"yoast_head":"<!-- This site is optimized with the Yoast SEO plugin v27.3 - https:\/\/yoast.com\/product\/yoast-seo-wordpress\/ -->\n<title>Accommodation &amp; Welfare - Southbourne School of English<\/title>\n<meta name=\"description\" content=\"It makes a huge difference to how well you learn if you feel happy and at home in your choice of accommodation. That&#039;s why we want your stay at ...\" \/>\n<meta name=\"robots\" content=\"index, follow, max-snippet:-1, max-image-preview:large, max-video-preview:-1\" \/>\n<link rel=\"canonical\" href=\"https:\/\/southbourneschool.co.uk\/fr\/etudier-a-bournemouth\/logement-bien-etre\/\" \/>\n<meta property=\"og:locale\" content=\"fr_FR\" \/>\n<meta property=\"og:type\" content=\"article\" \/>\n<meta property=\"og:title\" content=\"Accommodation &amp; Welfare - Southbourne School of English\" \/>\n<meta property=\"og:description\" content=\"It makes a huge difference to how well you learn if you feel happy and at home in your choice of accommodation. That&#039;s why we want your stay at ...\" \/>\n<meta property=\"og:url\" content=\"https:\/\/southbourneschool.co.uk\/fr\/etudier-a-bournemouth\/logement-bien-etre\/\" \/>\n<meta property=\"og:site_name\" content=\"Southbourne School of English\" \/>\n<meta property=\"article:publisher\" content=\"https:\/\/www.facebook.com\/SouthbourneSchool\/\" \/>\n<meta property=\"article:modified_time\" content=\"2024-10-16T14:50:47+00:00\" \/>\n<meta name=\"twitter:card\" content=\"summary_large_image\" \/>\n<meta name=\"twitter:site\" content=\"@SouthbourneSofE\" \/>\n<meta name=\"twitter:label1\" content=\"Dur\u00e9e de lecture estim\u00e9e\" \/>\n\t<meta name=\"twitter:data1\" content=\"3 minutes\" \/>\n<script type=\"application\/ld+json\" class=\"yoast-schema-graph\">{\"@context\":\"https:\\\/\\\/schema.org\",\"@graph\":[{\"@type\":\"WebPage\",\"@id\":\"https:\\\/\\\/southbourneschool.co.uk\\\/studying-in-bournemouth\\\/accommodation-welfare\\\/\",\"url\":\"https:\\\/\\\/southbourneschool.co.uk\\\/studying-in-bournemouth\\\/accommodation-welfare\\\/\",\"name\":\"Accommodation & Welfare - Southbourne School of English\",\"isPartOf\":{\"@id\":\"https:\\\/\\\/southbourneschool.co.uk\\\/#website\"},\"datePublished\":\"2018-08-16T15:00:39+00:00\",\"dateModified\":\"2024-10-16T14:50:47+00:00\",\"description\":\"It makes a huge difference to how well you learn if you feel happy and at home in your choice of accommodation. That's why we want your stay at ...\",\"breadcrumb\":{\"@id\":\"https:\\\/\\\/southbourneschool.co.uk\\\/studying-in-bournemouth\\\/accommodation-welfare\\\/#breadcrumb\"},\"inLanguage\":\"fr-FR\",\"potentialAction\":[{\"@type\":\"ReadAction\",\"target\":[\"https:\\\/\\\/southbourneschool.co.uk\\\/studying-in-bournemouth\\\/accommodation-welfare\\\/\"]}]},{\"@type\":\"BreadcrumbList\",\"@id\":\"https:\\\/\\\/southbourneschool.co.uk\\\/studying-in-bournemouth\\\/accommodation-welfare\\\/#breadcrumb\",\"itemListElement\":[{\"@type\":\"ListItem\",\"position\":1,\"name\":\"Home\",\"item\":\"https:\\\/\\\/southbourneschool.co.uk\\\/\"},{\"@type\":\"ListItem\",\"position\":2,\"name\":\"Studying in Bournemouth\",\"item\":\"https:\\\/\\\/southbourneschool.co.uk\\\/studying-in-bournemouth\\\/\"},{\"@type\":\"ListItem\",\"position\":3,\"name\":\"Accommodation &#038; Welfare\"}]},{\"@type\":\"WebSite\",\"@id\":\"https:\\\/\\\/southbourneschool.co.uk\\\/#website\",\"url\":\"https:\\\/\\\/southbourneschool.co.uk\\\/\",\"name\":\"Southbourne School of English\",\"description\":\"We make learning English fun. A language school in Bournemouth, ideally located by the sea in a suburb of Bournemouth called Southbourne, one of the UK\u2019s most popular locations for international students.\",\"publisher\":{\"@id\":\"https:\\\/\\\/southbourneschool.co.uk\\\/#organization\"},\"potentialAction\":[{\"@type\":\"SearchAction\",\"target\":{\"@type\":\"EntryPoint\",\"urlTemplate\":\"https:\\\/\\\/southbourneschool.co.uk\\\/?s={search_term_string}\"},\"query-input\":{\"@type\":\"PropertyValueSpecification\",\"valueRequired\":true,\"valueName\":\"search_term_string\"}}],\"inLanguage\":\"fr-FR\"},{\"@type\":\"Organization\",\"@id\":\"https:\\\/\\\/southbourneschool.co.uk\\\/#organization\",\"name\":\"Southbourne School of English\",\"alternateName\":\"SSE\",\"url\":\"https:\\\/\\\/southbourneschool.co.uk\\\/\",\"logo\":{\"@type\":\"ImageObject\",\"inLanguage\":\"fr-FR\",\"@id\":\"https:\\\/\\\/southbourneschool.co.uk\\\/#\\\/schema\\\/logo\\\/image\\\/\",\"url\":\"https:\\\/\\\/southbourneschool.co.uk\\\/wp-content\\\/uploads\\\/2026\\\/01\\\/SSE-60-Year-Anniversary-Logo.png\",\"contentUrl\":\"https:\\\/\\\/southbourneschool.co.uk\\\/wp-content\\\/uploads\\\/2026\\\/01\\\/SSE-60-Year-Anniversary-Logo.png\",\"width\":1964,\"height\":1965,\"caption\":\"Southbourne School of English\"},\"image\":{\"@id\":\"https:\\\/\\\/southbourneschool.co.uk\\\/#\\\/schema\\\/logo\\\/image\\\/\"},\"sameAs\":[\"https:\\\/\\\/www.facebook.com\\\/SouthbourneSchool\\\/\",\"https:\\\/\\\/x.com\\\/SouthbourneSofE\",\"https:\\\/\\\/www.instagram.com\\\/southbourneschoolofenglish\\\/\",\"https:\\\/\\\/www.tiktok.com\\\/@southbourne\",\"https:\\\/\\\/www.youtube.com\\\/@southbourneschoolofenglish4522\"]}]}<\/script>\n<!-- \/ Yoast SEO plugin. -->","yoast_head_json":{"title":"H\u00e9bergement et bien-\u00eatre - Southbourne School of English","description":"Se sentir bien et \u00e0 l&#039;aise dans son h\u00e9bergement est essentiel \u00e0 la qualit\u00e9 de votre apprentissage. C&#039;est pourquoi nous souhaitons que votre s\u00e9jour\u2026","robots":{"index":"index","follow":"follow","max-snippet":"max-snippet:-1","max-image-preview":"max-image-preview:large","max-video-preview":"max-video-preview:-1"},"canonical":"https:\/\/southbourneschool.co.uk\/fr\/etudier-a-bournemouth\/logement-bien-etre\/","og_locale":"fr_FR","og_type":"article","og_title":"Accommodation & Welfare - Southbourne School of English","og_description":"It makes a huge difference to how well you learn if you feel happy and at home in your choice of accommodation. That's why we want your stay at ...","og_url":"https:\/\/southbourneschool.co.uk\/fr\/etudier-a-bournemouth\/logement-bien-etre\/","og_site_name":"Southbourne School of English","article_publisher":"https:\/\/www.facebook.com\/SouthbourneSchool\/","article_modified_time":"2024-10-16T14:50:47+00:00","twitter_card":"summary_large_image","twitter_site":"@SouthbourneSofE","twitter_misc":{"Dur\u00e9e de lecture estim\u00e9e":"3 minutes"},"schema":{"@context":"https:\/\/schema.org","@graph":[{"@type":"WebPage","@id":"https:\/\/southbourneschool.co.uk\/studying-in-bournemouth\/accommodation-welfare\/","url":"https:\/\/southbourneschool.co.uk\/studying-in-bournemouth\/accommodation-welfare\/","name":"H\u00e9bergement et bien-\u00eatre - Southbourne School of English","isPartOf":{"@id":"https:\/\/southbourneschool.co.uk\/#website"},"datePublished":"2018-08-16T15:00:39+00:00","dateModified":"2024-10-16T14:50:47+00:00","description":"Se sentir bien et \u00e0 l&#039;aise dans son h\u00e9bergement est essentiel \u00e0 la qualit\u00e9 de votre apprentissage. C&#039;est pourquoi nous souhaitons que votre s\u00e9jour\u2026","breadcrumb":{"@id":"https:\/\/southbourneschool.co.uk\/studying-in-bournemouth\/accommodation-welfare\/#breadcrumb"},"inLanguage":"fr-FR","potentialAction":[{"@type":"ReadAction","target":["https:\/\/southbourneschool.co.uk\/studying-in-bournemouth\/accommodation-welfare\/"]}]},{"@type":"BreadcrumbList","@id":"https:\/\/southbourneschool.co.uk\/studying-in-bournemouth\/accommodation-welfare\/#breadcrumb","itemListElement":[{"@type":"ListItem","position":1,"name":"Home","item":"https:\/\/southbourneschool.co.uk\/"},{"@type":"ListItem","position":2,"name":"Studying in Bournemouth","item":"https:\/\/southbourneschool.co.uk\/studying-in-bournemouth\/"},{"@type":"ListItem","position":3,"name":"Accommodation &#038; Welfare"}]},{"@type":"WebSite","@id":"https:\/\/southbourneschool.co.uk\/#website","url":"https:\/\/southbourneschool.co.uk\/","name":"\u00c9cole d'anglais de Southbourne","description":"Nous rendons l'apprentissage de l'anglais amusant. Une \u00e9cole de langue \u00e0 Bournemouth, id\u00e9alement situ\u00e9e en bord de mer dans la banlieue de Bournemouth appel\u00e9e Southbourne, l'un des endroits les plus populaires du Royaume-Uni pour les \u00e9tudiants internationaux.","publisher":{"@id":"https:\/\/southbourneschool.co.uk\/#organization"},"potentialAction":[{"@type":"SearchAction","target":{"@type":"EntryPoint","urlTemplate":"https:\/\/southbourneschool.co.uk\/?s={search_term_string}"},"query-input":{"@type":"PropertyValueSpecification","valueRequired":true,"valueName":"search_term_string"}}],"inLanguage":"fr-FR"},{"@type":"Organization","@id":"https:\/\/southbourneschool.co.uk\/#organization","name":"\u00c9cole d'anglais de Southbourne","alternateName":"SSE","url":"https:\/\/southbourneschool.co.uk\/","logo":{"@type":"ImageObject","inLanguage":"fr-FR","@id":"https:\/\/southbourneschool.co.uk\/#\/schema\/logo\/image\/","url":"https:\/\/southbourneschool.co.uk\/wp-content\/uploads\/2026\/01\/SSE-60-Year-Anniversary-Logo.png","contentUrl":"https:\/\/southbourneschool.co.uk\/wp-content\/uploads\/2026\/01\/SSE-60-Year-Anniversary-Logo.png","width":1964,"height":1965,"caption":"Southbourne School of English"},"image":{"@id":"https:\/\/southbourneschool.co.uk\/#\/schema\/logo\/image\/"},"sameAs":["https:\/\/www.facebook.com\/SouthbourneSchool\/","https:\/\/x.com\/SouthbourneSofE","https:\/\/www.instagram.com\/southbourneschoolofenglish\/","https:\/\/www.tiktok.com\/@southbourne","https:\/\/www.youtube.com\/@southbourneschoolofenglish4522"]}]}},"featured_image_src":null,"featured_image_src_square":null,"_links":{"self":[{"href":"https:\/\/southbourneschool.co.uk\/fr\/wp-json\/wp\/v2\/pages\/706","targetHints":{"allow":["GET"]}}],"collection":[{"href":"https:\/\/southbourneschool.co.uk\/fr\/wp-json\/wp\/v2\/pages"}],"about":[{"href":"https:\/\/southbourneschool.co.uk\/fr\/wp-json\/wp\/v2\/types\/page"}],"author":[{"embeddable":true,"href":"https:\/\/southbourneschool.co.uk\/fr\/wp-json\/wp\/v2\/users\/12312401"}],"replies":[{"embeddable":true,"href":"https:\/\/southbourneschool.co.uk\/fr\/wp-json\/wp\/v2\/comments?post=706"}],"version-history":[{"count":0,"href":"https:\/\/southbourneschool.co.uk\/fr\/wp-json\/wp\/v2\/pages\/706\/revisions"}],"up":[{"embeddable":true,"href":"https:\/\/southbourneschool.co.uk\/fr\/wp-json\/wp\/v2\/pages\/666"}],"wp:attachment":[{"href":"https:\/\/southbourneschool.co.uk\/fr\/wp-json\/wp\/v2\/media?parent=706"}],"curies":[{"name":"wp","href":"https:\/\/api.w.org\/{rel}","templated":true}]}}