{"id":725,"date":"2018-08-16T16:18:52","date_gmt":"2018-08-16T15:18:52","guid":{"rendered":"https:\/\/southbournese.wpengine.com\/?page_id=725"},"modified":"2025-01-21T09:55:40","modified_gmt":"2025-01-21T09:55:40","slug":"sejour-chez-lhabitant","status":"publish","type":"page","link":"https:\/\/southbourneschool.co.uk\/fr\/studying-in-bournemouth\/accommodation-welfare\/homestay\/","title":{"rendered":"Famille d'accueil"},"content":{"rendered":"<section data-vc-full-width=\"true\" data-vc-full-width-init=\"false\" data-vc-stretch-content=\"true\" class=\"vc_section vc_custom_1723040392551 vc_section-has-fill\"><\/section><div class=\"vc_row-full-width vc_clearfix\"><\/div><div class=\"vc_row wpb_row vc_row-fluid vc_custom_1532605005893\"><div class=\"wpb_column vc_column_container vc_col-sm-8\"><div class=\"vc_column-inner vc_custom_1534429877191\"><div class=\"wpb_wrapper\"><h1 style=\"text-align: left\" class=\"vc_custom_heading vc_custom_1582643618706\" >Famille d'accueil<\/h1><h4 style=\"text-align: left\" class=\"vc_custom_heading vc_custom_1582643611945\" >Nous veillons \u00e0 ce que tous nos \u00e9l\u00e8ves b\u00e9n\u00e9ficient d&#039;un s\u00e9jour chez l&#039;habitant heureux et s\u00fbr o\u00f9 ils pourront retourner apr\u00e8s l&#039;\u00e9cole.<\/h4>\n\t<div class=\"wpb_text_column wpb_content_element  vc_custom_1712920192094\" >\n\t\t<div class=\"wpb_wrapper\">\n\t\t\t<p>Nous s\u00e9lectionnons soigneusement tous nos h\u00f4tes et collaborons avec certains d&#039;entre eux depuis de nombreuses ann\u00e9es. Une famille d&#039;accueil typique offre une ambiance familiale et peut accueillir un ou plusieurs adultes, avec ou sans enfants. Nous proposons un large choix de familles d&#039;accueil, et celles qui accueillent des mineurs sont assur\u00e9es d&#039;avoir fait l&#039;objet d&#039;une v\u00e9rification de s\u00e9curit\u00e9.<\/p>\n<p>Notre responsable h\u00e9bergement visite les logements pour s&#039;assurer qu&#039;ils offrent un niveau de vie satisfaisant. Lors de leur premi\u00e8re candidature, nos h\u00f4tes nous demandent deux r\u00e9f\u00e9rences, un certificat de s\u00e9curit\u00e9 gaz, un plan d&#039;\u00e9vacuation en cas d&#039;incendie et un formulaire d&#039;\u00e9valuation des risques d\u00fbment rempli avant de les accepter et de commencer \u00e0 leur proposer un h\u00e9bergement. Nous sommes convaincus que le choix d&#039;un h\u00f4te adapt\u00e9 \u00e0 nos \u00e9tudiants est tout aussi important que la qualit\u00e9 de nos cours d&#039;anglais\u00a0: ils doivent se sentir \u00e0 l&#039;aise, heureux et en s\u00e9curit\u00e9 pour profiter pleinement de leur s\u00e9jour \u00e0 l&#039;\u00e9tranger.<\/p>\n<p>Nos familles d&#039;accueil sont accessibles \u00e0 pied ou par un court trajet en bus depuis l&#039;\u00e9cole et les adultes de 18 ans et plus ont la garantie de b\u00e9n\u00e9ficier de chambres individuelles toute l&#039;ann\u00e9e.<\/p>\n\n\t\t<\/div>\n\t<\/div>\n<\/div><\/div><\/div><div class=\"wpb_column vc_column_container vc_col-sm-4 vc_hidden-xs\"><div class=\"vc_column-inner\"><div class=\"wpb_wrapper\"><div  class=\"vc_wp_custommenu wpb_content_element child-page-menu\"><div class=\"widget widget_nav_menu\"><div class=\"menu-studying-in-bournemouth-child-container\"><ul id=\"menu-studying-in-bournemouth-child\" class=\"menu\"><li id=\"menu-item-688\" class=\"menu-item menu-item-type-post_type menu-item-object-page menu-item-has-children menu-item-688 msm-top-level-item\"><a href=\"https:\/\/southbourneschool.co.uk\/fr\/studying-in-bournemouth\/\">\u00c9tudier \u00e0 Bournemouth<\/a>\n<ul class=\"sub-menu\">\n\t<li id=\"menu-item-687\" class=\"menu-item menu-item-type-post_type menu-item-object-page menu-item-687\"><a href=\"https:\/\/southbourneschool.co.uk\/fr\/studying-in-bournemouth\/travelling-to-britain\/\">Voyager en Grande-Bretagne<\/a><\/li>\n\t<li id=\"menu-item-705\" class=\"menu-item menu-item-type-post_type menu-item-object-page menu-item-705\"><a href=\"https:\/\/southbourneschool.co.uk\/fr\/studying-in-bournemouth\/school-activities\/\">Activit\u00e9s scolaires<\/a><\/li>\n\t<li id=\"menu-item-704\" class=\"menu-item menu-item-type-post_type menu-item-object-page menu-item-704\"><a href=\"https:\/\/southbourneschool.co.uk\/fr\/studying-in-bournemouth\/our-location\/\">Notre emplacement<\/a><\/li>\n\t<li id=\"menu-item-723\" class=\"menu-item menu-item-type-post_type menu-item-object-page menu-item-723\"><a href=\"https:\/\/southbourneschool.co.uk\/fr\/studying-in-bournemouth\/accommodation-welfare\/\">H\u00e9bergement et bien-\u00eatre<\/a><\/li>\n\t<li id=\"menu-item-729\" class=\"menu-item menu-item-type-post_type menu-item-object-page menu-item-729\"><a href=\"https:\/\/southbourneschool.co.uk\/fr\/studying-in-bournemouth\/accommodation-welfare\/homestay\/\">Famille d'accueil<\/a><\/li>\n\t<li id=\"menu-item-733\" class=\"menu-item menu-item-type-post_type menu-item-object-page menu-item-733\"><a href=\"https:\/\/southbourneschool.co.uk\/fr\/studying-in-bournemouth\/accommodation-welfare\/guesthouses-hotels\/\">Maisons d'h\u00f4tes et h\u00f4tels<\/a><\/li>\n<\/ul>\n<\/li>\n<\/ul><\/div><\/div><\/div><\/div><\/div><\/div><\/div><div class=\"vc_row wpb_row vc_row-fluid vc_custom_1490099324525 vc_column-gap-10\"><div class=\"wpb_column vc_column_container vc_col-sm-6\"><div class=\"vc_column-inner vc_custom_1534428781206\"><div class=\"wpb_wrapper\">\n\t<div  class=\"wpb_single_image wpb_content_element vc_align_center\">\n\t\t\n\t\t<figure class=\"wpb_wrapper vc_figure\">\n\t\t\t<div class=\"vc_single_image-wrapper   vc_box_border_grey\"><img loading=\"lazy\" decoding=\"async\" width=\"1440\" height=\"960\" src=\"https:\/\/southbourneschool.co.uk\/wp-content\/uploads\/2018\/10\/9.jpg\" class=\"vc_single_image-img attachment-full\" alt=\"\u00c0 l&#039;ext\u00e9rieur de l&#039;\u00e9cole d&#039;anglais de Southbourne\" srcset=\"https:\/\/southbourneschool.co.uk\/wp-content\/uploads\/2018\/10\/9.jpg 1440w, https:\/\/southbourneschool.co.uk\/wp-content\/uploads\/2018\/10\/9-300x200.jpg 300w, https:\/\/southbourneschool.co.uk\/wp-content\/uploads\/2018\/10\/9-1024x683.jpg 1024w, https:\/\/southbourneschool.co.uk\/wp-content\/uploads\/2018\/10\/9-18x12.jpg 18w\" sizes=\"auto, (max-width: 1440px) 100vw, 1440px\" \/><\/div>\n\t\t<\/figure>\n\t<\/div>\n\n\t<div  class=\"wpb_single_image wpb_content_element vc_align_center\">\n\t\t\n\t\t<figure class=\"wpb_wrapper vc_figure\">\n\t\t\t<div class=\"vc_single_image-wrapper   vc_box_border_grey\"><img loading=\"lazy\" decoding=\"async\" width=\"1440\" height=\"960\" src=\"https:\/\/southbourneschool.co.uk\/wp-content\/uploads\/2018\/10\/UD2A2890.jpg\" class=\"vc_single_image-img attachment-full\" alt=\"\u00c9tudiants Southbourne School of English\" srcset=\"https:\/\/southbourneschool.co.uk\/wp-content\/uploads\/2018\/10\/UD2A2890.jpg 1440w, https:\/\/southbourneschool.co.uk\/wp-content\/uploads\/2018\/10\/UD2A2890-300x200.jpg 300w, https:\/\/southbourneschool.co.uk\/wp-content\/uploads\/2018\/10\/UD2A2890-1024x683.jpg 1024w, https:\/\/southbourneschool.co.uk\/wp-content\/uploads\/2018\/10\/UD2A2890-18x12.jpg 18w\" sizes=\"auto, (max-width: 1440px) 100vw, 1440px\" \/><\/div>\n\t\t<\/figure>\n\t<\/div>\n<section class=\"vc_cta3-container\"><div class=\"vc_general vc_cta3 vc_cta3-style-classic vc_cta3-shape-rounded vc_cta3-align-left vc_cta3-color-classic vc_cta3-icon-size-md vc_cta3-actions-bottom\"><div class=\"vc_cta3_content-container\"><div class=\"vc_cta3-content\"><header class=\"vc_cta3-content-header\"><h2>Int\u00e9ress\u00e9 \u00e0 accueillir des \u00e9tudiants internationaux ?<\/h2><\/header><\/div><div class=\"vc_cta3-actions\"><div class=\"vc_btn3-container vc_btn3-inline\" ><a class=\"vc_general vc_btn3 vc_btn3-size-lg vc_btn3-shape-rounded vc_btn3-style-modern vc_btn3-icon-left vc_btn3-color-green\" href=\"https:\/\/southbourneschool.co.uk\/fr\/accueillir-des-etudiants\/\" title=\"Devenir une famille d&#039;accueil pour les \u00e9tudiants\"><i class=\"vc_btn3-icon fas fa-home\"><\/i> Postulez maintenant!<\/a><\/div><\/div><\/div><\/div><\/section><\/div><\/div><\/div><div class=\"wpb_column vc_column_container vc_col-sm-6\"><div class=\"vc_column-inner\"><div class=\"wpb_wrapper\">\n\t<div class=\"wpb_text_column wpb_content_element  vc_custom_1712920529155\" >\n\t\t<div class=\"wpb_wrapper\">\n\t\t\t<p>En vivant chez un h\u00f4te, les \u00e9tudiants profiteront du confort de la maison et apprendront beaucoup sur le mode de vie anglais.<\/p>\n<p>Il est important de profiter de chaque occasion pour pratiquer l&#039;anglais et apprendre plus vite. Nous nous efforcerons toujours de loger les \u00e9tudiants dans une chambre double avec un \u00e9tudiant du m\u00eame sexe et du m\u00eame \u00e2ge. Cependant, ils peuvent \u00eatre originaires du m\u00eame pays pendant les p\u00e9riodes de pointe.<\/p>\n<blockquote><p>\nMa famille d&#039;accueil est vraiment bien. Ils sont polis, communicatifs et m&#039;aident en toutes circonstances si besoin. La nourriture est d\u00e9licieuse et ma chambre est impeccable, je suis donc ravie. \u2013 Victoria\n<\/p><\/blockquote>\n<p>Pendant les p\u00e9riodes creuses, les \u00e9tudiants peuvent avoir une chambre individuelle, sauf s&#039;ils souhaitent la partager. L&#039;\u00e9t\u00e9 \u00e9tant plus charg\u00e9, les \u00e9tudiants de moins de 18 ans partagent une chambre \u00e0 deux lits pour r\u00e9pondre \u00e0 la demande.<\/p>\n<h2>Ce que nous devons savoir de nos \u00e9tudiants<\/h2>\n<p>Mieux nous connaissons les besoins de chaque \u00e9tudiant, mieux nous pouvons l&#039;aider. Qu&#039;il s&#039;agisse de demandes d&#039;h\u00e9bergement particuli\u00e8res, d&#039;allergies ou de r\u00e9gimes alimentaires particuliers, n&#039;h\u00e9sitez pas \u00e0 nous en informer avant votre arriv\u00e9e. Nous souhaitons trouver la famille d&#039;accueil id\u00e9ale pour chaque \u00e9tudiant\u00a0!<\/p>\n<p>De nombreux h\u00f4tes en Angleterre poss\u00e8dent des animaux de compagnie. Par cons\u00e9quent, si un \u00e9tudiant ne souhaite pas s\u00e9journer chez un h\u00f4te poss\u00e9dant des animaux, veuillez nous en informer et nous ferons tout notre possible pour l&#039;aider\u00a0!<\/p>\n\n\t\t<\/div>\n\t<\/div>\n<\/div><\/div><\/div><\/div>","protected":false},"excerpt":{"rendered":"HomestayWe make sure that all our students have a happy, safe homestay to return to after school. We carefully select all of our hosts and we have been working with some for many years. \u00a0A typical homestay provides a family feel, and could be one&nbsp;<a href=\"https:\/\/southbourneschool.co.uk\/fr\/studying-in-bournemouth\/accommodation-welfare\/homestay\/\">...<\/a>","protected":false},"author":12312401,"featured_media":0,"parent":706,"menu_order":0,"comment_status":"closed","ping_status":"closed","template":"","meta":{"footnotes":""},"class_list":["post-725","page","type-page","status-publish","hentry","odd"],"yoast_head":"<!-- This site is optimized with the Yoast SEO plugin v27.5 - https:\/\/yoast.com\/product\/yoast-seo-wordpress\/ -->\n<title>Homestay - Living in homestay - Southbourne School of English<\/title>\n<meta name=\"description\" content=\"We carefully select all of our hosts and we have been working with some for many years. \u00a0A typical homestay provides a family feel\" \/>\n<meta name=\"robots\" content=\"index, follow, max-snippet:-1, max-image-preview:large, max-video-preview:-1\" \/>\n<link rel=\"canonical\" href=\"https:\/\/southbourneschool.co.uk\/fr\/etudier-a-bournemouth\/logement-bien-etre\/sejour-chez-lhabitant\/\" \/>\n<meta property=\"og:locale\" content=\"fr_FR\" \/>\n<meta property=\"og:type\" content=\"article\" \/>\n<meta property=\"og:title\" content=\"Homestay - Living in homestay - Southbourne School of English\" \/>\n<meta property=\"og:description\" content=\"We carefully select all of our hosts and we have been working with some for many years. \u00a0A typical homestay provides a family feel\" \/>\n<meta property=\"og:url\" content=\"https:\/\/southbourneschool.co.uk\/fr\/etudier-a-bournemouth\/logement-bien-etre\/sejour-chez-lhabitant\/\" \/>\n<meta property=\"og:site_name\" content=\"Southbourne School of English\" \/>\n<meta property=\"article:publisher\" content=\"https:\/\/www.facebook.com\/SouthbourneSchool\/\" \/>\n<meta property=\"article:modified_time\" content=\"2025-01-21T09:55:40+00:00\" \/>\n<meta name=\"twitter:card\" content=\"summary_large_image\" \/>\n<meta name=\"twitter:site\" content=\"@SouthbourneSofE\" \/>\n<meta name=\"twitter:label1\" content=\"Dur\u00e9e de lecture estim\u00e9e\" \/>\n\t<meta name=\"twitter:data1\" content=\"3 minutes\" \/>\n<script type=\"application\/ld+json\" class=\"yoast-schema-graph\">{\"@context\":\"https:\\\/\\\/schema.org\",\"@graph\":[{\"@type\":\"WebPage\",\"@id\":\"https:\\\/\\\/southbourneschool.co.uk\\\/studying-in-bournemouth\\\/accommodation-welfare\\\/homestay\\\/\",\"url\":\"https:\\\/\\\/southbourneschool.co.uk\\\/studying-in-bournemouth\\\/accommodation-welfare\\\/homestay\\\/\",\"name\":\"Homestay - Living in homestay - Southbourne School of English\",\"isPartOf\":{\"@id\":\"https:\\\/\\\/southbourneschool.co.uk\\\/#website\"},\"datePublished\":\"2018-08-16T15:18:52+00:00\",\"dateModified\":\"2025-01-21T09:55:40+00:00\",\"description\":\"We carefully select all of our hosts and we have been working with some for many years. \u00a0A typical homestay provides a family feel\",\"breadcrumb\":{\"@id\":\"https:\\\/\\\/southbourneschool.co.uk\\\/studying-in-bournemouth\\\/accommodation-welfare\\\/homestay\\\/#breadcrumb\"},\"inLanguage\":\"fr-FR\",\"potentialAction\":[{\"@type\":\"ReadAction\",\"target\":[\"https:\\\/\\\/southbourneschool.co.uk\\\/studying-in-bournemouth\\\/accommodation-welfare\\\/homestay\\\/\"]}]},{\"@type\":\"BreadcrumbList\",\"@id\":\"https:\\\/\\\/southbourneschool.co.uk\\\/studying-in-bournemouth\\\/accommodation-welfare\\\/homestay\\\/#breadcrumb\",\"itemListElement\":[{\"@type\":\"ListItem\",\"position\":1,\"name\":\"Home\",\"item\":\"https:\\\/\\\/southbourneschool.co.uk\\\/\"},{\"@type\":\"ListItem\",\"position\":2,\"name\":\"Studying in Bournemouth\",\"item\":\"https:\\\/\\\/southbourneschool.co.uk\\\/studying-in-bournemouth\\\/\"},{\"@type\":\"ListItem\",\"position\":3,\"name\":\"Accommodation &#038; Welfare\",\"item\":\"https:\\\/\\\/southbourneschool.co.uk\\\/studying-in-bournemouth\\\/accommodation-welfare\\\/\"},{\"@type\":\"ListItem\",\"position\":4,\"name\":\"Homestay\"}]},{\"@type\":\"WebSite\",\"@id\":\"https:\\\/\\\/southbourneschool.co.uk\\\/#website\",\"url\":\"https:\\\/\\\/southbourneschool.co.uk\\\/\",\"name\":\"Southbourne School of English\",\"description\":\"We make learning English fun. A language school in Bournemouth, ideally located by the sea in a suburb of Bournemouth called Southbourne, one of the UK\u2019s most popular locations for international students.\",\"publisher\":{\"@id\":\"https:\\\/\\\/southbourneschool.co.uk\\\/#organization\"},\"potentialAction\":[{\"@type\":\"SearchAction\",\"target\":{\"@type\":\"EntryPoint\",\"urlTemplate\":\"https:\\\/\\\/southbourneschool.co.uk\\\/?s={search_term_string}\"},\"query-input\":{\"@type\":\"PropertyValueSpecification\",\"valueRequired\":true,\"valueName\":\"search_term_string\"}}],\"inLanguage\":\"fr-FR\"},{\"@type\":\"Organization\",\"@id\":\"https:\\\/\\\/southbourneschool.co.uk\\\/#organization\",\"name\":\"Southbourne School of English\",\"alternateName\":\"SSE\",\"url\":\"https:\\\/\\\/southbourneschool.co.uk\\\/\",\"logo\":{\"@type\":\"ImageObject\",\"inLanguage\":\"fr-FR\",\"@id\":\"https:\\\/\\\/southbourneschool.co.uk\\\/#\\\/schema\\\/logo\\\/image\\\/\",\"url\":\"https:\\\/\\\/southbourneschool.co.uk\\\/wp-content\\\/uploads\\\/2026\\\/01\\\/SSE-60-Year-Anniversary-Logo.png\",\"contentUrl\":\"https:\\\/\\\/southbourneschool.co.uk\\\/wp-content\\\/uploads\\\/2026\\\/01\\\/SSE-60-Year-Anniversary-Logo.png\",\"width\":1964,\"height\":1965,\"caption\":\"Southbourne School of English\"},\"image\":{\"@id\":\"https:\\\/\\\/southbourneschool.co.uk\\\/#\\\/schema\\\/logo\\\/image\\\/\"},\"sameAs\":[\"https:\\\/\\\/www.facebook.com\\\/SouthbourneSchool\\\/\",\"https:\\\/\\\/x.com\\\/SouthbourneSofE\",\"https:\\\/\\\/www.instagram.com\\\/southbourneschoolofenglish\\\/\",\"https:\\\/\\\/www.tiktok.com\\\/@southbourne\",\"https:\\\/\\\/www.youtube.com\\\/@southbourneschoolofenglish4522\"]}]}<\/script>\n<!-- \/ Yoast SEO plugin. -->","yoast_head_json":{"title":"H\u00e9bergement chez l&#039;habitant - Vivre en famille d&#039;accueil - Southbourne School of English","description":"Nous s\u00e9lectionnons soigneusement tous nos h\u00f4tes et collaborons avec certains d&#039;entre eux depuis de nombreuses ann\u00e9es. Un s\u00e9jour chez l&#039;habitant typique offre une ambiance familiale.","robots":{"index":"index","follow":"follow","max-snippet":"max-snippet:-1","max-image-preview":"max-image-preview:large","max-video-preview":"max-video-preview:-1"},"canonical":"https:\/\/southbourneschool.co.uk\/fr\/etudier-a-bournemouth\/logement-bien-etre\/sejour-chez-lhabitant\/","og_locale":"fr_FR","og_type":"article","og_title":"Homestay - Living in homestay - Southbourne School of English","og_description":"We carefully select all of our hosts and we have been working with some for many years. \u00a0A typical homestay provides a family feel","og_url":"https:\/\/southbourneschool.co.uk\/fr\/etudier-a-bournemouth\/logement-bien-etre\/sejour-chez-lhabitant\/","og_site_name":"Southbourne School of English","article_publisher":"https:\/\/www.facebook.com\/SouthbourneSchool\/","article_modified_time":"2025-01-21T09:55:40+00:00","twitter_card":"summary_large_image","twitter_site":"@SouthbourneSofE","twitter_misc":{"Dur\u00e9e de lecture estim\u00e9e":"3 minutes"},"schema":{"@context":"https:\/\/schema.org","@graph":[{"@type":"WebPage","@id":"https:\/\/southbourneschool.co.uk\/studying-in-bournemouth\/accommodation-welfare\/homestay\/","url":"https:\/\/southbourneschool.co.uk\/studying-in-bournemouth\/accommodation-welfare\/homestay\/","name":"H\u00e9bergement chez l&#039;habitant - Vivre en famille d&#039;accueil - Southbourne School of English","isPartOf":{"@id":"https:\/\/southbourneschool.co.uk\/#website"},"datePublished":"2018-08-16T15:18:52+00:00","dateModified":"2025-01-21T09:55:40+00:00","description":"Nous s\u00e9lectionnons soigneusement tous nos h\u00f4tes et collaborons avec certains d&#039;entre eux depuis de nombreuses ann\u00e9es. Un s\u00e9jour chez l&#039;habitant typique offre une ambiance familiale.","breadcrumb":{"@id":"https:\/\/southbourneschool.co.uk\/studying-in-bournemouth\/accommodation-welfare\/homestay\/#breadcrumb"},"inLanguage":"fr-FR","potentialAction":[{"@type":"ReadAction","target":["https:\/\/southbourneschool.co.uk\/studying-in-bournemouth\/accommodation-welfare\/homestay\/"]}]},{"@type":"BreadcrumbList","@id":"https:\/\/southbourneschool.co.uk\/studying-in-bournemouth\/accommodation-welfare\/homestay\/#breadcrumb","itemListElement":[{"@type":"ListItem","position":1,"name":"Home","item":"https:\/\/southbourneschool.co.uk\/"},{"@type":"ListItem","position":2,"name":"Studying in Bournemouth","item":"https:\/\/southbourneschool.co.uk\/studying-in-bournemouth\/"},{"@type":"ListItem","position":3,"name":"Accommodation &#038; Welfare","item":"https:\/\/southbourneschool.co.uk\/studying-in-bournemouth\/accommodation-welfare\/"},{"@type":"ListItem","position":4,"name":"Homestay"}]},{"@type":"WebSite","@id":"https:\/\/southbourneschool.co.uk\/#website","url":"https:\/\/southbourneschool.co.uk\/","name":"\u00c9cole d'anglais de Southbourne","description":"Nous rendons l'apprentissage de l'anglais amusant. Une \u00e9cole de langue \u00e0 Bournemouth, id\u00e9alement situ\u00e9e en bord de mer dans la banlieue de Bournemouth appel\u00e9e Southbourne, l'un des endroits les plus populaires du Royaume-Uni pour les \u00e9tudiants internationaux.","publisher":{"@id":"https:\/\/southbourneschool.co.uk\/#organization"},"potentialAction":[{"@type":"SearchAction","target":{"@type":"EntryPoint","urlTemplate":"https:\/\/southbourneschool.co.uk\/?s={search_term_string}"},"query-input":{"@type":"PropertyValueSpecification","valueRequired":true,"valueName":"search_term_string"}}],"inLanguage":"fr-FR"},{"@type":"Organization","@id":"https:\/\/southbourneschool.co.uk\/#organization","name":"\u00c9cole d'anglais de Southbourne","alternateName":"SSE","url":"https:\/\/southbourneschool.co.uk\/","logo":{"@type":"ImageObject","inLanguage":"fr-FR","@id":"https:\/\/southbourneschool.co.uk\/#\/schema\/logo\/image\/","url":"https:\/\/southbourneschool.co.uk\/wp-content\/uploads\/2026\/01\/SSE-60-Year-Anniversary-Logo.png","contentUrl":"https:\/\/southbourneschool.co.uk\/wp-content\/uploads\/2026\/01\/SSE-60-Year-Anniversary-Logo.png","width":1964,"height":1965,"caption":"Southbourne School of English"},"image":{"@id":"https:\/\/southbourneschool.co.uk\/#\/schema\/logo\/image\/"},"sameAs":["https:\/\/www.facebook.com\/SouthbourneSchool\/","https:\/\/x.com\/SouthbourneSofE","https:\/\/www.instagram.com\/southbourneschoolofenglish\/","https:\/\/www.tiktok.com\/@southbourne","https:\/\/www.youtube.com\/@southbourneschoolofenglish4522"]}]}},"featured_image_src":null,"featured_image_src_square":null,"_links":{"self":[{"href":"https:\/\/southbourneschool.co.uk\/fr\/wp-json\/wp\/v2\/pages\/725","targetHints":{"allow":["GET"]}}],"collection":[{"href":"https:\/\/southbourneschool.co.uk\/fr\/wp-json\/wp\/v2\/pages"}],"about":[{"href":"https:\/\/southbourneschool.co.uk\/fr\/wp-json\/wp\/v2\/types\/page"}],"author":[{"embeddable":true,"href":"https:\/\/southbourneschool.co.uk\/fr\/wp-json\/wp\/v2\/users\/12312401"}],"replies":[{"embeddable":true,"href":"https:\/\/southbourneschool.co.uk\/fr\/wp-json\/wp\/v2\/comments?post=725"}],"version-history":[{"count":0,"href":"https:\/\/southbourneschool.co.uk\/fr\/wp-json\/wp\/v2\/pages\/725\/revisions"}],"up":[{"embeddable":true,"href":"https:\/\/southbourneschool.co.uk\/fr\/wp-json\/wp\/v2\/pages\/706"}],"wp:attachment":[{"href":"https:\/\/southbourneschool.co.uk\/fr\/wp-json\/wp\/v2\/media?parent=725"}],"curies":[{"name":"wp","href":"https:\/\/api.w.org\/{rel}","templated":true}]}}