{"id":839,"date":"2018-10-19T10:40:55","date_gmt":"2018-10-19T09:40:55","guid":{"rendered":"https:\/\/southbournese.wpengine.com\/?page_id=839"},"modified":"2019-01-14T09:12:28","modified_gmt":"2019-01-14T09:12:28","slug":"anglais-de-qualite","status":"publish","type":"page","link":"https:\/\/southbourneschool.co.uk\/fr\/quality-english\/","title":{"rendered":"Qualit\u00e9 de l'anglais"},"content":{"rendered":"<div class=\"vc_row wpb_row vc_row-fluid vc_custom_1534426275519\"><div class=\"wpb_column vc_column_container vc_col-sm-8\"><div class=\"vc_column-inner\"><div class=\"wpb_wrapper\">\n\t<div class=\"wpb_text_column wpb_content_element\" >\n\t\t<div class=\"wpb_wrapper\">\n\t\t\t<h1>Qualit\u00e9 de l'anglais<\/h1>\n<p>&nbsp;<\/p>\n<p>Nos \u00e9coles d&#039;anglais de qualit\u00e9 sont soigneusement s\u00e9lectionn\u00e9es parmi les meilleures \u00e9coles ind\u00e9pendantes d&#039;anglais des pays anglophones. R\u00e9put\u00e9es pour leur qualit\u00e9 et leur r\u00e9putation, elles proposent un choix de cours g\u00e9n\u00e9raux et sp\u00e9cialis\u00e9s dans des destinations pris\u00e9es \u00e0 travers le monde. Toutes les \u00e9coles sont d\u00e9tenues et g\u00e9r\u00e9es de mani\u00e8re ind\u00e9pendante. Elles ne font partie d&#039;aucune cha\u00eene et poss\u00e8dent chacune leur propre caract\u00e8re.<\/p>\n<p>Ils prennent le contr\u00f4le qualit\u00e9 tr\u00e8s au s\u00e9rieux et contr\u00f4lent r\u00e9guli\u00e8rement la qualit\u00e9 de toutes leurs \u00e9coles d&#039;anglais agr\u00e9\u00e9es gr\u00e2ce aux retours des \u00e9tudiants, aux r\u00e9f\u00e9rences des agents et aux r\u00e9sultats d&#039;accr\u00e9ditation. Ces r\u00e9sultats doivent \u00eatre d&#039;un niveau d&#039;excellence constant.<\/p>\n<p>En choisissant une \u00e9cole d\u2019anglais de qualit\u00e9, les \u00e9tudiants peuvent s\u2019attendre aux plus hauts niveaux de soutien, de cours et d\u2019activit\u00e9s.<\/p>\n<p>Pour en savoir plus sur Quality English, rendez-vous sur :<a href=\"http:\/\/www.quality-english.com\/\" target=\"_blank\" rel=\"noopener\"> www.quality-english.com<\/a><\/p>\n\n\t\t<\/div>\n\t<\/div>\n<\/div><\/div><\/div><\/div>","protected":false},"excerpt":{"rendered":"Quality English &nbsp; Quality English schools are carefully selected from the best Independent English language schools in English speaking countries. They are renowned for their quality and reputation, and offer a choice of general and specialised courses in desirable locations around the world. All schools&nbsp;<a href=\"https:\/\/southbourneschool.co.uk\/fr\/quality-english\/\">...<\/a>","protected":false},"author":12312401,"featured_media":0,"parent":0,"menu_order":0,"comment_status":"closed","ping_status":"closed","template":"","meta":{"footnotes":""},"class_list":["post-839","page","type-page","status-publish","hentry","odd"],"yoast_head":"<!-- This site is optimized with the Yoast SEO plugin v27.3 - https:\/\/yoast.com\/product\/yoast-seo-wordpress\/ -->\n<title>Quality English - Accreditiaton - Southbourne School of English<\/title>\n<meta name=\"description\" content=\"Quality English takes quality control very seriously and regularly monitors the quality of all their licenced English language schools through feedback...\" \/>\n<meta name=\"robots\" content=\"index, follow, max-snippet:-1, max-image-preview:large, max-video-preview:-1\" \/>\n<link rel=\"canonical\" href=\"https:\/\/southbourneschool.co.uk\/fr\/anglais-de-qualite\/\" \/>\n<meta property=\"og:locale\" content=\"fr_FR\" \/>\n<meta property=\"og:type\" content=\"article\" \/>\n<meta property=\"og:title\" content=\"Quality English - Accreditiaton - Southbourne School of English\" \/>\n<meta property=\"og:description\" content=\"Quality English takes quality control very seriously and regularly monitors the quality of all their licenced English language schools through feedback...\" \/>\n<meta property=\"og:url\" content=\"https:\/\/southbourneschool.co.uk\/fr\/anglais-de-qualite\/\" \/>\n<meta property=\"og:site_name\" content=\"Southbourne School of English\" \/>\n<meta property=\"article:publisher\" content=\"https:\/\/www.facebook.com\/SouthbourneSchool\/\" \/>\n<meta property=\"article:modified_time\" content=\"2019-01-14T09:12:28+00:00\" \/>\n<meta name=\"twitter:card\" content=\"summary_large_image\" \/>\n<meta name=\"twitter:site\" content=\"@SouthbourneSofE\" \/>\n<meta name=\"twitter:label1\" content=\"Dur\u00e9e de lecture estim\u00e9e\" \/>\n\t<meta name=\"twitter:data1\" content=\"1 minute\" \/>\n<script type=\"application\/ld+json\" class=\"yoast-schema-graph\">{\"@context\":\"https:\\\/\\\/schema.org\",\"@graph\":[{\"@type\":\"WebPage\",\"@id\":\"https:\\\/\\\/southbourneschool.co.uk\\\/quality-english\\\/\",\"url\":\"https:\\\/\\\/southbourneschool.co.uk\\\/quality-english\\\/\",\"name\":\"Quality English - Accreditiaton - Southbourne School of English\",\"isPartOf\":{\"@id\":\"https:\\\/\\\/southbourneschool.co.uk\\\/#website\"},\"datePublished\":\"2018-10-19T09:40:55+00:00\",\"dateModified\":\"2019-01-14T09:12:28+00:00\",\"description\":\"Quality English takes quality control very seriously and regularly monitors the quality of all their licenced English language schools through feedback...\",\"breadcrumb\":{\"@id\":\"https:\\\/\\\/southbourneschool.co.uk\\\/quality-english\\\/#breadcrumb\"},\"inLanguage\":\"fr-FR\",\"potentialAction\":[{\"@type\":\"ReadAction\",\"target\":[\"https:\\\/\\\/southbourneschool.co.uk\\\/quality-english\\\/\"]}]},{\"@type\":\"BreadcrumbList\",\"@id\":\"https:\\\/\\\/southbourneschool.co.uk\\\/quality-english\\\/#breadcrumb\",\"itemListElement\":[{\"@type\":\"ListItem\",\"position\":1,\"name\":\"Home\",\"item\":\"https:\\\/\\\/southbourneschool.co.uk\\\/\"},{\"@type\":\"ListItem\",\"position\":2,\"name\":\"Quality English\"}]},{\"@type\":\"WebSite\",\"@id\":\"https:\\\/\\\/southbourneschool.co.uk\\\/#website\",\"url\":\"https:\\\/\\\/southbourneschool.co.uk\\\/\",\"name\":\"Southbourne School of English\",\"description\":\"We make learning English fun. A language school in Bournemouth, ideally located by the sea in a suburb of Bournemouth called Southbourne, one of the UK\u2019s most popular locations for international students.\",\"publisher\":{\"@id\":\"https:\\\/\\\/southbourneschool.co.uk\\\/#organization\"},\"potentialAction\":[{\"@type\":\"SearchAction\",\"target\":{\"@type\":\"EntryPoint\",\"urlTemplate\":\"https:\\\/\\\/southbourneschool.co.uk\\\/?s={search_term_string}\"},\"query-input\":{\"@type\":\"PropertyValueSpecification\",\"valueRequired\":true,\"valueName\":\"search_term_string\"}}],\"inLanguage\":\"fr-FR\"},{\"@type\":\"Organization\",\"@id\":\"https:\\\/\\\/southbourneschool.co.uk\\\/#organization\",\"name\":\"Southbourne School of English\",\"alternateName\":\"SSE\",\"url\":\"https:\\\/\\\/southbourneschool.co.uk\\\/\",\"logo\":{\"@type\":\"ImageObject\",\"inLanguage\":\"fr-FR\",\"@id\":\"https:\\\/\\\/southbourneschool.co.uk\\\/#\\\/schema\\\/logo\\\/image\\\/\",\"url\":\"https:\\\/\\\/southbourneschool.co.uk\\\/wp-content\\\/uploads\\\/2026\\\/01\\\/SSE-60-Year-Anniversary-Logo.png\",\"contentUrl\":\"https:\\\/\\\/southbourneschool.co.uk\\\/wp-content\\\/uploads\\\/2026\\\/01\\\/SSE-60-Year-Anniversary-Logo.png\",\"width\":1964,\"height\":1965,\"caption\":\"Southbourne School of English\"},\"image\":{\"@id\":\"https:\\\/\\\/southbourneschool.co.uk\\\/#\\\/schema\\\/logo\\\/image\\\/\"},\"sameAs\":[\"https:\\\/\\\/www.facebook.com\\\/SouthbourneSchool\\\/\",\"https:\\\/\\\/x.com\\\/SouthbourneSofE\",\"https:\\\/\\\/www.instagram.com\\\/southbourneschoolofenglish\\\/\",\"https:\\\/\\\/www.tiktok.com\\\/@southbourne\",\"https:\\\/\\\/www.youtube.com\\\/@southbourneschoolofenglish4522\"]}]}<\/script>\n<!-- \/ Yoast SEO plugin. -->","yoast_head_json":{"title":"Anglais de qualit\u00e9 - Accr\u00e9ditation - Southbourne School of English","description":"Quality English prend le contr\u00f4le de la qualit\u00e9 tr\u00e8s au s\u00e9rieux et surveille r\u00e9guli\u00e8rement la qualit\u00e9 de toutes ses \u00e9coles d&#039;anglais agr\u00e9\u00e9es gr\u00e2ce \u00e0 des commentaires...","robots":{"index":"index","follow":"follow","max-snippet":"max-snippet:-1","max-image-preview":"max-image-preview:large","max-video-preview":"max-video-preview:-1"},"canonical":"https:\/\/southbourneschool.co.uk\/fr\/anglais-de-qualite\/","og_locale":"fr_FR","og_type":"article","og_title":"Quality English - Accreditiaton - Southbourne School of English","og_description":"Quality English takes quality control very seriously and regularly monitors the quality of all their licenced English language schools through feedback...","og_url":"https:\/\/southbourneschool.co.uk\/fr\/anglais-de-qualite\/","og_site_name":"Southbourne School of English","article_publisher":"https:\/\/www.facebook.com\/SouthbourneSchool\/","article_modified_time":"2019-01-14T09:12:28+00:00","twitter_card":"summary_large_image","twitter_site":"@SouthbourneSofE","twitter_misc":{"Dur\u00e9e de lecture estim\u00e9e":"1 minute"},"schema":{"@context":"https:\/\/schema.org","@graph":[{"@type":"WebPage","@id":"https:\/\/southbourneschool.co.uk\/quality-english\/","url":"https:\/\/southbourneschool.co.uk\/quality-english\/","name":"Anglais de qualit\u00e9 - Accr\u00e9ditation - Southbourne School of English","isPartOf":{"@id":"https:\/\/southbourneschool.co.uk\/#website"},"datePublished":"2018-10-19T09:40:55+00:00","dateModified":"2019-01-14T09:12:28+00:00","description":"Quality English prend le contr\u00f4le de la qualit\u00e9 tr\u00e8s au s\u00e9rieux et surveille r\u00e9guli\u00e8rement la qualit\u00e9 de toutes ses \u00e9coles d&#039;anglais agr\u00e9\u00e9es gr\u00e2ce \u00e0 des commentaires...","breadcrumb":{"@id":"https:\/\/southbourneschool.co.uk\/quality-english\/#breadcrumb"},"inLanguage":"fr-FR","potentialAction":[{"@type":"ReadAction","target":["https:\/\/southbourneschool.co.uk\/quality-english\/"]}]},{"@type":"BreadcrumbList","@id":"https:\/\/southbourneschool.co.uk\/quality-english\/#breadcrumb","itemListElement":[{"@type":"ListItem","position":1,"name":"Home","item":"https:\/\/southbourneschool.co.uk\/"},{"@type":"ListItem","position":2,"name":"Quality English"}]},{"@type":"WebSite","@id":"https:\/\/southbourneschool.co.uk\/#website","url":"https:\/\/southbourneschool.co.uk\/","name":"\u00c9cole d'anglais de Southbourne","description":"Nous rendons l'apprentissage de l'anglais amusant. Une \u00e9cole de langue \u00e0 Bournemouth, id\u00e9alement situ\u00e9e en bord de mer dans la banlieue de Bournemouth appel\u00e9e Southbourne, l'un des endroits les plus populaires du Royaume-Uni pour les \u00e9tudiants internationaux.","publisher":{"@id":"https:\/\/southbourneschool.co.uk\/#organization"},"potentialAction":[{"@type":"SearchAction","target":{"@type":"EntryPoint","urlTemplate":"https:\/\/southbourneschool.co.uk\/?s={search_term_string}"},"query-input":{"@type":"PropertyValueSpecification","valueRequired":true,"valueName":"search_term_string"}}],"inLanguage":"fr-FR"},{"@type":"Organization","@id":"https:\/\/southbourneschool.co.uk\/#organization","name":"\u00c9cole d'anglais de Southbourne","alternateName":"SSE","url":"https:\/\/southbourneschool.co.uk\/","logo":{"@type":"ImageObject","inLanguage":"fr-FR","@id":"https:\/\/southbourneschool.co.uk\/#\/schema\/logo\/image\/","url":"https:\/\/southbourneschool.co.uk\/wp-content\/uploads\/2026\/01\/SSE-60-Year-Anniversary-Logo.png","contentUrl":"https:\/\/southbourneschool.co.uk\/wp-content\/uploads\/2026\/01\/SSE-60-Year-Anniversary-Logo.png","width":1964,"height":1965,"caption":"Southbourne School of English"},"image":{"@id":"https:\/\/southbourneschool.co.uk\/#\/schema\/logo\/image\/"},"sameAs":["https:\/\/www.facebook.com\/SouthbourneSchool\/","https:\/\/x.com\/SouthbourneSofE","https:\/\/www.instagram.com\/southbourneschoolofenglish\/","https:\/\/www.tiktok.com\/@southbourne","https:\/\/www.youtube.com\/@southbourneschoolofenglish4522"]}]}},"featured_image_src":null,"featured_image_src_square":null,"_links":{"self":[{"href":"https:\/\/southbourneschool.co.uk\/fr\/wp-json\/wp\/v2\/pages\/839","targetHints":{"allow":["GET"]}}],"collection":[{"href":"https:\/\/southbourneschool.co.uk\/fr\/wp-json\/wp\/v2\/pages"}],"about":[{"href":"https:\/\/southbourneschool.co.uk\/fr\/wp-json\/wp\/v2\/types\/page"}],"author":[{"embeddable":true,"href":"https:\/\/southbourneschool.co.uk\/fr\/wp-json\/wp\/v2\/users\/12312401"}],"replies":[{"embeddable":true,"href":"https:\/\/southbourneschool.co.uk\/fr\/wp-json\/wp\/v2\/comments?post=839"}],"version-history":[{"count":0,"href":"https:\/\/southbourneschool.co.uk\/fr\/wp-json\/wp\/v2\/pages\/839\/revisions"}],"wp:attachment":[{"href":"https:\/\/southbourneschool.co.uk\/fr\/wp-json\/wp\/v2\/media?parent=839"}],"curies":[{"name":"wp","href":"https:\/\/api.w.org\/{rel}","templated":true}]}}