{"id":1051,"date":"2018-10-26T15:14:34","date_gmt":"2018-10-26T14:14:34","guid":{"rendered":"https:\/\/southbournese.wpengine.com\/?page_id=1051"},"modified":"2026-02-06T14:07:31","modified_gmt":"2026-02-06T14:07:31","slug":"grupni-tecajevi-tijekom-cijele-godine","status":"publish","type":"page","link":"https:\/\/southbourneschool.co.uk\/hr\/english-courses\/junior-language-courses\/year-round-group-courses\/","title":{"rendered":"Grupni te\u010dajevi (tijekom cijele godine)"},"content":{"rendered":"<section data-vc-full-width=\"true\" data-vc-full-width-init=\"false\" class=\"vc_section vc_custom_1723044181369 vc_section-has-fill\"><\/section><div class=\"vc_row-full-width vc_clearfix\"><\/div><div class=\"vc_row wpb_row vc_row-fluid vc_custom_1532605752662\"><div class=\"wpb_column vc_column_container vc_col-sm-7\"><div class=\"vc_column-inner vc_custom_1540563254526\"><div class=\"wpb_wrapper\"><h1 style=\"color: #7bbb58;text-align: left\" class=\"vc_custom_heading vc_custom_1723205287129\" >Grupni te\u010dajevi (tijekom cijele godine)<\/h1><h4 style=\"text-align: left\" class=\"vc_custom_heading\" >U \u0161koli Southbourne tijekom cijele godine odr\u017eavamo te\u010dajeve u zatvorenim grupama. Te\u010dajevi mogu trajati najmanje tjedan dana. Na\u0161a glavna \u0161kola prima u\u010denike od 9 godina i vi\u0161e.<\/h4>\n\t<div class=\"wpb_text_column wpb_content_element  vc_custom_1712063888289\" >\n\t\t<div class=\"wpb_wrapper\">\n\t\t\t<p><strong>Na\u0161i juniorski grupni te\u010dajevi uklju\u010duju:<\/strong><\/p>\n<ul>\n<li>15\/21 sati poduke tjedno.<\/li>\n<li>Smje\u0161taj kod lokalnih doma\u0107ina koje je provjerila policija, a sve na pje\u0161a\u010dkoj udaljenosti od \u0161kole.<\/li>\n<li>Izbor toplog ili hladnog ru\u010dka u \u0161koli.<\/li>\n<li>Vikend izleti.<\/li>\n<li>Raznolik dru\u0161tveni program s puno zabavnih i zanimljivih dnevnih aktivnosti.<\/li>\n<li>Fakultativne ve\u010dernje aktivnosti.<\/li>\n<li>Certifikat s razinom postignu\u0107a.<\/li>\n<li>Svje\u017ee pripremljen doru\u010dak, ru\u010dak i ve\u010dera tijekom cijelog tjedna.<\/li>\n<li>U\u010dionice opremljene interaktivnim pametnim plo\u010dama i klima ure\u0111ajima.<\/li>\n<li>Moderne, svijetle u\u010dionice s udobnim namje\u0161tajem.<\/li>\n<\/ul>\n<p>Tako\u0111er nudimo <a href=\"https:\/\/southbourneschool.co.uk\/hr\/language-courses\/tecajevi-jezika-za-juniore\/ljetni-tecajevi\/\"><strong>Ljetni te\u010dajevi za juniore<\/strong><\/a> i za pojedince!<\/p>\n\n\t\t<\/div>\n\t<\/div>\n\n\t<div  class=\"wpb_single_image wpb_content_element vc_align_left\">\n\t\t\n\t\t<figure class=\"wpb_wrapper vc_figure\">\n\t\t\t<div class=\"vc_single_image-wrapper   vc_box_border_grey\"><img loading=\"lazy\" decoding=\"async\" class=\"vc_single_image-img\" src=\"https:\/\/southbourneschool.co.uk\/wp-content\/uploads\/2019\/01\/LOCATION_SSE_229-e1548693284510.jpg\" width=\"1000\" height=\"701\" alt=\"Polaznici ljetnog te\u010daja ispred Ureda za aktivnosti\" title=\"LOKACIJA_JSE_229\" \/><\/div>\n\t\t<\/figure>\n\t<\/div>\n<section class=\"vc_cta3-container\"><div class=\"vc_general vc_cta3 vc_cta3-style-classic vc_cta3-shape-rounded vc_cta3-align-left vc_cta3-color-classic vc_cta3-icon-size-md vc_cta3-actions-bottom\"><div class=\"vc_cta3_content-container\"><div class=\"vc_cta3-content\"><header class=\"vc_cta3-content-header\"><h2>Zatra\u017eite ponudu za te\u010daj u roku od 24 sata!<\/h2><\/header><p>Ispunite na\u0161 obrazac zahtjeva za ponudu i mi \u0107emo vas kontaktirati putem e-po\u0161te ili WhatsAppa s prilago\u0111enom ponudom u roku od 24 sata.<\/p>\n<\/div><div class=\"vc_cta3-actions\"><div class=\"vc_btn3-container vc_btn3-inline\" ><a class=\"vc_general vc_btn3 vc_btn3-size-lg vc_btn3-shape-rounded vc_btn3-style-modern vc_btn3-color-success\" href=\"https:\/\/southbourneschool.co.uk\/hr\/zatrazite-ponudu\/\" title=\"Zatra\u017eite ponudu\">Zatra\u017eite ponudu<\/a><\/div><\/div><\/div><\/div><\/section><\/div><\/div><\/div><div class=\"wpb_column vc_column_container vc_col-sm-4 vc_col-sm-offset-1 vc_hidden-xs\"><div class=\"vc_column-inner\"><div class=\"wpb_wrapper\"><div  class=\"vc_wp_custommenu wpb_content_element child-page-menu\"><div class=\"widget widget_nav_menu\"><div class=\"menu-language-course-child-menu-container\"><ul id=\"menu-language-course-child-menu\" class=\"menu\"><li id=\"menu-item-794\" class=\"menu-item menu-item-type-post_type menu-item-object-page menu-item-has-children menu-item-794 msm-top-level-item\"><a href=\"https:\/\/southbourneschool.co.uk\/hr\/english-courses\/\">Te\u010dajevi engleskog<\/a>\n<ul class=\"sub-menu\">\n\t<li id=\"menu-item-3297\" class=\"menu-item menu-item-type-post_type menu-item-object-page menu-item-3297\"><a href=\"https:\/\/southbourneschool.co.uk\/hr\/request-a-quote\/\">Zatra\u017eite ponudu<\/a><\/li>\n\t<li id=\"menu-item-646\" class=\"menu-item menu-item-type-post_type menu-item-object-page menu-item-646\"><a href=\"https:\/\/southbourneschool.co.uk\/hr\/english-courses\/how-to-book-your-english-course\/\">Kako rezervirati svoj te\u010daj engleskog<\/a><\/li>\n\t<li id=\"menu-item-384\" class=\"menu-item menu-item-type-post_type menu-item-object-page menu-item-has-children menu-item-384\"><a href=\"https:\/\/southbourneschool.co.uk\/hr\/english-courses\/adult-language-courses\/\">Te\u010dajevi engleskog za odrasle<\/a>\n\t<ul class=\"sub-menu\">\n\t\t<li id=\"menu-item-383\" class=\"menu-item menu-item-type-post_type menu-item-object-page menu-item-383\"><a href=\"https:\/\/southbourneschool.co.uk\/hr\/english-courses\/adult-language-courses\/general-intensive\/\">Op\u0107i i intenzivni te\u010dajevi engleskog jezika<\/a><\/li>\n\t\t<li id=\"menu-item-394\" class=\"menu-item menu-item-type-post_type menu-item-object-page menu-item-394\"><a href=\"https:\/\/southbourneschool.co.uk\/hr\/english-courses\/adult-language-courses\/one-to-one-english\/\">Individualni te\u010dajevi engleskog jezika<\/a><\/li>\n\t\t<li id=\"menu-item-1039\" class=\"menu-item menu-item-type-post_type menu-item-object-page menu-item-1039\"><a href=\"https:\/\/southbourneschool.co.uk\/hr\/english-courses\/adult-language-courses\/summer-vacation-courses\/\">Ljetni te\u010dajevi engleskog za odrasle (16+)<\/a><\/li>\n\t\t<li id=\"menu-item-1038\" class=\"menu-item menu-item-type-post_type menu-item-object-page menu-item-1038\"><a href=\"https:\/\/southbourneschool.co.uk\/hr\/english-courses\/adult-language-courses\/examination-courses\/\">Cambridge ispitni te\u010dajevi engleskog<\/a><\/li>\n\t<\/ul>\n<\/li>\n\t<li id=\"menu-item-618\" class=\"menu-item menu-item-type-post_type menu-item-object-page menu-item-has-children menu-item-618\"><a href=\"https:\/\/southbourneschool.co.uk\/hr\/english-courses\/junior-language-courses\/\">Te\u010dajevi engleskog za juniore<\/a>\n\t<ul class=\"sub-menu\">\n\t\t<li id=\"menu-item-633\" class=\"menu-item menu-item-type-post_type menu-item-object-page menu-item-633\"><a href=\"https:\/\/southbourneschool.co.uk\/hr\/english-courses\/junior-language-courses\/summer-courses\/\">Ljetni te\u010dajevi engleskog za mlade (9-15 godina)<\/a><\/li>\n\t\t<li id=\"menu-item-1055\" class=\"menu-item menu-item-type-post_type menu-item-object-page menu-item-1055\"><a href=\"https:\/\/southbourneschool.co.uk\/hr\/english-courses\/junior-language-courses\/year-round-group-courses\/\">Grupni te\u010dajevi engleskog (cijele godine)<\/a><\/li>\n\t<\/ul>\n<\/li>\n\t<li id=\"menu-item-647\" class=\"menu-item menu-item-type-post_type menu-item-object-page menu-item-647\"><a href=\"https:\/\/southbourneschool.co.uk\/hr\/english-courses\/guide-to-levels\/\">Vodi\u010d kroz razine<\/a><\/li>\n<\/ul>\n<\/li>\n<\/ul><\/div><\/div><\/div><\/div><\/div><\/div><\/div>","protected":false},"excerpt":{"rendered":"Group Courses (Year-Round)We run closed group courses at Southbourne School all year round. The courses can be for a minimum of one week. Our main school takes students aged 9 and above. Our Junior Group Courses include: 15\/21 hours of tuition a week. Accommodation with&nbsp;<a href=\"https:\/\/southbourneschool.co.uk\/hr\/english-courses\/junior-language-courses\/year-round-group-courses\/\">\u2026<\/a>","protected":false},"author":12312401,"featured_media":0,"parent":611,"menu_order":1,"comment_status":"closed","ping_status":"closed","template":"","meta":{"footnotes":""},"class_list":["post-1051","page","type-page","status-publish","hentry","odd"],"yoast_head":"<!-- This site is optimized with the Yoast SEO plugin v27.5 - https:\/\/yoast.com\/product\/yoast-seo-wordpress\/ -->\n<title>Group Courses (Year-Round) - Southbourne School of English<\/title>\n<meta name=\"description\" content=\"We run closed group courses at Southbourne School all year round for students age 9+. These courses can be for a minimum of one week.\" \/>\n<meta name=\"robots\" content=\"index, follow, max-snippet:-1, max-image-preview:large, max-video-preview:-1\" \/>\n<link rel=\"canonical\" href=\"https:\/\/southbourneschool.co.uk\/hr\/tecajevi-engleskog-jezika\/tecajevi-jezika-za-juniore\/grupni-tecajevi-tijekom-cijele-godine\/\" \/>\n<meta property=\"og:locale\" content=\"hr_HR\" \/>\n<meta property=\"og:type\" content=\"article\" \/>\n<meta property=\"og:title\" content=\"Group Courses (Year-Round) - Southbourne School of English\" \/>\n<meta property=\"og:description\" content=\"We run closed group courses at Southbourne School all year round for students age 9+. These courses can be for a minimum of one week.\" \/>\n<meta property=\"og:url\" content=\"https:\/\/southbourneschool.co.uk\/hr\/tecajevi-engleskog-jezika\/tecajevi-jezika-za-juniore\/grupni-tecajevi-tijekom-cijele-godine\/\" \/>\n<meta property=\"og:site_name\" content=\"Southbourne School of English\" \/>\n<meta property=\"article:publisher\" content=\"https:\/\/www.facebook.com\/SouthbourneSchool\/\" \/>\n<meta property=\"article:modified_time\" content=\"2026-02-06T14:07:31+00:00\" \/>\n<meta name=\"twitter:card\" content=\"summary_large_image\" \/>\n<meta name=\"twitter:site\" content=\"@SouthbourneSofE\" \/>\n<meta name=\"twitter:label1\" content=\"Procijenjeno vrijeme \u010ditanja\" \/>\n\t<meta name=\"twitter:data1\" content=\"2 minute\" \/>\n<script type=\"application\/ld+json\" class=\"yoast-schema-graph\">{\"@context\":\"https:\\\/\\\/schema.org\",\"@graph\":[{\"@type\":\"WebPage\",\"@id\":\"https:\\\/\\\/southbourneschool.co.uk\\\/english-courses\\\/junior-language-courses\\\/year-round-group-courses\\\/\",\"url\":\"https:\\\/\\\/southbourneschool.co.uk\\\/english-courses\\\/junior-language-courses\\\/year-round-group-courses\\\/\",\"name\":\"Group Courses (Year-Round) - Southbourne School of English\",\"isPartOf\":{\"@id\":\"https:\\\/\\\/southbourneschool.co.uk\\\/#website\"},\"datePublished\":\"2018-10-26T14:14:34+00:00\",\"dateModified\":\"2026-02-06T14:07:31+00:00\",\"description\":\"We run closed group courses at Southbourne School all year round for students age 9+. These courses can be for a minimum of one week.\",\"breadcrumb\":{\"@id\":\"https:\\\/\\\/southbourneschool.co.uk\\\/english-courses\\\/junior-language-courses\\\/year-round-group-courses\\\/#breadcrumb\"},\"inLanguage\":\"hr\",\"potentialAction\":[{\"@type\":\"ReadAction\",\"target\":[\"https:\\\/\\\/southbourneschool.co.uk\\\/english-courses\\\/junior-language-courses\\\/year-round-group-courses\\\/\"]}]},{\"@type\":\"BreadcrumbList\",\"@id\":\"https:\\\/\\\/southbourneschool.co.uk\\\/english-courses\\\/junior-language-courses\\\/year-round-group-courses\\\/#breadcrumb\",\"itemListElement\":[{\"@type\":\"ListItem\",\"position\":1,\"name\":\"Home\",\"item\":\"https:\\\/\\\/southbourneschool.co.uk\\\/\"},{\"@type\":\"ListItem\",\"position\":2,\"name\":\"English Courses\",\"item\":\"https:\\\/\\\/southbourneschool.co.uk\\\/english-courses\\\/\"},{\"@type\":\"ListItem\",\"position\":3,\"name\":\"Junior English Courses\",\"item\":\"https:\\\/\\\/southbourneschool.co.uk\\\/english-courses\\\/junior-language-courses\\\/\"},{\"@type\":\"ListItem\",\"position\":4,\"name\":\"Group Courses (Year-Round)\"}]},{\"@type\":\"WebSite\",\"@id\":\"https:\\\/\\\/southbourneschool.co.uk\\\/#website\",\"url\":\"https:\\\/\\\/southbourneschool.co.uk\\\/\",\"name\":\"Southbourne School of English\",\"description\":\"We make learning English fun. A language school in Bournemouth, ideally located by the sea in a suburb of Bournemouth called Southbourne, one of the UK\u2019s most popular locations for international students.\",\"publisher\":{\"@id\":\"https:\\\/\\\/southbourneschool.co.uk\\\/#organization\"},\"potentialAction\":[{\"@type\":\"SearchAction\",\"target\":{\"@type\":\"EntryPoint\",\"urlTemplate\":\"https:\\\/\\\/southbourneschool.co.uk\\\/?s={search_term_string}\"},\"query-input\":{\"@type\":\"PropertyValueSpecification\",\"valueRequired\":true,\"valueName\":\"search_term_string\"}}],\"inLanguage\":\"hr\"},{\"@type\":\"Organization\",\"@id\":\"https:\\\/\\\/southbourneschool.co.uk\\\/#organization\",\"name\":\"Southbourne School of English\",\"alternateName\":\"SSE\",\"url\":\"https:\\\/\\\/southbourneschool.co.uk\\\/\",\"logo\":{\"@type\":\"ImageObject\",\"inLanguage\":\"hr\",\"@id\":\"https:\\\/\\\/southbourneschool.co.uk\\\/#\\\/schema\\\/logo\\\/image\\\/\",\"url\":\"https:\\\/\\\/southbourneschool.co.uk\\\/wp-content\\\/uploads\\\/2026\\\/01\\\/SSE-60-Year-Anniversary-Logo.png\",\"contentUrl\":\"https:\\\/\\\/southbourneschool.co.uk\\\/wp-content\\\/uploads\\\/2026\\\/01\\\/SSE-60-Year-Anniversary-Logo.png\",\"width\":1964,\"height\":1965,\"caption\":\"Southbourne School of English\"},\"image\":{\"@id\":\"https:\\\/\\\/southbourneschool.co.uk\\\/#\\\/schema\\\/logo\\\/image\\\/\"},\"sameAs\":[\"https:\\\/\\\/www.facebook.com\\\/SouthbourneSchool\\\/\",\"https:\\\/\\\/x.com\\\/SouthbourneSofE\",\"https:\\\/\\\/www.instagram.com\\\/southbourneschoolofenglish\\\/\",\"https:\\\/\\\/www.tiktok.com\\\/@southbourne\",\"https:\\\/\\\/www.youtube.com\\\/@southbourneschoolofenglish4522\"]}]}<\/script>\n<!-- \/ Yoast SEO plugin. -->","yoast_head_json":{"title":"Grupni te\u010dajevi (tijekom cijele godine) - Southbourne School of English","description":"U \u0161koli Southbourne tijekom cijele godine odr\u017eavamo te\u010dajeve zatvorenog tipa za u\u010denike starije od 9 godina. Ovi te\u010dajevi mogu trajati najmanje tjedan dana.","robots":{"index":"index","follow":"follow","max-snippet":"max-snippet:-1","max-image-preview":"max-image-preview:large","max-video-preview":"max-video-preview:-1"},"canonical":"https:\/\/southbourneschool.co.uk\/hr\/tecajevi-engleskog-jezika\/tecajevi-jezika-za-juniore\/grupni-tecajevi-tijekom-cijele-godine\/","og_locale":"hr_HR","og_type":"article","og_title":"Group Courses (Year-Round) - Southbourne School of English","og_description":"We run closed group courses at Southbourne School all year round for students age 9+. These courses can be for a minimum of one week.","og_url":"https:\/\/southbourneschool.co.uk\/hr\/tecajevi-engleskog-jezika\/tecajevi-jezika-za-juniore\/grupni-tecajevi-tijekom-cijele-godine\/","og_site_name":"Southbourne School of English","article_publisher":"https:\/\/www.facebook.com\/SouthbourneSchool\/","article_modified_time":"2026-02-06T14:07:31+00:00","twitter_card":"summary_large_image","twitter_site":"@SouthbourneSofE","twitter_misc":{"Procijenjeno vrijeme \u010ditanja":"2 minute"},"schema":{"@context":"https:\/\/schema.org","@graph":[{"@type":"WebPage","@id":"https:\/\/southbourneschool.co.uk\/english-courses\/junior-language-courses\/year-round-group-courses\/","url":"https:\/\/southbourneschool.co.uk\/english-courses\/junior-language-courses\/year-round-group-courses\/","name":"Grupni te\u010dajevi (tijekom cijele godine) - Southbourne School of English","isPartOf":{"@id":"https:\/\/southbourneschool.co.uk\/#website"},"datePublished":"2018-10-26T14:14:34+00:00","dateModified":"2026-02-06T14:07:31+00:00","description":"U \u0161koli Southbourne tijekom cijele godine odr\u017eavamo te\u010dajeve zatvorenog tipa za u\u010denike starije od 9 godina. Ovi te\u010dajevi mogu trajati najmanje tjedan dana.","breadcrumb":{"@id":"https:\/\/southbourneschool.co.uk\/english-courses\/junior-language-courses\/year-round-group-courses\/#breadcrumb"},"inLanguage":"hr","potentialAction":[{"@type":"ReadAction","target":["https:\/\/southbourneschool.co.uk\/english-courses\/junior-language-courses\/year-round-group-courses\/"]}]},{"@type":"BreadcrumbList","@id":"https:\/\/southbourneschool.co.uk\/english-courses\/junior-language-courses\/year-round-group-courses\/#breadcrumb","itemListElement":[{"@type":"ListItem","position":1,"name":"Home","item":"https:\/\/southbourneschool.co.uk\/"},{"@type":"ListItem","position":2,"name":"English Courses","item":"https:\/\/southbourneschool.co.uk\/english-courses\/"},{"@type":"ListItem","position":3,"name":"Junior English Courses","item":"https:\/\/southbourneschool.co.uk\/english-courses\/junior-language-courses\/"},{"@type":"ListItem","position":4,"name":"Group Courses (Year-Round)"}]},{"@type":"WebSite","@id":"https:\/\/southbourneschool.co.uk\/#website","url":"https:\/\/southbourneschool.co.uk\/","name":"\u0160kola engleskog jezika Southbourne","description":"U\u010denje engleskog jezika \u010dinimo zabavnim. \u0160kola jezika u Bournemouthu, idealno smje\u0161tena uz more u predgra\u0111u Bournemoutha zvanom Southbourne, jednom od najpopularnijih mjesta u Ujedinjenom Kraljevstvu za me\u0111unarodne studente.","publisher":{"@id":"https:\/\/southbourneschool.co.uk\/#organization"},"potentialAction":[{"@type":"SearchAction","target":{"@type":"EntryPoint","urlTemplate":"https:\/\/southbourneschool.co.uk\/?s={search_term_string}"},"query-input":{"@type":"PropertyValueSpecification","valueRequired":true,"valueName":"search_term_string"}}],"inLanguage":"hr"},{"@type":"Organization","@id":"https:\/\/southbourneschool.co.uk\/#organization","name":"\u0160kola engleskog jezika Southbourne","alternateName":"SSE","url":"https:\/\/southbourneschool.co.uk\/","logo":{"@type":"ImageObject","inLanguage":"hr","@id":"https:\/\/southbourneschool.co.uk\/#\/schema\/logo\/image\/","url":"https:\/\/southbourneschool.co.uk\/wp-content\/uploads\/2026\/01\/SSE-60-Year-Anniversary-Logo.png","contentUrl":"https:\/\/southbourneschool.co.uk\/wp-content\/uploads\/2026\/01\/SSE-60-Year-Anniversary-Logo.png","width":1964,"height":1965,"caption":"Southbourne School of English"},"image":{"@id":"https:\/\/southbourneschool.co.uk\/#\/schema\/logo\/image\/"},"sameAs":["https:\/\/www.facebook.com\/SouthbourneSchool\/","https:\/\/x.com\/SouthbourneSofE","https:\/\/www.instagram.com\/southbourneschoolofenglish\/","https:\/\/www.tiktok.com\/@southbourne","https:\/\/www.youtube.com\/@southbourneschoolofenglish4522"]}]}},"featured_image_src":null,"featured_image_src_square":null,"_links":{"self":[{"href":"https:\/\/southbourneschool.co.uk\/hr\/wp-json\/wp\/v2\/pages\/1051","targetHints":{"allow":["GET"]}}],"collection":[{"href":"https:\/\/southbourneschool.co.uk\/hr\/wp-json\/wp\/v2\/pages"}],"about":[{"href":"https:\/\/southbourneschool.co.uk\/hr\/wp-json\/wp\/v2\/types\/page"}],"author":[{"embeddable":true,"href":"https:\/\/southbourneschool.co.uk\/hr\/wp-json\/wp\/v2\/users\/12312401"}],"replies":[{"embeddable":true,"href":"https:\/\/southbourneschool.co.uk\/hr\/wp-json\/wp\/v2\/comments?post=1051"}],"version-history":[{"count":0,"href":"https:\/\/southbourneschool.co.uk\/hr\/wp-json\/wp\/v2\/pages\/1051\/revisions"}],"up":[{"embeddable":true,"href":"https:\/\/southbourneschool.co.uk\/hr\/wp-json\/wp\/v2\/pages\/611"}],"wp:attachment":[{"href":"https:\/\/southbourneschool.co.uk\/hr\/wp-json\/wp\/v2\/media?parent=1051"}],"curies":[{"name":"radni list","href":"https:\/\/api.w.org\/{rel}","templated":true}]}}