{"id":706,"date":"2018-08-16T16:00:39","date_gmt":"2018-08-16T15:00:39","guid":{"rendered":"https:\/\/southbournese.wpengine.com\/?page_id=706"},"modified":"2024-10-16T15:50:47","modified_gmt":"2024-10-16T14:50:47","slug":"smjestajna-dobrobit","status":"publish","type":"page","link":"https:\/\/southbourneschool.co.uk\/hr\/studying-in-bournemouth\/accommodation-welfare\/","title":{"rendered":"Smje\u0161taj i socijalna skrb"},"content":{"rendered":"<section data-vc-full-width=\"true\" data-vc-full-width-init=\"false\" data-vc-stretch-content=\"true\" class=\"vc_section vc_custom_1723040277974 vc_section-has-fill\"><\/section><div class=\"vc_row-full-width vc_clearfix\"><\/div><div class=\"vc_row wpb_row vc_row-fluid vc_custom_1532605005893\"><div class=\"wpb_column vc_column_container vc_col-sm-8\"><div class=\"vc_column-inner vc_custom_1534429877191\"><div class=\"wpb_wrapper\"><h1 style=\"text-align: left\" class=\"vc_custom_heading vc_custom_1534431313579\" >Smje\u0161taj i socijalna skrb<\/h1><h4 style=\"text-align: left\" class=\"vc_custom_heading vc_custom_1712919193342\" >\u017delimo da se na\u0161i u\u010denici osje\u0107aju kao da su &#039;kod ku\u0107e daleko od doma&#039;.<\/h4>\n\t<div class=\"wpb_text_column wpb_content_element  vc_custom_1712919557153\" >\n\t\t<div class=\"wpb_wrapper\">\n\t\t\t<p>\u017delimo da boravak u\u010denika u \u0161koli engleskog jezika Southbourne bude \u0161to ugodniji i nezaboravniji. Nakon \u0161kole u\u010denici imaju priliku provesti vrijeme sa svojim doma\u0107inima ili sudjelovati u neobaveznim ve\u010dernjim aktivnostima.<\/p>\n<p>Smje\u0161taj kod ku\u0107e vrlo je popularan izbor za studente jer uvelike utje\u010de na to koliko dobro u\u010de engleski jezik i britansku kulturu.<\/p>\n<p>Na\u0161 slu\u017ebenik za smje\u0161taj smje\u0161ta u\u010denike starije od 10 godina u smje\u0161taj u obitelji, bilo da je to na pje\u0161a\u010dkoj udaljenosti ili kratkom vo\u017enjom autobusom od \u0161kole.<\/p>\n\n\t\t<\/div>\n\t<\/div>\n<\/div><\/div><\/div><div class=\"wpb_column vc_column_container vc_col-sm-4 vc_hidden-xs\"><div class=\"vc_column-inner\"><div class=\"wpb_wrapper\"><div  class=\"vc_wp_custommenu wpb_content_element child-page-menu\"><div class=\"widget widget_nav_menu\"><div class=\"menu-studying-in-bournemouth-child-container\"><ul id=\"menu-studying-in-bournemouth-child\" class=\"menu\"><li id=\"menu-item-688\" class=\"menu-item menu-item-type-post_type menu-item-object-page menu-item-has-children menu-item-688 msm-top-level-item\"><a href=\"https:\/\/southbourneschool.co.uk\/hr\/studying-in-bournemouth\/\">Studira u Bournemouthu<\/a>\n<ul class=\"sub-menu\">\n\t<li id=\"menu-item-687\" class=\"menu-item menu-item-type-post_type menu-item-object-page menu-item-687\"><a href=\"https:\/\/southbourneschool.co.uk\/hr\/studying-in-bournemouth\/travelling-to-britain\/\">Putovanje u Britaniju<\/a><\/li>\n\t<li id=\"menu-item-705\" class=\"menu-item menu-item-type-post_type menu-item-object-page menu-item-705\"><a href=\"https:\/\/southbourneschool.co.uk\/hr\/studying-in-bournemouth\/school-activities\/\">\u0160kolske aktivnosti<\/a><\/li>\n\t<li id=\"menu-item-704\" class=\"menu-item menu-item-type-post_type menu-item-object-page menu-item-704\"><a href=\"https:\/\/southbourneschool.co.uk\/hr\/studying-in-bournemouth\/our-location\/\">Na\u0161a lokacija<\/a><\/li>\n\t<li id=\"menu-item-723\" class=\"menu-item menu-item-type-post_type menu-item-object-page menu-item-723\"><a href=\"https:\/\/southbourneschool.co.uk\/hr\/studying-in-bournemouth\/accommodation-welfare\/\">Smje\u0161taj i socijalna skrb<\/a><\/li>\n\t<li id=\"menu-item-729\" class=\"menu-item menu-item-type-post_type menu-item-object-page menu-item-729\"><a href=\"https:\/\/southbourneschool.co.uk\/hr\/studying-in-bournemouth\/accommodation-welfare\/homestay\/\">Smje\u0161taj u obitelji<\/a><\/li>\n\t<li id=\"menu-item-733\" class=\"menu-item menu-item-type-post_type menu-item-object-page menu-item-733\"><a href=\"https:\/\/southbourneschool.co.uk\/hr\/studying-in-bournemouth\/accommodation-welfare\/guesthouses-hotels\/\">Pansioni i hoteli<\/a><\/li>\n<\/ul>\n<\/li>\n<\/ul><\/div><\/div><\/div><\/div><\/div><\/div><\/div><div class=\"vc_row wpb_row vc_row-fluid vc_custom_1490099324525 vc_column-gap-10\"><div class=\"wpb_column vc_column_container vc_col-sm-9\"><div class=\"vc_column-inner\"><div class=\"wpb_wrapper\">\n\t<div class=\"wpb_text_column wpb_content_element  vc_custom_1729090244571\" >\n\t\t<div class=\"wpb_wrapper\">\n\t\t\t<h2>Smje\u0161taj i socijalna skrb<\/h2>\n<p>Slu\u017ebenik za smje\u0161taj i socijalnu skrb ovdje je kako bi osigurao da su na\u0161i u\u010denici sretni i zdravi. Dakle, bez obzira na to koliko je problem velik ili malen, oni su tu da pomognu.<\/p>\n<p>Prilikom tra\u017eenja lije\u010dni\u010dkog savjeta, ve\u0107ina studenata posje\u0107uje lije\u010dnika ili stomatologa svog doma\u0107ina, ali mi vam mo\u017eemo pomo\u0107i u organiziranju termina. Prije putovanja u Veliku Britaniju preporu\u010dujemo da uzmete zdravstveno osiguranje. Studenti iz EU mogu podnijeti zahtjev za britansku GHIC karticu.<\/p>\n<p>Tako\u0111er imamo 24-satnu hitnu liniju za doma\u0107ine i studente. \u010clan osoblja pomo\u0107i \u0107e vam u bilo kojoj hitnoj situaciji izvan radnog vremena.<\/p>\n<p>Studenti starijih godina mla\u0111i od 18 godina koji putuju samostalno sastat \u0107e se s na\u0161im slu\u017ebenikom za socijalnu skrb jednom tjedno. Razgovarat \u0107e s njim o svim problemima ili pote\u0161ko\u0107ama koje imaju s prilago\u0111avanjem \u017eivotu u Engleskoj.<\/p>\n<p><em>*Podaci su dostupni na recepciji \u0161kole<\/em><\/p>\n<h2>Blagostanje<\/h2>\n<p>U Ujedinjenom Kraljevstvu svatko mla\u0111i od 18 godina smatra se maloljetnikom. Moramo voditi posebnu brigu o studentima mla\u0111ima od 18 godina. Svaki tjedan odr\u017eat \u0107e se sastanak s na\u0161im slu\u017ebenikom za socijalnu skrb, Charliejem, za studente koji imaju 15, 16 ili 17 godina i nisu dio grupe. Studenti moraju prisustvovati ovom sastanku. Kathryn \u0107e provjeriti je li sve u redu s njihovim boravkom. Ako studenti imaju bilo kakvih problema ili su zbog ne\u010dega zabrinuti, mogu razgovarati s Kathryn u bilo kojem trenutku. Ako \u017eele s njom razgovarati nasamo, ona \u0107e dogovoriti razgovor s njima.<\/p>\n<p>Ako u\u010denici izostanu iz \u0161kole, u\u010ditelj \u0107e to prijaviti stoga je va\u017eno da u\u010denici dolaze na vrijeme svaki dan. Ako je u\u010denik bolestan, mo\u017ee razgovarati s na\u0161im slu\u017ebenikom za socijalnu skrb kako bi dogovorio lije\u010dni\u010dki pregled.<\/p>\n<p>Molimo u\u010denike da budu pristojni i da obavijeste svoje doma\u0107ine kamo idu kada odlaze iz ku\u0107e. Na primjer, ako propuste autobus ku\u0107i i zakasne, trebaju nazvati doma\u0107ina da ih obavijesti. U\u010denici s kojima ne mo\u017eemo stupiti u kontakt bit \u0107e prijavljeni policiji kao nestali.<\/p>\n<p>Va\u017eno je zapamtiti da u Velikoj Britaniji:<\/p>\n<ul>\n<li>Ilegalno je kupovati alkohol osobama mla\u0111im od 18 godina<\/li>\n<li>Ilegalno je kupovati cigarete osobama mla\u0111im od 18 godina<\/li>\n<\/ul>\n<p>Va\u017eno je da roditelji znaju da u\u010denici koji poha\u0111aju te\u010daj za odrasle (stariji od 15 godina) ne\u0107e biti pod nadzorom za vrijeme odmora, nakon \u0161kole i na ve\u010dernjim aktivnostima.<\/p>\n<p>Nenadzirani policijski sat za mla\u0111e od 18 godina varira \u2013 politika na\u0161e \u0161kole je:<\/p>\n<p><strong>12 godina i mla\u0111i<\/strong><br \/>\nNije dozvoljeno izlaziti bez nadzora<\/p>\n<p><strong>Djeca od 13-14 godina<\/strong><br \/>\n21 sat<\/p>\n<p><strong>15-godi\u0161njaci<\/strong><br \/>\n22 sata<\/p>\n<p><strong>16-17-godi\u0161njaci<\/strong><br \/>\n23 sata<\/p>\n<p><strong>18+ godina<\/strong><br \/>\nNema policijskog sata \u2013 doma\u0107in \u0107e im dati klju\u010d kako bi mogli dolaziti i odlaziti po potrebi, u razumnim granicama.<\/p>\n<p>To je slu\u010daj osim ako agent, roditelj ili voditelj grupe nije odredio ne\u0161to druga\u010dije.<\/p>\n\n\t\t<\/div>\n\t<\/div>\n<\/div><\/div><\/div><\/div>","protected":false},"excerpt":{"rendered":"Accommodation &amp; WelfareWe want our students to feel like they are at a \u2018home away from home.\u2019 We want a student's stay at Southbourne School of English to be as comfortable and memorable as possible. After school there are opportunities for students to spend time&nbsp;<a href=\"https:\/\/southbourneschool.co.uk\/hr\/studying-in-bournemouth\/accommodation-welfare\/\">\u2026<\/a>","protected":false},"author":12312401,"featured_media":0,"parent":666,"menu_order":0,"comment_status":"closed","ping_status":"closed","template":"","meta":{"footnotes":""},"class_list":["post-706","page","type-page","status-publish","hentry","odd"],"yoast_head":"<!-- This site is optimized with the Yoast SEO plugin v27.3 - https:\/\/yoast.com\/product\/yoast-seo-wordpress\/ -->\n<title>Accommodation &amp; Welfare - Southbourne School of English<\/title>\n<meta name=\"description\" content=\"It makes a huge difference to how well you learn if you feel happy and at home in your choice of accommodation. That&#039;s why we want your stay at ...\" \/>\n<meta name=\"robots\" content=\"index, follow, max-snippet:-1, max-image-preview:large, max-video-preview:-1\" \/>\n<link rel=\"canonical\" href=\"https:\/\/southbourneschool.co.uk\/hr\/studiranje-u-bournemouthu\/smjestajna-dobrobit\/\" \/>\n<meta property=\"og:locale\" content=\"hr_HR\" \/>\n<meta property=\"og:type\" content=\"article\" \/>\n<meta property=\"og:title\" content=\"Accommodation &amp; Welfare - Southbourne School of English\" \/>\n<meta property=\"og:description\" content=\"It makes a huge difference to how well you learn if you feel happy and at home in your choice of accommodation. That&#039;s why we want your stay at ...\" \/>\n<meta property=\"og:url\" content=\"https:\/\/southbourneschool.co.uk\/hr\/studiranje-u-bournemouthu\/smjestajna-dobrobit\/\" \/>\n<meta property=\"og:site_name\" content=\"Southbourne School of English\" \/>\n<meta property=\"article:publisher\" content=\"https:\/\/www.facebook.com\/SouthbourneSchool\/\" \/>\n<meta property=\"article:modified_time\" content=\"2024-10-16T14:50:47+00:00\" \/>\n<meta name=\"twitter:card\" content=\"summary_large_image\" \/>\n<meta name=\"twitter:site\" content=\"@SouthbourneSofE\" \/>\n<meta name=\"twitter:label1\" content=\"Procijenjeno vrijeme \u010ditanja\" \/>\n\t<meta name=\"twitter:data1\" content=\"3 minute\" \/>\n<script type=\"application\/ld+json\" class=\"yoast-schema-graph\">{\"@context\":\"https:\\\/\\\/schema.org\",\"@graph\":[{\"@type\":\"WebPage\",\"@id\":\"https:\\\/\\\/southbourneschool.co.uk\\\/studying-in-bournemouth\\\/accommodation-welfare\\\/\",\"url\":\"https:\\\/\\\/southbourneschool.co.uk\\\/studying-in-bournemouth\\\/accommodation-welfare\\\/\",\"name\":\"Accommodation & Welfare - Southbourne School of English\",\"isPartOf\":{\"@id\":\"https:\\\/\\\/southbourneschool.co.uk\\\/#website\"},\"datePublished\":\"2018-08-16T15:00:39+00:00\",\"dateModified\":\"2024-10-16T14:50:47+00:00\",\"description\":\"It makes a huge difference to how well you learn if you feel happy and at home in your choice of accommodation. That's why we want your stay at ...\",\"breadcrumb\":{\"@id\":\"https:\\\/\\\/southbourneschool.co.uk\\\/studying-in-bournemouth\\\/accommodation-welfare\\\/#breadcrumb\"},\"inLanguage\":\"hr\",\"potentialAction\":[{\"@type\":\"ReadAction\",\"target\":[\"https:\\\/\\\/southbourneschool.co.uk\\\/studying-in-bournemouth\\\/accommodation-welfare\\\/\"]}]},{\"@type\":\"BreadcrumbList\",\"@id\":\"https:\\\/\\\/southbourneschool.co.uk\\\/studying-in-bournemouth\\\/accommodation-welfare\\\/#breadcrumb\",\"itemListElement\":[{\"@type\":\"ListItem\",\"position\":1,\"name\":\"Home\",\"item\":\"https:\\\/\\\/southbourneschool.co.uk\\\/\"},{\"@type\":\"ListItem\",\"position\":2,\"name\":\"Studying in Bournemouth\",\"item\":\"https:\\\/\\\/southbourneschool.co.uk\\\/studying-in-bournemouth\\\/\"},{\"@type\":\"ListItem\",\"position\":3,\"name\":\"Accommodation &#038; Welfare\"}]},{\"@type\":\"WebSite\",\"@id\":\"https:\\\/\\\/southbourneschool.co.uk\\\/#website\",\"url\":\"https:\\\/\\\/southbourneschool.co.uk\\\/\",\"name\":\"Southbourne School of English\",\"description\":\"We make learning English fun. A language school in Bournemouth, ideally located by the sea in a suburb of Bournemouth called Southbourne, one of the UK\u2019s most popular locations for international students.\",\"publisher\":{\"@id\":\"https:\\\/\\\/southbourneschool.co.uk\\\/#organization\"},\"potentialAction\":[{\"@type\":\"SearchAction\",\"target\":{\"@type\":\"EntryPoint\",\"urlTemplate\":\"https:\\\/\\\/southbourneschool.co.uk\\\/?s={search_term_string}\"},\"query-input\":{\"@type\":\"PropertyValueSpecification\",\"valueRequired\":true,\"valueName\":\"search_term_string\"}}],\"inLanguage\":\"hr\"},{\"@type\":\"Organization\",\"@id\":\"https:\\\/\\\/southbourneschool.co.uk\\\/#organization\",\"name\":\"Southbourne School of English\",\"alternateName\":\"SSE\",\"url\":\"https:\\\/\\\/southbourneschool.co.uk\\\/\",\"logo\":{\"@type\":\"ImageObject\",\"inLanguage\":\"hr\",\"@id\":\"https:\\\/\\\/southbourneschool.co.uk\\\/#\\\/schema\\\/logo\\\/image\\\/\",\"url\":\"https:\\\/\\\/southbourneschool.co.uk\\\/wp-content\\\/uploads\\\/2026\\\/01\\\/SSE-60-Year-Anniversary-Logo.png\",\"contentUrl\":\"https:\\\/\\\/southbourneschool.co.uk\\\/wp-content\\\/uploads\\\/2026\\\/01\\\/SSE-60-Year-Anniversary-Logo.png\",\"width\":1964,\"height\":1965,\"caption\":\"Southbourne School of English\"},\"image\":{\"@id\":\"https:\\\/\\\/southbourneschool.co.uk\\\/#\\\/schema\\\/logo\\\/image\\\/\"},\"sameAs\":[\"https:\\\/\\\/www.facebook.com\\\/SouthbourneSchool\\\/\",\"https:\\\/\\\/x.com\\\/SouthbourneSofE\",\"https:\\\/\\\/www.instagram.com\\\/southbourneschoolofenglish\\\/\",\"https:\\\/\\\/www.tiktok.com\\\/@southbourne\",\"https:\\\/\\\/www.youtube.com\\\/@southbourneschoolofenglish4522\"]}]}<\/script>\n<!-- \/ Yoast SEO plugin. -->","yoast_head_json":{"title":"Smje\u0161taj i socijalna skrb - Southbourne School of English","description":"Osje\u0107ate li se sretno i kao kod ku\u0107e u odabranom smje\u0161taju, uvelike utje\u010de na to koliko \u0107ete dobro u\u010diti. Zato \u017eelimo da va\u0161 boravak u ...","robots":{"index":"index","follow":"follow","max-snippet":"max-snippet:-1","max-image-preview":"max-image-preview:large","max-video-preview":"max-video-preview:-1"},"canonical":"https:\/\/southbourneschool.co.uk\/hr\/studiranje-u-bournemouthu\/smjestajna-dobrobit\/","og_locale":"hr_HR","og_type":"article","og_title":"Accommodation & Welfare - Southbourne School of English","og_description":"It makes a huge difference to how well you learn if you feel happy and at home in your choice of accommodation. That's why we want your stay at ...","og_url":"https:\/\/southbourneschool.co.uk\/hr\/studiranje-u-bournemouthu\/smjestajna-dobrobit\/","og_site_name":"Southbourne School of English","article_publisher":"https:\/\/www.facebook.com\/SouthbourneSchool\/","article_modified_time":"2024-10-16T14:50:47+00:00","twitter_card":"summary_large_image","twitter_site":"@SouthbourneSofE","twitter_misc":{"Procijenjeno vrijeme \u010ditanja":"3 minute"},"schema":{"@context":"https:\/\/schema.org","@graph":[{"@type":"WebPage","@id":"https:\/\/southbourneschool.co.uk\/studying-in-bournemouth\/accommodation-welfare\/","url":"https:\/\/southbourneschool.co.uk\/studying-in-bournemouth\/accommodation-welfare\/","name":"Smje\u0161taj i socijalna skrb - Southbourne School of English","isPartOf":{"@id":"https:\/\/southbourneschool.co.uk\/#website"},"datePublished":"2018-08-16T15:00:39+00:00","dateModified":"2024-10-16T14:50:47+00:00","description":"Osje\u0107ate li se sretno i kao kod ku\u0107e u odabranom smje\u0161taju, uvelike utje\u010de na to koliko \u0107ete dobro u\u010diti. Zato \u017eelimo da va\u0161 boravak u ...","breadcrumb":{"@id":"https:\/\/southbourneschool.co.uk\/studying-in-bournemouth\/accommodation-welfare\/#breadcrumb"},"inLanguage":"hr","potentialAction":[{"@type":"ReadAction","target":["https:\/\/southbourneschool.co.uk\/studying-in-bournemouth\/accommodation-welfare\/"]}]},{"@type":"BreadcrumbList","@id":"https:\/\/southbourneschool.co.uk\/studying-in-bournemouth\/accommodation-welfare\/#breadcrumb","itemListElement":[{"@type":"ListItem","position":1,"name":"Home","item":"https:\/\/southbourneschool.co.uk\/"},{"@type":"ListItem","position":2,"name":"Studying in Bournemouth","item":"https:\/\/southbourneschool.co.uk\/studying-in-bournemouth\/"},{"@type":"ListItem","position":3,"name":"Accommodation &#038; Welfare"}]},{"@type":"WebSite","@id":"https:\/\/southbourneschool.co.uk\/#website","url":"https:\/\/southbourneschool.co.uk\/","name":"\u0160kola engleskog jezika Southbourne","description":"U\u010denje engleskog jezika \u010dinimo zabavnim. \u0160kola jezika u Bournemouthu, idealno smje\u0161tena uz more u predgra\u0111u Bournemoutha zvanom Southbourne, jednom od najpopularnijih mjesta u Ujedinjenom Kraljevstvu za me\u0111unarodne studente.","publisher":{"@id":"https:\/\/southbourneschool.co.uk\/#organization"},"potentialAction":[{"@type":"SearchAction","target":{"@type":"EntryPoint","urlTemplate":"https:\/\/southbourneschool.co.uk\/?s={search_term_string}"},"query-input":{"@type":"PropertyValueSpecification","valueRequired":true,"valueName":"search_term_string"}}],"inLanguage":"hr"},{"@type":"Organization","@id":"https:\/\/southbourneschool.co.uk\/#organization","name":"\u0160kola engleskog jezika Southbourne","alternateName":"SSE","url":"https:\/\/southbourneschool.co.uk\/","logo":{"@type":"ImageObject","inLanguage":"hr","@id":"https:\/\/southbourneschool.co.uk\/#\/schema\/logo\/image\/","url":"https:\/\/southbourneschool.co.uk\/wp-content\/uploads\/2026\/01\/SSE-60-Year-Anniversary-Logo.png","contentUrl":"https:\/\/southbourneschool.co.uk\/wp-content\/uploads\/2026\/01\/SSE-60-Year-Anniversary-Logo.png","width":1964,"height":1965,"caption":"Southbourne School of English"},"image":{"@id":"https:\/\/southbourneschool.co.uk\/#\/schema\/logo\/image\/"},"sameAs":["https:\/\/www.facebook.com\/SouthbourneSchool\/","https:\/\/x.com\/SouthbourneSofE","https:\/\/www.instagram.com\/southbourneschoolofenglish\/","https:\/\/www.tiktok.com\/@southbourne","https:\/\/www.youtube.com\/@southbourneschoolofenglish4522"]}]}},"featured_image_src":null,"featured_image_src_square":null,"_links":{"self":[{"href":"https:\/\/southbourneschool.co.uk\/hr\/wp-json\/wp\/v2\/pages\/706","targetHints":{"allow":["GET"]}}],"collection":[{"href":"https:\/\/southbourneschool.co.uk\/hr\/wp-json\/wp\/v2\/pages"}],"about":[{"href":"https:\/\/southbourneschool.co.uk\/hr\/wp-json\/wp\/v2\/types\/page"}],"author":[{"embeddable":true,"href":"https:\/\/southbourneschool.co.uk\/hr\/wp-json\/wp\/v2\/users\/12312401"}],"replies":[{"embeddable":true,"href":"https:\/\/southbourneschool.co.uk\/hr\/wp-json\/wp\/v2\/comments?post=706"}],"version-history":[{"count":0,"href":"https:\/\/southbourneschool.co.uk\/hr\/wp-json\/wp\/v2\/pages\/706\/revisions"}],"up":[{"embeddable":true,"href":"https:\/\/southbourneschool.co.uk\/hr\/wp-json\/wp\/v2\/pages\/666"}],"wp:attachment":[{"href":"https:\/\/southbourneschool.co.uk\/hr\/wp-json\/wp\/v2\/media?parent=706"}],"curies":[{"name":"radni list","href":"https:\/\/api.w.org\/{rel}","templated":true}]}}