{"id":611,"date":"2018-08-16T13:03:22","date_gmt":"2018-08-16T12:03:22","guid":{"rendered":"https:\/\/southbournese.wpengine.com\/?page_id=611"},"modified":"2026-03-03T10:18:16","modified_gmt":"2026-03-03T10:18:16","slug":"junior-nyelvi-kurzusok","status":"publish","type":"page","link":"https:\/\/southbourneschool.co.uk\/hu\/english-courses\/junior-language-courses\/","title":{"rendered":"Junior angol tanfolyamok"},"content":{"rendered":"<section data-vc-full-width=\"true\" data-vc-full-width-init=\"false\" class=\"vc_section vc_custom_1723043349579 vc_section-has-fill\"><\/section><div class=\"vc_row-full-width vc_clearfix\"><\/div><div class=\"vc_row wpb_row vc_row-fluid vc_custom_1532605005893\"><div class=\"wpb_column vc_column_container vc_col-sm-7\"><div class=\"vc_column-inner vc_custom_1532527698189\"><div class=\"wpb_wrapper\"><h1 style=\"color: #7bbb58;text-align: left\" class=\"vc_custom_heading vc_custom_1743678623603\" >Junior angol tanfolyamok<br \/>\n(9-15 \u00e9ves korig)<\/h1><h4 style=\"text-align: left\" class=\"vc_custom_heading\" >9 \u00e9ves kort\u00f3l (10 \u00e9ves kort\u00f3l, ha csal\u00e1dban sz\u00e1ll\u00e1s sz\u00fcks\u00e9ges) di\u00e1kok sz\u00e1m\u00e1ra, saj\u00e1t csoportvezet\u0151vel egy\u00fctt, magas sz\u00ednvonal\u00fa junior angol nyelvtanfolyamokat szervez\u00fcnk. A junior di\u00e1kok iskol\u00e1nkban tanulhatnak, \u00e9s a ny\u00e1ri sz\u00fcnetben egy h\u00e1zigazd\u00e1n\u00e1l lakhatnak.<\/h4><section class=\"vc_cta3-container\"><div class=\"vc_general vc_cta3 vc_cta3-style-classic vc_cta3-shape-rounded vc_cta3-align-center vc_cta3-color-classic vc_cta3-icon-size-md vc_cta3-actions-bottom\"><div class=\"vc_cta3_content-container\"><div class=\"vc_cta3-content\"><header class=\"vc_cta3-content-header\"><h2>K\u00e9szen \u00e1llsz beiratkozni egy angol nyelvtanfolyamra?<\/h2><\/header><p>Ha k\u00e9szen \u00e1llsz a jelentkez\u00e9sre, t\u00f6ltsd ki online jelentkez\u00e9si lapunkat, \u00e9s csapatunk egyik tagja hamarosan felveszi veled a kapcsolatot!<\/p>\n<\/div><div class=\"vc_cta3-actions\"><div class=\"vc_btn3-container vc_btn3-center\" ><a class=\"vc_general vc_btn3 vc_btn3-size-lg vc_btn3-shape-rounded vc_btn3-style-modern vc_btn3-block vc_btn3-color-primary\" href=\"https:\/\/forms.office.com\/e\/70XEEbmTWM\" title=\"Online jelentkez\u00e9si lap\" target=\"_blank\">Online jelentkez\u00e9si lap<\/a><\/div><\/div><\/div><\/div><\/section>\n\t<div class=\"wpb_video_widget wpb_content_element vc_clearfix   vc_video-aspect-ratio-169 vc_video-el-width-100 vc_video-align-left\" >\n\t\t<div class=\"wpb_wrapper\">\n\t\t\t\n\t\t\t<div class=\"wpb_video_wrapper\"><iframe loading=\"lazy\" title=\"Junior program - Southbourne-i Angol Iskola\" width=\"1200\" height=\"675\" src=\"https:\/\/www.youtube.com\/embed\/SaqugXhdl10?feature=oembed\" frameborder=\"0\" allow=\"accelerometer; autoplay; clipboard-write; encrypted-media; gyroscope; picture-in-picture; web-share\" allowfullscreen><\/iframe><\/div>\n\t\t<\/div>\n\t<\/div>\n\n\t<div class=\"wpb_text_column wpb_content_element  vc_custom_1743676882108\" >\n\t\t<div class=\"wpb_wrapper\">\n\t\t\t<p>Egy\u00e9ni di\u00e1kok is csatlakozhatnak ny\u00e1ri angol nyelvi programjainkhoz, amelyek minden szombaton egy sz\u00f3rakoztat\u00f3, v\u00e1ltozatos tev\u00e9kenys\u00e9get tartalmaznak, eg\u00e9sz napos kir\u00e1ndul\u00e1ssal. Eg\u00e9sz \u00e9vben fogadunk 9 \u00e9ves kort\u00f3l als\u00f3bb \u00e9ves csoportokat is.<\/p>\n<h4>Ny\u00e1ri junior angol nyelvtanfolyamok<\/h4>\n<ul>\n<li>Koroszt\u00e1ly \u2013 9-15<\/li>\n<li>Sz\u00e1ll\u00e1s csal\u00e1dokn\u00e1l*<\/li>\n<li>15 \u00f3ra oktat\u00e1s<\/li>\n<li>El\u00e9rhet\u0151s\u00e9g \u2013 a d\u00e1tumokat \u00e9s \u00e1rakat l\u00e1sd fent<\/li>\n<\/ul>\n<h4>Eg\u00e9sz \u00e9vben ifj\u00fas\u00e1gi csoportos tanfolyamok<\/h4>\n<ul>\n<li>Koroszt\u00e1ly \u2013 9-15<\/li>\n<li>Sz\u00e1ll\u00e1s csal\u00e1dokn\u00e1l*<\/li>\n<li>heti 15 \u00f3ra oktat\u00e1s<\/li>\n<li>Eg\u00e9sz \u00e9ves el\u00e9rhet\u0151s\u00e9g<\/li>\n<\/ul>\n<p>*A sz\u00e1ll\u00e1s csal\u00e1dokn\u00e1l csak 10 \u00e9v feletti di\u00e1kok sz\u00e1m\u00e1ra el\u00e9rhet\u0151<\/p>\n\n\t\t<\/div>\n\t<\/div>\n\n<div class=\"vc_grid-container-wrapper vc_clearfix\">\n\t<div class=\"vc_grid-container vc_clearfix wpb_content_element vc_masonry_media_grid\" data-initial-loading-animation=\"zoomIn\" data-vc-grid-settings=\"{&quot;page_id&quot;:611,&quot;style&quot;:&quot;all-masonry&quot;,&quot;action&quot;:&quot;vc_get_vc_grid_data&quot;,&quot;shortcode_id&quot;:&quot;1772532845482-a61c8f57-304c-5&quot;,&quot;tag&quot;:&quot;vc_masonry_media_grid&quot;}\" data-vc-request=\"https:\/\/southbourneschool.co.uk\/wp-admin\/admin-ajax.php\" data-vc-post-id=\"611\" data-vc-public-nonce=\"4619d571b2\">\n\t\t\n\t<\/div>\n<\/div>\n\t<div class=\"wpb_text_column wpb_content_element\" >\n\t\t<div class=\"wpb_wrapper\">\n\t\t\t<p><img loading=\"lazy\" decoding=\"async\" class=\"alignnone size-full wp-image-3689\" src=\"https:\/\/southbourneschool.co.uk\/wp-content\/uploads\/2025\/10\/Junior-summer-timetable-2026.png\" alt=\"Junior ny\u00e1ri \u00f3rarend 2026\" width=\"1512\" height=\"722\" srcset=\"https:\/\/southbourneschool.co.uk\/wp-content\/uploads\/2025\/10\/Junior-summer-timetable-2026.png 1512w, https:\/\/southbourneschool.co.uk\/wp-content\/uploads\/2025\/10\/Junior-summer-timetable-2026-300x143.png 300w, https:\/\/southbourneschool.co.uk\/wp-content\/uploads\/2025\/10\/Junior-summer-timetable-2026-1024x489.png 1024w, https:\/\/southbourneschool.co.uk\/wp-content\/uploads\/2025\/10\/Junior-summer-timetable-2026-18x9.png 18w\" sizes=\"auto, (max-width: 1512px) 100vw, 1512px\" \/><\/p>\n\n\t\t<\/div>\n\t<\/div>\n<a href=\"\/wp-content\/uploads\/2025\/12\/Junior-Summer-Programme-2026-8-weeks.pdf\" class=\"wh-button vc_custom_1768900798358  scp_theme_button-9798e73c3134cf9cb90892718320fca7\" target=\"_blank\">Junior ny\u00e1ri program 2026<\/a><section class=\"vc_cta3-container\"><div class=\"vc_general vc_cta3 vc_cta3-style-classic vc_cta3-shape-rounded vc_cta3-align-left vc_cta3-color-classic vc_cta3-icon-size-md vc_cta3-actions-bottom\"><div class=\"vc_cta3_content-container\"><div class=\"vc_cta3-content\"><header class=\"vc_cta3-content-header\"><h2>K\u00e9rjen \u00e1raj\u00e1nlatot tanfolyamunkra 24 \u00f3r\u00e1n bel\u00fcl!<\/h2><\/header><p>T\u00f6ltsd ki az \u00e1raj\u00e1nlatk\u00e9r\u0151 \u0171rlapunkat, \u00e9s 24 \u00f3r\u00e1n bel\u00fcl e-mailben vagy WhatsApp-on felvessz\u00fck veled a kapcsolatot egy szem\u00e9lyre szabott \u00e1raj\u00e1nlattal.<\/p>\n<\/div><div class=\"vc_cta3-actions\"><div class=\"vc_btn3-container vc_btn3-inline\" ><a class=\"vc_general vc_btn3 vc_btn3-size-md vc_btn3-shape-rounded vc_btn3-style-modern vc_btn3-color-success\" href=\"https:\/\/southbourneschool.co.uk\/hu\/arajanlat-kerese\/\" title=\"Aj\u00e1nlatk\u00e9r\u00e9s\">\u00c1raj\u00e1nlat k\u00e9r\u00e9se<\/a><\/div><\/div><\/div><\/div><\/section><\/div><\/div><\/div><div class=\"wpb_column vc_column_container vc_col-sm-4 vc_col-sm-offset-1 vc_hidden-xs\"><div class=\"vc_column-inner\"><div class=\"wpb_wrapper\"><div  class=\"vc_wp_custommenu wpb_content_element child-page-menu\"><div class=\"widget widget_nav_menu\"><div class=\"menu-language-course-child-menu-container\"><ul id=\"menu-language-course-child-menu\" class=\"menu\"><li id=\"menu-item-794\" class=\"menu-item menu-item-type-post_type menu-item-object-page menu-item-has-children menu-item-794 msm-top-level-item\"><a href=\"https:\/\/southbourneschool.co.uk\/hu\/english-courses\/\">Angol tanfolyamok<\/a>\n<ul class=\"sub-menu\">\n\t<li id=\"menu-item-3297\" class=\"menu-item menu-item-type-post_type menu-item-object-page menu-item-3297\"><a href=\"https:\/\/southbourneschool.co.uk\/hu\/request-a-quote\/\">Aj\u00e1nlatk\u00e9r\u00e9s<\/a><\/li>\n\t<li id=\"menu-item-646\" class=\"menu-item menu-item-type-post_type menu-item-object-page menu-item-646\"><a href=\"https:\/\/southbourneschool.co.uk\/hu\/english-courses\/how-to-book-your-english-course\/\">Hogyan foglaljon angol tanfolyamot<\/a><\/li>\n\t<li id=\"menu-item-384\" class=\"menu-item menu-item-type-post_type menu-item-object-page menu-item-has-children menu-item-384\"><a href=\"https:\/\/southbourneschool.co.uk\/hu\/english-courses\/adult-language-courses\/\">Feln\u0151tt angol tanfolyamok<\/a>\n\t<ul class=\"sub-menu\">\n\t\t<li id=\"menu-item-383\" class=\"menu-item menu-item-type-post_type menu-item-object-page menu-item-383\"><a href=\"https:\/\/southbourneschool.co.uk\/hu\/english-courses\/adult-language-courses\/general-intensive\/\">\u00c1ltal\u00e1nos \u00e9s intenz\u00edv angol nyelvtanfolyamok<\/a><\/li>\n\t\t<li id=\"menu-item-394\" class=\"menu-item menu-item-type-post_type menu-item-object-page menu-item-394\"><a href=\"https:\/\/southbourneschool.co.uk\/hu\/english-courses\/adult-language-courses\/one-to-one-english\/\">Egy\u00e9ni angol tanfolyamok<\/a><\/li>\n\t\t<li id=\"menu-item-1039\" class=\"menu-item menu-item-type-post_type menu-item-object-page menu-item-1039\"><a href=\"https:\/\/southbourneschool.co.uk\/hu\/english-courses\/adult-language-courses\/summer-vacation-courses\/\">Feln\u0151tt ny\u00e1ri angol tanfolyamok (16 \u00e9ves kort\u00f3l)<\/a><\/li>\n\t\t<li id=\"menu-item-1038\" class=\"menu-item menu-item-type-post_type menu-item-object-page menu-item-1038\"><a href=\"https:\/\/southbourneschool.co.uk\/hu\/english-courses\/adult-language-courses\/examination-courses\/\">Cambridge angol nyelvvizsga tanfolyamok<\/a><\/li>\n\t<\/ul>\n<\/li>\n\t<li id=\"menu-item-618\" class=\"menu-item menu-item-type-post_type menu-item-object-page menu-item-has-children menu-item-618\"><a href=\"https:\/\/southbourneschool.co.uk\/hu\/english-courses\/junior-language-courses\/\">Junior angol tanfolyamok<\/a>\n\t<ul class=\"sub-menu\">\n\t\t<li id=\"menu-item-633\" class=\"menu-item menu-item-type-post_type menu-item-object-page menu-item-633\"><a href=\"https:\/\/southbourneschool.co.uk\/hu\/english-courses\/junior-language-courses\/summer-courses\/\">Junior ny\u00e1ri angol tanfolyamok (9-15 \u00e9ves korig)<\/a><\/li>\n\t\t<li id=\"menu-item-1055\" class=\"menu-item menu-item-type-post_type menu-item-object-page menu-item-1055\"><a href=\"https:\/\/southbourneschool.co.uk\/hu\/english-courses\/junior-language-courses\/year-round-group-courses\/\">Csoportos angol tanfolyamok (eg\u00e9sz \u00e9vben)<\/a><\/li>\n\t<\/ul>\n<\/li>\n\t<li id=\"menu-item-647\" class=\"menu-item menu-item-type-post_type menu-item-object-page menu-item-647\"><a href=\"https:\/\/southbourneschool.co.uk\/hu\/english-courses\/guide-to-levels\/\">\u00datmutat\u00f3 a szintekhez<\/a><\/li>\n<\/ul>\n<\/li>\n<\/ul><\/div><\/div><\/div><\/div><\/div><\/div><\/div>","protected":false},"excerpt":{"rendered":"Junior English Courses (Age 9-15)We run high quality Junior English Courses for students aged 9+ (age 10+ if homestay accommodation is required), accompanied by their own group leader. Junior students can study at our school and live with a host during the summer holidays.Ready to&nbsp;<a href=\"https:\/\/southbourneschool.co.uk\/hu\/english-courses\/junior-language-courses\/\">...<\/a>","protected":false},"author":12312401,"featured_media":0,"parent":791,"menu_order":0,"comment_status":"closed","ping_status":"closed","template":"","meta":{"footnotes":""},"class_list":["post-611","page","type-page","status-publish","hentry","odd"],"yoast_head":"<!-- This site is optimized with the Yoast SEO plugin v27.3 - https:\/\/yoast.com\/product\/yoast-seo-wordpress\/ -->\n<title>Junior English Courses in Bournemouth - Southbourne School of English<\/title>\n<meta name=\"description\" content=\"Our Junior English courses in Bournemouth are for students aged between 9 and 16 during the summer season and includes a fun activity programme!\" \/>\n<meta name=\"robots\" content=\"index, follow, max-snippet:-1, max-image-preview:large, max-video-preview:-1\" \/>\n<link rel=\"canonical\" href=\"https:\/\/southbourneschool.co.uk\/hu\/angol-tanfolyamok\/junior-nyelvi-kurzusok\/\" \/>\n<meta property=\"og:locale\" content=\"hu_HU\" \/>\n<meta property=\"og:type\" content=\"article\" \/>\n<meta property=\"og:title\" content=\"Junior English Courses in Bournemouth - Southbourne School of English\" \/>\n<meta property=\"og:description\" content=\"Our Junior English courses in Bournemouth are for students aged between 9 and 16 during the summer season and includes a fun activity programme!\" \/>\n<meta property=\"og:url\" content=\"https:\/\/southbourneschool.co.uk\/hu\/angol-tanfolyamok\/junior-nyelvi-kurzusok\/\" \/>\n<meta property=\"og:site_name\" content=\"Southbourne School of English\" \/>\n<meta property=\"article:publisher\" content=\"https:\/\/www.facebook.com\/SouthbourneSchool\/\" \/>\n<meta property=\"article:modified_time\" content=\"2026-03-03T10:18:16+00:00\" \/>\n<meta property=\"og:image\" content=\"https:\/\/southbourneschool.co.uk\/wp-content\/uploads\/2025\/10\/Junior-summer-timetable-2026.png\" \/>\n\t<meta property=\"og:image:width\" content=\"1512\" \/>\n\t<meta property=\"og:image:height\" content=\"722\" \/>\n\t<meta property=\"og:image:type\" content=\"image\/png\" \/>\n<meta name=\"twitter:card\" content=\"summary_large_image\" \/>\n<meta name=\"twitter:site\" content=\"@SouthbourneSofE\" \/>\n<meta name=\"twitter:label1\" content=\"Becs\u00fclt olvas\u00e1si id\u0151\" \/>\n\t<meta name=\"twitter:data1\" content=\"2 perc\" \/>\n<script type=\"application\/ld+json\" class=\"yoast-schema-graph\">{\"@context\":\"https:\\\/\\\/schema.org\",\"@graph\":[{\"@type\":\"WebPage\",\"@id\":\"https:\\\/\\\/southbourneschool.co.uk\\\/english-courses\\\/junior-language-courses\\\/\",\"url\":\"https:\\\/\\\/southbourneschool.co.uk\\\/english-courses\\\/junior-language-courses\\\/\",\"name\":\"Junior English Courses in Bournemouth - Southbourne School of English\",\"isPartOf\":{\"@id\":\"https:\\\/\\\/southbourneschool.co.uk\\\/#website\"},\"primaryImageOfPage\":{\"@id\":\"https:\\\/\\\/southbourneschool.co.uk\\\/english-courses\\\/junior-language-courses\\\/#primaryimage\"},\"image\":{\"@id\":\"https:\\\/\\\/southbourneschool.co.uk\\\/english-courses\\\/junior-language-courses\\\/#primaryimage\"},\"thumbnailUrl\":\"https:\\\/\\\/southbourneschool.co.uk\\\/wp-content\\\/uploads\\\/2025\\\/10\\\/Junior-summer-timetable-2026.png\",\"datePublished\":\"2018-08-16T12:03:22+00:00\",\"dateModified\":\"2026-03-03T10:18:16+00:00\",\"description\":\"Our Junior English courses in Bournemouth are for students aged between 9 and 16 during the summer season and includes a fun activity programme!\",\"breadcrumb\":{\"@id\":\"https:\\\/\\\/southbourneschool.co.uk\\\/english-courses\\\/junior-language-courses\\\/#breadcrumb\"},\"inLanguage\":\"hu\",\"potentialAction\":[{\"@type\":\"ReadAction\",\"target\":[\"https:\\\/\\\/southbourneschool.co.uk\\\/english-courses\\\/junior-language-courses\\\/\"]}]},{\"@type\":\"ImageObject\",\"inLanguage\":\"hu\",\"@id\":\"https:\\\/\\\/southbourneschool.co.uk\\\/english-courses\\\/junior-language-courses\\\/#primaryimage\",\"url\":\"https:\\\/\\\/southbourneschool.co.uk\\\/wp-content\\\/uploads\\\/2025\\\/10\\\/Junior-summer-timetable-2026.png\",\"contentUrl\":\"https:\\\/\\\/southbourneschool.co.uk\\\/wp-content\\\/uploads\\\/2025\\\/10\\\/Junior-summer-timetable-2026.png\"},{\"@type\":\"BreadcrumbList\",\"@id\":\"https:\\\/\\\/southbourneschool.co.uk\\\/english-courses\\\/junior-language-courses\\\/#breadcrumb\",\"itemListElement\":[{\"@type\":\"ListItem\",\"position\":1,\"name\":\"Home\",\"item\":\"https:\\\/\\\/southbourneschool.co.uk\\\/\"},{\"@type\":\"ListItem\",\"position\":2,\"name\":\"English Courses\",\"item\":\"https:\\\/\\\/southbourneschool.co.uk\\\/english-courses\\\/\"},{\"@type\":\"ListItem\",\"position\":3,\"name\":\"Junior English Courses\"}]},{\"@type\":\"WebSite\",\"@id\":\"https:\\\/\\\/southbourneschool.co.uk\\\/#website\",\"url\":\"https:\\\/\\\/southbourneschool.co.uk\\\/\",\"name\":\"Southbourne School of English\",\"description\":\"We make learning English fun. A language school in Bournemouth, ideally located by the sea in a suburb of Bournemouth called Southbourne, one of the UK\u2019s most popular locations for international students.\",\"publisher\":{\"@id\":\"https:\\\/\\\/southbourneschool.co.uk\\\/#organization\"},\"potentialAction\":[{\"@type\":\"SearchAction\",\"target\":{\"@type\":\"EntryPoint\",\"urlTemplate\":\"https:\\\/\\\/southbourneschool.co.uk\\\/?s={search_term_string}\"},\"query-input\":{\"@type\":\"PropertyValueSpecification\",\"valueRequired\":true,\"valueName\":\"search_term_string\"}}],\"inLanguage\":\"hu\"},{\"@type\":\"Organization\",\"@id\":\"https:\\\/\\\/southbourneschool.co.uk\\\/#organization\",\"name\":\"Southbourne School of English\",\"alternateName\":\"SSE\",\"url\":\"https:\\\/\\\/southbourneschool.co.uk\\\/\",\"logo\":{\"@type\":\"ImageObject\",\"inLanguage\":\"hu\",\"@id\":\"https:\\\/\\\/southbourneschool.co.uk\\\/#\\\/schema\\\/logo\\\/image\\\/\",\"url\":\"https:\\\/\\\/southbourneschool.co.uk\\\/wp-content\\\/uploads\\\/2026\\\/01\\\/SSE-60-Year-Anniversary-Logo.png\",\"contentUrl\":\"https:\\\/\\\/southbourneschool.co.uk\\\/wp-content\\\/uploads\\\/2026\\\/01\\\/SSE-60-Year-Anniversary-Logo.png\",\"width\":1964,\"height\":1965,\"caption\":\"Southbourne School of English\"},\"image\":{\"@id\":\"https:\\\/\\\/southbourneschool.co.uk\\\/#\\\/schema\\\/logo\\\/image\\\/\"},\"sameAs\":[\"https:\\\/\\\/www.facebook.com\\\/SouthbourneSchool\\\/\",\"https:\\\/\\\/x.com\\\/SouthbourneSofE\",\"https:\\\/\\\/www.instagram.com\\\/southbourneschoolofenglish\\\/\",\"https:\\\/\\\/www.tiktok.com\\\/@southbourne\",\"https:\\\/\\\/www.youtube.com\\\/@southbourneschoolofenglish4522\"]}]}<\/script>\n<!-- \/ Yoast SEO plugin. -->","yoast_head_json":{"title":"Junior angol nyelvtanfolyamok Bournemouthban - Southbourne School of English","description":"Bournemouth-i junior angol nyelvtanfolyamaink 9 \u00e9s 16 \u00e9v k\u00f6z\u00f6tti di\u00e1kok sz\u00e1m\u00e1ra sz\u00f3lnak a ny\u00e1ri szezonban, \u00e9s sz\u00f3rakoztat\u00f3 tev\u00e9kenys\u00e9gi programot is tartalmaznak!","robots":{"index":"index","follow":"follow","max-snippet":"max-snippet:-1","max-image-preview":"max-image-preview:large","max-video-preview":"max-video-preview:-1"},"canonical":"https:\/\/southbourneschool.co.uk\/hu\/angol-tanfolyamok\/junior-nyelvi-kurzusok\/","og_locale":"hu_HU","og_type":"article","og_title":"Junior English Courses in Bournemouth - Southbourne School of English","og_description":"Our Junior English courses in Bournemouth are for students aged between 9 and 16 during the summer season and includes a fun activity programme!","og_url":"https:\/\/southbourneschool.co.uk\/hu\/angol-tanfolyamok\/junior-nyelvi-kurzusok\/","og_site_name":"Southbourne School of English","article_publisher":"https:\/\/www.facebook.com\/SouthbourneSchool\/","article_modified_time":"2026-03-03T10:18:16+00:00","og_image":[{"width":1512,"height":722,"url":"https:\/\/southbourneschool.co.uk\/wp-content\/uploads\/2025\/10\/Junior-summer-timetable-2026.png","type":"image\/png"}],"twitter_card":"summary_large_image","twitter_site":"@SouthbourneSofE","twitter_misc":{"Becs\u00fclt olvas\u00e1si id\u0151":"2 perc"},"schema":{"@context":"https:\/\/schema.org","@graph":[{"@type":"WebPage","@id":"https:\/\/southbourneschool.co.uk\/english-courses\/junior-language-courses\/","url":"https:\/\/southbourneschool.co.uk\/english-courses\/junior-language-courses\/","name":"Junior angol nyelvtanfolyamok Bournemouthban - Southbourne School of English","isPartOf":{"@id":"https:\/\/southbourneschool.co.uk\/#website"},"primaryImageOfPage":{"@id":"https:\/\/southbourneschool.co.uk\/english-courses\/junior-language-courses\/#primaryimage"},"image":{"@id":"https:\/\/southbourneschool.co.uk\/english-courses\/junior-language-courses\/#primaryimage"},"thumbnailUrl":"https:\/\/southbourneschool.co.uk\/wp-content\/uploads\/2025\/10\/Junior-summer-timetable-2026.png","datePublished":"2018-08-16T12:03:22+00:00","dateModified":"2026-03-03T10:18:16+00:00","description":"Bournemouth-i junior angol nyelvtanfolyamaink 9 \u00e9s 16 \u00e9v k\u00f6z\u00f6tti di\u00e1kok sz\u00e1m\u00e1ra sz\u00f3lnak a ny\u00e1ri szezonban, \u00e9s sz\u00f3rakoztat\u00f3 tev\u00e9kenys\u00e9gi programot is tartalmaznak!","breadcrumb":{"@id":"https:\/\/southbourneschool.co.uk\/english-courses\/junior-language-courses\/#breadcrumb"},"inLanguage":"hu","potentialAction":[{"@type":"ReadAction","target":["https:\/\/southbourneschool.co.uk\/english-courses\/junior-language-courses\/"]}]},{"@type":"ImageObject","inLanguage":"hu","@id":"https:\/\/southbourneschool.co.uk\/english-courses\/junior-language-courses\/#primaryimage","url":"https:\/\/southbourneschool.co.uk\/wp-content\/uploads\/2025\/10\/Junior-summer-timetable-2026.png","contentUrl":"https:\/\/southbourneschool.co.uk\/wp-content\/uploads\/2025\/10\/Junior-summer-timetable-2026.png"},{"@type":"BreadcrumbList","@id":"https:\/\/southbourneschool.co.uk\/english-courses\/junior-language-courses\/#breadcrumb","itemListElement":[{"@type":"ListItem","position":1,"name":"Home","item":"https:\/\/southbourneschool.co.uk\/"},{"@type":"ListItem","position":2,"name":"English Courses","item":"https:\/\/southbourneschool.co.uk\/english-courses\/"},{"@type":"ListItem","position":3,"name":"Junior English Courses"}]},{"@type":"WebSite","@id":"https:\/\/southbourneschool.co.uk\/#website","url":"https:\/\/southbourneschool.co.uk\/","name":"Southbourne School of English","description":"Az angol nyelvtanul\u00e1s n\u00e1lunk sz\u00f3rakoztat\u00f3. Nyelviskola Bournemouthban, ide\u00e1lis helyen, a tengerparton, Bournemouth Southbourne nev\u0171 k\u00fclv\u00e1ros\u00e1ban, amely az Egyes\u00fclt Kir\u00e1lys\u00e1g egyik legn\u00e9pszer\u0171bb helye a nemzetk\u00f6zi di\u00e1kok k\u00f6r\u00e9ben.","publisher":{"@id":"https:\/\/southbourneschool.co.uk\/#organization"},"potentialAction":[{"@type":"SearchAction","target":{"@type":"EntryPoint","urlTemplate":"https:\/\/southbourneschool.co.uk\/?s={search_term_string}"},"query-input":{"@type":"PropertyValueSpecification","valueRequired":true,"valueName":"search_term_string"}}],"inLanguage":"hu"},{"@type":"Organization","@id":"https:\/\/southbourneschool.co.uk\/#organization","name":"Southbourne School of English","alternateName":"SSE","url":"https:\/\/southbourneschool.co.uk\/","logo":{"@type":"ImageObject","inLanguage":"hu","@id":"https:\/\/southbourneschool.co.uk\/#\/schema\/logo\/image\/","url":"https:\/\/southbourneschool.co.uk\/wp-content\/uploads\/2026\/01\/SSE-60-Year-Anniversary-Logo.png","contentUrl":"https:\/\/southbourneschool.co.uk\/wp-content\/uploads\/2026\/01\/SSE-60-Year-Anniversary-Logo.png","width":1964,"height":1965,"caption":"Southbourne School of English"},"image":{"@id":"https:\/\/southbourneschool.co.uk\/#\/schema\/logo\/image\/"},"sameAs":["https:\/\/www.facebook.com\/SouthbourneSchool\/","https:\/\/x.com\/SouthbourneSofE","https:\/\/www.instagram.com\/southbourneschoolofenglish\/","https:\/\/www.tiktok.com\/@southbourne","https:\/\/www.youtube.com\/@southbourneschoolofenglish4522"]}]}},"featured_image_src":null,"featured_image_src_square":null,"_links":{"self":[{"href":"https:\/\/southbourneschool.co.uk\/hu\/wp-json\/wp\/v2\/pages\/611","targetHints":{"allow":["GET"]}}],"collection":[{"href":"https:\/\/southbourneschool.co.uk\/hu\/wp-json\/wp\/v2\/pages"}],"about":[{"href":"https:\/\/southbourneschool.co.uk\/hu\/wp-json\/wp\/v2\/types\/page"}],"author":[{"embeddable":true,"href":"https:\/\/southbourneschool.co.uk\/hu\/wp-json\/wp\/v2\/users\/12312401"}],"replies":[{"embeddable":true,"href":"https:\/\/southbourneschool.co.uk\/hu\/wp-json\/wp\/v2\/comments?post=611"}],"version-history":[{"count":0,"href":"https:\/\/southbourneschool.co.uk\/hu\/wp-json\/wp\/v2\/pages\/611\/revisions"}],"up":[{"embeddable":true,"href":"https:\/\/southbourneschool.co.uk\/hu\/wp-json\/wp\/v2\/pages\/791"}],"wp:attachment":[{"href":"https:\/\/southbourneschool.co.uk\/hu\/wp-json\/wp\/v2\/media?parent=611"}],"curies":[{"name":"munkaf\u00fczet","href":"https:\/\/api.w.org\/{rel}","templated":true}]}}