{"id":839,"date":"2018-10-19T10:40:55","date_gmt":"2018-10-19T09:40:55","guid":{"rendered":"https:\/\/southbournese.wpengine.com\/?page_id=839"},"modified":"2019-01-14T09:12:28","modified_gmt":"2019-01-14T09:12:28","slug":"minosegi-angol","status":"publish","type":"page","link":"https:\/\/southbourneschool.co.uk\/hu\/quality-english\/","title":{"rendered":"Min\u0151s\u00e9gi angol"},"content":{"rendered":"<div class=\"vc_row wpb_row vc_row-fluid vc_custom_1534426275519\"><div class=\"wpb_column vc_column_container vc_col-sm-8\"><div class=\"vc_column-inner\"><div class=\"wpb_wrapper\">\n\t<div class=\"wpb_text_column wpb_content_element\" >\n\t\t<div class=\"wpb_wrapper\">\n\t\t\t<h1>Min\u0151s\u00e9gi angol<\/h1>\n<p>&nbsp;<\/p>\n<p>A min\u0151s\u00e9gi angol nyelviskol\u00e1kat gondosan v\u00e1logatj\u00e1k ki a legjobb f\u00fcggetlen angol nyelviskol\u00e1k k\u00f6z\u00fcl az angolul besz\u00e9l\u0151 orsz\u00e1gokban. Min\u0151s\u00e9g\u00fckr\u0151l \u00e9s h\u00edrnev\u00fckr\u0151l ismertek, \u00e9s \u00e1ltal\u00e1nos \u00e9s speci\u00e1lis kurzusok sz\u00e9les v\u00e1laszt\u00e9k\u00e1t k\u00edn\u00e1lj\u00e1k a vil\u00e1g sz\u00e1mos vonz\u00f3 helysz\u00edn\u00e9n. Minden iskola f\u00fcggetlen tulajdonban van \u00e9s \u00fczemel. Nem tartoznak egyetlen l\u00e1nchoz sem, \u00e9s minden iskol\u00e1nak megvan a saj\u00e1t egyedi jellege.<\/p>\n<p>Nagyon komolyan veszik a min\u0151s\u00e9gellen\u0151rz\u00e9st, \u00e9s rendszeresen figyelemmel k\u00eds\u00e9rik az \u00f6sszes enged\u00e9llyel rendelkez\u0151 angol nyelviskol\u00e1juk min\u0151s\u00e9g\u00e9t a hallgat\u00f3i visszajelz\u00e9sek, az \u00fcgyn\u00f6ki referenci\u00e1k \u00e9s az akkredit\u00e1ci\u00f3s eredm\u00e9nyek alapj\u00e1n. Ezeknek kiv\u00e1l\u00f3 \u00e9s k\u00f6vetkezetes sz\u00ednvonal\u00fanak kell lenni\u00fck.<\/p>\n<p>Egy min\u0151s\u00e9gi angol nyelviskol\u00e1t v\u00e1lasztva a di\u00e1kok a legmagasabb szint\u0171 t\u00e1mogat\u00e1sra, oktat\u00e1sra \u00e9s tev\u00e9kenys\u00e9gekre sz\u00e1m\u00edthatnak.<\/p>\n<p>Tudj meg t\u00f6bbet a min\u0151s\u00e9gi angolr\u00f3l itt:<a href=\"http:\/\/www.quality-english.com\/\" target=\"_blank\" rel=\"noopener\"> www.quality-english.com<\/a><\/p>\n\n\t\t<\/div>\n\t<\/div>\n<\/div><\/div><\/div><\/div>","protected":false},"excerpt":{"rendered":"Quality English &nbsp; Quality English schools are carefully selected from the best Independent English language schools in English speaking countries. They are renowned for their quality and reputation, and offer a choice of general and specialised courses in desirable locations around the world. All schools&nbsp;<a href=\"https:\/\/southbourneschool.co.uk\/hu\/quality-english\/\">...<\/a>","protected":false},"author":12312401,"featured_media":0,"parent":0,"menu_order":0,"comment_status":"closed","ping_status":"closed","template":"","meta":{"footnotes":""},"class_list":["post-839","page","type-page","status-publish","hentry","odd"],"yoast_head":"<!-- This site is optimized with the Yoast SEO plugin v27.5 - https:\/\/yoast.com\/product\/yoast-seo-wordpress\/ -->\n<title>Quality English - Accreditiaton - Southbourne School of English<\/title>\n<meta name=\"description\" content=\"Quality English takes quality control very seriously and regularly monitors the quality of all their licenced English language schools through feedback...\" \/>\n<meta name=\"robots\" content=\"index, follow, max-snippet:-1, max-image-preview:large, max-video-preview:-1\" \/>\n<link rel=\"canonical\" href=\"https:\/\/southbourneschool.co.uk\/hu\/minosegi-angol\/\" \/>\n<meta property=\"og:locale\" content=\"hu_HU\" \/>\n<meta property=\"og:type\" content=\"article\" \/>\n<meta property=\"og:title\" content=\"Quality English - Accreditiaton - Southbourne School of English\" \/>\n<meta property=\"og:description\" content=\"Quality English takes quality control very seriously and regularly monitors the quality of all their licenced English language schools through feedback...\" \/>\n<meta property=\"og:url\" content=\"https:\/\/southbourneschool.co.uk\/hu\/minosegi-angol\/\" \/>\n<meta property=\"og:site_name\" content=\"Southbourne School of English\" \/>\n<meta property=\"article:publisher\" content=\"https:\/\/www.facebook.com\/SouthbourneSchool\/\" \/>\n<meta property=\"article:modified_time\" content=\"2019-01-14T09:12:28+00:00\" \/>\n<meta name=\"twitter:card\" content=\"summary_large_image\" \/>\n<meta name=\"twitter:site\" content=\"@SouthbourneSofE\" \/>\n<meta name=\"twitter:label1\" content=\"Becs\u00fclt olvas\u00e1si id\u0151\" \/>\n\t<meta name=\"twitter:data1\" content=\"1 perc\" \/>\n<script type=\"application\/ld+json\" class=\"yoast-schema-graph\">{\"@context\":\"https:\\\/\\\/schema.org\",\"@graph\":[{\"@type\":\"WebPage\",\"@id\":\"https:\\\/\\\/southbourneschool.co.uk\\\/quality-english\\\/\",\"url\":\"https:\\\/\\\/southbourneschool.co.uk\\\/quality-english\\\/\",\"name\":\"Quality English - Accreditiaton - Southbourne School of English\",\"isPartOf\":{\"@id\":\"https:\\\/\\\/southbourneschool.co.uk\\\/#website\"},\"datePublished\":\"2018-10-19T09:40:55+00:00\",\"dateModified\":\"2019-01-14T09:12:28+00:00\",\"description\":\"Quality English takes quality control very seriously and regularly monitors the quality of all their licenced English language schools through feedback...\",\"breadcrumb\":{\"@id\":\"https:\\\/\\\/southbourneschool.co.uk\\\/quality-english\\\/#breadcrumb\"},\"inLanguage\":\"hu\",\"potentialAction\":[{\"@type\":\"ReadAction\",\"target\":[\"https:\\\/\\\/southbourneschool.co.uk\\\/quality-english\\\/\"]}]},{\"@type\":\"BreadcrumbList\",\"@id\":\"https:\\\/\\\/southbourneschool.co.uk\\\/quality-english\\\/#breadcrumb\",\"itemListElement\":[{\"@type\":\"ListItem\",\"position\":1,\"name\":\"Home\",\"item\":\"https:\\\/\\\/southbourneschool.co.uk\\\/\"},{\"@type\":\"ListItem\",\"position\":2,\"name\":\"Quality English\"}]},{\"@type\":\"WebSite\",\"@id\":\"https:\\\/\\\/southbourneschool.co.uk\\\/#website\",\"url\":\"https:\\\/\\\/southbourneschool.co.uk\\\/\",\"name\":\"Southbourne School of English\",\"description\":\"We make learning English fun. A language school in Bournemouth, ideally located by the sea in a suburb of Bournemouth called Southbourne, one of the UK\u2019s most popular locations for international students.\",\"publisher\":{\"@id\":\"https:\\\/\\\/southbourneschool.co.uk\\\/#organization\"},\"potentialAction\":[{\"@type\":\"SearchAction\",\"target\":{\"@type\":\"EntryPoint\",\"urlTemplate\":\"https:\\\/\\\/southbourneschool.co.uk\\\/?s={search_term_string}\"},\"query-input\":{\"@type\":\"PropertyValueSpecification\",\"valueRequired\":true,\"valueName\":\"search_term_string\"}}],\"inLanguage\":\"hu\"},{\"@type\":\"Organization\",\"@id\":\"https:\\\/\\\/southbourneschool.co.uk\\\/#organization\",\"name\":\"Southbourne School of English\",\"alternateName\":\"SSE\",\"url\":\"https:\\\/\\\/southbourneschool.co.uk\\\/\",\"logo\":{\"@type\":\"ImageObject\",\"inLanguage\":\"hu\",\"@id\":\"https:\\\/\\\/southbourneschool.co.uk\\\/#\\\/schema\\\/logo\\\/image\\\/\",\"url\":\"https:\\\/\\\/southbourneschool.co.uk\\\/wp-content\\\/uploads\\\/2026\\\/01\\\/SSE-60-Year-Anniversary-Logo.png\",\"contentUrl\":\"https:\\\/\\\/southbourneschool.co.uk\\\/wp-content\\\/uploads\\\/2026\\\/01\\\/SSE-60-Year-Anniversary-Logo.png\",\"width\":1964,\"height\":1965,\"caption\":\"Southbourne School of English\"},\"image\":{\"@id\":\"https:\\\/\\\/southbourneschool.co.uk\\\/#\\\/schema\\\/logo\\\/image\\\/\"},\"sameAs\":[\"https:\\\/\\\/www.facebook.com\\\/SouthbourneSchool\\\/\",\"https:\\\/\\\/x.com\\\/SouthbourneSofE\",\"https:\\\/\\\/www.instagram.com\\\/southbourneschoolofenglish\\\/\",\"https:\\\/\\\/www.tiktok.com\\\/@southbourne\",\"https:\\\/\\\/www.youtube.com\\\/@southbourneschoolofenglish4522\"]}]}<\/script>\n<!-- \/ Yoast SEO plugin. -->","yoast_head_json":{"title":"Min\u0151s\u00e9gi angol - Akkredit\u00e1ci\u00f3 - Southbourne Angol Iskola","description":"A Quality English nagyon komolyan veszi a min\u0151s\u00e9gellen\u0151rz\u00e9st, \u00e9s visszajelz\u00e9sek r\u00e9v\u00e9n rendszeresen ellen\u0151rzi az \u00f6sszes enged\u00e9llyel rendelkez\u0151 angol nyelviskol\u00e1j\u00e1nak min\u0151s\u00e9g\u00e9t...","robots":{"index":"index","follow":"follow","max-snippet":"max-snippet:-1","max-image-preview":"max-image-preview:large","max-video-preview":"max-video-preview:-1"},"canonical":"https:\/\/southbourneschool.co.uk\/hu\/minosegi-angol\/","og_locale":"hu_HU","og_type":"article","og_title":"Quality English - Accreditiaton - Southbourne School of English","og_description":"Quality English takes quality control very seriously and regularly monitors the quality of all their licenced English language schools through feedback...","og_url":"https:\/\/southbourneschool.co.uk\/hu\/minosegi-angol\/","og_site_name":"Southbourne School of English","article_publisher":"https:\/\/www.facebook.com\/SouthbourneSchool\/","article_modified_time":"2019-01-14T09:12:28+00:00","twitter_card":"summary_large_image","twitter_site":"@SouthbourneSofE","twitter_misc":{"Becs\u00fclt olvas\u00e1si id\u0151":"1 perc"},"schema":{"@context":"https:\/\/schema.org","@graph":[{"@type":"WebPage","@id":"https:\/\/southbourneschool.co.uk\/quality-english\/","url":"https:\/\/southbourneschool.co.uk\/quality-english\/","name":"Min\u0151s\u00e9gi angol - Akkredit\u00e1ci\u00f3 - Southbourne Angol Iskola","isPartOf":{"@id":"https:\/\/southbourneschool.co.uk\/#website"},"datePublished":"2018-10-19T09:40:55+00:00","dateModified":"2019-01-14T09:12:28+00:00","description":"A Quality English nagyon komolyan veszi a min\u0151s\u00e9gellen\u0151rz\u00e9st, \u00e9s visszajelz\u00e9sek r\u00e9v\u00e9n rendszeresen ellen\u0151rzi az \u00f6sszes enged\u00e9llyel rendelkez\u0151 angol nyelviskol\u00e1j\u00e1nak min\u0151s\u00e9g\u00e9t...","breadcrumb":{"@id":"https:\/\/southbourneschool.co.uk\/quality-english\/#breadcrumb"},"inLanguage":"hu","potentialAction":[{"@type":"ReadAction","target":["https:\/\/southbourneschool.co.uk\/quality-english\/"]}]},{"@type":"BreadcrumbList","@id":"https:\/\/southbourneschool.co.uk\/quality-english\/#breadcrumb","itemListElement":[{"@type":"ListItem","position":1,"name":"Home","item":"https:\/\/southbourneschool.co.uk\/"},{"@type":"ListItem","position":2,"name":"Quality English"}]},{"@type":"WebSite","@id":"https:\/\/southbourneschool.co.uk\/#website","url":"https:\/\/southbourneschool.co.uk\/","name":"Southbourne School of English","description":"Az angol nyelvtanul\u00e1s n\u00e1lunk sz\u00f3rakoztat\u00f3. Nyelviskola Bournemouthban, ide\u00e1lis helyen, a tengerparton, Bournemouth Southbourne nev\u0171 k\u00fclv\u00e1ros\u00e1ban, amely az Egyes\u00fclt Kir\u00e1lys\u00e1g egyik legn\u00e9pszer\u0171bb helye a nemzetk\u00f6zi di\u00e1kok k\u00f6r\u00e9ben.","publisher":{"@id":"https:\/\/southbourneschool.co.uk\/#organization"},"potentialAction":[{"@type":"SearchAction","target":{"@type":"EntryPoint","urlTemplate":"https:\/\/southbourneschool.co.uk\/?s={search_term_string}"},"query-input":{"@type":"PropertyValueSpecification","valueRequired":true,"valueName":"search_term_string"}}],"inLanguage":"hu"},{"@type":"Organization","@id":"https:\/\/southbourneschool.co.uk\/#organization","name":"Southbourne School of English","alternateName":"SSE","url":"https:\/\/southbourneschool.co.uk\/","logo":{"@type":"ImageObject","inLanguage":"hu","@id":"https:\/\/southbourneschool.co.uk\/#\/schema\/logo\/image\/","url":"https:\/\/southbourneschool.co.uk\/wp-content\/uploads\/2026\/01\/SSE-60-Year-Anniversary-Logo.png","contentUrl":"https:\/\/southbourneschool.co.uk\/wp-content\/uploads\/2026\/01\/SSE-60-Year-Anniversary-Logo.png","width":1964,"height":1965,"caption":"Southbourne School of English"},"image":{"@id":"https:\/\/southbourneschool.co.uk\/#\/schema\/logo\/image\/"},"sameAs":["https:\/\/www.facebook.com\/SouthbourneSchool\/","https:\/\/x.com\/SouthbourneSofE","https:\/\/www.instagram.com\/southbourneschoolofenglish\/","https:\/\/www.tiktok.com\/@southbourne","https:\/\/www.youtube.com\/@southbourneschoolofenglish4522"]}]}},"featured_image_src":null,"featured_image_src_square":null,"_links":{"self":[{"href":"https:\/\/southbourneschool.co.uk\/hu\/wp-json\/wp\/v2\/pages\/839","targetHints":{"allow":["GET"]}}],"collection":[{"href":"https:\/\/southbourneschool.co.uk\/hu\/wp-json\/wp\/v2\/pages"}],"about":[{"href":"https:\/\/southbourneschool.co.uk\/hu\/wp-json\/wp\/v2\/types\/page"}],"author":[{"embeddable":true,"href":"https:\/\/southbourneschool.co.uk\/hu\/wp-json\/wp\/v2\/users\/12312401"}],"replies":[{"embeddable":true,"href":"https:\/\/southbourneschool.co.uk\/hu\/wp-json\/wp\/v2\/comments?post=839"}],"version-history":[{"count":0,"href":"https:\/\/southbourneschool.co.uk\/hu\/wp-json\/wp\/v2\/pages\/839\/revisions"}],"wp:attachment":[{"href":"https:\/\/southbourneschool.co.uk\/hu\/wp-json\/wp\/v2\/media?parent=839"}],"curies":[{"name":"munkaf\u00fczet","href":"https:\/\/api.w.org\/{rel}","templated":true}]}}