{"id":543,"date":"2018-08-16T09:11:09","date_gmt":"2018-08-16T08:11:09","guid":{"rendered":"https:\/\/southbournese.wpengine.com\/?page_id=543"},"modified":"2026-04-29T09:06:31","modified_gmt":"2026-04-29T08:06:31","slug":"unisciti-al-nostro-team","status":"publish","type":"page","link":"https:\/\/southbourneschool.co.uk\/it\/about\/join-our-team\/","title":{"rendered":"Unisciti al nostro team"},"content":{"rendered":"<section class=\"vc_section vc_custom_1723204831132 vc_section-has-fill\"><\/section><div class=\"vc_row wpb_row vc_row-fluid vc_custom_1532611618687\"><div class=\"wpb_column vc_column_container vc_col-sm-7\"><div class=\"vc_column-inner\"><div class=\"wpb_wrapper\"><h1 style=\"text-align: left\" class=\"vc_custom_heading\" >Unisciti al nostro team<\/h1>\n\t<div class=\"wpb_text_column wpb_content_element\" >\n\t\t<div class=\"wpb_wrapper\">\n\t\t\t<p>Vuoi unirti al nostro team di insegnanti o al nostro staff di attivit\u00e0? Siamo sempre alla ricerca di persone amichevoli e motivate! Se hai esperienza e qualifiche adeguate, saremo lieti di contattarti.<\/p>\n\n\t\t<\/div>\n\t<\/div>\n\n\t<div class=\"wpb_text_column wpb_content_element  vc_custom_1743421475817\" >\n\t\t<div class=\"wpb_wrapper\">\n\t\t\t<p>Ci impegniamo a tutelare la sicurezza. La sicurezza dei nostri studenti \u00e8 la nostra priorit\u00e0 assoluta, quindi tutto il personale deve sottoporsi a un controllo DBS avanzato. Avremo bisogno di due referenze e qualsiasi lacuna nei CV dovr\u00e0 essere verificata.<\/p>\n<p>Si prega di citare il riferimento per il lavoro per cui ci si candida in tutta la corrispondenza. Se siete interessati o avete domande, vi preghiamo di inviare un&#039;e-mail a <a href=\"mailto:dos@southbourneschool.co.uk\">dos@southbourneschool.co.uk<\/a><\/p>\n\n\t\t<\/div>\n\t<\/div>\n\n\t<div class=\"wpb_text_column wpb_content_element\" >\n\t\t<div class=\"wpb_wrapper\">\n\t\t\t<h2>Posti vacanti nella scuola principale<\/h2>\n\n\t\t<\/div>\n\t<\/div>\n<div class=\"vc_tta-container\" data-vc-action=\"collapseAll\"><div class=\"vc_general vc_tta vc_tta-accordion vc_tta-color-grey vc_tta-style-classic vc_tta-shape-square vc_tta-o-shape-group vc_tta-controls-align-left vc_tta-o-no-fill vc_tta-o-all-clickable vc_custom_1534407088858\"><div class=\"vc_tta-panels-container\"><div class=\"vc_tta-panels\"><div class=\"vc_tta-panel\" id=\"teachers\" data-vc-content=\".vc_tta-panel-body\"><div class=\"vc_tta-panel-heading\"><h4 class=\"vc_tta-panel-title vc_tta-controls-icon-position-left\"><a href=\"#teachers\" data-vc-accordion data-vc-container=\".vc_tta-container\"><span class=\"vc_tta-title-text\">Insegnanti<\/span><i class=\"vc_tta-controls-icon vc_tta-controls-icon-plus\"><\/i><\/a><\/h4><\/div><div class=\"vc_tta-panel-body\">\n\t<div class=\"wpb_text_column wpb_content_element\" >\n\t\t<div class=\"wpb_wrapper\">\n\t\t\t<p><a href=\"https:\/\/southbourneschool.co.uk\/wp-content\/uploads\/2026\/04\/Teacher-Job-Description-2026.docx\">Insegnante \u2013 Descrizione del ruolo<\/a><\/p>\n<p>Se sei interessato a diventare insegnante presso la nostra scuola, invia un&#039;e-mail <a href=\"mailto:dos@southbourneschool.co.uk\">dos@southbourneschool.co.uk<\/a> per il modulo di domanda.<\/p>\n<p>Gli insegnanti devono possedere una conoscenza dell&#039;inglese a livello madrelingua, una laurea e una qualifica per l&#039;insegnamento: accettiamo PGCE per la scuola primaria, secondaria e le lingue moderne e\/o CELTA o equivalente Trinity TESOL.<\/p>\n<p>Stipendio: \u00a3 15 \u2013 \u00a3 18,25 (a seconda della qualifica)<\/p>\n<p>Ci impegniamo a tutelare la sicurezza. La sicurezza dei nostri studenti \u00e8 la nostra priorit\u00e0 assoluta, quindi tutto il personale deve sottoporsi a un controllo DBS avanzato, se non ne ha gi\u00e0 uno nel servizio di aggiornamento. Avremo bisogno di due referenze e qualsiasi lacuna nei CV dovr\u00e0 essere verificata.<\/p>\n\n\t\t<\/div>\n\t<\/div>\n<\/div><\/div><div class=\"vc_tta-panel\" id=\"activityref2018\" data-vc-content=\".vc_tta-panel-body\"><div class=\"vc_tta-panel-heading\"><h4 class=\"vc_tta-panel-title vc_tta-controls-icon-position-left\"><a href=\"#activityref2018\" data-vc-accordion data-vc-container=\".vc_tta-container\"><span class=\"vc_tta-title-text\">Responsabili delle attivit\u00e0<\/span><i class=\"vc_tta-controls-icon vc_tta-controls-icon-plus\"><\/i><\/a><\/h4><\/div><div class=\"vc_tta-panel-body\">\n\t<div class=\"wpb_text_column wpb_content_element\" >\n\t\t<div class=\"wpb_wrapper\">\n\t\t\t<p><a href=\"https:\/\/southbourneschool.co.uk\/wp-content\/uploads\/2026\/04\/Activity-Leader-Job-Description-2026.docx\">Responsabile delle attivit\u00e0 \u2013 Descrizione del ruolo<\/a><\/p>\n<p>Salario: da \u00a310,85 a \u00a312,71 (a seconda dell&#039;et\u00e0)<\/p>\n<p>Se sei interessato a diventare un responsabile delle attivit\u00e0 presso la nostra scuola, invia un&#039;e-mail <a href=\"mailto:principal@southbourneschool.co.uk\">principal@southbourneschool.co.uk<\/a><\/p>\n<p>Se sei una persona socievole, energica, vivace ed entusiasta, saremmo lieti di ricevere la tua candidatura come membro del nostro staff addetto alle attivit\u00e0.<\/p>\n<p>Ci impegniamo a tutelare la sicurezza. La sicurezza dei nostri studenti \u00e8 la nostra priorit\u00e0 assoluta, quindi tutto il personale deve sottoporsi a un controllo DBS avanzato. Avremo bisogno di due referenze e qualsiasi lacuna nei CV dovr\u00e0 essere verificata.<\/p>\n\n\t\t<\/div>\n\t<\/div>\n<\/div><\/div><\/div><\/div><\/div><\/div><\/div><\/div><\/div><div class=\"wpb_column vc_column_container vc_col-sm-4 vc_col-sm-offset-1 vc_hidden-xs\"><div class=\"vc_column-inner\"><div class=\"wpb_wrapper\"><div  class=\"vc_wp_custommenu wpb_content_element child-page-menu\"><div class=\"widget widget_nav_menu\"><div class=\"menu-school-facilities-child-menu-container\"><ul id=\"menu-school-facilities-child-menu\" class=\"menu\"><li id=\"menu-item-446\" class=\"menu-item menu-item-type-post_type menu-item-object-page menu-item-has-children menu-item-446 msm-top-level-item\"><a href=\"https:\/\/southbourneschool.co.uk\/it\/about\/\">Circa<\/a>\n<ul class=\"sub-menu\">\n\t<li id=\"menu-item-492\" class=\"menu-item menu-item-type-post_type menu-item-object-page menu-item-492\"><a href=\"https:\/\/southbourneschool.co.uk\/it\/about\/school-facilities\/\">Strutture scolastiche<\/a><\/li>\n\t<li id=\"menu-item-1792\" class=\"menu-item menu-item-type-post_type menu-item-object-page menu-item-1792\"><a href=\"https:\/\/southbourneschool.co.uk\/it\/about\/gallery\/\">Galleria<\/a><\/li>\n\t<li id=\"menu-item-3083\" class=\"menu-item menu-item-type-post_type menu-item-object-page menu-item-3083\"><a href=\"https:\/\/southbourneschool.co.uk\/it\/hosting-students\/\">Diventare una famiglia ospitante per gli studenti<\/a><\/li>\n\t<li id=\"menu-item-453\" class=\"menu-item menu-item-type-post_type menu-item-object-page menu-item-453\"><a href=\"https:\/\/southbourneschool.co.uk\/it\/about\/our-team\/\">Il nostro team<\/a><\/li>\n\t<li id=\"menu-item-549\" class=\"menu-item menu-item-type-post_type menu-item-object-page menu-item-549\"><a href=\"https:\/\/southbourneschool.co.uk\/it\/about\/join-our-team\/\">Unisciti al nostro team<\/a><\/li>\n\t<li id=\"menu-item-563\" class=\"menu-item menu-item-type-post_type menu-item-object-page menu-item-563\"><a href=\"https:\/\/southbourneschool.co.uk\/it\/about\/testimonials-accreditations\/\">Testimonianze e accreditamenti<\/a><\/li>\n\t<li id=\"menu-item-579\" class=\"menu-item menu-item-type-post_type menu-item-object-page menu-item-579\"><a href=\"https:\/\/southbourneschool.co.uk\/it\/about\/school-policies\/\">Politiche scolastiche<\/a><\/li>\n\t<li id=\"menu-item-3337\" class=\"menu-item menu-item-type-post_type menu-item-object-page menu-item-3337\"><a href=\"https:\/\/southbourneschool.co.uk\/it\/about\/visa-information\/\">Informazioni sui visti<\/a><\/li>\n\t<li id=\"menu-item-596\" class=\"menu-item menu-item-type-post_type menu-item-object-page menu-item-596\"><a href=\"https:\/\/southbourneschool.co.uk\/it\/about\/faqs\/\">Domande frequenti<\/a><\/li>\n<\/ul>\n<\/li>\n<\/ul><\/div><\/div><\/div><\/div><\/div><\/div><\/div><section class=\"vc_section\"><div class=\"vc_row wpb_row vc_row-fluid\"><div class=\"wpb_column vc_column_container vc_col-sm-7 vc_hidden-lg vc_hidden-md vc_hidden-sm vc_hidden-xs\"><div class=\"vc_column-inner\"><div class=\"wpb_wrapper\">\n\t<div class=\"wpb_text_column wpb_content_element\" >\n\t\t<div class=\"wpb_wrapper\">\n\t\t\t<h2>Centro residenziale<\/h2>\n\n\t\t<\/div>\n\t<\/div>\n<div class=\"vc_tta-container\" data-vc-action=\"collapseAll\"><div class=\"vc_general vc_tta vc_tta-accordion vc_tta-color-grey vc_tta-style-classic vc_tta-shape-square vc_tta-o-shape-group vc_tta-controls-align-left vc_tta-o-no-fill vc_tta-o-all-clickable vc_custom_1534407097312\"><div class=\"vc_tta-panels-container\"><div class=\"vc_tta-panels\"><div class=\"vc_tta-panel\" id=\"1534406935058-7bad137c-2ca5\" data-vc-content=\".vc_tta-panel-body\"><div class=\"vc_tta-panel-heading\"><h4 class=\"vc_tta-panel-title vc_tta-controls-icon-position-left\"><a href=\"#1534406935058-7bad137c-2ca5\" data-vc-accordion data-vc-container=\".vc_tta-container\"><span class=\"vc_tta-title-text\">Personale addetto alle attivit\u00e0 residenziali (Rif: V2020RABCS)<\/span><i class=\"vc_tta-controls-icon vc_tta-controls-icon-plus\"><\/i><\/a><\/h4><\/div><div class=\"vc_tta-panel-body\">\n\t<div class=\"wpb_text_column wpb_content_element\" >\n\t\t<div class=\"wpb_wrapper\">\n\t\t\t<p>Se sei interessato a unirti al nostro team, scarica e compila il modulo di domanda. Il corso residenziale estivo si terr\u00e0 dal 5 luglio al 2 agosto 2020.<\/p>\n<p>Cerchiamo qualcuno che ami lavorare con i giovani, che sia energico, vivace e responsabile, preferibilmente con competenze in ambito sportivo, artistico e\/o in progetti di coinvolgimento dei giovani.<\/p>\n<p>Ci impegniamo a tutelare la sicurezza. La sicurezza dei nostri studenti \u00e8 la nostra priorit\u00e0 assoluta, quindi tutto il personale deve sottoporsi a un controllo DBS avanzato. Avremo bisogno di due referenze e qualsiasi lacuna nei CV dovr\u00e0 essere verificata.<\/p>\n<p><strong>Posizioni di responsabile delle attivit\u00e0<\/strong><br \/>\n6 giorni alla settimana, fino a 48 ore.<br \/>\n\u00a3 370 a settimana (pagamento settimanale) include alloggio e 3 pasti al giorno.<\/p>\n<p><strong>Posizione di organizzatore di attivit\u00e0<\/strong><\/p>\n<p>Nota bene: per questa posizione \u00e8 necessario dormire in loco.<\/p>\n<p><strong>Descrizione del lavoro<\/strong> \u2013 clicca sui link sottostanti:<\/p>\n<p><a href=\"\/wp-content\/uploads\/2019\/05\/R-Residential-Activity-Organiser-2019-BCS.doc\" target=\"_blank\" rel=\"noopener noreferrer\">Descrizione del lavoro di organizzatore di attivit\u00e0 residenziali 2019<\/a><\/p>\n<p><a href=\"\/wp-content\/uploads\/2019\/03\/2019-Residential-Activity-Leader-JD.docx\" target=\"_blank\" rel=\"noopener noreferrer\">Descrizione del lavoro del responsabile delle attivit\u00e0 residenziali 2019<\/a><\/p>\n<p>Per candidarsi, si prega di compilare il <a href=\"https:\/\/southbournese.wpengine.com\/wp-content\/uploads\/2020\/02\/2020-SSE-job-application-form.docx\" target=\"_blank\" rel=\"noopener noreferrer\">Modulo di domanda di lavoro<\/a> e invialo via e-mail a <a href=\"mailto:rob@southbourneschool.co.uk\">principal@southbourneschool.co.uk.<\/a><\/p>\n\n\t\t<\/div>\n\t<\/div>\n<\/div><\/div><div class=\"vc_tta-panel\" id=\"1534406935025-51db22c4-022e\" data-vc-content=\".vc_tta-panel-body\"><div class=\"vc_tta-panel-heading\"><h4 class=\"vc_tta-panel-title vc_tta-controls-icon-position-left\"><a href=\"#1534406935025-51db22c4-022e\" data-vc-accordion data-vc-container=\".vc_tta-container\"><span class=\"vc_tta-title-text\">Personale docente (Rif: V2020RCJ)<\/span><i class=\"vc_tta-controls-icon vc_tta-controls-icon-plus\"><\/i><\/a><\/h4><\/div><div class=\"vc_tta-panel-body\">\n\t<div class=\"wpb_text_column wpb_content_element\" >\n\t\t<div class=\"wpb_wrapper\">\n\t\t\t<p>Se sei interessato a unirti al nostro team, scarica e compila il modulo di domanda.<\/p>\n<p>Nota bene: questa \u00e8 una posizione non residenziale, non \u00e8 disponibile alcun alloggio.<\/p>\n<p>Le lezioni si svolgono il luned\u00ec, marted\u00ec, mercoled\u00ec, venerd\u00ec e sabato mattina, con orario di 15 ore dalle 9:00 alle 12:30. \u00c8 possibile abbinare questo incarico a un orario di 15 ore dal luned\u00ec al venerd\u00ec pomeriggio dalle 14:00 alle 17:30 presso la scuola principale.<\/p>\n<p>Ci impegniamo a tutelare la sicurezza. La sicurezza dei nostri studenti \u00e8 la nostra priorit\u00e0 assoluta, quindi tutto il personale deve sottoporsi a un controllo DBS avanzato, se non ne ha gi\u00e0 uno nel servizio di aggiornamento. Avremo bisogno di due referenze e qualsiasi lacuna nei CV dovr\u00e0 essere verificata.<\/p>\n<p>Gli insegnanti devono avere un livello di inglese madrelingua, una laurea e un&#039;abilitazione all&#039;insegnamento: accettiamo PGCE Primary, Secondary English and Modern Languages e\/o equivalenti CELTA o Trinity TESOL. Se siete interessati, compilate il modulo \u00a0<a href=\"https:\/\/southbournese.wpengine.com\/wp-content\/uploads\/2020\/02\/2020-SSE-job-application-form.docx\" target=\"_blank\" rel=\"noopener noreferrer\">Modulo di domanda di lavoro<\/a> e invialo via e-mail a <a href=\"mailto:kathryn@southbourneschool.co.uk\">principal@southbourneschool.co.uk<\/a>.<\/p>\n<p>Descrizione del lavoro: cliccare sul link sottostante:<\/p>\n<p><a href=\"\/wp-content\/uploads\/2019\/03\/2019-Teacher-1-wk-JD.doc\" target=\"_blank\" rel=\"noopener noreferrer\">Descrizione del lavoro dell&#039;insegnante 2019<\/a><\/p>\n\n\t\t<\/div>\n\t<\/div>\n<\/div><\/div><div class=\"vc_tta-panel\" id=\"1579004717831-f9d393f9-9839\" data-vc-content=\".vc_tta-panel-body\"><div class=\"vc_tta-panel-heading\"><h4 class=\"vc_tta-panel-title vc_tta-controls-icon-position-left\"><a href=\"#1579004717831-f9d393f9-9839\" data-vc-accordion data-vc-container=\".vc_tta-container\"><span class=\"vc_tta-title-text\">Addetto alla mensa (Rif: V2021CA)<\/span><i class=\"vc_tta-controls-icon vc_tta-controls-icon-plus\"><\/i><\/a><\/h4><\/div><div class=\"vc_tta-panel-body\"><div class=\"vc_row wpb_row vc_inner vc_row-fluid\"><div class=\"wpb_column vc_column_container vc_col-sm-12\"><div class=\"vc_column-inner\"><div class=\"wpb_wrapper\">\n\t<div class=\"wpb_text_column wpb_content_element\" >\n\t\t<div class=\"wpb_wrapper\">\n\t\t\t<p><strong>Assistente alla mensa richiesto per la Southbourne School of English<\/strong><\/p>\n<p>08:00 \u2013 14:00 marted\u00ec e gioved\u00ec (luned\u00ec \u2013 venerd\u00ec copertura festiva quando richiesto)<\/p>\n<p>Aprile, luglio e agosto<\/p>\n<p>Luned\u00ec \u2013 Venerd\u00ec 08:00-14:00<\/p>\n<p>A partire da fine gennaio<\/p>\n<p>\u00a37,70 \u2013 \u00a38,25 a seconda dell&#039;et\u00e0<\/p>\n<p>Certificato di igiene alimentare necessario \u2013 formazione fornita se non disponibile<\/p>\n<p>Mansioni da includere: servire i clienti, gestire il denaro, preparare e servire il cibo, pulire, rifornire le scorte<\/p>\n<p>Inviaci un&#039;e-mail di interesse e ti invieremo un modulo di domanda a <strong>principal@southbourneschool.co.uk<\/strong><\/p>\n<p>Tutti i candidati dovranno sottoporsi a un controllo DBS avanzato. Saranno verificate due referenze.<\/p>\n\n\t\t<\/div>\n\t<\/div>\n<\/div><\/div><\/div><\/div><\/div><\/div><\/div><\/div><\/div><\/div><\/div><\/div><\/div><div class=\"wpb_column vc_column_container vc_col-sm-4\"><div class=\"vc_column-inner\"><div class=\"wpb_wrapper\"><\/div><\/div><\/div><\/div><\/section>","protected":false},"excerpt":{"rendered":"Join Our Team Interesting in joining our team of teachers or activity staff? We\u2019re always looking for friendly and dedicated people! If you have the experience and qualifications, we would love to hear from you. We are committed to safeguarding. Our students\u2019 safety is our&nbsp;<a href=\"https:\/\/southbourneschool.co.uk\/it\/about\/join-our-team\/\">...<\/a>","protected":false},"author":12312401,"featured_media":0,"parent":162,"menu_order":0,"comment_status":"closed","ping_status":"closed","template":"","meta":{"footnotes":""},"class_list":["post-543","page","type-page","status-publish","hentry","odd"],"yoast_head":"<!-- This site is optimized with the Yoast SEO plugin v27.4 - https:\/\/yoast.com\/product\/yoast-seo-wordpress\/ -->\n<title>Join Our Team - Job Vacancies - Southbourne School of English<\/title>\n<meta name=\"description\" content=\"Want to join our team? We\u2019re looking for friendly and dedicated people to add to our family in Bournemouth. Click here for all our latest jobs and vacancies\" \/>\n<meta name=\"robots\" content=\"index, follow, max-snippet:-1, max-image-preview:large, max-video-preview:-1\" \/>\n<link rel=\"canonical\" href=\"https:\/\/southbourneschool.co.uk\/it\/di\/unisciti-al-nostro-team\/\" \/>\n<meta property=\"og:locale\" content=\"it_IT\" \/>\n<meta property=\"og:type\" content=\"article\" \/>\n<meta property=\"og:title\" content=\"Join Our Team - Job Vacancies - Southbourne School of English\" \/>\n<meta property=\"og:description\" content=\"Want to join our team? We\u2019re looking for friendly and dedicated people to add to our family in Bournemouth. Click here for all our latest jobs and vacancies\" \/>\n<meta property=\"og:url\" content=\"https:\/\/southbourneschool.co.uk\/it\/di\/unisciti-al-nostro-team\/\" \/>\n<meta property=\"og:site_name\" content=\"Southbourne School of English\" \/>\n<meta property=\"article:publisher\" content=\"https:\/\/www.facebook.com\/SouthbourneSchool\/\" \/>\n<meta property=\"article:modified_time\" content=\"2026-04-29T08:06:31+00:00\" \/>\n<meta name=\"twitter:card\" content=\"summary_large_image\" \/>\n<meta name=\"twitter:site\" content=\"@SouthbourneSofE\" \/>\n<meta name=\"twitter:label1\" content=\"Tempo di lettura stimato\" \/>\n\t<meta name=\"twitter:data1\" content=\"4 minuti\" \/>\n<script type=\"application\/ld+json\" class=\"yoast-schema-graph\">{\"@context\":\"https:\\\/\\\/schema.org\",\"@graph\":[{\"@type\":\"WebPage\",\"@id\":\"https:\\\/\\\/southbourneschool.co.uk\\\/about\\\/join-our-team\\\/\",\"url\":\"https:\\\/\\\/southbourneschool.co.uk\\\/about\\\/join-our-team\\\/\",\"name\":\"Join Our Team - Job Vacancies - Southbourne School of English\",\"isPartOf\":{\"@id\":\"https:\\\/\\\/southbourneschool.co.uk\\\/#website\"},\"datePublished\":\"2018-08-16T08:11:09+00:00\",\"dateModified\":\"2026-04-29T08:06:31+00:00\",\"description\":\"Want to join our team? We\u2019re looking for friendly and dedicated people to add to our family in Bournemouth. Click here for all our latest jobs and vacancies\",\"breadcrumb\":{\"@id\":\"https:\\\/\\\/southbourneschool.co.uk\\\/about\\\/join-our-team\\\/#breadcrumb\"},\"inLanguage\":\"it-IT\",\"potentialAction\":[{\"@type\":\"ReadAction\",\"target\":[\"https:\\\/\\\/southbourneschool.co.uk\\\/about\\\/join-our-team\\\/\"]}]},{\"@type\":\"BreadcrumbList\",\"@id\":\"https:\\\/\\\/southbourneschool.co.uk\\\/about\\\/join-our-team\\\/#breadcrumb\",\"itemListElement\":[{\"@type\":\"ListItem\",\"position\":1,\"name\":\"Home\",\"item\":\"https:\\\/\\\/southbourneschool.co.uk\\\/\"},{\"@type\":\"ListItem\",\"position\":2,\"name\":\"About\",\"item\":\"https:\\\/\\\/southbourneschool.co.uk\\\/about\\\/\"},{\"@type\":\"ListItem\",\"position\":3,\"name\":\"Join Our Team\"}]},{\"@type\":\"WebSite\",\"@id\":\"https:\\\/\\\/southbourneschool.co.uk\\\/#website\",\"url\":\"https:\\\/\\\/southbourneschool.co.uk\\\/\",\"name\":\"Southbourne School of English\",\"description\":\"We make learning English fun. A language school in Bournemouth, ideally located by the sea in a suburb of Bournemouth called Southbourne, one of the UK\u2019s most popular locations for international students.\",\"publisher\":{\"@id\":\"https:\\\/\\\/southbourneschool.co.uk\\\/#organization\"},\"potentialAction\":[{\"@type\":\"SearchAction\",\"target\":{\"@type\":\"EntryPoint\",\"urlTemplate\":\"https:\\\/\\\/southbourneschool.co.uk\\\/?s={search_term_string}\"},\"query-input\":{\"@type\":\"PropertyValueSpecification\",\"valueRequired\":true,\"valueName\":\"search_term_string\"}}],\"inLanguage\":\"it-IT\"},{\"@type\":\"Organization\",\"@id\":\"https:\\\/\\\/southbourneschool.co.uk\\\/#organization\",\"name\":\"Southbourne School of English\",\"alternateName\":\"SSE\",\"url\":\"https:\\\/\\\/southbourneschool.co.uk\\\/\",\"logo\":{\"@type\":\"ImageObject\",\"inLanguage\":\"it-IT\",\"@id\":\"https:\\\/\\\/southbourneschool.co.uk\\\/#\\\/schema\\\/logo\\\/image\\\/\",\"url\":\"https:\\\/\\\/southbourneschool.co.uk\\\/wp-content\\\/uploads\\\/2026\\\/01\\\/SSE-60-Year-Anniversary-Logo.png\",\"contentUrl\":\"https:\\\/\\\/southbourneschool.co.uk\\\/wp-content\\\/uploads\\\/2026\\\/01\\\/SSE-60-Year-Anniversary-Logo.png\",\"width\":1964,\"height\":1965,\"caption\":\"Southbourne School of English\"},\"image\":{\"@id\":\"https:\\\/\\\/southbourneschool.co.uk\\\/#\\\/schema\\\/logo\\\/image\\\/\"},\"sameAs\":[\"https:\\\/\\\/www.facebook.com\\\/SouthbourneSchool\\\/\",\"https:\\\/\\\/x.com\\\/SouthbourneSofE\",\"https:\\\/\\\/www.instagram.com\\\/southbourneschoolofenglish\\\/\",\"https:\\\/\\\/www.tiktok.com\\\/@southbourne\",\"https:\\\/\\\/www.youtube.com\\\/@southbourneschoolofenglish4522\"]}]}<\/script>\n<!-- \/ Yoast SEO plugin. -->","yoast_head_json":{"title":"Unisciti al nostro team - Offerte di lavoro - Southbourne School of English","description":"Vuoi unirti al nostro team? Stiamo cercando persone amichevoli e motivate da aggiungere alla nostra famiglia a Bournemouth. Clicca qui per scoprire tutte le nostre ultime offerte di lavoro e posizioni aperte.","robots":{"index":"index","follow":"follow","max-snippet":"max-snippet:-1","max-image-preview":"max-image-preview:large","max-video-preview":"max-video-preview:-1"},"canonical":"https:\/\/southbourneschool.co.uk\/it\/di\/unisciti-al-nostro-team\/","og_locale":"it_IT","og_type":"article","og_title":"Join Our Team - Job Vacancies - Southbourne School of English","og_description":"Want to join our team? We\u2019re looking for friendly and dedicated people to add to our family in Bournemouth. Click here for all our latest jobs and vacancies","og_url":"https:\/\/southbourneschool.co.uk\/it\/di\/unisciti-al-nostro-team\/","og_site_name":"Southbourne School of English","article_publisher":"https:\/\/www.facebook.com\/SouthbourneSchool\/","article_modified_time":"2026-04-29T08:06:31+00:00","twitter_card":"summary_large_image","twitter_site":"@SouthbourneSofE","twitter_misc":{"Tempo di lettura stimato":"4 minuti"},"schema":{"@context":"https:\/\/schema.org","@graph":[{"@type":"WebPage","@id":"https:\/\/southbourneschool.co.uk\/about\/join-our-team\/","url":"https:\/\/southbourneschool.co.uk\/about\/join-our-team\/","name":"Unisciti al nostro team - Offerte di lavoro - Southbourne School of English","isPartOf":{"@id":"https:\/\/southbourneschool.co.uk\/#website"},"datePublished":"2018-08-16T08:11:09+00:00","dateModified":"2026-04-29T08:06:31+00:00","description":"Vuoi unirti al nostro team? Stiamo cercando persone amichevoli e motivate da aggiungere alla nostra famiglia a Bournemouth. Clicca qui per scoprire tutte le nostre ultime offerte di lavoro e posizioni aperte.","breadcrumb":{"@id":"https:\/\/southbourneschool.co.uk\/about\/join-our-team\/#breadcrumb"},"inLanguage":"it-IT","potentialAction":[{"@type":"ReadAction","target":["https:\/\/southbourneschool.co.uk\/about\/join-our-team\/"]}]},{"@type":"BreadcrumbList","@id":"https:\/\/southbourneschool.co.uk\/about\/join-our-team\/#breadcrumb","itemListElement":[{"@type":"ListItem","position":1,"name":"Home","item":"https:\/\/southbourneschool.co.uk\/"},{"@type":"ListItem","position":2,"name":"About","item":"https:\/\/southbourneschool.co.uk\/about\/"},{"@type":"ListItem","position":3,"name":"Join Our Team"}]},{"@type":"WebSite","@id":"https:\/\/southbourneschool.co.uk\/#website","url":"https:\/\/southbourneschool.co.uk\/","name":"Scuola di inglese di Southbourne","description":"Imparare l'inglese \u00e8 divertente. Una scuola di lingua a Bournemouth, situata in una posizione ideale vicino al mare in un sobborgo di Bournemouth chiamato Southbourne, una delle localit\u00e0 pi\u00f9 popolari del Regno Unito per gli studenti internazionali.","publisher":{"@id":"https:\/\/southbourneschool.co.uk\/#organization"},"potentialAction":[{"@type":"SearchAction","target":{"@type":"EntryPoint","urlTemplate":"https:\/\/southbourneschool.co.uk\/?s={search_term_string}"},"query-input":{"@type":"PropertyValueSpecification","valueRequired":true,"valueName":"search_term_string"}}],"inLanguage":"it-IT"},{"@type":"Organization","@id":"https:\/\/southbourneschool.co.uk\/#organization","name":"Scuola di inglese di Southbourne","alternateName":"SSE","url":"https:\/\/southbourneschool.co.uk\/","logo":{"@type":"ImageObject","inLanguage":"it-IT","@id":"https:\/\/southbourneschool.co.uk\/#\/schema\/logo\/image\/","url":"https:\/\/southbourneschool.co.uk\/wp-content\/uploads\/2026\/01\/SSE-60-Year-Anniversary-Logo.png","contentUrl":"https:\/\/southbourneschool.co.uk\/wp-content\/uploads\/2026\/01\/SSE-60-Year-Anniversary-Logo.png","width":1964,"height":1965,"caption":"Southbourne School of English"},"image":{"@id":"https:\/\/southbourneschool.co.uk\/#\/schema\/logo\/image\/"},"sameAs":["https:\/\/www.facebook.com\/SouthbourneSchool\/","https:\/\/x.com\/SouthbourneSofE","https:\/\/www.instagram.com\/southbourneschoolofenglish\/","https:\/\/www.tiktok.com\/@southbourne","https:\/\/www.youtube.com\/@southbourneschoolofenglish4522"]}]}},"featured_image_src":null,"featured_image_src_square":null,"_links":{"self":[{"href":"https:\/\/southbourneschool.co.uk\/it\/wp-json\/wp\/v2\/pages\/543","targetHints":{"allow":["GET"]}}],"collection":[{"href":"https:\/\/southbourneschool.co.uk\/it\/wp-json\/wp\/v2\/pages"}],"about":[{"href":"https:\/\/southbourneschool.co.uk\/it\/wp-json\/wp\/v2\/types\/page"}],"author":[{"embeddable":true,"href":"https:\/\/southbourneschool.co.uk\/it\/wp-json\/wp\/v2\/users\/12312401"}],"replies":[{"embeddable":true,"href":"https:\/\/southbourneschool.co.uk\/it\/wp-json\/wp\/v2\/comments?post=543"}],"version-history":[{"count":0,"href":"https:\/\/southbourneschool.co.uk\/it\/wp-json\/wp\/v2\/pages\/543\/revisions"}],"up":[{"embeddable":true,"href":"https:\/\/southbourneschool.co.uk\/it\/wp-json\/wp\/v2\/pages\/162"}],"wp:attachment":[{"href":"https:\/\/southbourneschool.co.uk\/it\/wp-json\/wp\/v2\/media?parent=543"}],"curies":[{"name":"parola chiave","href":"https:\/\/api.w.org\/{rel}","templated":true}]}}