{"id":706,"date":"2018-08-16T16:00:39","date_gmt":"2018-08-16T15:00:39","guid":{"rendered":"https:\/\/southbournese.wpengine.com\/?page_id=706"},"modified":"2024-10-16T15:50:47","modified_gmt":"2024-10-16T14:50:47","slug":"zakwaterowanie-i-opieka-spoleczna","status":"publish","type":"page","link":"https:\/\/southbourneschool.co.uk\/pl\/studying-in-bournemouth\/accommodation-welfare\/","title":{"rendered":"Zakwaterowanie i opieka spo\u0142eczna"},"content":{"rendered":"<section data-vc-full-width=\"true\" data-vc-full-width-init=\"false\" data-vc-stretch-content=\"true\" class=\"vc_section vc_custom_1723040277974 vc_section-has-fill\"><\/section><div class=\"vc_row-full-width vc_clearfix\"><\/div><div class=\"vc_row wpb_row vc_row-fluid vc_custom_1532605005893\"><div class=\"wpb_column vc_column_container vc_col-sm-8\"><div class=\"vc_column-inner vc_custom_1534429877191\"><div class=\"wpb_wrapper\"><h1 style=\"text-align: left\" class=\"vc_custom_heading vc_custom_1534431313579\" >Zakwaterowanie i opieka spo\u0142eczna<\/h1><h4 style=\"text-align: left\" class=\"vc_custom_heading vc_custom_1712919193342\" >Chcemy, aby nasi uczniowie czuli si\u0119 jak w \u2018domu z dala od domu\u2019.\u2019<\/h4>\n\t<div class=\"wpb_text_column wpb_content_element  vc_custom_1712919557153\" >\n\t\t<div class=\"wpb_wrapper\">\n\t\t\t<p>Zale\u017cy nam, aby pobyt uczni\u00f3w w Szkole J\u0119zyka Angielskiego w Southbourne by\u0142 jak najbardziej komfortowy i niezapomniany. Po zaj\u0119ciach uczniowie maj\u0105 mo\u017cliwo\u015b\u0107 sp\u0119dzenia czasu z gospodarzami lub wzi\u0119cia udzia\u0142u w dodatkowych zaj\u0119ciach wieczornych.<\/p>\n<p>Zakwaterowanie w domu rodzinnym jest bardzo popularnym wyborem w\u015br\u00f3d student\u00f3w, poniewa\u017c ma ogromny wp\u0142yw na to, jak dobrze ucz\u0105 si\u0119 j\u0119zyka angielskiego i brytyjskiej kultury.<\/p>\n<p>Nasz oddany pracownik ds. zakwaterowania umieszcza uczni\u00f3w w wieku 10+ w domach rodzinnych, w odleg\u0142o\u015bci kr\u00f3tkiego spaceru lub kr\u00f3tkiej podr\u00f3\u017cy autobusem od szko\u0142y.<\/p>\n\n\t\t<\/div>\n\t<\/div>\n<\/div><\/div><\/div><div class=\"wpb_column vc_column_container vc_col-sm-4 vc_hidden-xs\"><div class=\"vc_column-inner\"><div class=\"wpb_wrapper\"><div  class=\"vc_wp_custommenu wpb_content_element child-page-menu\"><div class=\"widget widget_nav_menu\"><div class=\"menu-studying-in-bournemouth-child-container\"><ul id=\"menu-studying-in-bournemouth-child\" class=\"menu\"><li id=\"menu-item-688\" class=\"menu-item menu-item-type-post_type menu-item-object-page menu-item-has-children menu-item-688 msm-top-level-item\"><a href=\"https:\/\/southbourneschool.co.uk\/pl\/studying-in-bournemouth\/\">Studia w Bournemouth<\/a>\n<ul class=\"sub-menu\">\n\t<li id=\"menu-item-687\" class=\"menu-item menu-item-type-post_type menu-item-object-page menu-item-687\"><a href=\"https:\/\/southbourneschool.co.uk\/pl\/studying-in-bournemouth\/travelling-to-britain\/\">Podr\u00f3\u017c do Wielkiej Brytanii<\/a><\/li>\n\t<li id=\"menu-item-705\" class=\"menu-item menu-item-type-post_type menu-item-object-page menu-item-705\"><a href=\"https:\/\/southbourneschool.co.uk\/pl\/studying-in-bournemouth\/school-activities\/\">Zaj\u0119cia szkolne<\/a><\/li>\n\t<li id=\"menu-item-704\" class=\"menu-item menu-item-type-post_type menu-item-object-page menu-item-704\"><a href=\"https:\/\/southbourneschool.co.uk\/pl\/studying-in-bournemouth\/our-location\/\">Nasza lokalizacja<\/a><\/li>\n\t<li id=\"menu-item-723\" class=\"menu-item menu-item-type-post_type menu-item-object-page menu-item-723\"><a href=\"https:\/\/southbourneschool.co.uk\/pl\/studying-in-bournemouth\/accommodation-welfare\/\">Zakwaterowanie i opieka spo\u0142eczna<\/a><\/li>\n\t<li id=\"menu-item-729\" class=\"menu-item menu-item-type-post_type menu-item-object-page menu-item-729\"><a href=\"https:\/\/southbourneschool.co.uk\/pl\/studying-in-bournemouth\/accommodation-welfare\/homestay\/\">Homestay<\/a><\/li>\n\t<li id=\"menu-item-733\" class=\"menu-item menu-item-type-post_type menu-item-object-page menu-item-733\"><a href=\"https:\/\/southbourneschool.co.uk\/pl\/studying-in-bournemouth\/accommodation-welfare\/guesthouses-hotels\/\">Pensjonaty i hotele<\/a><\/li>\n<\/ul>\n<\/li>\n<\/ul><\/div><\/div><\/div><\/div><\/div><\/div><\/div><div class=\"vc_row wpb_row vc_row-fluid vc_custom_1490099324525 vc_column-gap-10\"><div class=\"wpb_column vc_column_container vc_col-sm-9\"><div class=\"vc_column-inner\"><div class=\"wpb_wrapper\">\n\t<div class=\"wpb_text_column wpb_content_element  vc_custom_1729090244571\" >\n\t\t<div class=\"wpb_wrapper\">\n\t\t\t<h2>Zakwaterowanie i opieka spo\u0142eczna<\/h2>\n<p>Pracownicy ds. zakwaterowania i opieki spo\u0142ecznej dbaj\u0105 o to, by nasi podopieczni byli szcz\u0119\u015bliwi i zdrowi. Niezale\u017cnie od skali problemu, s\u0105 gotowi pom\u00f3c.<\/p>\n<p>W celu uzyskania porady medycznej wi\u0119kszo\u015b\u0107 student\u00f3w udaje si\u0119 do lekarza lub dentysty swojego gospodarza, ale mo\u017cemy pom\u00f3c w um\u00f3wieniu wizyty. Przed wyjazdem do Wielkiej Brytanii zalecamy wykupienie ubezpieczenia. Studenci z UE mog\u0105 ubiega\u0107 si\u0119 o brytyjsk\u0105 kart\u0119 GHIC.<\/p>\n<p>Dysponujemy r\u00f3wnie\u017c ca\u0142odobow\u0105 infolini\u0105 dla gospodarzy i student\u00f3w. Nasz personel pomo\u017ce Pa\u0144stwu w nag\u0142ych wypadkach poza godzinami pracy.<\/p>\n<p>Starsi uczniowie poni\u017cej 18 roku \u017cycia, kt\u00f3rzy podr\u00f3\u017cuj\u0105 samodzielnie, b\u0119d\u0105 spotyka\u0107 si\u0119 z naszym Opiekunem Spo\u0142ecznym raz w tygodniu. B\u0119d\u0105 mogli porozmawia\u0107 z nim o wszelkich problemach i trudno\u015bciach zwi\u0105zanych z aklimatyzacj\u0105 w Anglii.<\/p>\n<p><em>*Szczeg\u00f3\u0142y dost\u0119pne w recepcji szko\u0142y<\/em><\/p>\n<h2>Dobrobyt<\/h2>\n<p>W Wielkiej Brytanii ka\u017cda osoba poni\u017cej 18 roku \u017cycia jest niepe\u0142noletnia. Musimy zapewni\u0107 szczeg\u00f3ln\u0105 opiek\u0119 uczniom poni\u017cej 18 roku \u017cycia. Co tydzie\u0144 odbywa si\u0119 spotkanie z naszym pracownikiem socjalnym, Charlie, dla uczni\u00f3w w wieku 15, 16 lub 17 lat, kt\u00f3rzy nie nale\u017c\u0105 do \u017cadnej grupy. Uczniowie musz\u0105 by\u0107 obecni na tym spotkaniu. Kathryn sprawdzi, czy wszystko jest w porz\u0105dku z ich pobytem. Je\u015bli uczniowie maj\u0105 jakiekolwiek problemy lub co\u015b ich martwi, mog\u0105 porozmawia\u0107 z Kathryn o ka\u017cdej porze. Je\u015bli b\u0119d\u0105 chcieli porozmawia\u0107 z ni\u0105 prywatnie, um\u00f3wi si\u0119 z nimi na rozmow\u0119.<\/p>\n<p>Nieobecno\u015b\u0107 uczni\u00f3w w szkole zostanie zg\u0142oszona przez nauczyciela, dlatego wa\u017cne jest, aby uczniowie codziennie przychodzili punktualnie. Je\u015bli ucze\u0144 jest chory, mo\u017ce skontaktowa\u0107 si\u0119 z naszym pracownikiem socjalnym w celu um\u00f3wienia wizyty lekarskiej.<\/p>\n<p>Prosimy student\u00f3w o uprzejmo\u015b\u0107 i informowanie gospodarzy o miejscu, do kt\u00f3rego jad\u0105, wychodz\u0105c z domu. Na przyk\u0142ad, je\u015bli sp\u00f3\u017ani\u0105 si\u0119 na autobus powrotny do domu, powinni zadzwoni\u0107 do gospodarza i go o tym poinformowa\u0107. Studenci, z kt\u00f3rymi nie uda nam si\u0119 skontaktowa\u0107, zostan\u0105 zg\u0142oszeni policji jako zaginieni.<\/p>\n<p>Wa\u017cne jest, aby pami\u0119ta\u0107, \u017ce w Wielkiej Brytanii:<\/p>\n<ul>\n<li>Kupowanie alkoholu przez osoby poni\u017cej 18 roku \u017cycia jest nielegalne<\/li>\n<li>Kupowanie papieros\u00f3w osobom poni\u017cej 18 roku \u017cycia jest nielegalne<\/li>\n<\/ul>\n<p>Wa\u017cne jest, aby rodzice wiedzieli, \u017ce uczniowie ucz\u0119szczaj\u0105cy na kurs dla doros\u0142ych (w wieku 15+) nie b\u0119d\u0105 obj\u0119ci opiek\u0105 w przerwach, po szkole i w trakcie zaj\u0119\u0107 wieczornych.<\/p>\n<p>Godziny policyjne dla os\u00f3b poni\u017cej 18 roku \u017cycia s\u0105 r\u00f3\u017cne \u2013 polityka naszej szko\u0142y jest nast\u0119puj\u0105ca:<\/p>\n<p><strong>12 lat i mniej<\/strong><br \/>\nNie wolno wychodzi\u0107 bez nadzoru<\/p>\n<p><strong>13-14-latkowie<\/strong><br \/>\n21:00<\/p>\n<p><strong>15-latkowie<\/strong><br \/>\n22:00<\/p>\n<p><strong>16-17-latkowie<\/strong><br \/>\n23:00<\/p>\n<p><strong>18+ lat<\/strong><br \/>\nBrak godziny policyjnej \u2013 go\u015bcie otrzymaj\u0105 klucz od gospodarza, dzi\u0119ki czemu b\u0119d\u0105 mogli przychodzi\u0107 i wychodzi\u0107, kiedy b\u0119d\u0105 potrzebowa\u0107, w granicach rozs\u0105dku.<\/p>\n<p>Chyba \u017ce przedstawiciel, rodzic lub lider grupy okre\u015bli\u0142 co\u015b innego.<\/p>\n\n\t\t<\/div>\n\t<\/div>\n<\/div><\/div><\/div><\/div>","protected":false},"excerpt":{"rendered":"Accommodation &amp; WelfareWe want our students to feel like they are at a \u2018home away from home.\u2019 We want a student's stay at Southbourne School of English to be as comfortable and memorable as possible. After school there are opportunities for students to spend time&nbsp;<a href=\"https:\/\/southbourneschool.co.uk\/pl\/studying-in-bournemouth\/accommodation-welfare\/\">...<\/a>","protected":false},"author":12312401,"featured_media":0,"parent":666,"menu_order":0,"comment_status":"closed","ping_status":"closed","template":"","meta":{"footnotes":""},"class_list":["post-706","page","type-page","status-publish","hentry","odd"],"yoast_head":"<!-- This site is optimized with the Yoast SEO plugin v27.4 - https:\/\/yoast.com\/product\/yoast-seo-wordpress\/ -->\n<title>Accommodation &amp; Welfare - Southbourne School of English<\/title>\n<meta name=\"description\" content=\"It makes a huge difference to how well you learn if you feel happy and at home in your choice of accommodation. That&#039;s why we want your stay at ...\" \/>\n<meta name=\"robots\" content=\"index, follow, max-snippet:-1, max-image-preview:large, max-video-preview:-1\" \/>\n<link rel=\"canonical\" href=\"https:\/\/southbourneschool.co.uk\/pl\/studia-w-bournemouth\/zakwaterowanie-i-opieka-spoleczna\/\" \/>\n<meta property=\"og:locale\" content=\"pl_PL\" \/>\n<meta property=\"og:type\" content=\"article\" \/>\n<meta property=\"og:title\" content=\"Accommodation &amp; Welfare - Southbourne School of English\" \/>\n<meta property=\"og:description\" content=\"It makes a huge difference to how well you learn if you feel happy and at home in your choice of accommodation. That&#039;s why we want your stay at ...\" \/>\n<meta property=\"og:url\" content=\"https:\/\/southbourneschool.co.uk\/pl\/studia-w-bournemouth\/zakwaterowanie-i-opieka-spoleczna\/\" \/>\n<meta property=\"og:site_name\" content=\"Southbourne School of English\" \/>\n<meta property=\"article:publisher\" content=\"https:\/\/www.facebook.com\/SouthbourneSchool\/\" \/>\n<meta property=\"article:modified_time\" content=\"2024-10-16T14:50:47+00:00\" \/>\n<meta name=\"twitter:card\" content=\"summary_large_image\" \/>\n<meta name=\"twitter:site\" content=\"@SouthbourneSofE\" \/>\n<meta name=\"twitter:label1\" content=\"Szacowany czas czytania\" \/>\n\t<meta name=\"twitter:data1\" content=\"3 minuty\" \/>\n<script type=\"application\/ld+json\" class=\"yoast-schema-graph\">{\"@context\":\"https:\\\/\\\/schema.org\",\"@graph\":[{\"@type\":\"WebPage\",\"@id\":\"https:\\\/\\\/southbourneschool.co.uk\\\/studying-in-bournemouth\\\/accommodation-welfare\\\/\",\"url\":\"https:\\\/\\\/southbourneschool.co.uk\\\/studying-in-bournemouth\\\/accommodation-welfare\\\/\",\"name\":\"Accommodation & Welfare - Southbourne School of English\",\"isPartOf\":{\"@id\":\"https:\\\/\\\/southbourneschool.co.uk\\\/#website\"},\"datePublished\":\"2018-08-16T15:00:39+00:00\",\"dateModified\":\"2024-10-16T14:50:47+00:00\",\"description\":\"It makes a huge difference to how well you learn if you feel happy and at home in your choice of accommodation. That's why we want your stay at ...\",\"breadcrumb\":{\"@id\":\"https:\\\/\\\/southbourneschool.co.uk\\\/studying-in-bournemouth\\\/accommodation-welfare\\\/#breadcrumb\"},\"inLanguage\":\"pl-PL\",\"potentialAction\":[{\"@type\":\"ReadAction\",\"target\":[\"https:\\\/\\\/southbourneschool.co.uk\\\/studying-in-bournemouth\\\/accommodation-welfare\\\/\"]}]},{\"@type\":\"BreadcrumbList\",\"@id\":\"https:\\\/\\\/southbourneschool.co.uk\\\/studying-in-bournemouth\\\/accommodation-welfare\\\/#breadcrumb\",\"itemListElement\":[{\"@type\":\"ListItem\",\"position\":1,\"name\":\"Home\",\"item\":\"https:\\\/\\\/southbourneschool.co.uk\\\/\"},{\"@type\":\"ListItem\",\"position\":2,\"name\":\"Studying in Bournemouth\",\"item\":\"https:\\\/\\\/southbourneschool.co.uk\\\/studying-in-bournemouth\\\/\"},{\"@type\":\"ListItem\",\"position\":3,\"name\":\"Accommodation &#038; Welfare\"}]},{\"@type\":\"WebSite\",\"@id\":\"https:\\\/\\\/southbourneschool.co.uk\\\/#website\",\"url\":\"https:\\\/\\\/southbourneschool.co.uk\\\/\",\"name\":\"Southbourne School of English\",\"description\":\"We make learning English fun. A language school in Bournemouth, ideally located by the sea in a suburb of Bournemouth called Southbourne, one of the UK\u2019s most popular locations for international students.\",\"publisher\":{\"@id\":\"https:\\\/\\\/southbourneschool.co.uk\\\/#organization\"},\"potentialAction\":[{\"@type\":\"SearchAction\",\"target\":{\"@type\":\"EntryPoint\",\"urlTemplate\":\"https:\\\/\\\/southbourneschool.co.uk\\\/?s={search_term_string}\"},\"query-input\":{\"@type\":\"PropertyValueSpecification\",\"valueRequired\":true,\"valueName\":\"search_term_string\"}}],\"inLanguage\":\"pl-PL\"},{\"@type\":\"Organization\",\"@id\":\"https:\\\/\\\/southbourneschool.co.uk\\\/#organization\",\"name\":\"Southbourne School of English\",\"alternateName\":\"SSE\",\"url\":\"https:\\\/\\\/southbourneschool.co.uk\\\/\",\"logo\":{\"@type\":\"ImageObject\",\"inLanguage\":\"pl-PL\",\"@id\":\"https:\\\/\\\/southbourneschool.co.uk\\\/#\\\/schema\\\/logo\\\/image\\\/\",\"url\":\"https:\\\/\\\/southbourneschool.co.uk\\\/wp-content\\\/uploads\\\/2026\\\/01\\\/SSE-60-Year-Anniversary-Logo.png\",\"contentUrl\":\"https:\\\/\\\/southbourneschool.co.uk\\\/wp-content\\\/uploads\\\/2026\\\/01\\\/SSE-60-Year-Anniversary-Logo.png\",\"width\":1964,\"height\":1965,\"caption\":\"Southbourne School of English\"},\"image\":{\"@id\":\"https:\\\/\\\/southbourneschool.co.uk\\\/#\\\/schema\\\/logo\\\/image\\\/\"},\"sameAs\":[\"https:\\\/\\\/www.facebook.com\\\/SouthbourneSchool\\\/\",\"https:\\\/\\\/x.com\\\/SouthbourneSofE\",\"https:\\\/\\\/www.instagram.com\\\/southbourneschoolofenglish\\\/\",\"https:\\\/\\\/www.tiktok.com\\\/@southbourne\",\"https:\\\/\\\/www.youtube.com\\\/@southbourneschoolofenglish4522\"]}]}<\/script>\n<!-- \/ Yoast SEO plugin. -->","yoast_head_json":{"title":"Zakwaterowanie i opieka spo\u0142eczna \u2013 Szko\u0142a j\u0119zyka angielskiego w Southbourne","description":"To, czy w wybranym przez Ciebie miejscu zakwaterowania b\u0119dziesz czu\u0107 si\u0119 komfortowo i komfortowo, ma ogromne znaczenie dla Twojej nauki. Dlatego zale\u017cy nam na Twoim pobycie w...","robots":{"index":"index","follow":"follow","max-snippet":"max-snippet:-1","max-image-preview":"max-image-preview:large","max-video-preview":"max-video-preview:-1"},"canonical":"https:\/\/southbourneschool.co.uk\/pl\/studia-w-bournemouth\/zakwaterowanie-i-opieka-spoleczna\/","og_locale":"pl_PL","og_type":"article","og_title":"Accommodation & Welfare - Southbourne School of English","og_description":"It makes a huge difference to how well you learn if you feel happy and at home in your choice of accommodation. That's why we want your stay at ...","og_url":"https:\/\/southbourneschool.co.uk\/pl\/studia-w-bournemouth\/zakwaterowanie-i-opieka-spoleczna\/","og_site_name":"Southbourne School of English","article_publisher":"https:\/\/www.facebook.com\/SouthbourneSchool\/","article_modified_time":"2024-10-16T14:50:47+00:00","twitter_card":"summary_large_image","twitter_site":"@SouthbourneSofE","twitter_misc":{"Szacowany czas czytania":"3 minuty"},"schema":{"@context":"https:\/\/schema.org","@graph":[{"@type":"WebPage","@id":"https:\/\/southbourneschool.co.uk\/studying-in-bournemouth\/accommodation-welfare\/","url":"https:\/\/southbourneschool.co.uk\/studying-in-bournemouth\/accommodation-welfare\/","name":"Zakwaterowanie i opieka spo\u0142eczna \u2013 Szko\u0142a j\u0119zyka angielskiego w Southbourne","isPartOf":{"@id":"https:\/\/southbourneschool.co.uk\/#website"},"datePublished":"2018-08-16T15:00:39+00:00","dateModified":"2024-10-16T14:50:47+00:00","description":"To, czy w wybranym przez Ciebie miejscu zakwaterowania b\u0119dziesz czu\u0107 si\u0119 komfortowo i komfortowo, ma ogromne znaczenie dla Twojej nauki. Dlatego zale\u017cy nam na Twoim pobycie w...","breadcrumb":{"@id":"https:\/\/southbourneschool.co.uk\/studying-in-bournemouth\/accommodation-welfare\/#breadcrumb"},"inLanguage":"pl-PL","potentialAction":[{"@type":"ReadAction","target":["https:\/\/southbourneschool.co.uk\/studying-in-bournemouth\/accommodation-welfare\/"]}]},{"@type":"BreadcrumbList","@id":"https:\/\/southbourneschool.co.uk\/studying-in-bournemouth\/accommodation-welfare\/#breadcrumb","itemListElement":[{"@type":"ListItem","position":1,"name":"Home","item":"https:\/\/southbourneschool.co.uk\/"},{"@type":"ListItem","position":2,"name":"Studying in Bournemouth","item":"https:\/\/southbourneschool.co.uk\/studying-in-bournemouth\/"},{"@type":"ListItem","position":3,"name":"Accommodation &#038; Welfare"}]},{"@type":"WebSite","@id":"https:\/\/southbourneschool.co.uk\/#website","url":"https:\/\/southbourneschool.co.uk\/","name":"Szko\u0142a j\u0119zyka angielskiego w Southbourne","description":"Sprawiamy, \u017ce nauka angielskiego jest przyjemno\u015bci\u0105. Szko\u0142a j\u0119zykowa w Bournemouth, idealnie po\u0142o\u017cona nad morzem na przedmie\u015bciach Bournemouth zwanych Southbourne, jednej z najpopularniejszych lokalizacji w Wielkiej Brytanii dla student\u00f3w zagranicznych.","publisher":{"@id":"https:\/\/southbourneschool.co.uk\/#organization"},"potentialAction":[{"@type":"SearchAction","target":{"@type":"EntryPoint","urlTemplate":"https:\/\/southbourneschool.co.uk\/?s={search_term_string}"},"query-input":{"@type":"PropertyValueSpecification","valueRequired":true,"valueName":"search_term_string"}}],"inLanguage":"pl-PL"},{"@type":"Organization","@id":"https:\/\/southbourneschool.co.uk\/#organization","name":"Szko\u0142a j\u0119zyka angielskiego w Southbourne","alternateName":"SSE","url":"https:\/\/southbourneschool.co.uk\/","logo":{"@type":"ImageObject","inLanguage":"pl-PL","@id":"https:\/\/southbourneschool.co.uk\/#\/schema\/logo\/image\/","url":"https:\/\/southbourneschool.co.uk\/wp-content\/uploads\/2026\/01\/SSE-60-Year-Anniversary-Logo.png","contentUrl":"https:\/\/southbourneschool.co.uk\/wp-content\/uploads\/2026\/01\/SSE-60-Year-Anniversary-Logo.png","width":1964,"height":1965,"caption":"Southbourne School of English"},"image":{"@id":"https:\/\/southbourneschool.co.uk\/#\/schema\/logo\/image\/"},"sameAs":["https:\/\/www.facebook.com\/SouthbourneSchool\/","https:\/\/x.com\/SouthbourneSofE","https:\/\/www.instagram.com\/southbourneschoolofenglish\/","https:\/\/www.tiktok.com\/@southbourne","https:\/\/www.youtube.com\/@southbourneschoolofenglish4522"]}]}},"featured_image_src":null,"featured_image_src_square":null,"_links":{"self":[{"href":"https:\/\/southbourneschool.co.uk\/pl\/wp-json\/wp\/v2\/pages\/706","targetHints":{"allow":["GET"]}}],"collection":[{"href":"https:\/\/southbourneschool.co.uk\/pl\/wp-json\/wp\/v2\/pages"}],"about":[{"href":"https:\/\/southbourneschool.co.uk\/pl\/wp-json\/wp\/v2\/types\/page"}],"author":[{"embeddable":true,"href":"https:\/\/southbourneschool.co.uk\/pl\/wp-json\/wp\/v2\/users\/12312401"}],"replies":[{"embeddable":true,"href":"https:\/\/southbourneschool.co.uk\/pl\/wp-json\/wp\/v2\/comments?post=706"}],"version-history":[{"count":0,"href":"https:\/\/southbourneschool.co.uk\/pl\/wp-json\/wp\/v2\/pages\/706\/revisions"}],"up":[{"embeddable":true,"href":"https:\/\/southbourneschool.co.uk\/pl\/wp-json\/wp\/v2\/pages\/666"}],"wp:attachment":[{"href":"https:\/\/southbourneschool.co.uk\/pl\/wp-json\/wp\/v2\/media?parent=706"}],"curies":[{"name":"wp","href":"https:\/\/api.w.org\/{rel}","templated":true}]}}