{"id":725,"date":"2018-08-16T16:18:52","date_gmt":"2018-08-16T15:18:52","guid":{"rendered":"https:\/\/southbournese.wpengine.com\/?page_id=725"},"modified":"2025-01-21T09:55:40","modified_gmt":"2025-01-21T09:55:40","slug":"nocleg","status":"publish","type":"page","link":"https:\/\/southbourneschool.co.uk\/pl\/studying-in-bournemouth\/accommodation-welfare\/homestay\/","title":{"rendered":"Homestay"},"content":{"rendered":"<section data-vc-full-width=\"true\" data-vc-full-width-init=\"false\" data-vc-stretch-content=\"true\" class=\"vc_section vc_custom_1723040392551 vc_section-has-fill\"><\/section><div class=\"vc_row-full-width vc_clearfix\"><\/div><div class=\"vc_row wpb_row vc_row-fluid vc_custom_1532605005893\"><div class=\"wpb_column vc_column_container vc_col-sm-8\"><div class=\"vc_column-inner vc_custom_1534429877191\"><div class=\"wpb_wrapper\"><h1 style=\"text-align: left\" class=\"vc_custom_heading vc_custom_1582643618706\" >Homestay<\/h1><h4 style=\"text-align: left\" class=\"vc_custom_heading vc_custom_1582643611945\" >Dbamy o to, aby wszyscy nasi uczniowie mieli szcz\u0119\u015bliwe i bezpieczne miejsce zamieszkania, do kt\u00f3rego b\u0119d\u0105 mogli wr\u00f3ci\u0107 po szkole.<\/h4>\n\t<div class=\"wpb_text_column wpb_content_element  vc_custom_1712920192094\" >\n\t\t<div class=\"wpb_wrapper\">\n\t\t\t<p>Starannie wybieramy wszystkich naszych gospodarzy i wsp\u00f3\u0142pracujemy z niekt\u00f3rymi z nich od wielu lat. Typowy pobyt w domu rodzinnym zapewnia rodzinn\u0105 atmosfer\u0119 i mo\u017ce by\u0107 to jeden lub wi\u0119cej doros\u0142ych z dzie\u0107mi lub bez. Mamy du\u017cy wyb\u00f3r dom\u00f3w rodzinnych do wyboru, a ka\u017cdy, kto ugo\u015bci osoby poni\u017cej 18 roku \u017cycia, ma gwarancj\u0119, \u017ce zostanie sprawdzony przez policj\u0119.<\/p>\n<p>Nasz pracownik ds. zakwaterowania odwiedza domy, aby upewni\u0107 si\u0119, \u017ce oferuj\u0105 one dobry standard \u017cycia. Kiedy nasi gospodarze po raz pierwszy ubiegaj\u0105 si\u0119 o zakwaterowanie naszych student\u00f3w, prosimy ich o dwie referencje, certyfikat bezpiecze\u0144stwa gazowego, plan ewakuacji w razie po\u017caru i w pe\u0142ni wype\u0142niony formularz oceny ryzyka zwi\u0105zanego z pobytem w domu rodzinnym, zanim ich zaakceptujemy i zaczniemy oferowa\u0107 im student\u00f3w. Wierzymy, \u017ce wyb\u00f3r odpowiedniego gospodarza dla naszych student\u00f3w jest r\u00f3wnie wa\u017cny, jak jako\u015b\u0107 naszych zaj\u0119\u0107 z j\u0119zyka angielskiego, poniewa\u017c musz\u0105 czu\u0107 si\u0119 komfortowo, szcz\u0119\u015bliwi i bezpiecznie, aby w pe\u0142ni wykorzysta\u0107 swoje do\u015bwiadczenie w nauce za granic\u0105.<\/p>\n<p>Nasze rodziny goszcz\u0105ce znajduj\u0105 si\u0119 w odleg\u0142o\u015bci kr\u00f3tkiego spaceru lub kr\u00f3tkiej podr\u00f3\u017cy autobusem od szko\u0142y. Doros\u0142ym w wieku powy\u017cej 18 lat gwarantujemy pokoje jednoosobowe przez ca\u0142y rok.<\/p>\n\n\t\t<\/div>\n\t<\/div>\n<\/div><\/div><\/div><div class=\"wpb_column vc_column_container vc_col-sm-4 vc_hidden-xs\"><div class=\"vc_column-inner\"><div class=\"wpb_wrapper\"><div  class=\"vc_wp_custommenu wpb_content_element child-page-menu\"><div class=\"widget widget_nav_menu\"><div class=\"menu-studying-in-bournemouth-child-container\"><ul id=\"menu-studying-in-bournemouth-child\" class=\"menu\"><li id=\"menu-item-688\" class=\"menu-item menu-item-type-post_type menu-item-object-page menu-item-has-children menu-item-688 msm-top-level-item\"><a href=\"https:\/\/southbourneschool.co.uk\/pl\/studying-in-bournemouth\/\">Studia w Bournemouth<\/a>\n<ul class=\"sub-menu\">\n\t<li id=\"menu-item-687\" class=\"menu-item menu-item-type-post_type menu-item-object-page menu-item-687\"><a href=\"https:\/\/southbourneschool.co.uk\/pl\/studying-in-bournemouth\/travelling-to-britain\/\">Podr\u00f3\u017c do Wielkiej Brytanii<\/a><\/li>\n\t<li id=\"menu-item-705\" class=\"menu-item menu-item-type-post_type menu-item-object-page menu-item-705\"><a href=\"https:\/\/southbourneschool.co.uk\/pl\/studying-in-bournemouth\/school-activities\/\">Zaj\u0119cia szkolne<\/a><\/li>\n\t<li id=\"menu-item-704\" class=\"menu-item menu-item-type-post_type menu-item-object-page menu-item-704\"><a href=\"https:\/\/southbourneschool.co.uk\/pl\/studying-in-bournemouth\/our-location\/\">Nasza lokalizacja<\/a><\/li>\n\t<li id=\"menu-item-723\" class=\"menu-item menu-item-type-post_type menu-item-object-page menu-item-723\"><a href=\"https:\/\/southbourneschool.co.uk\/pl\/studying-in-bournemouth\/accommodation-welfare\/\">Zakwaterowanie i opieka spo\u0142eczna<\/a><\/li>\n\t<li id=\"menu-item-729\" class=\"menu-item menu-item-type-post_type menu-item-object-page menu-item-729\"><a href=\"https:\/\/southbourneschool.co.uk\/pl\/studying-in-bournemouth\/accommodation-welfare\/homestay\/\">Homestay<\/a><\/li>\n\t<li id=\"menu-item-733\" class=\"menu-item menu-item-type-post_type menu-item-object-page menu-item-733\"><a href=\"https:\/\/southbourneschool.co.uk\/pl\/studying-in-bournemouth\/accommodation-welfare\/guesthouses-hotels\/\">Pensjonaty i hotele<\/a><\/li>\n<\/ul>\n<\/li>\n<\/ul><\/div><\/div><\/div><\/div><\/div><\/div><\/div><div class=\"vc_row wpb_row vc_row-fluid vc_custom_1490099324525 vc_column-gap-10\"><div class=\"wpb_column vc_column_container vc_col-sm-6\"><div class=\"vc_column-inner vc_custom_1534428781206\"><div class=\"wpb_wrapper\">\n\t<div  class=\"wpb_single_image wpb_content_element vc_align_center\">\n\t\t\n\t\t<figure class=\"wpb_wrapper vc_figure\">\n\t\t\t<div class=\"vc_single_image-wrapper   vc_box_border_grey\"><img loading=\"lazy\" decoding=\"async\" width=\"1440\" height=\"960\" src=\"https:\/\/southbourneschool.co.uk\/wp-content\/uploads\/2018\/10\/9.jpg\" class=\"vc_single_image-img attachment-full\" alt=\"Przed szko\u0142\u0105 j\u0119zyka angielskiego Southbourne\" srcset=\"https:\/\/southbourneschool.co.uk\/wp-content\/uploads\/2018\/10\/9.jpg 1440w, https:\/\/southbourneschool.co.uk\/wp-content\/uploads\/2018\/10\/9-300x200.jpg 300w, https:\/\/southbourneschool.co.uk\/wp-content\/uploads\/2018\/10\/9-1024x683.jpg 1024w, https:\/\/southbourneschool.co.uk\/wp-content\/uploads\/2018\/10\/9-18x12.jpg 18w\" sizes=\"auto, (max-width: 1440px) 100vw, 1440px\" \/><\/div>\n\t\t<\/figure>\n\t<\/div>\n\n\t<div  class=\"wpb_single_image wpb_content_element vc_align_center\">\n\t\t\n\t\t<figure class=\"wpb_wrapper vc_figure\">\n\t\t\t<div class=\"vc_single_image-wrapper   vc_box_border_grey\"><img loading=\"lazy\" decoding=\"async\" width=\"1440\" height=\"960\" src=\"https:\/\/southbourneschool.co.uk\/wp-content\/uploads\/2018\/10\/UD2A2890.jpg\" class=\"vc_single_image-img attachment-full\" alt=\"Uczniowie Southbourne School of English\" srcset=\"https:\/\/southbourneschool.co.uk\/wp-content\/uploads\/2018\/10\/UD2A2890.jpg 1440w, https:\/\/southbourneschool.co.uk\/wp-content\/uploads\/2018\/10\/UD2A2890-300x200.jpg 300w, https:\/\/southbourneschool.co.uk\/wp-content\/uploads\/2018\/10\/UD2A2890-1024x683.jpg 1024w, https:\/\/southbourneschool.co.uk\/wp-content\/uploads\/2018\/10\/UD2A2890-18x12.jpg 18w\" sizes=\"auto, (max-width: 1440px) 100vw, 1440px\" \/><\/div>\n\t\t<\/figure>\n\t<\/div>\n<section class=\"vc_cta3-container\"><div class=\"vc_general vc_cta3 vc_cta3-style-classic vc_cta3-shape-rounded vc_cta3-align-left vc_cta3-color-classic vc_cta3-icon-size-md vc_cta3-actions-bottom\"><div class=\"vc_cta3_content-container\"><div class=\"vc_cta3-content\"><header class=\"vc_cta3-content-header\"><h2>Jeste\u015b zainteresowany przyj\u0119ciem student\u00f3w zagranicznych?<\/h2><\/header><\/div><div class=\"vc_cta3-actions\"><div class=\"vc_btn3-container vc_btn3-inline\" ><a class=\"vc_general vc_btn3 vc_btn3-size-lg vc_btn3-shape-rounded vc_btn3-style-modern vc_btn3-icon-left vc_btn3-color-green\" href=\"https:\/\/southbourneschool.co.uk\/pl\/goszczenie-studentow\/\" title=\"Zosta\u0144 rodzin\u0105 goszcz\u0105c\u0105 dla student\u00f3w\"><i class=\"vc_btn3-icon fas fa-home\"><\/i> Z\u0142\u00f3\u017c wniosek ju\u017c teraz!<\/a><\/div><\/div><\/div><\/div><\/section><\/div><\/div><\/div><div class=\"wpb_column vc_column_container vc_col-sm-6\"><div class=\"vc_column-inner\"><div class=\"wpb_wrapper\">\n\t<div class=\"wpb_text_column wpb_content_element  vc_custom_1712920529155\" >\n\t\t<div class=\"wpb_wrapper\">\n\t\t\t<p>Mieszkaj\u0105c u gospodarza, studenci b\u0119d\u0105 mogli cieszy\u0107 si\u0119 domowymi wygodami i dowiedzie\u0107 si\u0119 wiele o angielskim stylu \u017cycia.<\/p>\n<p>Korzystanie z ka\u017cdej okazji do \u0107wiczenia j\u0119zyka angielskiego jest wa\u017cne, aby uczy\u0107 si\u0119 szybciej. Zawsze b\u0119dziemy stara\u0107 si\u0119 pomie\u015bci\u0107 uczni\u00f3w w pokoju dwuosobowym ze studentem tej samej p\u0142ci i w podobnym wieku, jednak mog\u0105 oni pochodzi\u0107 z tego samego kraju w okresach szczytowych.<\/p>\n<blockquote><p>\n\u201eMoja rodzina goszcz\u0105ca jest naprawd\u0119 dobra. S\u0105 uprzejmi, komunikatywni i pomagaj\u0105 mi w ka\u017cdej sytuacji, je\u015bli tego potrzebuj\u0119. Jedzenie jest bardzo smaczne, a m\u00f3j pok\u00f3j jest bardzo schludny, wi\u0119c jestem szcz\u0119\u015bliwa.\u201d \u2013 Victoria\n<\/p><\/blockquote>\n<p>W okresach, gdy jest spokojniej, studenci mog\u0105 mie\u0107 pok\u00f3j tylko dla siebie, chyba \u017ce poprosz\u0105 o dzielenie pokoju. Poniewa\u017c latem jest bardziej t\u0142oczno, studenci poni\u017cej 18 roku \u017cycia dziel\u0105 pok\u00f3j z dwoma \u0142\u00f3\u017ckami, aby pom\u00f3c w zapotrzebowaniu.<\/p>\n<h2>Czego powinni\u015bmy si\u0119 dowiedzie\u0107 od naszych uczni\u00f3w<\/h2>\n<p>Im wi\u0119cej wiemy o potrzebach studenta, tym wi\u0119cej mo\u017cemy zrobi\u0107, aby pom\u00f3c. Niezale\u017cnie od tego, czy s\u0105 to specjalne pro\u015bby o zakwaterowanie, alergie lub wymagania dietetyczne, daj nam zna\u0107 przed przyjazdem. Chcemy dopasowa\u0107 naszych student\u00f3w do rodziny goszcz\u0105cej, kt\u00f3ra najlepiej do nich pasuje!<\/p>\n<p>Wielu gospodarzy w Anglii ma zwierz\u0119ta. Dlatego je\u015bli student nie chce zatrzyma\u0107 si\u0119 u gospodarza, kt\u00f3ry ma zwierz\u0119ta, prosimy o poinformowanie nas, a my zrobimy wszystko, co w naszej mocy, aby pom\u00f3c!<\/p>\n\n\t\t<\/div>\n\t<\/div>\n<\/div><\/div><\/div><\/div>","protected":false},"excerpt":{"rendered":"HomestayWe make sure that all our students have a happy, safe homestay to return to after school. We carefully select all of our hosts and we have been working with some for many years. \u00a0A typical homestay provides a family feel, and could be one&nbsp;<a href=\"https:\/\/southbourneschool.co.uk\/pl\/studying-in-bournemouth\/accommodation-welfare\/homestay\/\">...<\/a>","protected":false},"author":12312401,"featured_media":0,"parent":706,"menu_order":0,"comment_status":"closed","ping_status":"closed","template":"","meta":{"footnotes":""},"class_list":["post-725","page","type-page","status-publish","hentry","odd"],"yoast_head":"<!-- This site is optimized with the Yoast SEO plugin v27.3 - https:\/\/yoast.com\/product\/yoast-seo-wordpress\/ -->\n<title>Homestay - Living in homestay - Southbourne School of English<\/title>\n<meta name=\"description\" content=\"We carefully select all of our hosts and we have been working with some for many years. \u00a0A typical homestay provides a family feel\" \/>\n<meta name=\"robots\" content=\"index, follow, max-snippet:-1, max-image-preview:large, max-video-preview:-1\" \/>\n<link rel=\"canonical\" href=\"https:\/\/southbourneschool.co.uk\/pl\/studia-w-bournemouth\/zakwaterowanie-i-opieka-spoleczna\/nocleg\/\" \/>\n<meta property=\"og:locale\" content=\"pl_PL\" \/>\n<meta property=\"og:type\" content=\"article\" \/>\n<meta property=\"og:title\" content=\"Homestay - Living in homestay - Southbourne School of English\" \/>\n<meta property=\"og:description\" content=\"We carefully select all of our hosts and we have been working with some for many years. \u00a0A typical homestay provides a family feel\" \/>\n<meta property=\"og:url\" content=\"https:\/\/southbourneschool.co.uk\/pl\/studia-w-bournemouth\/zakwaterowanie-i-opieka-spoleczna\/nocleg\/\" \/>\n<meta property=\"og:site_name\" content=\"Southbourne School of English\" \/>\n<meta property=\"article:publisher\" content=\"https:\/\/www.facebook.com\/SouthbourneSchool\/\" \/>\n<meta property=\"article:modified_time\" content=\"2025-01-21T09:55:40+00:00\" \/>\n<meta name=\"twitter:card\" content=\"summary_large_image\" \/>\n<meta name=\"twitter:site\" content=\"@SouthbourneSofE\" \/>\n<meta name=\"twitter:label1\" content=\"Szacowany czas czytania\" \/>\n\t<meta name=\"twitter:data1\" content=\"3 minuty\" \/>\n<script type=\"application\/ld+json\" class=\"yoast-schema-graph\">{\"@context\":\"https:\\\/\\\/schema.org\",\"@graph\":[{\"@type\":\"WebPage\",\"@id\":\"https:\\\/\\\/southbourneschool.co.uk\\\/studying-in-bournemouth\\\/accommodation-welfare\\\/homestay\\\/\",\"url\":\"https:\\\/\\\/southbourneschool.co.uk\\\/studying-in-bournemouth\\\/accommodation-welfare\\\/homestay\\\/\",\"name\":\"Homestay - Living in homestay - Southbourne School of English\",\"isPartOf\":{\"@id\":\"https:\\\/\\\/southbourneschool.co.uk\\\/#website\"},\"datePublished\":\"2018-08-16T15:18:52+00:00\",\"dateModified\":\"2025-01-21T09:55:40+00:00\",\"description\":\"We carefully select all of our hosts and we have been working with some for many years. \u00a0A typical homestay provides a family feel\",\"breadcrumb\":{\"@id\":\"https:\\\/\\\/southbourneschool.co.uk\\\/studying-in-bournemouth\\\/accommodation-welfare\\\/homestay\\\/#breadcrumb\"},\"inLanguage\":\"pl-PL\",\"potentialAction\":[{\"@type\":\"ReadAction\",\"target\":[\"https:\\\/\\\/southbourneschool.co.uk\\\/studying-in-bournemouth\\\/accommodation-welfare\\\/homestay\\\/\"]}]},{\"@type\":\"BreadcrumbList\",\"@id\":\"https:\\\/\\\/southbourneschool.co.uk\\\/studying-in-bournemouth\\\/accommodation-welfare\\\/homestay\\\/#breadcrumb\",\"itemListElement\":[{\"@type\":\"ListItem\",\"position\":1,\"name\":\"Home\",\"item\":\"https:\\\/\\\/southbourneschool.co.uk\\\/\"},{\"@type\":\"ListItem\",\"position\":2,\"name\":\"Studying in Bournemouth\",\"item\":\"https:\\\/\\\/southbourneschool.co.uk\\\/studying-in-bournemouth\\\/\"},{\"@type\":\"ListItem\",\"position\":3,\"name\":\"Accommodation &#038; Welfare\",\"item\":\"https:\\\/\\\/southbourneschool.co.uk\\\/studying-in-bournemouth\\\/accommodation-welfare\\\/\"},{\"@type\":\"ListItem\",\"position\":4,\"name\":\"Homestay\"}]},{\"@type\":\"WebSite\",\"@id\":\"https:\\\/\\\/southbourneschool.co.uk\\\/#website\",\"url\":\"https:\\\/\\\/southbourneschool.co.uk\\\/\",\"name\":\"Southbourne School of English\",\"description\":\"We make learning English fun. A language school in Bournemouth, ideally located by the sea in a suburb of Bournemouth called Southbourne, one of the UK\u2019s most popular locations for international students.\",\"publisher\":{\"@id\":\"https:\\\/\\\/southbourneschool.co.uk\\\/#organization\"},\"potentialAction\":[{\"@type\":\"SearchAction\",\"target\":{\"@type\":\"EntryPoint\",\"urlTemplate\":\"https:\\\/\\\/southbourneschool.co.uk\\\/?s={search_term_string}\"},\"query-input\":{\"@type\":\"PropertyValueSpecification\",\"valueRequired\":true,\"valueName\":\"search_term_string\"}}],\"inLanguage\":\"pl-PL\"},{\"@type\":\"Organization\",\"@id\":\"https:\\\/\\\/southbourneschool.co.uk\\\/#organization\",\"name\":\"Southbourne School of English\",\"alternateName\":\"SSE\",\"url\":\"https:\\\/\\\/southbourneschool.co.uk\\\/\",\"logo\":{\"@type\":\"ImageObject\",\"inLanguage\":\"pl-PL\",\"@id\":\"https:\\\/\\\/southbourneschool.co.uk\\\/#\\\/schema\\\/logo\\\/image\\\/\",\"url\":\"https:\\\/\\\/southbourneschool.co.uk\\\/wp-content\\\/uploads\\\/2026\\\/01\\\/SSE-60-Year-Anniversary-Logo.png\",\"contentUrl\":\"https:\\\/\\\/southbourneschool.co.uk\\\/wp-content\\\/uploads\\\/2026\\\/01\\\/SSE-60-Year-Anniversary-Logo.png\",\"width\":1964,\"height\":1965,\"caption\":\"Southbourne School of English\"},\"image\":{\"@id\":\"https:\\\/\\\/southbourneschool.co.uk\\\/#\\\/schema\\\/logo\\\/image\\\/\"},\"sameAs\":[\"https:\\\/\\\/www.facebook.com\\\/SouthbourneSchool\\\/\",\"https:\\\/\\\/x.com\\\/SouthbourneSofE\",\"https:\\\/\\\/www.instagram.com\\\/southbourneschoolofenglish\\\/\",\"https:\\\/\\\/www.tiktok.com\\\/@southbourne\",\"https:\\\/\\\/www.youtube.com\\\/@southbourneschoolofenglish4522\"]}]}<\/script>\n<!-- \/ Yoast SEO plugin. -->","yoast_head_json":{"title":"Homestay - \u017bycie w domu rodzinnym - Southbourne School of English","description":"Starannie wybieramy wszystkich naszych gospodarzy i wsp\u00f3\u0142pracujemy z niekt\u00f3rymi od wielu lat. Typowy pobyt w domu rodzinnym zapewnia rodzinn\u0105 atmosfer\u0119","robots":{"index":"index","follow":"follow","max-snippet":"max-snippet:-1","max-image-preview":"max-image-preview:large","max-video-preview":"max-video-preview:-1"},"canonical":"https:\/\/southbourneschool.co.uk\/pl\/studia-w-bournemouth\/zakwaterowanie-i-opieka-spoleczna\/nocleg\/","og_locale":"pl_PL","og_type":"article","og_title":"Homestay - Living in homestay - Southbourne School of English","og_description":"We carefully select all of our hosts and we have been working with some for many years. \u00a0A typical homestay provides a family feel","og_url":"https:\/\/southbourneschool.co.uk\/pl\/studia-w-bournemouth\/zakwaterowanie-i-opieka-spoleczna\/nocleg\/","og_site_name":"Southbourne School of English","article_publisher":"https:\/\/www.facebook.com\/SouthbourneSchool\/","article_modified_time":"2025-01-21T09:55:40+00:00","twitter_card":"summary_large_image","twitter_site":"@SouthbourneSofE","twitter_misc":{"Szacowany czas czytania":"3 minuty"},"schema":{"@context":"https:\/\/schema.org","@graph":[{"@type":"WebPage","@id":"https:\/\/southbourneschool.co.uk\/studying-in-bournemouth\/accommodation-welfare\/homestay\/","url":"https:\/\/southbourneschool.co.uk\/studying-in-bournemouth\/accommodation-welfare\/homestay\/","name":"Homestay - \u017bycie w domu rodzinnym - Southbourne School of English","isPartOf":{"@id":"https:\/\/southbourneschool.co.uk\/#website"},"datePublished":"2018-08-16T15:18:52+00:00","dateModified":"2025-01-21T09:55:40+00:00","description":"Starannie wybieramy wszystkich naszych gospodarzy i wsp\u00f3\u0142pracujemy z niekt\u00f3rymi od wielu lat. Typowy pobyt w domu rodzinnym zapewnia rodzinn\u0105 atmosfer\u0119","breadcrumb":{"@id":"https:\/\/southbourneschool.co.uk\/studying-in-bournemouth\/accommodation-welfare\/homestay\/#breadcrumb"},"inLanguage":"pl-PL","potentialAction":[{"@type":"ReadAction","target":["https:\/\/southbourneschool.co.uk\/studying-in-bournemouth\/accommodation-welfare\/homestay\/"]}]},{"@type":"BreadcrumbList","@id":"https:\/\/southbourneschool.co.uk\/studying-in-bournemouth\/accommodation-welfare\/homestay\/#breadcrumb","itemListElement":[{"@type":"ListItem","position":1,"name":"Home","item":"https:\/\/southbourneschool.co.uk\/"},{"@type":"ListItem","position":2,"name":"Studying in Bournemouth","item":"https:\/\/southbourneschool.co.uk\/studying-in-bournemouth\/"},{"@type":"ListItem","position":3,"name":"Accommodation &#038; Welfare","item":"https:\/\/southbourneschool.co.uk\/studying-in-bournemouth\/accommodation-welfare\/"},{"@type":"ListItem","position":4,"name":"Homestay"}]},{"@type":"WebSite","@id":"https:\/\/southbourneschool.co.uk\/#website","url":"https:\/\/southbourneschool.co.uk\/","name":"Szko\u0142a j\u0119zyka angielskiego w Southbourne","description":"Sprawiamy, \u017ce nauka angielskiego jest przyjemno\u015bci\u0105. Szko\u0142a j\u0119zykowa w Bournemouth, idealnie po\u0142o\u017cona nad morzem na przedmie\u015bciach Bournemouth zwanych Southbourne, jednej z najpopularniejszych lokalizacji w Wielkiej Brytanii dla student\u00f3w zagranicznych.","publisher":{"@id":"https:\/\/southbourneschool.co.uk\/#organization"},"potentialAction":[{"@type":"SearchAction","target":{"@type":"EntryPoint","urlTemplate":"https:\/\/southbourneschool.co.uk\/?s={search_term_string}"},"query-input":{"@type":"PropertyValueSpecification","valueRequired":true,"valueName":"search_term_string"}}],"inLanguage":"pl-PL"},{"@type":"Organization","@id":"https:\/\/southbourneschool.co.uk\/#organization","name":"Szko\u0142a j\u0119zyka angielskiego w Southbourne","alternateName":"SSE","url":"https:\/\/southbourneschool.co.uk\/","logo":{"@type":"ImageObject","inLanguage":"pl-PL","@id":"https:\/\/southbourneschool.co.uk\/#\/schema\/logo\/image\/","url":"https:\/\/southbourneschool.co.uk\/wp-content\/uploads\/2026\/01\/SSE-60-Year-Anniversary-Logo.png","contentUrl":"https:\/\/southbourneschool.co.uk\/wp-content\/uploads\/2026\/01\/SSE-60-Year-Anniversary-Logo.png","width":1964,"height":1965,"caption":"Southbourne School of English"},"image":{"@id":"https:\/\/southbourneschool.co.uk\/#\/schema\/logo\/image\/"},"sameAs":["https:\/\/www.facebook.com\/SouthbourneSchool\/","https:\/\/x.com\/SouthbourneSofE","https:\/\/www.instagram.com\/southbourneschoolofenglish\/","https:\/\/www.tiktok.com\/@southbourne","https:\/\/www.youtube.com\/@southbourneschoolofenglish4522"]}]}},"featured_image_src":null,"featured_image_src_square":null,"_links":{"self":[{"href":"https:\/\/southbourneschool.co.uk\/pl\/wp-json\/wp\/v2\/pages\/725","targetHints":{"allow":["GET"]}}],"collection":[{"href":"https:\/\/southbourneschool.co.uk\/pl\/wp-json\/wp\/v2\/pages"}],"about":[{"href":"https:\/\/southbourneschool.co.uk\/pl\/wp-json\/wp\/v2\/types\/page"}],"author":[{"embeddable":true,"href":"https:\/\/southbourneschool.co.uk\/pl\/wp-json\/wp\/v2\/users\/12312401"}],"replies":[{"embeddable":true,"href":"https:\/\/southbourneschool.co.uk\/pl\/wp-json\/wp\/v2\/comments?post=725"}],"version-history":[{"count":0,"href":"https:\/\/southbourneschool.co.uk\/pl\/wp-json\/wp\/v2\/pages\/725\/revisions"}],"up":[{"embeddable":true,"href":"https:\/\/southbourneschool.co.uk\/pl\/wp-json\/wp\/v2\/pages\/706"}],"wp:attachment":[{"href":"https:\/\/southbourneschool.co.uk\/pl\/wp-json\/wp\/v2\/media?parent=725"}],"curies":[{"name":"wp","href":"https:\/\/api.w.org\/{rel}","templated":true}]}}