{"id":839,"date":"2018-10-19T10:40:55","date_gmt":"2018-10-19T09:40:55","guid":{"rendered":"https:\/\/southbournese.wpengine.com\/?page_id=839"},"modified":"2019-01-14T09:12:28","modified_gmt":"2019-01-14T09:12:28","slug":"angielski-wysokiej-jakosci","status":"publish","type":"page","link":"https:\/\/southbourneschool.co.uk\/pl\/quality-english\/","title":{"rendered":"Jako\u015b\u0107 j\u0119zyka angielskiego"},"content":{"rendered":"<div class=\"vc_row wpb_row vc_row-fluid vc_custom_1534426275519\"><div class=\"wpb_column vc_column_container vc_col-sm-8\"><div class=\"vc_column-inner\"><div class=\"wpb_wrapper\">\n\t<div class=\"wpb_text_column wpb_content_element\" >\n\t\t<div class=\"wpb_wrapper\">\n\t\t\t<h1>Jako\u015b\u0107 j\u0119zyka angielskiego<\/h1>\n<p>&nbsp;<\/p>\n<p>Wysokiej jako\u015bci szko\u0142y j\u0119zyka angielskiego s\u0105 starannie wybierane spo\u015br\u00f3d najlepszych niezale\u017cnych szk\u00f3\u0142 j\u0119zyka angielskiego w krajach angloj\u0119zycznych. S\u0142yn\u0105 z jako\u015bci i reputacji oraz oferuj\u0105 wyb\u00f3r kurs\u00f3w og\u00f3lnych i specjalistycznych w atrakcyjnych lokalizacjach na ca\u0142ym \u015bwiecie. Wszystkie szko\u0142y s\u0105 niezale\u017cnie zarz\u0105dzane i zarz\u0105dzane. Nie s\u0105 cz\u0119\u015bci\u0105 \u017cadnej sieci, a ka\u017cda szko\u0142a ma sw\u00f3j w\u0142asny, unikalny charakter.<\/p>\n<p>Bardzo powa\u017cnie traktuj\u0105 kontrol\u0119 jako\u015bci i regularnie monitoruj\u0105 jako\u015b\u0107 wszystkich swoich licencjonowanych szk\u00f3\u0142 j\u0119zyka angielskiego, korzystaj\u0105c z opinii student\u00f3w, referencji agent\u00f3w i wynik\u00f3w akredytacji. Musz\u0105 one spe\u0142nia\u0107 najwy\u017csze i sp\u00f3jne standardy.<\/p>\n<p>Wybieraj\u0105c szko\u0142\u0119 j\u0119zyka angielskiego Quality English, uczniowie mog\u0105 liczy\u0107 na najwy\u017cszy poziom wsparcia, nauczania i zaj\u0119\u0107 dodatkowych.<\/p>\n<p>Dowiedz si\u0119 wi\u0119cej o Quality English na:<a href=\"http:\/\/www.quality-english.com\/\" target=\"_blank\" rel=\"noopener\"> www.quality-english.com<\/a><\/p>\n\n\t\t<\/div>\n\t<\/div>\n<\/div><\/div><\/div><\/div>","protected":false},"excerpt":{"rendered":"Quality English &nbsp; Quality English schools are carefully selected from the best Independent English language schools in English speaking countries. They are renowned for their quality and reputation, and offer a choice of general and specialised courses in desirable locations around the world. All schools&nbsp;<a href=\"https:\/\/southbourneschool.co.uk\/pl\/quality-english\/\">...<\/a>","protected":false},"author":12312401,"featured_media":0,"parent":0,"menu_order":0,"comment_status":"closed","ping_status":"closed","template":"","meta":{"footnotes":""},"class_list":["post-839","page","type-page","status-publish","hentry","odd"],"yoast_head":"<!-- This site is optimized with the Yoast SEO plugin v27.3 - https:\/\/yoast.com\/product\/yoast-seo-wordpress\/ -->\n<title>Quality English - Accreditiaton - Southbourne School of English<\/title>\n<meta name=\"description\" content=\"Quality English takes quality control very seriously and regularly monitors the quality of all their licenced English language schools through feedback...\" \/>\n<meta name=\"robots\" content=\"index, follow, max-snippet:-1, max-image-preview:large, max-video-preview:-1\" \/>\n<link rel=\"canonical\" href=\"https:\/\/southbourneschool.co.uk\/pl\/angielski-wysokiej-jakosci\/\" \/>\n<meta property=\"og:locale\" content=\"pl_PL\" \/>\n<meta property=\"og:type\" content=\"article\" \/>\n<meta property=\"og:title\" content=\"Quality English - Accreditiaton - Southbourne School of English\" \/>\n<meta property=\"og:description\" content=\"Quality English takes quality control very seriously and regularly monitors the quality of all their licenced English language schools through feedback...\" \/>\n<meta property=\"og:url\" content=\"https:\/\/southbourneschool.co.uk\/pl\/angielski-wysokiej-jakosci\/\" \/>\n<meta property=\"og:site_name\" content=\"Southbourne School of English\" \/>\n<meta property=\"article:publisher\" content=\"https:\/\/www.facebook.com\/SouthbourneSchool\/\" \/>\n<meta property=\"article:modified_time\" content=\"2019-01-14T09:12:28+00:00\" \/>\n<meta name=\"twitter:card\" content=\"summary_large_image\" \/>\n<meta name=\"twitter:site\" content=\"@SouthbourneSofE\" \/>\n<meta name=\"twitter:label1\" content=\"Szacowany czas czytania\" \/>\n\t<meta name=\"twitter:data1\" content=\"1 minuta\" \/>\n<script type=\"application\/ld+json\" class=\"yoast-schema-graph\">{\"@context\":\"https:\\\/\\\/schema.org\",\"@graph\":[{\"@type\":\"WebPage\",\"@id\":\"https:\\\/\\\/southbourneschool.co.uk\\\/quality-english\\\/\",\"url\":\"https:\\\/\\\/southbourneschool.co.uk\\\/quality-english\\\/\",\"name\":\"Quality English - Accreditiaton - Southbourne School of English\",\"isPartOf\":{\"@id\":\"https:\\\/\\\/southbourneschool.co.uk\\\/#website\"},\"datePublished\":\"2018-10-19T09:40:55+00:00\",\"dateModified\":\"2019-01-14T09:12:28+00:00\",\"description\":\"Quality English takes quality control very seriously and regularly monitors the quality of all their licenced English language schools through feedback...\",\"breadcrumb\":{\"@id\":\"https:\\\/\\\/southbourneschool.co.uk\\\/quality-english\\\/#breadcrumb\"},\"inLanguage\":\"pl-PL\",\"potentialAction\":[{\"@type\":\"ReadAction\",\"target\":[\"https:\\\/\\\/southbourneschool.co.uk\\\/quality-english\\\/\"]}]},{\"@type\":\"BreadcrumbList\",\"@id\":\"https:\\\/\\\/southbourneschool.co.uk\\\/quality-english\\\/#breadcrumb\",\"itemListElement\":[{\"@type\":\"ListItem\",\"position\":1,\"name\":\"Home\",\"item\":\"https:\\\/\\\/southbourneschool.co.uk\\\/\"},{\"@type\":\"ListItem\",\"position\":2,\"name\":\"Quality English\"}]},{\"@type\":\"WebSite\",\"@id\":\"https:\\\/\\\/southbourneschool.co.uk\\\/#website\",\"url\":\"https:\\\/\\\/southbourneschool.co.uk\\\/\",\"name\":\"Southbourne School of English\",\"description\":\"We make learning English fun. A language school in Bournemouth, ideally located by the sea in a suburb of Bournemouth called Southbourne, one of the UK\u2019s most popular locations for international students.\",\"publisher\":{\"@id\":\"https:\\\/\\\/southbourneschool.co.uk\\\/#organization\"},\"potentialAction\":[{\"@type\":\"SearchAction\",\"target\":{\"@type\":\"EntryPoint\",\"urlTemplate\":\"https:\\\/\\\/southbourneschool.co.uk\\\/?s={search_term_string}\"},\"query-input\":{\"@type\":\"PropertyValueSpecification\",\"valueRequired\":true,\"valueName\":\"search_term_string\"}}],\"inLanguage\":\"pl-PL\"},{\"@type\":\"Organization\",\"@id\":\"https:\\\/\\\/southbourneschool.co.uk\\\/#organization\",\"name\":\"Southbourne School of English\",\"alternateName\":\"SSE\",\"url\":\"https:\\\/\\\/southbourneschool.co.uk\\\/\",\"logo\":{\"@type\":\"ImageObject\",\"inLanguage\":\"pl-PL\",\"@id\":\"https:\\\/\\\/southbourneschool.co.uk\\\/#\\\/schema\\\/logo\\\/image\\\/\",\"url\":\"https:\\\/\\\/southbourneschool.co.uk\\\/wp-content\\\/uploads\\\/2026\\\/01\\\/SSE-60-Year-Anniversary-Logo.png\",\"contentUrl\":\"https:\\\/\\\/southbourneschool.co.uk\\\/wp-content\\\/uploads\\\/2026\\\/01\\\/SSE-60-Year-Anniversary-Logo.png\",\"width\":1964,\"height\":1965,\"caption\":\"Southbourne School of English\"},\"image\":{\"@id\":\"https:\\\/\\\/southbourneschool.co.uk\\\/#\\\/schema\\\/logo\\\/image\\\/\"},\"sameAs\":[\"https:\\\/\\\/www.facebook.com\\\/SouthbourneSchool\\\/\",\"https:\\\/\\\/x.com\\\/SouthbourneSofE\",\"https:\\\/\\\/www.instagram.com\\\/southbourneschoolofenglish\\\/\",\"https:\\\/\\\/www.tiktok.com\\\/@southbourne\",\"https:\\\/\\\/www.youtube.com\\\/@southbourneschoolofenglish4522\"]}]}<\/script>\n<!-- \/ Yoast SEO plugin. -->","yoast_head_json":{"title":"Jako\u015b\u0107 j\u0119zyka angielskiego - akredytacja - Southbourne School of English","description":"Quality English traktuje kontrol\u0119 jako\u015bci bardzo powa\u017cnie i regularnie monitoruje jako\u015b\u0107 pracy wszystkich swoich licencjonowanych szk\u00f3\u0142 j\u0119zyka angielskiego, otrzymuj\u0105c informacje zwrotne...","robots":{"index":"index","follow":"follow","max-snippet":"max-snippet:-1","max-image-preview":"max-image-preview:large","max-video-preview":"max-video-preview:-1"},"canonical":"https:\/\/southbourneschool.co.uk\/pl\/angielski-wysokiej-jakosci\/","og_locale":"pl_PL","og_type":"article","og_title":"Quality English - Accreditiaton - Southbourne School of English","og_description":"Quality English takes quality control very seriously and regularly monitors the quality of all their licenced English language schools through feedback...","og_url":"https:\/\/southbourneschool.co.uk\/pl\/angielski-wysokiej-jakosci\/","og_site_name":"Southbourne School of English","article_publisher":"https:\/\/www.facebook.com\/SouthbourneSchool\/","article_modified_time":"2019-01-14T09:12:28+00:00","twitter_card":"summary_large_image","twitter_site":"@SouthbourneSofE","twitter_misc":{"Szacowany czas czytania":"1 minuta"},"schema":{"@context":"https:\/\/schema.org","@graph":[{"@type":"WebPage","@id":"https:\/\/southbourneschool.co.uk\/quality-english\/","url":"https:\/\/southbourneschool.co.uk\/quality-english\/","name":"Jako\u015b\u0107 j\u0119zyka angielskiego - akredytacja - Southbourne School of English","isPartOf":{"@id":"https:\/\/southbourneschool.co.uk\/#website"},"datePublished":"2018-10-19T09:40:55+00:00","dateModified":"2019-01-14T09:12:28+00:00","description":"Quality English traktuje kontrol\u0119 jako\u015bci bardzo powa\u017cnie i regularnie monitoruje jako\u015b\u0107 pracy wszystkich swoich licencjonowanych szk\u00f3\u0142 j\u0119zyka angielskiego, otrzymuj\u0105c informacje zwrotne...","breadcrumb":{"@id":"https:\/\/southbourneschool.co.uk\/quality-english\/#breadcrumb"},"inLanguage":"pl-PL","potentialAction":[{"@type":"ReadAction","target":["https:\/\/southbourneschool.co.uk\/quality-english\/"]}]},{"@type":"BreadcrumbList","@id":"https:\/\/southbourneschool.co.uk\/quality-english\/#breadcrumb","itemListElement":[{"@type":"ListItem","position":1,"name":"Home","item":"https:\/\/southbourneschool.co.uk\/"},{"@type":"ListItem","position":2,"name":"Quality English"}]},{"@type":"WebSite","@id":"https:\/\/southbourneschool.co.uk\/#website","url":"https:\/\/southbourneschool.co.uk\/","name":"Szko\u0142a j\u0119zyka angielskiego w Southbourne","description":"Sprawiamy, \u017ce nauka angielskiego jest przyjemno\u015bci\u0105. Szko\u0142a j\u0119zykowa w Bournemouth, idealnie po\u0142o\u017cona nad morzem na przedmie\u015bciach Bournemouth zwanych Southbourne, jednej z najpopularniejszych lokalizacji w Wielkiej Brytanii dla student\u00f3w zagranicznych.","publisher":{"@id":"https:\/\/southbourneschool.co.uk\/#organization"},"potentialAction":[{"@type":"SearchAction","target":{"@type":"EntryPoint","urlTemplate":"https:\/\/southbourneschool.co.uk\/?s={search_term_string}"},"query-input":{"@type":"PropertyValueSpecification","valueRequired":true,"valueName":"search_term_string"}}],"inLanguage":"pl-PL"},{"@type":"Organization","@id":"https:\/\/southbourneschool.co.uk\/#organization","name":"Szko\u0142a j\u0119zyka angielskiego w Southbourne","alternateName":"SSE","url":"https:\/\/southbourneschool.co.uk\/","logo":{"@type":"ImageObject","inLanguage":"pl-PL","@id":"https:\/\/southbourneschool.co.uk\/#\/schema\/logo\/image\/","url":"https:\/\/southbourneschool.co.uk\/wp-content\/uploads\/2026\/01\/SSE-60-Year-Anniversary-Logo.png","contentUrl":"https:\/\/southbourneschool.co.uk\/wp-content\/uploads\/2026\/01\/SSE-60-Year-Anniversary-Logo.png","width":1964,"height":1965,"caption":"Southbourne School of English"},"image":{"@id":"https:\/\/southbourneschool.co.uk\/#\/schema\/logo\/image\/"},"sameAs":["https:\/\/www.facebook.com\/SouthbourneSchool\/","https:\/\/x.com\/SouthbourneSofE","https:\/\/www.instagram.com\/southbourneschoolofenglish\/","https:\/\/www.tiktok.com\/@southbourne","https:\/\/www.youtube.com\/@southbourneschoolofenglish4522"]}]}},"featured_image_src":null,"featured_image_src_square":null,"_links":{"self":[{"href":"https:\/\/southbourneschool.co.uk\/pl\/wp-json\/wp\/v2\/pages\/839","targetHints":{"allow":["GET"]}}],"collection":[{"href":"https:\/\/southbourneschool.co.uk\/pl\/wp-json\/wp\/v2\/pages"}],"about":[{"href":"https:\/\/southbourneschool.co.uk\/pl\/wp-json\/wp\/v2\/types\/page"}],"author":[{"embeddable":true,"href":"https:\/\/southbourneschool.co.uk\/pl\/wp-json\/wp\/v2\/users\/12312401"}],"replies":[{"embeddable":true,"href":"https:\/\/southbourneschool.co.uk\/pl\/wp-json\/wp\/v2\/comments?post=839"}],"version-history":[{"count":0,"href":"https:\/\/southbourneschool.co.uk\/pl\/wp-json\/wp\/v2\/pages\/839\/revisions"}],"wp:attachment":[{"href":"https:\/\/southbourneschool.co.uk\/pl\/wp-json\/wp\/v2\/media?parent=839"}],"curies":[{"name":"wp","href":"https:\/\/api.w.org\/{rel}","templated":true}]}}