{"id":3,"date":"2018-07-19T10:02:50","date_gmt":"2018-07-19T09:02:50","guid":{"rendered":"https:\/\/southbournese.wpengine.com\/?page_id=3"},"modified":"2025-02-26T09:55:15","modified_gmt":"2025-02-26T09:55:15","slug":"politica-de-privacidade","status":"publish","type":"page","link":"https:\/\/southbourneschool.co.uk\/pt\/privacy-policy\/","title":{"rendered":"Pol\u00edtica de privacidade"},"content":{"rendered":"<div class=\"vc_row wpb_row vc_row-fluid vc_custom_1534426102052\"><div class=\"wpb_column vc_column_container vc_col-sm-8\"><div class=\"vc_column-inner\"><div class=\"wpb_wrapper\">\n\t<div class=\"wpb_text_column wpb_content_element\" >\n\t\t<div class=\"wpb_wrapper\">\n\t\t\t<h1>Pol\u00edtica de privacidade<\/h1>\n<p>Esta \u00e9 a pol\u00edtica geral de privacidade da Southbourne School of English<\/p>\n<h2>Quem somos e o que fazemos<\/h2>\n<p>Somos uma escola de ingl\u00eas privada e familiar que oferece ensino para estudantes internacionais.<\/p>\n<p>Somos um provedor de atividades e ensino de l\u00edngua inglesa credenciado pelo British Council.<\/p>\n<p>Somos membros da English UK, Young Learners English UK, English UK South, Quality English e RALSA.<\/p>\n<p>Temos tr\u00eas objetivos principais para todos os nossos alunos:<\/p>\n<ol>\n<li>Estudo \u2013 ajudamos os alunos a atingir seus objetivos de idioma<\/li>\n<li>Socializar \u2013 fazer amigos de diferentes pa\u00edses<\/li>\n<li>Aproveite \u2013 n\u00f3s ajudamos os alunos a aproveitar ao m\u00e1ximo a vida no Reino Unido; em casa de fam\u00edlia;<\/li>\n<\/ol>\n<p>em internato residencial; vivenciando a cultura brit\u00e2nica em primeira m\u00e3o e visitando destinos tur\u00edsticos<\/p>\n<p>Para isso, oferecemos um ambiente seguro e amig\u00e1vel, onde os alunos se sintam em casa. Acreditamos que isso proporciona a melhor experi\u00eancia para o aprendizado e desenvolvimento do idioma.<\/p>\n<p>&nbsp;<\/p>\n<h2>Nossa Declara\u00e7\u00e3o de Privacidade<\/h2>\n<ol>\n<li>A prote\u00e7\u00e3o da sua privacidade e das suas informa\u00e7\u00f5es pessoais \u00e9 importante para n\u00f3s. Garantimos que temos medidas de seguran\u00e7a adequadas em vigor e que qualquer outra organiza\u00e7\u00e3o com a qual trabalhamos para fornecer um servi\u00e7o tamb\u00e9m atenda aos mesmos padr\u00f5es que n\u00f3s.<\/li>\n<li>Respeitaremos a sua privacidade. Voc\u00ea receber\u00e1 apenas e-mails promocionais\/de marketing da nossa parte, e garantiremos que as caixas que voc\u00ea precisa marcar para receber marketing sejam apresentadas de forma clara e no momento apropriado.<\/li>\n<li>Deixaremos claro no momento em que solicitarmos suas informa\u00e7\u00f5es para que as estamos coletando e como as utilizaremos.<\/li>\n<li>Coletaremos e usaremos suas informa\u00e7\u00f5es pessoais se tivermos sua permiss\u00e3o ou se tivermos motivos comerciais sensatos para faz\u00ea-lo, por exemplo, coletando informa\u00e7\u00f5es suficientes para gerenciar ou processar sua inscri\u00e7\u00e3o no curso.<\/li>\n<li>Minimizaremos a quantidade de informa\u00e7\u00f5es que coletamos de voc\u00ea ao que precisamos para fornecer os servi\u00e7os que voc\u00ea precisa.<\/li>\n<li>Deixaremos claro para voc\u00ea quais informa\u00e7\u00f5es sobre voc\u00ea coletaremos e como as utilizaremos.<\/li>\n<li>Usaremos informa\u00e7\u00f5es pessoais apenas para os prop\u00f3sitos para os quais foram coletadas originalmente e garantiremos que elas sejam exclu\u00eddas com seguran\u00e7a.<\/li>\n<li>Nosso site e nossas contas ativas nas redes sociais s\u00e3o acess\u00edveis pela internet. Lembre-se de que, se voc\u00ea publicar coment\u00e1rios ou links em qualquer um de nossos sites, eles poder\u00e3o ser lidos e acessados por qualquer pessoa.<\/li>\n<li>Se n\u00f3s, nossos provedores de servi\u00e7os ou nossos parceiros comerciais transferirmos qualquer informa\u00e7\u00e3o para fora do Espa\u00e7o Econ\u00f4mico Europeu (EEE), isso somente ser\u00e1 feito com os instrumentos legais e medidas de seguran\u00e7a relevantes em vigor e declarados em suas Pol\u00edticas de Privacidade individuais.<strong>\u00a0<\/strong><\/li>\n<\/ol>\n<h2>Quais informa\u00e7\u00f5es coletamos<\/h2>\n<p>Coletamos as seguintes informa\u00e7\u00f5es de <strong>Estudantes <\/strong>e<strong> L\u00edderes de Grupo<\/strong><\/p>\n<p>\u2013 Informa\u00e7\u00f5es biogr\u00e1ficas de nossos alunos e l\u00edderes de grupo para fins de matr\u00edcula: nome, data de nascimento, sexo, nacionalidade.<\/p>\n<p>\u2013 N\u00famero do passaporte e data de validade para fins de solicita\u00e7\u00e3o de visto e requisitos do UKBA<\/p>\n<p>\u2013 Informa\u00e7\u00f5es sobre alergias, condi\u00e7\u00f5es m\u00e9dicas, tratamentos m\u00e9dicos e prefer\u00eancias de compartilhamento de quarto, para fins de acomoda\u00e7\u00e3o.<\/p>\n<p>\u2013 Detalhes de contato, incluindo endere\u00e7os postais, endere\u00e7os de e-mail, n\u00fameros de telefone e detalhes de contato dos pais ou respons\u00e1veis para fins de consentimento e prote\u00e7\u00e3o.<\/p>\n<p>&nbsp;<\/p>\n<p>Coletamos as seguintes informa\u00e7\u00f5es de <strong>Anfitri\u00f5es de casas de fam\u00edlia <\/strong><\/p>\n<p>\u2013 Nome, data de nascimento, endere\u00e7o residencial e n\u00famero de telefone fixo, n\u00famero de telefone celular, endere\u00e7o de e-mail, dados banc\u00e1rios, data e n\u00famero de emiss\u00e3o do certificado DBS, refer\u00eancias de car\u00e1ter pessoal, acordos de hospedagem familiar assinados, avalia\u00e7\u00f5es de risco assinadas e descri\u00e7\u00e3o do domic\u00edlio.<\/p>\n<p>&nbsp;<\/p>\n<p>Coletamos as seguintes informa\u00e7\u00f5es de <strong>Fornecedores <\/strong><\/p>\n<p>\u2013 Endere\u00e7os de e-mail, n\u00fameros de telefone, detalhes de contas banc\u00e1rias, faturas processadas com o objetivo de pagar fornecedores e\/ou cumprir um contrato.<\/p>\n<p>Coletamos as seguintes informa\u00e7\u00f5es de <strong>Funcion\u00e1rios <\/strong><\/p>\n<p>\u2013 Nome do funcion\u00e1rio, data de nascimento, endere\u00e7o residencial, n\u00famero de celular, endere\u00e7o de e-mail, curr\u00edculo, hist\u00f3rico escolar, informa\u00e7\u00f5es fiscais e de renda, n\u00famero do seguro nacional, dados banc\u00e1rios, data e n\u00famero de emiss\u00e3o do certificado DBS, dados de contato profissional dos \u00e1rbitros, treinamento em primeiros socorros, alergias, dados de contato de parentes pr\u00f3ximos. Estes dados s\u00e3o necess\u00e1rios para folha de pagamento e envio \u00e0 Receita Federal (HMRC), bem como para fins de emprego e prote\u00e7\u00e3o em rela\u00e7\u00e3o ao emprego.<\/p>\n<p>Observe que n\u00e3o coletamos nem armazenamos: detalhes de cart\u00e3o de cr\u00e9dito\/d\u00e9bito ou informa\u00e7\u00f5es &quot;sens\u00edveis&quot;, como origem racial\/\u00e9tnica, cren\u00e7as pol\u00edticas, cren\u00e7as religiosas\/semelhantes, filia\u00e7\u00e3o sindical; ou orienta\u00e7\u00e3o\/atividades sexuais.<\/p>\n<h2>Utiliza\u00e7\u00e3o de dados de menores<\/h2>\n<p>Coletamos ou armazenamos informa\u00e7\u00f5es pessoais sobre menores (alunos menores de 18 anos) apenas no contexto do processamento de matr\u00edcula em cursos, acomoda\u00e7\u00e3o em casa de fam\u00edlia, arranjos de transporte, solicita\u00e7\u00f5es de visto e seguro viagem. Isso se aplica quando obtivermos permiss\u00e3o, por n\u00f3s ou por um terceiro atuando como controlador de dados, diretamente de um dos pais ou respons\u00e1vel legal, para coletar essas informa\u00e7\u00f5es.<\/p>\n<p><strong>Coletamos informa\u00e7\u00f5es sobre voc\u00ea quando<\/strong><\/p>\n<p>\u2013 Voc\u00ea nos contata para obter informa\u00e7\u00f5es por telefone ou por e-mail<\/p>\n<p>\u2013 Voc\u00ea trabalha conosco comercialmente como agente, parceiro ou terceiro contratado<\/p>\n<p>\u2013 Voc\u00ea nos envia os dados pessoais dos alunos para matr\u00edculas em cursos e acomoda\u00e7\u00f5es<\/p>\n<p>\u2013 Voc\u00ea aceita trabalhar para n\u00f3s como funcion\u00e1rio<\/p>\n<p>\u2013 Voc\u00ea fornece seus dados pessoais e residenciais para se tornar um provedor de hospedagem familiar<\/p>\n<p>\u2013 Voc\u00ea usa ou interage conosco por meio de nosso site ou de nossas contas de m\u00eddia social<\/p>\n<p><strong>Uso de cookies:<\/strong><\/p>\n<p>Podemos usar cookies nos sites da nossa empresa por dois motivos:<\/p>\n<ol>\n<li>Para fins estat\u00edsticos, rastreamos quantos usu\u00e1rios temos e com que frequ\u00eancia eles visitam nossos sites. Coletamos informa\u00e7\u00f5es sobre quais p\u00e1ginas s\u00e3o mais visitadas, por qual tipo de usu\u00e1rio e de quais pa\u00edses.<\/li>\n<\/ol>\n<ol start=\"2\">\n<li>Podemos usar outras organiza\u00e7\u00f5es para coletar informa\u00e7\u00f5es an\u00f4nimas de usu\u00e1rios, \u00e0s vezes por meio de cookies e web beacons, para que elas possam analisar como o site est\u00e1 sendo usado e o n\u00famero de visitantes.<\/li>\n<\/ol>\n<p>Voc\u00ea pode desativar os cookies, mas talvez n\u00e3o consiga usar todos os servi\u00e7os em nossos sites. Isso ocorre porque n\u00e3o poderemos limitar o que voc\u00ea v\u00ea usando cookies. No entanto, voc\u00ea ainda poder\u00e1 ver nosso conte\u00fado editorial.<\/p>\n<p>Ao utilizar nossos sites, voc\u00ea concorda com o uso de cookies conforme descrito aqui.<\/p>\n<h2>Quais bases legais usamos para processar seus dados<\/h2>\n<p>Utilizamos diferentes bases legais dependendo da finalidade da coleta dos seus dados em primeira inst\u00e2ncia:<\/p>\n<ul>\n<li>Para todos os dados coletados para inscri\u00e7\u00e3o em um produto ou servi\u00e7o, como nosso boletim informativo anual de hospedagem familiar, processamos os dados usando <u>Interesse leg\u00edtimo<\/u>, ou seja, voc\u00ea pode acessar uma ampla gama de informa\u00e7\u00f5es em troca do fornecimento das suas informa\u00e7\u00f5es, e temos um relacionamento em que a balan\u00e7a dos benef\u00edcios \u00e9 a seu favor. Voc\u00ea sempre tem a op\u00e7\u00e3o de gerenciar seus dados dessa maneira e pode optar por n\u00e3o participar do processamento sob essa base a qualquer momento.<\/li>\n<li>Quando voc\u00ea fornece dados durante a compra de um servi\u00e7o (como um curso) ou mediante solicita\u00e7\u00e3o expl\u00edcita, processamos seus dados sob <u>Contrato<\/u>, ou seja, seus dados s\u00e3o necess\u00e1rios para a execu\u00e7\u00e3o do servi\u00e7o e da tarefa solicitada. Qualquer contato adicional, ou seja, para inform\u00e1-lo sobre outro servi\u00e7o intimamente relacionado ao servi\u00e7o que voc\u00ea adquiriu, \u00e9 gerenciado por <u>Interesse leg\u00edtimo.<\/u><\/li>\n<li>Qualquer processamento secund\u00e1rio dos seus dados, ou seja, partilha com terceiros, envio das suas mensagens em nome de terceiros, transfer\u00eancia para pa\u00edses terceiros, \u00e9 gerido por <u>Consentimento<\/u>.<\/li>\n<\/ul>\n<p>&nbsp;<\/p>\n<p>De acordo com os termos da legisla\u00e7\u00e3o atual de prote\u00e7\u00e3o de dados, sempre tornaremos o mais f\u00e1cil poss\u00edvel para voc\u00ea optar por n\u00e3o receber processamento indesejado, desde que isso n\u00e3o restrinja nossa capacidade de fornecer o servi\u00e7o que voc\u00ea solicitou.<\/p>\n<h2>Por quanto tempo mantemos os dados e como os descartamos<\/h2>\n<p>Coletamos dados para uma ampla gama de finalidades, portanto, n\u00e3o temos um per\u00edodo de reten\u00e7\u00e3o definido, a menos que especificado por lei. Para cada servi\u00e7o individual, definimos um prazo cuidadosamente avaliado dentro do qual retemos seus dados.<\/p>\n<p>Depois disso, os dados s\u00e3o gerenciados para garantir que sejam apagados do nosso sistema, minimizados e retidos por motivos legais, ou pseudoanonimizados e retidos em uma lista global de supress\u00e3o para garantir que voc\u00ea n\u00e3o receba mensagens indesejadas nossas.<\/p>\n<p><strong>Seus direitos<\/strong><\/p>\n<p>De acordo com a legisla\u00e7\u00e3o atual de prote\u00e7\u00e3o de dados, voc\u00ea tem o direito de retificar, apagar ou restringir o processamento dos seus dados sem demora injustificada. Voc\u00ea tamb\u00e9m pode solicitar acesso aos dados que mantemos sobre voc\u00ea.<\/p>\n<p>Para fazer isso ou atualizar suas informa\u00e7\u00f5es pessoais a qualquer momento, entre em contato com a escola pelo telefone 01202 422300 ou por e-mail. <a href=\"mailto:reception@southbourneschool.co.uk\">reception@southbourneschool.co.uk<\/a><\/p>\n<p><strong>Divulga\u00e7\u00e3o ou compartilhamento de seus dados<\/strong><\/p>\n<p>Seus dados pessoais poder\u00e3o ser compartilhados com o grupo de funcion\u00e1rios e empresas terceirizadas contratadas pela Southbourne School of English, por exemplo, quando houver interconex\u00e3o entre servi\u00e7os e processos nos quais seus dados sejam necess\u00e1rios. Podemos disponibilizar servi\u00e7os de outras organiza\u00e7\u00f5es, quando solicitado por voc\u00ea. Processaremos todas as informa\u00e7\u00f5es que coletamos quando voc\u00ea acessa ou solicita um servi\u00e7o fornecido por outra organiza\u00e7\u00e3o, de acordo com esta pol\u00edtica de privacidade. As informa\u00e7\u00f5es coletadas por essas outras organiza\u00e7\u00f5es s\u00e3o regidas por suas pr\u00f3prias pol\u00edticas de privacidade. N\u00e3o compartilharemos suas informa\u00e7\u00f5es pessoais com terceiros para fins de marketing.<\/p>\n<p>&nbsp;<\/p>\n<h2>Informa\u00e7\u00f5es legais sobre como entrar em contato conosco<\/h2>\n<p>De acordo com as Leis Aplic\u00e1veis atuais, temos que especificar quem \u00e9 o <em>controlador de dados<\/em> \u00e9 para a Southbourne School of English, fornecida por meio de nossos sites, eventos, comunica\u00e7\u00f5es por e-mail, etc. O controlador de dados \u00e9 a organiza\u00e7\u00e3o respons\u00e1vel por proteger as informa\u00e7\u00f5es e, no caso de informa\u00e7\u00f5es pessoais diretamente relacionadas a funcion\u00e1rios, provedores de hospedagem familiar, alunos individuais e terceiros contratados (por exemplo, seguros, vistos, transporte), o controlador \u00e9 a Southbourne School of English.<\/p>\n<p>Para informa\u00e7\u00f5es pessoais relativas \u00e0 inscri\u00e7\u00e3o de grupos de alunos e ao processamento dos seus dados para outros fins, os agentes s\u00e3o os respons\u00e1veis <em>controladores de dados <\/em>e a Southbourne School of English \u00e9 a <em>processador de dados.<\/em><\/p>\n<p>&nbsp;<\/p>\n<p>Se desejar acesso ou uma c\u00f3pia das informa\u00e7\u00f5es pessoais que temos sobre voc\u00ea, solicitar uma corre\u00e7\u00e3o, ou se tiver alguma d\u00favida sobre como podemos us\u00e1-las, ou fazer uma reclama\u00e7\u00e3o, entre em contato com a escola pelo telefone 01202 422300 ou por e-mail. <a href=\"mailto:reception@southbourneschool.co.uk\">reception@southbourneschool.co.uk<\/a><\/p>\n<p>As solicita\u00e7\u00f5es ser\u00e3o tratadas e respondidas dentro de um prazo razo\u00e1vel, n\u00e3o superior a 30 dias.<\/p>\n<p>Se n\u00e3o estiver satisfeito com a forma como o nosso pedido foi tratado, tem o direito de apresentar uma reclama\u00e7\u00e3o \u00e0 autoridade de controlo:<\/p>\n<p>Gabinete do Comiss\u00e1rio de Informa\u00e7\u00e3o (ICO): <a href=\"https:\/\/ico.org.uk\/concerns\/\">https:\/\/ico.org.uk\/concerns\/<\/a><\/p>\n<p>Telefone: +44(0)3031231113<\/p>\n<h2>Isen\u00e7\u00e3o de responsabilidade<\/h2>\n<p>As informa\u00e7\u00f5es contidas neste site s\u00e3o apenas para fins de informa\u00e7\u00e3o geral. As informa\u00e7\u00f5es s\u00e3o fornecidas pela Southbourne School of English e, embora nos esforcemos para mant\u00ea-las atualizadas e corretas, n\u00e3o fazemos nenhuma declara\u00e7\u00e3o ou garantia de qualquer tipo, expressa ou impl\u00edcita, sobre a integralidade, precis\u00e3o, confiabilidade, adequa\u00e7\u00e3o ou disponibilidade do site ou das informa\u00e7\u00f5es, produtos, servi\u00e7os ou gr\u00e1ficos relacionados nele contidos para qualquer finalidade. Qualquer confian\u00e7a que voc\u00ea depositar em tais informa\u00e7\u00f5es \u00e9, portanto, estritamente por sua conta e risco.<\/p>\n<p>Em nenhuma hip\u00f3tese seremos respons\u00e1veis por qualquer perda ou dano, incluindo, sem limita\u00e7\u00e3o, perdas ou danos indiretos ou consequenciais, ou qualquer perda ou dano decorrente de perda de dados ou lucros decorrentes ou relacionados ao uso deste site.<\/p>\n<p>Por meio deste site, voc\u00ea pode acessar outros sites que n\u00e3o est\u00e3o sob o controle da Southbourne School of English. N\u00e3o temos controle sobre a natureza, o conte\u00fado e a disponibilidade desses sites. A inclus\u00e3o de quaisquer links n\u00e3o implica necessariamente uma recomenda\u00e7\u00e3o ou endossa as opini\u00f5es expressas neles.<\/p>\n<p>Todos os esfor\u00e7os s\u00e3o feitos para manter o site funcionando sem problemas. No entanto, a Southbourne School of English n\u00e3o se responsabiliza e n\u00e3o ser\u00e1 responsabilizada pela indisponibilidade tempor\u00e1ria do site devido a problemas t\u00e9cnicos fora do nosso controle.<\/p>\n\n\t\t<\/div>\n\t<\/div>\n<\/div><\/div><\/div><\/div>","protected":false},"excerpt":{"rendered":"Privacy Policy This is the general privacy policy for Southbourne School of English Who we are and what we do We are a privately owned family-run English Language School that provides teaching for international students. We are a British Council accredited provider of English language&nbsp;<a href=\"https:\/\/southbourneschool.co.uk\/pt\/privacy-policy\/\">...<\/a>","protected":false},"author":12312401,"featured_media":0,"parent":0,"menu_order":0,"comment_status":"closed","ping_status":"open","template":"","meta":{"footnotes":""},"class_list":["post-3","page","type-page","status-publish","hentry","odd"],"yoast_head":"<!-- This site is optimized with the Yoast SEO plugin v27.4 - https:\/\/yoast.com\/product\/yoast-seo-wordpress\/ -->\n<title>Privacy Policy - What we collect - Southbourne School of English<\/title>\n<meta name=\"description\" content=\"Privacy Policy for Southbourne School of English. This policy, together with our terms of use, provides an explanation as to what happens to personal ...\" \/>\n<meta name=\"robots\" content=\"index, follow, max-snippet:-1, max-image-preview:large, max-video-preview:-1\" \/>\n<link rel=\"canonical\" href=\"https:\/\/southbourneschool.co.uk\/pt\/politica-de-privacidade\/\" \/>\n<meta property=\"og:locale\" content=\"pt_PT\" \/>\n<meta property=\"og:type\" content=\"article\" \/>\n<meta property=\"og:title\" content=\"Privacy Policy - What we collect - Southbourne School of English\" \/>\n<meta property=\"og:description\" content=\"Privacy Policy for Southbourne School of English. This policy, together with our terms of use, provides an explanation as to what happens to personal ...\" \/>\n<meta property=\"og:url\" content=\"https:\/\/southbourneschool.co.uk\/pt\/politica-de-privacidade\/\" \/>\n<meta property=\"og:site_name\" content=\"Southbourne School of English\" \/>\n<meta property=\"article:publisher\" content=\"https:\/\/www.facebook.com\/SouthbourneSchool\/\" \/>\n<meta property=\"article:modified_time\" content=\"2025-02-26T09:55:15+00:00\" \/>\n<meta name=\"twitter:card\" content=\"summary_large_image\" \/>\n<meta name=\"twitter:site\" content=\"@SouthbourneSofE\" \/>\n<meta name=\"twitter:label1\" content=\"Tempo estimado de leitura\" \/>\n\t<meta name=\"twitter:data1\" content=\"9 minutos\" \/>\n<script type=\"application\/ld+json\" class=\"yoast-schema-graph\">{\"@context\":\"https:\\\/\\\/schema.org\",\"@graph\":[{\"@type\":\"WebPage\",\"@id\":\"https:\\\/\\\/southbourneschool.co.uk\\\/privacy-policy\\\/\",\"url\":\"https:\\\/\\\/southbourneschool.co.uk\\\/privacy-policy\\\/\",\"name\":\"Privacy Policy - What we collect - Southbourne School of English\",\"isPartOf\":{\"@id\":\"https:\\\/\\\/southbourneschool.co.uk\\\/#website\"},\"datePublished\":\"2018-07-19T09:02:50+00:00\",\"dateModified\":\"2025-02-26T09:55:15+00:00\",\"description\":\"Privacy Policy for Southbourne School of English. This policy, together with our terms of use, provides an explanation as to what happens to personal ...\",\"breadcrumb\":{\"@id\":\"https:\\\/\\\/southbourneschool.co.uk\\\/privacy-policy\\\/#breadcrumb\"},\"inLanguage\":\"pt-PT\",\"potentialAction\":[{\"@type\":\"ReadAction\",\"target\":[\"https:\\\/\\\/southbourneschool.co.uk\\\/privacy-policy\\\/\"]}]},{\"@type\":\"BreadcrumbList\",\"@id\":\"https:\\\/\\\/southbourneschool.co.uk\\\/privacy-policy\\\/#breadcrumb\",\"itemListElement\":[{\"@type\":\"ListItem\",\"position\":1,\"name\":\"Home\",\"item\":\"https:\\\/\\\/southbourneschool.co.uk\\\/\"},{\"@type\":\"ListItem\",\"position\":2,\"name\":\"Privacy Policy\"}]},{\"@type\":\"WebSite\",\"@id\":\"https:\\\/\\\/southbourneschool.co.uk\\\/#website\",\"url\":\"https:\\\/\\\/southbourneschool.co.uk\\\/\",\"name\":\"Southbourne School of English\",\"description\":\"We make learning English fun. A language school in Bournemouth, ideally located by the sea in a suburb of Bournemouth called Southbourne, one of the UK\u2019s most popular locations for international students.\",\"publisher\":{\"@id\":\"https:\\\/\\\/southbourneschool.co.uk\\\/#organization\"},\"potentialAction\":[{\"@type\":\"SearchAction\",\"target\":{\"@type\":\"EntryPoint\",\"urlTemplate\":\"https:\\\/\\\/southbourneschool.co.uk\\\/?s={search_term_string}\"},\"query-input\":{\"@type\":\"PropertyValueSpecification\",\"valueRequired\":true,\"valueName\":\"search_term_string\"}}],\"inLanguage\":\"pt-PT\"},{\"@type\":\"Organization\",\"@id\":\"https:\\\/\\\/southbourneschool.co.uk\\\/#organization\",\"name\":\"Southbourne School of English\",\"alternateName\":\"SSE\",\"url\":\"https:\\\/\\\/southbourneschool.co.uk\\\/\",\"logo\":{\"@type\":\"ImageObject\",\"inLanguage\":\"pt-PT\",\"@id\":\"https:\\\/\\\/southbourneschool.co.uk\\\/#\\\/schema\\\/logo\\\/image\\\/\",\"url\":\"https:\\\/\\\/southbourneschool.co.uk\\\/wp-content\\\/uploads\\\/2026\\\/01\\\/SSE-60-Year-Anniversary-Logo.png\",\"contentUrl\":\"https:\\\/\\\/southbourneschool.co.uk\\\/wp-content\\\/uploads\\\/2026\\\/01\\\/SSE-60-Year-Anniversary-Logo.png\",\"width\":1964,\"height\":1965,\"caption\":\"Southbourne School of English\"},\"image\":{\"@id\":\"https:\\\/\\\/southbourneschool.co.uk\\\/#\\\/schema\\\/logo\\\/image\\\/\"},\"sameAs\":[\"https:\\\/\\\/www.facebook.com\\\/SouthbourneSchool\\\/\",\"https:\\\/\\\/x.com\\\/SouthbourneSofE\",\"https:\\\/\\\/www.instagram.com\\\/southbourneschoolofenglish\\\/\",\"https:\\\/\\\/www.tiktok.com\\\/@southbourne\",\"https:\\\/\\\/www.youtube.com\\\/@southbourneschoolofenglish4522\"]}]}<\/script>\n<!-- \/ Yoast SEO plugin. -->","yoast_head_json":{"title":"Pol\u00edtica de Privacidade - O que coletamos - Southbourne School of English","description":"Pol\u00edtica de Privacidade da Southbourne School of English. Esta pol\u00edtica, juntamente com nossos termos de uso, fornece uma explica\u00e7\u00e3o sobre o que acontece com os dados pessoais...","robots":{"index":"index","follow":"follow","max-snippet":"max-snippet:-1","max-image-preview":"max-image-preview:large","max-video-preview":"max-video-preview:-1"},"canonical":"https:\/\/southbourneschool.co.uk\/pt\/politica-de-privacidade\/","og_locale":"pt_PT","og_type":"article","og_title":"Privacy Policy - What we collect - Southbourne School of English","og_description":"Privacy Policy for Southbourne School of English. This policy, together with our terms of use, provides an explanation as to what happens to personal ...","og_url":"https:\/\/southbourneschool.co.uk\/pt\/politica-de-privacidade\/","og_site_name":"Southbourne School of English","article_publisher":"https:\/\/www.facebook.com\/SouthbourneSchool\/","article_modified_time":"2025-02-26T09:55:15+00:00","twitter_card":"summary_large_image","twitter_site":"@SouthbourneSofE","twitter_misc":{"Tempo estimado de leitura":"9 minutos"},"schema":{"@context":"https:\/\/schema.org","@graph":[{"@type":"WebPage","@id":"https:\/\/southbourneschool.co.uk\/privacy-policy\/","url":"https:\/\/southbourneschool.co.uk\/privacy-policy\/","name":"Pol\u00edtica de Privacidade - O que coletamos - Southbourne School of English","isPartOf":{"@id":"https:\/\/southbourneschool.co.uk\/#website"},"datePublished":"2018-07-19T09:02:50+00:00","dateModified":"2025-02-26T09:55:15+00:00","description":"Pol\u00edtica de Privacidade da Southbourne School of English. Esta pol\u00edtica, juntamente com nossos termos de uso, fornece uma explica\u00e7\u00e3o sobre o que acontece com os dados pessoais...","breadcrumb":{"@id":"https:\/\/southbourneschool.co.uk\/privacy-policy\/#breadcrumb"},"inLanguage":"pt-PT","potentialAction":[{"@type":"ReadAction","target":["https:\/\/southbourneschool.co.uk\/privacy-policy\/"]}]},{"@type":"BreadcrumbList","@id":"https:\/\/southbourneschool.co.uk\/privacy-policy\/#breadcrumb","itemListElement":[{"@type":"ListItem","position":1,"name":"Home","item":"https:\/\/southbourneschool.co.uk\/"},{"@type":"ListItem","position":2,"name":"Privacy Policy"}]},{"@type":"WebSite","@id":"https:\/\/southbourneschool.co.uk\/#website","url":"https:\/\/southbourneschool.co.uk\/","name":"Escola de Ingl\u00eas de Southbourne","description":"Tornamos a aprendizagem do ingl\u00eas divertida. Uma escola de l\u00ednguas em Bournemouth, idealmente localizada junto ao mar, num sub\u00farbio de Bournemouth chamado Southbourne, um dos locais mais populares do Reino Unido para estudantes internacionais.","publisher":{"@id":"https:\/\/southbourneschool.co.uk\/#organization"},"potentialAction":[{"@type":"SearchAction","target":{"@type":"EntryPoint","urlTemplate":"https:\/\/southbourneschool.co.uk\/?s={search_term_string}"},"query-input":{"@type":"PropertyValueSpecification","valueRequired":true,"valueName":"search_term_string"}}],"inLanguage":"pt-PT"},{"@type":"Organization","@id":"https:\/\/southbourneschool.co.uk\/#organization","name":"Escola de Ingl\u00eas de Southbourne","alternateName":"SSE","url":"https:\/\/southbourneschool.co.uk\/","logo":{"@type":"ImageObject","inLanguage":"pt-PT","@id":"https:\/\/southbourneschool.co.uk\/#\/schema\/logo\/image\/","url":"https:\/\/southbourneschool.co.uk\/wp-content\/uploads\/2026\/01\/SSE-60-Year-Anniversary-Logo.png","contentUrl":"https:\/\/southbourneschool.co.uk\/wp-content\/uploads\/2026\/01\/SSE-60-Year-Anniversary-Logo.png","width":1964,"height":1965,"caption":"Southbourne School of English"},"image":{"@id":"https:\/\/southbourneschool.co.uk\/#\/schema\/logo\/image\/"},"sameAs":["https:\/\/www.facebook.com\/SouthbourneSchool\/","https:\/\/x.com\/SouthbourneSofE","https:\/\/www.instagram.com\/southbourneschoolofenglish\/","https:\/\/www.tiktok.com\/@southbourne","https:\/\/www.youtube.com\/@southbourneschoolofenglish4522"]}]}},"featured_image_src":null,"featured_image_src_square":null,"_links":{"self":[{"href":"https:\/\/southbourneschool.co.uk\/pt\/wp-json\/wp\/v2\/pages\/3","targetHints":{"allow":["GET"]}}],"collection":[{"href":"https:\/\/southbourneschool.co.uk\/pt\/wp-json\/wp\/v2\/pages"}],"about":[{"href":"https:\/\/southbourneschool.co.uk\/pt\/wp-json\/wp\/v2\/types\/page"}],"author":[{"embeddable":true,"href":"https:\/\/southbourneschool.co.uk\/pt\/wp-json\/wp\/v2\/users\/12312401"}],"replies":[{"embeddable":true,"href":"https:\/\/southbourneschool.co.uk\/pt\/wp-json\/wp\/v2\/comments?post=3"}],"version-history":[{"count":0,"href":"https:\/\/southbourneschool.co.uk\/pt\/wp-json\/wp\/v2\/pages\/3\/revisions"}],"wp:attachment":[{"href":"https:\/\/southbourneschool.co.uk\/pt\/wp-json\/wp\/v2\/media?parent=3"}],"curies":[{"name":"wp","href":"https:\/\/api.w.org\/{rel}","templated":true}]}}