{"id":543,"date":"2018-08-16T09:11:09","date_gmt":"2018-08-16T08:11:09","guid":{"rendered":"https:\/\/southbournese.wpengine.com\/?page_id=543"},"modified":"2025-08-29T11:19:23","modified_gmt":"2025-08-29T10:19:23","slug":"junte-se-a-nossa-equipe","status":"publish","type":"page","link":"https:\/\/southbourneschool.co.uk\/pt\/about\/join-our-team\/","title":{"rendered":"Junte-se \u00e0 nossa equipa"},"content":{"rendered":"<section class=\"vc_section vc_custom_1723204831132 vc_section-has-fill\"><\/section><div class=\"vc_row wpb_row vc_row-fluid vc_custom_1532611618687\"><div class=\"wpb_column vc_column_container vc_col-sm-7\"><div class=\"vc_column-inner\"><div class=\"wpb_wrapper\"><h1 style=\"text-align: left\" class=\"vc_custom_heading\" >Junte-se \u00e0 nossa equipa<\/h1>\n\t<div class=\"wpb_text_column wpb_content_element\" >\n\t\t<div class=\"wpb_wrapper\">\n\t\t\t<p>Interessado em se juntar \u00e0 nossa equipe de professores ou equipe de atividades? Estamos sempre procurando pessoas simp\u00e1ticas e dedicadas! Se voc\u00ea tem experi\u00eancia e qualifica\u00e7\u00f5es, adorar\u00edamos falar com voc\u00ea.<\/p>\n\n\t\t<\/div>\n\t<\/div>\n\n\t<div class=\"wpb_text_column wpb_content_element  vc_custom_1743421475817\" >\n\t\t<div class=\"wpb_wrapper\">\n\t\t\t<p>Estamos comprometidos com a prote\u00e7\u00e3o. A seguran\u00e7a dos nossos alunos \u00e9 nossa prioridade n\u00famero um, portanto, todos os funcion\u00e1rios precisam passar por uma verifica\u00e7\u00e3o DBS aprimorada. Precisaremos de duas refer\u00eancias \u2013 e quaisquer lacunas nos curr\u00edculos precisar\u00e3o ser corrigidas.<\/p>\n<p>Por favor, cite a refer\u00eancia da vaga para a qual est\u00e1 se candidatando em toda a correspond\u00eancia. Caso tenha interesse ou alguma d\u00favida, envie um e-mail para <a href=\"mailto:dos@southbourneschool.co.uk\">dos@southbourneschool.co.uk<\/a><\/p>\n\n\t\t<\/div>\n\t<\/div>\n\n\t<div class=\"wpb_text_column wpb_content_element\" >\n\t\t<div class=\"wpb_wrapper\">\n\t\t\t<h2>Vagas na Escola Principal<\/h2>\n\n\t\t<\/div>\n\t<\/div>\n<div class=\"vc_tta-container\" data-vc-action=\"collapseAll\"><div class=\"vc_general vc_tta vc_tta-accordion vc_tta-color-grey vc_tta-style-classic vc_tta-shape-square vc_tta-o-shape-group vc_tta-controls-align-left vc_tta-o-no-fill vc_tta-o-all-clickable vc_custom_1534407088858\"><div class=\"vc_tta-panels-container\"><div class=\"vc_tta-panels\"><div class=\"vc_tta-panel\" id=\"teachers\" data-vc-content=\".vc_tta-panel-body\"><div class=\"vc_tta-panel-heading\"><h4 class=\"vc_tta-panel-title vc_tta-controls-icon-position-left\"><a href=\"#teachers\" data-vc-accordion data-vc-container=\".vc_tta-container\"><span class=\"vc_tta-title-text\">Professores<\/span><i class=\"vc_tta-controls-icon vc_tta-controls-icon-plus\"><\/i><\/a><\/h4><\/div><div class=\"vc_tta-panel-body\">\n\t<div class=\"wpb_text_column wpb_content_element\" >\n\t\t<div class=\"wpb_wrapper\">\n\t\t\t<p>Se voc\u00ea estiver interessado em se juntar \u00e0 nossa equipe, baixe e preencha o formul\u00e1rio de inscri\u00e7\u00e3o aqui: <a href=\"https:\/\/southbourneschool.co.uk\/wp-content\/uploads\/2025\/08\/2025-SSE-job-application-form.docx\">Formul\u00e1rio de Candidatura a Emprego<\/a><\/p>\n<p>Os professores precisam ter ingl\u00eas nativo, diploma e qualifica\u00e7\u00e3o para lecionar \u2013 aceitamos PGCE em L\u00ednguas Prim\u00e1rias, Secund\u00e1rias e Modernas e\/ou equivalente CELTA ou Trinity TESOL. Se tiver interesse, entre em contato conosco.\u00a0<a href=\"mailto:dos@southbourneschool.co.uk\">dos@southbourneschool.co.uk<\/a>.<\/p>\n<p>Sal\u00e1rio: \u00a3 15 \u2013 \u00a3 18,25 (dependendo da qualifica\u00e7\u00e3o)<\/p>\n<p>Estamos comprometidos com a prote\u00e7\u00e3o. A seguran\u00e7a dos nossos alunos \u00e9 nossa prioridade n\u00famero um, portanto, todos os funcion\u00e1rios precisam passar por uma verifica\u00e7\u00e3o DBS aprimorada, caso ainda n\u00e3o tenham uma no servi\u00e7o de atualiza\u00e7\u00e3o. Precisaremos de duas refer\u00eancias \u2013 e quaisquer lacunas nos curr\u00edculos precisar\u00e3o ser corrigidas.<\/p>\n<p><a href=\"https:\/\/southbourneschool.co.uk\/wp-content\/uploads\/2024\/04\/Teacher.docx\">Descri\u00e7\u00e3o do cargo de professor<\/a><\/p>\n\n\t\t<\/div>\n\t<\/div>\n<\/div><\/div><div class=\"vc_tta-panel\" id=\"activityref2018\" data-vc-content=\".vc_tta-panel-body\"><div class=\"vc_tta-panel-heading\"><h4 class=\"vc_tta-panel-title vc_tta-controls-icon-position-left\"><a href=\"#activityref2018\" data-vc-accordion data-vc-container=\".vc_tta-container\"><span class=\"vc_tta-title-text\">Equipe de atividades e organizadores de atividades<\/span><i class=\"vc_tta-controls-icon vc_tta-controls-icon-plus\"><\/i><\/a><\/h4><\/div><div class=\"vc_tta-panel-body\">\n\t<div class=\"wpb_text_column wpb_content_element\" >\n\t\t<div class=\"wpb_wrapper\">\n\t\t\t<p>Se voc\u00ea estiver interessado em se juntar \u00e0 nossa equipe, baixe e preencha o formul\u00e1rio de inscri\u00e7\u00e3o: <a href=\"https:\/\/southbourneschool.co.uk\/wp-content\/uploads\/2025\/08\/A-2025-Activity-Leader-JD-applications.docx\">Formul\u00e1rio de Candidatura a Emprego<\/a><\/p>\n<p>Se voc\u00ea \u00e9 uma pessoa soci\u00e1vel, en\u00e9rgica, animada e entusiasmada, agradecer\u00edamos sua inscri\u00e7\u00e3o como membro de nossa Equipe de Atividades.<\/p>\n<p>Estamos comprometidos com a prote\u00e7\u00e3o. A seguran\u00e7a dos nossos alunos \u00e9 nossa prioridade n\u00famero um, portanto, todos os funcion\u00e1rios precisam passar por uma verifica\u00e7\u00e3o DBS aprimorada. Precisaremos de duas refer\u00eancias \u2013 e quaisquer lacunas nos curr\u00edculos precisar\u00e3o ser corrigidas.<\/p>\n<p>Para se candidatar, envie um e-mail para: <a href=\"mailto:dos@southbourneschool.co.uk\">dos@southbourneschool.co.uk<\/a><\/p>\n\n\t\t<\/div>\n\t<\/div>\n<\/div><\/div><\/div><\/div><\/div><\/div><\/div><\/div><\/div><div class=\"wpb_column vc_column_container vc_col-sm-4 vc_col-sm-offset-1 vc_hidden-xs\"><div class=\"vc_column-inner\"><div class=\"wpb_wrapper\"><div  class=\"vc_wp_custommenu wpb_content_element child-page-menu\"><div class=\"widget widget_nav_menu\"><div class=\"menu-school-facilities-child-menu-container\"><ul id=\"menu-school-facilities-child-menu\" class=\"menu\"><li id=\"menu-item-446\" class=\"menu-item menu-item-type-post_type menu-item-object-page menu-item-has-children menu-item-446 msm-top-level-item\"><a href=\"https:\/\/southbourneschool.co.uk\/pt\/about\/\">Sobre<\/a>\n<ul class=\"sub-menu\">\n\t<li id=\"menu-item-492\" class=\"menu-item menu-item-type-post_type menu-item-object-page menu-item-492\"><a href=\"https:\/\/southbourneschool.co.uk\/pt\/about\/school-facilities\/\">Instala\u00e7\u00f5es escolares<\/a><\/li>\n\t<li id=\"menu-item-1792\" class=\"menu-item menu-item-type-post_type menu-item-object-page menu-item-1792\"><a href=\"https:\/\/southbourneschool.co.uk\/pt\/about\/gallery\/\">Galeria<\/a><\/li>\n\t<li id=\"menu-item-3083\" class=\"menu-item menu-item-type-post_type menu-item-object-page menu-item-3083\"><a href=\"https:\/\/southbourneschool.co.uk\/pt\/hosting-students\/\">Tornar-se uma fam\u00edlia de acolhimento para estudantes<\/a><\/li>\n\t<li id=\"menu-item-453\" class=\"menu-item menu-item-type-post_type menu-item-object-page menu-item-453\"><a href=\"https:\/\/southbourneschool.co.uk\/pt\/about\/our-team\/\">A nossa equipa<\/a><\/li>\n\t<li id=\"menu-item-549\" class=\"menu-item menu-item-type-post_type menu-item-object-page menu-item-549\"><a href=\"https:\/\/southbourneschool.co.uk\/pt\/about\/join-our-team\/\">Junte-se \u00e0 nossa equipa<\/a><\/li>\n\t<li id=\"menu-item-563\" class=\"menu-item menu-item-type-post_type menu-item-object-page menu-item-563\"><a href=\"https:\/\/southbourneschool.co.uk\/pt\/about\/testimonials-accreditations\/\">Testemunhos e acredita\u00e7\u00f5es<\/a><\/li>\n\t<li id=\"menu-item-579\" class=\"menu-item menu-item-type-post_type menu-item-object-page menu-item-579\"><a href=\"https:\/\/southbourneschool.co.uk\/pt\/about\/school-policies\/\">Pol\u00edticas da escola<\/a><\/li>\n\t<li id=\"menu-item-3337\" class=\"menu-item menu-item-type-post_type menu-item-object-page menu-item-3337\"><a href=\"https:\/\/southbourneschool.co.uk\/pt\/about\/visa-information\/\">Informa\u00e7\u00f5es sobre vistos<\/a><\/li>\n\t<li id=\"menu-item-596\" class=\"menu-item menu-item-type-post_type menu-item-object-page menu-item-596\"><a href=\"https:\/\/southbourneschool.co.uk\/pt\/about\/faqs\/\">Perguntas mais frequentes<\/a><\/li>\n<\/ul>\n<\/li>\n<\/ul><\/div><\/div><\/div><\/div><\/div><\/div><\/div><section class=\"vc_section\"><div class=\"vc_row wpb_row vc_row-fluid\"><div class=\"wpb_column vc_column_container vc_col-sm-7 vc_hidden-lg vc_hidden-md vc_hidden-sm vc_hidden-xs\"><div class=\"vc_column-inner\"><div class=\"wpb_wrapper\">\n\t<div class=\"wpb_text_column wpb_content_element\" >\n\t\t<div class=\"wpb_wrapper\">\n\t\t\t<h2>Centro Residencial<\/h2>\n\n\t\t<\/div>\n\t<\/div>\n<div class=\"vc_tta-container\" data-vc-action=\"collapseAll\"><div class=\"vc_general vc_tta vc_tta-accordion vc_tta-color-grey vc_tta-style-classic vc_tta-shape-square vc_tta-o-shape-group vc_tta-controls-align-left vc_tta-o-no-fill vc_tta-o-all-clickable vc_custom_1534407097312\"><div class=\"vc_tta-panels-container\"><div class=\"vc_tta-panels\"><div class=\"vc_tta-panel\" id=\"1534406935058-7bad137c-2ca5\" data-vc-content=\".vc_tta-panel-body\"><div class=\"vc_tta-panel-heading\"><h4 class=\"vc_tta-panel-title vc_tta-controls-icon-position-left\"><a href=\"#1534406935058-7bad137c-2ca5\" data-vc-accordion data-vc-container=\".vc_tta-container\"><span class=\"vc_tta-title-text\">Equipe de Atividades Residenciais (Ref: V2020RABCS)<\/span><i class=\"vc_tta-controls-icon vc_tta-controls-icon-plus\"><\/i><\/a><\/h4><\/div><div class=\"vc_tta-panel-body\">\n\t<div class=\"wpb_text_column wpb_content_element\" >\n\t\t<div class=\"wpb_wrapper\">\n\t\t\t<p>Se voc\u00ea tem interesse em se juntar \u00e0 nossa equipe, baixe e preencha o formul\u00e1rio de inscri\u00e7\u00e3o. O curso residencial de ver\u00e3o acontece de 5 de julho a 2 de agosto de 2020.<\/p>\n<p>Estamos procurando algu\u00e9m que goste de trabalhar com jovens, seja en\u00e9rgico, animado e respons\u00e1vel, de prefer\u00eancia com habilidades em esportes, artes e\/ou projetos de engajamento juvenil.<\/p>\n<p>Estamos comprometidos com a prote\u00e7\u00e3o. A seguran\u00e7a dos nossos alunos \u00e9 nossa prioridade n\u00famero um, portanto, todos os funcion\u00e1rios precisam passar por uma verifica\u00e7\u00e3o DBS aprimorada. Precisaremos de duas refer\u00eancias \u2013 e quaisquer lacunas nos curr\u00edculos precisar\u00e3o ser corrigidas.<\/p>\n<p><strong>Posi\u00e7\u00f5es de L\u00edder de Atividades<\/strong><br \/>\n6 dias por semana, at\u00e9 48 horas.<br \/>\n\u00a3 370 por semana (pago semanalmente) inclui acomoda\u00e7\u00e3o e 3 refei\u00e7\u00f5es por dia.<\/p>\n<p><strong>Cargo de Organizador de Atividades<\/strong><\/p>\n<p>Observa\u00e7\u00e3o: esta posi\u00e7\u00e3o exige que voc\u00ea durma no local.<\/p>\n<p><strong>Descri\u00e7\u00e3o do trabalho<\/strong> \u2013 clique nos links abaixo:<\/p>\n<p><a href=\"\/wp-content\/uploads\/2019\/05\/R-Residential-Activity-Organiser-2019-BCS.doc\" target=\"_blank\" rel=\"noopener noreferrer\">Descri\u00e7\u00e3o da vaga de Organizador de Atividades Residenciais 2019<\/a><\/p>\n<p><a href=\"\/wp-content\/uploads\/2019\/03\/2019-Residential-Activity-Leader-JD.docx\" target=\"_blank\" rel=\"noopener noreferrer\">Descri\u00e7\u00e3o do cargo de L\u00edder de Atividades Residenciais 2019<\/a><\/p>\n<p>Para se candidatar, preencha o formul\u00e1rio <a href=\"https:\/\/southbournese.wpengine.com\/wp-content\/uploads\/2020\/02\/2020-SSE-job-application-form.docx\" target=\"_blank\" rel=\"noopener noreferrer\">Formul\u00e1rio de Solicita\u00e7\u00e3o de Emprego<\/a> e envie por e-mail para <a href=\"mailto:rob@southbourneschool.co.uk\">principal@southbourneschool.co.uk.<\/a><\/p>\n\n\t\t<\/div>\n\t<\/div>\n<\/div><\/div><div class=\"vc_tta-panel\" id=\"1534406935025-51db22c4-022e\" data-vc-content=\".vc_tta-panel-body\"><div class=\"vc_tta-panel-heading\"><h4 class=\"vc_tta-panel-title vc_tta-controls-icon-position-left\"><a href=\"#1534406935025-51db22c4-022e\" data-vc-accordion data-vc-container=\".vc_tta-container\"><span class=\"vc_tta-title-text\">Corpo Docente (Ref: V2020RCJ)<\/span><i class=\"vc_tta-controls-icon vc_tta-controls-icon-plus\"><\/i><\/a><\/h4><\/div><div class=\"vc_tta-panel-body\">\n\t<div class=\"wpb_text_column wpb_content_element\" >\n\t\t<div class=\"wpb_wrapper\">\n\t\t\t<p>Se voc\u00ea estiver interessado em se juntar \u00e0 nossa equipe, baixe e preencha o formul\u00e1rio de inscri\u00e7\u00e3o.<\/p>\n<p>Observa\u00e7\u00e3o: esta \u00e9 uma posi\u00e7\u00e3o n\u00e3o residencial, n\u00e3o h\u00e1 acomoda\u00e7\u00e3o.<\/p>\n<p>Lecionando nas manh\u00e3s de segunda, ter\u00e7a, quarta, sexta e s\u00e1bado, no hor\u00e1rio de 15 horas, das 9h \u00e0s 12h30. \u00c9 poss\u00edvel combinar esta posi\u00e7\u00e3o com um hor\u00e1rio de 15 horas, de segunda a sexta-feira, nas tardes, das 14h \u00e0s 17h30, na escola principal.<\/p>\n<p>Estamos comprometidos com a prote\u00e7\u00e3o. A seguran\u00e7a dos nossos alunos \u00e9 nossa prioridade n\u00famero um, portanto, todos os funcion\u00e1rios precisam passar por uma verifica\u00e7\u00e3o DBS aprimorada, caso ainda n\u00e3o tenham uma no servi\u00e7o de atualiza\u00e7\u00e3o. Precisaremos de duas refer\u00eancias \u2013 e quaisquer lacunas nos curr\u00edculos precisar\u00e3o ser corrigidas.<\/p>\n<p>Os professores precisam ter ingl\u00eas nativo, diploma e qualifica\u00e7\u00e3o para lecionar \u2013 aceitamos PGCE em Ingl\u00eas Prim\u00e1rio, Secund\u00e1rio e L\u00ednguas Modernas e\/ou equivalente CELTA ou Trinity TESOL. Se tiver interesse, preencha o formul\u00e1rio. \u00a0<a href=\"https:\/\/southbournese.wpengine.com\/wp-content\/uploads\/2020\/02\/2020-SSE-job-application-form.docx\" target=\"_blank\" rel=\"noopener noreferrer\">Formul\u00e1rio de Solicita\u00e7\u00e3o de Emprego<\/a> e envie por e-mail para <a href=\"mailto:kathryn@southbourneschool.co.uk\">principal@southbourneschool.co.uk<\/a>.<\/p>\n<p>Descri\u00e7\u00e3o do cargo \u2013 clique no link abaixo:<\/p>\n<p><a href=\"\/wp-content\/uploads\/2019\/03\/2019-Teacher-1-wk-JD.doc\" target=\"_blank\" rel=\"noopener noreferrer\">Descri\u00e7\u00e3o do cargo de professor 2019<\/a><\/p>\n\n\t\t<\/div>\n\t<\/div>\n<\/div><\/div><div class=\"vc_tta-panel\" id=\"1579004717831-f9d393f9-9839\" data-vc-content=\".vc_tta-panel-body\"><div class=\"vc_tta-panel-heading\"><h4 class=\"vc_tta-panel-title vc_tta-controls-icon-position-left\"><a href=\"#1579004717831-f9d393f9-9839\" data-vc-accordion data-vc-container=\".vc_tta-container\"><span class=\"vc_tta-title-text\">Assistente de Cafeteria (Ref: V2021CA)<\/span><i class=\"vc_tta-controls-icon vc_tta-controls-icon-plus\"><\/i><\/a><\/h4><\/div><div class=\"vc_tta-panel-body\"><div class=\"vc_row wpb_row vc_inner vc_row-fluid\"><div class=\"wpb_column vc_column_container vc_col-sm-12\"><div class=\"vc_column-inner\"><div class=\"wpb_wrapper\">\n\t<div class=\"wpb_text_column wpb_content_element\" >\n\t\t<div class=\"wpb_wrapper\">\n\t\t\t<p><strong>Assistente de cafeteria necess\u00e1rio para a Southbourne School of English<\/strong><\/p>\n<p>08:00 \u2013 14:00 Ter\u00e7a e Quinta (Segunda \u2013 Sexta cobertura de feriados quando necess\u00e1rio)<\/p>\n<p>Abril, julho e agosto<\/p>\n<p>Segunda a sexta das 08:00 \u00e0s 14:00<\/p>\n<p>In\u00edcio no final de janeiro<\/p>\n<p>\u00a3 7,70 \u2013 \u00a3 8,25 dependendo da idade<\/p>\n<p>Certificado de higiene alimentar necess\u00e1rio \u2013 forma\u00e7\u00e3o fornecida caso n\u00e3o esteja dispon\u00edvel<\/p>\n<p>Tarefas a incluir: Atender clientes, manusear dinheiro, preparar e servir comida, limpar, reabastecer estoque<\/p>\n<p>Por favor envie um e-mail de interesse e n\u00f3s lhe enviaremos um formul\u00e1rio de inscri\u00e7\u00e3o para <strong>principal@southbourneschool.co.uk<\/strong><\/p>\n<p>Todos os candidatos precisar\u00e3o ter ou passar por uma verifica\u00e7\u00e3o DBS aprimorada. Duas refer\u00eancias ser\u00e3o verificadas.<\/p>\n\n\t\t<\/div>\n\t<\/div>\n<\/div><\/div><\/div><\/div><\/div><\/div><\/div><\/div><\/div><\/div><\/div><\/div><\/div><div class=\"wpb_column vc_column_container vc_col-sm-4\"><div class=\"vc_column-inner\"><div class=\"wpb_wrapper\"><\/div><\/div><\/div><\/div><\/section>","protected":false},"excerpt":{"rendered":"Join Our Team Interesting in joining our team of teachers or activity staff? We\u2019re always looking for friendly and dedicated people! If you have the experience and qualifications, we would love to hear from you. We are committed to safeguarding. Our students\u2019 safety is our&nbsp;<a href=\"https:\/\/southbourneschool.co.uk\/pt\/about\/join-our-team\/\">...<\/a>","protected":false},"author":12312401,"featured_media":0,"parent":162,"menu_order":0,"comment_status":"closed","ping_status":"closed","template":"","meta":{"footnotes":""},"class_list":["post-543","page","type-page","status-publish","hentry","odd"],"yoast_head":"<!-- This site is optimized with the Yoast SEO plugin v27.3 - https:\/\/yoast.com\/product\/yoast-seo-wordpress\/ -->\n<title>Join Our Team - Job Vacancies - Southbourne School of English<\/title>\n<meta name=\"description\" content=\"Want to join our team? We\u2019re looking for friendly and dedicated people to add to our family in Bournemouth. Click here for all our latest jobs and vacancies\" \/>\n<meta name=\"robots\" content=\"index, follow, max-snippet:-1, max-image-preview:large, max-video-preview:-1\" \/>\n<link rel=\"canonical\" href=\"https:\/\/southbourneschool.co.uk\/pt\/sobre\/junte-se-a-nossa-equipe\/\" \/>\n<meta property=\"og:locale\" content=\"pt_PT\" \/>\n<meta property=\"og:type\" content=\"article\" \/>\n<meta property=\"og:title\" content=\"Join Our Team - Job Vacancies - Southbourne School of English\" \/>\n<meta property=\"og:description\" content=\"Want to join our team? We\u2019re looking for friendly and dedicated people to add to our family in Bournemouth. Click here for all our latest jobs and vacancies\" \/>\n<meta property=\"og:url\" content=\"https:\/\/southbourneschool.co.uk\/pt\/sobre\/junte-se-a-nossa-equipe\/\" \/>\n<meta property=\"og:site_name\" content=\"Southbourne School of English\" \/>\n<meta property=\"article:publisher\" content=\"https:\/\/www.facebook.com\/SouthbourneSchool\/\" \/>\n<meta property=\"article:modified_time\" content=\"2025-08-29T10:19:23+00:00\" \/>\n<meta name=\"twitter:card\" content=\"summary_large_image\" \/>\n<meta name=\"twitter:site\" content=\"@SouthbourneSofE\" \/>\n<meta name=\"twitter:label1\" content=\"Tempo estimado de leitura\" \/>\n\t<meta name=\"twitter:data1\" content=\"4 minutos\" \/>\n<script type=\"application\/ld+json\" class=\"yoast-schema-graph\">{\"@context\":\"https:\\\/\\\/schema.org\",\"@graph\":[{\"@type\":\"WebPage\",\"@id\":\"https:\\\/\\\/southbourneschool.co.uk\\\/about\\\/join-our-team\\\/\",\"url\":\"https:\\\/\\\/southbourneschool.co.uk\\\/about\\\/join-our-team\\\/\",\"name\":\"Join Our Team - Job Vacancies - Southbourne School of English\",\"isPartOf\":{\"@id\":\"https:\\\/\\\/southbourneschool.co.uk\\\/#website\"},\"datePublished\":\"2018-08-16T08:11:09+00:00\",\"dateModified\":\"2025-08-29T10:19:23+00:00\",\"description\":\"Want to join our team? We\u2019re looking for friendly and dedicated people to add to our family in Bournemouth. Click here for all our latest jobs and vacancies\",\"breadcrumb\":{\"@id\":\"https:\\\/\\\/southbourneschool.co.uk\\\/about\\\/join-our-team\\\/#breadcrumb\"},\"inLanguage\":\"pt-PT\",\"potentialAction\":[{\"@type\":\"ReadAction\",\"target\":[\"https:\\\/\\\/southbourneschool.co.uk\\\/about\\\/join-our-team\\\/\"]}]},{\"@type\":\"BreadcrumbList\",\"@id\":\"https:\\\/\\\/southbourneschool.co.uk\\\/about\\\/join-our-team\\\/#breadcrumb\",\"itemListElement\":[{\"@type\":\"ListItem\",\"position\":1,\"name\":\"Home\",\"item\":\"https:\\\/\\\/southbourneschool.co.uk\\\/\"},{\"@type\":\"ListItem\",\"position\":2,\"name\":\"About\",\"item\":\"https:\\\/\\\/southbourneschool.co.uk\\\/about\\\/\"},{\"@type\":\"ListItem\",\"position\":3,\"name\":\"Join Our Team\"}]},{\"@type\":\"WebSite\",\"@id\":\"https:\\\/\\\/southbourneschool.co.uk\\\/#website\",\"url\":\"https:\\\/\\\/southbourneschool.co.uk\\\/\",\"name\":\"Southbourne School of English\",\"description\":\"We make learning English fun. A language school in Bournemouth, ideally located by the sea in a suburb of Bournemouth called Southbourne, one of the UK\u2019s most popular locations for international students.\",\"publisher\":{\"@id\":\"https:\\\/\\\/southbourneschool.co.uk\\\/#organization\"},\"potentialAction\":[{\"@type\":\"SearchAction\",\"target\":{\"@type\":\"EntryPoint\",\"urlTemplate\":\"https:\\\/\\\/southbourneschool.co.uk\\\/?s={search_term_string}\"},\"query-input\":{\"@type\":\"PropertyValueSpecification\",\"valueRequired\":true,\"valueName\":\"search_term_string\"}}],\"inLanguage\":\"pt-PT\"},{\"@type\":\"Organization\",\"@id\":\"https:\\\/\\\/southbourneschool.co.uk\\\/#organization\",\"name\":\"Southbourne School of English\",\"alternateName\":\"SSE\",\"url\":\"https:\\\/\\\/southbourneschool.co.uk\\\/\",\"logo\":{\"@type\":\"ImageObject\",\"inLanguage\":\"pt-PT\",\"@id\":\"https:\\\/\\\/southbourneschool.co.uk\\\/#\\\/schema\\\/logo\\\/image\\\/\",\"url\":\"https:\\\/\\\/southbourneschool.co.uk\\\/wp-content\\\/uploads\\\/2026\\\/01\\\/SSE-60-Year-Anniversary-Logo.png\",\"contentUrl\":\"https:\\\/\\\/southbourneschool.co.uk\\\/wp-content\\\/uploads\\\/2026\\\/01\\\/SSE-60-Year-Anniversary-Logo.png\",\"width\":1964,\"height\":1965,\"caption\":\"Southbourne School of English\"},\"image\":{\"@id\":\"https:\\\/\\\/southbourneschool.co.uk\\\/#\\\/schema\\\/logo\\\/image\\\/\"},\"sameAs\":[\"https:\\\/\\\/www.facebook.com\\\/SouthbourneSchool\\\/\",\"https:\\\/\\\/x.com\\\/SouthbourneSofE\",\"https:\\\/\\\/www.instagram.com\\\/southbourneschoolofenglish\\\/\",\"https:\\\/\\\/www.tiktok.com\\\/@southbourne\",\"https:\\\/\\\/www.youtube.com\\\/@southbourneschoolofenglish4522\"]}]}<\/script>\n<!-- \/ Yoast SEO plugin. -->","yoast_head_json":{"title":"Junte-se \u00e0 nossa equipe - Vagas de emprego - Southbourne School of English","description":"Quer se juntar \u00e0 nossa equipe? Estamos procurando pessoas simp\u00e1ticas e dedicadas para se juntar \u00e0 nossa fam\u00edlia em Bournemouth. Clique aqui para ver todas as nossas vagas e empregos mais recentes.","robots":{"index":"index","follow":"follow","max-snippet":"max-snippet:-1","max-image-preview":"max-image-preview:large","max-video-preview":"max-video-preview:-1"},"canonical":"https:\/\/southbourneschool.co.uk\/pt\/sobre\/junte-se-a-nossa-equipe\/","og_locale":"pt_PT","og_type":"article","og_title":"Join Our Team - Job Vacancies - Southbourne School of English","og_description":"Want to join our team? We\u2019re looking for friendly and dedicated people to add to our family in Bournemouth. Click here for all our latest jobs and vacancies","og_url":"https:\/\/southbourneschool.co.uk\/pt\/sobre\/junte-se-a-nossa-equipe\/","og_site_name":"Southbourne School of English","article_publisher":"https:\/\/www.facebook.com\/SouthbourneSchool\/","article_modified_time":"2025-08-29T10:19:23+00:00","twitter_card":"summary_large_image","twitter_site":"@SouthbourneSofE","twitter_misc":{"Tempo estimado de leitura":"4 minutos"},"schema":{"@context":"https:\/\/schema.org","@graph":[{"@type":"WebPage","@id":"https:\/\/southbourneschool.co.uk\/about\/join-our-team\/","url":"https:\/\/southbourneschool.co.uk\/about\/join-our-team\/","name":"Junte-se \u00e0 nossa equipe - Vagas de emprego - Southbourne School of English","isPartOf":{"@id":"https:\/\/southbourneschool.co.uk\/#website"},"datePublished":"2018-08-16T08:11:09+00:00","dateModified":"2025-08-29T10:19:23+00:00","description":"Quer se juntar \u00e0 nossa equipe? Estamos procurando pessoas simp\u00e1ticas e dedicadas para se juntar \u00e0 nossa fam\u00edlia em Bournemouth. Clique aqui para ver todas as nossas vagas e empregos mais recentes.","breadcrumb":{"@id":"https:\/\/southbourneschool.co.uk\/about\/join-our-team\/#breadcrumb"},"inLanguage":"pt-PT","potentialAction":[{"@type":"ReadAction","target":["https:\/\/southbourneschool.co.uk\/about\/join-our-team\/"]}]},{"@type":"BreadcrumbList","@id":"https:\/\/southbourneschool.co.uk\/about\/join-our-team\/#breadcrumb","itemListElement":[{"@type":"ListItem","position":1,"name":"Home","item":"https:\/\/southbourneschool.co.uk\/"},{"@type":"ListItem","position":2,"name":"About","item":"https:\/\/southbourneschool.co.uk\/about\/"},{"@type":"ListItem","position":3,"name":"Join Our Team"}]},{"@type":"WebSite","@id":"https:\/\/southbourneschool.co.uk\/#website","url":"https:\/\/southbourneschool.co.uk\/","name":"Escola de Ingl\u00eas de Southbourne","description":"Tornamos a aprendizagem do ingl\u00eas divertida. Uma escola de l\u00ednguas em Bournemouth, idealmente localizada junto ao mar, num sub\u00farbio de Bournemouth chamado Southbourne, um dos locais mais populares do Reino Unido para estudantes internacionais.","publisher":{"@id":"https:\/\/southbourneschool.co.uk\/#organization"},"potentialAction":[{"@type":"SearchAction","target":{"@type":"EntryPoint","urlTemplate":"https:\/\/southbourneschool.co.uk\/?s={search_term_string}"},"query-input":{"@type":"PropertyValueSpecification","valueRequired":true,"valueName":"search_term_string"}}],"inLanguage":"pt-PT"},{"@type":"Organization","@id":"https:\/\/southbourneschool.co.uk\/#organization","name":"Escola de Ingl\u00eas de Southbourne","alternateName":"SSE","url":"https:\/\/southbourneschool.co.uk\/","logo":{"@type":"ImageObject","inLanguage":"pt-PT","@id":"https:\/\/southbourneschool.co.uk\/#\/schema\/logo\/image\/","url":"https:\/\/southbourneschool.co.uk\/wp-content\/uploads\/2026\/01\/SSE-60-Year-Anniversary-Logo.png","contentUrl":"https:\/\/southbourneschool.co.uk\/wp-content\/uploads\/2026\/01\/SSE-60-Year-Anniversary-Logo.png","width":1964,"height":1965,"caption":"Southbourne School of English"},"image":{"@id":"https:\/\/southbourneschool.co.uk\/#\/schema\/logo\/image\/"},"sameAs":["https:\/\/www.facebook.com\/SouthbourneSchool\/","https:\/\/x.com\/SouthbourneSofE","https:\/\/www.instagram.com\/southbourneschoolofenglish\/","https:\/\/www.tiktok.com\/@southbourne","https:\/\/www.youtube.com\/@southbourneschoolofenglish4522"]}]}},"featured_image_src":null,"featured_image_src_square":null,"_links":{"self":[{"href":"https:\/\/southbourneschool.co.uk\/pt\/wp-json\/wp\/v2\/pages\/543","targetHints":{"allow":["GET"]}}],"collection":[{"href":"https:\/\/southbourneschool.co.uk\/pt\/wp-json\/wp\/v2\/pages"}],"about":[{"href":"https:\/\/southbourneschool.co.uk\/pt\/wp-json\/wp\/v2\/types\/page"}],"author":[{"embeddable":true,"href":"https:\/\/southbourneschool.co.uk\/pt\/wp-json\/wp\/v2\/users\/12312401"}],"replies":[{"embeddable":true,"href":"https:\/\/southbourneschool.co.uk\/pt\/wp-json\/wp\/v2\/comments?post=543"}],"version-history":[{"count":0,"href":"https:\/\/southbourneschool.co.uk\/pt\/wp-json\/wp\/v2\/pages\/543\/revisions"}],"up":[{"embeddable":true,"href":"https:\/\/southbourneschool.co.uk\/pt\/wp-json\/wp\/v2\/pages\/162"}],"wp:attachment":[{"href":"https:\/\/southbourneschool.co.uk\/pt\/wp-json\/wp\/v2\/media?parent=543"}],"curies":[{"name":"wp","href":"https:\/\/api.w.org\/{rel}","templated":true}]}}