{"id":611,"date":"2018-08-16T13:03:22","date_gmt":"2018-08-16T12:03:22","guid":{"rendered":"https:\/\/southbournese.wpengine.com\/?page_id=611"},"modified":"2026-03-03T10:18:16","modified_gmt":"2026-03-03T10:18:16","slug":"cursos-de-idiomas-para-juniores","status":"publish","type":"page","link":"https:\/\/southbourneschool.co.uk\/pt\/english-courses\/junior-language-courses\/","title":{"rendered":"Cursos de ingl\u00eas para jovens"},"content":{"rendered":"<section data-vc-full-width=\"true\" data-vc-full-width-init=\"false\" class=\"vc_section vc_custom_1723043349579 vc_section-has-fill\"><\/section><div class=\"vc_row-full-width vc_clearfix\"><\/div><div class=\"vc_row wpb_row vc_row-fluid vc_custom_1532605005893\"><div class=\"wpb_column vc_column_container vc_col-sm-7\"><div class=\"vc_column-inner vc_custom_1532527698189\"><div class=\"wpb_wrapper\"><h1 style=\"color: #7bbb58;text-align: left\" class=\"vc_custom_heading vc_custom_1743678623603\" >Cursos de ingl\u00eas para jovens<br \/>\n(Idade 9-15)<\/h1><h4 style=\"text-align: left\" class=\"vc_custom_heading\" >Oferecemos cursos de ingl\u00eas j\u00fanior de alta qualidade para alunos a partir de 9 anos (10 anos ou mais se for necess\u00e1ria acomoda\u00e7\u00e3o em casa de fam\u00edlia), acompanhados pelo seu pr\u00f3prio l\u00edder de grupo. Alunos juniores podem estudar em nossa escola e morar com um anfitri\u00e3o durante as f\u00e9rias de ver\u00e3o.<\/h4><section class=\"vc_cta3-container\"><div class=\"vc_general vc_cta3 vc_cta3-style-classic vc_cta3-shape-rounded vc_cta3-align-center vc_cta3-color-classic vc_cta3-icon-size-md vc_cta3-actions-bottom\"><div class=\"vc_cta3_content-container\"><div class=\"vc_cta3-content\"><header class=\"vc_cta3-content-header\"><h2>Pronto para se matricular em um curso de ingl\u00eas?<\/h2><\/header><p>Se voc\u00ea estiver pronto para se matricular, preencha nosso formul\u00e1rio de matr\u00edcula online e um membro de nossa equipe entrar\u00e1 em contato em breve!<\/p>\n<\/div><div class=\"vc_cta3-actions\"><div class=\"vc_btn3-container vc_btn3-center\" ><a class=\"vc_general vc_btn3 vc_btn3-size-lg vc_btn3-shape-rounded vc_btn3-style-modern vc_btn3-block vc_btn3-color-primary\" href=\"https:\/\/forms.office.com\/e\/70XEEbmTWM\" title=\"Formul\u00e1rio de inscri\u00e7\u00e3o online\" target=\"_blank\">Formul\u00e1rio de inscri\u00e7\u00e3o online<\/a><\/div><\/div><\/div><\/div><\/section>\n\t<div class=\"wpb_video_widget wpb_content_element vc_clearfix   vc_video-aspect-ratio-169 vc_video-el-width-100 vc_video-align-left\" >\n\t\t<div class=\"wpb_wrapper\">\n\t\t\t\n\t\t\t<div class=\"wpb_video_wrapper\"><iframe loading=\"lazy\" title=\"Programa J\u00fanior - Southbourne School of English\" width=\"1200\" height=\"675\" src=\"https:\/\/www.youtube.com\/embed\/SaqugXhdl10?feature=oembed\" frameborder=\"0\" allow=\"accelerometer; autoplay; clipboard-write; encrypted-media; gyroscope; picture-in-picture; web-share\" allowfullscreen><\/iframe><\/div>\n\t\t<\/div>\n\t<\/div>\n\n\t<div class=\"wpb_text_column wpb_content_element  vc_custom_1743676882108\" >\n\t\t<div class=\"wpb_wrapper\">\n\t\t\t<p>Alunos individuais podem participar dos nossos programas de ingl\u00eas de ver\u00e3o, que incluem um programa de atividades divertidas e variadas, com uma excurs\u00e3o de um dia inteiro todos os s\u00e1bados. Tamb\u00e9m aceitamos grupos de juniores a partir de 9 anos durante todo o ano.<\/p>\n<h4>Cursos de ingl\u00eas para jovens no ver\u00e3o<\/h4>\n<ul>\n<li>Idades \u2013 9 a 15<\/li>\n<li>Acomoda\u00e7\u00e3o em casa de fam\u00edlia*<\/li>\n<li>15 horas de aula<\/li>\n<li>Disponibilidade \u2013 veja acima as datas e pre\u00e7os<\/li>\n<\/ul>\n<h4>Cursos para grupos juniores durante todo o ano<\/h4>\n<ul>\n<li>Idades \u2013 9 a 15<\/li>\n<li>Acomoda\u00e7\u00e3o em casa de fam\u00edlia*<\/li>\n<li>15 horas de aula por semana<\/li>\n<li>Disponibilidade durante todo o ano<\/li>\n<\/ul>\n<p>*A acomoda\u00e7\u00e3o em casa de fam\u00edlia est\u00e1 dispon\u00edvel apenas para estudantes com 10 anos ou mais.<\/p>\n\n\t\t<\/div>\n\t<\/div>\n\n<div class=\"vc_grid-container-wrapper vc_clearfix\">\n\t<div class=\"vc_grid-container vc_clearfix wpb_content_element vc_masonry_media_grid\" data-initial-loading-animation=\"zoomIn\" data-vc-grid-settings=\"{&quot;page_id&quot;:611,&quot;style&quot;:&quot;all-masonry&quot;,&quot;action&quot;:&quot;vc_get_vc_grid_data&quot;,&quot;shortcode_id&quot;:&quot;1772532845482-a61c8f57-304c-5&quot;,&quot;tag&quot;:&quot;vc_masonry_media_grid&quot;}\" data-vc-request=\"https:\/\/southbourneschool.co.uk\/wp-admin\/admin-ajax.php\" data-vc-post-id=\"611\" data-vc-public-nonce=\"4619d571b2\">\n\t\t\n\t<\/div>\n<\/div>\n\t<div class=\"wpb_text_column wpb_content_element\" >\n\t\t<div class=\"wpb_wrapper\">\n\t\t\t<p><img loading=\"lazy\" decoding=\"async\" class=\"alignnone size-full wp-image-3689\" src=\"https:\/\/southbourneschool.co.uk\/wp-content\/uploads\/2025\/10\/Junior-summer-timetable-2026.png\" alt=\"Hor\u00e1rio de ver\u00e3o j\u00fanior 2026\" width=\"1512\" height=\"722\" srcset=\"https:\/\/southbourneschool.co.uk\/wp-content\/uploads\/2025\/10\/Junior-summer-timetable-2026.png 1512w, https:\/\/southbourneschool.co.uk\/wp-content\/uploads\/2025\/10\/Junior-summer-timetable-2026-300x143.png 300w, https:\/\/southbourneschool.co.uk\/wp-content\/uploads\/2025\/10\/Junior-summer-timetable-2026-1024x489.png 1024w, https:\/\/southbourneschool.co.uk\/wp-content\/uploads\/2025\/10\/Junior-summer-timetable-2026-18x9.png 18w\" sizes=\"auto, (max-width: 1512px) 100vw, 1512px\" \/><\/p>\n\n\t\t<\/div>\n\t<\/div>\n<a href=\"\/wp-content\/uploads\/2025\/12\/Junior-Summer-Programme-2026-8-weeks.pdf\" class=\"wh-button vc_custom_1768900798358  scp_theme_button-9798e73c3134cf9cb90892718320fca7\" target=\"_blank\">Programa de Ver\u00e3o J\u00fanior 2026<\/a><section class=\"vc_cta3-container\"><div class=\"vc_general vc_cta3 vc_cta3-style-classic vc_cta3-shape-rounded vc_cta3-align-left vc_cta3-color-classic vc_cta3-icon-size-md vc_cta3-actions-bottom\"><div class=\"vc_cta3_content-container\"><div class=\"vc_cta3-content\"><header class=\"vc_cta3-content-header\"><h2>Receba um or\u00e7amento do curso em at\u00e9 24 horas!<\/h2><\/header><p>Preencha o formul\u00e1rio de pedido de or\u00e7amento e entraremos em contato por e-mail ou WhatsApp com um or\u00e7amento personalizado em at\u00e9 24 horas.<\/p>\n<\/div><div class=\"vc_cta3-actions\"><div class=\"vc_btn3-container vc_btn3-inline\" ><a class=\"vc_general vc_btn3 vc_btn3-size-md vc_btn3-shape-rounded vc_btn3-style-modern vc_btn3-color-success\" href=\"https:\/\/southbourneschool.co.uk\/pt\/solicitar-um-orcamento\/\" title=\"Pedir um or\u00e7amento\">Solicite um or\u00e7amento<\/a><\/div><\/div><\/div><\/div><\/section><\/div><\/div><\/div><div class=\"wpb_column vc_column_container vc_col-sm-4 vc_col-sm-offset-1 vc_hidden-xs\"><div class=\"vc_column-inner\"><div class=\"wpb_wrapper\"><div  class=\"vc_wp_custommenu wpb_content_element child-page-menu\"><div class=\"widget widget_nav_menu\"><div class=\"menu-language-course-child-menu-container\"><ul id=\"menu-language-course-child-menu\" class=\"menu\"><li id=\"menu-item-794\" class=\"menu-item menu-item-type-post_type menu-item-object-page menu-item-has-children menu-item-794 msm-top-level-item\"><a href=\"https:\/\/southbourneschool.co.uk\/pt\/english-courses\/\">Cursos de ingl\u00eas<\/a>\n<ul class=\"sub-menu\">\n\t<li id=\"menu-item-3297\" class=\"menu-item menu-item-type-post_type menu-item-object-page menu-item-3297\"><a href=\"https:\/\/southbourneschool.co.uk\/pt\/request-a-quote\/\">Pedir um or\u00e7amento<\/a><\/li>\n\t<li id=\"menu-item-646\" class=\"menu-item menu-item-type-post_type menu-item-object-page menu-item-646\"><a href=\"https:\/\/southbourneschool.co.uk\/pt\/english-courses\/how-to-book-your-english-course\/\">Como reservar o seu curso de ingl\u00eas<\/a><\/li>\n\t<li id=\"menu-item-384\" class=\"menu-item menu-item-type-post_type menu-item-object-page menu-item-has-children menu-item-384\"><a href=\"https:\/\/southbourneschool.co.uk\/pt\/english-courses\/adult-language-courses\/\">Cursos de ingl\u00eas para adultos<\/a>\n\t<ul class=\"sub-menu\">\n\t\t<li id=\"menu-item-383\" class=\"menu-item menu-item-type-post_type menu-item-object-page menu-item-383\"><a href=\"https:\/\/southbourneschool.co.uk\/pt\/english-courses\/adult-language-courses\/general-intensive\/\">Cursos de Ingl\u00eas Geral e Intensivo<\/a><\/li>\n\t\t<li id=\"menu-item-394\" class=\"menu-item menu-item-type-post_type menu-item-object-page menu-item-394\"><a href=\"https:\/\/southbourneschool.co.uk\/pt\/english-courses\/adult-language-courses\/one-to-one-english\/\">Cursos de ingl\u00eas individuais<\/a><\/li>\n\t\t<li id=\"menu-item-1039\" class=\"menu-item menu-item-type-post_type menu-item-object-page menu-item-1039\"><a href=\"https:\/\/southbourneschool.co.uk\/pt\/english-courses\/adult-language-courses\/summer-vacation-courses\/\">Cursos de Ingl\u00eas de ver\u00e3o para Adultos (16+ anos)<\/a><\/li>\n\t\t<li id=\"menu-item-1038\" class=\"menu-item menu-item-type-post_type menu-item-object-page menu-item-1038\"><a href=\"https:\/\/southbourneschool.co.uk\/pt\/english-courses\/adult-language-courses\/examination-courses\/\">Cursos para o Exame de Ingl\u00eas de Cambridge<\/a><\/li>\n\t<\/ul>\n<\/li>\n\t<li id=\"menu-item-618\" class=\"menu-item menu-item-type-post_type menu-item-object-page menu-item-has-children menu-item-618\"><a href=\"https:\/\/southbourneschool.co.uk\/pt\/english-courses\/junior-language-courses\/\">Cursos de ingl\u00eas para jovens<\/a>\n\t<ul class=\"sub-menu\">\n\t\t<li id=\"menu-item-633\" class=\"menu-item menu-item-type-post_type menu-item-object-page menu-item-633\"><a href=\"https:\/\/southbourneschool.co.uk\/pt\/english-courses\/junior-language-courses\/summer-courses\/\">Cursos de Ingl\u00eas de ver\u00e3o para Jovens (9-15 anos)<\/a><\/li>\n\t\t<li id=\"menu-item-1055\" class=\"menu-item menu-item-type-post_type menu-item-object-page menu-item-1055\"><a href=\"https:\/\/southbourneschool.co.uk\/pt\/english-courses\/junior-language-courses\/year-round-group-courses\/\">Cursos de ingl\u00eas em grupo (durante todo o ano)<\/a><\/li>\n\t<\/ul>\n<\/li>\n\t<li id=\"menu-item-647\" class=\"menu-item menu-item-type-post_type menu-item-object-page menu-item-647\"><a href=\"https:\/\/southbourneschool.co.uk\/pt\/english-courses\/guide-to-levels\/\">Guia de n\u00edveis<\/a><\/li>\n<\/ul>\n<\/li>\n<\/ul><\/div><\/div><\/div><\/div><\/div><\/div><\/div>","protected":false},"excerpt":{"rendered":"Cursos de Ingl\u00eas para Crian\u00e7as (9-15 anos) Oferecemos cursos de ingl\u00eas de alta qualidade para crian\u00e7as a partir de 9 anos (10 anos ou mais, caso seja necess\u00e1rio alojamento em casa de fam\u00edlia), acompanhadas por um l\u00edder de grupo. Os alunos podem estudar na nossa escola e ficar hospedados com uma fam\u00edlia anfitri\u00e3 durante as f\u00e9rias de ver\u00e3o. Prontos para&nbsp;<a href=\"https:\/\/southbourneschool.co.uk\/pt\/english-courses\/junior-language-courses\/\">...<\/a>","protected":false},"author":12312401,"featured_media":0,"parent":791,"menu_order":0,"comment_status":"closed","ping_status":"closed","template":"","meta":{"footnotes":""},"class_list":["post-611","page","type-page","status-publish","hentry","odd"],"yoast_head":"<!-- This site is optimized with the Yoast SEO plugin v27.3 - https:\/\/yoast.com\/product\/yoast-seo-wordpress\/ -->\n<title>Junior English Courses in Bournemouth - Southbourne School of English<\/title>\n<meta name=\"description\" content=\"Our Junior English courses in Bournemouth are for students aged between 9 and 16 during the summer season and includes a fun activity programme!\" \/>\n<meta name=\"robots\" content=\"index, follow, max-snippet:-1, max-image-preview:large, max-video-preview:-1\" \/>\n<link rel=\"canonical\" href=\"https:\/\/southbourneschool.co.uk\/pt\/cursos-de-ingles\/cursos-de-idiomas-para-juniores\/\" \/>\n<meta property=\"og:locale\" content=\"pt_PT\" \/>\n<meta property=\"og:type\" content=\"article\" \/>\n<meta property=\"og:title\" content=\"Junior English Courses in Bournemouth - Southbourne School of English\" \/>\n<meta property=\"og:description\" content=\"Our Junior English courses in Bournemouth are for students aged between 9 and 16 during the summer season and includes a fun activity programme!\" \/>\n<meta property=\"og:url\" content=\"https:\/\/southbourneschool.co.uk\/pt\/cursos-de-ingles\/cursos-de-idiomas-para-juniores\/\" \/>\n<meta property=\"og:site_name\" content=\"Southbourne School of English\" \/>\n<meta property=\"article:publisher\" content=\"https:\/\/www.facebook.com\/SouthbourneSchool\/\" \/>\n<meta property=\"article:modified_time\" content=\"2026-03-03T10:18:16+00:00\" \/>\n<meta property=\"og:image\" content=\"https:\/\/southbourneschool.co.uk\/wp-content\/uploads\/2025\/10\/Junior-summer-timetable-2026.png\" \/>\n\t<meta property=\"og:image:width\" content=\"1512\" \/>\n\t<meta property=\"og:image:height\" content=\"722\" \/>\n\t<meta property=\"og:image:type\" content=\"image\/png\" \/>\n<meta name=\"twitter:card\" content=\"summary_large_image\" \/>\n<meta name=\"twitter:site\" content=\"@SouthbourneSofE\" \/>\n<meta name=\"twitter:label1\" content=\"Tempo estimado de leitura\" \/>\n\t<meta name=\"twitter:data1\" content=\"2 minutos\" \/>\n<script type=\"application\/ld+json\" class=\"yoast-schema-graph\">{\"@context\":\"https:\\\/\\\/schema.org\",\"@graph\":[{\"@type\":\"WebPage\",\"@id\":\"https:\\\/\\\/southbourneschool.co.uk\\\/english-courses\\\/junior-language-courses\\\/\",\"url\":\"https:\\\/\\\/southbourneschool.co.uk\\\/english-courses\\\/junior-language-courses\\\/\",\"name\":\"Junior English Courses in Bournemouth - Southbourne School of English\",\"isPartOf\":{\"@id\":\"https:\\\/\\\/southbourneschool.co.uk\\\/#website\"},\"primaryImageOfPage\":{\"@id\":\"https:\\\/\\\/southbourneschool.co.uk\\\/english-courses\\\/junior-language-courses\\\/#primaryimage\"},\"image\":{\"@id\":\"https:\\\/\\\/southbourneschool.co.uk\\\/english-courses\\\/junior-language-courses\\\/#primaryimage\"},\"thumbnailUrl\":\"https:\\\/\\\/southbourneschool.co.uk\\\/wp-content\\\/uploads\\\/2025\\\/10\\\/Junior-summer-timetable-2026.png\",\"datePublished\":\"2018-08-16T12:03:22+00:00\",\"dateModified\":\"2026-03-03T10:18:16+00:00\",\"description\":\"Our Junior English courses in Bournemouth are for students aged between 9 and 16 during the summer season and includes a fun activity programme!\",\"breadcrumb\":{\"@id\":\"https:\\\/\\\/southbourneschool.co.uk\\\/english-courses\\\/junior-language-courses\\\/#breadcrumb\"},\"inLanguage\":\"pt-PT\",\"potentialAction\":[{\"@type\":\"ReadAction\",\"target\":[\"https:\\\/\\\/southbourneschool.co.uk\\\/english-courses\\\/junior-language-courses\\\/\"]}]},{\"@type\":\"ImageObject\",\"inLanguage\":\"pt-PT\",\"@id\":\"https:\\\/\\\/southbourneschool.co.uk\\\/english-courses\\\/junior-language-courses\\\/#primaryimage\",\"url\":\"https:\\\/\\\/southbourneschool.co.uk\\\/wp-content\\\/uploads\\\/2025\\\/10\\\/Junior-summer-timetable-2026.png\",\"contentUrl\":\"https:\\\/\\\/southbourneschool.co.uk\\\/wp-content\\\/uploads\\\/2025\\\/10\\\/Junior-summer-timetable-2026.png\"},{\"@type\":\"BreadcrumbList\",\"@id\":\"https:\\\/\\\/southbourneschool.co.uk\\\/english-courses\\\/junior-language-courses\\\/#breadcrumb\",\"itemListElement\":[{\"@type\":\"ListItem\",\"position\":1,\"name\":\"Home\",\"item\":\"https:\\\/\\\/southbourneschool.co.uk\\\/\"},{\"@type\":\"ListItem\",\"position\":2,\"name\":\"English Courses\",\"item\":\"https:\\\/\\\/southbourneschool.co.uk\\\/english-courses\\\/\"},{\"@type\":\"ListItem\",\"position\":3,\"name\":\"Junior English Courses\"}]},{\"@type\":\"WebSite\",\"@id\":\"https:\\\/\\\/southbourneschool.co.uk\\\/#website\",\"url\":\"https:\\\/\\\/southbourneschool.co.uk\\\/\",\"name\":\"Southbourne School of English\",\"description\":\"We make learning English fun. A language school in Bournemouth, ideally located by the sea in a suburb of Bournemouth called Southbourne, one of the UK\u2019s most popular locations for international students.\",\"publisher\":{\"@id\":\"https:\\\/\\\/southbourneschool.co.uk\\\/#organization\"},\"potentialAction\":[{\"@type\":\"SearchAction\",\"target\":{\"@type\":\"EntryPoint\",\"urlTemplate\":\"https:\\\/\\\/southbourneschool.co.uk\\\/?s={search_term_string}\"},\"query-input\":{\"@type\":\"PropertyValueSpecification\",\"valueRequired\":true,\"valueName\":\"search_term_string\"}}],\"inLanguage\":\"pt-PT\"},{\"@type\":\"Organization\",\"@id\":\"https:\\\/\\\/southbourneschool.co.uk\\\/#organization\",\"name\":\"Southbourne School of English\",\"alternateName\":\"SSE\",\"url\":\"https:\\\/\\\/southbourneschool.co.uk\\\/\",\"logo\":{\"@type\":\"ImageObject\",\"inLanguage\":\"pt-PT\",\"@id\":\"https:\\\/\\\/southbourneschool.co.uk\\\/#\\\/schema\\\/logo\\\/image\\\/\",\"url\":\"https:\\\/\\\/southbourneschool.co.uk\\\/wp-content\\\/uploads\\\/2026\\\/01\\\/SSE-60-Year-Anniversary-Logo.png\",\"contentUrl\":\"https:\\\/\\\/southbourneschool.co.uk\\\/wp-content\\\/uploads\\\/2026\\\/01\\\/SSE-60-Year-Anniversary-Logo.png\",\"width\":1964,\"height\":1965,\"caption\":\"Southbourne School of English\"},\"image\":{\"@id\":\"https:\\\/\\\/southbourneschool.co.uk\\\/#\\\/schema\\\/logo\\\/image\\\/\"},\"sameAs\":[\"https:\\\/\\\/www.facebook.com\\\/SouthbourneSchool\\\/\",\"https:\\\/\\\/x.com\\\/SouthbourneSofE\",\"https:\\\/\\\/www.instagram.com\\\/southbourneschoolofenglish\\\/\",\"https:\\\/\\\/www.tiktok.com\\\/@southbourne\",\"https:\\\/\\\/www.youtube.com\\\/@southbourneschoolofenglish4522\"]}]}<\/script>\n<!-- \/ Yoast SEO plugin. -->","yoast_head_json":{"title":"Cursos de Ingl\u00eas para Jovens em Bournemouth - Southbourne School of English","description":"Nossos cursos de ingl\u00eas para jovens em Bournemouth s\u00e3o para alunos entre 9 e 16 anos durante o ver\u00e3o e incluem um programa de atividades divertidas!","robots":{"index":"index","follow":"follow","max-snippet":"max-snippet:-1","max-image-preview":"max-image-preview:large","max-video-preview":"max-video-preview:-1"},"canonical":"https:\/\/southbourneschool.co.uk\/pt\/cursos-de-ingles\/cursos-de-idiomas-para-juniores\/","og_locale":"pt_PT","og_type":"article","og_title":"Junior English Courses in Bournemouth - Southbourne School of English","og_description":"Our Junior English courses in Bournemouth are for students aged between 9 and 16 during the summer season and includes a fun activity programme!","og_url":"https:\/\/southbourneschool.co.uk\/pt\/cursos-de-ingles\/cursos-de-idiomas-para-juniores\/","og_site_name":"Southbourne School of English","article_publisher":"https:\/\/www.facebook.com\/SouthbourneSchool\/","article_modified_time":"2026-03-03T10:18:16+00:00","og_image":[{"width":1512,"height":722,"url":"https:\/\/southbourneschool.co.uk\/wp-content\/uploads\/2025\/10\/Junior-summer-timetable-2026.png","type":"image\/png"}],"twitter_card":"summary_large_image","twitter_site":"@SouthbourneSofE","twitter_misc":{"Tempo estimado de leitura":"2 minutos"},"schema":{"@context":"https:\/\/schema.org","@graph":[{"@type":"WebPage","@id":"https:\/\/southbourneschool.co.uk\/english-courses\/junior-language-courses\/","url":"https:\/\/southbourneschool.co.uk\/english-courses\/junior-language-courses\/","name":"Cursos de Ingl\u00eas para Jovens em Bournemouth - Southbourne School of English","isPartOf":{"@id":"https:\/\/southbourneschool.co.uk\/#website"},"primaryImageOfPage":{"@id":"https:\/\/southbourneschool.co.uk\/english-courses\/junior-language-courses\/#primaryimage"},"image":{"@id":"https:\/\/southbourneschool.co.uk\/english-courses\/junior-language-courses\/#primaryimage"},"thumbnailUrl":"https:\/\/southbourneschool.co.uk\/wp-content\/uploads\/2025\/10\/Junior-summer-timetable-2026.png","datePublished":"2018-08-16T12:03:22+00:00","dateModified":"2026-03-03T10:18:16+00:00","description":"Nossos cursos de ingl\u00eas para jovens em Bournemouth s\u00e3o para alunos entre 9 e 16 anos durante o ver\u00e3o e incluem um programa de atividades divertidas!","breadcrumb":{"@id":"https:\/\/southbourneschool.co.uk\/english-courses\/junior-language-courses\/#breadcrumb"},"inLanguage":"pt-PT","potentialAction":[{"@type":"ReadAction","target":["https:\/\/southbourneschool.co.uk\/english-courses\/junior-language-courses\/"]}]},{"@type":"ImageObject","inLanguage":"pt-PT","@id":"https:\/\/southbourneschool.co.uk\/english-courses\/junior-language-courses\/#primaryimage","url":"https:\/\/southbourneschool.co.uk\/wp-content\/uploads\/2025\/10\/Junior-summer-timetable-2026.png","contentUrl":"https:\/\/southbourneschool.co.uk\/wp-content\/uploads\/2025\/10\/Junior-summer-timetable-2026.png"},{"@type":"BreadcrumbList","@id":"https:\/\/southbourneschool.co.uk\/english-courses\/junior-language-courses\/#breadcrumb","itemListElement":[{"@type":"ListItem","position":1,"name":"Home","item":"https:\/\/southbourneschool.co.uk\/"},{"@type":"ListItem","position":2,"name":"English Courses","item":"https:\/\/southbourneschool.co.uk\/english-courses\/"},{"@type":"ListItem","position":3,"name":"Junior English Courses"}]},{"@type":"WebSite","@id":"https:\/\/southbourneschool.co.uk\/#website","url":"https:\/\/southbourneschool.co.uk\/","name":"Escola de Ingl\u00eas de Southbourne","description":"Tornamos a aprendizagem do ingl\u00eas divertida. Uma escola de l\u00ednguas em Bournemouth, idealmente localizada junto ao mar, num sub\u00farbio de Bournemouth chamado Southbourne, um dos locais mais populares do Reino Unido para estudantes internacionais.","publisher":{"@id":"https:\/\/southbourneschool.co.uk\/#organization"},"potentialAction":[{"@type":"SearchAction","target":{"@type":"EntryPoint","urlTemplate":"https:\/\/southbourneschool.co.uk\/?s={search_term_string}"},"query-input":{"@type":"PropertyValueSpecification","valueRequired":true,"valueName":"search_term_string"}}],"inLanguage":"pt-PT"},{"@type":"Organization","@id":"https:\/\/southbourneschool.co.uk\/#organization","name":"Escola de Ingl\u00eas de Southbourne","alternateName":"SSE","url":"https:\/\/southbourneschool.co.uk\/","logo":{"@type":"ImageObject","inLanguage":"pt-PT","@id":"https:\/\/southbourneschool.co.uk\/#\/schema\/logo\/image\/","url":"https:\/\/southbourneschool.co.uk\/wp-content\/uploads\/2026\/01\/SSE-60-Year-Anniversary-Logo.png","contentUrl":"https:\/\/southbourneschool.co.uk\/wp-content\/uploads\/2026\/01\/SSE-60-Year-Anniversary-Logo.png","width":1964,"height":1965,"caption":"Southbourne School of English"},"image":{"@id":"https:\/\/southbourneschool.co.uk\/#\/schema\/logo\/image\/"},"sameAs":["https:\/\/www.facebook.com\/SouthbourneSchool\/","https:\/\/x.com\/SouthbourneSofE","https:\/\/www.instagram.com\/southbourneschoolofenglish\/","https:\/\/www.tiktok.com\/@southbourne","https:\/\/www.youtube.com\/@southbourneschoolofenglish4522"]}]}},"featured_image_src":null,"featured_image_src_square":null,"_links":{"self":[{"href":"https:\/\/southbourneschool.co.uk\/pt\/wp-json\/wp\/v2\/pages\/611","targetHints":{"allow":["GET"]}}],"collection":[{"href":"https:\/\/southbourneschool.co.uk\/pt\/wp-json\/wp\/v2\/pages"}],"about":[{"href":"https:\/\/southbourneschool.co.uk\/pt\/wp-json\/wp\/v2\/types\/page"}],"author":[{"embeddable":true,"href":"https:\/\/southbourneschool.co.uk\/pt\/wp-json\/wp\/v2\/users\/12312401"}],"replies":[{"embeddable":true,"href":"https:\/\/southbourneschool.co.uk\/pt\/wp-json\/wp\/v2\/comments?post=611"}],"version-history":[{"count":0,"href":"https:\/\/southbourneschool.co.uk\/pt\/wp-json\/wp\/v2\/pages\/611\/revisions"}],"up":[{"embeddable":true,"href":"https:\/\/southbourneschool.co.uk\/pt\/wp-json\/wp\/v2\/pages\/791"}],"wp:attachment":[{"href":"https:\/\/southbourneschool.co.uk\/pt\/wp-json\/wp\/v2\/media?parent=611"}],"curies":[{"name":"wp","href":"https:\/\/api.w.org\/{rel}","templated":true}]}}