{"id":672,"date":"2018-08-16T15:29:39","date_gmt":"2018-08-16T14:29:39","guid":{"rendered":"https:\/\/southbournese.wpengine.com\/?page_id=672"},"modified":"2025-10-08T15:33:31","modified_gmt":"2025-10-08T14:33:31","slug":"viajando-para-a-gra-bretanha","status":"publish","type":"page","link":"https:\/\/southbourneschool.co.uk\/pt\/studying-in-bournemouth\/travelling-to-britain\/","title":{"rendered":"Viajar para a Gr\u00e3-Bretanha"},"content":{"rendered":"<section data-vc-full-width=\"true\" data-vc-full-width-init=\"false\" data-vc-stretch-content=\"true\" class=\"vc_section vc_custom_1723113757416 vc_section-has-fill\"><\/section><div class=\"vc_row-full-width vc_clearfix\"><\/div><div class=\"vc_row wpb_row vc_row-fluid vc_custom_1532605005893\"><div class=\"wpb_column vc_column_container vc_col-sm-8\"><div class=\"vc_column-inner vc_custom_1534429877191\"><div class=\"wpb_wrapper\"><h1 style=\"text-align: left\" class=\"vc_custom_heading vc_custom_1534429314116\" >Viajar para a Gr\u00e3-Bretanha<\/h1><h4 style=\"text-align: left\" class=\"vc_custom_heading vc_custom_1539937626444\" >Para ajudar voc\u00ea a se preparar para sua estadia na Inglaterra, tentamos fornecer o m\u00e1ximo de informa\u00e7\u00f5es poss\u00edvel.<\/h4>\n\t<div class=\"wpb_text_column wpb_content_element  vc_custom_1723113849209\" >\n\t\t<div class=\"wpb_wrapper\">\n\t\t\t<h2>O que levar<\/h2>\n<p>Perguntamos aos nossos alunos o que eles gostariam de ter trazido para a Inglaterra para aproveitar ao m\u00e1ximo a estadia. Preparamos esta lista para dar algumas ideias.<\/p>\n<h3>Clima e vestu\u00e1rio<\/h3>\n<p>O clima no Reino Unido \u00e9 notoriamente inst\u00e1vel! Ent\u00e3o, esteja preparado.<\/p>\n<p>Pode ser bastante \u00famido e frio no inverno (aproximadamente de novembro a mar\u00e7o). Portanto, um casaco quente, chap\u00e9u, cachecol, luvas e um guarda-chuva s\u00e3o uma boa ideia. Provavelmente \u00e9 mais barato e f\u00e1cil comprar roupas quentes de inverno aqui do que no seu pa\u00eds de origem.<\/p>\n<p>O ver\u00e3o pode ser ocasionalmente chuvoso e nublado, mas geralmente \u00e9 agrad\u00e1vel e quente. Os dias s\u00e3o longos e o tempo permanece claro at\u00e9 tarde da noite.<\/p>\n\n\t\t<\/div>\n\t<\/div>\n<\/div><\/div><\/div><div class=\"wpb_column vc_column_container vc_col-sm-4 vc_hidden-xs\"><div class=\"vc_column-inner\"><div class=\"wpb_wrapper\"><div  class=\"vc_wp_custommenu wpb_content_element child-page-menu\"><div class=\"widget widget_nav_menu\"><div class=\"menu-studying-in-bournemouth-child-container\"><ul id=\"menu-studying-in-bournemouth-child\" class=\"menu\"><li id=\"menu-item-688\" class=\"menu-item menu-item-type-post_type menu-item-object-page menu-item-has-children menu-item-688 msm-top-level-item\"><a href=\"https:\/\/southbourneschool.co.uk\/pt\/studying-in-bournemouth\/\">Estudar em Bournemouth<\/a>\n<ul class=\"sub-menu\">\n\t<li id=\"menu-item-687\" class=\"menu-item menu-item-type-post_type menu-item-object-page menu-item-687\"><a href=\"https:\/\/southbourneschool.co.uk\/pt\/studying-in-bournemouth\/travelling-to-britain\/\">Viajar para a Gr\u00e3-Bretanha<\/a><\/li>\n\t<li id=\"menu-item-705\" class=\"menu-item menu-item-type-post_type menu-item-object-page menu-item-705\"><a href=\"https:\/\/southbourneschool.co.uk\/pt\/studying-in-bournemouth\/school-activities\/\">Actividades escolares<\/a><\/li>\n\t<li id=\"menu-item-704\" class=\"menu-item menu-item-type-post_type menu-item-object-page menu-item-704\"><a href=\"https:\/\/southbourneschool.co.uk\/pt\/studying-in-bournemouth\/our-location\/\">A nossa localiza\u00e7\u00e3o<\/a><\/li>\n\t<li id=\"menu-item-723\" class=\"menu-item menu-item-type-post_type menu-item-object-page menu-item-723\"><a href=\"https:\/\/southbourneschool.co.uk\/pt\/studying-in-bournemouth\/accommodation-welfare\/\">Alojamento e bem-estar<\/a><\/li>\n\t<li id=\"menu-item-729\" class=\"menu-item menu-item-type-post_type menu-item-object-page menu-item-729\"><a href=\"https:\/\/southbourneschool.co.uk\/pt\/studying-in-bournemouth\/accommodation-welfare\/homestay\/\">Alojamento em casa de fam\u00edlia<\/a><\/li>\n\t<li id=\"menu-item-733\" class=\"menu-item menu-item-type-post_type menu-item-object-page menu-item-733\"><a href=\"https:\/\/southbourneschool.co.uk\/pt\/studying-in-bournemouth\/accommodation-welfare\/guesthouses-hotels\/\">Pousadas e hot\u00e9is<\/a><\/li>\n<\/ul>\n<\/li>\n<\/ul><\/div><\/div><\/div><\/div><\/div><\/div><\/div><div class=\"vc_row wpb_row vc_row-fluid vc_custom_1490099324525 vc_column-gap-10\"><div class=\"wpb_column vc_column_container vc_col-sm-6\"><div class=\"vc_column-inner vc_custom_1534428781206\"><div class=\"wpb_wrapper\">\n\t<div  class=\"wpb_single_image wpb_content_element vc_align_center\">\n\t\t\n\t\t<figure class=\"wpb_wrapper vc_figure\">\n\t\t\t<div class=\"vc_single_image-wrapper   vc_box_border_grey\"><img loading=\"lazy\" decoding=\"async\" class=\"vc_single_image-img\" src=\"https:\/\/southbourneschool.co.uk\/wp-content\/uploads\/2024\/08\/iStock-1386266551-600x600.jpg\" width=\"600\" height=\"600\" alt=\"Mulher fazendo as malas.\" title=\"Mulher fazendo as malas.\" \/><\/div>\n\t\t<\/figure>\n\t<\/div>\n\n\t<div class=\"wpb_text_column wpb_content_element  vc_custom_1539937701033\" >\n\t\t<div class=\"wpb_wrapper\">\n\t\t\t<h3>Acess\u00f3rios e pequenos extras<\/h3>\n<ul>\n<li>Passaporte v\u00e1lido (com visto, se necess\u00e1rio). \u00c9 uma boa ideia levar uma fotoc\u00f3pia tamb\u00e9m.<\/li>\n<li>Moeda brit\u00e2nica. Cerca de \u00a3 250 devem ser suficientes para come\u00e7ar.<\/li>\n<li>Protetor solar.<\/li>\n<li>Carregadores para equipamentos el\u00e9tricos, como seu celular ou c\u00e2mera. E um adaptador para o Reino Unido - tr\u00eas pinos - 220-240 volts.<\/li>\n<li>Celular desbloqueado (vendemos chips na escola).<\/li>\n<li>Laptop\/Smartphone.<\/li>\n<li>Mochila escolar para livros e arquivos.<\/li>\n<li>Caderno.<\/li>\n<li>Canetas\/l\u00e1pis.<\/li>\n<li>Toalhas (cursos residenciais)<\/li>\n<\/ul>\n\n\t\t<\/div>\n\t<\/div>\n<\/div><\/div><\/div><div class=\"wpb_column vc_column_container vc_col-sm-6\"><div class=\"vc_column-inner\"><div class=\"wpb_wrapper\">\n\t<div class=\"wpb_text_column wpb_content_element  vc_custom_1723115208639\" >\n\t\t<div class=\"wpb_wrapper\">\n\t\t\t<h3>Sugest\u00f5es de roupas para uma visita de 2 semanas<\/h3>\n<ul>\n<li>Jeans \u2013 Eles s\u00e3o \u00fateis se estiver frio.<\/li>\n<li>Blusas\/camisas\/vestidos mais elegantes \u2013 Traga algo bonito para vestir em nossas atividades noturnas organizadas, discotecas e noites tem\u00e1ticas socioculturais.<\/li>\n<li>Cal\u00e7as que n\u00e3o sejam jeans \u2013 Cal\u00e7as jeans n\u00e3o s\u00e3o boas para chuva. Leve outra op\u00e7\u00e3o que seque mais r\u00e1pido.<\/li>\n<li>Traje de banho<\/li>\n<li>Camisetas de manga comprida \u2013 Para mant\u00ea-lo aquecido no inverno e proteg\u00ea-lo do sol no ver\u00e3o.<\/li>\n<li>Jaqueta imperme\u00e1vel \u2013 Leve ou dobr\u00e1vel, que n\u00e3o ocupe muito espa\u00e7o. Voc\u00ea pode coloc\u00e1-la na sua mochila para o caso de chuvas inesperadas.<\/li>\n<li>Tops sem mangas \u2013 Para usar por baixo de blusas de manga comprida no inverno e sozinhos no ver\u00e3o.<\/li>\n<li>1-2 roupas esportivas \u2013 Blusa com capuz, cal\u00e7a de moletom, shorts.<\/li>\n<li>Camisetas do dia a dia<\/li>\n<li>Cal\u00e7ados \u2013 T\u00eanis, Sapatos de couro, Chinelos.<\/li>\n<li>Fleece\/Su\u00e9ter\/Cardigan \u2013 Bom para dias ou noites mais frios.<\/li>\n<li>Shorts \u2013 Para os meses quentes de julho e agosto.<\/li>\n<li>Bon\u00e9\/Chap\u00e9u para a praia<\/li>\n<\/ul>\n\n\t\t<\/div>\n\t<\/div>\n\n\t<div  class=\"wpb_single_image wpb_content_element vc_align_center\">\n\t\t\n\t\t<figure class=\"wpb_wrapper vc_figure\">\n\t\t\t<div class=\"vc_single_image-wrapper   vc_box_border_grey\"><img loading=\"lazy\" decoding=\"async\" width=\"2120\" height=\"1414\" src=\"https:\/\/southbourneschool.co.uk\/wp-content\/uploads\/2024\/08\/iStock-1587648434.jpg\" class=\"vc_single_image-img attachment-full\" alt=\"Mulher com passaporte, smartphone e mala\" srcset=\"https:\/\/southbourneschool.co.uk\/wp-content\/uploads\/2024\/08\/iStock-1587648434.jpg 2120w, https:\/\/southbourneschool.co.uk\/wp-content\/uploads\/2024\/08\/iStock-1587648434-300x200.jpg 300w, https:\/\/southbourneschool.co.uk\/wp-content\/uploads\/2024\/08\/iStock-1587648434-1024x683.jpg 1024w, https:\/\/southbourneschool.co.uk\/wp-content\/uploads\/2024\/08\/iStock-1587648434-18x12.jpg 18w\" sizes=\"auto, (max-width: 2120px) 100vw, 2120px\" \/><\/div>\n\t\t<\/figure>\n\t<\/div>\n<\/div><\/div><\/div><\/div>","protected":false},"excerpt":{"rendered":"Travelling to BritainTo help prepare you for your stay in England we try to provide you with as much information as possible. What to Bring We asked our students what they wished they had brought to England to make the most of their stay. We\u2019ve&nbsp;<a href=\"https:\/\/southbourneschool.co.uk\/pt\/studying-in-bournemouth\/travelling-to-britain\/\">...<\/a>","protected":false},"author":12312401,"featured_media":3358,"parent":666,"menu_order":0,"comment_status":"closed","ping_status":"closed","template":"","meta":{"footnotes":""},"class_list":["post-672","page","type-page","status-publish","has-post-thumbnail","hentry","odd"],"yoast_head":"<!-- This site is optimized with the Yoast SEO plugin v27.5 - https:\/\/yoast.com\/product\/yoast-seo-wordpress\/ -->\n<title>Travelling to Britain - Guide - Southbourne School of English<\/title>\n<meta name=\"description\" content=\"To help prepare you for your stay in England, here is our guide on what to bring when you are planning to travel to Britain!\" \/>\n<meta name=\"robots\" content=\"index, follow, max-snippet:-1, max-image-preview:large, max-video-preview:-1\" \/>\n<link rel=\"canonical\" href=\"https:\/\/southbourneschool.co.uk\/pt\/estudando-em-bournemouth\/viajando-para-a-gra-bretanha\/\" \/>\n<meta property=\"og:locale\" content=\"pt_PT\" \/>\n<meta property=\"og:type\" content=\"article\" \/>\n<meta property=\"og:title\" content=\"Travelling to Britain - Guide - Southbourne School of English\" \/>\n<meta property=\"og:description\" content=\"To help prepare you for your stay in England, here is our guide on what to bring when you are planning to travel to Britain!\" \/>\n<meta property=\"og:url\" content=\"https:\/\/southbourneschool.co.uk\/pt\/estudando-em-bournemouth\/viajando-para-a-gra-bretanha\/\" \/>\n<meta property=\"og:site_name\" content=\"Southbourne School of English\" \/>\n<meta property=\"article:publisher\" content=\"https:\/\/www.facebook.com\/SouthbourneSchool\/\" \/>\n<meta property=\"article:modified_time\" content=\"2025-10-08T14:33:31+00:00\" \/>\n<meta property=\"og:image\" content=\"https:\/\/southbourneschool.co.uk\/wp-content\/uploads\/2024\/08\/iStock-1201478111-1024x683.jpg\" \/>\n\t<meta property=\"og:image:width\" content=\"1024\" \/>\n\t<meta property=\"og:image:height\" content=\"683\" \/>\n\t<meta property=\"og:image:type\" content=\"image\/jpeg\" \/>\n<meta name=\"twitter:card\" content=\"summary_large_image\" \/>\n<meta name=\"twitter:site\" content=\"@SouthbourneSofE\" \/>\n<meta name=\"twitter:label1\" content=\"Tempo estimado de leitura\" \/>\n\t<meta name=\"twitter:data1\" content=\"3 minutos\" \/>\n<script type=\"application\/ld+json\" class=\"yoast-schema-graph\">{\"@context\":\"https:\\\/\\\/schema.org\",\"@graph\":[{\"@type\":\"WebPage\",\"@id\":\"https:\\\/\\\/southbourneschool.co.uk\\\/studying-in-bournemouth\\\/travelling-to-britain\\\/\",\"url\":\"https:\\\/\\\/southbourneschool.co.uk\\\/studying-in-bournemouth\\\/travelling-to-britain\\\/\",\"name\":\"Travelling to Britain - Guide - Southbourne School of English\",\"isPartOf\":{\"@id\":\"https:\\\/\\\/southbourneschool.co.uk\\\/#website\"},\"primaryImageOfPage\":{\"@id\":\"https:\\\/\\\/southbourneschool.co.uk\\\/studying-in-bournemouth\\\/travelling-to-britain\\\/#primaryimage\"},\"image\":{\"@id\":\"https:\\\/\\\/southbourneschool.co.uk\\\/studying-in-bournemouth\\\/travelling-to-britain\\\/#primaryimage\"},\"thumbnailUrl\":\"https:\\\/\\\/southbourneschool.co.uk\\\/wp-content\\\/uploads\\\/2024\\\/08\\\/iStock-1201478111.jpg\",\"datePublished\":\"2018-08-16T14:29:39+00:00\",\"dateModified\":\"2025-10-08T14:33:31+00:00\",\"description\":\"To help prepare you for your stay in England, here is our guide on what to bring when you are planning to travel to Britain!\",\"breadcrumb\":{\"@id\":\"https:\\\/\\\/southbourneschool.co.uk\\\/studying-in-bournemouth\\\/travelling-to-britain\\\/#breadcrumb\"},\"inLanguage\":\"pt-PT\",\"potentialAction\":[{\"@type\":\"ReadAction\",\"target\":[\"https:\\\/\\\/southbourneschool.co.uk\\\/studying-in-bournemouth\\\/travelling-to-britain\\\/\"]}]},{\"@type\":\"ImageObject\",\"inLanguage\":\"pt-PT\",\"@id\":\"https:\\\/\\\/southbourneschool.co.uk\\\/studying-in-bournemouth\\\/travelling-to-britain\\\/#primaryimage\",\"url\":\"https:\\\/\\\/southbourneschool.co.uk\\\/wp-content\\\/uploads\\\/2024\\\/08\\\/iStock-1201478111.jpg\",\"contentUrl\":\"https:\\\/\\\/southbourneschool.co.uk\\\/wp-content\\\/uploads\\\/2024\\\/08\\\/iStock-1201478111.jpg\",\"width\":2121,\"height\":1414,\"caption\":\"A view of London from a commercial flight, with the towers of London's financial centre, the City of London visible below the wingtip, and Tower Bridge at the bottom of the image.\"},{\"@type\":\"BreadcrumbList\",\"@id\":\"https:\\\/\\\/southbourneschool.co.uk\\\/studying-in-bournemouth\\\/travelling-to-britain\\\/#breadcrumb\",\"itemListElement\":[{\"@type\":\"ListItem\",\"position\":1,\"name\":\"Home\",\"item\":\"https:\\\/\\\/southbourneschool.co.uk\\\/\"},{\"@type\":\"ListItem\",\"position\":2,\"name\":\"Studying in Bournemouth\",\"item\":\"https:\\\/\\\/southbourneschool.co.uk\\\/studying-in-bournemouth\\\/\"},{\"@type\":\"ListItem\",\"position\":3,\"name\":\"Travelling to Britain\"}]},{\"@type\":\"WebSite\",\"@id\":\"https:\\\/\\\/southbourneschool.co.uk\\\/#website\",\"url\":\"https:\\\/\\\/southbourneschool.co.uk\\\/\",\"name\":\"Southbourne School of English\",\"description\":\"We make learning English fun. A language school in Bournemouth, ideally located by the sea in a suburb of Bournemouth called Southbourne, one of the UK\u2019s most popular locations for international students.\",\"publisher\":{\"@id\":\"https:\\\/\\\/southbourneschool.co.uk\\\/#organization\"},\"potentialAction\":[{\"@type\":\"SearchAction\",\"target\":{\"@type\":\"EntryPoint\",\"urlTemplate\":\"https:\\\/\\\/southbourneschool.co.uk\\\/?s={search_term_string}\"},\"query-input\":{\"@type\":\"PropertyValueSpecification\",\"valueRequired\":true,\"valueName\":\"search_term_string\"}}],\"inLanguage\":\"pt-PT\"},{\"@type\":\"Organization\",\"@id\":\"https:\\\/\\\/southbourneschool.co.uk\\\/#organization\",\"name\":\"Southbourne School of English\",\"alternateName\":\"SSE\",\"url\":\"https:\\\/\\\/southbourneschool.co.uk\\\/\",\"logo\":{\"@type\":\"ImageObject\",\"inLanguage\":\"pt-PT\",\"@id\":\"https:\\\/\\\/southbourneschool.co.uk\\\/#\\\/schema\\\/logo\\\/image\\\/\",\"url\":\"https:\\\/\\\/southbourneschool.co.uk\\\/wp-content\\\/uploads\\\/2026\\\/01\\\/SSE-60-Year-Anniversary-Logo.png\",\"contentUrl\":\"https:\\\/\\\/southbourneschool.co.uk\\\/wp-content\\\/uploads\\\/2026\\\/01\\\/SSE-60-Year-Anniversary-Logo.png\",\"width\":1964,\"height\":1965,\"caption\":\"Southbourne School of English\"},\"image\":{\"@id\":\"https:\\\/\\\/southbourneschool.co.uk\\\/#\\\/schema\\\/logo\\\/image\\\/\"},\"sameAs\":[\"https:\\\/\\\/www.facebook.com\\\/SouthbourneSchool\\\/\",\"https:\\\/\\\/x.com\\\/SouthbourneSofE\",\"https:\\\/\\\/www.instagram.com\\\/southbourneschoolofenglish\\\/\",\"https:\\\/\\\/www.tiktok.com\\\/@southbourne\",\"https:\\\/\\\/www.youtube.com\\\/@southbourneschoolofenglish4522\"]}]}<\/script>\n<!-- \/ Yoast SEO plugin. -->","yoast_head_json":{"title":"Viajando para a Gr\u00e3-Bretanha - Guia - Southbourne School of English","description":"Para ajudar voc\u00ea a se preparar para sua estadia na Inglaterra, aqui est\u00e1 nosso guia sobre o que levar quando estiver planejando viajar para a Gr\u00e3-Bretanha!","robots":{"index":"index","follow":"follow","max-snippet":"max-snippet:-1","max-image-preview":"max-image-preview:large","max-video-preview":"max-video-preview:-1"},"canonical":"https:\/\/southbourneschool.co.uk\/pt\/estudando-em-bournemouth\/viajando-para-a-gra-bretanha\/","og_locale":"pt_PT","og_type":"article","og_title":"Travelling to Britain - Guide - Southbourne School of English","og_description":"To help prepare you for your stay in England, here is our guide on what to bring when you are planning to travel to Britain!","og_url":"https:\/\/southbourneschool.co.uk\/pt\/estudando-em-bournemouth\/viajando-para-a-gra-bretanha\/","og_site_name":"Southbourne School of English","article_publisher":"https:\/\/www.facebook.com\/SouthbourneSchool\/","article_modified_time":"2025-10-08T14:33:31+00:00","og_image":[{"width":1024,"height":683,"url":"https:\/\/southbourneschool.co.uk\/wp-content\/uploads\/2024\/08\/iStock-1201478111-1024x683.jpg","type":"image\/jpeg"}],"twitter_card":"summary_large_image","twitter_site":"@SouthbourneSofE","twitter_misc":{"Tempo estimado de leitura":"3 minutos"},"schema":{"@context":"https:\/\/schema.org","@graph":[{"@type":"WebPage","@id":"https:\/\/southbourneschool.co.uk\/studying-in-bournemouth\/travelling-to-britain\/","url":"https:\/\/southbourneschool.co.uk\/studying-in-bournemouth\/travelling-to-britain\/","name":"Viajando para a Gr\u00e3-Bretanha - Guia - Southbourne School of English","isPartOf":{"@id":"https:\/\/southbourneschool.co.uk\/#website"},"primaryImageOfPage":{"@id":"https:\/\/southbourneschool.co.uk\/studying-in-bournemouth\/travelling-to-britain\/#primaryimage"},"image":{"@id":"https:\/\/southbourneschool.co.uk\/studying-in-bournemouth\/travelling-to-britain\/#primaryimage"},"thumbnailUrl":"https:\/\/southbourneschool.co.uk\/wp-content\/uploads\/2024\/08\/iStock-1201478111.jpg","datePublished":"2018-08-16T14:29:39+00:00","dateModified":"2025-10-08T14:33:31+00:00","description":"Para ajudar voc\u00ea a se preparar para sua estadia na Inglaterra, aqui est\u00e1 nosso guia sobre o que levar quando estiver planejando viajar para a Gr\u00e3-Bretanha!","breadcrumb":{"@id":"https:\/\/southbourneschool.co.uk\/studying-in-bournemouth\/travelling-to-britain\/#breadcrumb"},"inLanguage":"pt-PT","potentialAction":[{"@type":"ReadAction","target":["https:\/\/southbourneschool.co.uk\/studying-in-bournemouth\/travelling-to-britain\/"]}]},{"@type":"ImageObject","inLanguage":"pt-PT","@id":"https:\/\/southbourneschool.co.uk\/studying-in-bournemouth\/travelling-to-britain\/#primaryimage","url":"https:\/\/southbourneschool.co.uk\/wp-content\/uploads\/2024\/08\/iStock-1201478111.jpg","contentUrl":"https:\/\/southbourneschool.co.uk\/wp-content\/uploads\/2024\/08\/iStock-1201478111.jpg","width":2121,"height":1414,"caption":"A view of London from a commercial flight, with the towers of London's financial centre, the City of London visible below the wingtip, and Tower Bridge at the bottom of the image."},{"@type":"BreadcrumbList","@id":"https:\/\/southbourneschool.co.uk\/studying-in-bournemouth\/travelling-to-britain\/#breadcrumb","itemListElement":[{"@type":"ListItem","position":1,"name":"Home","item":"https:\/\/southbourneschool.co.uk\/"},{"@type":"ListItem","position":2,"name":"Studying in Bournemouth","item":"https:\/\/southbourneschool.co.uk\/studying-in-bournemouth\/"},{"@type":"ListItem","position":3,"name":"Travelling to Britain"}]},{"@type":"WebSite","@id":"https:\/\/southbourneschool.co.uk\/#website","url":"https:\/\/southbourneschool.co.uk\/","name":"Escola de Ingl\u00eas de Southbourne","description":"Tornamos a aprendizagem do ingl\u00eas divertida. Uma escola de l\u00ednguas em Bournemouth, idealmente localizada junto ao mar, num sub\u00farbio de Bournemouth chamado Southbourne, um dos locais mais populares do Reino Unido para estudantes internacionais.","publisher":{"@id":"https:\/\/southbourneschool.co.uk\/#organization"},"potentialAction":[{"@type":"SearchAction","target":{"@type":"EntryPoint","urlTemplate":"https:\/\/southbourneschool.co.uk\/?s={search_term_string}"},"query-input":{"@type":"PropertyValueSpecification","valueRequired":true,"valueName":"search_term_string"}}],"inLanguage":"pt-PT"},{"@type":"Organization","@id":"https:\/\/southbourneschool.co.uk\/#organization","name":"Escola de Ingl\u00eas de Southbourne","alternateName":"SSE","url":"https:\/\/southbourneschool.co.uk\/","logo":{"@type":"ImageObject","inLanguage":"pt-PT","@id":"https:\/\/southbourneschool.co.uk\/#\/schema\/logo\/image\/","url":"https:\/\/southbourneschool.co.uk\/wp-content\/uploads\/2026\/01\/SSE-60-Year-Anniversary-Logo.png","contentUrl":"https:\/\/southbourneschool.co.uk\/wp-content\/uploads\/2026\/01\/SSE-60-Year-Anniversary-Logo.png","width":1964,"height":1965,"caption":"Southbourne School of English"},"image":{"@id":"https:\/\/southbourneschool.co.uk\/#\/schema\/logo\/image\/"},"sameAs":["https:\/\/www.facebook.com\/SouthbourneSchool\/","https:\/\/x.com\/SouthbourneSofE","https:\/\/www.instagram.com\/southbourneschoolofenglish\/","https:\/\/www.tiktok.com\/@southbourne","https:\/\/www.youtube.com\/@southbourneschoolofenglish4522"]}]}},"featured_image_src":"https:\/\/southbourneschool.co.uk\/wp-content\/uploads\/2024\/08\/iStock-1201478111-600x400.jpg","featured_image_src_square":"https:\/\/southbourneschool.co.uk\/wp-content\/uploads\/2024\/08\/iStock-1201478111-600x600.jpg","_links":{"self":[{"href":"https:\/\/southbourneschool.co.uk\/pt\/wp-json\/wp\/v2\/pages\/672","targetHints":{"allow":["GET"]}}],"collection":[{"href":"https:\/\/southbourneschool.co.uk\/pt\/wp-json\/wp\/v2\/pages"}],"about":[{"href":"https:\/\/southbourneschool.co.uk\/pt\/wp-json\/wp\/v2\/types\/page"}],"author":[{"embeddable":true,"href":"https:\/\/southbourneschool.co.uk\/pt\/wp-json\/wp\/v2\/users\/12312401"}],"replies":[{"embeddable":true,"href":"https:\/\/southbourneschool.co.uk\/pt\/wp-json\/wp\/v2\/comments?post=672"}],"version-history":[{"count":0,"href":"https:\/\/southbourneschool.co.uk\/pt\/wp-json\/wp\/v2\/pages\/672\/revisions"}],"up":[{"embeddable":true,"href":"https:\/\/southbourneschool.co.uk\/pt\/wp-json\/wp\/v2\/pages\/666"}],"wp:featuredmedia":[{"embeddable":true,"href":"https:\/\/southbourneschool.co.uk\/pt\/wp-json\/wp\/v2\/media\/3358"}],"wp:attachment":[{"href":"https:\/\/southbourneschool.co.uk\/pt\/wp-json\/wp\/v2\/media?parent=672"}],"curies":[{"name":"wp","href":"https:\/\/api.w.org\/{rel}","templated":true}]}}