{"id":699,"date":"2018-08-16T15:53:16","date_gmt":"2018-08-16T14:53:16","guid":{"rendered":"https:\/\/southbournese.wpengine.com\/?page_id=699"},"modified":"2025-03-05T15:45:58","modified_gmt":"2025-03-05T15:45:58","slug":"nossa-localizacao","status":"publish","type":"page","link":"https:\/\/southbourneschool.co.uk\/pt\/studying-in-bournemouth\/our-location\/","title":{"rendered":"A nossa localiza\u00e7\u00e3o"},"content":{"rendered":"<section data-vc-full-width=\"true\" data-vc-full-width-init=\"false\" data-vc-stretch-content=\"true\" class=\"vc_section vc_custom_1723040184766 vc_section-has-fill\"><\/section><div class=\"vc_row-full-width vc_clearfix\"><\/div><div class=\"vc_row wpb_row vc_row-fluid vc_custom_1532605005893\"><div class=\"wpb_column vc_column_container vc_col-sm-7\"><div class=\"vc_column-inner vc_custom_1540293215631\"><div class=\"wpb_wrapper\"><h1 style=\"text-align: left\" class=\"vc_custom_heading vc_custom_1534431092173\" >A nossa localiza\u00e7\u00e3o<\/h1><h4 style=\"text-align: left\" class=\"vc_custom_heading vc_custom_1708419476109\" >Bournemouth \u00e9 bem conectada e \u00e9 f\u00e1cil chegar \u00e0 nossa escola.<\/h4>\n\t<div class=\"wpb_text_column wpb_content_element  vc_custom_1741189552860\" >\n\t\t<div class=\"wpb_wrapper\">\n\t\t\t<h2>Por via a\u00e9rea<\/h2>\n<p>Nossos aeroportos locais, Bournemouth International e Southampton International, s\u00e3o facilmente acess\u00edveis. Um pouco mais distantes est\u00e3o todos os aeroportos de Londres: Gatwick, Heathrow, Stansted e Luton.<\/p>\n<h2>De trem ou \u00f4nibus<\/h2>\n<p>H\u00e1 excelentes conex\u00f5es de trem e \u00f4nibus entre todos os aeroportos. O servi\u00e7o de \u00f4nibus National Express oferece conex\u00f5es diretas para a esta\u00e7\u00e3o rodovi\u00e1ria e ferrovi\u00e1ria de Bournemouth. Voc\u00ea precisar\u00e1 ent\u00e3o pegar um t\u00e1xi ou \u00f4nibus da esta\u00e7\u00e3o at\u00e9 a Southbourne School.<\/p>\n<p>Para trens, visite este link: <a href=\"https:\/\/www.thetrainline.com\/\" target=\"_blank\" rel=\"noopener noreferrer\">Linha de trem<\/a><br \/>\nPara treinadores, visite este link: <a href=\"https:\/\/www.nationalexpress.com\/\" target=\"_blank\" rel=\"noopener noreferrer\">Expresso Nacional<\/a><\/p>\n<p>&nbsp;<\/p>\n<h2>Por Transfer\u00eancia Coletiva de F\u00e9rias<\/h2>\n<ul>\n<li>Chegada no domingo, somente no Aeroporto de Heathrow, todos os terminais \u00a3 150,00 por pessoa em cada sentido<\/li>\n<li>Heathrow \u2013 Escola (chegadas entre 10:00-17:00) Consulte as listas de pre\u00e7os dos cursos para as datas<\/li>\n<li>Escola \u2013 Heathrow (partidas entre 10:00-17:00) Consulte as listas de pre\u00e7os dos cursos para as datas<\/li>\n<li>Este tipo de traslado pode envolver uma espera SUPERVISIONADA POR NOSSA EQUIPE de aproximadamente 2\/3 horas dependendo dos hor\u00e1rios dos voos.<\/li>\n<\/ul>\n<h2>De t\u00e1xi<\/h2>\n<p>Se desejar, podemos providenciar um traslado de t\u00e1xi particular de qualquer um dos aeroportos mencionados acima. <a href=\"https:\/\/southbourneschool.co.uk\/wp-content\/uploads\/2024\/02\/Private-Taxi-Transfers.png\" target=\"_blank\" rel=\"noopener noreferrer\">Pre\u00e7os<\/a> variam dependendo do aeroporto escolhido. Viajar desta forma custa mais, mas \u00e9 a maneira mais simples de chegar a Southbourne.<\/p>\n<h2>Transfer\u00eancias<\/h2>\n<p>Podemos organizar traslados de t\u00e1xi de todos esses aeroportos. Para solicitar um t\u00e1xi ou obter mais informa\u00e7\u00f5es sobre como chegar \u00e0 escola, entre em contato conosco pelo e-mail <a href=\"mailto:registrar@southbourneschool.co.uk\">registrar@southbourneschool.co.uk<\/a>.<\/p>\n\n\t\t<\/div>\n\t<\/div>\n<\/div><\/div><\/div><div class=\"wpb_column vc_column_container vc_col-sm-4 vc_col-sm-offset-1 vc_hidden-xs\"><div class=\"vc_column-inner\"><div class=\"wpb_wrapper\"><div  class=\"vc_wp_custommenu wpb_content_element child-page-menu\"><div class=\"widget widget_nav_menu\"><div class=\"menu-studying-in-bournemouth-child-container\"><ul id=\"menu-studying-in-bournemouth-child\" class=\"menu\"><li id=\"menu-item-688\" class=\"menu-item menu-item-type-post_type menu-item-object-page menu-item-has-children menu-item-688 msm-top-level-item\"><a href=\"https:\/\/southbourneschool.co.uk\/pt\/studying-in-bournemouth\/\">Estudar em Bournemouth<\/a>\n<ul class=\"sub-menu\">\n\t<li id=\"menu-item-687\" class=\"menu-item menu-item-type-post_type menu-item-object-page menu-item-687\"><a href=\"https:\/\/southbourneschool.co.uk\/pt\/studying-in-bournemouth\/travelling-to-britain\/\">Viajar para a Gr\u00e3-Bretanha<\/a><\/li>\n\t<li id=\"menu-item-705\" class=\"menu-item menu-item-type-post_type menu-item-object-page menu-item-705\"><a href=\"https:\/\/southbourneschool.co.uk\/pt\/studying-in-bournemouth\/school-activities\/\">Actividades escolares<\/a><\/li>\n\t<li id=\"menu-item-704\" class=\"menu-item menu-item-type-post_type menu-item-object-page menu-item-704\"><a href=\"https:\/\/southbourneschool.co.uk\/pt\/studying-in-bournemouth\/our-location\/\">A nossa localiza\u00e7\u00e3o<\/a><\/li>\n\t<li id=\"menu-item-723\" class=\"menu-item menu-item-type-post_type menu-item-object-page menu-item-723\"><a href=\"https:\/\/southbourneschool.co.uk\/pt\/studying-in-bournemouth\/accommodation-welfare\/\">Alojamento e bem-estar<\/a><\/li>\n\t<li id=\"menu-item-729\" class=\"menu-item menu-item-type-post_type menu-item-object-page menu-item-729\"><a href=\"https:\/\/southbourneschool.co.uk\/pt\/studying-in-bournemouth\/accommodation-welfare\/homestay\/\">Alojamento em casa de fam\u00edlia<\/a><\/li>\n\t<li id=\"menu-item-733\" class=\"menu-item menu-item-type-post_type menu-item-object-page menu-item-733\"><a href=\"https:\/\/southbourneschool.co.uk\/pt\/studying-in-bournemouth\/accommodation-welfare\/guesthouses-hotels\/\">Pousadas e hot\u00e9is<\/a><\/li>\n<\/ul>\n<\/li>\n<\/ul><\/div><\/div><\/div><\/div><\/div><\/div><\/div>","protected":false},"excerpt":{"rendered":"Nossa localiza\u00e7\u00e3o: Bournemouth \u00e9 bem conectada e \u00e9 f\u00e1cil chegar \u00e0 nossa escola. De avi\u00e3o: Nossos aeroportos locais, Bournemouth International e Southampton International, s\u00e3o facilmente acess\u00edveis. Um pouco mais distantes est\u00e3o todos os aeroportos de Londres: Gatwick, Heathrow, Stansted e Luton. De trem ou \u00f4nibus.&nbsp;<a href=\"https:\/\/southbourneschool.co.uk\/pt\/studying-in-bournemouth\/our-location\/\">...<\/a>","protected":false},"author":12312401,"featured_media":0,"parent":666,"menu_order":0,"comment_status":"closed","ping_status":"closed","template":"","meta":{"footnotes":""},"class_list":["post-699","page","type-page","status-publish","hentry","odd"],"yoast_head":"<!-- This site is optimized with the Yoast SEO plugin v27.3 - https:\/\/yoast.com\/product\/yoast-seo-wordpress\/ -->\n<title>Our Location - Southbourne School of English<\/title>\n<meta name=\"description\" content=\"Bournemouth is very well connected. Our location, Southbourne School of English can be reached by air, train, coach, transfer or taxi.\" \/>\n<meta name=\"robots\" content=\"index, follow, max-snippet:-1, max-image-preview:large, max-video-preview:-1\" \/>\n<link rel=\"canonical\" href=\"https:\/\/southbourneschool.co.uk\/pt\/estudando-em-bournemouth\/nossa-localizacao\/\" \/>\n<meta property=\"og:locale\" content=\"pt_PT\" \/>\n<meta property=\"og:type\" content=\"article\" \/>\n<meta property=\"og:title\" content=\"Our Location - Southbourne School of English\" \/>\n<meta property=\"og:description\" content=\"Bournemouth is very well connected. Our location, Southbourne School of English can be reached by air, train, coach, transfer or taxi.\" \/>\n<meta property=\"og:url\" content=\"https:\/\/southbourneschool.co.uk\/pt\/estudando-em-bournemouth\/nossa-localizacao\/\" \/>\n<meta property=\"og:site_name\" content=\"Southbourne School of English\" \/>\n<meta property=\"article:publisher\" content=\"https:\/\/www.facebook.com\/SouthbourneSchool\/\" \/>\n<meta property=\"article:modified_time\" content=\"2025-03-05T15:45:58+00:00\" \/>\n<meta name=\"twitter:card\" content=\"summary_large_image\" \/>\n<meta name=\"twitter:site\" content=\"@SouthbourneSofE\" \/>\n<meta name=\"twitter:label1\" content=\"Tempo estimado de leitura\" \/>\n\t<meta name=\"twitter:data1\" content=\"2 minutos\" \/>\n<script type=\"application\/ld+json\" class=\"yoast-schema-graph\">{\"@context\":\"https:\\\/\\\/schema.org\",\"@graph\":[{\"@type\":\"WebPage\",\"@id\":\"https:\\\/\\\/southbourneschool.co.uk\\\/studying-in-bournemouth\\\/our-location\\\/\",\"url\":\"https:\\\/\\\/southbourneschool.co.uk\\\/studying-in-bournemouth\\\/our-location\\\/\",\"name\":\"Our Location - Southbourne School of English\",\"isPartOf\":{\"@id\":\"https:\\\/\\\/southbourneschool.co.uk\\\/#website\"},\"datePublished\":\"2018-08-16T14:53:16+00:00\",\"dateModified\":\"2025-03-05T15:45:58+00:00\",\"description\":\"Bournemouth is very well connected. Our location, Southbourne School of English can be reached by air, train, coach, transfer or taxi.\",\"breadcrumb\":{\"@id\":\"https:\\\/\\\/southbourneschool.co.uk\\\/studying-in-bournemouth\\\/our-location\\\/#breadcrumb\"},\"inLanguage\":\"pt-PT\",\"potentialAction\":[{\"@type\":\"ReadAction\",\"target\":[\"https:\\\/\\\/southbourneschool.co.uk\\\/studying-in-bournemouth\\\/our-location\\\/\"]}]},{\"@type\":\"BreadcrumbList\",\"@id\":\"https:\\\/\\\/southbourneschool.co.uk\\\/studying-in-bournemouth\\\/our-location\\\/#breadcrumb\",\"itemListElement\":[{\"@type\":\"ListItem\",\"position\":1,\"name\":\"Home\",\"item\":\"https:\\\/\\\/southbourneschool.co.uk\\\/\"},{\"@type\":\"ListItem\",\"position\":2,\"name\":\"Studying in Bournemouth\",\"item\":\"https:\\\/\\\/southbourneschool.co.uk\\\/studying-in-bournemouth\\\/\"},{\"@type\":\"ListItem\",\"position\":3,\"name\":\"Our Location\"}]},{\"@type\":\"WebSite\",\"@id\":\"https:\\\/\\\/southbourneschool.co.uk\\\/#website\",\"url\":\"https:\\\/\\\/southbourneschool.co.uk\\\/\",\"name\":\"Southbourne School of English\",\"description\":\"We make learning English fun. A language school in Bournemouth, ideally located by the sea in a suburb of Bournemouth called Southbourne, one of the UK\u2019s most popular locations for international students.\",\"publisher\":{\"@id\":\"https:\\\/\\\/southbourneschool.co.uk\\\/#organization\"},\"potentialAction\":[{\"@type\":\"SearchAction\",\"target\":{\"@type\":\"EntryPoint\",\"urlTemplate\":\"https:\\\/\\\/southbourneschool.co.uk\\\/?s={search_term_string}\"},\"query-input\":{\"@type\":\"PropertyValueSpecification\",\"valueRequired\":true,\"valueName\":\"search_term_string\"}}],\"inLanguage\":\"pt-PT\"},{\"@type\":\"Organization\",\"@id\":\"https:\\\/\\\/southbourneschool.co.uk\\\/#organization\",\"name\":\"Southbourne School of English\",\"alternateName\":\"SSE\",\"url\":\"https:\\\/\\\/southbourneschool.co.uk\\\/\",\"logo\":{\"@type\":\"ImageObject\",\"inLanguage\":\"pt-PT\",\"@id\":\"https:\\\/\\\/southbourneschool.co.uk\\\/#\\\/schema\\\/logo\\\/image\\\/\",\"url\":\"https:\\\/\\\/southbourneschool.co.uk\\\/wp-content\\\/uploads\\\/2026\\\/01\\\/SSE-60-Year-Anniversary-Logo.png\",\"contentUrl\":\"https:\\\/\\\/southbourneschool.co.uk\\\/wp-content\\\/uploads\\\/2026\\\/01\\\/SSE-60-Year-Anniversary-Logo.png\",\"width\":1964,\"height\":1965,\"caption\":\"Southbourne School of English\"},\"image\":{\"@id\":\"https:\\\/\\\/southbourneschool.co.uk\\\/#\\\/schema\\\/logo\\\/image\\\/\"},\"sameAs\":[\"https:\\\/\\\/www.facebook.com\\\/SouthbourneSchool\\\/\",\"https:\\\/\\\/x.com\\\/SouthbourneSofE\",\"https:\\\/\\\/www.instagram.com\\\/southbourneschoolofenglish\\\/\",\"https:\\\/\\\/www.tiktok.com\\\/@southbourne\",\"https:\\\/\\\/www.youtube.com\\\/@southbourneschoolofenglish4522\"]}]}<\/script>\n<!-- \/ Yoast SEO plugin. -->","yoast_head_json":{"title":"Nossa localiza\u00e7\u00e3o - Southbourne School of English","description":"Bournemouth \u00e9 muito bem conectada. Nossa escola, a Southbourne School of English, pode ser acessada por avi\u00e3o, trem, \u00f4nibus, transfer ou t\u00e1xi.","robots":{"index":"index","follow":"follow","max-snippet":"max-snippet:-1","max-image-preview":"max-image-preview:large","max-video-preview":"max-video-preview:-1"},"canonical":"https:\/\/southbourneschool.co.uk\/pt\/estudando-em-bournemouth\/nossa-localizacao\/","og_locale":"pt_PT","og_type":"article","og_title":"Our Location - Southbourne School of English","og_description":"Bournemouth is very well connected. Our location, Southbourne School of English can be reached by air, train, coach, transfer or taxi.","og_url":"https:\/\/southbourneschool.co.uk\/pt\/estudando-em-bournemouth\/nossa-localizacao\/","og_site_name":"Southbourne School of English","article_publisher":"https:\/\/www.facebook.com\/SouthbourneSchool\/","article_modified_time":"2025-03-05T15:45:58+00:00","twitter_card":"summary_large_image","twitter_site":"@SouthbourneSofE","twitter_misc":{"Tempo estimado de leitura":"2 minutos"},"schema":{"@context":"https:\/\/schema.org","@graph":[{"@type":"WebPage","@id":"https:\/\/southbourneschool.co.uk\/studying-in-bournemouth\/our-location\/","url":"https:\/\/southbourneschool.co.uk\/studying-in-bournemouth\/our-location\/","name":"Nossa localiza\u00e7\u00e3o - Southbourne School of English","isPartOf":{"@id":"https:\/\/southbourneschool.co.uk\/#website"},"datePublished":"2018-08-16T14:53:16+00:00","dateModified":"2025-03-05T15:45:58+00:00","description":"Bournemouth \u00e9 muito bem conectada. Nossa escola, a Southbourne School of English, pode ser acessada por avi\u00e3o, trem, \u00f4nibus, transfer ou t\u00e1xi.","breadcrumb":{"@id":"https:\/\/southbourneschool.co.uk\/studying-in-bournemouth\/our-location\/#breadcrumb"},"inLanguage":"pt-PT","potentialAction":[{"@type":"ReadAction","target":["https:\/\/southbourneschool.co.uk\/studying-in-bournemouth\/our-location\/"]}]},{"@type":"BreadcrumbList","@id":"https:\/\/southbourneschool.co.uk\/studying-in-bournemouth\/our-location\/#breadcrumb","itemListElement":[{"@type":"ListItem","position":1,"name":"Home","item":"https:\/\/southbourneschool.co.uk\/"},{"@type":"ListItem","position":2,"name":"Studying in Bournemouth","item":"https:\/\/southbourneschool.co.uk\/studying-in-bournemouth\/"},{"@type":"ListItem","position":3,"name":"Our Location"}]},{"@type":"WebSite","@id":"https:\/\/southbourneschool.co.uk\/#website","url":"https:\/\/southbourneschool.co.uk\/","name":"Escola de Ingl\u00eas de Southbourne","description":"Tornamos a aprendizagem do ingl\u00eas divertida. Uma escola de l\u00ednguas em Bournemouth, idealmente localizada junto ao mar, num sub\u00farbio de Bournemouth chamado Southbourne, um dos locais mais populares do Reino Unido para estudantes internacionais.","publisher":{"@id":"https:\/\/southbourneschool.co.uk\/#organization"},"potentialAction":[{"@type":"SearchAction","target":{"@type":"EntryPoint","urlTemplate":"https:\/\/southbourneschool.co.uk\/?s={search_term_string}"},"query-input":{"@type":"PropertyValueSpecification","valueRequired":true,"valueName":"search_term_string"}}],"inLanguage":"pt-PT"},{"@type":"Organization","@id":"https:\/\/southbourneschool.co.uk\/#organization","name":"Escola de Ingl\u00eas de Southbourne","alternateName":"SSE","url":"https:\/\/southbourneschool.co.uk\/","logo":{"@type":"ImageObject","inLanguage":"pt-PT","@id":"https:\/\/southbourneschool.co.uk\/#\/schema\/logo\/image\/","url":"https:\/\/southbourneschool.co.uk\/wp-content\/uploads\/2026\/01\/SSE-60-Year-Anniversary-Logo.png","contentUrl":"https:\/\/southbourneschool.co.uk\/wp-content\/uploads\/2026\/01\/SSE-60-Year-Anniversary-Logo.png","width":1964,"height":1965,"caption":"Southbourne School of English"},"image":{"@id":"https:\/\/southbourneschool.co.uk\/#\/schema\/logo\/image\/"},"sameAs":["https:\/\/www.facebook.com\/SouthbourneSchool\/","https:\/\/x.com\/SouthbourneSofE","https:\/\/www.instagram.com\/southbourneschoolofenglish\/","https:\/\/www.tiktok.com\/@southbourne","https:\/\/www.youtube.com\/@southbourneschoolofenglish4522"]}]}},"featured_image_src":null,"featured_image_src_square":null,"_links":{"self":[{"href":"https:\/\/southbourneschool.co.uk\/pt\/wp-json\/wp\/v2\/pages\/699","targetHints":{"allow":["GET"]}}],"collection":[{"href":"https:\/\/southbourneschool.co.uk\/pt\/wp-json\/wp\/v2\/pages"}],"about":[{"href":"https:\/\/southbourneschool.co.uk\/pt\/wp-json\/wp\/v2\/types\/page"}],"author":[{"embeddable":true,"href":"https:\/\/southbourneschool.co.uk\/pt\/wp-json\/wp\/v2\/users\/12312401"}],"replies":[{"embeddable":true,"href":"https:\/\/southbourneschool.co.uk\/pt\/wp-json\/wp\/v2\/comments?post=699"}],"version-history":[{"count":0,"href":"https:\/\/southbourneschool.co.uk\/pt\/wp-json\/wp\/v2\/pages\/699\/revisions"}],"up":[{"embeddable":true,"href":"https:\/\/southbourneschool.co.uk\/pt\/wp-json\/wp\/v2\/pages\/666"}],"wp:attachment":[{"href":"https:\/\/southbourneschool.co.uk\/pt\/wp-json\/wp\/v2\/media?parent=699"}],"curies":[{"name":"wp","href":"https:\/\/api.w.org\/{rel}","templated":true}]}}