{"id":706,"date":"2018-08-16T16:00:39","date_gmt":"2018-08-16T15:00:39","guid":{"rendered":"https:\/\/southbournese.wpengine.com\/?page_id=706"},"modified":"2024-10-16T15:50:47","modified_gmt":"2024-10-16T14:50:47","slug":"acomodacao-e-bem-estar","status":"publish","type":"page","link":"https:\/\/southbourneschool.co.uk\/pt\/studying-in-bournemouth\/accommodation-welfare\/","title":{"rendered":"Alojamento e bem-estar"},"content":{"rendered":"<section data-vc-full-width=\"true\" data-vc-full-width-init=\"false\" data-vc-stretch-content=\"true\" class=\"vc_section vc_custom_1723040277974 vc_section-has-fill\"><\/section><div class=\"vc_row-full-width vc_clearfix\"><\/div><div class=\"vc_row wpb_row vc_row-fluid vc_custom_1532605005893\"><div class=\"wpb_column vc_column_container vc_col-sm-8\"><div class=\"vc_column-inner vc_custom_1534429877191\"><div class=\"wpb_wrapper\"><h1 style=\"text-align: left\" class=\"vc_custom_heading vc_custom_1534431313579\" >Alojamento e bem-estar<\/h1><h4 style=\"text-align: left\" class=\"vc_custom_heading vc_custom_1712919193342\" >Queremos que nossos alunos sintam que est\u00e3o em um &quot;lar longe de casa&quot;.<\/h4>\n\t<div class=\"wpb_text_column wpb_content_element  vc_custom_1712919557153\" >\n\t\t<div class=\"wpb_wrapper\">\n\t\t\t<p>Queremos que a estadia dos alunos na Southbourne School of English seja o mais confort\u00e1vel e memor\u00e1vel poss\u00edvel. Ap\u00f3s as aulas, os alunos t\u00eam a oportunidade de passar um tempo com seus anfitri\u00f5es ou participar de atividades noturnas opcionais.<\/p>\n<p>Hospedagem em casa de fam\u00edlia \u00e9 uma op\u00e7\u00e3o muito popular entre os estudantes, pois faz uma grande diferen\u00e7a no aprendizado de ingl\u00eas e da cultura brit\u00e2nica.<\/p>\n<p>Nosso dedicado agente de acomoda\u00e7\u00e3o coloca alunos com 10 anos ou mais em acomoda\u00e7\u00f5es familiares, a uma curta dist\u00e2ncia da escola, seja a p\u00e9 ou a uma curta viagem de \u00f4nibus.<\/p>\n\n\t\t<\/div>\n\t<\/div>\n<\/div><\/div><\/div><div class=\"wpb_column vc_column_container vc_col-sm-4 vc_hidden-xs\"><div class=\"vc_column-inner\"><div class=\"wpb_wrapper\"><div  class=\"vc_wp_custommenu wpb_content_element child-page-menu\"><div class=\"widget widget_nav_menu\"><div class=\"menu-studying-in-bournemouth-child-container\"><ul id=\"menu-studying-in-bournemouth-child\" class=\"menu\"><li id=\"menu-item-688\" class=\"menu-item menu-item-type-post_type menu-item-object-page menu-item-has-children menu-item-688 msm-top-level-item\"><a href=\"https:\/\/southbourneschool.co.uk\/pt\/studying-in-bournemouth\/\">Estudar em Bournemouth<\/a>\n<ul class=\"sub-menu\">\n\t<li id=\"menu-item-687\" class=\"menu-item menu-item-type-post_type menu-item-object-page menu-item-687\"><a href=\"https:\/\/southbourneschool.co.uk\/pt\/studying-in-bournemouth\/travelling-to-britain\/\">Viajar para a Gr\u00e3-Bretanha<\/a><\/li>\n\t<li id=\"menu-item-705\" class=\"menu-item menu-item-type-post_type menu-item-object-page menu-item-705\"><a href=\"https:\/\/southbourneschool.co.uk\/pt\/studying-in-bournemouth\/school-activities\/\">Actividades escolares<\/a><\/li>\n\t<li id=\"menu-item-704\" class=\"menu-item menu-item-type-post_type menu-item-object-page menu-item-704\"><a href=\"https:\/\/southbourneschool.co.uk\/pt\/studying-in-bournemouth\/our-location\/\">A nossa localiza\u00e7\u00e3o<\/a><\/li>\n\t<li id=\"menu-item-723\" class=\"menu-item menu-item-type-post_type menu-item-object-page menu-item-723\"><a href=\"https:\/\/southbourneschool.co.uk\/pt\/studying-in-bournemouth\/accommodation-welfare\/\">Alojamento e bem-estar<\/a><\/li>\n\t<li id=\"menu-item-729\" class=\"menu-item menu-item-type-post_type menu-item-object-page menu-item-729\"><a href=\"https:\/\/southbourneschool.co.uk\/pt\/studying-in-bournemouth\/accommodation-welfare\/homestay\/\">Alojamento em casa de fam\u00edlia<\/a><\/li>\n\t<li id=\"menu-item-733\" class=\"menu-item menu-item-type-post_type menu-item-object-page menu-item-733\"><a href=\"https:\/\/southbourneschool.co.uk\/pt\/studying-in-bournemouth\/accommodation-welfare\/guesthouses-hotels\/\">Pousadas e hot\u00e9is<\/a><\/li>\n<\/ul>\n<\/li>\n<\/ul><\/div><\/div><\/div><\/div><\/div><\/div><\/div><div class=\"vc_row wpb_row vc_row-fluid vc_custom_1490099324525 vc_column-gap-10\"><div class=\"wpb_column vc_column_container vc_col-sm-9\"><div class=\"vc_column-inner\"><div class=\"wpb_wrapper\">\n\t<div class=\"wpb_text_column wpb_content_element  vc_custom_1729090244571\" >\n\t\t<div class=\"wpb_wrapper\">\n\t\t\t<h2>Acomoda\u00e7\u00e3o e Bem-Estar<\/h2>\n<p>Os agentes de acomoda\u00e7\u00e3o e bem-estar est\u00e3o aqui para garantir que nossos alunos estejam felizes e saud\u00e1veis. Portanto, n\u00e3o importa o tamanho do problema, eles est\u00e3o l\u00e1 para ajudar.<\/p>\n<p>Ao buscar aconselhamento m\u00e9dico, a maioria dos estudantes consulta o m\u00e9dico ou dentista do pa\u00eds anfitri\u00e3o, mas podemos ajudar a agendar consultas. Antes de viajar para a Gr\u00e3-Bretanha, recomendamos que voc\u00ea fa\u00e7a um seguro. Estudantes da UE podem solicitar um cart\u00e3o GHIC do Reino Unido.<\/p>\n<p>Tamb\u00e9m temos uma linha de atendimento de emerg\u00eancia 24 horas para anfitri\u00f5es e alunos. Um membro da equipe ajudar\u00e1 voc\u00ea em qualquer emerg\u00eancia fora do hor\u00e1rio comercial.<\/p>\n<p>Alunos do \u00faltimo ano, menores de 18 anos, que viajam de forma independente, se reunir\u00e3o com nosso Assistente Social uma vez por semana. Eles conversar\u00e3o com ele sobre quaisquer problemas ou dificuldades que tenham para se adaptar \u00e0 vida na Inglaterra.<\/p>\n<p><em>*Detalhes dispon\u00edveis na recep\u00e7\u00e3o da escola<\/em><\/p>\n<h2>Bem-estar<\/h2>\n<p>No Reino Unido, qualquer pessoa com menos de 18 anos \u00e9 considerada menor de idade. Temos que tomar cuidado extra com alunos menores de 18 anos. Toda semana, haver\u00e1 uma reuni\u00e3o com nossa Assistente Social, Charlie, para alunos de 15, 16 ou 17 anos que n\u00e3o fazem parte de um grupo. Os alunos devem comparecer a essa reuni\u00e3o. Kathryn verificar\u00e1 se est\u00e1 tudo bem com a estadia deles. Se os alunos tiverem algum problema ou estiverem preocupados com alguma coisa, podem falar com Kathryn a qualquer momento. Se quiserem falar com ela em particular, ela combinar\u00e1 uma conversa.<\/p>\n<p>Se os alunos faltarem \u00e0 escola, o professor informar\u00e1, por isso \u00e9 importante que cheguem pontualmente todos os dias. Se um aluno estiver doente, pode falar com o nosso Assistente Social para agendar uma consulta m\u00e9dica.<\/p>\n<p>Pedimos aos alunos que sejam educados e avisem seus anfitri\u00f5es para onde est\u00e3o indo ao sair de casa. Por exemplo, se perderem o \u00f4nibus para casa e se atrasarem, devem ligar para o anfitri\u00e3o e avis\u00e1-lo. Alunos com os quais n\u00e3o conseguirmos entrar em contato ser\u00e3o reportados como desaparecidos \u00e0 pol\u00edcia.<\/p>\n<p>\u00c9 importante lembrar que no Reino Unido:<\/p>\n<ul>\n<li>\u00c9 ilegal comprar \u00e1lcool para menores de 18 anos<\/li>\n<li>\u00c9 ilegal comprar cigarros para menores de 18 anos<\/li>\n<\/ul>\n<p>\u00c9 importante que os pais saibam que os alunos que estudam em um curso para adultos (com 15 anos ou mais) n\u00e3o ser\u00e3o supervisionados nos intervalos, depois da escola e nas atividades noturnas.<\/p>\n<p>Os toques de recolher sem supervis\u00e3o para menores de 18 anos variam \u2013 nossa pol\u00edtica escolar \u00e9:<\/p>\n<p><strong>12 anos ou menos<\/strong><br \/>\nN\u00e3o \u00e9 permitido sair sem supervis\u00e3o<\/p>\n<p><strong>13-14 anos<\/strong><br \/>\n21h<\/p>\n<p><strong>jovens de 15 anos<\/strong><br \/>\n22h<\/p>\n<p><strong>jovens de 16 a 17 anos<\/strong><br \/>\n23h<\/p>\n<p><strong>18+ anos<\/strong><br \/>\nSem toque de recolher \u2013 eles receber\u00e3o uma chave de um anfitri\u00e3o para que possam entrar e sair quando precisarem, dentro do razo\u00e1vel.<\/p>\n<p>Isso ocorre a menos que o agente, pai ou l\u00edder do grupo tenha especificado algo diferente.<\/p>\n\n\t\t<\/div>\n\t<\/div>\n<\/div><\/div><\/div><\/div>","protected":false},"excerpt":{"rendered":"Accommodation &amp; WelfareWe want our students to feel like they are at a \u2018home away from home.\u2019 We want a student's stay at Southbourne School of English to be as comfortable and memorable as possible. After school there are opportunities for students to spend time&nbsp;<a href=\"https:\/\/southbourneschool.co.uk\/pt\/studying-in-bournemouth\/accommodation-welfare\/\">...<\/a>","protected":false},"author":12312401,"featured_media":0,"parent":666,"menu_order":0,"comment_status":"closed","ping_status":"closed","template":"","meta":{"footnotes":""},"class_list":["post-706","page","type-page","status-publish","hentry","odd"],"yoast_head":"<!-- This site is optimized with the Yoast SEO plugin v27.3 - https:\/\/yoast.com\/product\/yoast-seo-wordpress\/ -->\n<title>Accommodation &amp; Welfare - Southbourne School of English<\/title>\n<meta name=\"description\" content=\"It makes a huge difference to how well you learn if you feel happy and at home in your choice of accommodation. That&#039;s why we want your stay at ...\" \/>\n<meta name=\"robots\" content=\"index, follow, max-snippet:-1, max-image-preview:large, max-video-preview:-1\" \/>\n<link rel=\"canonical\" href=\"https:\/\/southbourneschool.co.uk\/pt\/estudando-em-bournemouth\/acomodacao-e-bem-estar\/\" \/>\n<meta property=\"og:locale\" content=\"pt_PT\" \/>\n<meta property=\"og:type\" content=\"article\" \/>\n<meta property=\"og:title\" content=\"Accommodation &amp; Welfare - Southbourne School of English\" \/>\n<meta property=\"og:description\" content=\"It makes a huge difference to how well you learn if you feel happy and at home in your choice of accommodation. That&#039;s why we want your stay at ...\" \/>\n<meta property=\"og:url\" content=\"https:\/\/southbourneschool.co.uk\/pt\/estudando-em-bournemouth\/acomodacao-e-bem-estar\/\" \/>\n<meta property=\"og:site_name\" content=\"Southbourne School of English\" \/>\n<meta property=\"article:publisher\" content=\"https:\/\/www.facebook.com\/SouthbourneSchool\/\" \/>\n<meta property=\"article:modified_time\" content=\"2024-10-16T14:50:47+00:00\" \/>\n<meta name=\"twitter:card\" content=\"summary_large_image\" \/>\n<meta name=\"twitter:site\" content=\"@SouthbourneSofE\" \/>\n<meta name=\"twitter:label1\" content=\"Tempo estimado de leitura\" \/>\n\t<meta name=\"twitter:data1\" content=\"3 minutos\" \/>\n<script type=\"application\/ld+json\" class=\"yoast-schema-graph\">{\"@context\":\"https:\\\/\\\/schema.org\",\"@graph\":[{\"@type\":\"WebPage\",\"@id\":\"https:\\\/\\\/southbourneschool.co.uk\\\/studying-in-bournemouth\\\/accommodation-welfare\\\/\",\"url\":\"https:\\\/\\\/southbourneschool.co.uk\\\/studying-in-bournemouth\\\/accommodation-welfare\\\/\",\"name\":\"Accommodation & Welfare - Southbourne School of English\",\"isPartOf\":{\"@id\":\"https:\\\/\\\/southbourneschool.co.uk\\\/#website\"},\"datePublished\":\"2018-08-16T15:00:39+00:00\",\"dateModified\":\"2024-10-16T14:50:47+00:00\",\"description\":\"It makes a huge difference to how well you learn if you feel happy and at home in your choice of accommodation. That's why we want your stay at ...\",\"breadcrumb\":{\"@id\":\"https:\\\/\\\/southbourneschool.co.uk\\\/studying-in-bournemouth\\\/accommodation-welfare\\\/#breadcrumb\"},\"inLanguage\":\"pt-PT\",\"potentialAction\":[{\"@type\":\"ReadAction\",\"target\":[\"https:\\\/\\\/southbourneschool.co.uk\\\/studying-in-bournemouth\\\/accommodation-welfare\\\/\"]}]},{\"@type\":\"BreadcrumbList\",\"@id\":\"https:\\\/\\\/southbourneschool.co.uk\\\/studying-in-bournemouth\\\/accommodation-welfare\\\/#breadcrumb\",\"itemListElement\":[{\"@type\":\"ListItem\",\"position\":1,\"name\":\"Home\",\"item\":\"https:\\\/\\\/southbourneschool.co.uk\\\/\"},{\"@type\":\"ListItem\",\"position\":2,\"name\":\"Studying in Bournemouth\",\"item\":\"https:\\\/\\\/southbourneschool.co.uk\\\/studying-in-bournemouth\\\/\"},{\"@type\":\"ListItem\",\"position\":3,\"name\":\"Accommodation &#038; Welfare\"}]},{\"@type\":\"WebSite\",\"@id\":\"https:\\\/\\\/southbourneschool.co.uk\\\/#website\",\"url\":\"https:\\\/\\\/southbourneschool.co.uk\\\/\",\"name\":\"Southbourne School of English\",\"description\":\"We make learning English fun. A language school in Bournemouth, ideally located by the sea in a suburb of Bournemouth called Southbourne, one of the UK\u2019s most popular locations for international students.\",\"publisher\":{\"@id\":\"https:\\\/\\\/southbourneschool.co.uk\\\/#organization\"},\"potentialAction\":[{\"@type\":\"SearchAction\",\"target\":{\"@type\":\"EntryPoint\",\"urlTemplate\":\"https:\\\/\\\/southbourneschool.co.uk\\\/?s={search_term_string}\"},\"query-input\":{\"@type\":\"PropertyValueSpecification\",\"valueRequired\":true,\"valueName\":\"search_term_string\"}}],\"inLanguage\":\"pt-PT\"},{\"@type\":\"Organization\",\"@id\":\"https:\\\/\\\/southbourneschool.co.uk\\\/#organization\",\"name\":\"Southbourne School of English\",\"alternateName\":\"SSE\",\"url\":\"https:\\\/\\\/southbourneschool.co.uk\\\/\",\"logo\":{\"@type\":\"ImageObject\",\"inLanguage\":\"pt-PT\",\"@id\":\"https:\\\/\\\/southbourneschool.co.uk\\\/#\\\/schema\\\/logo\\\/image\\\/\",\"url\":\"https:\\\/\\\/southbourneschool.co.uk\\\/wp-content\\\/uploads\\\/2026\\\/01\\\/SSE-60-Year-Anniversary-Logo.png\",\"contentUrl\":\"https:\\\/\\\/southbourneschool.co.uk\\\/wp-content\\\/uploads\\\/2026\\\/01\\\/SSE-60-Year-Anniversary-Logo.png\",\"width\":1964,\"height\":1965,\"caption\":\"Southbourne School of English\"},\"image\":{\"@id\":\"https:\\\/\\\/southbourneschool.co.uk\\\/#\\\/schema\\\/logo\\\/image\\\/\"},\"sameAs\":[\"https:\\\/\\\/www.facebook.com\\\/SouthbourneSchool\\\/\",\"https:\\\/\\\/x.com\\\/SouthbourneSofE\",\"https:\\\/\\\/www.instagram.com\\\/southbourneschoolofenglish\\\/\",\"https:\\\/\\\/www.tiktok.com\\\/@southbourne\",\"https:\\\/\\\/www.youtube.com\\\/@southbourneschoolofenglish4522\"]}]}<\/script>\n<!-- \/ Yoast SEO plugin. -->","yoast_head_json":{"title":"Acomoda\u00e7\u00e3o e Bem-Estar - Southbourne School of English","description":"Faz uma enorme diferen\u00e7a na sua aprendizagem se voc\u00ea se sentir feliz e em casa com a sua escolha de acomoda\u00e7\u00e3o. \u00c9 por isso que queremos que sua estadia em...","robots":{"index":"index","follow":"follow","max-snippet":"max-snippet:-1","max-image-preview":"max-image-preview:large","max-video-preview":"max-video-preview:-1"},"canonical":"https:\/\/southbourneschool.co.uk\/pt\/estudando-em-bournemouth\/acomodacao-e-bem-estar\/","og_locale":"pt_PT","og_type":"article","og_title":"Accommodation & Welfare - Southbourne School of English","og_description":"It makes a huge difference to how well you learn if you feel happy and at home in your choice of accommodation. That's why we want your stay at ...","og_url":"https:\/\/southbourneschool.co.uk\/pt\/estudando-em-bournemouth\/acomodacao-e-bem-estar\/","og_site_name":"Southbourne School of English","article_publisher":"https:\/\/www.facebook.com\/SouthbourneSchool\/","article_modified_time":"2024-10-16T14:50:47+00:00","twitter_card":"summary_large_image","twitter_site":"@SouthbourneSofE","twitter_misc":{"Tempo estimado de leitura":"3 minutos"},"schema":{"@context":"https:\/\/schema.org","@graph":[{"@type":"WebPage","@id":"https:\/\/southbourneschool.co.uk\/studying-in-bournemouth\/accommodation-welfare\/","url":"https:\/\/southbourneschool.co.uk\/studying-in-bournemouth\/accommodation-welfare\/","name":"Acomoda\u00e7\u00e3o e Bem-Estar - Southbourne School of English","isPartOf":{"@id":"https:\/\/southbourneschool.co.uk\/#website"},"datePublished":"2018-08-16T15:00:39+00:00","dateModified":"2024-10-16T14:50:47+00:00","description":"Faz uma enorme diferen\u00e7a na sua aprendizagem se voc\u00ea se sentir feliz e em casa com a sua escolha de acomoda\u00e7\u00e3o. \u00c9 por isso que queremos que sua estadia em...","breadcrumb":{"@id":"https:\/\/southbourneschool.co.uk\/studying-in-bournemouth\/accommodation-welfare\/#breadcrumb"},"inLanguage":"pt-PT","potentialAction":[{"@type":"ReadAction","target":["https:\/\/southbourneschool.co.uk\/studying-in-bournemouth\/accommodation-welfare\/"]}]},{"@type":"BreadcrumbList","@id":"https:\/\/southbourneschool.co.uk\/studying-in-bournemouth\/accommodation-welfare\/#breadcrumb","itemListElement":[{"@type":"ListItem","position":1,"name":"Home","item":"https:\/\/southbourneschool.co.uk\/"},{"@type":"ListItem","position":2,"name":"Studying in Bournemouth","item":"https:\/\/southbourneschool.co.uk\/studying-in-bournemouth\/"},{"@type":"ListItem","position":3,"name":"Accommodation &#038; Welfare"}]},{"@type":"WebSite","@id":"https:\/\/southbourneschool.co.uk\/#website","url":"https:\/\/southbourneschool.co.uk\/","name":"Escola de Ingl\u00eas de Southbourne","description":"Tornamos a aprendizagem do ingl\u00eas divertida. Uma escola de l\u00ednguas em Bournemouth, idealmente localizada junto ao mar, num sub\u00farbio de Bournemouth chamado Southbourne, um dos locais mais populares do Reino Unido para estudantes internacionais.","publisher":{"@id":"https:\/\/southbourneschool.co.uk\/#organization"},"potentialAction":[{"@type":"SearchAction","target":{"@type":"EntryPoint","urlTemplate":"https:\/\/southbourneschool.co.uk\/?s={search_term_string}"},"query-input":{"@type":"PropertyValueSpecification","valueRequired":true,"valueName":"search_term_string"}}],"inLanguage":"pt-PT"},{"@type":"Organization","@id":"https:\/\/southbourneschool.co.uk\/#organization","name":"Escola de Ingl\u00eas de Southbourne","alternateName":"SSE","url":"https:\/\/southbourneschool.co.uk\/","logo":{"@type":"ImageObject","inLanguage":"pt-PT","@id":"https:\/\/southbourneschool.co.uk\/#\/schema\/logo\/image\/","url":"https:\/\/southbourneschool.co.uk\/wp-content\/uploads\/2026\/01\/SSE-60-Year-Anniversary-Logo.png","contentUrl":"https:\/\/southbourneschool.co.uk\/wp-content\/uploads\/2026\/01\/SSE-60-Year-Anniversary-Logo.png","width":1964,"height":1965,"caption":"Southbourne School of English"},"image":{"@id":"https:\/\/southbourneschool.co.uk\/#\/schema\/logo\/image\/"},"sameAs":["https:\/\/www.facebook.com\/SouthbourneSchool\/","https:\/\/x.com\/SouthbourneSofE","https:\/\/www.instagram.com\/southbourneschoolofenglish\/","https:\/\/www.tiktok.com\/@southbourne","https:\/\/www.youtube.com\/@southbourneschoolofenglish4522"]}]}},"featured_image_src":null,"featured_image_src_square":null,"_links":{"self":[{"href":"https:\/\/southbourneschool.co.uk\/pt\/wp-json\/wp\/v2\/pages\/706","targetHints":{"allow":["GET"]}}],"collection":[{"href":"https:\/\/southbourneschool.co.uk\/pt\/wp-json\/wp\/v2\/pages"}],"about":[{"href":"https:\/\/southbourneschool.co.uk\/pt\/wp-json\/wp\/v2\/types\/page"}],"author":[{"embeddable":true,"href":"https:\/\/southbourneschool.co.uk\/pt\/wp-json\/wp\/v2\/users\/12312401"}],"replies":[{"embeddable":true,"href":"https:\/\/southbourneschool.co.uk\/pt\/wp-json\/wp\/v2\/comments?post=706"}],"version-history":[{"count":0,"href":"https:\/\/southbourneschool.co.uk\/pt\/wp-json\/wp\/v2\/pages\/706\/revisions"}],"up":[{"embeddable":true,"href":"https:\/\/southbourneschool.co.uk\/pt\/wp-json\/wp\/v2\/pages\/666"}],"wp:attachment":[{"href":"https:\/\/southbourneschool.co.uk\/pt\/wp-json\/wp\/v2\/media?parent=706"}],"curies":[{"name":"wp","href":"https:\/\/api.w.org\/{rel}","templated":true}]}}