{"id":396,"date":"2018-07-25T16:32:55","date_gmt":"2018-07-25T15:32:55","guid":{"rendered":"https:\/\/southbournese.wpengine.com\/?page_id=396"},"modified":"2024-08-07T15:58:24","modified_gmt":"2024-08-07T14:58:24","slug":"guide-till-nivaer","status":"publish","type":"page","link":"https:\/\/southbourneschool.co.uk\/sv\/english-courses\/guide-to-levels\/","title":{"rendered":"Guide till niv\u00e5er"},"content":{"rendered":"<section data-vc-full-width=\"true\" data-vc-full-width-init=\"false\" data-vc-stretch-content=\"true\" class=\"vc_section vc_custom_1723042702261 vc_section-has-fill\"><\/section><div class=\"vc_row-full-width vc_clearfix\"><\/div><div class=\"vc_row wpb_row vc_row-fluid vc_custom_1532527723492\"><div class=\"wpb_column vc_column_container vc_col-sm-8\"><div class=\"vc_column-inner vc_custom_1540196148802\"><div class=\"wpb_wrapper\"><h1 style=\"text-align: left\" class=\"vc_custom_heading vc_custom_1532533383509\" >Guide till niv\u00e5er<\/h1><h4 style=\"text-align: left\" class=\"vc_custom_heading vc_custom_1540196137317\" >H\u00e4r p\u00e5 Southbourne School of English i Bournemouth betygs\u00e4tter vi v\u00e5ra elevers engelskaniv\u00e5 med hj\u00e4lp av de internationellt erk\u00e4nda beskrivningarna fr\u00e5n det gemensamma europeiska ramverket (CEF). Dessa niv\u00e5er \u00e4r:<\/h4>\n\t<div class=\"wpb_text_column wpb_content_element  vc_custom_1562236801807\" >\n\t\t<div class=\"wpb_wrapper\">\n\t\t\t<h5>Nyb\u00f6rjare (A0)<\/h5>\n<ul>\n<li>Kan kommunicera mycket grundl\u00e4ggande behov och f\u00f6rst\u00e5 mycket enkelt samtalsspr\u00e5k.<\/li>\n<li>Har ett begr\u00e4nsat ordf\u00f6rr\u00e5d f\u00f6r vardagliga situationer.<\/li>\n<li>Kan l\u00e4sa och producera korta, enkla texter.<\/li>\n<\/ul>\n<h5>Grundskola (A1)<\/h5>\n<ul>\n<li>Kan kommunicera grundl\u00e4ggande behov och prata om personliga \u00e4mnen.<\/li>\n<li>Har tillr\u00e4ckligt ordf\u00f6rr\u00e5d f\u00f6r vardagliga rutiner.<\/li>\n<li>Kan k\u00e4nna igen de viktigaste grammatiska strukturerna.<\/li>\n<li>Kan skriva korta personliga texter och anteckningar.<\/li>\n<\/ul>\n<h5 class=\"p1\">F\u00f6r-mellanniv\u00e5 (A2)<\/h5>\n<ul>\n<li>Kan kommunicera i vardagliga situationer och h\u00e5lla korta samtal.<\/li>\n<li>Kan anv\u00e4nda de viktigaste grammatiska strukturerna.<\/li>\n<li>Kan skriva texter med viss detaljrikedom.<\/li>\n<\/ul>\n<h5 class=\"p1\">Medel (B1)<\/h5>\n<ul>\n<li>Kan kommunicera med visst sj\u00e4lvf\u00f6rtroende i ett rimligt antal situationer.<\/li>\n<li>Har god kontroll \u00f6ver de viktigaste grammatiska strukturerna.<\/li>\n<li>Kan skriva l\u00e4ngre texter med hj\u00e4lp av stycken med rimlig noggrannhet.<\/li>\n<\/ul>\n<h5 class=\"p1\">\u00d6vre medelniv\u00e5 (B2)<\/h5>\n<ul>\n<li>Kan kommunicera effektivt och uttrycka id\u00e9er\/\u00e5sikter i de flesta situationer.<\/li>\n<li>Kan diskutera en rad aktuella fr\u00e5gor.<\/li>\n<li>Kan anv\u00e4nda ett brett spektrum av strukturer med rimlig noggrannhet.<\/li>\n<li>Kan producera en rad olika skrivna texter med hj\u00e4lp av korrekt register.<\/li>\n<\/ul>\n<h5 class=\"p1\">Avancerad (C1)<\/h5>\n<ul>\n<li>Kan uttrycka k\u00e4nslor, \u00e5sikter och id\u00e9er korrekt och precist med hj\u00e4lp av ett brett ordf\u00f6rr\u00e5d.<\/li>\n<li>Kan producera hela spektrumet av texter med naturlig sammanhang.<\/li>\n<li>Kan f\u00f6rst\u00e5 autentiska texter med liten sv\u00e5righet.<\/li>\n<li>Har en mycket god grammatisk kontroll.<\/li>\n<\/ul>\n\n\t\t<\/div>\n\t<\/div>\n<\/div><\/div><\/div><div class=\"wpb_column vc_column_container vc_col-sm-4 vc_hidden-xs\"><div class=\"vc_column-inner\"><div class=\"wpb_wrapper\"><div  class=\"vc_wp_custommenu wpb_content_element child-page-menu\"><div class=\"widget widget_nav_menu\"><div class=\"menu-language-course-child-menu-container\"><ul id=\"menu-language-course-child-menu\" class=\"menu\"><li id=\"menu-item-794\" class=\"menu-item menu-item-type-post_type menu-item-object-page menu-item-has-children menu-item-794 msm-top-level-item\"><a href=\"https:\/\/southbourneschool.co.uk\/sv\/english-courses\/\">Kurser i engelska<\/a>\n<ul class=\"sub-menu\">\n\t<li id=\"menu-item-3297\" class=\"menu-item menu-item-type-post_type menu-item-object-page menu-item-3297\"><a href=\"https:\/\/southbourneschool.co.uk\/sv\/request-a-quote\/\">Beg\u00e4r en offert<\/a><\/li>\n\t<li id=\"menu-item-646\" class=\"menu-item menu-item-type-post_type menu-item-object-page menu-item-646\"><a href=\"https:\/\/southbourneschool.co.uk\/sv\/english-courses\/how-to-book-your-english-course\/\">S\u00e5 h\u00e4r bokar du din engelskakurs<\/a><\/li>\n\t<li id=\"menu-item-384\" class=\"menu-item menu-item-type-post_type menu-item-object-page menu-item-has-children menu-item-384\"><a href=\"https:\/\/southbourneschool.co.uk\/sv\/english-courses\/adult-language-courses\/\">Engelskakurser f\u00f6r vuxna<\/a>\n\t<ul class=\"sub-menu\">\n\t\t<li id=\"menu-item-383\" class=\"menu-item menu-item-type-post_type menu-item-object-page menu-item-383\"><a href=\"https:\/\/southbourneschool.co.uk\/sv\/english-courses\/adult-language-courses\/general-intensive\/\">Allm\u00e4nna och intensiva engelskkurser<\/a><\/li>\n\t\t<li id=\"menu-item-394\" class=\"menu-item menu-item-type-post_type menu-item-object-page menu-item-394\"><a href=\"https:\/\/southbourneschool.co.uk\/sv\/english-courses\/adult-language-courses\/one-to-one-english\/\">Enskilda engelskkurser<\/a><\/li>\n\t\t<li id=\"menu-item-1039\" class=\"menu-item menu-item-type-post_type menu-item-object-page menu-item-1039\"><a href=\"https:\/\/southbourneschool.co.uk\/sv\/english-courses\/adult-language-courses\/summer-vacation-courses\/\">Sommarkurser i engelska f\u00f6r vuxna (\u00e5lder 16+)<\/a><\/li>\n\t\t<li id=\"menu-item-1038\" class=\"menu-item menu-item-type-post_type menu-item-object-page menu-item-1038\"><a href=\"https:\/\/southbourneschool.co.uk\/sv\/english-courses\/adult-language-courses\/examination-courses\/\">Kurser f\u00f6r Cambridge English Examination<\/a><\/li>\n\t<\/ul>\n<\/li>\n\t<li id=\"menu-item-618\" class=\"menu-item menu-item-type-post_type menu-item-object-page menu-item-has-children menu-item-618\"><a href=\"https:\/\/southbourneschool.co.uk\/sv\/english-courses\/junior-language-courses\/\">Engelskakurser f\u00f6r juniorer<\/a>\n\t<ul class=\"sub-menu\">\n\t\t<li id=\"menu-item-633\" class=\"menu-item menu-item-type-post_type menu-item-object-page menu-item-633\"><a href=\"https:\/\/southbourneschool.co.uk\/sv\/english-courses\/junior-language-courses\/summer-courses\/\">Sommarkurser i engelska f\u00f6r juniorer (9-15 \u00e5r)<\/a><\/li>\n\t\t<li id=\"menu-item-1055\" class=\"menu-item menu-item-type-post_type menu-item-object-page menu-item-1055\"><a href=\"https:\/\/southbourneschool.co.uk\/sv\/english-courses\/junior-language-courses\/year-round-group-courses\/\">Gruppkurser i engelska (\u00e5ret runt)<\/a><\/li>\n\t<\/ul>\n<\/li>\n\t<li id=\"menu-item-647\" class=\"menu-item menu-item-type-post_type menu-item-object-page menu-item-647\"><a href=\"https:\/\/southbourneschool.co.uk\/sv\/english-courses\/guide-to-levels\/\">Guide till niv\u00e5er<\/a><\/li>\n<\/ul>\n<\/li>\n<\/ul><\/div><\/div><\/div><\/div><\/div><\/div><\/div>","protected":false},"excerpt":{"rendered":"Guide till niv\u00e5er H\u00e4r p\u00e5 Southbourne School of English i Bournemouth betygs\u00e4tter vi v\u00e5ra elevers niv\u00e5 i engelska med hj\u00e4lp av de internationellt erk\u00e4nda beskrivningarna fr\u00e5n det gemensamma europeiska ramverket (CEF). Dessa niv\u00e5er \u00e4r: Nyb\u00f6rjare (A0) Kan kommunicera mycket grundl\u00e4ggande behov och f\u00f6rst\u00e5 mycket enkelt samtalsspr\u00e5k. Har ett begr\u00e4nsat ordf\u00f6rr\u00e5d.&nbsp;<a href=\"https:\/\/southbourneschool.co.uk\/sv\/english-courses\/guide-to-levels\/\">...<\/a>","protected":false},"author":12312401,"featured_media":0,"parent":791,"menu_order":0,"comment_status":"closed","ping_status":"closed","template":"","meta":{"footnotes":""},"class_list":["post-396","page","type-page","status-publish","hentry","odd"],"yoast_head":"<!-- This site is optimized with the Yoast SEO plugin v27.5 - https:\/\/yoast.com\/product\/yoast-seo-wordpress\/ -->\n<title>Guide to the Levels of English - Southbourne School of English<\/title>\n<meta name=\"description\" content=\"Here at Southbourne School of English we grade our student\u2019s level of English using the internationally recognised Common European Framework. The levels are...\" \/>\n<meta name=\"robots\" content=\"index, follow, max-snippet:-1, max-image-preview:large, max-video-preview:-1\" \/>\n<link rel=\"canonical\" href=\"https:\/\/southbourneschool.co.uk\/sv\/engelska-kurser\/guide-till-nivaer\/\" \/>\n<meta property=\"og:locale\" content=\"sv_SE\" \/>\n<meta property=\"og:type\" content=\"article\" \/>\n<meta property=\"og:title\" content=\"Guide to the Levels of English - Southbourne School of English\" \/>\n<meta property=\"og:description\" content=\"Here at Southbourne School of English we grade our student\u2019s level of English using the internationally recognised Common European Framework. The levels are...\" \/>\n<meta property=\"og:url\" content=\"https:\/\/southbourneschool.co.uk\/sv\/engelska-kurser\/guide-till-nivaer\/\" \/>\n<meta property=\"og:site_name\" content=\"Southbourne School of English\" \/>\n<meta property=\"article:publisher\" content=\"https:\/\/www.facebook.com\/SouthbourneSchool\/\" \/>\n<meta property=\"article:modified_time\" content=\"2024-08-07T14:58:24+00:00\" \/>\n<meta name=\"twitter:card\" content=\"summary_large_image\" \/>\n<meta name=\"twitter:site\" content=\"@SouthbourneSofE\" \/>\n<meta name=\"twitter:label1\" content=\"Ber\u00e4knad l\u00e4stid\" \/>\n\t<meta name=\"twitter:data1\" content=\"2 minuter\" \/>\n<script type=\"application\/ld+json\" class=\"yoast-schema-graph\">{\"@context\":\"https:\\\/\\\/schema.org\",\"@graph\":[{\"@type\":\"WebPage\",\"@id\":\"https:\\\/\\\/southbourneschool.co.uk\\\/english-courses\\\/guide-to-levels\\\/\",\"url\":\"https:\\\/\\\/southbourneschool.co.uk\\\/english-courses\\\/guide-to-levels\\\/\",\"name\":\"Guide to the Levels of English - Southbourne School of English\",\"isPartOf\":{\"@id\":\"https:\\\/\\\/southbourneschool.co.uk\\\/#website\"},\"datePublished\":\"2018-07-25T15:32:55+00:00\",\"dateModified\":\"2024-08-07T14:58:24+00:00\",\"description\":\"Here at Southbourne School of English we grade our student\u2019s level of English using the internationally recognised Common European Framework. The levels are...\",\"breadcrumb\":{\"@id\":\"https:\\\/\\\/southbourneschool.co.uk\\\/english-courses\\\/guide-to-levels\\\/#breadcrumb\"},\"inLanguage\":\"sv-SE\",\"potentialAction\":[{\"@type\":\"ReadAction\",\"target\":[\"https:\\\/\\\/southbourneschool.co.uk\\\/english-courses\\\/guide-to-levels\\\/\"]}]},{\"@type\":\"BreadcrumbList\",\"@id\":\"https:\\\/\\\/southbourneschool.co.uk\\\/english-courses\\\/guide-to-levels\\\/#breadcrumb\",\"itemListElement\":[{\"@type\":\"ListItem\",\"position\":1,\"name\":\"Home\",\"item\":\"https:\\\/\\\/southbourneschool.co.uk\\\/\"},{\"@type\":\"ListItem\",\"position\":2,\"name\":\"English Courses\",\"item\":\"https:\\\/\\\/southbourneschool.co.uk\\\/english-courses\\\/\"},{\"@type\":\"ListItem\",\"position\":3,\"name\":\"Guide To Levels\"}]},{\"@type\":\"WebSite\",\"@id\":\"https:\\\/\\\/southbourneschool.co.uk\\\/#website\",\"url\":\"https:\\\/\\\/southbourneschool.co.uk\\\/\",\"name\":\"Southbourne School of English\",\"description\":\"We make learning English fun. A language school in Bournemouth, ideally located by the sea in a suburb of Bournemouth called Southbourne, one of the UK\u2019s most popular locations for international students.\",\"publisher\":{\"@id\":\"https:\\\/\\\/southbourneschool.co.uk\\\/#organization\"},\"potentialAction\":[{\"@type\":\"SearchAction\",\"target\":{\"@type\":\"EntryPoint\",\"urlTemplate\":\"https:\\\/\\\/southbourneschool.co.uk\\\/?s={search_term_string}\"},\"query-input\":{\"@type\":\"PropertyValueSpecification\",\"valueRequired\":true,\"valueName\":\"search_term_string\"}}],\"inLanguage\":\"sv-SE\"},{\"@type\":\"Organization\",\"@id\":\"https:\\\/\\\/southbourneschool.co.uk\\\/#organization\",\"name\":\"Southbourne School of English\",\"alternateName\":\"SSE\",\"url\":\"https:\\\/\\\/southbourneschool.co.uk\\\/\",\"logo\":{\"@type\":\"ImageObject\",\"inLanguage\":\"sv-SE\",\"@id\":\"https:\\\/\\\/southbourneschool.co.uk\\\/#\\\/schema\\\/logo\\\/image\\\/\",\"url\":\"https:\\\/\\\/southbourneschool.co.uk\\\/wp-content\\\/uploads\\\/2026\\\/01\\\/SSE-60-Year-Anniversary-Logo.png\",\"contentUrl\":\"https:\\\/\\\/southbourneschool.co.uk\\\/wp-content\\\/uploads\\\/2026\\\/01\\\/SSE-60-Year-Anniversary-Logo.png\",\"width\":1964,\"height\":1965,\"caption\":\"Southbourne School of English\"},\"image\":{\"@id\":\"https:\\\/\\\/southbourneschool.co.uk\\\/#\\\/schema\\\/logo\\\/image\\\/\"},\"sameAs\":[\"https:\\\/\\\/www.facebook.com\\\/SouthbourneSchool\\\/\",\"https:\\\/\\\/x.com\\\/SouthbourneSofE\",\"https:\\\/\\\/www.instagram.com\\\/southbourneschoolofenglish\\\/\",\"https:\\\/\\\/www.tiktok.com\\\/@southbourne\",\"https:\\\/\\\/www.youtube.com\\\/@southbourneschoolofenglish4522\"]}]}<\/script>\n<!-- \/ Yoast SEO plugin. -->","yoast_head_json":{"title":"Guide till niv\u00e5erna i engelska - Southbourne School of English","description":"H\u00e4r p\u00e5 Southbourne School of English betygs\u00e4tter vi v\u00e5ra elevers engelskaniv\u00e5 med hj\u00e4lp av det internationellt erk\u00e4nda europeiska referensramverket. Niv\u00e5erna \u00e4r...","robots":{"index":"index","follow":"follow","max-snippet":"max-snippet:-1","max-image-preview":"max-image-preview:large","max-video-preview":"max-video-preview:-1"},"canonical":"https:\/\/southbourneschool.co.uk\/sv\/engelska-kurser\/guide-till-nivaer\/","og_locale":"sv_SE","og_type":"article","og_title":"Guide to the Levels of English - Southbourne School of English","og_description":"Here at Southbourne School of English we grade our student\u2019s level of English using the internationally recognised Common European Framework. The levels are...","og_url":"https:\/\/southbourneschool.co.uk\/sv\/engelska-kurser\/guide-till-nivaer\/","og_site_name":"Southbourne School of English","article_publisher":"https:\/\/www.facebook.com\/SouthbourneSchool\/","article_modified_time":"2024-08-07T14:58:24+00:00","twitter_card":"summary_large_image","twitter_site":"@SouthbourneSofE","twitter_misc":{"Ber\u00e4knad l\u00e4stid":"2 minuter"},"schema":{"@context":"https:\/\/schema.org","@graph":[{"@type":"WebPage","@id":"https:\/\/southbourneschool.co.uk\/english-courses\/guide-to-levels\/","url":"https:\/\/southbourneschool.co.uk\/english-courses\/guide-to-levels\/","name":"Guide till niv\u00e5erna i engelska - Southbourne School of English","isPartOf":{"@id":"https:\/\/southbourneschool.co.uk\/#website"},"datePublished":"2018-07-25T15:32:55+00:00","dateModified":"2024-08-07T14:58:24+00:00","description":"H\u00e4r p\u00e5 Southbourne School of English betygs\u00e4tter vi v\u00e5ra elevers engelskaniv\u00e5 med hj\u00e4lp av det internationellt erk\u00e4nda europeiska referensramverket. Niv\u00e5erna \u00e4r...","breadcrumb":{"@id":"https:\/\/southbourneschool.co.uk\/english-courses\/guide-to-levels\/#breadcrumb"},"inLanguage":"sv-SE","potentialAction":[{"@type":"ReadAction","target":["https:\/\/southbourneschool.co.uk\/english-courses\/guide-to-levels\/"]}]},{"@type":"BreadcrumbList","@id":"https:\/\/southbourneschool.co.uk\/english-courses\/guide-to-levels\/#breadcrumb","itemListElement":[{"@type":"ListItem","position":1,"name":"Home","item":"https:\/\/southbourneschool.co.uk\/"},{"@type":"ListItem","position":2,"name":"English Courses","item":"https:\/\/southbourneschool.co.uk\/english-courses\/"},{"@type":"ListItem","position":3,"name":"Guide To Levels"}]},{"@type":"WebSite","@id":"https:\/\/southbourneschool.co.uk\/#website","url":"https:\/\/southbourneschool.co.uk\/","name":"Southbourne School of English","description":"Vi g\u00f6r det roligt att l\u00e4ra sig engelska. En spr\u00e5kskola i Bournemouth, idealiskt bel\u00e4gen vid havet i en f\u00f6rort till Bournemouth som heter Southbourne, en av Storbritanniens mest popul\u00e4ra platser f\u00f6r internationella studenter.","publisher":{"@id":"https:\/\/southbourneschool.co.uk\/#organization"},"potentialAction":[{"@type":"SearchAction","target":{"@type":"EntryPoint","urlTemplate":"https:\/\/southbourneschool.co.uk\/?s={search_term_string}"},"query-input":{"@type":"PropertyValueSpecification","valueRequired":true,"valueName":"search_term_string"}}],"inLanguage":"sv-SE"},{"@type":"Organization","@id":"https:\/\/southbourneschool.co.uk\/#organization","name":"Southbourne School of English","alternateName":"SSE","url":"https:\/\/southbourneschool.co.uk\/","logo":{"@type":"ImageObject","inLanguage":"sv-SE","@id":"https:\/\/southbourneschool.co.uk\/#\/schema\/logo\/image\/","url":"https:\/\/southbourneschool.co.uk\/wp-content\/uploads\/2026\/01\/SSE-60-Year-Anniversary-Logo.png","contentUrl":"https:\/\/southbourneschool.co.uk\/wp-content\/uploads\/2026\/01\/SSE-60-Year-Anniversary-Logo.png","width":1964,"height":1965,"caption":"Southbourne School of English"},"image":{"@id":"https:\/\/southbourneschool.co.uk\/#\/schema\/logo\/image\/"},"sameAs":["https:\/\/www.facebook.com\/SouthbourneSchool\/","https:\/\/x.com\/SouthbourneSofE","https:\/\/www.instagram.com\/southbourneschoolofenglish\/","https:\/\/www.tiktok.com\/@southbourne","https:\/\/www.youtube.com\/@southbourneschoolofenglish4522"]}]}},"featured_image_src":null,"featured_image_src_square":null,"_links":{"self":[{"href":"https:\/\/southbourneschool.co.uk\/sv\/wp-json\/wp\/v2\/pages\/396","targetHints":{"allow":["GET"]}}],"collection":[{"href":"https:\/\/southbourneschool.co.uk\/sv\/wp-json\/wp\/v2\/pages"}],"about":[{"href":"https:\/\/southbourneschool.co.uk\/sv\/wp-json\/wp\/v2\/types\/page"}],"author":[{"embeddable":true,"href":"https:\/\/southbourneschool.co.uk\/sv\/wp-json\/wp\/v2\/users\/12312401"}],"replies":[{"embeddable":true,"href":"https:\/\/southbourneschool.co.uk\/sv\/wp-json\/wp\/v2\/comments?post=396"}],"version-history":[{"count":0,"href":"https:\/\/southbourneschool.co.uk\/sv\/wp-json\/wp\/v2\/pages\/396\/revisions"}],"up":[{"embeddable":true,"href":"https:\/\/southbourneschool.co.uk\/sv\/wp-json\/wp\/v2\/pages\/791"}],"wp:attachment":[{"href":"https:\/\/southbourneschool.co.uk\/sv\/wp-json\/wp\/v2\/media?parent=396"}],"curies":[{"name":"wp","href":"https:\/\/api.w.org\/{rel}","templated":true}]}}