{"id":672,"date":"2018-08-16T15:29:39","date_gmt":"2018-08-16T14:29:39","guid":{"rendered":"https:\/\/southbournese.wpengine.com\/?page_id=672"},"modified":"2025-10-08T15:33:31","modified_gmt":"2025-10-08T14:33:31","slug":"reser-till-storbritannien","status":"publish","type":"page","link":"https:\/\/southbourneschool.co.uk\/sv\/studying-in-bournemouth\/travelling-to-britain\/","title":{"rendered":"Resa till Storbritannien"},"content":{"rendered":"<section data-vc-full-width=\"true\" data-vc-full-width-init=\"false\" data-vc-stretch-content=\"true\" class=\"vc_section vc_custom_1723113757416 vc_section-has-fill\"><\/section><div class=\"vc_row-full-width vc_clearfix\"><\/div><div class=\"vc_row wpb_row vc_row-fluid vc_custom_1532605005893\"><div class=\"wpb_column vc_column_container vc_col-sm-8\"><div class=\"vc_column-inner vc_custom_1534429877191\"><div class=\"wpb_wrapper\"><h1 style=\"text-align: left\" class=\"vc_custom_heading vc_custom_1534429314116\" >Resa till Storbritannien<\/h1><h4 style=\"text-align: left\" class=\"vc_custom_heading vc_custom_1539937626444\" >F\u00f6r att hj\u00e4lpa dig att f\u00f6rbereda dig inf\u00f6r din vistelse i England f\u00f6rs\u00f6ker vi ge dig s\u00e5 mycket information som m\u00f6jligt.<\/h4>\n\t<div class=\"wpb_text_column wpb_content_element  vc_custom_1723113849209\" >\n\t\t<div class=\"wpb_wrapper\">\n\t\t\t<h2>Vad man ska ta med sig<\/h2>\n<p>Vi fr\u00e5gade v\u00e5ra studenter vad de \u00f6nskade att de hade tagit med sig till England f\u00f6r att f\u00e5 ut det mesta av sin vistelse. Vi har sammanst\u00e4llt den h\u00e4r listan f\u00f6r att ge er n\u00e5gra id\u00e9er.<\/p>\n<h3>Klimat och kl\u00e4der<\/h3>\n<p>V\u00e4dret i Storbritannien \u00e4r k\u00e4nt f\u00f6r att vara ombytligt! S\u00e5 var f\u00f6rberedd.<\/p>\n<p>Det kan vara ganska bl\u00f6tt och kallt p\u00e5 vintern (ungef\u00e4r november till mars). S\u00e5 en varm kappa, m\u00f6ssa, halsduk, handskar och ett paraply \u00e4r en bra id\u00e9. Det \u00e4r f\u00f6rmodligen billigare och enklare att k\u00f6pa varma vinterkl\u00e4der h\u00e4r \u00e4n i ditt hemland.<\/p>\n<p>Somrarna kan ibland vara regniga och mulen men \u00e4r oftast behagliga och varma. Dagarna \u00e4r l\u00e5nga och det f\u00f6rblir ljust till sent p\u00e5 kv\u00e4llen.<\/p>\n\n\t\t<\/div>\n\t<\/div>\n<\/div><\/div><\/div><div class=\"wpb_column vc_column_container vc_col-sm-4 vc_hidden-xs\"><div class=\"vc_column-inner\"><div class=\"wpb_wrapper\"><div  class=\"vc_wp_custommenu wpb_content_element child-page-menu\"><div class=\"widget widget_nav_menu\"><div class=\"menu-studying-in-bournemouth-child-container\"><ul id=\"menu-studying-in-bournemouth-child\" class=\"menu\"><li id=\"menu-item-688\" class=\"menu-item menu-item-type-post_type menu-item-object-page menu-item-has-children menu-item-688 msm-top-level-item\"><a href=\"https:\/\/southbourneschool.co.uk\/sv\/studying-in-bournemouth\/\">Studera i Bournemouth<\/a>\n<ul class=\"sub-menu\">\n\t<li id=\"menu-item-687\" class=\"menu-item menu-item-type-post_type menu-item-object-page menu-item-687\"><a href=\"https:\/\/southbourneschool.co.uk\/sv\/studying-in-bournemouth\/travelling-to-britain\/\">Resa till Storbritannien<\/a><\/li>\n\t<li id=\"menu-item-705\" class=\"menu-item menu-item-type-post_type menu-item-object-page menu-item-705\"><a href=\"https:\/\/southbourneschool.co.uk\/sv\/studying-in-bournemouth\/school-activities\/\">Aktiviteter i skolan<\/a><\/li>\n\t<li id=\"menu-item-704\" class=\"menu-item menu-item-type-post_type menu-item-object-page menu-item-704\"><a href=\"https:\/\/southbourneschool.co.uk\/sv\/studying-in-bournemouth\/our-location\/\">V\u00e5rt l\u00e4ge<\/a><\/li>\n\t<li id=\"menu-item-723\" class=\"menu-item menu-item-type-post_type menu-item-object-page menu-item-723\"><a href=\"https:\/\/southbourneschool.co.uk\/sv\/studying-in-bournemouth\/accommodation-welfare\/\">Boende &amp; v\u00e4lf\u00e4rd<\/a><\/li>\n\t<li id=\"menu-item-729\" class=\"menu-item menu-item-type-post_type menu-item-object-page menu-item-729\"><a href=\"https:\/\/southbourneschool.co.uk\/sv\/studying-in-bournemouth\/accommodation-welfare\/homestay\/\">Hemester<\/a><\/li>\n\t<li id=\"menu-item-733\" class=\"menu-item menu-item-type-post_type menu-item-object-page menu-item-733\"><a href=\"https:\/\/southbourneschool.co.uk\/sv\/studying-in-bournemouth\/accommodation-welfare\/guesthouses-hotels\/\">G\u00e4sthus &amp; hotell<\/a><\/li>\n<\/ul>\n<\/li>\n<\/ul><\/div><\/div><\/div><\/div><\/div><\/div><\/div><div class=\"vc_row wpb_row vc_row-fluid vc_custom_1490099324525 vc_column-gap-10\"><div class=\"wpb_column vc_column_container vc_col-sm-6\"><div class=\"vc_column-inner vc_custom_1534428781206\"><div class=\"wpb_wrapper\">\n\t<div  class=\"wpb_single_image wpb_content_element vc_align_center\">\n\t\t\n\t\t<figure class=\"wpb_wrapper vc_figure\">\n\t\t\t<div class=\"vc_single_image-wrapper   vc_box_border_grey\"><img loading=\"lazy\" decoding=\"async\" class=\"vc_single_image-img\" src=\"https:\/\/southbourneschool.co.uk\/wp-content\/uploads\/2024\/08\/iStock-1386266551-600x600.jpg\" width=\"600\" height=\"600\" alt=\"Kvinna packar sin resv\u00e4ska.\" title=\"Kvinna packar sin resv\u00e4ska.\" \/><\/div>\n\t\t<\/figure>\n\t<\/div>\n\n\t<div class=\"wpb_text_column wpb_content_element  vc_custom_1539937701033\" >\n\t\t<div class=\"wpb_wrapper\">\n\t\t\t<h3>Tillbeh\u00f6r och sm\u00e5 extrafunktioner<\/h3>\n<ul>\n<li>Giltigt pass (med visum om det beh\u00f6vs). Det \u00e4r en bra id\u00e9 att \u00e4ven ta med en kopia.<\/li>\n<li>Brittisk valuta. Ungef\u00e4r 250 pund borde r\u00e4cka till att b\u00f6rja med.<\/li>\n<li>Solkr\u00e4m.<\/li>\n<li>Laddare f\u00f6r elektrisk utrustning, som din telefon eller kamera. Och en adapter f\u00f6r Storbritannien \u2013 trepolig \u2013 220\u2013240 volt.<\/li>\n<li>Ol\u00e5st mobiltelefon (vi s\u00e4ljer SIM-kort i skolan).<\/li>\n<li>B\u00e4rbar dator\/smarttelefon.<\/li>\n<li>Skolryggs\u00e4ck f\u00f6r b\u00f6cker och p\u00e4rmar.<\/li>\n<li>Anteckningsbok.<\/li>\n<li>Pennor\/pennor.<\/li>\n<li>Handdukar (bostadskurser)<\/li>\n<\/ul>\n\n\t\t<\/div>\n\t<\/div>\n<\/div><\/div><\/div><div class=\"wpb_column vc_column_container vc_col-sm-6\"><div class=\"vc_column-inner\"><div class=\"wpb_wrapper\">\n\t<div class=\"wpb_text_column wpb_content_element  vc_custom_1723115208639\" >\n\t\t<div class=\"wpb_wrapper\">\n\t\t\t<h3>Kl\u00e4df\u00f6rslag f\u00f6r ett 2-veckors bes\u00f6k<\/h3>\n<ul>\n<li>Jeans \u2013 De \u00e4r anv\u00e4ndbara om det \u00e4r kallt.<\/li>\n<li>Eleganta toppar\/skjortor\/kl\u00e4nningar \u2013 Ta med n\u00e5got fint att ha p\u00e5 dig till v\u00e5ra organiserade kv\u00e4llsaktiviteter, diskotek och sociala kulturtemakv\u00e4llar.<\/li>\n<li>Byxor som inte \u00e4r i denim \u2013 Jeans \u00e4r inte bra i regn. Ta med ett annat alternativ som torkar snabbare.<\/li>\n<li>Baddr\u00e4kt<\/li>\n<li>L\u00e5ng\u00e4rmade t-shirts \u2013 F\u00f6r att h\u00e5lla dig varm p\u00e5 vintern och skydda mot solen p\u00e5 sommaren.<\/li>\n<li>Vattent\u00e4t jacka \u2013 En l\u00e4tt eller hopvikbar jacka som inte tar upp mycket plats. Du kan l\u00e4gga den i din dagsv\u00e4ska ifall det skulle bli ov\u00e4ntade regnskurar.<\/li>\n<li>Linnen \u2013 Att b\u00e4ra under l\u00e5ng\u00e4rmade toppar p\u00e5 vintern och som de \u00e4r p\u00e5 sommaren.<\/li>\n<li>1-2 sportkl\u00e4der \u2013 Huvtr\u00f6ja, tr\u00e4ningsbyxor, shorts.<\/li>\n<li>Vardagliga T-shirts<\/li>\n<li>Skor \u2013 Sneakers, l\u00e4derskor, flip-flops.<\/li>\n<li>Fleece\/Tr\u00f6ja\/Kofta \u2013 Bra f\u00f6r kallare dagar eller kv\u00e4llar.<\/li>\n<li>Shorts \u2013 F\u00f6r de varma m\u00e5naderna juli och augusti.<\/li>\n<li>M\u00f6ssa\/hatt f\u00f6r stranden<\/li>\n<\/ul>\n\n\t\t<\/div>\n\t<\/div>\n\n\t<div  class=\"wpb_single_image wpb_content_element vc_align_center\">\n\t\t\n\t\t<figure class=\"wpb_wrapper vc_figure\">\n\t\t\t<div class=\"vc_single_image-wrapper   vc_box_border_grey\"><img loading=\"lazy\" decoding=\"async\" width=\"2120\" height=\"1414\" src=\"https:\/\/southbourneschool.co.uk\/wp-content\/uploads\/2024\/08\/iStock-1587648434.jpg\" class=\"vc_single_image-img attachment-full\" alt=\"Kvinna med pass, smart telefon och resv\u00e4ska\" srcset=\"https:\/\/southbourneschool.co.uk\/wp-content\/uploads\/2024\/08\/iStock-1587648434.jpg 2120w, https:\/\/southbourneschool.co.uk\/wp-content\/uploads\/2024\/08\/iStock-1587648434-300x200.jpg 300w, https:\/\/southbourneschool.co.uk\/wp-content\/uploads\/2024\/08\/iStock-1587648434-1024x683.jpg 1024w, https:\/\/southbourneschool.co.uk\/wp-content\/uploads\/2024\/08\/iStock-1587648434-18x12.jpg 18w\" sizes=\"auto, (max-width: 2120px) 100vw, 2120px\" \/><\/div>\n\t\t<\/figure>\n\t<\/div>\n<\/div><\/div><\/div><\/div>","protected":false},"excerpt":{"rendered":"Resa till StorbritannienF\u00f6r att hj\u00e4lpa dig att f\u00f6rbereda dig inf\u00f6r din vistelse i England f\u00f6rs\u00f6ker vi ge dig s\u00e5 mycket information som m\u00f6jligt. Vad du ska ta med dig Vi fr\u00e5gade v\u00e5ra studenter vad de \u00f6nskade att de hade tagit med sig till England f\u00f6r att f\u00e5 ut det mesta av sin vistelse. Vi har&nbsp;<a href=\"https:\/\/southbourneschool.co.uk\/sv\/studying-in-bournemouth\/travelling-to-britain\/\">...<\/a>","protected":false},"author":12312401,"featured_media":3358,"parent":666,"menu_order":0,"comment_status":"closed","ping_status":"closed","template":"","meta":{"footnotes":""},"class_list":["post-672","page","type-page","status-publish","has-post-thumbnail","hentry","odd"],"yoast_head":"<!-- This site is optimized with the Yoast SEO plugin v27.4 - https:\/\/yoast.com\/product\/yoast-seo-wordpress\/ -->\n<title>Travelling to Britain - Guide - Southbourne School of English<\/title>\n<meta name=\"description\" content=\"To help prepare you for your stay in England, here is our guide on what to bring when you are planning to travel to Britain!\" \/>\n<meta name=\"robots\" content=\"index, follow, max-snippet:-1, max-image-preview:large, max-video-preview:-1\" \/>\n<link rel=\"canonical\" href=\"https:\/\/southbourneschool.co.uk\/sv\/studerar-i-bournemouth\/reser-till-storbritannien\/\" \/>\n<meta property=\"og:locale\" content=\"sv_SE\" \/>\n<meta property=\"og:type\" content=\"article\" \/>\n<meta property=\"og:title\" content=\"Travelling to Britain - Guide - Southbourne School of English\" \/>\n<meta property=\"og:description\" content=\"To help prepare you for your stay in England, here is our guide on what to bring when you are planning to travel to Britain!\" \/>\n<meta property=\"og:url\" content=\"https:\/\/southbourneschool.co.uk\/sv\/studerar-i-bournemouth\/reser-till-storbritannien\/\" \/>\n<meta property=\"og:site_name\" content=\"Southbourne School of English\" \/>\n<meta property=\"article:publisher\" content=\"https:\/\/www.facebook.com\/SouthbourneSchool\/\" \/>\n<meta property=\"article:modified_time\" content=\"2025-10-08T14:33:31+00:00\" \/>\n<meta property=\"og:image\" content=\"https:\/\/southbourneschool.co.uk\/wp-content\/uploads\/2024\/08\/iStock-1201478111-1024x683.jpg\" \/>\n\t<meta property=\"og:image:width\" content=\"1024\" \/>\n\t<meta property=\"og:image:height\" content=\"683\" \/>\n\t<meta property=\"og:image:type\" content=\"image\/jpeg\" \/>\n<meta name=\"twitter:card\" content=\"summary_large_image\" \/>\n<meta name=\"twitter:site\" content=\"@SouthbourneSofE\" \/>\n<meta name=\"twitter:label1\" content=\"Ber\u00e4knad l\u00e4stid\" \/>\n\t<meta name=\"twitter:data1\" content=\"3 minuter\" \/>\n<script type=\"application\/ld+json\" class=\"yoast-schema-graph\">{\"@context\":\"https:\\\/\\\/schema.org\",\"@graph\":[{\"@type\":\"WebPage\",\"@id\":\"https:\\\/\\\/southbourneschool.co.uk\\\/studying-in-bournemouth\\\/travelling-to-britain\\\/\",\"url\":\"https:\\\/\\\/southbourneschool.co.uk\\\/studying-in-bournemouth\\\/travelling-to-britain\\\/\",\"name\":\"Travelling to Britain - Guide - Southbourne School of English\",\"isPartOf\":{\"@id\":\"https:\\\/\\\/southbourneschool.co.uk\\\/#website\"},\"primaryImageOfPage\":{\"@id\":\"https:\\\/\\\/southbourneschool.co.uk\\\/studying-in-bournemouth\\\/travelling-to-britain\\\/#primaryimage\"},\"image\":{\"@id\":\"https:\\\/\\\/southbourneschool.co.uk\\\/studying-in-bournemouth\\\/travelling-to-britain\\\/#primaryimage\"},\"thumbnailUrl\":\"https:\\\/\\\/southbourneschool.co.uk\\\/wp-content\\\/uploads\\\/2024\\\/08\\\/iStock-1201478111.jpg\",\"datePublished\":\"2018-08-16T14:29:39+00:00\",\"dateModified\":\"2025-10-08T14:33:31+00:00\",\"description\":\"To help prepare you for your stay in England, here is our guide on what to bring when you are planning to travel to Britain!\",\"breadcrumb\":{\"@id\":\"https:\\\/\\\/southbourneschool.co.uk\\\/studying-in-bournemouth\\\/travelling-to-britain\\\/#breadcrumb\"},\"inLanguage\":\"sv-SE\",\"potentialAction\":[{\"@type\":\"ReadAction\",\"target\":[\"https:\\\/\\\/southbourneschool.co.uk\\\/studying-in-bournemouth\\\/travelling-to-britain\\\/\"]}]},{\"@type\":\"ImageObject\",\"inLanguage\":\"sv-SE\",\"@id\":\"https:\\\/\\\/southbourneschool.co.uk\\\/studying-in-bournemouth\\\/travelling-to-britain\\\/#primaryimage\",\"url\":\"https:\\\/\\\/southbourneschool.co.uk\\\/wp-content\\\/uploads\\\/2024\\\/08\\\/iStock-1201478111.jpg\",\"contentUrl\":\"https:\\\/\\\/southbourneschool.co.uk\\\/wp-content\\\/uploads\\\/2024\\\/08\\\/iStock-1201478111.jpg\",\"width\":2121,\"height\":1414,\"caption\":\"A view of London from a commercial flight, with the towers of London's financial centre, the City of London visible below the wingtip, and Tower Bridge at the bottom of the image.\"},{\"@type\":\"BreadcrumbList\",\"@id\":\"https:\\\/\\\/southbourneschool.co.uk\\\/studying-in-bournemouth\\\/travelling-to-britain\\\/#breadcrumb\",\"itemListElement\":[{\"@type\":\"ListItem\",\"position\":1,\"name\":\"Home\",\"item\":\"https:\\\/\\\/southbourneschool.co.uk\\\/\"},{\"@type\":\"ListItem\",\"position\":2,\"name\":\"Studying in Bournemouth\",\"item\":\"https:\\\/\\\/southbourneschool.co.uk\\\/studying-in-bournemouth\\\/\"},{\"@type\":\"ListItem\",\"position\":3,\"name\":\"Travelling to Britain\"}]},{\"@type\":\"WebSite\",\"@id\":\"https:\\\/\\\/southbourneschool.co.uk\\\/#website\",\"url\":\"https:\\\/\\\/southbourneschool.co.uk\\\/\",\"name\":\"Southbourne School of English\",\"description\":\"We make learning English fun. A language school in Bournemouth, ideally located by the sea in a suburb of Bournemouth called Southbourne, one of the UK\u2019s most popular locations for international students.\",\"publisher\":{\"@id\":\"https:\\\/\\\/southbourneschool.co.uk\\\/#organization\"},\"potentialAction\":[{\"@type\":\"SearchAction\",\"target\":{\"@type\":\"EntryPoint\",\"urlTemplate\":\"https:\\\/\\\/southbourneschool.co.uk\\\/?s={search_term_string}\"},\"query-input\":{\"@type\":\"PropertyValueSpecification\",\"valueRequired\":true,\"valueName\":\"search_term_string\"}}],\"inLanguage\":\"sv-SE\"},{\"@type\":\"Organization\",\"@id\":\"https:\\\/\\\/southbourneschool.co.uk\\\/#organization\",\"name\":\"Southbourne School of English\",\"alternateName\":\"SSE\",\"url\":\"https:\\\/\\\/southbourneschool.co.uk\\\/\",\"logo\":{\"@type\":\"ImageObject\",\"inLanguage\":\"sv-SE\",\"@id\":\"https:\\\/\\\/southbourneschool.co.uk\\\/#\\\/schema\\\/logo\\\/image\\\/\",\"url\":\"https:\\\/\\\/southbourneschool.co.uk\\\/wp-content\\\/uploads\\\/2026\\\/01\\\/SSE-60-Year-Anniversary-Logo.png\",\"contentUrl\":\"https:\\\/\\\/southbourneschool.co.uk\\\/wp-content\\\/uploads\\\/2026\\\/01\\\/SSE-60-Year-Anniversary-Logo.png\",\"width\":1964,\"height\":1965,\"caption\":\"Southbourne School of English\"},\"image\":{\"@id\":\"https:\\\/\\\/southbourneschool.co.uk\\\/#\\\/schema\\\/logo\\\/image\\\/\"},\"sameAs\":[\"https:\\\/\\\/www.facebook.com\\\/SouthbourneSchool\\\/\",\"https:\\\/\\\/x.com\\\/SouthbourneSofE\",\"https:\\\/\\\/www.instagram.com\\\/southbourneschoolofenglish\\\/\",\"https:\\\/\\\/www.tiktok.com\\\/@southbourne\",\"https:\\\/\\\/www.youtube.com\\\/@southbourneschoolofenglish4522\"]}]}<\/script>\n<!-- \/ Yoast SEO plugin. -->","yoast_head_json":{"title":"Resa till Storbritannien - Guide - Southbourne School of English","description":"F\u00f6r att hj\u00e4lpa dig att f\u00f6rbereda dig inf\u00f6r din vistelse i England, h\u00e4r \u00e4r v\u00e5r guide om vad du b\u00f6r ta med dig n\u00e4r du planerar att resa till Storbritannien!","robots":{"index":"index","follow":"follow","max-snippet":"max-snippet:-1","max-image-preview":"max-image-preview:large","max-video-preview":"max-video-preview:-1"},"canonical":"https:\/\/southbourneschool.co.uk\/sv\/studerar-i-bournemouth\/reser-till-storbritannien\/","og_locale":"sv_SE","og_type":"article","og_title":"Travelling to Britain - Guide - Southbourne School of English","og_description":"To help prepare you for your stay in England, here is our guide on what to bring when you are planning to travel to Britain!","og_url":"https:\/\/southbourneschool.co.uk\/sv\/studerar-i-bournemouth\/reser-till-storbritannien\/","og_site_name":"Southbourne School of English","article_publisher":"https:\/\/www.facebook.com\/SouthbourneSchool\/","article_modified_time":"2025-10-08T14:33:31+00:00","og_image":[{"width":1024,"height":683,"url":"https:\/\/southbourneschool.co.uk\/wp-content\/uploads\/2024\/08\/iStock-1201478111-1024x683.jpg","type":"image\/jpeg"}],"twitter_card":"summary_large_image","twitter_site":"@SouthbourneSofE","twitter_misc":{"Ber\u00e4knad l\u00e4stid":"3 minuter"},"schema":{"@context":"https:\/\/schema.org","@graph":[{"@type":"WebPage","@id":"https:\/\/southbourneschool.co.uk\/studying-in-bournemouth\/travelling-to-britain\/","url":"https:\/\/southbourneschool.co.uk\/studying-in-bournemouth\/travelling-to-britain\/","name":"Resa till Storbritannien - Guide - Southbourne School of English","isPartOf":{"@id":"https:\/\/southbourneschool.co.uk\/#website"},"primaryImageOfPage":{"@id":"https:\/\/southbourneschool.co.uk\/studying-in-bournemouth\/travelling-to-britain\/#primaryimage"},"image":{"@id":"https:\/\/southbourneschool.co.uk\/studying-in-bournemouth\/travelling-to-britain\/#primaryimage"},"thumbnailUrl":"https:\/\/southbourneschool.co.uk\/wp-content\/uploads\/2024\/08\/iStock-1201478111.jpg","datePublished":"2018-08-16T14:29:39+00:00","dateModified":"2025-10-08T14:33:31+00:00","description":"F\u00f6r att hj\u00e4lpa dig att f\u00f6rbereda dig inf\u00f6r din vistelse i England, h\u00e4r \u00e4r v\u00e5r guide om vad du b\u00f6r ta med dig n\u00e4r du planerar att resa till Storbritannien!","breadcrumb":{"@id":"https:\/\/southbourneschool.co.uk\/studying-in-bournemouth\/travelling-to-britain\/#breadcrumb"},"inLanguage":"sv-SE","potentialAction":[{"@type":"ReadAction","target":["https:\/\/southbourneschool.co.uk\/studying-in-bournemouth\/travelling-to-britain\/"]}]},{"@type":"ImageObject","inLanguage":"sv-SE","@id":"https:\/\/southbourneschool.co.uk\/studying-in-bournemouth\/travelling-to-britain\/#primaryimage","url":"https:\/\/southbourneschool.co.uk\/wp-content\/uploads\/2024\/08\/iStock-1201478111.jpg","contentUrl":"https:\/\/southbourneschool.co.uk\/wp-content\/uploads\/2024\/08\/iStock-1201478111.jpg","width":2121,"height":1414,"caption":"A view of London from a commercial flight, with the towers of London's financial centre, the City of London visible below the wingtip, and Tower Bridge at the bottom of the image."},{"@type":"BreadcrumbList","@id":"https:\/\/southbourneschool.co.uk\/studying-in-bournemouth\/travelling-to-britain\/#breadcrumb","itemListElement":[{"@type":"ListItem","position":1,"name":"Home","item":"https:\/\/southbourneschool.co.uk\/"},{"@type":"ListItem","position":2,"name":"Studying in Bournemouth","item":"https:\/\/southbourneschool.co.uk\/studying-in-bournemouth\/"},{"@type":"ListItem","position":3,"name":"Travelling to Britain"}]},{"@type":"WebSite","@id":"https:\/\/southbourneschool.co.uk\/#website","url":"https:\/\/southbourneschool.co.uk\/","name":"Southbourne School of English","description":"Vi g\u00f6r det roligt att l\u00e4ra sig engelska. En spr\u00e5kskola i Bournemouth, idealiskt bel\u00e4gen vid havet i en f\u00f6rort till Bournemouth som heter Southbourne, en av Storbritanniens mest popul\u00e4ra platser f\u00f6r internationella studenter.","publisher":{"@id":"https:\/\/southbourneschool.co.uk\/#organization"},"potentialAction":[{"@type":"SearchAction","target":{"@type":"EntryPoint","urlTemplate":"https:\/\/southbourneschool.co.uk\/?s={search_term_string}"},"query-input":{"@type":"PropertyValueSpecification","valueRequired":true,"valueName":"search_term_string"}}],"inLanguage":"sv-SE"},{"@type":"Organization","@id":"https:\/\/southbourneschool.co.uk\/#organization","name":"Southbourne School of English","alternateName":"SSE","url":"https:\/\/southbourneschool.co.uk\/","logo":{"@type":"ImageObject","inLanguage":"sv-SE","@id":"https:\/\/southbourneschool.co.uk\/#\/schema\/logo\/image\/","url":"https:\/\/southbourneschool.co.uk\/wp-content\/uploads\/2026\/01\/SSE-60-Year-Anniversary-Logo.png","contentUrl":"https:\/\/southbourneschool.co.uk\/wp-content\/uploads\/2026\/01\/SSE-60-Year-Anniversary-Logo.png","width":1964,"height":1965,"caption":"Southbourne School of English"},"image":{"@id":"https:\/\/southbourneschool.co.uk\/#\/schema\/logo\/image\/"},"sameAs":["https:\/\/www.facebook.com\/SouthbourneSchool\/","https:\/\/x.com\/SouthbourneSofE","https:\/\/www.instagram.com\/southbourneschoolofenglish\/","https:\/\/www.tiktok.com\/@southbourne","https:\/\/www.youtube.com\/@southbourneschoolofenglish4522"]}]}},"featured_image_src":"https:\/\/southbourneschool.co.uk\/wp-content\/uploads\/2024\/08\/iStock-1201478111-600x400.jpg","featured_image_src_square":"https:\/\/southbourneschool.co.uk\/wp-content\/uploads\/2024\/08\/iStock-1201478111-600x600.jpg","_links":{"self":[{"href":"https:\/\/southbourneschool.co.uk\/sv\/wp-json\/wp\/v2\/pages\/672","targetHints":{"allow":["GET"]}}],"collection":[{"href":"https:\/\/southbourneschool.co.uk\/sv\/wp-json\/wp\/v2\/pages"}],"about":[{"href":"https:\/\/southbourneschool.co.uk\/sv\/wp-json\/wp\/v2\/types\/page"}],"author":[{"embeddable":true,"href":"https:\/\/southbourneschool.co.uk\/sv\/wp-json\/wp\/v2\/users\/12312401"}],"replies":[{"embeddable":true,"href":"https:\/\/southbourneschool.co.uk\/sv\/wp-json\/wp\/v2\/comments?post=672"}],"version-history":[{"count":0,"href":"https:\/\/southbourneschool.co.uk\/sv\/wp-json\/wp\/v2\/pages\/672\/revisions"}],"up":[{"embeddable":true,"href":"https:\/\/southbourneschool.co.uk\/sv\/wp-json\/wp\/v2\/pages\/666"}],"wp:featuredmedia":[{"embeddable":true,"href":"https:\/\/southbourneschool.co.uk\/sv\/wp-json\/wp\/v2\/media\/3358"}],"wp:attachment":[{"href":"https:\/\/southbourneschool.co.uk\/sv\/wp-json\/wp\/v2\/media?parent=672"}],"curies":[{"name":"wp","href":"https:\/\/api.w.org\/{rel}","templated":true}]}}