{"id":706,"date":"2018-08-16T16:00:39","date_gmt":"2018-08-16T15:00:39","guid":{"rendered":"https:\/\/southbournese.wpengine.com\/?page_id=706"},"modified":"2024-10-16T15:50:47","modified_gmt":"2024-10-16T14:50:47","slug":"boendevalfard","status":"publish","type":"page","link":"https:\/\/southbourneschool.co.uk\/sv\/studying-in-bournemouth\/accommodation-welfare\/","title":{"rendered":"Boende &amp; v\u00e4lf\u00e4rd"},"content":{"rendered":"<section data-vc-full-width=\"true\" data-vc-full-width-init=\"false\" data-vc-stretch-content=\"true\" class=\"vc_section vc_custom_1723040277974 vc_section-has-fill\"><\/section><div class=\"vc_row-full-width vc_clearfix\"><\/div><div class=\"vc_row wpb_row vc_row-fluid vc_custom_1532605005893\"><div class=\"wpb_column vc_column_container vc_col-sm-8\"><div class=\"vc_column-inner vc_custom_1534429877191\"><div class=\"wpb_wrapper\"><h1 style=\"text-align: left\" class=\"vc_custom_heading vc_custom_1534431313579\" >Boende &amp; v\u00e4lf\u00e4rd<\/h1><h4 style=\"text-align: left\" class=\"vc_custom_heading vc_custom_1712919193342\" >Vi vill att v\u00e5ra elever ska k\u00e4nna sig som ett &quot;hem borta fr\u00e5n hemmet&quot;.<\/h4>\n\t<div class=\"wpb_text_column wpb_content_element  vc_custom_1712919557153\" >\n\t\t<div class=\"wpb_wrapper\">\n\t\t\t<p>Vi vill att en elevs vistelse p\u00e5 Southbourne School of English ska vara s\u00e5 bekv\u00e4m och minnesv\u00e4rd som m\u00f6jligt. Efter skolan finns det m\u00f6jligheter f\u00f6r eleverna att umg\u00e5s med sina v\u00e4rdar eller delta i valfria kv\u00e4llsaktiviteter.<\/p>\n<p>V\u00e4rdfamiljsboende \u00e4r ett mycket popul\u00e4rt val f\u00f6r studenter, eftersom det g\u00f6r en enorm skillnad f\u00f6r hur v\u00e4l de l\u00e4r sig engelska och brittisk kultur.<\/p>\n<p>V\u00e5r engagerade boendeansvarig placerar elever fr\u00e5n 10 \u00e5r i boende med hemvist, antingen inom g\u00e5ngavst\u00e5nd eller en kort bussresa fr\u00e5n skolan.<\/p>\n\n\t\t<\/div>\n\t<\/div>\n<\/div><\/div><\/div><div class=\"wpb_column vc_column_container vc_col-sm-4 vc_hidden-xs\"><div class=\"vc_column-inner\"><div class=\"wpb_wrapper\"><div  class=\"vc_wp_custommenu wpb_content_element child-page-menu\"><div class=\"widget widget_nav_menu\"><div class=\"menu-studying-in-bournemouth-child-container\"><ul id=\"menu-studying-in-bournemouth-child\" class=\"menu\"><li id=\"menu-item-688\" class=\"menu-item menu-item-type-post_type menu-item-object-page menu-item-has-children menu-item-688 msm-top-level-item\"><a href=\"https:\/\/southbourneschool.co.uk\/sv\/studying-in-bournemouth\/\">Studera i Bournemouth<\/a>\n<ul class=\"sub-menu\">\n\t<li id=\"menu-item-687\" class=\"menu-item menu-item-type-post_type menu-item-object-page menu-item-687\"><a href=\"https:\/\/southbourneschool.co.uk\/sv\/studying-in-bournemouth\/travelling-to-britain\/\">Resa till Storbritannien<\/a><\/li>\n\t<li id=\"menu-item-705\" class=\"menu-item menu-item-type-post_type menu-item-object-page menu-item-705\"><a href=\"https:\/\/southbourneschool.co.uk\/sv\/studying-in-bournemouth\/school-activities\/\">Aktiviteter i skolan<\/a><\/li>\n\t<li id=\"menu-item-704\" class=\"menu-item menu-item-type-post_type menu-item-object-page menu-item-704\"><a href=\"https:\/\/southbourneschool.co.uk\/sv\/studying-in-bournemouth\/our-location\/\">V\u00e5rt l\u00e4ge<\/a><\/li>\n\t<li id=\"menu-item-723\" class=\"menu-item menu-item-type-post_type menu-item-object-page menu-item-723\"><a href=\"https:\/\/southbourneschool.co.uk\/sv\/studying-in-bournemouth\/accommodation-welfare\/\">Boende &amp; v\u00e4lf\u00e4rd<\/a><\/li>\n\t<li id=\"menu-item-729\" class=\"menu-item menu-item-type-post_type menu-item-object-page menu-item-729\"><a href=\"https:\/\/southbourneschool.co.uk\/sv\/studying-in-bournemouth\/accommodation-welfare\/homestay\/\">Hemester<\/a><\/li>\n\t<li id=\"menu-item-733\" class=\"menu-item menu-item-type-post_type menu-item-object-page menu-item-733\"><a href=\"https:\/\/southbourneschool.co.uk\/sv\/studying-in-bournemouth\/accommodation-welfare\/guesthouses-hotels\/\">G\u00e4sthus &amp; hotell<\/a><\/li>\n<\/ul>\n<\/li>\n<\/ul><\/div><\/div><\/div><\/div><\/div><\/div><\/div><div class=\"vc_row wpb_row vc_row-fluid vc_custom_1490099324525 vc_column-gap-10\"><div class=\"wpb_column vc_column_container vc_col-sm-9\"><div class=\"vc_column-inner\"><div class=\"wpb_wrapper\">\n\t<div class=\"wpb_text_column wpb_content_element  vc_custom_1729090244571\" >\n\t\t<div class=\"wpb_wrapper\">\n\t\t\t<h2>Boende och v\u00e4lf\u00e4rd<\/h2>\n<p>Boende- och v\u00e4lf\u00e4rdshandl\u00e4ggarna finns b\u00e5da h\u00e4r f\u00f6r att se till att v\u00e5ra elever \u00e4r glada och friska. S\u00e5 oavsett hur stort eller litet problemet \u00e4r, finns de d\u00e4r f\u00f6r att hj\u00e4lpa till.<\/p>\n<p>N\u00e4r studenter s\u00f6ker medicinsk r\u00e5dgivning bes\u00f6ker de flesta v\u00e4rdsl\u00e4karen eller tandl\u00e4karen, men vi kan hj\u00e4lpa till att boka tid. Innan du reser till Storbritannien rekommenderar vi att du tecknar en f\u00f6rs\u00e4kring. Studenter fr\u00e5n EU kan ans\u00f6ka om ett brittiskt GHIC-kort.<\/p>\n<p>Vi har ocks\u00e5 en 24-timmars jourtelefon f\u00f6r v\u00e4rdar och studenter. En medarbetare hj\u00e4lper dig vid eventuella n\u00f6dsituationer utanf\u00f6r \u00f6ppettiderna.<\/p>\n<p>\u00c4ldre elever under 18 \u00e5r som reser sj\u00e4lvst\u00e4ndigt tr\u00e4ffar v\u00e5r v\u00e4lf\u00e4rdshandl\u00e4ggare en g\u00e5ng i veckan. De pratar med honom om eventuella problem eller sv\u00e5righeter de har med att anpassa sig till livet i England.<\/p>\n<p><em>*Mer information finns i skolans reception<\/em><\/p>\n<h2>V\u00e4lf\u00e4rd<\/h2>\n<p>I Storbritannien r\u00e4knas alla under 18 \u00e5r som minder\u00e5riga. Vi m\u00e5ste ta extra hand om elever under 18 \u00e5r. Varje vecka kommer det att h\u00e5llas ett m\u00f6te med v\u00e5r v\u00e4lf\u00e4rdshandl\u00e4ggare, Charlie, f\u00f6r elever som \u00e4r 15, 16 eller 17 \u00e5r gamla och inte ing\u00e5r i en grupp. Eleverna m\u00e5ste delta i detta m\u00f6te. Kathryn kommer att kontrollera att allt \u00e4r okej med deras vistelse. Om eleverna har n\u00e5gra problem eller \u00e4r oroliga f\u00f6r n\u00e5got kan de prata med Kathryn n\u00e4r som helst. Om de vill prata med henne enskilt kommer hon att ordna ett samtal med dem.<\/p>\n<p>Om elever \u00e4r fr\u00e5nvarande fr\u00e5n skolan kommer l\u00e4raren att rapportera det, s\u00e5 det \u00e4r viktigt att eleverna kommer i tid varje dag. Om en elev \u00e4r sjuk kan de prata med v\u00e5r kurator f\u00f6r att boka en l\u00e4kartid.<\/p>\n<p>Vi ber eleverna att vara artiga och meddela sina v\u00e4rdar vart de ska n\u00e4r de l\u00e4mnar huset. Om de till exempel missar bussen hem och blir sena, b\u00f6r de ringa v\u00e4rden f\u00f6r att meddela dem. Elever som vi inte kan f\u00e5 kontakt med kommer att anm\u00e4las som f\u00f6rsvunna till polisen.<\/p>\n<p>Det \u00e4r viktigt att komma ih\u00e5g att i Storbritannien:<\/p>\n<ul>\n<li>Det \u00e4r olagligt att k\u00f6pa alkohol under 18 \u00e5r<\/li>\n<li>Det \u00e4r olagligt att k\u00f6pa cigaretter under 18 \u00e5r<\/li>\n<\/ul>\n<p>Det \u00e4r viktigt f\u00f6r f\u00f6r\u00e4ldrar att veta att elever som studerar p\u00e5 en vuxenkurs (15+ \u00e5r) inte kommer att \u00f6vervakas p\u00e5 raster, efter skolan och under kv\u00e4llsaktiviteter.<\/p>\n<p>O\u00f6vervakade uteg\u00e5ngsf\u00f6rbud f\u00f6r personer under 18 \u00e5r varierar \u2013 v\u00e5r skolpolicy \u00e4r:<\/p>\n<p><strong>12 \u00e5r och yngre<\/strong><br \/>\nInte till\u00e5ten att g\u00e5 ut utan uppsikt<\/p>\n<p><strong>13-14-\u00e5ringar<\/strong><br \/>\n21:00<\/p>\n<p><strong>15-\u00e5ringar<\/strong><br \/>\n22:00<\/p>\n<p><strong>16-17-\u00e5ringar<\/strong><br \/>\n23:00<\/p>\n<p><strong>18+ \u00e5r gammal<\/strong><br \/>\nInget uteg\u00e5ngsf\u00f6rbud \u2013 de kommer att f\u00e5 en nyckel av en v\u00e4rd s\u00e5 att de kan komma och g\u00e5 som de beh\u00f6ver, inom rimliga gr\u00e4nser.<\/p>\n<p>Detta g\u00e4ller om inte agenten, f\u00f6r\u00e4ldern eller gruppledaren har specificerat n\u00e5got annat.<\/p>\n\n\t\t<\/div>\n\t<\/div>\n<\/div><\/div><\/div><\/div>","protected":false},"excerpt":{"rendered":"Boende och v\u00e4lf\u00e4rd Vi vill att v\u00e5ra elever ska k\u00e4nna sig som ett &quot;hem borta fr\u00e5n hemmet&quot;. Vi vill att en elevs vistelse p\u00e5 Southbourne School of English ska vara s\u00e5 bekv\u00e4m och minnesv\u00e4rd som m\u00f6jligt. Efter skolan finns det m\u00f6jligheter f\u00f6r eleverna att tillbringa tid&nbsp;<a href=\"https:\/\/southbourneschool.co.uk\/sv\/studying-in-bournemouth\/accommodation-welfare\/\">...<\/a>","protected":false},"author":12312401,"featured_media":0,"parent":666,"menu_order":0,"comment_status":"closed","ping_status":"closed","template":"","meta":{"footnotes":""},"class_list":["post-706","page","type-page","status-publish","hentry","odd"],"yoast_head":"<!-- This site is optimized with the Yoast SEO plugin v27.4 - https:\/\/yoast.com\/product\/yoast-seo-wordpress\/ -->\n<title>Accommodation &amp; Welfare - Southbourne School of English<\/title>\n<meta name=\"description\" content=\"It makes a huge difference to how well you learn if you feel happy and at home in your choice of accommodation. That&#039;s why we want your stay at ...\" \/>\n<meta name=\"robots\" content=\"index, follow, max-snippet:-1, max-image-preview:large, max-video-preview:-1\" \/>\n<link rel=\"canonical\" href=\"https:\/\/southbourneschool.co.uk\/sv\/studerar-i-bournemouth\/boendevalfard\/\" \/>\n<meta property=\"og:locale\" content=\"sv_SE\" \/>\n<meta property=\"og:type\" content=\"article\" \/>\n<meta property=\"og:title\" content=\"Accommodation &amp; Welfare - Southbourne School of English\" \/>\n<meta property=\"og:description\" content=\"It makes a huge difference to how well you learn if you feel happy and at home in your choice of accommodation. That&#039;s why we want your stay at ...\" \/>\n<meta property=\"og:url\" content=\"https:\/\/southbourneschool.co.uk\/sv\/studerar-i-bournemouth\/boendevalfard\/\" \/>\n<meta property=\"og:site_name\" content=\"Southbourne School of English\" \/>\n<meta property=\"article:publisher\" content=\"https:\/\/www.facebook.com\/SouthbourneSchool\/\" \/>\n<meta property=\"article:modified_time\" content=\"2024-10-16T14:50:47+00:00\" \/>\n<meta name=\"twitter:card\" content=\"summary_large_image\" \/>\n<meta name=\"twitter:site\" content=\"@SouthbourneSofE\" \/>\n<meta name=\"twitter:label1\" content=\"Ber\u00e4knad l\u00e4stid\" \/>\n\t<meta name=\"twitter:data1\" content=\"3 minuter\" \/>\n<script type=\"application\/ld+json\" class=\"yoast-schema-graph\">{\"@context\":\"https:\\\/\\\/schema.org\",\"@graph\":[{\"@type\":\"WebPage\",\"@id\":\"https:\\\/\\\/southbourneschool.co.uk\\\/studying-in-bournemouth\\\/accommodation-welfare\\\/\",\"url\":\"https:\\\/\\\/southbourneschool.co.uk\\\/studying-in-bournemouth\\\/accommodation-welfare\\\/\",\"name\":\"Accommodation & Welfare - Southbourne School of English\",\"isPartOf\":{\"@id\":\"https:\\\/\\\/southbourneschool.co.uk\\\/#website\"},\"datePublished\":\"2018-08-16T15:00:39+00:00\",\"dateModified\":\"2024-10-16T14:50:47+00:00\",\"description\":\"It makes a huge difference to how well you learn if you feel happy and at home in your choice of accommodation. That's why we want your stay at ...\",\"breadcrumb\":{\"@id\":\"https:\\\/\\\/southbourneschool.co.uk\\\/studying-in-bournemouth\\\/accommodation-welfare\\\/#breadcrumb\"},\"inLanguage\":\"sv-SE\",\"potentialAction\":[{\"@type\":\"ReadAction\",\"target\":[\"https:\\\/\\\/southbourneschool.co.uk\\\/studying-in-bournemouth\\\/accommodation-welfare\\\/\"]}]},{\"@type\":\"BreadcrumbList\",\"@id\":\"https:\\\/\\\/southbourneschool.co.uk\\\/studying-in-bournemouth\\\/accommodation-welfare\\\/#breadcrumb\",\"itemListElement\":[{\"@type\":\"ListItem\",\"position\":1,\"name\":\"Home\",\"item\":\"https:\\\/\\\/southbourneschool.co.uk\\\/\"},{\"@type\":\"ListItem\",\"position\":2,\"name\":\"Studying in Bournemouth\",\"item\":\"https:\\\/\\\/southbourneschool.co.uk\\\/studying-in-bournemouth\\\/\"},{\"@type\":\"ListItem\",\"position\":3,\"name\":\"Accommodation &#038; Welfare\"}]},{\"@type\":\"WebSite\",\"@id\":\"https:\\\/\\\/southbourneschool.co.uk\\\/#website\",\"url\":\"https:\\\/\\\/southbourneschool.co.uk\\\/\",\"name\":\"Southbourne School of English\",\"description\":\"We make learning English fun. A language school in Bournemouth, ideally located by the sea in a suburb of Bournemouth called Southbourne, one of the UK\u2019s most popular locations for international students.\",\"publisher\":{\"@id\":\"https:\\\/\\\/southbourneschool.co.uk\\\/#organization\"},\"potentialAction\":[{\"@type\":\"SearchAction\",\"target\":{\"@type\":\"EntryPoint\",\"urlTemplate\":\"https:\\\/\\\/southbourneschool.co.uk\\\/?s={search_term_string}\"},\"query-input\":{\"@type\":\"PropertyValueSpecification\",\"valueRequired\":true,\"valueName\":\"search_term_string\"}}],\"inLanguage\":\"sv-SE\"},{\"@type\":\"Organization\",\"@id\":\"https:\\\/\\\/southbourneschool.co.uk\\\/#organization\",\"name\":\"Southbourne School of English\",\"alternateName\":\"SSE\",\"url\":\"https:\\\/\\\/southbourneschool.co.uk\\\/\",\"logo\":{\"@type\":\"ImageObject\",\"inLanguage\":\"sv-SE\",\"@id\":\"https:\\\/\\\/southbourneschool.co.uk\\\/#\\\/schema\\\/logo\\\/image\\\/\",\"url\":\"https:\\\/\\\/southbourneschool.co.uk\\\/wp-content\\\/uploads\\\/2026\\\/01\\\/SSE-60-Year-Anniversary-Logo.png\",\"contentUrl\":\"https:\\\/\\\/southbourneschool.co.uk\\\/wp-content\\\/uploads\\\/2026\\\/01\\\/SSE-60-Year-Anniversary-Logo.png\",\"width\":1964,\"height\":1965,\"caption\":\"Southbourne School of English\"},\"image\":{\"@id\":\"https:\\\/\\\/southbourneschool.co.uk\\\/#\\\/schema\\\/logo\\\/image\\\/\"},\"sameAs\":[\"https:\\\/\\\/www.facebook.com\\\/SouthbourneSchool\\\/\",\"https:\\\/\\\/x.com\\\/SouthbourneSofE\",\"https:\\\/\\\/www.instagram.com\\\/southbourneschoolofenglish\\\/\",\"https:\\\/\\\/www.tiktok.com\\\/@southbourne\",\"https:\\\/\\\/www.youtube.com\\\/@southbourneschoolofenglish4522\"]}]}<\/script>\n<!-- \/ Yoast SEO plugin. -->","yoast_head_json":{"title":"Boende och v\u00e4lf\u00e4rd - Southbourne School of English","description":"Det g\u00f6r en enorm skillnad f\u00f6r hur bra du l\u00e4r dig om du k\u00e4nner dig lycklig och hemma i ditt valda boende. Det \u00e4r d\u00e4rf\u00f6r vi vill att din vistelse p\u00e5 ...","robots":{"index":"index","follow":"follow","max-snippet":"max-snippet:-1","max-image-preview":"max-image-preview:large","max-video-preview":"max-video-preview:-1"},"canonical":"https:\/\/southbourneschool.co.uk\/sv\/studerar-i-bournemouth\/boendevalfard\/","og_locale":"sv_SE","og_type":"article","og_title":"Accommodation & Welfare - Southbourne School of English","og_description":"It makes a huge difference to how well you learn if you feel happy and at home in your choice of accommodation. That's why we want your stay at ...","og_url":"https:\/\/southbourneschool.co.uk\/sv\/studerar-i-bournemouth\/boendevalfard\/","og_site_name":"Southbourne School of English","article_publisher":"https:\/\/www.facebook.com\/SouthbourneSchool\/","article_modified_time":"2024-10-16T14:50:47+00:00","twitter_card":"summary_large_image","twitter_site":"@SouthbourneSofE","twitter_misc":{"Ber\u00e4knad l\u00e4stid":"3 minuter"},"schema":{"@context":"https:\/\/schema.org","@graph":[{"@type":"WebPage","@id":"https:\/\/southbourneschool.co.uk\/studying-in-bournemouth\/accommodation-welfare\/","url":"https:\/\/southbourneschool.co.uk\/studying-in-bournemouth\/accommodation-welfare\/","name":"Boende och v\u00e4lf\u00e4rd - Southbourne School of English","isPartOf":{"@id":"https:\/\/southbourneschool.co.uk\/#website"},"datePublished":"2018-08-16T15:00:39+00:00","dateModified":"2024-10-16T14:50:47+00:00","description":"Det g\u00f6r en enorm skillnad f\u00f6r hur bra du l\u00e4r dig om du k\u00e4nner dig lycklig och hemma i ditt valda boende. Det \u00e4r d\u00e4rf\u00f6r vi vill att din vistelse p\u00e5 ...","breadcrumb":{"@id":"https:\/\/southbourneschool.co.uk\/studying-in-bournemouth\/accommodation-welfare\/#breadcrumb"},"inLanguage":"sv-SE","potentialAction":[{"@type":"ReadAction","target":["https:\/\/southbourneschool.co.uk\/studying-in-bournemouth\/accommodation-welfare\/"]}]},{"@type":"BreadcrumbList","@id":"https:\/\/southbourneschool.co.uk\/studying-in-bournemouth\/accommodation-welfare\/#breadcrumb","itemListElement":[{"@type":"ListItem","position":1,"name":"Home","item":"https:\/\/southbourneschool.co.uk\/"},{"@type":"ListItem","position":2,"name":"Studying in Bournemouth","item":"https:\/\/southbourneschool.co.uk\/studying-in-bournemouth\/"},{"@type":"ListItem","position":3,"name":"Accommodation &#038; Welfare"}]},{"@type":"WebSite","@id":"https:\/\/southbourneschool.co.uk\/#website","url":"https:\/\/southbourneschool.co.uk\/","name":"Southbourne School of English","description":"Vi g\u00f6r det roligt att l\u00e4ra sig engelska. En spr\u00e5kskola i Bournemouth, idealiskt bel\u00e4gen vid havet i en f\u00f6rort till Bournemouth som heter Southbourne, en av Storbritanniens mest popul\u00e4ra platser f\u00f6r internationella studenter.","publisher":{"@id":"https:\/\/southbourneschool.co.uk\/#organization"},"potentialAction":[{"@type":"SearchAction","target":{"@type":"EntryPoint","urlTemplate":"https:\/\/southbourneschool.co.uk\/?s={search_term_string}"},"query-input":{"@type":"PropertyValueSpecification","valueRequired":true,"valueName":"search_term_string"}}],"inLanguage":"sv-SE"},{"@type":"Organization","@id":"https:\/\/southbourneschool.co.uk\/#organization","name":"Southbourne School of English","alternateName":"SSE","url":"https:\/\/southbourneschool.co.uk\/","logo":{"@type":"ImageObject","inLanguage":"sv-SE","@id":"https:\/\/southbourneschool.co.uk\/#\/schema\/logo\/image\/","url":"https:\/\/southbourneschool.co.uk\/wp-content\/uploads\/2026\/01\/SSE-60-Year-Anniversary-Logo.png","contentUrl":"https:\/\/southbourneschool.co.uk\/wp-content\/uploads\/2026\/01\/SSE-60-Year-Anniversary-Logo.png","width":1964,"height":1965,"caption":"Southbourne School of English"},"image":{"@id":"https:\/\/southbourneschool.co.uk\/#\/schema\/logo\/image\/"},"sameAs":["https:\/\/www.facebook.com\/SouthbourneSchool\/","https:\/\/x.com\/SouthbourneSofE","https:\/\/www.instagram.com\/southbourneschoolofenglish\/","https:\/\/www.tiktok.com\/@southbourne","https:\/\/www.youtube.com\/@southbourneschoolofenglish4522"]}]}},"featured_image_src":null,"featured_image_src_square":null,"_links":{"self":[{"href":"https:\/\/southbourneschool.co.uk\/sv\/wp-json\/wp\/v2\/pages\/706","targetHints":{"allow":["GET"]}}],"collection":[{"href":"https:\/\/southbourneschool.co.uk\/sv\/wp-json\/wp\/v2\/pages"}],"about":[{"href":"https:\/\/southbourneschool.co.uk\/sv\/wp-json\/wp\/v2\/types\/page"}],"author":[{"embeddable":true,"href":"https:\/\/southbourneschool.co.uk\/sv\/wp-json\/wp\/v2\/users\/12312401"}],"replies":[{"embeddable":true,"href":"https:\/\/southbourneschool.co.uk\/sv\/wp-json\/wp\/v2\/comments?post=706"}],"version-history":[{"count":0,"href":"https:\/\/southbourneschool.co.uk\/sv\/wp-json\/wp\/v2\/pages\/706\/revisions"}],"up":[{"embeddable":true,"href":"https:\/\/southbourneschool.co.uk\/sv\/wp-json\/wp\/v2\/pages\/666"}],"wp:attachment":[{"href":"https:\/\/southbourneschool.co.uk\/sv\/wp-json\/wp\/v2\/media?parent=706"}],"curies":[{"name":"wp","href":"https:\/\/api.w.org\/{rel}","templated":true}]}}