{"id":611,"date":"2018-08-16T13:03:22","date_gmt":"2018-08-16T12:03:22","guid":{"rendered":"https:\/\/southbournese.wpengine.com\/?page_id=611"},"modified":"2026-03-03T10:18:16","modified_gmt":"2026-03-03T10:18:16","slug":"genc-dil-kurslari","status":"publish","type":"page","link":"https:\/\/southbourneschool.co.uk\/tr\/english-courses\/junior-language-courses\/","title":{"rendered":"Junior \u0130ngilizce Kurslar\u0131"},"content":{"rendered":"<section data-vc-full-width=\"true\" data-vc-full-width-init=\"false\" class=\"vc_section vc_custom_1723043349579 vc_section-has-fill\"><\/section><div class=\"vc_row-full-width vc_clearfix\"><\/div><div class=\"vc_row wpb_row vc_row-fluid vc_custom_1532605005893\"><div class=\"wpb_column vc_column_container vc_col-sm-7\"><div class=\"vc_column-inner vc_custom_1532527698189\"><div class=\"wpb_wrapper\"><h1 style=\"color: #7bbb58;text-align: left\" class=\"vc_custom_heading vc_custom_1743678623603\" >Junior \u0130ngilizce Kurslar\u0131<br \/>\n(Ya\u015f 9-15)<\/h1><h4 style=\"text-align: left\" class=\"vc_custom_heading\" >9+ ya\u015f (e\u011fer evde konaklama gerekiyorsa 10+ ya\u015f) \u00f6\u011frenciler i\u00e7in kendi grup liderleri e\u015fli\u011finde y\u00fcksek kaliteli Junior \u0130ngilizce Kurslar\u0131 d\u00fczenliyoruz. Junior \u00f6\u011frenciler okulumuzda e\u011fitim g\u00f6rebilir ve yaz tatillerinde bir ev sahibiyle ya\u015fayabilirler.<\/h4><section class=\"vc_cta3-container\"><div class=\"vc_general vc_cta3 vc_cta3-style-classic vc_cta3-shape-rounded vc_cta3-align-center vc_cta3-color-classic vc_cta3-icon-size-md vc_cta3-actions-bottom\"><div class=\"vc_cta3_content-container\"><div class=\"vc_cta3-content\"><header class=\"vc_cta3-content-header\"><h2>\u0130ngilizce kursuna kaydolmaya haz\u0131r m\u0131s\u0131n\u0131z?<\/h2><\/header><p>Kay\u0131t olmaya haz\u0131rsan\u0131z, \u00e7evrimi\u00e7i kay\u0131t formumuzu doldurun ve ekibimizden biri en k\u0131sa s\u00fcrede sizinle ileti\u015fime ge\u00e7ecektir!<\/p>\n<\/div><div class=\"vc_cta3-actions\"><div class=\"vc_btn3-container vc_btn3-center\" ><a class=\"vc_general vc_btn3 vc_btn3-size-lg vc_btn3-shape-rounded vc_btn3-style-modern vc_btn3-block vc_btn3-color-primary\" href=\"https:\/\/forms.office.com\/e\/70XEEbmTWM\" title=\"\u00c7evrimi\u00e7i kay\u0131t formu\" target=\"_blank\">\u00c7evrimi\u00e7i kay\u0131t formu<\/a><\/div><\/div><\/div><\/div><\/section>\n\t<div class=\"wpb_video_widget wpb_content_element vc_clearfix   vc_video-aspect-ratio-169 vc_video-el-width-100 vc_video-align-left\" >\n\t\t<div class=\"wpb_wrapper\">\n\t\t\t\n\t\t\t<div class=\"wpb_video_wrapper\"><iframe loading=\"lazy\" title=\"Junior Program\u0131 - Southbourne School of English\" width=\"1200\" height=\"675\" src=\"https:\/\/www.youtube.com\/embed\/SaqugXhdl10?feature=oembed\" frameborder=\"0\" allow=\"accelerometer; autoplay; clipboard-write; encrypted-media; gyroscope; picture-in-picture; web-share\" allowfullscreen><\/iframe><\/div>\n\t\t<\/div>\n\t<\/div>\n\n\t<div class=\"wpb_text_column wpb_content_element  vc_custom_1743676882108\" >\n\t\t<div class=\"wpb_wrapper\">\n\t\t\t<p>Bireysel \u00f6\u011frenciler, her cumartesi tam g\u00fcn gezi i\u00e7eren e\u011flenceli, \u00e7e\u015fitli bir aktivite program\u0131 i\u00e7eren yaz \u0130ngilizce programlar\u0131m\u0131za kat\u0131labilir. Ayr\u0131ca y\u0131l boyunca 9 ya\u015f ve \u00fczeri gen\u00e7 gruplar\u0131n\u0131 da kabul ediyoruz.<\/p>\n<h4>Yaz Junior \u0130ngilizce kurslar\u0131<\/h4>\n<ul>\n<li>Ya\u015flar \u2013 9 ila 15<\/li>\n<li>Aile yan\u0131nda konaklama*<\/li>\n<li>15 saat ders<\/li>\n<li>Mevcutluk \u2013 Tarihler ve fiyatlar i\u00e7in yukar\u0131ya bak\u0131n<\/li>\n<\/ul>\n<h4>Y\u0131l boyu Gen\u00e7 grup kurslar\u0131<\/h4>\n<ul>\n<li>Ya\u015flar \u2013 9 ila 15<\/li>\n<li>Aile yan\u0131nda konaklama*<\/li>\n<li>Haftada 15 saat ders<\/li>\n<li>T\u00fcm y\u0131l boyunca kullan\u0131labilirlik<\/li>\n<\/ul>\n<p>*Aile yan\u0131nda konaklama yaln\u0131zca 10 ya\u015f ve \u00fczeri \u00f6\u011frenciler i\u00e7in ge\u00e7erlidir.<\/p>\n\n\t\t<\/div>\n\t<\/div>\n\n<div class=\"vc_grid-container-wrapper vc_clearfix\">\n\t<div class=\"vc_grid-container vc_clearfix wpb_content_element vc_masonry_media_grid\" data-initial-loading-animation=\"zoomIn\" data-vc-grid-settings=\"{&quot;page_id&quot;:611,&quot;style&quot;:&quot;all-masonry&quot;,&quot;action&quot;:&quot;vc_get_vc_grid_data&quot;,&quot;shortcode_id&quot;:&quot;1772532845482-a61c8f57-304c-5&quot;,&quot;tag&quot;:&quot;vc_masonry_media_grid&quot;}\" data-vc-request=\"https:\/\/southbourneschool.co.uk\/wp-admin\/admin-ajax.php\" data-vc-post-id=\"611\" data-vc-public-nonce=\"28c9e99291\">\n\t\t\n\t<\/div>\n<\/div>\n\t<div class=\"wpb_text_column wpb_content_element\" >\n\t\t<div class=\"wpb_wrapper\">\n\t\t\t<p><img loading=\"lazy\" decoding=\"async\" class=\"alignnone size-full wp-image-3689\" src=\"https:\/\/southbourneschool.co.uk\/wp-content\/uploads\/2025\/10\/Junior-summer-timetable-2026.png\" alt=\"2026 Yaz Okulu Ders Program\u0131\" width=\"1512\" height=\"722\" srcset=\"https:\/\/southbourneschool.co.uk\/wp-content\/uploads\/2025\/10\/Junior-summer-timetable-2026.png 1512w, https:\/\/southbourneschool.co.uk\/wp-content\/uploads\/2025\/10\/Junior-summer-timetable-2026-300x143.png 300w, https:\/\/southbourneschool.co.uk\/wp-content\/uploads\/2025\/10\/Junior-summer-timetable-2026-1024x489.png 1024w, https:\/\/southbourneschool.co.uk\/wp-content\/uploads\/2025\/10\/Junior-summer-timetable-2026-18x9.png 18w\" sizes=\"auto, (max-width: 1512px) 100vw, 1512px\" \/><\/p>\n\n\t\t<\/div>\n\t<\/div>\n<a href=\"\/wp-content\/uploads\/2025\/12\/Junior-Summer-Programme-2026-8-weeks.pdf\" class=\"wh-button vc_custom_1768900798358  scp_theme_button-9798e73c3134cf9cb90892718320fca7\" target=\"_blank\">2026 Gen\u00e7lik Yaz Program\u0131<\/a><section class=\"vc_cta3-container\"><div class=\"vc_general vc_cta3 vc_cta3-style-classic vc_cta3-shape-rounded vc_cta3-align-left vc_cta3-color-classic vc_cta3-icon-size-md vc_cta3-actions-bottom\"><div class=\"vc_cta3_content-container\"><div class=\"vc_cta3-content\"><header class=\"vc_cta3-content-header\"><h2>24 saat i\u00e7inde kurs fiyat teklifi al\u0131n!<\/h2><\/header><p>Teklif talebi formumuzu doldurun, size \u00f6zel teklifimizi 24 saat i\u00e7inde e-posta veya WhatsApp \u00fczerinden iletece\u011fiz.<\/p>\n<\/div><div class=\"vc_cta3-actions\"><div class=\"vc_btn3-container vc_btn3-inline\" ><a class=\"vc_general vc_btn3 vc_btn3-size-md vc_btn3-shape-rounded vc_btn3-style-modern vc_btn3-color-success\" href=\"https:\/\/southbourneschool.co.uk\/tr\/teklif-isteyin\/\" title=\"Teklif \u0130steyin\">Fiyat teklifi isteyin<\/a><\/div><\/div><\/div><\/div><\/section><\/div><\/div><\/div><div class=\"wpb_column vc_column_container vc_col-sm-4 vc_col-sm-offset-1 vc_hidden-xs\"><div class=\"vc_column-inner\"><div class=\"wpb_wrapper\"><div  class=\"vc_wp_custommenu wpb_content_element child-page-menu\"><div class=\"widget widget_nav_menu\"><div class=\"menu-language-course-child-menu-container\"><ul id=\"menu-language-course-child-menu\" class=\"menu\"><li id=\"menu-item-794\" class=\"menu-item menu-item-type-post_type menu-item-object-page menu-item-has-children menu-item-794 msm-top-level-item\"><a href=\"https:\/\/southbourneschool.co.uk\/tr\/english-courses\/\">\u0130ngilizce Kurslar\u0131<\/a>\n<ul class=\"sub-menu\">\n\t<li id=\"menu-item-3297\" class=\"menu-item menu-item-type-post_type menu-item-object-page menu-item-3297\"><a href=\"https:\/\/southbourneschool.co.uk\/tr\/request-a-quote\/\">Teklif \u0130steyin<\/a><\/li>\n\t<li id=\"menu-item-646\" class=\"menu-item menu-item-type-post_type menu-item-object-page menu-item-646\"><a href=\"https:\/\/southbourneschool.co.uk\/tr\/english-courses\/how-to-book-your-english-course\/\">\u0130ngilizce Kursunuz \u0130\u00e7in Nas\u0131l Rezervasyon Yapt\u0131rabilirsiniz?<\/a><\/li>\n\t<li id=\"menu-item-384\" class=\"menu-item menu-item-type-post_type menu-item-object-page menu-item-has-children menu-item-384\"><a href=\"https:\/\/southbourneschool.co.uk\/tr\/english-courses\/adult-language-courses\/\">Yeti\u015fkin \u0130ngilizce Kurslar\u0131<\/a>\n\t<ul class=\"sub-menu\">\n\t\t<li id=\"menu-item-383\" class=\"menu-item menu-item-type-post_type menu-item-object-page menu-item-383\"><a href=\"https:\/\/southbourneschool.co.uk\/tr\/english-courses\/adult-language-courses\/general-intensive\/\">Genel ve Yo\u011fun \u0130ngilizce Kurslar\u0131<\/a><\/li>\n\t\t<li id=\"menu-item-394\" class=\"menu-item menu-item-type-post_type menu-item-object-page menu-item-394\"><a href=\"https:\/\/southbourneschool.co.uk\/tr\/english-courses\/adult-language-courses\/one-to-one-english\/\">Birebir \u0130ngilizce Kurslar\u0131<\/a><\/li>\n\t\t<li id=\"menu-item-1039\" class=\"menu-item menu-item-type-post_type menu-item-object-page menu-item-1039\"><a href=\"https:\/\/southbourneschool.co.uk\/tr\/english-courses\/adult-language-courses\/summer-vacation-courses\/\">Yeti\u015fkin Yaz \u0130ngilizce Kurslar\u0131 (16+ Ya\u015f)<\/a><\/li>\n\t\t<li id=\"menu-item-1038\" class=\"menu-item menu-item-type-post_type menu-item-object-page menu-item-1038\"><a href=\"https:\/\/southbourneschool.co.uk\/tr\/english-courses\/adult-language-courses\/examination-courses\/\">Cambridge \u0130ngilizce S\u0131nav Kurslar\u0131<\/a><\/li>\n\t<\/ul>\n<\/li>\n\t<li id=\"menu-item-618\" class=\"menu-item menu-item-type-post_type menu-item-object-page menu-item-has-children menu-item-618\"><a href=\"https:\/\/southbourneschool.co.uk\/tr\/english-courses\/junior-language-courses\/\">Junior \u0130ngilizce Kurslar\u0131<\/a>\n\t<ul class=\"sub-menu\">\n\t\t<li id=\"menu-item-633\" class=\"menu-item menu-item-type-post_type menu-item-object-page menu-item-633\"><a href=\"https:\/\/southbourneschool.co.uk\/tr\/english-courses\/junior-language-courses\/summer-courses\/\">Junior Yaz \u0130ngilizce Kurslar\u0131 (9-15 Ya\u015f)<\/a><\/li>\n\t\t<li id=\"menu-item-1055\" class=\"menu-item menu-item-type-post_type menu-item-object-page menu-item-1055\"><a href=\"https:\/\/southbourneschool.co.uk\/tr\/english-courses\/junior-language-courses\/year-round-group-courses\/\">Grup \u0130ngilizce Kurslar\u0131 (Y\u0131l Boyu)<\/a><\/li>\n\t<\/ul>\n<\/li>\n\t<li id=\"menu-item-647\" class=\"menu-item menu-item-type-post_type menu-item-object-page menu-item-647\"><a href=\"https:\/\/southbourneschool.co.uk\/tr\/english-courses\/guide-to-levels\/\">Seviyeler \u0130\u00e7in Rehber<\/a><\/li>\n<\/ul>\n<\/li>\n<\/ul><\/div><\/div><\/div><\/div><\/div><\/div><\/div>","protected":false},"excerpt":{"rendered":"Junior English Courses (Age 9-15)We run high quality Junior English Courses for students aged 9+ (age 10+ if homestay accommodation is required), accompanied by their own group leader. Junior students can study at our school and live with a host during the summer holidays.Ready to&nbsp;<a href=\"https:\/\/southbourneschool.co.uk\/tr\/english-courses\/junior-language-courses\/\">...<\/a>","protected":false},"author":12312401,"featured_media":0,"parent":791,"menu_order":0,"comment_status":"closed","ping_status":"closed","template":"","meta":{"footnotes":""},"class_list":["post-611","page","type-page","status-publish","hentry","odd"],"yoast_head":"<!-- This site is optimized with the Yoast SEO plugin v27.5 - https:\/\/yoast.com\/product\/yoast-seo-wordpress\/ -->\n<title>Junior English Courses in Bournemouth - Southbourne School of English<\/title>\n<meta name=\"description\" content=\"Our Junior English courses in Bournemouth are for students aged between 9 and 16 during the summer season and includes a fun activity programme!\" \/>\n<meta name=\"robots\" content=\"index, follow, max-snippet:-1, max-image-preview:large, max-video-preview:-1\" \/>\n<link rel=\"canonical\" href=\"https:\/\/southbourneschool.co.uk\/tr\/ingilizce-kurslari\/genc-dil-kurslari\/\" \/>\n<meta property=\"og:locale\" content=\"tr_TR\" \/>\n<meta property=\"og:type\" content=\"article\" \/>\n<meta property=\"og:title\" content=\"Junior English Courses in Bournemouth - Southbourne School of English\" \/>\n<meta property=\"og:description\" content=\"Our Junior English courses in Bournemouth are for students aged between 9 and 16 during the summer season and includes a fun activity programme!\" \/>\n<meta property=\"og:url\" content=\"https:\/\/southbourneschool.co.uk\/tr\/ingilizce-kurslari\/genc-dil-kurslari\/\" \/>\n<meta property=\"og:site_name\" content=\"Southbourne School of English\" \/>\n<meta property=\"article:publisher\" content=\"https:\/\/www.facebook.com\/SouthbourneSchool\/\" \/>\n<meta property=\"article:modified_time\" content=\"2026-03-03T10:18:16+00:00\" \/>\n<meta property=\"og:image\" content=\"https:\/\/southbourneschool.co.uk\/wp-content\/uploads\/2025\/10\/Junior-summer-timetable-2026.png\" \/>\n\t<meta property=\"og:image:width\" content=\"1512\" \/>\n\t<meta property=\"og:image:height\" content=\"722\" \/>\n\t<meta property=\"og:image:type\" content=\"image\/png\" \/>\n<meta name=\"twitter:card\" content=\"summary_large_image\" \/>\n<meta name=\"twitter:site\" content=\"@SouthbourneSofE\" \/>\n<meta name=\"twitter:label1\" content=\"Tahmini okuma s\u00fcresi\" \/>\n\t<meta name=\"twitter:data1\" content=\"2 dakika\" \/>\n<script type=\"application\/ld+json\" class=\"yoast-schema-graph\">{\"@context\":\"https:\\\/\\\/schema.org\",\"@graph\":[{\"@type\":\"WebPage\",\"@id\":\"https:\\\/\\\/southbourneschool.co.uk\\\/english-courses\\\/junior-language-courses\\\/\",\"url\":\"https:\\\/\\\/southbourneschool.co.uk\\\/english-courses\\\/junior-language-courses\\\/\",\"name\":\"Junior English Courses in Bournemouth - Southbourne School of English\",\"isPartOf\":{\"@id\":\"https:\\\/\\\/southbourneschool.co.uk\\\/#website\"},\"primaryImageOfPage\":{\"@id\":\"https:\\\/\\\/southbourneschool.co.uk\\\/english-courses\\\/junior-language-courses\\\/#primaryimage\"},\"image\":{\"@id\":\"https:\\\/\\\/southbourneschool.co.uk\\\/english-courses\\\/junior-language-courses\\\/#primaryimage\"},\"thumbnailUrl\":\"https:\\\/\\\/southbourneschool.co.uk\\\/wp-content\\\/uploads\\\/2025\\\/10\\\/Junior-summer-timetable-2026.png\",\"datePublished\":\"2018-08-16T12:03:22+00:00\",\"dateModified\":\"2026-03-03T10:18:16+00:00\",\"description\":\"Our Junior English courses in Bournemouth are for students aged between 9 and 16 during the summer season and includes a fun activity programme!\",\"breadcrumb\":{\"@id\":\"https:\\\/\\\/southbourneschool.co.uk\\\/english-courses\\\/junior-language-courses\\\/#breadcrumb\"},\"inLanguage\":\"tr\",\"potentialAction\":[{\"@type\":\"ReadAction\",\"target\":[\"https:\\\/\\\/southbourneschool.co.uk\\\/english-courses\\\/junior-language-courses\\\/\"]}]},{\"@type\":\"ImageObject\",\"inLanguage\":\"tr\",\"@id\":\"https:\\\/\\\/southbourneschool.co.uk\\\/english-courses\\\/junior-language-courses\\\/#primaryimage\",\"url\":\"https:\\\/\\\/southbourneschool.co.uk\\\/wp-content\\\/uploads\\\/2025\\\/10\\\/Junior-summer-timetable-2026.png\",\"contentUrl\":\"https:\\\/\\\/southbourneschool.co.uk\\\/wp-content\\\/uploads\\\/2025\\\/10\\\/Junior-summer-timetable-2026.png\"},{\"@type\":\"BreadcrumbList\",\"@id\":\"https:\\\/\\\/southbourneschool.co.uk\\\/english-courses\\\/junior-language-courses\\\/#breadcrumb\",\"itemListElement\":[{\"@type\":\"ListItem\",\"position\":1,\"name\":\"Home\",\"item\":\"https:\\\/\\\/southbourneschool.co.uk\\\/\"},{\"@type\":\"ListItem\",\"position\":2,\"name\":\"English Courses\",\"item\":\"https:\\\/\\\/southbourneschool.co.uk\\\/english-courses\\\/\"},{\"@type\":\"ListItem\",\"position\":3,\"name\":\"Junior English Courses\"}]},{\"@type\":\"WebSite\",\"@id\":\"https:\\\/\\\/southbourneschool.co.uk\\\/#website\",\"url\":\"https:\\\/\\\/southbourneschool.co.uk\\\/\",\"name\":\"Southbourne School of English\",\"description\":\"We make learning English fun. A language school in Bournemouth, ideally located by the sea in a suburb of Bournemouth called Southbourne, one of the UK\u2019s most popular locations for international students.\",\"publisher\":{\"@id\":\"https:\\\/\\\/southbourneschool.co.uk\\\/#organization\"},\"potentialAction\":[{\"@type\":\"SearchAction\",\"target\":{\"@type\":\"EntryPoint\",\"urlTemplate\":\"https:\\\/\\\/southbourneschool.co.uk\\\/?s={search_term_string}\"},\"query-input\":{\"@type\":\"PropertyValueSpecification\",\"valueRequired\":true,\"valueName\":\"search_term_string\"}}],\"inLanguage\":\"tr\"},{\"@type\":\"Organization\",\"@id\":\"https:\\\/\\\/southbourneschool.co.uk\\\/#organization\",\"name\":\"Southbourne School of English\",\"alternateName\":\"SSE\",\"url\":\"https:\\\/\\\/southbourneschool.co.uk\\\/\",\"logo\":{\"@type\":\"ImageObject\",\"inLanguage\":\"tr\",\"@id\":\"https:\\\/\\\/southbourneschool.co.uk\\\/#\\\/schema\\\/logo\\\/image\\\/\",\"url\":\"https:\\\/\\\/southbourneschool.co.uk\\\/wp-content\\\/uploads\\\/2026\\\/01\\\/SSE-60-Year-Anniversary-Logo.png\",\"contentUrl\":\"https:\\\/\\\/southbourneschool.co.uk\\\/wp-content\\\/uploads\\\/2026\\\/01\\\/SSE-60-Year-Anniversary-Logo.png\",\"width\":1964,\"height\":1965,\"caption\":\"Southbourne School of English\"},\"image\":{\"@id\":\"https:\\\/\\\/southbourneschool.co.uk\\\/#\\\/schema\\\/logo\\\/image\\\/\"},\"sameAs\":[\"https:\\\/\\\/www.facebook.com\\\/SouthbourneSchool\\\/\",\"https:\\\/\\\/x.com\\\/SouthbourneSofE\",\"https:\\\/\\\/www.instagram.com\\\/southbourneschoolofenglish\\\/\",\"https:\\\/\\\/www.tiktok.com\\\/@southbourne\",\"https:\\\/\\\/www.youtube.com\\\/@southbourneschoolofenglish4522\"]}]}<\/script>\n<!-- \/ Yoast SEO plugin. -->","yoast_head_json":{"title":"Bournemouth&#039;da Junior \u0130ngilizce Kurslar\u0131 - Southbourne School of English","description":"Bournemouth&#039;daki Junior \u0130ngilizce kurslar\u0131m\u0131z yaz sezonunda 9-16 ya\u015f aras\u0131 \u00f6\u011frencilere y\u00f6neliktir ve e\u011flenceli bir aktivite program\u0131 i\u00e7erir!","robots":{"index":"index","follow":"follow","max-snippet":"max-snippet:-1","max-image-preview":"max-image-preview:large","max-video-preview":"max-video-preview:-1"},"canonical":"https:\/\/southbourneschool.co.uk\/tr\/ingilizce-kurslari\/genc-dil-kurslari\/","og_locale":"tr_TR","og_type":"article","og_title":"Junior English Courses in Bournemouth - Southbourne School of English","og_description":"Our Junior English courses in Bournemouth are for students aged between 9 and 16 during the summer season and includes a fun activity programme!","og_url":"https:\/\/southbourneschool.co.uk\/tr\/ingilizce-kurslari\/genc-dil-kurslari\/","og_site_name":"Southbourne School of English","article_publisher":"https:\/\/www.facebook.com\/SouthbourneSchool\/","article_modified_time":"2026-03-03T10:18:16+00:00","og_image":[{"width":1512,"height":722,"url":"https:\/\/southbourneschool.co.uk\/wp-content\/uploads\/2025\/10\/Junior-summer-timetable-2026.png","type":"image\/png"}],"twitter_card":"summary_large_image","twitter_site":"@SouthbourneSofE","twitter_misc":{"Tahmini okuma s\u00fcresi":"2 dakika"},"schema":{"@context":"https:\/\/schema.org","@graph":[{"@type":"WebPage","@id":"https:\/\/southbourneschool.co.uk\/english-courses\/junior-language-courses\/","url":"https:\/\/southbourneschool.co.uk\/english-courses\/junior-language-courses\/","name":"Bournemouth&#039;da Junior \u0130ngilizce Kurslar\u0131 - Southbourne School of English","isPartOf":{"@id":"https:\/\/southbourneschool.co.uk\/#website"},"primaryImageOfPage":{"@id":"https:\/\/southbourneschool.co.uk\/english-courses\/junior-language-courses\/#primaryimage"},"image":{"@id":"https:\/\/southbourneschool.co.uk\/english-courses\/junior-language-courses\/#primaryimage"},"thumbnailUrl":"https:\/\/southbourneschool.co.uk\/wp-content\/uploads\/2025\/10\/Junior-summer-timetable-2026.png","datePublished":"2018-08-16T12:03:22+00:00","dateModified":"2026-03-03T10:18:16+00:00","description":"Bournemouth&#039;daki Junior \u0130ngilizce kurslar\u0131m\u0131z yaz sezonunda 9-16 ya\u015f aras\u0131 \u00f6\u011frencilere y\u00f6neliktir ve e\u011flenceli bir aktivite program\u0131 i\u00e7erir!","breadcrumb":{"@id":"https:\/\/southbourneschool.co.uk\/english-courses\/junior-language-courses\/#breadcrumb"},"inLanguage":"tr","potentialAction":[{"@type":"ReadAction","target":["https:\/\/southbourneschool.co.uk\/english-courses\/junior-language-courses\/"]}]},{"@type":"ImageObject","inLanguage":"tr","@id":"https:\/\/southbourneschool.co.uk\/english-courses\/junior-language-courses\/#primaryimage","url":"https:\/\/southbourneschool.co.uk\/wp-content\/uploads\/2025\/10\/Junior-summer-timetable-2026.png","contentUrl":"https:\/\/southbourneschool.co.uk\/wp-content\/uploads\/2025\/10\/Junior-summer-timetable-2026.png"},{"@type":"BreadcrumbList","@id":"https:\/\/southbourneschool.co.uk\/english-courses\/junior-language-courses\/#breadcrumb","itemListElement":[{"@type":"ListItem","position":1,"name":"Home","item":"https:\/\/southbourneschool.co.uk\/"},{"@type":"ListItem","position":2,"name":"English Courses","item":"https:\/\/southbourneschool.co.uk\/english-courses\/"},{"@type":"ListItem","position":3,"name":"Junior English Courses"}]},{"@type":"WebSite","@id":"https:\/\/southbourneschool.co.uk\/#website","url":"https:\/\/southbourneschool.co.uk\/","name":"Southbourne \u0130ngilizce Okulu","description":"\u0130ngilizce \u00f6\u011frenmeyi e\u011flenceli hale getiriyoruz. Bournemouth'ta, \u0130ngiltere'nin uluslararas\u0131 \u00f6\u011frenciler i\u00e7in en pop\u00fcler yerlerinden biri olan Southbourne adl\u0131 Bournemouth banliy\u00f6s\u00fcnde deniz kenar\u0131nda ideal bir konumda bulunan bir dil okulu.","publisher":{"@id":"https:\/\/southbourneschool.co.uk\/#organization"},"potentialAction":[{"@type":"SearchAction","target":{"@type":"EntryPoint","urlTemplate":"https:\/\/southbourneschool.co.uk\/?s={search_term_string}"},"query-input":{"@type":"PropertyValueSpecification","valueRequired":true,"valueName":"search_term_string"}}],"inLanguage":"tr"},{"@type":"Organization","@id":"https:\/\/southbourneschool.co.uk\/#organization","name":"Southbourne \u0130ngilizce Okulu","alternateName":"SSE","url":"https:\/\/southbourneschool.co.uk\/","logo":{"@type":"ImageObject","inLanguage":"tr","@id":"https:\/\/southbourneschool.co.uk\/#\/schema\/logo\/image\/","url":"https:\/\/southbourneschool.co.uk\/wp-content\/uploads\/2026\/01\/SSE-60-Year-Anniversary-Logo.png","contentUrl":"https:\/\/southbourneschool.co.uk\/wp-content\/uploads\/2026\/01\/SSE-60-Year-Anniversary-Logo.png","width":1964,"height":1965,"caption":"Southbourne School of English"},"image":{"@id":"https:\/\/southbourneschool.co.uk\/#\/schema\/logo\/image\/"},"sameAs":["https:\/\/www.facebook.com\/SouthbourneSchool\/","https:\/\/x.com\/SouthbourneSofE","https:\/\/www.instagram.com\/southbourneschoolofenglish\/","https:\/\/www.tiktok.com\/@southbourne","https:\/\/www.youtube.com\/@southbourneschoolofenglish4522"]}]}},"featured_image_src":null,"featured_image_src_square":null,"_links":{"self":[{"href":"https:\/\/southbourneschool.co.uk\/tr\/wp-json\/wp\/v2\/pages\/611","targetHints":{"allow":["GET"]}}],"collection":[{"href":"https:\/\/southbourneschool.co.uk\/tr\/wp-json\/wp\/v2\/pages"}],"about":[{"href":"https:\/\/southbourneschool.co.uk\/tr\/wp-json\/wp\/v2\/types\/page"}],"author":[{"embeddable":true,"href":"https:\/\/southbourneschool.co.uk\/tr\/wp-json\/wp\/v2\/users\/12312401"}],"replies":[{"embeddable":true,"href":"https:\/\/southbourneschool.co.uk\/tr\/wp-json\/wp\/v2\/comments?post=611"}],"version-history":[{"count":0,"href":"https:\/\/southbourneschool.co.uk\/tr\/wp-json\/wp\/v2\/pages\/611\/revisions"}],"up":[{"embeddable":true,"href":"https:\/\/southbourneschool.co.uk\/tr\/wp-json\/wp\/v2\/pages\/791"}],"wp:attachment":[{"href":"https:\/\/southbourneschool.co.uk\/tr\/wp-json\/wp\/v2\/media?parent=611"}],"curies":[{"name":"wp","href":"https:\/\/api.w.org\/{rel}","templated":true}]}}